{"id":10059,"date":"2023-09-25T10:55:02","date_gmt":"2023-09-25T07:55:02","guid":{"rendered":"https:\/\/muraste.ee\/vana\/?page_id=10059"},"modified":"2023-09-25T10:55:02","modified_gmt":"2023-09-25T07:55:02","slug":"nadal-39-6","status":"publish","type":"page","link":"https:\/\/muraste.ee\/vana\/?page_id=10059","title":{"rendered":"N\u00e4dal 39"},"content":{"rendered":"\n<p><img decoding=\"async\" loading=\"lazy\" width=\"624\" height=\"416\" src=\"https:\/\/muraste.ee\/vana\/wp-content\/uploads\/2023\/09\/chose-4473945_1280-624x416.jpg\" alt=\"\" srcset=\"https:\/\/muraste.ee\/vana\/wp-content\/uploads\/2023\/09\/chose-4473945_1280-624x416.jpg 624w, https:\/\/muraste.ee\/vana\/wp-content\/uploads\/2023\/09\/chose-4473945_1280-300x200.jpg 300w, https:\/\/muraste.ee\/vana\/wp-content\/uploads\/2023\/09\/chose-4473945_1280-1024x682.jpg 1024w, https:\/\/muraste.ee\/vana\/wp-content\/uploads\/2023\/09\/chose-4473945_1280-768x512.jpg 768w, https:\/\/muraste.ee\/vana\/wp-content\/uploads\/2023\/09\/chose-4473945_1280.jpg 1280w\"><\/p>\n\n\n\n<h1 class=\"wp-block-heading\">N\u00e4dal 39.<\/h1>\n\n\n\n<p>Tere, armas Muraste! Ahoi, v\u00f5tame viimast veel ilusatest ilmadest, k\u00e4ime ujumas ja l\u00f5putult seeni on metsad veel t\u00e4is. Muraste k\u00fclaseltsis saab reede \u00f5htuti vaadata uusi eesti filme. V\u00e4ike meenutus Hardi Volmeri uuest dokfilmist. Oli t\u00f5esti p\u00f5nev, kajastati l\u00e4bi Hardi lapsep\u00f5lve meie ajalugu, tundsime nostalgiat ja nalja sai ka.<\/p>\n\n\n\n<p>\u00c4ra unusta korstnap\u00fchkijat kutsuda!<\/p>\n\n\n\n<figure class=\"wp-block-image\"><a href=\"https:\/\/muraste.ee\/vana\/wp-content\/uploads\/2023\/09\/Nimetu-kujundus.jpg\"><img decoding=\"async\" loading=\"lazy\" width=\"1024\" height=\"724\" src=\"https:\/\/muraste.ee\/vana\/wp-content\/uploads\/2023\/09\/Nimetu-kujundus-1024x724.jpg\" alt=\"\" class=\"wp-image-10047\" srcset=\"https:\/\/muraste.ee\/vana\/wp-content\/uploads\/2023\/09\/Nimetu-kujundus-1024x724.jpg 1024w, https:\/\/muraste.ee\/vana\/wp-content\/uploads\/2023\/09\/Nimetu-kujundus-300x212.jpg 300w, https:\/\/muraste.ee\/vana\/wp-content\/uploads\/2023\/09\/Nimetu-kujundus-768x543.jpg 768w, https:\/\/muraste.ee\/vana\/wp-content\/uploads\/2023\/09\/Nimetu-kujundus-1536x1086.jpg 1536w, https:\/\/muraste.ee\/vana\/wp-content\/uploads\/2023\/09\/Nimetu-kujundus-2048x1448.jpg 2048w, https:\/\/muraste.ee\/vana\/wp-content\/uploads\/2023\/09\/Nimetu-kujundus-624x441.jpg 624w\" sizes=\"(max-width: 1024px) 100vw, 1024px\" \/><\/a><\/figure>\n\n\n\n<figure class=\"wp-block-image\"><a href=\"https:\/\/muraste.ee\/vana\/wp-content\/uploads\/2023\/09\/Neeme-Jarvi.jpg\"><img decoding=\"async\" loading=\"lazy\" width=\"724\" height=\"1024\" src=\"https:\/\/muraste.ee\/vana\/wp-content\/uploads\/2023\/09\/Neeme-Jarvi-724x1024.jpg\" alt=\"\" class=\"wp-image-9985\" srcset=\"https:\/\/muraste.ee\/vana\/wp-content\/uploads\/2023\/09\/Neeme-Jarvi-724x1024.jpg 724w, https:\/\/muraste.ee\/vana\/wp-content\/uploads\/2023\/09\/Neeme-Jarvi-212x300.jpg 212w, https:\/\/muraste.ee\/vana\/wp-content\/uploads\/2023\/09\/Neeme-Jarvi-768x1086.jpg 768w, https:\/\/muraste.ee\/vana\/wp-content\/uploads\/2023\/09\/Neeme-Jarvi-1086x1536.jpg 1086w, https:\/\/muraste.ee\/vana\/wp-content\/uploads\/2023\/09\/Neeme-Jarvi-1448x2048.jpg 1448w, https:\/\/muraste.ee\/vana\/wp-content\/uploads\/2023\/09\/Neeme-Jarvi-624x883.jpg 624w, https:\/\/muraste.ee\/vana\/wp-content\/uploads\/2023\/09\/Neeme-Jarvi.jpg 1587w\" sizes=\"(max-width: 724px) 100vw, 724px\" \/><\/a><\/figure>\n\n\n\n<p><strong>NEEME J\u00c4RVI. Muusika \u00fcle k\u00f5ige<\/strong><\/p>\n\n\n\n<p><strong>UUS SARI: V\u00c4\u00c4RIKATE KINO \u2013 mis hakkab linastama v\u00e4\u00e4rt- ja dokumentaal filme.<\/strong><\/p>\n\n\n\n<p>Pilet eelm\u00fc\u00fcgist:&nbsp;<a href=\"https:\/\/visitharku.com\/sundmus\/vaarikate-kino-neeme-jarvi--muusika-ule-koige.html?fbclid=IwAR3x4fB86KiRuvHypv0Ow-HfX2gP0igX5ODb6KQsKytRGfgEVVGDHPMa0w8\" rel=\"noreferrer noopener\" target=\"_blank\">https:\/\/visitharku.com\/\u2026\/vaarikate-kino-neeme-jarvi\u2026<\/a><\/p>\n\n\n\n<p>Neeme J\u00e4rvi on \u00fcks enim plaadistanud dirigente v\u00f5i koguni muusikuid maailmas. Tema nimi figureerib enam kui poole tuhande heliplaadi esikaanel, lisaks veel sadakond helikandjat, millel ta on \u00fcks paljudest tegijatest. \u201cKui sa m\u00f5tled v\u00e4ikselt, ei saa sa teha suurt muusikat.\u201d \u00fctleb selle kohta Neeme J\u00e4rvi. Lisaks rahvusvahelisele haardele ning mitmete maailma orkestrite peadirigendiks olemisele on tal aga ka missioon kultuurisaadikuna.<br>Film j\u00e4lgib rahvusvaheliselt tunnustatud ja rahva poolt armastatud Neeme J\u00e4rvit tema viimase nelja aasta tegemistel nii Eestis kui ka Prahas, Viinis, Glasgows ja Ameerikas. Neeme olemust avavad tema perekonnaliikmed ja s\u00f5brad ning temaga kontsertidel \u00fcles astunud muusikud Nicola Benedetti, Catriona Morison, Thomas Hampson, Joshua Bell jpt.<\/p>\n\n\n\n<p>Re\u017eiss\u00f6\u00f6r: Erik Norkroos<br>Tootja: Umberto &amp; Ko<br>Treiler:&nbsp;<a rel=\"noreferrer noopener\" href=\"https:\/\/l.facebook.com\/l.php?u=https%3A%2F%2Fwww.youtube.com%2Fwatch%3Fv%3DpFlGWKqiLLE%26fbclid%3DIwAR3x4fB86KiRuvHypv0Ow-HfX2gP0igX5ODb6KQsKytRGfgEVVGDHPMa0w8&amp;h=AT0SA59iL9Q39dwGsRAlwbSwzzpv4hYMh3hUXwHzCXKBJVJcqiEYWQpRBhnDcfR3PMwU36ogkYc1PLjykSQEUXrwrSUVDp-2TRvufSKXeBNXLyS1DvDQlHo0B6dnvaUTUOlA&amp;__tn__=q&amp;c[0]=AT2BmDU_VEAGoU3qjCLMLSPAPRCqIkvrAtLSSEUa5wJM2sO0RgjqlIQysrIA6WVDq2avkDJmcZajl-5tHxaSMnN7POIOHfG-IIit3molj9H_d1R_IWYizFtNrITahsGCs0-J14a-G4nKVdAN1jjrvx4T6z5n\" target=\"_blank\">https:\/\/www.youtube.com\/watch?v=pFlGWKqiLLE<\/a>&nbsp;<\/p>\n\n\n\n<figure class=\"wp-block-image\"><a href=\"https:\/\/muraste.ee\/vana\/wp-content\/uploads\/2023\/09\/Kaunitar-ja-koletis.png\"><img decoding=\"async\" loading=\"lazy\" width=\"724\" height=\"1024\" src=\"https:\/\/muraste.ee\/vana\/wp-content\/uploads\/2023\/09\/Kaunitar-ja-koletis-724x1024.png\" alt=\"\" class=\"wp-image-10049\" srcset=\"https:\/\/muraste.ee\/vana\/wp-content\/uploads\/2023\/09\/Kaunitar-ja-koletis-724x1024.png 724w, https:\/\/muraste.ee\/vana\/wp-content\/uploads\/2023\/09\/Kaunitar-ja-koletis-212x300.png 212w, https:\/\/muraste.ee\/vana\/wp-content\/uploads\/2023\/09\/Kaunitar-ja-koletis-768x1086.png 768w, https:\/\/muraste.ee\/vana\/wp-content\/uploads\/2023\/09\/Kaunitar-ja-koletis-1086x1536.png 1086w, https:\/\/muraste.ee\/vana\/wp-content\/uploads\/2023\/09\/Kaunitar-ja-koletis-1448x2048.png 1448w, https:\/\/muraste.ee\/vana\/wp-content\/uploads\/2023\/09\/Kaunitar-ja-koletis-624x883.png 624w, https:\/\/muraste.ee\/vana\/wp-content\/uploads\/2023\/09\/Kaunitar-ja-koletis.png 1587w\" sizes=\"(max-width: 724px) 100vw, 724px\" \/><\/a><\/figure>\n\n\n\n<p><strong>VIIMAST KORDA!<\/strong><\/p>\n\n\n\n<p>Muraste k\u00fclaseltsi Nimetu N\u00e4item\u00e4nguseltskond, Anne Veesaare juhtimisel, esitab Porikuu Festivali raames kogupereetenduse viimast korada:<br>KAUNITAR ja KOLETIS<br>Avatud KOHVIK (maksmine sularahas)<br>Kaunite kost\u00fc\u00fcmide ja v\u00f5rratu n\u00e4itlejat\u00f6\u00f6ga etendus oli t\u00e4is v\u00e4ikeste teatrihuviliste naerukilkeid ning vanemale publikule meeldis etendus \u00fcliv\u00f5rdes.<br><a href=\"https:\/\/www.facebook.com\/MurasteKylaselts\/videos\/1668493583603903\/?__cft__[0]=AZUHVvyBDzXTq5aCTOrl1AilAPbBFvc8kpuHiohJyIDuOSM7ZCK6tzOSCbCziBpLY5S-4IWzi5m7X76JY2SR1RcMUvj-5yIyJF1fQMMtW4N9plRRP25zYp34bmqea3vBhd0&amp;__tn__=q\">https:\/\/www.facebook.com\/MurasteKylaselts\/videos\/1668493583603903<\/a><\/p>\n\n\n\n<p>Kaunitar Belle on armas ja heatahtlik neiu, kes satub elama kaugesse lossi, kus k\u00f5ik ei ole nii, nagu ta harjunud on. Lossi valitseb koletis, tema teenijaskond on pisut veider ja tagasiteed lossist koju juba naljalt ei leia. Kas ka seekord v\u00f5idab armastus needuse v\u00f5i koletis j\u00e4\u00e4b koletiseks? Seda saad sa ainult siis teada, kui tuled vaatama Anne Veesaare lavastatud \u201eKaunitari ja koletist\u201c meie oma Muraste Nimetu N\u00e4item\u00e4nguseltskonna ja Muraste Kooli n\u00e4iteringi laste esituses 1. oktoobril kell 14.00 Muraste koolimajas. Viimast korda!<br>Dramaturg ja lavastaja: Anne Veesaar<br>M\u00e4ngivad:<br>Belle \u2013 Evelin Tiirik<br>Koletis \u2013 Rainer Tsirk<br>Prints \u2013 Karel Alamaa<br>Teener\/K\u00fc\u00fcnlajalg \u2013 Urmo Lamp<br>\u00d5ukonnadaam\/Tolmuhari \u2013 Pille Lamp<br>\u00d5ukonnadaam\/Teekann \u2013 \u00dclle Jurtom<br>Kerjusnaine \u2013 Katrin Pebsen-Zachrau<br>Kaupmees \u2013 Armand Danilson<br>1. \u00f5de \u2013 Veronica Pebsen-Zachrau<br>2. \u00f5de \u2013 Anete Niinemets<br>1.turum\u00fc\u00fcja \u2013 Tessa Tsirk<br>2.turum\u00fc\u00fcja \u2013 Nora Lee Adamson<br>3.turum\u00fc\u00fcja \u2013 Marili Kurviste<br>4.turum\u00fc\u00fcja \u2013 Jakob J\u00e4rvam\u00e4gi<br>Heli ja valgus: Sebastian Pebsen-Zachrau, Eliise Liisa Lepp<br>Lossi p\u00e4\u00e4seb 8kuldm\u00fcndi eest<br>Kui kuldm\u00fcnte pole, v\u00f5ib pakkuda ka euroraha.<br>Vaata kogu PORIKUU FESTIVALI kava:&nbsp;<a href=\"https:\/\/www.porikuu.ee\/?fbclid=IwAR2veOh13ETwj-6ZG7NLykPcX-UBqD-JMl2tv9o2HrmChV6iSzsXqnasTlc\" rel=\"noreferrer noopener\" target=\"_blank\">https:\/\/www.porikuu.ee\/<\/a><\/p>\n\n\n\n<figure class=\"wp-block-image\"><a href=\"https:\/\/muraste.ee\/vana\/wp-content\/uploads\/2023\/09\/huumur-1.jpg\"><img decoding=\"async\" loading=\"lazy\" width=\"724\" height=\"1024\" src=\"https:\/\/muraste.ee\/vana\/wp-content\/uploads\/2023\/09\/huumur-1-724x1024.jpg\" alt=\"\" class=\"wp-image-10019\" srcset=\"https:\/\/muraste.ee\/vana\/wp-content\/uploads\/2023\/09\/huumur-1-724x1024.jpg 724w, https:\/\/muraste.ee\/vana\/wp-content\/uploads\/2023\/09\/huumur-1-212x300.jpg 212w, https:\/\/muraste.ee\/vana\/wp-content\/uploads\/2023\/09\/huumur-1-768x1086.jpg 768w, https:\/\/muraste.ee\/vana\/wp-content\/uploads\/2023\/09\/huumur-1-1086x1536.jpg 1086w, https:\/\/muraste.ee\/vana\/wp-content\/uploads\/2023\/09\/huumur-1-1448x2048.jpg 1448w, https:\/\/muraste.ee\/vana\/wp-content\/uploads\/2023\/09\/huumur-1-624x883.jpg 624w, https:\/\/muraste.ee\/vana\/wp-content\/uploads\/2023\/09\/huumur-1.jpg 1587w\" sizes=\"(max-width: 724px) 100vw, 724px\" \/><\/a><\/figure>\n\n\n\n<p><strong>HUUMURI\u00d5HTA \u2013 ans. \u201cMinu isa oli ausus ise\u201d ja Rohke Debelakk<\/strong><\/p>\n\n\n\n<p>Huumor on parim ravim s\u00fcgiskaamose vastu.<br>Porikuu Huumuri\u00f5htal astuvad \u00fcles Eesti tuntud naljamahed Gaute Kivistik ja Margo Mitt.<br>Porikuu libauudiseid loeb Rohke Debelakk ja muusikalisi vahapalasid esitab vokaalansambel \u201cMinu isa oli ausus ise\u201d. Humoorikaid v\u00e4itlusi esitavad Eesti naljamehed Gaute Kivistik ja Margo Mitt<br><strong>Avaud on puhvet.<br>Pilet eelm\u00fc\u00fcgist 15.00 eu<\/strong>r :&nbsp;<a rel=\"noreferrer noopener\" href=\"https:\/\/pilet.pro\/toode\/huumoriohta\/?fbclid=IwAR10vS1jNIsMr9QWhOAjRkHfR4W7rC58CWBU_4x8geY0NHjGE-gFj8oz4ns\" target=\"_blank\">https:\/\/pilet.pro\/toode\/huumoriohta\/<\/a><br><strong>Kohapeal 20.00 eur sularahas.<\/strong><br>Vaata kogu Porikuu festivali kava:&nbsp;<a rel=\"noreferrer noopener\" href=\"https:\/\/www.porikuu.ee\/?fbclid=IwAR3r9gDzQlVhg0nQJukdq58RnE9rKCKhvTmPQD6iv8kUqn8RMrB_SGoJIsM\" target=\"_blank\">https:\/\/www.porikuu.ee\/<\/a><\/p>\n\n\n\n<p><strong>\u00d5PITOAD OKTOOBRIS<\/strong><\/p>\n\n\n\n<figure class=\"wp-block-image\"><a href=\"https:\/\/muraste.ee\/vana\/wp-content\/uploads\/2023\/09\/Porikuu-Ajuragin-JPG.jpg\"><img decoding=\"async\" loading=\"lazy\" width=\"1024\" height=\"724\" src=\"https:\/\/muraste.ee\/vana\/wp-content\/uploads\/2023\/09\/Porikuu-Ajuragin-JPG-1024x724.jpg\" alt=\"\" class=\"wp-image-10053\" srcset=\"https:\/\/muraste.ee\/vana\/wp-content\/uploads\/2023\/09\/Porikuu-Ajuragin-JPG-1024x724.jpg 1024w, https:\/\/muraste.ee\/vana\/wp-content\/uploads\/2023\/09\/Porikuu-Ajuragin-JPG-300x212.jpg 300w, https:\/\/muraste.ee\/vana\/wp-content\/uploads\/2023\/09\/Porikuu-Ajuragin-JPG-768x543.jpg 768w, https:\/\/muraste.ee\/vana\/wp-content\/uploads\/2023\/09\/Porikuu-Ajuragin-JPG-1536x1086.jpg 1536w, https:\/\/muraste.ee\/vana\/wp-content\/uploads\/2023\/09\/Porikuu-Ajuragin-JPG-2048x1448.jpg 2048w, https:\/\/muraste.ee\/vana\/wp-content\/uploads\/2023\/09\/Porikuu-Ajuragin-JPG-624x441.jpg 624w\" sizes=\"(max-width: 1024px) 100vw, 1024px\" \/><\/a><\/figure>\n\n\n\n<p><strong>T\u00c4HELEPANU MURASTE!<\/strong><\/p>\n\n\n\n<p>Kellel on soov ajusid ragistada, pane end kirja.<\/p>\n\n\n\n<p>V\u00f5istkonnad on 4-liikmelised.<\/p>\n\n\n\n<p>Moodustame Muraste v\u00f5istkonna!<\/p>\n\n\n\n<p>Kirja saab panna SIIN:<\/p>\n\n\n\n<figure class=\"wp-block-embed\"><div class=\"wp-block-embed__wrapper\">\nhttps:\/\/docs.google.com\/\u2026\/1FAIpQLScau7emRjZVYV\u2026\/viewform\n<\/div><\/figure>\n\n\n\n<figure class=\"wp-block-image\"><a href=\"https:\/\/muraste.ee\/vana\/wp-content\/uploads\/2023\/09\/Suured-paberlilled.jpg\"><img decoding=\"async\" loading=\"lazy\" width=\"1024\" height=\"724\" src=\"https:\/\/muraste.ee\/vana\/wp-content\/uploads\/2023\/09\/Suured-paberlilled-1024x724.jpg\" alt=\"\" class=\"wp-image-10033\" srcset=\"https:\/\/muraste.ee\/vana\/wp-content\/uploads\/2023\/09\/Suured-paberlilled-1024x724.jpg 1024w, https:\/\/muraste.ee\/vana\/wp-content\/uploads\/2023\/09\/Suured-paberlilled-300x212.jpg 300w, https:\/\/muraste.ee\/vana\/wp-content\/uploads\/2023\/09\/Suured-paberlilled-768x543.jpg 768w, https:\/\/muraste.ee\/vana\/wp-content\/uploads\/2023\/09\/Suured-paberlilled-1536x1086.jpg 1536w, https:\/\/muraste.ee\/vana\/wp-content\/uploads\/2023\/09\/Suured-paberlilled-2048x1448.jpg 2048w, https:\/\/muraste.ee\/vana\/wp-content\/uploads\/2023\/09\/Suured-paberlilled-624x441.jpg 624w\" sizes=\"(max-width: 1024px) 100vw, 1024px\" \/><\/a><\/figure>\n\n\n\n<p><strong>Suured paberlilled<\/strong><br>osalustasu: 30.00 eur, hinna sisse kuuluvad materjalid.<br><strong>Vajalik on eelnev registreerimine: muraste@muraste.ee<\/strong><\/p>\n\n\n\n<p>Paberlillede tegemine ei ole raske ja ei vaja palju eeldusi, kuid ilma juhendamiseta keerukamad lilled h\u00e4sti v\u00e4lja ei tule. \u00dcrituste, s\u00fcnnip\u00e4evade, pulmade korraldamisel, isegi kodude kaunistamiseks kasutatakse t\u00e4nap\u00e4eval tihti just suuri paberlilli. Suurte kaunite lilledega saab teha pomp\u00f6\u00f6sseid kimpe ja kaunistada suuri pindu, moodustada kodustel pidudel kena fotonurk v\u00f5i hoopis kaunistada lastetuba.<\/p>\n\n\n\n<p><strong>\u00d5pituba toimub kohtade t\u00e4itumisel.<\/strong><\/p>\n\n\n\n<figure class=\"wp-block-image\"><a href=\"https:\/\/muraste.ee\/vana\/wp-content\/uploads\/2023\/09\/aiahoolduse-aastaring.jpg\"><img decoding=\"async\" loading=\"lazy\" width=\"724\" height=\"1024\" src=\"https:\/\/muraste.ee\/vana\/wp-content\/uploads\/2023\/09\/aiahoolduse-aastaring-724x1024.jpg\" alt=\"\" class=\"wp-image-10034\" srcset=\"https:\/\/muraste.ee\/vana\/wp-content\/uploads\/2023\/09\/aiahoolduse-aastaring-724x1024.jpg 724w, https:\/\/muraste.ee\/vana\/wp-content\/uploads\/2023\/09\/aiahoolduse-aastaring-212x300.jpg 212w, https:\/\/muraste.ee\/vana\/wp-content\/uploads\/2023\/09\/aiahoolduse-aastaring-768x1086.jpg 768w, https:\/\/muraste.ee\/vana\/wp-content\/uploads\/2023\/09\/aiahoolduse-aastaring-1086x1536.jpg 1086w, https:\/\/muraste.ee\/vana\/wp-content\/uploads\/2023\/09\/aiahoolduse-aastaring-1448x2048.jpg 1448w, https:\/\/muraste.ee\/vana\/wp-content\/uploads\/2023\/09\/aiahoolduse-aastaring-624x883.jpg 624w, https:\/\/muraste.ee\/vana\/wp-content\/uploads\/2023\/09\/aiahoolduse-aastaring.jpg 1587w\" sizes=\"(max-width: 724px) 100vw, 724px\" \/><\/a><\/figure>\n\n\n\n<p><strong>Aiahoolduse aastaring<br>osaluspanus: 25.00 eur<\/strong><\/p>\n\n\n\n<p><strong>Vajalik eelregisreerimine: muraste@muraste.ee<\/strong><br><strong>\u00d5pituba toimub kohtade t\u00e4itumisel.<\/strong><\/p>\n\n\n\n<p>Mis tegevusi ja millal teha \u2013 talv, kevad, suvi, s\u00fcgis. Puude ja p\u00f5\u00f5saste l\u00f5ikamine (hooldusl\u00f5ikus, noorendusl\u00f5ikus), p\u00fcsikute hooldus, istutamine, v\u00e4etamine, muru hooldus. Hoolduse peamised vead. Osaleja saab endale teha aiahoolduse kalendri vastavalt oma aiale ja taimedele<\/p>\n\n\n\n<figure class=\"wp-block-image\"><a href=\"https:\/\/muraste.ee\/vana\/wp-content\/uploads\/2023\/09\/UUS.jpg\"><img decoding=\"async\" loading=\"lazy\" width=\"724\" height=\"1024\" src=\"https:\/\/muraste.ee\/vana\/wp-content\/uploads\/2023\/09\/UUS-724x1024.jpg\" alt=\"\" class=\"wp-image-9998\" srcset=\"https:\/\/muraste.ee\/vana\/wp-content\/uploads\/2023\/09\/UUS-724x1024.jpg 724w, https:\/\/muraste.ee\/vana\/wp-content\/uploads\/2023\/09\/UUS-212x300.jpg 212w, https:\/\/muraste.ee\/vana\/wp-content\/uploads\/2023\/09\/UUS-768x1086.jpg 768w, https:\/\/muraste.ee\/vana\/wp-content\/uploads\/2023\/09\/UUS-1086x1536.jpg 1086w, https:\/\/muraste.ee\/vana\/wp-content\/uploads\/2023\/09\/UUS-1448x2048.jpg 1448w, https:\/\/muraste.ee\/vana\/wp-content\/uploads\/2023\/09\/UUS-624x883.jpg 624w, https:\/\/muraste.ee\/vana\/wp-content\/uploads\/2023\/09\/UUS.jpg 1587w\" sizes=\"(max-width: 724px) 100vw, 724px\" \/><\/a><\/figure>\n\n\n\n<figure class=\"wp-block-image\"><a href=\"https:\/\/muraste.ee\/vana\/wp-content\/uploads\/2023\/09\/Korstnapuhkija.jpg\"><img decoding=\"async\" loading=\"lazy\" width=\"724\" height=\"1024\" src=\"https:\/\/muraste.ee\/vana\/wp-content\/uploads\/2023\/09\/Korstnapuhkija-724x1024.jpg\" alt=\"\" class=\"wp-image-9989\" srcset=\"https:\/\/muraste.ee\/vana\/wp-content\/uploads\/2023\/09\/Korstnapuhkija-724x1024.jpg 724w, https:\/\/muraste.ee\/vana\/wp-content\/uploads\/2023\/09\/Korstnapuhkija-212x300.jpg 212w, https:\/\/muraste.ee\/vana\/wp-content\/uploads\/2023\/09\/Korstnapuhkija-768x1086.jpg 768w, https:\/\/muraste.ee\/vana\/wp-content\/uploads\/2023\/09\/Korstnapuhkija-1086x1536.jpg 1086w, https:\/\/muraste.ee\/vana\/wp-content\/uploads\/2023\/09\/Korstnapuhkija-1448x2048.jpg 1448w, https:\/\/muraste.ee\/vana\/wp-content\/uploads\/2023\/09\/Korstnapuhkija-624x883.jpg 624w, https:\/\/muraste.ee\/vana\/wp-content\/uploads\/2023\/09\/Korstnapuhkija.jpg 1587w\" sizes=\"(max-width: 724px) 100vw, 724px\" \/><\/a><\/figure>\n\n\n\n<figure class=\"wp-block-image\"><a href=\"https:\/\/muraste.ee\/vana\/wp-content\/uploads\/2023\/09\/HUVIRINGID-kodukale.jpg\"><img decoding=\"async\" loading=\"lazy\" width=\"1024\" height=\"1006\" src=\"https:\/\/muraste.ee\/vana\/wp-content\/uploads\/2023\/09\/HUVIRINGID-kodukale-1024x1006.jpg\" alt=\"\" class=\"wp-image-10018\" srcset=\"https:\/\/muraste.ee\/vana\/wp-content\/uploads\/2023\/09\/HUVIRINGID-kodukale-1024x1006.jpg 1024w, https:\/\/muraste.ee\/vana\/wp-content\/uploads\/2023\/09\/HUVIRINGID-kodukale-300x295.jpg 300w, https:\/\/muraste.ee\/vana\/wp-content\/uploads\/2023\/09\/HUVIRINGID-kodukale-768x755.jpg 768w, https:\/\/muraste.ee\/vana\/wp-content\/uploads\/2023\/09\/HUVIRINGID-kodukale-1536x1509.jpg 1536w, https:\/\/muraste.ee\/vana\/wp-content\/uploads\/2023\/09\/HUVIRINGID-kodukale-624x613.jpg 624w, https:\/\/muraste.ee\/vana\/wp-content\/uploads\/2023\/09\/HUVIRINGID-kodukale.jpg 1718w\" sizes=\"(max-width: 1024px) 100vw, 1024px\" \/><\/a><\/figure>\n","protected":false},"excerpt":{"rendered":"<p>N\u00e4dal 39. Tere, armas Muraste! Ahoi, v\u00f5tame viimast veel ilusatest ilmadest, k\u00e4ime ujumas ja l\u00f5putult seeni on metsad veel t\u00e4is. Muraste k\u00fclaseltsis saab reede \u00f5htuti vaadata uusi eesti filme. V\u00e4ike meenutus Hardi Volmeri uuest dokfilmist. Oli t\u00f5esti p\u00f5nev, kajastati l\u00e4bi Hardi lapsep\u00f5lve meie ajalugu, tundsime nostalgiat ja nalja sai ka. \u00c4ra unusta korstnap\u00fchkijat kutsuda! NEEME<a class=\"moretag\" href=\"https:\/\/muraste.ee\/vana\/?page_id=10059\"><br \/>&#8230;Loe edasi<\/a><\/p>\n","protected":false},"author":2,"featured_media":0,"parent":0,"menu_order":0,"comment_status":"closed","ping_status":"closed","template":"","meta":{"_bbp_topic_count":0,"_bbp_reply_count":0,"_bbp_total_topic_count":0,"_bbp_total_reply_count":0,"_bbp_voice_count":0,"_bbp_anonymous_reply_count":0,"_bbp_topic_count_hidden":0,"_bbp_reply_count_hidden":0,"_bbp_forum_subforum_count":0,"_mc_calendar":[]},"_links":{"self":[{"href":"https:\/\/muraste.ee\/vana\/index.php?rest_route=\/wp\/v2\/pages\/10059"}],"collection":[{"href":"https:\/\/muraste.ee\/vana\/index.php?rest_route=\/wp\/v2\/pages"}],"about":[{"href":"https:\/\/muraste.ee\/vana\/index.php?rest_route=\/wp\/v2\/types\/page"}],"author":[{"embeddable":true,"href":"https:\/\/muraste.ee\/vana\/index.php?rest_route=\/wp\/v2\/users\/2"}],"replies":[{"embeddable":true,"href":"https:\/\/muraste.ee\/vana\/index.php?rest_route=%2Fwp%2Fv2%2Fcomments&post=10059"}],"version-history":[{"count":1,"href":"https:\/\/muraste.ee\/vana\/index.php?rest_route=\/wp\/v2\/pages\/10059\/revisions"}],"predecessor-version":[{"id":10061,"href":"https:\/\/muraste.ee\/vana\/index.php?rest_route=\/wp\/v2\/pages\/10059\/revisions\/10061"}],"wp:attachment":[{"href":"https:\/\/muraste.ee\/vana\/index.php?rest_route=%2Fwp%2Fv2%2Fmedia&parent=10059"}],"curies":[{"name":"wp","href":"https:\/\/api.w.org\/{rel}","templated":true}]}}