{"id":10063,"date":"2023-09-25T10:57:07","date_gmt":"2023-09-25T07:57:07","guid":{"rendered":"https:\/\/muraste.ee\/vana\/?page_id=10063"},"modified":"2023-09-25T10:57:07","modified_gmt":"2023-09-25T07:57:07","slug":"nadal-38-5","status":"publish","type":"page","link":"https:\/\/muraste.ee\/vana\/?page_id=10063","title":{"rendered":"N\u00e4dal 38"},"content":{"rendered":"\n<h1 class=\"wp-block-heading\">N\u00e4dal 38<\/h1>\n\n\n\n<p>Tere, armast Muraste. S\u00fcgis astub salamisi suve kandadele. Muraste kinopunkt tervitab s\u00fcgist menukate Eesti filmidega ja populaarse huumori\u00f5htuga, n\u00fc\u00fcd pea igal reedel. Oktoobris on mitu kasulikku \u00f5pituba.<\/p>\n\n\n\n<figure class=\"wp-block-image\"><a href=\"https:\/\/muraste.ee\/vana\/wp-content\/uploads\/2023\/09\/Rocknroll.jpg\"><img decoding=\"async\" loading=\"lazy\" width=\"1024\" height=\"724\" src=\"https:\/\/muraste.ee\/vana\/wp-content\/uploads\/2023\/09\/Rocknroll-1024x724.jpg\" alt=\"\" class=\"wp-image-10032\" srcset=\"https:\/\/muraste.ee\/vana\/wp-content\/uploads\/2023\/09\/Rocknroll-1024x724.jpg 1024w, https:\/\/muraste.ee\/vana\/wp-content\/uploads\/2023\/09\/Rocknroll-300x212.jpg 300w, https:\/\/muraste.ee\/vana\/wp-content\/uploads\/2023\/09\/Rocknroll-768x543.jpg 768w, https:\/\/muraste.ee\/vana\/wp-content\/uploads\/2023\/09\/Rocknroll-1536x1086.jpg 1536w, https:\/\/muraste.ee\/vana\/wp-content\/uploads\/2023\/09\/Rocknroll-2048x1448.jpg 2048w, https:\/\/muraste.ee\/vana\/wp-content\/uploads\/2023\/09\/Rocknroll-624x441.jpg 624w\" sizes=\"(max-width: 1024px) 100vw, 1024px\" \/><\/a><\/figure>\n\n\n\n<p><strong>JUMALAGA ROCK\u0144ROLL<\/strong><\/p>\n\n\n\n<p><strong>22. septembril kell 19.00<\/strong><\/p>\n\n\n\n<p><strong>Muraste kinopunkt, Lee tee 9<\/strong><\/p>\n\n\n\n<p><strong>Pilet: 6.00\/5.00 eur<\/strong><\/p>\n\n\n\n<p>Piletid eelm\u00fc\u00fcgist: https:\/\/pilet.pro\/toode\/kino-jumalaga-rock-roll-hari-elu-esimene-jagu\/<\/p>\n\n\n\n<p><strong>Filmi juhatab sisse HARDI VOLMER isiklikult<\/strong>.<\/p>\n\n\n\n<p>Hardi Volmeri ja Kiur Aarma haarav dokumentaalfilm \u201cJumalaga, rock\u2019n\u2019roll!\u201d on hoogne autoportree filmitegijast ja lavastuskunstnikust Hardi Volmerist, kes on aga ennek\u00f5ike tuntud rocklauljana. Dokumentaalfilm liigub l\u00e4bi k\u00fcmnendite, punkfilmide, rock-kontsertide, tagahoovide, festivalilavade, r\u00e4tsepat\u00f6\u00f6kodade ja laulva revolutsiooni. Muusikat m\u00e4ngivad ansamblid P\u00e4raTrust, Turist, Singer-Vinger ja Hovery Covery ning Liisi Koikson, Jalmar Vabarna ja Tallinna politseiorkester.<\/p>\n\n\n\n<p>\u00c4ra \u00e4ra jahtu!<br>Re\u017eiss\u00f6\u00f6r<br>Hardi Volmer, Kiur Aarma<\/p>\n\n\n\n<p><strong>Treiler:<\/strong>&nbsp;https:\/\/www.youtube.com\/watch?v=rBqTs1WuLNo&amp;t=1s<\/p>\n\n\n\n<figure class=\"wp-block-image\"><a href=\"https:\/\/muraste.ee\/vana\/wp-content\/uploads\/2023\/09\/Neeme-Jarvi.jpg\"><img decoding=\"async\" loading=\"lazy\" width=\"724\" height=\"1024\" src=\"https:\/\/muraste.ee\/vana\/wp-content\/uploads\/2023\/09\/Neeme-Jarvi-724x1024.jpg\" alt=\"\" class=\"wp-image-9985\" srcset=\"https:\/\/muraste.ee\/vana\/wp-content\/uploads\/2023\/09\/Neeme-Jarvi-724x1024.jpg 724w, https:\/\/muraste.ee\/vana\/wp-content\/uploads\/2023\/09\/Neeme-Jarvi-212x300.jpg 212w, https:\/\/muraste.ee\/vana\/wp-content\/uploads\/2023\/09\/Neeme-Jarvi-768x1086.jpg 768w, https:\/\/muraste.ee\/vana\/wp-content\/uploads\/2023\/09\/Neeme-Jarvi-1086x1536.jpg 1086w, https:\/\/muraste.ee\/vana\/wp-content\/uploads\/2023\/09\/Neeme-Jarvi-1448x2048.jpg 1448w, https:\/\/muraste.ee\/vana\/wp-content\/uploads\/2023\/09\/Neeme-Jarvi-624x883.jpg 624w, https:\/\/muraste.ee\/vana\/wp-content\/uploads\/2023\/09\/Neeme-Jarvi.jpg 1587w\" sizes=\"(max-width: 724px) 100vw, 724px\" \/><\/a><\/figure>\n\n\n\n<p><strong>NEEME J\u00c4RVI. Muusika \u00fcle k\u00f5ige<\/strong><\/p>\n\n\n\n<p><strong>UUS SARI: V\u00c4\u00c4RIKATE KINO \u2013 mis hakkab linastama v\u00e4\u00e4rt- ja dokumentaal filme.<\/strong><\/p>\n\n\n\n<p>Pilet eelm\u00fc\u00fcgist:&nbsp;<a href=\"https:\/\/visitharku.com\/sundmus\/vaarikate-kino-neeme-jarvi--muusika-ule-koige.html?fbclid=IwAR3x4fB86KiRuvHypv0Ow-HfX2gP0igX5ODb6KQsKytRGfgEVVGDHPMa0w8\" rel=\"noreferrer noopener\" target=\"_blank\">https:\/\/visitharku.com\/\u2026\/vaarikate-kino-neeme-jarvi\u2026<\/a><\/p>\n\n\n\n<p>Neeme J\u00e4rvi on \u00fcks enim plaadistanud dirigente v\u00f5i koguni muusikuid maailmas. Tema nimi figureerib enam kui poole tuhande heliplaadi esikaanel, lisaks veel sadakond helikandjat, millel ta on \u00fcks paljudest tegijatest. \u201cKui sa m\u00f5tled v\u00e4ikselt, ei saa sa teha suurt muusikat.\u201d \u00fctleb selle kohta Neeme J\u00e4rvi. Lisaks rahvusvahelisele haardele ning mitmete maailma orkestrite peadirigendiks olemisele on tal aga ka missioon kultuurisaadikuna.<br>Film j\u00e4lgib rahvusvaheliselt tunnustatud ja rahva poolt armastatud Neeme J\u00e4rvit tema viimase nelja aasta tegemistel nii Eestis kui ka Prahas, Viinis, Glasgows ja Ameerikas. Neeme olemust avavad tema perekonnaliikmed ja s\u00f5brad ning temaga kontsertidel \u00fcles astunud muusikud Nicola Benedetti, Catriona Morison, Thomas Hampson, Joshua Bell jpt.<\/p>\n\n\n\n<p>Re\u017eiss\u00f6\u00f6r: Erik Norkroos<br>Tootja: Umberto &amp; Ko<br>Treiler:&nbsp;<a rel=\"noreferrer noopener\" href=\"https:\/\/l.facebook.com\/l.php?u=https%3A%2F%2Fwww.youtube.com%2Fwatch%3Fv%3DpFlGWKqiLLE%26fbclid%3DIwAR3x4fB86KiRuvHypv0Ow-HfX2gP0igX5ODb6KQsKytRGfgEVVGDHPMa0w8&amp;h=AT0SA59iL9Q39dwGsRAlwbSwzzpv4hYMh3hUXwHzCXKBJVJcqiEYWQpRBhnDcfR3PMwU36ogkYc1PLjykSQEUXrwrSUVDp-2TRvufSKXeBNXLyS1DvDQlHo0B6dnvaUTUOlA&amp;__tn__=q&amp;c[0]=AT2BmDU_VEAGoU3qjCLMLSPAPRCqIkvrAtLSSEUa5wJM2sO0RgjqlIQysrIA6WVDq2avkDJmcZajl-5tHxaSMnN7POIOHfG-IIit3molj9H_d1R_IWYizFtNrITahsGCs0-J14a-G4nKVdAN1jjrvx4T6z5n\" target=\"_blank\">https:\/\/www.youtube.com\/watch?v=pFlGWKqiLLE<\/a>&nbsp;<\/p>\n\n\n\n<figure class=\"wp-block-image\"><a href=\"https:\/\/muraste.ee\/vana\/wp-content\/uploads\/2023\/09\/huumur-1.jpg\"><img decoding=\"async\" loading=\"lazy\" width=\"724\" height=\"1024\" src=\"https:\/\/muraste.ee\/vana\/wp-content\/uploads\/2023\/09\/huumur-1-724x1024.jpg\" alt=\"\" class=\"wp-image-10019\" srcset=\"https:\/\/muraste.ee\/vana\/wp-content\/uploads\/2023\/09\/huumur-1-724x1024.jpg 724w, https:\/\/muraste.ee\/vana\/wp-content\/uploads\/2023\/09\/huumur-1-212x300.jpg 212w, https:\/\/muraste.ee\/vana\/wp-content\/uploads\/2023\/09\/huumur-1-768x1086.jpg 768w, https:\/\/muraste.ee\/vana\/wp-content\/uploads\/2023\/09\/huumur-1-1086x1536.jpg 1086w, https:\/\/muraste.ee\/vana\/wp-content\/uploads\/2023\/09\/huumur-1-1448x2048.jpg 1448w, https:\/\/muraste.ee\/vana\/wp-content\/uploads\/2023\/09\/huumur-1-624x883.jpg 624w, https:\/\/muraste.ee\/vana\/wp-content\/uploads\/2023\/09\/huumur-1.jpg 1587w\" sizes=\"(max-width: 724px) 100vw, 724px\" \/><\/a><\/figure>\n\n\n\n<p><strong>HUUMURI\u00d5HTA \u2013 ans. \u201cMinu isa oli ausus ise\u201d ja Rohke Debelakk<\/strong><\/p>\n\n\n\n<p>Huumor on parim ravim s\u00fcgiskaamose vastu.<br>Porikuu Huumuri\u00f5htal astuvad \u00fcles Eesti tuntud naljamahed Gaute Kivistik ja Margo Mitt.<br>Porikuu libauudiseid loeb Rohke Debelakk ja muusikalisi vahapalasid esitab vokaalansambel \u201cMinu isa oli ausus ise\u201d. Humoorikaid v\u00e4itlusi esitavad Eesti naljamehed Gaute Kivistik ja Margo Mitt<br><strong>Avaud on puhvet.<br>Pilet eelm\u00fc\u00fcgist 15.00 eu<\/strong>r :&nbsp;<a rel=\"noreferrer noopener\" href=\"https:\/\/pilet.pro\/toode\/huumoriohta\/?fbclid=IwAR10vS1jNIsMr9QWhOAjRkHfR4W7rC58CWBU_4x8geY0NHjGE-gFj8oz4ns\" target=\"_blank\">https:\/\/pilet.pro\/toode\/huumoriohta\/<\/a><br><strong>Kohapeal 20.00 eur sularahas.<\/strong><br>Vaata kogu Porikuu festivali kava:&nbsp;<a rel=\"noreferrer noopener\" href=\"https:\/\/www.porikuu.ee\/?fbclid=IwAR3r9gDzQlVhg0nQJukdq58RnE9rKCKhvTmPQD6iv8kUqn8RMrB_SGoJIsM\" target=\"_blank\">https:\/\/www.porikuu.ee\/<\/a><\/p>\n\n\n\n<p><strong>\u00d5PITOAD OKTOOBRIS<\/strong><\/p>\n\n\n\n<figure class=\"wp-block-image\"><a href=\"https:\/\/muraste.ee\/vana\/wp-content\/uploads\/2023\/09\/Suured-paberlilled.jpg\"><img decoding=\"async\" loading=\"lazy\" width=\"1024\" height=\"724\" src=\"https:\/\/muraste.ee\/vana\/wp-content\/uploads\/2023\/09\/Suured-paberlilled-1024x724.jpg\" alt=\"\" class=\"wp-image-10033\" srcset=\"https:\/\/muraste.ee\/vana\/wp-content\/uploads\/2023\/09\/Suured-paberlilled-1024x724.jpg 1024w, https:\/\/muraste.ee\/vana\/wp-content\/uploads\/2023\/09\/Suured-paberlilled-300x212.jpg 300w, https:\/\/muraste.ee\/vana\/wp-content\/uploads\/2023\/09\/Suured-paberlilled-768x543.jpg 768w, https:\/\/muraste.ee\/vana\/wp-content\/uploads\/2023\/09\/Suured-paberlilled-1536x1086.jpg 1536w, https:\/\/muraste.ee\/vana\/wp-content\/uploads\/2023\/09\/Suured-paberlilled-2048x1448.jpg 2048w, https:\/\/muraste.ee\/vana\/wp-content\/uploads\/2023\/09\/Suured-paberlilled-624x441.jpg 624w\" sizes=\"(max-width: 1024px) 100vw, 1024px\" \/><\/a><\/figure>\n\n\n\n<p>Suured paberlilled<br>osalustasu: 30.00 eur, hinna sisse kuuluvad materjalid.<br><strong>Vajalik on eelnev registreerimine: muraste@muraste.ee<\/strong><\/p>\n\n\n\n<p>Paberlillede tegemine ei ole raske ja ei vaja palju eeldusi, kuid ilma juhendamiseta keerukamad lilled h\u00e4sti v\u00e4lja ei tule. \u00dcrituste, s\u00fcnnip\u00e4evade, pulmade korraldamisel, isegi kodude kaunistamiseks kasutatakse t\u00e4nap\u00e4eval tihti just suuri paberlilli. Suurte kaunite lilledega saab teha pomp\u00f6\u00f6sseid kimpe ja kaunistada suuri pindu, moodustada kodustel pidudel kena fotonurk v\u00f5i hoopis kaunistada lastetuba.<\/p>\n\n\n\n<p><strong>\u00d5pituba toimub kohtade t\u00e4itumisel.<\/strong><\/p>\n\n\n\n<figure class=\"wp-block-image\"><a href=\"https:\/\/muraste.ee\/vana\/wp-content\/uploads\/2023\/09\/aiahoolduse-aastaring.jpg\"><img decoding=\"async\" loading=\"lazy\" width=\"724\" height=\"1024\" src=\"https:\/\/muraste.ee\/vana\/wp-content\/uploads\/2023\/09\/aiahoolduse-aastaring-724x1024.jpg\" alt=\"\" class=\"wp-image-10034\" srcset=\"https:\/\/muraste.ee\/vana\/wp-content\/uploads\/2023\/09\/aiahoolduse-aastaring-724x1024.jpg 724w, https:\/\/muraste.ee\/vana\/wp-content\/uploads\/2023\/09\/aiahoolduse-aastaring-212x300.jpg 212w, https:\/\/muraste.ee\/vana\/wp-content\/uploads\/2023\/09\/aiahoolduse-aastaring-768x1086.jpg 768w, https:\/\/muraste.ee\/vana\/wp-content\/uploads\/2023\/09\/aiahoolduse-aastaring-1086x1536.jpg 1086w, https:\/\/muraste.ee\/vana\/wp-content\/uploads\/2023\/09\/aiahoolduse-aastaring-1448x2048.jpg 1448w, https:\/\/muraste.ee\/vana\/wp-content\/uploads\/2023\/09\/aiahoolduse-aastaring-624x883.jpg 624w, https:\/\/muraste.ee\/vana\/wp-content\/uploads\/2023\/09\/aiahoolduse-aastaring.jpg 1587w\" sizes=\"(max-width: 724px) 100vw, 724px\" \/><\/a><\/figure>\n\n\n\n<p><strong>Aiahoolduse aastaring<br>osaluspanus: 25.00 eur<\/strong><\/p>\n\n\n\n<p><strong>Vajalik eelregisreerimine: muraste@muraste.ee<\/strong><br><strong>\u00d5pituba toimub kohtade t\u00e4itumisel.<\/strong><\/p>\n\n\n\n<p>Mis tegevusi ja millal teha \u2013 talv, kevad, suvi, s\u00fcgis. Puude ja p\u00f5\u00f5saste l\u00f5ikamine (hooldusl\u00f5ikus, noorendusl\u00f5ikus), p\u00fcsikute hooldus, istutamine, v\u00e4etamine, muru hooldus. Hoolduse peamised vead. Osaleja saab endale teha aiahoolduse kalendri vastavalt oma aiale ja taimedele<\/p>\n\n\n\n<figure class=\"wp-block-image\"><a href=\"https:\/\/muraste.ee\/vana\/wp-content\/uploads\/2023\/09\/UUS.jpg\"><img decoding=\"async\" loading=\"lazy\" width=\"724\" height=\"1024\" src=\"https:\/\/muraste.ee\/vana\/wp-content\/uploads\/2023\/09\/UUS-724x1024.jpg\" alt=\"\" class=\"wp-image-9998\" srcset=\"https:\/\/muraste.ee\/vana\/wp-content\/uploads\/2023\/09\/UUS-724x1024.jpg 724w, https:\/\/muraste.ee\/vana\/wp-content\/uploads\/2023\/09\/UUS-212x300.jpg 212w, https:\/\/muraste.ee\/vana\/wp-content\/uploads\/2023\/09\/UUS-768x1086.jpg 768w, https:\/\/muraste.ee\/vana\/wp-content\/uploads\/2023\/09\/UUS-1086x1536.jpg 1086w, https:\/\/muraste.ee\/vana\/wp-content\/uploads\/2023\/09\/UUS-1448x2048.jpg 1448w, https:\/\/muraste.ee\/vana\/wp-content\/uploads\/2023\/09\/UUS-624x883.jpg 624w, https:\/\/muraste.ee\/vana\/wp-content\/uploads\/2023\/09\/UUS.jpg 1587w\" sizes=\"(max-width: 724px) 100vw, 724px\" \/><\/a><\/figure>\n\n\n\n<figure class=\"wp-block-image\"><a href=\"https:\/\/muraste.ee\/vana\/wp-content\/uploads\/2023\/09\/Korstnapuhkija.jpg\"><img decoding=\"async\" loading=\"lazy\" width=\"724\" height=\"1024\" src=\"https:\/\/muraste.ee\/vana\/wp-content\/uploads\/2023\/09\/Korstnapuhkija-724x1024.jpg\" alt=\"\" class=\"wp-image-9989\" srcset=\"https:\/\/muraste.ee\/vana\/wp-content\/uploads\/2023\/09\/Korstnapuhkija-724x1024.jpg 724w, https:\/\/muraste.ee\/vana\/wp-content\/uploads\/2023\/09\/Korstnapuhkija-212x300.jpg 212w, https:\/\/muraste.ee\/vana\/wp-content\/uploads\/2023\/09\/Korstnapuhkija-768x1086.jpg 768w, https:\/\/muraste.ee\/vana\/wp-content\/uploads\/2023\/09\/Korstnapuhkija-1086x1536.jpg 1086w, https:\/\/muraste.ee\/vana\/wp-content\/uploads\/2023\/09\/Korstnapuhkija-1448x2048.jpg 1448w, https:\/\/muraste.ee\/vana\/wp-content\/uploads\/2023\/09\/Korstnapuhkija-624x883.jpg 624w, https:\/\/muraste.ee\/vana\/wp-content\/uploads\/2023\/09\/Korstnapuhkija.jpg 1587w\" sizes=\"(max-width: 724px) 100vw, 724px\" \/><\/a><\/figure>\n\n\n\n<figure class=\"wp-block-image\"><a href=\"https:\/\/muraste.ee\/vana\/wp-content\/uploads\/2023\/09\/jooga-neljapaeviti25898.png\"><img decoding=\"async\" loading=\"lazy\" width=\"940\" height=\"788\" src=\"https:\/\/muraste.ee\/vana\/wp-content\/uploads\/2023\/09\/jooga-neljapaeviti25898.png\" alt=\"\" class=\"wp-image-10040\" srcset=\"https:\/\/muraste.ee\/vana\/wp-content\/uploads\/2023\/09\/jooga-neljapaeviti25898.png 940w, https:\/\/muraste.ee\/vana\/wp-content\/uploads\/2023\/09\/jooga-neljapaeviti25898-300x251.png 300w, https:\/\/muraste.ee\/vana\/wp-content\/uploads\/2023\/09\/jooga-neljapaeviti25898-768x644.png 768w, https:\/\/muraste.ee\/vana\/wp-content\/uploads\/2023\/09\/jooga-neljapaeviti25898-624x523.png 624w\" sizes=\"(max-width: 940px) 100vw, 940px\" \/><\/a><\/figure>\n\n\n\n<figure class=\"wp-block-image\"><a href=\"https:\/\/muraste.ee\/vana\/wp-content\/uploads\/2023\/09\/HUVIRINGID-kodukale.jpg\"><img decoding=\"async\" loading=\"lazy\" width=\"1024\" height=\"1006\" src=\"https:\/\/muraste.ee\/vana\/wp-content\/uploads\/2023\/09\/HUVIRINGID-kodukale-1024x1006.jpg\" alt=\"\" class=\"wp-image-10018\" srcset=\"https:\/\/muraste.ee\/vana\/wp-content\/uploads\/2023\/09\/HUVIRINGID-kodukale-1024x1006.jpg 1024w, https:\/\/muraste.ee\/vana\/wp-content\/uploads\/2023\/09\/HUVIRINGID-kodukale-300x295.jpg 300w, https:\/\/muraste.ee\/vana\/wp-content\/uploads\/2023\/09\/HUVIRINGID-kodukale-768x755.jpg 768w, https:\/\/muraste.ee\/vana\/wp-content\/uploads\/2023\/09\/HUVIRINGID-kodukale-1536x1509.jpg 1536w, https:\/\/muraste.ee\/vana\/wp-content\/uploads\/2023\/09\/HUVIRINGID-kodukale-624x613.jpg 624w, https:\/\/muraste.ee\/vana\/wp-content\/uploads\/2023\/09\/HUVIRINGID-kodukale.jpg 1718w\" sizes=\"(max-width: 1024px) 100vw, 1024px\" \/><\/a><\/figure>\n","protected":false},"excerpt":{"rendered":"<p>N\u00e4dal 38 Tere, armast Muraste. S\u00fcgis astub salamisi suve kandadele. Muraste kinopunkt tervitab s\u00fcgist menukate Eesti filmidega ja populaarse huumori\u00f5htuga, n\u00fc\u00fcd pea igal reedel. Oktoobris on mitu kasulikku \u00f5pituba. JUMALAGA ROCK\u0144ROLL 22. septembril kell 19.00 Muraste kinopunkt, Lee tee 9 Pilet: 6.00\/5.00 eur Piletid eelm\u00fc\u00fcgist: https:\/\/pilet.pro\/toode\/kino-jumalaga-rock-roll-hari-elu-esimene-jagu\/ Filmi juhatab sisse HARDI VOLMER isiklikult. Hardi Volmeri ja<a class=\"moretag\" href=\"https:\/\/muraste.ee\/vana\/?page_id=10063\"><br \/>&#8230;Loe edasi<\/a><\/p>\n","protected":false},"author":2,"featured_media":0,"parent":0,"menu_order":0,"comment_status":"closed","ping_status":"closed","template":"","meta":{"_bbp_topic_count":0,"_bbp_reply_count":0,"_bbp_total_topic_count":0,"_bbp_total_reply_count":0,"_bbp_voice_count":0,"_bbp_anonymous_reply_count":0,"_bbp_topic_count_hidden":0,"_bbp_reply_count_hidden":0,"_bbp_forum_subforum_count":0,"_mc_calendar":[]},"_links":{"self":[{"href":"https:\/\/muraste.ee\/vana\/index.php?rest_route=\/wp\/v2\/pages\/10063"}],"collection":[{"href":"https:\/\/muraste.ee\/vana\/index.php?rest_route=\/wp\/v2\/pages"}],"about":[{"href":"https:\/\/muraste.ee\/vana\/index.php?rest_route=\/wp\/v2\/types\/page"}],"author":[{"embeddable":true,"href":"https:\/\/muraste.ee\/vana\/index.php?rest_route=\/wp\/v2\/users\/2"}],"replies":[{"embeddable":true,"href":"https:\/\/muraste.ee\/vana\/index.php?rest_route=%2Fwp%2Fv2%2Fcomments&post=10063"}],"version-history":[{"count":1,"href":"https:\/\/muraste.ee\/vana\/index.php?rest_route=\/wp\/v2\/pages\/10063\/revisions"}],"predecessor-version":[{"id":10065,"href":"https:\/\/muraste.ee\/vana\/index.php?rest_route=\/wp\/v2\/pages\/10063\/revisions\/10065"}],"wp:attachment":[{"href":"https:\/\/muraste.ee\/vana\/index.php?rest_route=%2Fwp%2Fv2%2Fmedia&parent=10063"}],"curies":[{"name":"wp","href":"https:\/\/api.w.org\/{rel}","templated":true}]}}