{"id":101,"date":"2015-11-23T20:13:34","date_gmt":"2015-11-23T18:13:34","guid":{"rendered":"https:\/\/muraste.ee\/vana\/?page_id=101"},"modified":"2023-11-15T17:10:40","modified_gmt":"2023-11-15T15:10:40","slug":"uldkoosolekute-protokollid","status":"publish","type":"page","link":"https:\/\/muraste.ee\/vana\/?page_id=101","title":{"rendered":"\u00dcldkoosolekud"},"content":{"rendered":"<p><a href=\"https:\/\/muraste.ee\/vana\/wp-content\/uploads\/2022\/10\/Majandusaasta-aruanne-2021-page-001-1.jpg\" rel=\"attachment wp-att-1508\"><img decoding=\"async\" loading=\"lazy\" class=\"wp-image-1508 alignright\" src=\"https:\/\/muraste.ee\/vana\/wp-content\/uploads\/2015\/11\/Muraste-K\u00fclaseltsi-logo-300x300.jpg\" alt=\"Muraste K\u00fclaseltsi logo\" width=\"168\" height=\"168\" srcset=\"https:\/\/muraste.ee\/vana\/wp-content\/uploads\/2015\/11\/Muraste-K\u00fclaseltsi-logo-300x300.jpg 300w, https:\/\/muraste.ee\/vana\/wp-content\/uploads\/2015\/11\/Muraste-K\u00fclaseltsi-logo-150x150.jpg 150w, https:\/\/muraste.ee\/vana\/wp-content\/uploads\/2015\/11\/Muraste-K\u00fclaseltsi-logo.jpg 768w, https:\/\/muraste.ee\/vana\/wp-content\/uploads\/2015\/11\/Muraste-K\u00fclaseltsi-logo-624x624.jpg 624w\" sizes=\"(max-width: 168px) 100vw, 168px\" \/><\/a><\/p>\n<p><strong style=\"font-size: revert;\"><br \/>\n<\/strong><\/p>\n<p><b>MURASTE K\u00dcLASELTS MT\u00dc<\/b><b><br \/>\n<\/b><b>\u00dcLDKOOSOLEKU PROTOKOLL<\/b><\/p>\n<p><strong style=\"font-size: revert;\">\u00a0<\/strong><\/p>\n<p><span style=\"font-weight: 400;\">Murastes, 30. oktoober 2023. a (kell 19.00- 20.45)<\/span><\/p>\n<p><strong style=\"font-size: revert;\">\u00a0<\/strong><\/p>\n<p><span style=\"font-weight: 400;\">Juhatas: Evar Ojasaar<\/span><\/p>\n<p><span style=\"font-weight: 400;\">Protokollis: Mirjam Gill<\/span><\/p>\n<p><span style=\"font-weight: 400;\">Osales: Katre Kuusik, Mait Kornet, Mirjam Gill, Tiiu-Maie Laht, Aare Laht, Evar Ojasaar, lisaks volitasid enda eest koosolekul osalema ja h\u00e4\u00e4letama Liisa Oviir, Aule Kikas, Margus Kikas, Kristiine Liiv, Kairi Ojam\u00e4e, Katrin Krause, Kert Krause, Nelly Orisaar, Karin Havi, Evelyn Joost, Hannes Reinola ja Merike Ojasaar, seega osales koosolekul kokku 18 k\u00fclaseltsi liiget ja \u00fcldkoosolek oli otsustusv\u00f5imeline( volitused lisatud protokollile).\u00a0<\/span><\/p>\n<p><span style=\"font-weight: 400;\">K\u00fclaseltsi liikmeid 30.10.2023 seisuga oli 179.<\/span><\/p>\n<p><span style=\"font-weight: 400;\">Juures oli Muraste kogukonnakeskuse kultuurijuht Urvi Nigu.<\/span><\/p>\n<p><strong style=\"font-size: revert;\">\u00a0<\/strong><\/p>\n<p><b>P\u00e4evakord:<\/b><\/p>\n<ol>\n<li><span style=\"font-weight: 400;\"> 2022.a. majandusaasta aruande kinnitamine<\/span><\/li>\n<li><span style=\"font-weight: 400;\">Muraste k\u00fclaseltsi juhatuse uute liikmete kinnitamine<\/span><\/li>\n<li><span style=\"font-weight: 400;\"> \u00dclevaade 2023.a. tegevusest<\/span><\/li>\n<li><span style=\"font-weight: 400;\"> 2024.a. tegevuskava<\/span><\/li>\n<\/ol>\n<p><strong style=\"font-size: revert;\">\u00a0<\/strong><\/p>\n<ol>\n<li><span style=\"font-weight: 400;\"> 2022.a. majandusaasta aruande kohta k\u00fcsimusi ei olnud.<\/span><\/li>\n<\/ol>\n<p><b>Otsustati:<\/b><span style=\"font-weight: 400;\">\u00a0 ( \u00fcheh\u00e4\u00e4lselt) aruanne heaks kiita.<\/span><\/p>\n<ol start=\"2\">\n<li><span style=\"font-weight: 400;\"> Muraste k\u00fclaseltsi juhatuse liikmest taandumise kohta on teinud avaldused Katrin Krause, Katre Kuusik, Aule Kikas, Evelin Tiirik ja Marju Tulva. Uuteks juhatuse liikmeteks astumise kohta andsid n\u00f5usoleku Mirjam Gill ja Mait Kornet.<\/span><\/li>\n<\/ol>\n<p><b>Otsustati:<\/b><span style=\"font-weight: 400;\">\u00a0 ( \u00fcheh\u00e4\u00e4lselt) kinnitada Muraste k\u00fclaseltsi juhatus koosseisus- Evar Ojasaar, Tiiu- Maie Laht, Hannes Reinola,\u00a0 Mait Kornet ja Mirjam Gill<\/span><\/p>\n<ol start=\"3\">\n<li><span style=\"font-weight: 400;\"> Muraste kogukonnakeskuse kultuurijuht Urvi Nigu andis p\u00f5hjaliku \u00fclevaate\u00a0 2023.a. tegevustest, uutest algatustest, koost\u00f6\u00f6st KOVi ja teiste k\u00fcladega (aruanne lisatud protokollile).<\/span><\/li>\n<\/ol>\n<p><b>Otsustati:<\/b><span style=\"font-weight: 400;\"> (\u00fcheh\u00e4\u00e4lselt) tunnustada kogukonnakeskuse\u00a0 kultuurijuhi Urvi Nigu tegevust.\u00a0<\/span><\/p>\n<ol start=\"4\">\n<li><span style=\"font-weight: 400;\"> K\u00fclaseltsi 2024.a. tegevuskavast r\u00e4\u00e4kis juhatuse liige Evar Ojasaar-<\/span><\/li>\n<\/ol>\n<p><span style=\"font-weight: 400;\">* j\u00e4tkata traditsiooniliste ja populaarsete tegevustega: \u00f6\u00f6matk Vabariigi aastap\u00e4eval, lastekaitsep\u00e4eva\u00fcritus, osalemine Harku valla k\u00fclade p\u00e4eval, kino- ja teatri reeded, kindlasti korrata 2023.aastal esmakordselt toimunud \u00f6\u00f6kino Muraste paeplatsil;<\/span><\/p>\n<p><span style=\"font-weight: 400;\">* v\u00e4rskendada Muraste k\u00fcla arengukava koosk\u00f5las Harku valla arengukavaga.<\/span><\/p>\n<p><strong style=\"font-size: revert;\">\u00a0<\/strong><\/p>\n<p><span style=\"font-weight: 400;\">Liikmed tegid ettepanekuid uueks tegevusaastaks:<\/span><\/p>\n<p><span style=\"font-weight: 400;\">* \u201cTeeme \u00e4ra\u201d raames\u00a0 korrastada k\u00fcla \u00fcmbruse metsades olevad sillad;<\/span><\/p>\n<p><span style=\"font-weight: 400;\">* ettepanek alustada nn tarkade klubiga, s.h. male- ja m\u00e4lum\u00e4ngud;<\/span><\/p>\n<p><span style=\"font-weight: 400;\">* lisada kokandust puudutavaid kokkusaamisi ;<\/span><\/p>\n<p><span style=\"font-weight: 400;\">* uurida v\u00f5imalusi tekitada k\u00e4sipuudega toetatud allaminek Kopliotsa teelt Tilgu teele.<\/span><\/p>\n<p><span style=\"font-weight: 400;\">Liikmed tundsid muret, mis on saanud Harku Valla poolt algatatud Muraste, Kolmiku tn allap\u00e4\u00e4su rekonstrueerimise plaanidest ja\u00a0 kui kaugel on vald k\u00fcla t\u00e4navate rekonstrueerimisega.<\/span><\/p>\n<p><b>Otsustati: <\/b><span style=\"font-weight: 400;\">(\u00fcheh\u00e4\u00e4lselt) k\u00fclaselts j\u00e4tkab eelk\u00f5ige juba traditsiooniks kujunenud \u00fcritustega, kuulutab v\u00e4lja soovitatud tegevused ja huvi korral lisab need p\u00f5hitegevusse. Samuti algatab k\u00fclaselts \u201cTeeme \u00e4ra\u201d raames sildade korrastamise ning uurib v\u00f5imalust tekitada turvaline allaminek\u00a0 Muraste k\u00fclast mere \u00e4\u00e4rde ning viib ennast kurssi Harku valla poolt k\u00fcla puudutavate plaanidega ja r\u00e4\u00e4gib kaasa, kus vaja.<\/span><\/p>\n<p><b>Evar Ojasaar<\/b> <b>Mirjam Gill<\/b><\/p>\n<p><b>koosoleku juhataja <\/b> <b>protokollija<\/b><\/p>\n<p><strong style=\"font-size: revert;\"><br \/>\n<b>\/ allkirjastatud digitaalselt\/<\/b> <b>\/ allkirjastatud digitaalselt\/<\/b> \u00a0 \u00a0 \u00a0 \u00a0 \u00a0 \u00a0 \u00a0 \u00a0 \u00a0 \u00a0 \u00a0 \u00a0 \u00a0 \u00a0 \u00a0 \u00a0 \u00a0 \u00a0 \u00a0 \u00a0 \u00a0 \u00a0 \u00a0 \u00a0 \u00a0 \u00a0 \u00a0 \u00a0 \u00a0 \u00a0 \u00a0 \u00a0 \u00a0 \u00a0 \u00a0 \u00a0 \u00a0 \u00a0 \u00a0 \u00a0 \u00a0 \u00a0 \u00a0 \u00a0 \u00a0\u00a0<\/strong><\/p>\n<p><strong>TEGEVUSARUANNE 2023\/24<\/strong><\/p>\n<p>2023 Huviringid j\u00e4tkasid tegevust: Fa Stuudio ning Laulula laste muusika- ja lauluringid, inglise keele<br \/>\nkursus, kitarriklass, jooga, aeroobika, n\u00e4itering, lilleseade, seltskonnatants. Alustas ka 2 uut huviringi:<br \/>\nkarmoshka ning v\u00e4ikelaste muusikaring.<br \/>\nVeebruaris toimus traditsiooniline Eesti Vabariigi aastap\u00e4eva t\u00f5rvikumatk, mis kulges Tilgu<br \/>\nsadamasse, kus peeti isamaalisi k\u00f5nesid, pakuti katlasuppi, tantsisid rahvatantsijad ja tuletantsijad.<br \/>\nJuulis toimus traditsiooniline Muraste k\u00fclap\u00e4ev, avatud oli laste m\u00e4nguala, kohvikud, toimus<br \/>\nt\u00f5uksimatk Merik\u00fclla kontserdile. \u00d5htu l\u00f5ppes \u00f6\u00f6sel autokinoga Paeplatsil.<br \/>\nKoost\u00f6\u00f6s Harku valla Lastekaitse \u00fchinguga toimus juuni algul Lastekaitse p\u00e4evale p\u00fchendatud<br \/>\nlastepidu Muraste kooli \u00f5uel ning detsembris toimub J\u00f5uluretk Muraste Looduskooli \u00f5uel.<br \/>\nKoost\u00f6\u00f6d teeme ka teiste k\u00fclaseltsidega, n\u00e4iteks Harku valla k\u00fcladep\u00e4eva korraldasime koos<br \/>\nMerik\u00fclaga.<br \/>\n2023 a. linastus Muraste kinopunktis 17 filmi. K\u00fclas k\u00e4isid mitmed re\u017aiss\u00f6\u00f6rid. Kino on j\u00e4tkuvalt<br \/>\npopulaarne. Korraldati plakatin\u00e4itus, laudadega pidu \u201dReisi kodus\u201d, esietendus Muraste Nimetu<br \/>\nN\u00e4item\u00e4nguseltskonna esituses \u201dKaunitar ja koletis\u201d. Korrraldati kontserte ja etendusi andsid<br \/>\nk\u00fclalisteatrid. P\u00fchap\u00e4eviti toimusid lastele Kuklikohviku hommikud. Korraldasime mitmek\u00fclgseid<br \/>\n\u00f5pitubasid: toidu-, telefoniga pildistamise-, kunsti-, k\u00e4sit\u00f6\u00f6- ja aianduse t\u00f6\u00f6toad. Populaarsed on ka<br \/>\nv\u00e4ielaevajuhtide kursused, mis toimuvad 2 korda aastas.<br \/>\nKokku oli \u00fcritusi 57. Reisi sarja ja laste Kuklikohviku k\u00fclastatavus j\u00e4i kesiseks, seega j\u00e4rgmisel aastal<br \/>\nasendame need kontsertidega ning v\u00e4ga v\u00e4ikestele lastele m\u00f5eldud teatrietendustega. Kutsume<br \/>\nrohkem k\u00fclla k\u00fclalisteatreid. Plaanis on korraldada klubisilisi \u00f5htud kus vesteldakse inimesi<br \/>\nhuvitavagtel teemadel.<\/p>\n<p>T\u00e4iendav info: Urvi Nigu,\u00a0<a href=\"mailto:muraste@muraste.ee\">muraste@muraste.ee<\/a>, tel 58489661<\/p>\n<p><a href=\"https:\/\/muraste.ee\/vana\/wp-content\/uploads\/2015\/11\/muraste-t\u00e4hepilv.jpg\" rel=\"attachment wp-att-7322\"><img decoding=\"async\" loading=\"lazy\" class=\"alignnone size-full wp-image-7322\" src=\"https:\/\/muraste.ee\/vana\/wp-content\/uploads\/2015\/11\/muraste-t\u00e4hepilv.jpg\" alt=\"muraste t\u00e4hepilv\" width=\"800\" height=\"420\" srcset=\"https:\/\/muraste.ee\/vana\/wp-content\/uploads\/2015\/11\/muraste-t\u00e4hepilv.jpg 800w, https:\/\/muraste.ee\/vana\/wp-content\/uploads\/2015\/11\/muraste-t\u00e4hepilv-300x158.jpg 300w, https:\/\/muraste.ee\/vana\/wp-content\/uploads\/2015\/11\/muraste-t\u00e4hepilv-768x403.jpg 768w, https:\/\/muraste.ee\/vana\/wp-content\/uploads\/2015\/11\/muraste-t\u00e4hepilv-624x328.jpg 624w\" sizes=\"(max-width: 800px) 100vw, 800px\" \/><\/a><\/p>\n","protected":false},"excerpt":{"rendered":"<p>MURASTE K\u00dcLASELTS MT\u00dc \u00dcLDKOOSOLEKU PROTOKOLL \u00a0 Murastes, 30. oktoober 2023. a (kell 19.00- 20.45) \u00a0 Juhatas: Evar Ojasaar Protokollis: Mirjam Gill Osales: Katre Kuusik, Mait Kornet, Mirjam Gill, Tiiu-Maie Laht, Aare Laht, Evar Ojasaar, lisaks volitasid enda eest koosolekul osalema ja h\u00e4\u00e4letama Liisa Oviir, Aule Kikas, Margus Kikas, Kristiine Liiv, Kairi Ojam\u00e4e, Katrin Krause, Kert<a class=\"moretag\" href=\"https:\/\/muraste.ee\/vana\/?page_id=101\"><br \/>&#8230;Loe edasi<\/a><\/p>\n","protected":false},"author":1,"featured_media":0,"parent":0,"menu_order":0,"comment_status":"closed","ping_status":"closed","template":"page-templates\/full-width.php","meta":{"_bbp_topic_count":0,"_bbp_reply_count":0,"_bbp_total_topic_count":0,"_bbp_total_reply_count":0,"_bbp_voice_count":0,"_bbp_anonymous_reply_count":0,"_bbp_topic_count_hidden":0,"_bbp_reply_count_hidden":0,"_bbp_forum_subforum_count":0,"_mc_calendar":[]},"_links":{"self":[{"href":"https:\/\/muraste.ee\/vana\/index.php?rest_route=\/wp\/v2\/pages\/101"}],"collection":[{"href":"https:\/\/muraste.ee\/vana\/index.php?rest_route=\/wp\/v2\/pages"}],"about":[{"href":"https:\/\/muraste.ee\/vana\/index.php?rest_route=\/wp\/v2\/types\/page"}],"author":[{"embeddable":true,"href":"https:\/\/muraste.ee\/vana\/index.php?rest_route=\/wp\/v2\/users\/1"}],"replies":[{"embeddable":true,"href":"https:\/\/muraste.ee\/vana\/index.php?rest_route=%2Fwp%2Fv2%2Fcomments&post=101"}],"version-history":[{"count":102,"href":"https:\/\/muraste.ee\/vana\/index.php?rest_route=\/wp\/v2\/pages\/101\/revisions"}],"predecessor-version":[{"id":10201,"href":"https:\/\/muraste.ee\/vana\/index.php?rest_route=\/wp\/v2\/pages\/101\/revisions\/10201"}],"wp:attachment":[{"href":"https:\/\/muraste.ee\/vana\/index.php?rest_route=%2Fwp%2Fv2%2Fmedia&parent=101"}],"curies":[{"name":"wp","href":"https:\/\/api.w.org\/{rel}","templated":true}]}}