{"id":10103,"date":"2023-10-09T12:42:26","date_gmt":"2023-10-09T09:42:26","guid":{"rendered":"https:\/\/muraste.ee\/vana\/?page_id=10103"},"modified":"2023-10-09T12:42:27","modified_gmt":"2023-10-09T09:42:27","slug":"nadal-50-4","status":"publish","type":"page","link":"https:\/\/muraste.ee\/vana\/?page_id=10103","title":{"rendered":"N\u00e4dal 50"},"content":{"rendered":"\n<h1 class=\"wp-block-heading\"><a href=\"https:\/\/muraste.ee\/vana\/\"><\/a><\/h1>\n\n\n\n<p><img decoding=\"async\" loading=\"lazy\" width=\"624\" height=\"416\" src=\"https:\/\/muraste.ee\/vana\/wp-content\/uploads\/2023\/10\/apples-1776744_1280-624x416.jpg\" alt=\"\" srcset=\"https:\/\/muraste.ee\/vana\/wp-content\/uploads\/2023\/10\/apples-1776744_1280-624x416.jpg 624w, https:\/\/muraste.ee\/vana\/wp-content\/uploads\/2023\/10\/apples-1776744_1280-300x200.jpg 300w, https:\/\/muraste.ee\/vana\/wp-content\/uploads\/2023\/10\/apples-1776744_1280-1024x683.jpg 1024w, https:\/\/muraste.ee\/vana\/wp-content\/uploads\/2023\/10\/apples-1776744_1280-768x512.jpg 768w, https:\/\/muraste.ee\/vana\/wp-content\/uploads\/2023\/10\/apples-1776744_1280.jpg 1280w\"><\/p>\n\n\n\n<h1 class=\"wp-block-heading\"><\/h1>\n\n\n\n<p>Tere, armas Muraste! Alanud on kuldne lehtede langemise ja vaiksete h\u00e4marate s\u00fcgis\u00f5htute nautimise aeg. Murastes on tore k\u00e4ia reedeti kinos v\u00f5i kontsertitel. Just k\u00e4isid rahvast naerutamas Rohke Debelak ja ansambel \u201cMinu isa oli ausus ise\u201d. Kes k\u00e4isid need teavad kui palju huumorienergiat nad kaasa said, sai naerda ja laulda, tantsida ei saanud\u00a0<video controls=\"\" src=\"https:\/\/muraste.ee\/vana\/wp-content\/uploads\/2023\/10\/Isa-oli.mp4\"><\/video><\/p>\n\n\n\n<p><strong>REEDEL KINO\u00d5HTU<\/strong><\/p>\n\n\n\n<figure class=\"wp-block-image\"><a href=\"https:\/\/muraste.ee\/vana\/wp-content\/uploads\/2023\/10\/Vigased-pruudid.jpg\"><img decoding=\"async\" loading=\"lazy\" width=\"724\" height=\"1024\" src=\"https:\/\/muraste.ee\/vana\/wp-content\/uploads\/2023\/10\/Vigased-pruudid-724x1024.jpg\" alt=\"\" class=\"wp-image-10078\" srcset=\"https:\/\/muraste.ee\/vana\/wp-content\/uploads\/2023\/10\/Vigased-pruudid-724x1024.jpg 724w, https:\/\/muraste.ee\/vana\/wp-content\/uploads\/2023\/10\/Vigased-pruudid-212x300.jpg 212w, https:\/\/muraste.ee\/vana\/wp-content\/uploads\/2023\/10\/Vigased-pruudid-768x1086.jpg 768w, https:\/\/muraste.ee\/vana\/wp-content\/uploads\/2023\/10\/Vigased-pruudid-1086x1536.jpg 1086w, https:\/\/muraste.ee\/vana\/wp-content\/uploads\/2023\/10\/Vigased-pruudid-1448x2048.jpg 1448w, https:\/\/muraste.ee\/vana\/wp-content\/uploads\/2023\/10\/Vigased-pruudid-624x883.jpg 624w, https:\/\/muraste.ee\/vana\/wp-content\/uploads\/2023\/10\/Vigased-pruudid.jpg 1587w\" sizes=\"(max-width: 724px) 100vw, 724px\" \/><\/a><\/figure>\n\n\n\n<p>Pilet: 6.00\/5.00 eur<br><strong>MULGID TULEVAD!<\/strong><\/p>\n\n\n\n<p>Ei tea siin ilmas keegi hullemat juurikat kui \u00fcks sajandivahetuse aegne Eesti taluperemees. Ja kui see juhtub veel mulk olema, siis on asi ikka p\u00e4ris hull. Naisterahva pisarad ja arukas jutt on temale nagu hane selga vesi. S\u00e4\u00e4rane mees on ka Mulgimaalt L\u00e4\u00e4nemaale elama sattunud Mart. Ei kuula ta kedagi ja talitab ikka nii, nagu tema isa teda omal ajal \u00f5petas. Isegi oma laste elu\u00f5nne on Mart \u00e4ra otsustanud, nii et t\u00fctred Miina ja Leena ainult mulkidest vennapoegadele k\u00f5lbavad. Ei aita siin noorikute ohked ega kaebed, kuigi nende s\u00fcdamed l\u00f6\u00f6vad salamisi hoopiski L\u00e4\u00e4nemaa noormeeste Joosepi ja Juhaniga \u00fches r\u00fctmis. Aga kuna armastusel on juba kord imelik j\u00f5ud, mis isegi kana mesipuusse lennutab kui tarvis, ei kavatse noored sellise saatusega leppida. Kus s\u00f5nad ja veenmine ei aita, tuleb appi v\u00f5tta kavalus. Esialgne lihtne plaan mulkidest v\u00e4imehi ninapidi vedada muutub s\u00fcndmuste arenedes \u00fcha p\u00f6\u00f6rasemaks, kuni Joosep ja Juhan leiavad end l\u00f5puks naiseriietes kaugeid kosilasi t\u00f5rjumas.<\/p>\n\n\n\n<p>Eduard Vilde vigased pruudid \u00e4rkavad taaskord ellu, t\u00f5estades \u00fchelt poolt rahvakirjaniku annet kergeks meelelahutuseks, teisalt aga tuntud klassiku uue aja kuulutust, milles noorem p\u00f5lvkond otsustavalt vanemale vastu hakkab ja ise oma elu\u00f5nne \u00fcle otsustada soovib.<\/p>\n\n\n\n<p>Kategooria: M\u00e4ngufilm | \u017danr: Kom\u00f6\u00f6dia<\/p>\n\n\n\n<p>Re\u017eiss\u00f6\u00f6r: Ergo Kuld<br>Treiler:&nbsp;<a rel=\"noreferrer noopener\" href=\"https:\/\/www.youtube.com\/watch?v=7I88XR8ZWl8&amp;fbclid=IwAR3Hqo8WzUVKVhmf2qUVLfy5GteXtcLZKLOEPt5mK2fVFojN3AJ2nlXksAM\" target=\"_blank\">https:\/\/www.youtube.com\/watch?v=7I88XR8ZWl8<\/a>&nbsp;<\/p>\n\n\n\n<p><strong>\u00d5PITOAD OKTOOBRIS<\/strong><\/p>\n\n\n\n<figure class=\"wp-block-image\"><a href=\"https:\/\/muraste.ee\/vana\/wp-content\/uploads\/2023\/09\/aiahoolduse-aastaring.jpg\"><img decoding=\"async\" loading=\"lazy\" width=\"724\" height=\"1024\" src=\"https:\/\/muraste.ee\/vana\/wp-content\/uploads\/2023\/09\/aiahoolduse-aastaring-724x1024.jpg\" alt=\"\" class=\"wp-image-10034\" srcset=\"https:\/\/muraste.ee\/vana\/wp-content\/uploads\/2023\/09\/aiahoolduse-aastaring-724x1024.jpg 724w, https:\/\/muraste.ee\/vana\/wp-content\/uploads\/2023\/09\/aiahoolduse-aastaring-212x300.jpg 212w, https:\/\/muraste.ee\/vana\/wp-content\/uploads\/2023\/09\/aiahoolduse-aastaring-768x1086.jpg 768w, https:\/\/muraste.ee\/vana\/wp-content\/uploads\/2023\/09\/aiahoolduse-aastaring-1086x1536.jpg 1086w, https:\/\/muraste.ee\/vana\/wp-content\/uploads\/2023\/09\/aiahoolduse-aastaring-1448x2048.jpg 1448w, https:\/\/muraste.ee\/vana\/wp-content\/uploads\/2023\/09\/aiahoolduse-aastaring-624x883.jpg 624w, https:\/\/muraste.ee\/vana\/wp-content\/uploads\/2023\/09\/aiahoolduse-aastaring.jpg 1587w\" sizes=\"(max-width: 724px) 100vw, 724px\" \/><\/a><\/figure>\n\n\n\n<p><strong>AIAHOOLDUSE AASTARING<\/strong><\/p>\n\n\n\n<p><strong>osaluspanus: 25.00 eur<\/strong><\/p>\n\n\n\n<p><strong>Vajalik eelregisreerimine: muraste@muraste.ee<\/strong><br><strong>\u00d5pituba toimub kohtade t\u00e4itumisel.<\/strong><\/p>\n\n\n\n<p>Mis tegevusi ja millal teha \u2013 talv, kevad, suvi, s\u00fcgis.<\/p>\n\n\n\n<p>Istutamine \u2013 puud-p\u00f5\u00f5sad, p\u00fcsililled, sibullilled. Millal on parim aeg ja mida istutamisel silmas pidada.<\/p>\n\n\n\n<p>V\u00e4etamine \u2013 mineraalsed ja looduslikud v\u00e4etised. Millal ja kuidas v\u00e4etada.<\/p>\n\n\n\n<p>Puude ja p\u00f5\u00f5saste l\u00f5ikamine&nbsp; \u2013 Millal ja kuidas l\u00f5igata. Hooldusl\u00f5ikus, ja noorendusl\u00f5ikus.&nbsp;<\/p>\n\n\n\n<p>Hekkide hooldus \u2013 kuidas hooldada lehtpuu- ja elupuude hekke.&nbsp;<\/p>\n\n\n\n<p>P\u00fcsikute hooldus \u2013 istutamine, jagamine, mida talveks mitte maha l\u00f5igata.&nbsp;<\/p>\n\n\n\n<p>Muru hooldus \u2013 \u00f5hutamine, v\u00e4etamine, niitmine.<\/p>\n\n\n\n<p>Kompostimine \u2013 kolme auna meetod, kompostimine \u00fches kastis, chop-and-drop meetod.&nbsp;<\/p>\n\n\n\n<p>Mult\u0161imine \u2013 peamised mult\u0161id ja kuidas ning kus neid kasutada.<\/p>\n\n\n\n<p>Aiahooldus permakultuuri p\u00f5him\u00f5tetel.<\/p>\n\n\n\n<p>Hoolduse peamised vead.&nbsp;<\/p>\n\n\n\n<figure class=\"wp-block-image\"><a href=\"https:\/\/muraste.ee\/vana\/wp-content\/uploads\/2023\/09\/Porikuu-Ajuragin-JPG.jpg\"><img decoding=\"async\" loading=\"lazy\" width=\"1024\" height=\"724\" src=\"https:\/\/muraste.ee\/vana\/wp-content\/uploads\/2023\/09\/Porikuu-Ajuragin-JPG-1024x724.jpg\" alt=\"\" class=\"wp-image-10053\" srcset=\"https:\/\/muraste.ee\/vana\/wp-content\/uploads\/2023\/09\/Porikuu-Ajuragin-JPG-1024x724.jpg 1024w, https:\/\/muraste.ee\/vana\/wp-content\/uploads\/2023\/09\/Porikuu-Ajuragin-JPG-300x212.jpg 300w, https:\/\/muraste.ee\/vana\/wp-content\/uploads\/2023\/09\/Porikuu-Ajuragin-JPG-768x543.jpg 768w, https:\/\/muraste.ee\/vana\/wp-content\/uploads\/2023\/09\/Porikuu-Ajuragin-JPG-1536x1086.jpg 1536w, https:\/\/muraste.ee\/vana\/wp-content\/uploads\/2023\/09\/Porikuu-Ajuragin-JPG-2048x1448.jpg 2048w, https:\/\/muraste.ee\/vana\/wp-content\/uploads\/2023\/09\/Porikuu-Ajuragin-JPG-624x441.jpg 624w\" sizes=\"(max-width: 1024px) 100vw, 1024px\" \/><\/a><\/figure>\n\n\n\n<figure class=\"wp-block-image\"><a href=\"https:\/\/muraste.ee\/vana\/wp-content\/uploads\/2023\/09\/Korstnapuhkija.jpg\"><img decoding=\"async\" loading=\"lazy\" width=\"724\" height=\"1024\" src=\"https:\/\/muraste.ee\/vana\/wp-content\/uploads\/2023\/09\/Korstnapuhkija-724x1024.jpg\" alt=\"\" class=\"wp-image-9989\" srcset=\"https:\/\/muraste.ee\/vana\/wp-content\/uploads\/2023\/09\/Korstnapuhkija-724x1024.jpg 724w, https:\/\/muraste.ee\/vana\/wp-content\/uploads\/2023\/09\/Korstnapuhkija-212x300.jpg 212w, https:\/\/muraste.ee\/vana\/wp-content\/uploads\/2023\/09\/Korstnapuhkija-768x1086.jpg 768w, https:\/\/muraste.ee\/vana\/wp-content\/uploads\/2023\/09\/Korstnapuhkija-1086x1536.jpg 1086w, https:\/\/muraste.ee\/vana\/wp-content\/uploads\/2023\/09\/Korstnapuhkija-1448x2048.jpg 1448w, https:\/\/muraste.ee\/vana\/wp-content\/uploads\/2023\/09\/Korstnapuhkija-624x883.jpg 624w, https:\/\/muraste.ee\/vana\/wp-content\/uploads\/2023\/09\/Korstnapuhkija.jpg 1587w\" sizes=\"(max-width: 724px) 100vw, 724px\" \/><\/a><\/figure>\n\n\n\n<figure class=\"wp-block-image\"><a href=\"https:\/\/muraste.ee\/vana\/wp-content\/uploads\/2023\/10\/juurviljad.jpg\"><img decoding=\"async\" loading=\"lazy\" width=\"1024\" height=\"576\" src=\"https:\/\/muraste.ee\/vana\/wp-content\/uploads\/2023\/10\/juurviljad-1024x576.jpg\" alt=\"\" class=\"wp-image-10093\" srcset=\"https:\/\/muraste.ee\/vana\/wp-content\/uploads\/2023\/10\/juurviljad-1024x576.jpg 1024w, https:\/\/muraste.ee\/vana\/wp-content\/uploads\/2023\/10\/juurviljad-300x169.jpg 300w, https:\/\/muraste.ee\/vana\/wp-content\/uploads\/2023\/10\/juurviljad-768x432.jpg 768w, https:\/\/muraste.ee\/vana\/wp-content\/uploads\/2023\/10\/juurviljad-624x351.jpg 624w, https:\/\/muraste.ee\/vana\/wp-content\/uploads\/2023\/10\/juurviljad-128x72.jpg 128w, https:\/\/muraste.ee\/vana\/wp-content\/uploads\/2023\/10\/juurviljad.jpg 1280w\" sizes=\"(max-width: 1024px) 100vw, 1024px\" \/><\/a><\/figure>\n\n\n\n<p><strong>EESTI MAAKAUP<\/strong><\/p>\n\n\n\n<p><strong>K\u00f5ik kasvatatud kemikaale kasutamata.<\/strong><\/p>\n\n\n\n<p><strong>KUULUTUS EI AEGU!<\/strong><\/p>\n\n\n\n<p>Kartul, mesi saadaval kevadeni 2024.<\/p>\n\n\n\n<p>K\u00fc\u00fcslauk, k\u00f5rvits saadaval seni, kuni kaupa j\u00e4tkub.<\/p>\n\n\n\n<p><strong>Info ja tellimine: Teet \u2013 teetjuu@gmail.com tel. 51 971185<\/strong><\/p>\n\n\n\n<p>Kartul Concordia 25 kg v\u00f5rk \u2013 15.- \u20ac<\/p>\n\n\n\n<p>K\u00fc\u00fcslauk Ljubasha \u2013 9.- \u20ac\/kg<\/p>\n\n\n\n<p>K\u00f5rvits Kampe Melon \u2013 0.80 \u20ac\/kg<\/p>\n\n\n\n<p>Mesi 1 kg \u2013 9.- \u20ac\/kg<\/p>\n\n\n\n<p><strong>NOVEMBRIS<\/strong><\/p>\n\n\n\n<figure class=\"wp-block-image\"><a href=\"https:\/\/muraste.ee\/vana\/wp-content\/uploads\/2023\/10\/Sugise-alguse-kontsert.jpg\"><img decoding=\"async\" loading=\"lazy\" width=\"1024\" height=\"724\" src=\"https:\/\/muraste.ee\/vana\/wp-content\/uploads\/2023\/10\/Sugise-alguse-kontsert-1024x724.jpg\" alt=\"\" class=\"wp-image-10094\" srcset=\"https:\/\/muraste.ee\/vana\/wp-content\/uploads\/2023\/10\/Sugise-alguse-kontsert-1024x724.jpg 1024w, https:\/\/muraste.ee\/vana\/wp-content\/uploads\/2023\/10\/Sugise-alguse-kontsert-300x212.jpg 300w, https:\/\/muraste.ee\/vana\/wp-content\/uploads\/2023\/10\/Sugise-alguse-kontsert-768x543.jpg 768w, https:\/\/muraste.ee\/vana\/wp-content\/uploads\/2023\/10\/Sugise-alguse-kontsert-1536x1086.jpg 1536w, https:\/\/muraste.ee\/vana\/wp-content\/uploads\/2023\/10\/Sugise-alguse-kontsert-2048x1448.jpg 2048w, https:\/\/muraste.ee\/vana\/wp-content\/uploads\/2023\/10\/Sugise-alguse-kontsert-624x441.jpg 624w\" sizes=\"(max-width: 1024px) 100vw, 1024px\" \/><\/a><\/figure>\n\n\n\n<p>S\u00fcgis ja muusika on \u00f5hus. Luba endal kaduda kaunitesse meloodiatesse ja nautida s\u00fcgiskontserti.<br>Kutsume teid osa saama meie muusikareisist, mis koosneb kahest osast:<br><strong>kell 18.30<\/strong>&nbsp;\u2013 avaneb suurep\u00e4rane v\u00f5imalus nautida KLAVERIKONTSERTI Muraste kooli vilistlase&nbsp;<strong>TRIINU VALDVEE<\/strong>&nbsp;esituses<\/p>\n\n\n\n<p><strong>kell 19.00 \u2013 esinevad MARIE, RAUL ja ROBERT VAIGLA Murastest:<\/strong><\/p>\n\n\n\n<p><strong>\u201cOLED OLEMAS\u201d<\/strong><br>Ja kui ka p\u00e4evad on hallid<br>Ja taevas n\u00e4ib armutu<br>Ei karda, sest tean,<br>Et oled olemas<br>Kui vaid \u00fctled, kasv\u00f5i kohe<br>Asuda me v\u00f5ime teele<br>Lootus hoiab meid<\/p>\n\n\n\n<p><strong>PILET eelm\u00fc\u00fcgist: 15.00 eur<br>Kohapeal: 20.00 eur (arveldame sularahas)<\/strong><\/p>\n","protected":false},"excerpt":{"rendered":"<p>Tere, armas Muraste! Alanud on kuldne lehtede langemise ja vaiksete h\u00e4marate s\u00fcgis\u00f5htute nautimise aeg. Murastes on tore k\u00e4ia reedeti kinos v\u00f5i kontsertitel. Just k\u00e4isid rahvast naerutamas Rohke Debelak ja ansambel \u201cMinu isa oli ausus ise\u201d. Kes k\u00e4isid need teavad kui palju huumorienergiat nad kaasa said, sai naerda ja laulda, tantsida ei saanud\u00a0 REEDEL KINO\u00d5HTU Pilet:<a class=\"moretag\" href=\"https:\/\/muraste.ee\/vana\/?page_id=10103\"><br \/>&#8230;Loe edasi<\/a><\/p>\n","protected":false},"author":2,"featured_media":0,"parent":0,"menu_order":0,"comment_status":"closed","ping_status":"closed","template":"","meta":{"_bbp_topic_count":0,"_bbp_reply_count":0,"_bbp_total_topic_count":0,"_bbp_total_reply_count":0,"_bbp_voice_count":0,"_bbp_anonymous_reply_count":0,"_bbp_topic_count_hidden":0,"_bbp_reply_count_hidden":0,"_bbp_forum_subforum_count":0,"_mc_calendar":[]},"_links":{"self":[{"href":"https:\/\/muraste.ee\/vana\/index.php?rest_route=\/wp\/v2\/pages\/10103"}],"collection":[{"href":"https:\/\/muraste.ee\/vana\/index.php?rest_route=\/wp\/v2\/pages"}],"about":[{"href":"https:\/\/muraste.ee\/vana\/index.php?rest_route=\/wp\/v2\/types\/page"}],"author":[{"embeddable":true,"href":"https:\/\/muraste.ee\/vana\/index.php?rest_route=\/wp\/v2\/users\/2"}],"replies":[{"embeddable":true,"href":"https:\/\/muraste.ee\/vana\/index.php?rest_route=%2Fwp%2Fv2%2Fcomments&post=10103"}],"version-history":[{"count":1,"href":"https:\/\/muraste.ee\/vana\/index.php?rest_route=\/wp\/v2\/pages\/10103\/revisions"}],"predecessor-version":[{"id":10105,"href":"https:\/\/muraste.ee\/vana\/index.php?rest_route=\/wp\/v2\/pages\/10103\/revisions\/10105"}],"wp:attachment":[{"href":"https:\/\/muraste.ee\/vana\/index.php?rest_route=%2Fwp%2Fv2%2Fmedia&parent=10103"}],"curies":[{"name":"wp","href":"https:\/\/api.w.org\/{rel}","templated":true}]}}