{"id":10125,"date":"2023-10-16T12:41:08","date_gmt":"2023-10-16T09:41:08","guid":{"rendered":"https:\/\/muraste.ee\/vana\/?page_id=10125"},"modified":"2023-10-16T12:41:08","modified_gmt":"2023-10-16T09:41:08","slug":"nadal-42-7","status":"publish","type":"page","link":"https:\/\/muraste.ee\/vana\/?page_id=10125","title":{"rendered":"N\u00e4dal 42"},"content":{"rendered":"\n<p><img decoding=\"async\" loading=\"lazy\" width=\"624\" height=\"435\" src=\"https:\/\/muraste.ee\/vana\/wp-content\/uploads\/2023\/10\/heart-1776746_1280-624x435.jpg\" alt=\"\" srcset=\"https:\/\/muraste.ee\/vana\/wp-content\/uploads\/2023\/10\/heart-1776746_1280-624x435.jpg 624w, https:\/\/muraste.ee\/vana\/wp-content\/uploads\/2023\/10\/heart-1776746_1280-300x209.jpg 300w, https:\/\/muraste.ee\/vana\/wp-content\/uploads\/2023\/10\/heart-1776746_1280-1024x714.jpg 1024w, https:\/\/muraste.ee\/vana\/wp-content\/uploads\/2023\/10\/heart-1776746_1280-768x535.jpg 768w, https:\/\/muraste.ee\/vana\/wp-content\/uploads\/2023\/10\/heart-1776746_1280.jpg 1280w\"><\/p>\n\n\n\n<h1 class=\"wp-block-heading\">N\u00e4dal 42<\/h1>\n\n\n\n<p>Tere, armas Muraste! Soe s\u00fcgisilm \u2013 see t\u00e4hendab rohkem soojemaid kampsuneid ja m\u00f5nusaid jalutusk\u00e4ike v\u00e4rvikas lehesajus. Pimedatel reede \u00f5htutel on n\u00fc\u00fcd v\u00f5imalus k\u00e4ia Muraste kinopunktis, vaata kava!<\/p>\n\n\n\n<figure class=\"wp-block-image\"><a href=\"https:\/\/muraste.ee\/vana\/wp-content\/uploads\/2023\/10\/Tahtsad-ninad.jpg\"><img decoding=\"async\" loading=\"lazy\" width=\"724\" height=\"1024\" src=\"https:\/\/muraste.ee\/vana\/wp-content\/uploads\/2023\/10\/Tahtsad-ninad-724x1024.jpg\" alt=\"\" class=\"wp-image-10116\" srcset=\"https:\/\/muraste.ee\/vana\/wp-content\/uploads\/2023\/10\/Tahtsad-ninad-724x1024.jpg 724w, https:\/\/muraste.ee\/vana\/wp-content\/uploads\/2023\/10\/Tahtsad-ninad-212x300.jpg 212w, https:\/\/muraste.ee\/vana\/wp-content\/uploads\/2023\/10\/Tahtsad-ninad-768x1086.jpg 768w, https:\/\/muraste.ee\/vana\/wp-content\/uploads\/2023\/10\/Tahtsad-ninad-1086x1536.jpg 1086w, https:\/\/muraste.ee\/vana\/wp-content\/uploads\/2023\/10\/Tahtsad-ninad-624x883.jpg 624w, https:\/\/muraste.ee\/vana\/wp-content\/uploads\/2023\/10\/Tahtsad-ninad.jpg 1414w\" sizes=\"(max-width: 724px) 100vw, 724px\" \/><\/a><\/figure>\n\n\n\n<p>13-aastased Oliver ja Sass meisterdavad t\u00f6\u00f6\u00f5petuse tunnis ninakujulise prillihoidja, mis \u00e4ratab ootamatult salap\u00e4rase suurinvestori huvi. Samal ajal n\u00e4eb Oliveri hiljuti koondatud isa vaeva, et leida uus ametikoht. Poisid on iseseisvaks \u00e4riajamiseks aga liiga noored ning nii tekibki Oliveril plaan, kuidas kaks k\u00e4rbest \u00fche hoobiga tabada \u2013 nad palkavad oma firmat juhtima Oliveri isa ning p\u00e4\u00e4stavad seel\u00e4bi ka vanemate karile s\u00f5itnud abielu!<\/p>\n\n\n\n<p>Konks on aga selles, et Oliveri isa ei tea, et t\u00f6\u00f6tab oma poja ja tolle s\u00f5bra Sassi heaks. Algab hoogne topeltm\u00e4ng, mis eskaleerub, kui poisid saavad teada, mis on salap\u00e4rasel investoril tegelikult plaanis.<\/p>\n\n\n\n<p>Re\u017eiss\u00f6\u00f6r Ingomar Vihmari s\u00f5nul jutustab uus kodumaine koguperekom\u00f6\u00f6dia \u201eT\u00e4htsad ninad\u201c laste ja vanemate suhetest kaasaegse ja v\u00e4rske nurga alt, esitades k\u00fcsimuse, mida on \u00fchel perekonnal tarvis \u00f5nnelik olemiseks. Filmi k\u00e4igus segunevad ja muutuvad rollid \u2013 n\u00e4eme t\u00e4iskasvanuna k\u00e4ituvaid lapsi ja lastena k\u00e4ituvaid vanemaid. Peaosat\u00e4itjatest poisid Oliver ja Sass tulevad v\u00e4lja geniaalse plaaniga asutada iduettev\u00f5te ja p\u00e4\u00e4sta selle abil oma pere nii majanduslikest raskustest kui ka omavahelistest pingetest.<\/p>\n\n\n\n<p>Filmis l\u00f6\u00f6vad kaasa tuntud n\u00e4itlejad Mattias Naan, Saara Pius, Mait Malmsten, Priit Loog, Lauri Nebel, Taavi Teplenkov, Kleer Maibaum, Janek Joost, Piret Simson jpt. Peaosat\u00e4itjatest lapsi m\u00e4ngivad Ruben Tolk ja Robert Alexander Peets. Lisaks n\u00e4itlevad filmis Lumi Soomets, Elo-Mirt Oja, Nora Mia Pai, Albert Miina, Tanja Mihhailova-Saar, Sofia Mihhaljova, Nils Mattias Steinberg, Margo Mitt, Carita Vaikj\u00e4rv, Erik Soasepp, Ahto Aarem\u00e4e, Kaido Palu, Age Ploom, Juta Killing, Erki-Martin Lepik, T\u00f5nu Kapper, Erik Vent, Max \u00d5ispuu, Margus Roosipuu ja Kaarel N\u00f5mmik.<\/p>\n\n\n\n<figure class=\"wp-block-image\"><a href=\"https:\/\/muraste.ee\/vana\/wp-content\/uploads\/2023\/10\/TUME-PARADIIS.jpg\"><img decoding=\"async\" loading=\"lazy\" width=\"724\" height=\"1024\" src=\"https:\/\/muraste.ee\/vana\/wp-content\/uploads\/2023\/10\/TUME-PARADIIS-724x1024.jpg\" alt=\"\" class=\"wp-image-10117\" srcset=\"https:\/\/muraste.ee\/vana\/wp-content\/uploads\/2023\/10\/TUME-PARADIIS-724x1024.jpg 724w, https:\/\/muraste.ee\/vana\/wp-content\/uploads\/2023\/10\/TUME-PARADIIS-212x300.jpg 212w, https:\/\/muraste.ee\/vana\/wp-content\/uploads\/2023\/10\/TUME-PARADIIS-768x1086.jpg 768w, https:\/\/muraste.ee\/vana\/wp-content\/uploads\/2023\/10\/TUME-PARADIIS-1086x1536.jpg 1086w, https:\/\/muraste.ee\/vana\/wp-content\/uploads\/2023\/10\/TUME-PARADIIS-1448x2048.jpg 1448w, https:\/\/muraste.ee\/vana\/wp-content\/uploads\/2023\/10\/TUME-PARADIIS-624x883.jpg 624w, https:\/\/muraste.ee\/vana\/wp-content\/uploads\/2023\/10\/TUME-PARADIIS.jpg 1587w\" sizes=\"(max-width: 724px) 100vw, 724px\" \/><\/a><\/figure>\n\n\n\n<p>Filmi peategelaseks on isa poolt \u00e4ra hellitatud, kuid iseendaga pahuksis olev Karmen (Rea Lest), kelle senise elu turvav\u00f5rgustik laguneb ootamatult ning ta seisab silmitsi universumi tumeduse ja t\u00fchjusega. Ebamugavust lisavad vales suunas arenevad suhted poolvenna Viktoriga (J\u00f6rgen Liik), kelle t\u00f5ekspidamised ja arusaamad suhetest l\u00e4hedastega, on ootamatute s\u00fcndmuste t\u00f5ttu tema sisemaailma segi paisanud. Film avab ukse t\u00e4nap\u00e4eva noorte h\u00e4marasse hedonistlikku maailma, mida varjutavad mineviku saladused, toksilised armusuhted ning undergroundlik maailm.<\/p>\n\n\n\n<p>Filmi \u201eTume paradiis\u201c peaosades m\u00e4ngivad Rea Lest (\u201eNovember\u201c, \u201eSkandinaavia vaikus\u201c) ja J\u00f6rgen Liik (\u2019\u2019November\u201d, \u201cMehetapja\/ S\u00fc\u00fctu \/ Vari\u2019). K\u00f5rvalosades astuvad \u00fcles Maria Avdju\u0161ko (\u201cVee peal\u201d, \u201eSeltsimees laps\u201c), Kristo Viiding (\u201cTaevatrepp\u201d, \u201e\u00dckssarvik\u201c), Juhan Ulfsak (\u201cErik Kivis\u00fcda\u201d, \u201eViimased\u201c), Reimo Sagor (\u201cKalev\u201d, \u201eV\u00f5ta v\u00f5i j\u00e4ta\u201c), Liisa Saarem\u00e4el (\u201e\u00d6\u00f6lapsed\u201c), Steffi P\u00e4hn (\u201eV\u00f5ta v\u00f5i j\u00e4ta\u201c), Kaie Mihkelson (\u201cTaevatrepp\u201d, \u201eVehkleja\u201c) ja Ain M\u00e4eots (\u201cElavad pildid\u201d, \u201e1944\u201c).<\/p>\n\n\n\n<p>Filmi re\u017eiss\u00f6\u00f6r ja stsenarist on Triin Ruumet (\u201eP\u00e4evad, mis ajasid segadusse\u201d), kaastsenaristid on Cannes\u2019i filmifestivalil auhinnatud filmi \u201eKupee nr 6\u201c stsenaristid Andris Feldmanis ja Livia Ulman, operaator Erik P\u00f5llumaa, kunstnik Matis M\u00e4esalu, kost\u00fc\u00fcmikunstnik Liis Plato, grimmikunstnik Hella Marats. Filmi kaastootja on Jeremy Forni ja produtsent Elina Litvinova.<\/p>\n\n\n\n<figure class=\"wp-block-image\"><a href=\"https:\/\/muraste.ee\/vana\/wp-content\/uploads\/2023\/10\/Sugise-alguse-kontsert.jpg\"><img decoding=\"async\" loading=\"lazy\" width=\"1024\" height=\"724\" src=\"https:\/\/muraste.ee\/vana\/wp-content\/uploads\/2023\/10\/Sugise-alguse-kontsert-1024x724.jpg\" alt=\"\" class=\"wp-image-10094\" srcset=\"https:\/\/muraste.ee\/vana\/wp-content\/uploads\/2023\/10\/Sugise-alguse-kontsert-1024x724.jpg 1024w, https:\/\/muraste.ee\/vana\/wp-content\/uploads\/2023\/10\/Sugise-alguse-kontsert-300x212.jpg 300w, https:\/\/muraste.ee\/vana\/wp-content\/uploads\/2023\/10\/Sugise-alguse-kontsert-768x543.jpg 768w, https:\/\/muraste.ee\/vana\/wp-content\/uploads\/2023\/10\/Sugise-alguse-kontsert-1536x1086.jpg 1536w, https:\/\/muraste.ee\/vana\/wp-content\/uploads\/2023\/10\/Sugise-alguse-kontsert-2048x1448.jpg 2048w, https:\/\/muraste.ee\/vana\/wp-content\/uploads\/2023\/10\/Sugise-alguse-kontsert-624x441.jpg 624w\" sizes=\"(max-width: 1024px) 100vw, 1024px\" \/><\/a><\/figure>\n\n\n\n<p>S\u00fcgis ja muusika on \u00f5hus. Luba endal kaduda kaunitesse meloodiatesse ja nautida s\u00fcgiskontserti.<br>Kutsume teid osa saama meie muusikareisist, mis koosneb kahest osast:<br><strong>kell 18.30<\/strong>&nbsp;\u2013 avaneb suurep\u00e4rane v\u00f5imalus nautida KLAVERIKONTSERTI Muraste kooli vilistlase&nbsp;<strong>TRIINU VALDVEE<\/strong>&nbsp;esituses<\/p>\n\n\n\n<p><strong>kell 19.00 \u2013 esinevad MARIE, RAUL ja ROBERT VAIGLA Murastest:<\/strong><\/p>\n\n\n\n<p>Aeg-ajalt saavad laval kokku isa \u2013 poeg \u2013 t\u00fctar, et koos esitada enda poolt kirjutatud-, oma s\u00f5prade- ja lemmikute laule.<br>Ja eelk\u00f5ige tunda r\u00f5\u00f5mu koos olemisest. Kolmest erinevast ansamblist Raul (Ultima Thule), Robert (Traffic), Marie(Frankie Animal) saab \u00fcks.<\/p>\n\n\n\n<p><strong>\u201cOLED OLEMAS\u201d<\/strong><br>Ja kui ka p\u00e4evad on hallid<br>Ja taevas n\u00e4ib armutu<br>Ei karda, sest tean,<br>Et oled olemas<br>Kui vaid \u00fctled, kasv\u00f5i kohe<br>Asuda me v\u00f5ime teele<br>Lootus hoiab meid<\/p>\n\n\n\n<p><strong>PILET eelm\u00fc\u00fcgist: 15.00 eur<\/strong><\/p>\n\n\n\n<p>OSTA SIIT:&nbsp;<a href=\"https:\/\/pilet.pro\/toode\/sugiskontsert-oled-olemas-perekond-vaigla\/?fbclid=IwAR0xpgIHOGHkBX_yx2P2rRnrxX2UZGHbsE2B1DjBta6_GPmMkTzMkdiWM5E\">https:\/\/pilet.pro\/toode\/sugiskontsert-oled-olemas-perekond-vaigla\/?fbclid=IwAR0xpgIHOGHkBX_yx2P2rRnrxX2UZGHbsE2B1DjBta6_GPmMkTzMkdiWM5E<\/a><\/p>\n\n\n\n<p><strong>Kohapeal: 20.00 eur (arveldame sularahas)<\/strong><\/p>\n\n\n\n<figure class=\"wp-block-embed is-type-rich is-provider-embed-handler wp-block-embed-embed-handler\"><div class=\"wp-block-embed__wrapper\">\nhttps:\/\/youtube.com\/watch?v=T29qaNTAp_A%3Fstart%3D2%26feature%3Doembed\n<\/div><\/figure>\n\n\n\n<figure class=\"wp-block-image\"><a href=\"https:\/\/muraste.ee\/vana\/wp-content\/uploads\/2023\/09\/aiahoolduse-aastaring.jpg\"><img decoding=\"async\" loading=\"lazy\" width=\"724\" height=\"1024\" src=\"https:\/\/muraste.ee\/vana\/wp-content\/uploads\/2023\/09\/aiahoolduse-aastaring-724x1024.jpg\" alt=\"\" class=\"wp-image-10034\" srcset=\"https:\/\/muraste.ee\/vana\/wp-content\/uploads\/2023\/09\/aiahoolduse-aastaring-724x1024.jpg 724w, https:\/\/muraste.ee\/vana\/wp-content\/uploads\/2023\/09\/aiahoolduse-aastaring-212x300.jpg 212w, https:\/\/muraste.ee\/vana\/wp-content\/uploads\/2023\/09\/aiahoolduse-aastaring-768x1086.jpg 768w, https:\/\/muraste.ee\/vana\/wp-content\/uploads\/2023\/09\/aiahoolduse-aastaring-1086x1536.jpg 1086w, https:\/\/muraste.ee\/vana\/wp-content\/uploads\/2023\/09\/aiahoolduse-aastaring-1448x2048.jpg 1448w, https:\/\/muraste.ee\/vana\/wp-content\/uploads\/2023\/09\/aiahoolduse-aastaring-624x883.jpg 624w, https:\/\/muraste.ee\/vana\/wp-content\/uploads\/2023\/09\/aiahoolduse-aastaring.jpg 1587w\" sizes=\"(max-width: 724px) 100vw, 724px\" \/><\/a><\/figure>\n\n\n\n<p><strong>AIAHOOLDUSE AASTARING<\/strong><\/p>\n\n\n\n<p><strong>osaluspanus: 25.00 eur<\/strong><\/p>\n\n\n\n<p><strong>Vajalik eelregisreerimine: muraste@muraste.ee<\/strong><br><strong>\u00d5pituba toimub kohtade t\u00e4itumisel.<\/strong><\/p>\n\n\n\n<p>Mis tegevusi ja millal teha \u2013 talv, kevad, suvi, s\u00fcgis.<\/p>\n\n\n\n<p>Istutamine \u2013 puud-p\u00f5\u00f5sad, p\u00fcsililled, sibullilled. Millal on parim aeg ja mida istutamisel silmas pidada.<\/p>\n\n\n\n<p>V\u00e4etamine \u2013 mineraalsed ja looduslikud v\u00e4etised. Millal ja kuidas v\u00e4etada.<\/p>\n\n\n\n<p>Puude ja p\u00f5\u00f5saste l\u00f5ikamine&nbsp; \u2013 Millal ja kuidas l\u00f5igata. Hooldusl\u00f5ikus, ja noorendusl\u00f5ikus.&nbsp;<\/p>\n\n\n\n<p>Hekkide hooldus \u2013 kuidas hooldada lehtpuu- ja elupuude hekke.&nbsp;<\/p>\n\n\n\n<p>P\u00fcsikute hooldus \u2013 istutamine, jagamine, mida talveks mitte maha l\u00f5igata.&nbsp;<\/p>\n\n\n\n<p>Muru hooldus \u2013 \u00f5hutamine, v\u00e4etamine, niitmine.<\/p>\n\n\n\n<p>Kompostimine \u2013 kolme auna meetod, kompostimine \u00fches kastis, chop-and-drop meetod.&nbsp;<\/p>\n\n\n\n<p>Mult\u0161imine \u2013 peamised mult\u0161id ja kuidas ning kus neid kasutada.<\/p>\n\n\n\n<p>Aiahooldus permakultuuri p\u00f5him\u00f5tetel.<\/p>\n\n\n\n<p>Hoolduse peamised vead.&nbsp;<\/p>\n\n\n\n<figure class=\"wp-block-image\"><a href=\"https:\/\/muraste.ee\/vana\/wp-content\/uploads\/2023\/10\/juurviljad.jpg\"><img decoding=\"async\" loading=\"lazy\" width=\"1024\" height=\"576\" src=\"https:\/\/muraste.ee\/vana\/wp-content\/uploads\/2023\/10\/juurviljad-1024x576.jpg\" alt=\"\" class=\"wp-image-10093\" srcset=\"https:\/\/muraste.ee\/vana\/wp-content\/uploads\/2023\/10\/juurviljad-1024x576.jpg 1024w, https:\/\/muraste.ee\/vana\/wp-content\/uploads\/2023\/10\/juurviljad-300x169.jpg 300w, https:\/\/muraste.ee\/vana\/wp-content\/uploads\/2023\/10\/juurviljad-768x432.jpg 768w, https:\/\/muraste.ee\/vana\/wp-content\/uploads\/2023\/10\/juurviljad-624x351.jpg 624w, https:\/\/muraste.ee\/vana\/wp-content\/uploads\/2023\/10\/juurviljad-128x72.jpg 128w, https:\/\/muraste.ee\/vana\/wp-content\/uploads\/2023\/10\/juurviljad.jpg 1280w\" sizes=\"(max-width: 1024px) 100vw, 1024px\" \/><\/a><\/figure>\n\n\n\n<p><strong>EESTI MAAKAUP<\/strong><\/p>\n\n\n\n<p><strong>K\u00f5ik kasvatatud kemikaale kasutamata.<\/strong><\/p>\n\n\n\n<p><strong>KUULUTUS EI AEGU!<\/strong><\/p>\n\n\n\n<p>Kartul, mesi saadaval kevadeni 2024.<\/p>\n\n\n\n<p>K\u00fc\u00fcslauk, k\u00f5rvits saadaval seni, kuni kaupa j\u00e4tkub.<\/p>\n\n\n\n<p><strong>Info ja tellimine: Teet \u2013 teetjuu@gmail.com tel. 51 971185<\/strong><\/p>\n\n\n\n<p>Kartul Concordia 25 kg v\u00f5rk \u2013 15.- \u20ac<\/p>\n\n\n\n<p>K\u00fc\u00fcslauk Ljubasha \u2013 9.- \u20ac\/kg<\/p>\n\n\n\n<p>K\u00f5rvits Kampe Melon \u2013 0.80 \u20ac\/kg<\/p>\n\n\n\n<p>Mesi 1 kg \u2013 9.- \u20ac\/kg<\/p>\n","protected":false},"excerpt":{"rendered":"<p>N\u00e4dal 42 Tere, armas Muraste! Soe s\u00fcgisilm \u2013 see t\u00e4hendab rohkem soojemaid kampsuneid ja m\u00f5nusaid jalutusk\u00e4ike v\u00e4rvikas lehesajus. Pimedatel reede \u00f5htutel on n\u00fc\u00fcd v\u00f5imalus k\u00e4ia Muraste kinopunktis, vaata kava! 13-aastased Oliver ja Sass meisterdavad t\u00f6\u00f6\u00f5petuse tunnis ninakujulise prillihoidja, mis \u00e4ratab ootamatult salap\u00e4rase suurinvestori huvi. Samal ajal n\u00e4eb Oliveri hiljuti koondatud isa vaeva, et leida uus<a class=\"moretag\" href=\"https:\/\/muraste.ee\/vana\/?page_id=10125\"><br \/>&#8230;Loe edasi<\/a><\/p>\n","protected":false},"author":2,"featured_media":0,"parent":0,"menu_order":0,"comment_status":"closed","ping_status":"closed","template":"nadalakava.php","meta":{"_bbp_topic_count":0,"_bbp_reply_count":0,"_bbp_total_topic_count":0,"_bbp_total_reply_count":0,"_bbp_voice_count":0,"_bbp_anonymous_reply_count":0,"_bbp_topic_count_hidden":0,"_bbp_reply_count_hidden":0,"_bbp_forum_subforum_count":0,"_mc_calendar":[]},"_links":{"self":[{"href":"https:\/\/muraste.ee\/vana\/index.php?rest_route=\/wp\/v2\/pages\/10125"}],"collection":[{"href":"https:\/\/muraste.ee\/vana\/index.php?rest_route=\/wp\/v2\/pages"}],"about":[{"href":"https:\/\/muraste.ee\/vana\/index.php?rest_route=\/wp\/v2\/types\/page"}],"author":[{"embeddable":true,"href":"https:\/\/muraste.ee\/vana\/index.php?rest_route=\/wp\/v2\/users\/2"}],"replies":[{"embeddable":true,"href":"https:\/\/muraste.ee\/vana\/index.php?rest_route=%2Fwp%2Fv2%2Fcomments&post=10125"}],"version-history":[{"count":1,"href":"https:\/\/muraste.ee\/vana\/index.php?rest_route=\/wp\/v2\/pages\/10125\/revisions"}],"predecessor-version":[{"id":10127,"href":"https:\/\/muraste.ee\/vana\/index.php?rest_route=\/wp\/v2\/pages\/10125\/revisions\/10127"}],"wp:attachment":[{"href":"https:\/\/muraste.ee\/vana\/index.php?rest_route=%2Fwp%2Fv2%2Fmedia&parent=10125"}],"curies":[{"name":"wp","href":"https:\/\/api.w.org\/{rel}","templated":true}]}}