{"id":10233,"date":"2023-11-27T15:46:09","date_gmt":"2023-11-27T13:46:09","guid":{"rendered":"https:\/\/muraste.ee\/vana\/?page_id=10233"},"modified":"2023-11-27T15:46:10","modified_gmt":"2023-11-27T13:46:10","slug":"nadal-48-5","status":"publish","type":"page","link":"https:\/\/muraste.ee\/vana\/?page_id=10233","title":{"rendered":"N\u00e4dal 48"},"content":{"rendered":"\n<p><img decoding=\"async\" loading=\"lazy\" width=\"624\" height=\"416\" src=\"https:\/\/muraste.ee\/vana\/wp-content\/uploads\/2023\/11\/road-4730553_1280-624x416.jpg\" alt=\"\" srcset=\"https:\/\/muraste.ee\/vana\/wp-content\/uploads\/2023\/11\/road-4730553_1280-624x416.jpg 624w, https:\/\/muraste.ee\/vana\/wp-content\/uploads\/2023\/11\/road-4730553_1280-300x200.jpg 300w, https:\/\/muraste.ee\/vana\/wp-content\/uploads\/2023\/11\/road-4730553_1280-1024x682.jpg 1024w, https:\/\/muraste.ee\/vana\/wp-content\/uploads\/2023\/11\/road-4730553_1280-768x512.jpg 768w, https:\/\/muraste.ee\/vana\/wp-content\/uploads\/2023\/11\/road-4730553_1280.jpg 1280w\"><\/p>\n\n\n\n<h1 class=\"wp-block-heading\">N\u00e4dal 48<\/h1>\n\n\n\n<p>Tere, armas Muraste! Ja ongi juba novembri l\u00f5pus kena talveilm. See on kui muinasjutt, kus lumi loob v\u00f5lumaailma. Olge valmis lumisteks seiklusteks\u2026<\/p>\n\n\n\n<figure class=\"wp-block-image\"><a href=\"https:\/\/muraste.ee\/vana\/wp-content\/uploads\/2023\/11\/Talveretk.jpg\"><img decoding=\"async\" loading=\"lazy\" width=\"940\" height=\"788\" src=\"https:\/\/muraste.ee\/vana\/wp-content\/uploads\/2023\/11\/Talveretk.jpg\" alt=\"\" class=\"wp-image-10170\" srcset=\"https:\/\/muraste.ee\/vana\/wp-content\/uploads\/2023\/11\/Talveretk.jpg 940w, https:\/\/muraste.ee\/vana\/wp-content\/uploads\/2023\/11\/Talveretk-300x251.jpg 300w, https:\/\/muraste.ee\/vana\/wp-content\/uploads\/2023\/11\/Talveretk-768x644.jpg 768w, https:\/\/muraste.ee\/vana\/wp-content\/uploads\/2023\/11\/Talveretk-624x523.jpg 624w\" sizes=\"(max-width: 940px) 100vw, 940px\" \/><\/a><\/figure>\n\n\n\n<p><strong>J\u00d5ULURETK<\/strong><\/p>\n\n\n\n<p><strong>HARKU VALLA LASTEKAITSE \u00dcHING<\/strong>&nbsp;korraldab traditsioonilise&nbsp;<strong>J\u00d5ULURETKE&nbsp;<\/strong>seekord&nbsp;<strong>MURASTE LOODUSKOOLI \u00f5uel.<\/strong><\/p>\n\n\n\n<p><strong>\u00dcritus on k\u00f5igile TASUTA!<\/strong><\/p>\n\n\n\n<p>J\u00f5uluretk on v\u00e4ike jalutusk\u00e4ik metsas ja j\u00f5ukohane igale eale. J\u00f5uluretke juhib Val Rajasaar, kes viib meid Muraste m\u00f5isaparki ja r\u00e4\u00e4gib kuidas tehti m\u00f5isaprouale jalutusrada mere \u00e4\u00e4rde ning lisaks veel palju p\u00f5nevaid lugusid. Looduskooli \u00f5uel saab ratsutada HOBUGA ja PONIGA, istuda L\u00d5KKE \u00e4\u00e4res ja grillida vahukomme ning J\u00d5ULUVANA telgis lugeda luuletusi.<\/p>\n\n\n\n<p><strong>AVATUD on PANNKOOGIKOHVIK kus p\u00e4kapikud k\u00fcpsetavad pannkooke. Pannkookide eest saab tasuda SULARAHAGA!<\/strong><\/p>\n\n\n\n<figure class=\"wp-block-image\"><a href=\"https:\/\/muraste.ee\/vana\/wp-content\/uploads\/2023\/11\/KRINGEL.jpg\"><img decoding=\"async\" loading=\"lazy\" width=\"1024\" height=\"724\" src=\"https:\/\/muraste.ee\/vana\/wp-content\/uploads\/2023\/11\/KRINGEL-1024x724.jpg\" alt=\"\" class=\"wp-image-10216\" srcset=\"https:\/\/muraste.ee\/vana\/wp-content\/uploads\/2023\/11\/KRINGEL-1024x724.jpg 1024w, https:\/\/muraste.ee\/vana\/wp-content\/uploads\/2023\/11\/KRINGEL-300x212.jpg 300w, https:\/\/muraste.ee\/vana\/wp-content\/uploads\/2023\/11\/KRINGEL-768x543.jpg 768w, https:\/\/muraste.ee\/vana\/wp-content\/uploads\/2023\/11\/KRINGEL-1536x1086.jpg 1536w, https:\/\/muraste.ee\/vana\/wp-content\/uploads\/2023\/11\/KRINGEL-2048x1448.jpg 2048w, https:\/\/muraste.ee\/vana\/wp-content\/uploads\/2023\/11\/KRINGEL-624x441.jpg 624w\" sizes=\"(max-width: 1024px) 100vw, 1024px\" \/><\/a><\/figure>\n\n\n\n<p>Eelmisel aastal oli just see \u00f5pituba k\u00fcpsetajate lemmik ja tegime seda kohe mitu korda.<br>V\u00f5tke kaasa oma lapsed, see on v\u00e4ga p\u00f5nev \u00f5pituba ka neile!<\/p>\n\n\n\n<p>Koolitusel \u00f5ppime selgeks m\u00f5nusa kringlitaigna tegemise, et tulevikus saaks k\u00f5ik kodused peolauad oma tehtud kringliga kaunistada.<br>Lisaks taignale on plaanis l\u00e4bi proovida ka kolm erinevat t\u00e4idist. J\u00f5ulule kohaselt ei puudu kringliteost kaneel, martsipan, j\u00f5hvikad, apelsiin jms. Kindlasti teeme ka \u00fche m\u00f5nusa mahlase soolase kringli.<\/p>\n\n\n\n<figure class=\"wp-block-image\"><a href=\"https:\/\/muraste.ee\/vana\/wp-content\/uploads\/2023\/11\/Fa-juubelikontsert-10-2023-page-001-1.jpg\"><img decoding=\"async\" loading=\"lazy\" width=\"724\" height=\"1024\" src=\"https:\/\/muraste.ee\/vana\/wp-content\/uploads\/2023\/11\/Fa-juubelikontsert-10-2023-page-001-1-724x1024.jpg\" alt=\"\" class=\"wp-image-10176\" srcset=\"https:\/\/muraste.ee\/vana\/wp-content\/uploads\/2023\/11\/Fa-juubelikontsert-10-2023-page-001-1-724x1024.jpg 724w, https:\/\/muraste.ee\/vana\/wp-content\/uploads\/2023\/11\/Fa-juubelikontsert-10-2023-page-001-1-212x300.jpg 212w, https:\/\/muraste.ee\/vana\/wp-content\/uploads\/2023\/11\/Fa-juubelikontsert-10-2023-page-001-1-768x1086.jpg 768w, https:\/\/muraste.ee\/vana\/wp-content\/uploads\/2023\/11\/Fa-juubelikontsert-10-2023-page-001-1-1087x1536.jpg 1087w, https:\/\/muraste.ee\/vana\/wp-content\/uploads\/2023\/11\/Fa-juubelikontsert-10-2023-page-001-1-1449x2048.jpg 1449w, https:\/\/muraste.ee\/vana\/wp-content\/uploads\/2023\/11\/Fa-juubelikontsert-10-2023-page-001-1-624x882.jpg 624w, https:\/\/muraste.ee\/vana\/wp-content\/uploads\/2023\/11\/Fa-juubelikontsert-10-2023-page-001-1.jpg 1688w\" sizes=\"(max-width: 724px) 100vw, 724px\" \/><\/a><\/figure>\n\n\n\n<p><strong>FA STUUDIO JUUBELIKONTSERT<\/strong><\/p>\n\n\n\n<p><strong>Kontsert on TASUTA!<\/strong><\/p>\n\n\n\n<p>Muraste k\u00fclaseltsis tegutsev FA STUUDIO sai 10 aastaseks. Fa Studio kutsub juubelikontserdile k\u00f5iki praeguseid \u00f5pilasi ja vilistlasi! Saame kokku, meenutame, kuulame muusikat, t\u00e4name ja t\u00e4histame. K\u00f5ik huvilised on oodatud!<\/p>\n\n\n\n<figure class=\"wp-block-image\"><a href=\"https:\/\/muraste.ee\/vana\/wp-content\/uploads\/2023\/11\/Joulud_pensionarid_6.12.2334763-page-001.jpg\"><img decoding=\"async\" loading=\"lazy\" width=\"802\" height=\"1024\" src=\"https:\/\/muraste.ee\/vana\/wp-content\/uploads\/2023\/11\/Joulud_pensionarid_6.12.2334763-page-001-802x1024.jpg\" alt=\"\" class=\"wp-image-10224\" srcset=\"https:\/\/muraste.ee\/vana\/wp-content\/uploads\/2023\/11\/Joulud_pensionarid_6.12.2334763-page-001-802x1024.jpg 802w, https:\/\/muraste.ee\/vana\/wp-content\/uploads\/2023\/11\/Joulud_pensionarid_6.12.2334763-page-001-235x300.jpg 235w, https:\/\/muraste.ee\/vana\/wp-content\/uploads\/2023\/11\/Joulud_pensionarid_6.12.2334763-page-001-768x981.jpg 768w, https:\/\/muraste.ee\/vana\/wp-content\/uploads\/2023\/11\/Joulud_pensionarid_6.12.2334763-page-001-624x797.jpg 624w, https:\/\/muraste.ee\/vana\/wp-content\/uploads\/2023\/11\/Joulud_pensionarid_6.12.2334763-page-001.jpg 874w\" sizes=\"(max-width: 802px) 100vw, 802px\" \/><\/a><\/figure>\n\n\n\n<figure class=\"wp-block-image\"><a href=\"https:\/\/muraste.ee\/vana\/wp-content\/uploads\/2023\/11\/Joulud_mudilased34762-page-001.jpg\"><img decoding=\"async\" loading=\"lazy\" width=\"802\" height=\"1024\" src=\"https:\/\/muraste.ee\/vana\/wp-content\/uploads\/2023\/11\/Joulud_mudilased34762-page-001-802x1024.jpg\" alt=\"\" class=\"wp-image-10225\" srcset=\"https:\/\/muraste.ee\/vana\/wp-content\/uploads\/2023\/11\/Joulud_mudilased34762-page-001-802x1024.jpg 802w, https:\/\/muraste.ee\/vana\/wp-content\/uploads\/2023\/11\/Joulud_mudilased34762-page-001-235x300.jpg 235w, https:\/\/muraste.ee\/vana\/wp-content\/uploads\/2023\/11\/Joulud_mudilased34762-page-001-768x981.jpg 768w, https:\/\/muraste.ee\/vana\/wp-content\/uploads\/2023\/11\/Joulud_mudilased34762-page-001-624x797.jpg 624w, https:\/\/muraste.ee\/vana\/wp-content\/uploads\/2023\/11\/Joulud_mudilased34762-page-001.jpg 874w\" sizes=\"(max-width: 802px) 100vw, 802px\" \/><\/a><\/figure>\n\n\n\n<figure class=\"wp-block-image\"><a href=\"https:\/\/muraste.ee\/vana\/wp-content\/uploads\/2023\/11\/VOITLUS.jpg\"><img decoding=\"async\" loading=\"lazy\" width=\"724\" height=\"1024\" src=\"https:\/\/muraste.ee\/vana\/wp-content\/uploads\/2023\/11\/VOITLUS-724x1024.jpg\" alt=\"\" class=\"wp-image-10205\" srcset=\"https:\/\/muraste.ee\/vana\/wp-content\/uploads\/2023\/11\/VOITLUS-724x1024.jpg 724w, https:\/\/muraste.ee\/vana\/wp-content\/uploads\/2023\/11\/VOITLUS-212x300.jpg 212w, https:\/\/muraste.ee\/vana\/wp-content\/uploads\/2023\/11\/VOITLUS-768x1086.jpg 768w, https:\/\/muraste.ee\/vana\/wp-content\/uploads\/2023\/11\/VOITLUS-1086x1536.jpg 1086w, https:\/\/muraste.ee\/vana\/wp-content\/uploads\/2023\/11\/VOITLUS-1448x2048.jpg 1448w, https:\/\/muraste.ee\/vana\/wp-content\/uploads\/2023\/11\/VOITLUS-624x883.jpg 624w, https:\/\/muraste.ee\/vana\/wp-content\/uploads\/2023\/11\/VOITLUS.jpg 1587w\" sizes=\"(max-width: 724px) 100vw, 724px\" \/><\/a><\/figure>\n\n\n\n<p><strong>KINO\u00d5HTU: UUS EESTI KOM\u00d6\u00d6DIA<\/strong><\/p>\n\n\n\n<p><strong>Rockn roll \u2013 pealuud ja mustad r\u00fc\u00fcd.Munga protot\u00fc\u00fcp on t\u00f5esti Petseri kloostri mungast, kes 70-ndatel kihutas 150-ga punase zapakaga Petserimaal. Tema l\u00f5pp oli kurb, ta sai surma liiklus\u00f5nnetuses.<\/strong><\/p>\n\n\n\n<p>Kung fu kom\u00f6\u00f6dia \u201cN\u00e4htamatu v\u00f5itlus\u201d tegevus toimub 1970ndate N\u00f5ukogude Liidus. Filmi peategelane on noor huligaan Rafael, kes satub Hiina piiril aega teenides kung fu \u00e4ssade r\u00fcnnaku alla. Tema armee saab k\u00fcll haledalt kolki, kuid vastaste superstiilne v\u00f5itluskunst vaimustab noort m\u00e4ssajat. Koju naastes leiab Rafael tee kloostrisse, kus kohtub \u00f5igeusu munkadega, kes hiinlastest veelgi vingemat v\u00f5itlust peavad. Munkade v\u00f5itlus on aga n\u00e4htamatu \u2013 v\u00f5idab see, kes on alandlikum. Algab huligaani koomiline teekond k\u00f5ikv\u00f5imsa alandlikkuseni, mis on t\u00e4is kiusatusi, usku, armastust ja r\u00f5\u00f5mu.<\/p>\n\n\n\n<figure class=\"wp-block-image\"><a href=\"https:\/\/muraste.ee\/vana\/wp-content\/uploads\/2023\/11\/TARKADE.jpg\"><img decoding=\"async\" loading=\"lazy\" width=\"1024\" height=\"724\" src=\"https:\/\/muraste.ee\/vana\/wp-content\/uploads\/2023\/11\/TARKADE-1024x724.jpg\" alt=\"\" class=\"wp-image-10167\" srcset=\"https:\/\/muraste.ee\/vana\/wp-content\/uploads\/2023\/11\/TARKADE-1024x724.jpg 1024w, https:\/\/muraste.ee\/vana\/wp-content\/uploads\/2023\/11\/TARKADE-300x212.jpg 300w, https:\/\/muraste.ee\/vana\/wp-content\/uploads\/2023\/11\/TARKADE-768x543.jpg 768w, https:\/\/muraste.ee\/vana\/wp-content\/uploads\/2023\/11\/TARKADE-1536x1086.jpg 1536w, https:\/\/muraste.ee\/vana\/wp-content\/uploads\/2023\/11\/TARKADE-2048x1448.jpg 2048w, https:\/\/muraste.ee\/vana\/wp-content\/uploads\/2023\/11\/TARKADE-624x441.jpg 624w\" sizes=\"(max-width: 1024px) 100vw, 1024px\" \/><\/a><\/figure>\n\n\n\n<p><strong>T\u00c4HELEPANU MURASTE!<\/strong><\/p>\n\n\n\n<p>Kui leidub teie seas MALE, BRID\u0179i v\u00f5i M\u00c4LUM\u00c4NGUHUVILISI, siis andke endast teada. Alates JAANUARIST alustame TARKADE KLUBIGA. V\u00f5imalusel saab neid m\u00e4nge ka \u00f5ppida.<\/p>\n\n\n\n<p><strong>Kirjuta oma osalussoovist: muraste@muraste.ee<\/strong><\/p>\n\n\n\n<figure class=\"wp-block-image\"><a href=\"https:\/\/muraste.ee\/vana\/wp-content\/uploads\/2023\/11\/Bachata.jpg\"><img decoding=\"async\" loading=\"lazy\" width=\"940\" height=\"788\" src=\"https:\/\/muraste.ee\/vana\/wp-content\/uploads\/2023\/11\/Bachata.jpg\" alt=\"\" class=\"wp-image-10169\" srcset=\"https:\/\/muraste.ee\/vana\/wp-content\/uploads\/2023\/11\/Bachata.jpg 940w, https:\/\/muraste.ee\/vana\/wp-content\/uploads\/2023\/11\/Bachata-300x251.jpg 300w, https:\/\/muraste.ee\/vana\/wp-content\/uploads\/2023\/11\/Bachata-768x644.jpg 768w, https:\/\/muraste.ee\/vana\/wp-content\/uploads\/2023\/11\/Bachata-624x523.jpg 624w\" sizes=\"(max-width: 940px) 100vw, 940px\" \/><\/a><\/figure>\n\n\n\n<p><strong>ALUSTAME JAANUARIS.<\/strong><\/p>\n\n\n\n<p><strong>Osalussoovist kirjuta: muraste@muraste.ee<\/strong><\/p>\n\n\n\n<figure class=\"wp-block-image\"><a href=\"https:\/\/muraste.ee\/vana\/wp-content\/uploads\/2023\/11\/HEEGELDAMINE-scaled.jpg\"><img decoding=\"async\" loading=\"lazy\" width=\"724\" height=\"1024\" src=\"https:\/\/muraste.ee\/vana\/wp-content\/uploads\/2023\/11\/HEEGELDAMINE-724x1024.jpg\" alt=\"\" class=\"wp-image-10204\" srcset=\"https:\/\/muraste.ee\/vana\/wp-content\/uploads\/2023\/11\/HEEGELDAMINE-724x1024.jpg 724w, https:\/\/muraste.ee\/vana\/wp-content\/uploads\/2023\/11\/HEEGELDAMINE-212x300.jpg 212w, https:\/\/muraste.ee\/vana\/wp-content\/uploads\/2023\/11\/HEEGELDAMINE-768x1086.jpg 768w, https:\/\/muraste.ee\/vana\/wp-content\/uploads\/2023\/11\/HEEGELDAMINE-1086x1536.jpg 1086w, https:\/\/muraste.ee\/vana\/wp-content\/uploads\/2023\/11\/HEEGELDAMINE-1449x2048.jpg 1449w, https:\/\/muraste.ee\/vana\/wp-content\/uploads\/2023\/11\/HEEGELDAMINE-624x882.jpg 624w, https:\/\/muraste.ee\/vana\/wp-content\/uploads\/2023\/11\/HEEGELDAMINE-scaled.jpg 1811w\" sizes=\"(max-width: 724px) 100vw, 724px\" \/><\/a><\/figure>\n\n\n\n<figure class=\"wp-block-image\"><a href=\"https:\/\/muraste.ee\/vana\/wp-content\/uploads\/2023\/11\/Pidulaud.jpg\"><img decoding=\"async\" loading=\"lazy\" width=\"940\" height=\"788\" src=\"https:\/\/muraste.ee\/vana\/wp-content\/uploads\/2023\/11\/Pidulaud.jpg\" alt=\"\" class=\"wp-image-10226\" srcset=\"https:\/\/muraste.ee\/vana\/wp-content\/uploads\/2023\/11\/Pidulaud.jpg 940w, https:\/\/muraste.ee\/vana\/wp-content\/uploads\/2023\/11\/Pidulaud-300x251.jpg 300w, https:\/\/muraste.ee\/vana\/wp-content\/uploads\/2023\/11\/Pidulaud-768x644.jpg 768w, https:\/\/muraste.ee\/vana\/wp-content\/uploads\/2023\/11\/Pidulaud-624x523.jpg 624w\" sizes=\"(max-width: 940px) 100vw, 940px\" \/><\/a><\/figure>\n","protected":false},"excerpt":{"rendered":"<p>N\u00e4dal 48 Tere, armas Muraste! Ja ongi juba novembri l\u00f5pus kena talveilm. See on kui muinasjutt, kus lumi loob v\u00f5lumaailma. Olge valmis lumisteks seiklusteks\u2026 J\u00d5ULURETK HARKU VALLA LASTEKAITSE \u00dcHING&nbsp;korraldab traditsioonilise&nbsp;J\u00d5ULURETKE&nbsp;seekord&nbsp;MURASTE LOODUSKOOLI \u00f5uel. \u00dcritus on k\u00f5igile TASUTA! J\u00f5uluretk on v\u00e4ike jalutusk\u00e4ik metsas ja j\u00f5ukohane igale eale. J\u00f5uluretke juhib Val Rajasaar, kes viib meid Muraste m\u00f5isaparki ja<a class=\"moretag\" href=\"https:\/\/muraste.ee\/vana\/?page_id=10233\"><br \/>&#8230;Loe edasi<\/a><\/p>\n","protected":false},"author":2,"featured_media":0,"parent":0,"menu_order":0,"comment_status":"closed","ping_status":"closed","template":"","meta":{"_bbp_topic_count":0,"_bbp_reply_count":0,"_bbp_total_topic_count":0,"_bbp_total_reply_count":0,"_bbp_voice_count":0,"_bbp_anonymous_reply_count":0,"_bbp_topic_count_hidden":0,"_bbp_reply_count_hidden":0,"_bbp_forum_subforum_count":0,"_mc_calendar":[]},"_links":{"self":[{"href":"https:\/\/muraste.ee\/vana\/index.php?rest_route=\/wp\/v2\/pages\/10233"}],"collection":[{"href":"https:\/\/muraste.ee\/vana\/index.php?rest_route=\/wp\/v2\/pages"}],"about":[{"href":"https:\/\/muraste.ee\/vana\/index.php?rest_route=\/wp\/v2\/types\/page"}],"author":[{"embeddable":true,"href":"https:\/\/muraste.ee\/vana\/index.php?rest_route=\/wp\/v2\/users\/2"}],"replies":[{"embeddable":true,"href":"https:\/\/muraste.ee\/vana\/index.php?rest_route=%2Fwp%2Fv2%2Fcomments&post=10233"}],"version-history":[{"count":1,"href":"https:\/\/muraste.ee\/vana\/index.php?rest_route=\/wp\/v2\/pages\/10233\/revisions"}],"predecessor-version":[{"id":10235,"href":"https:\/\/muraste.ee\/vana\/index.php?rest_route=\/wp\/v2\/pages\/10233\/revisions\/10235"}],"wp:attachment":[{"href":"https:\/\/muraste.ee\/vana\/index.php?rest_route=%2Fwp%2Fv2%2Fmedia&parent=10233"}],"curies":[{"name":"wp","href":"https:\/\/api.w.org\/{rel}","templated":true}]}}