{"id":10237,"date":"2023-11-27T15:48:01","date_gmt":"2023-11-27T13:48:01","guid":{"rendered":"https:\/\/muraste.ee\/vana\/?page_id=10237"},"modified":"2023-11-27T15:48:02","modified_gmt":"2023-11-27T13:48:02","slug":"nadal-47-4","status":"publish","type":"page","link":"https:\/\/muraste.ee\/vana\/?page_id=10237","title":{"rendered":"N\u00e4dal 47"},"content":{"rendered":"\n<p><img decoding=\"async\" loading=\"lazy\" width=\"624\" height=\"416\" src=\"https:\/\/muraste.ee\/vana\/wp-content\/uploads\/2023\/11\/home-autumn-composition-with-tea-knitted-sweaters-interior-room-blurred-background-with-garland-624x416.jpg\" alt=\"\" srcset=\"https:\/\/muraste.ee\/vana\/wp-content\/uploads\/2023\/11\/home-autumn-composition-with-tea-knitted-sweaters-interior-room-blurred-background-with-garland-624x416.jpg 624w, https:\/\/muraste.ee\/vana\/wp-content\/uploads\/2023\/11\/home-autumn-composition-with-tea-knitted-sweaters-interior-room-blurred-background-with-garland-300x200.jpg 300w, https:\/\/muraste.ee\/vana\/wp-content\/uploads\/2023\/11\/home-autumn-composition-with-tea-knitted-sweaters-interior-room-blurred-background-with-garland-1024x683.jpg 1024w, https:\/\/muraste.ee\/vana\/wp-content\/uploads\/2023\/11\/home-autumn-composition-with-tea-knitted-sweaters-interior-room-blurred-background-with-garland-768x512.jpg 768w, https:\/\/muraste.ee\/vana\/wp-content\/uploads\/2023\/11\/home-autumn-composition-with-tea-knitted-sweaters-interior-room-blurred-background-with-garland-1536x1024.jpg 1536w, https:\/\/muraste.ee\/vana\/wp-content\/uploads\/2023\/11\/home-autumn-composition-with-tea-knitted-sweaters-interior-room-blurred-background-with-garland-2048x1365.jpg 2048w\"><\/p>\n\n\n\n<h1 class=\"wp-block-heading\">N\u00e4dal 47<\/h1>\n\n\n\n<p>Tere, armas Muraste! Karge november, maa on kaetud \u00f5hukese valge looriga. On aeg m\u00f5tisklusteks, nendes hetkedes peitub looduse tasakaal ja vaikne ootus\u2026<\/p>\n\n\n\n<p><strong>T\u00c4NA<\/strong>!!! Kaunis isevalmistatud&nbsp;<strong>J\u00d5ULUKINK L\u00c4HEDASTELE!<\/strong><\/p>\n\n\n\n<p><strong>Veel saab liituda huvitava \u00f5pitoaga<\/strong>&nbsp;\u2013 muraste@muraste.ee<\/p>\n\n\n\n<p><strong>S\u00d6EJOONISTUS<\/strong>, see pole keeruline. Foto n\u00e4idatakse seinale proektori abil, ning portree piirjooned joonistatakse maha. Hiljem juhendaja abiga varjutatakse s\u00f6ega ning valmib kaunis portree.<br><strong>OODATUD ON KA \u00d5PILASED!<\/strong><\/p>\n\n\n\n<figure class=\"wp-block-image\"><a href=\"https:\/\/muraste.ee\/vana\/wp-content\/uploads\/2023\/11\/Nimetu-kujundus.jpg\"><img decoding=\"async\" loading=\"lazy\" width=\"724\" height=\"1024\" src=\"https:\/\/muraste.ee\/vana\/wp-content\/uploads\/2023\/11\/Nimetu-kujundus-724x1024.jpg\" alt=\"\" class=\"wp-image-10203\" srcset=\"https:\/\/muraste.ee\/vana\/wp-content\/uploads\/2023\/11\/Nimetu-kujundus-724x1024.jpg 724w, https:\/\/muraste.ee\/vana\/wp-content\/uploads\/2023\/11\/Nimetu-kujundus-212x300.jpg 212w, https:\/\/muraste.ee\/vana\/wp-content\/uploads\/2023\/11\/Nimetu-kujundus-768x1086.jpg 768w, https:\/\/muraste.ee\/vana\/wp-content\/uploads\/2023\/11\/Nimetu-kujundus-1086x1536.jpg 1086w, https:\/\/muraste.ee\/vana\/wp-content\/uploads\/2023\/11\/Nimetu-kujundus-1448x2048.jpg 1448w, https:\/\/muraste.ee\/vana\/wp-content\/uploads\/2023\/11\/Nimetu-kujundus-624x883.jpg 624w, https:\/\/muraste.ee\/vana\/wp-content\/uploads\/2023\/11\/Nimetu-kujundus.jpg 1587w\" sizes=\"(max-width: 724px) 100vw, 724px\" \/><\/a><\/figure>\n\n\n\n<figure class=\"wp-block-image\"><a href=\"https:\/\/muraste.ee\/vana\/wp-content\/uploads\/2023\/11\/soejoonistuse-tootuba34323.jpg\"><img decoding=\"async\" loading=\"lazy\" width=\"1024\" height=\"576\" src=\"https:\/\/muraste.ee\/vana\/wp-content\/uploads\/2023\/11\/soejoonistuse-tootuba34323-1024x576.jpg\" alt=\"\" class=\"wp-image-10171\" srcset=\"https:\/\/muraste.ee\/vana\/wp-content\/uploads\/2023\/11\/soejoonistuse-tootuba34323-1024x576.jpg 1024w, https:\/\/muraste.ee\/vana\/wp-content\/uploads\/2023\/11\/soejoonistuse-tootuba34323-300x169.jpg 300w, https:\/\/muraste.ee\/vana\/wp-content\/uploads\/2023\/11\/soejoonistuse-tootuba34323-768x432.jpg 768w, https:\/\/muraste.ee\/vana\/wp-content\/uploads\/2023\/11\/soejoonistuse-tootuba34323-1536x864.jpg 1536w, https:\/\/muraste.ee\/vana\/wp-content\/uploads\/2023\/11\/soejoonistuse-tootuba34323-624x351.jpg 624w, https:\/\/muraste.ee\/vana\/wp-content\/uploads\/2023\/11\/soejoonistuse-tootuba34323-128x72.jpg 128w, https:\/\/muraste.ee\/vana\/wp-content\/uploads\/2023\/11\/soejoonistuse-tootuba34323.jpg 1920w\" sizes=\"(max-width: 1024px) 100vw, 1024px\" \/><\/a><\/figure>\n\n\n\n<p><strong>S\u00d6EJOONISTUSE \u00d5PITUBA<\/strong><\/p>\n\n\n\n<p><strong>Paar aastat tagasi oli just see \u00f5pituba Murastes v\u00e4ga populaarne. N\u00fc\u00fcd on j\u00e4lle v\u00f5imalus joonistada oma lemmikust kaunis portree.<\/strong><\/p>\n\n\n\n<p><strong>20.november<br>kell 17.30 alustab esimene grupp<br>kell 18.00 alustab teine grupp<br>Registreeri: muraste@muraste.ee<\/strong><\/p>\n\n\n\n<p>Pane kirja omale sobiv alguse kellaaeg!<br>Palun saada digitaalne foto portree, mida soovid joonistada!<\/p>\n\n\n\n<p><strong>T\u00f6\u00f6toa maksumus on 28 eurot (juhendamine, materjalid).<\/strong><\/p>\n\n\n\n<p>Kui on soov terve pilt ise \u00fcles joonistada, siis v\u00f5ib pildi v\u00f5tta kaasa ka paberkandjal.<\/p>\n\n\n\n<p>Selles \u00f5pitoas \u00f5pime tundma valguse ja varju p\u00f5hit\u00f5desid ning neid rakendama paberil s\u00f6e abil. Et joonistamine oleks j\u00f5ukohasem, saab pildi kontuurid projektori abil paberile kanda. Osaleja saab ise oma pildi j\u00e4rgi joonistada. Kaasa v\u00f5ib v\u00f5tta pildi inimese, looma portreest (otsevaade) v\u00f5i m\u00f5nest detailist (lill, puuvili, maja jms). Kui on soov projektori abil kontuurid paberile kanda, siis palun pilt saata enne toimumist digitaalselt muraste e-mailile. Kui on soov terve pilt ise \u00fcles joonistada, siis v\u00f5ib pildi v\u00f5tta kaasa ka paberkandjal.<br>T\u00f6\u00f6tuba viib l\u00e4bi kunsti\u00f5petaja Marell Voolaid.<\/p>\n\n\n\n<p>Osalejate arv on piiratud. Pool gruppi alustab joonistamist 20.november kell 17.30 ja teine pool 18.00. Anna e-maili teel teada, kumb aeg paremini sobib. Osalemiseks kirjuta muraste@muraste.ee. T\u00f6\u00f6toa maksumus on 28 eurot (juhendamine, materjalid).<\/p>\n\n\n\n<figure class=\"wp-block-image\"><a href=\"https:\/\/muraste.ee\/vana\/wp-content\/uploads\/2023\/10\/KIMTCHI.jpg\"><img decoding=\"async\" loading=\"lazy\" width=\"1024\" height=\"724\" src=\"https:\/\/muraste.ee\/vana\/wp-content\/uploads\/2023\/10\/KIMTCHI-1024x724.jpg\" alt=\"\" class=\"wp-image-10154\" srcset=\"https:\/\/muraste.ee\/vana\/wp-content\/uploads\/2023\/10\/KIMTCHI-1024x724.jpg 1024w, https:\/\/muraste.ee\/vana\/wp-content\/uploads\/2023\/10\/KIMTCHI-300x212.jpg 300w, https:\/\/muraste.ee\/vana\/wp-content\/uploads\/2023\/10\/KIMTCHI-768x543.jpg 768w, https:\/\/muraste.ee\/vana\/wp-content\/uploads\/2023\/10\/KIMTCHI-1536x1086.jpg 1536w, https:\/\/muraste.ee\/vana\/wp-content\/uploads\/2023\/10\/KIMTCHI-2048x1448.jpg 2048w, https:\/\/muraste.ee\/vana\/wp-content\/uploads\/2023\/10\/KIMTCHI-624x441.jpg 624w\" sizes=\"(max-width: 1024px) 100vw, 1024px\" \/><\/a><\/figure>\n\n\n\n<p><strong>KIMCHI \u00d5PITUBA<\/strong><\/p>\n\n\n\n<p><strong>Muraste kooli \u00f5ppek\u00f6\u00f6gis (Lee tee 9) peauksest.<\/strong><\/p>\n\n\n\n<p><strong>Osaluspanus 35.00 eur sularaha<\/strong><\/p>\n\n\n\n<p>Pane ennast kirja: muraste@muraste.ee<\/p>\n\n\n\n<p>Soovime teid juhendada k\u00f5ige traditsioonilisema L-Korea Kimchi tegemisel, inimese k\u00e4e all, kes Eestis elavate korealaste v\u00e4itel on siin selles k\u00f5ige oskuslikum.<br>KOJU KAASA: 1 kg kimchit + boonusena kimchi kaste igale osalejale.<br>Traditsioonilise kimchi tegemise k\u00f5rvale k\u00e4ib ka l\u00f5puks \u00fchine kimchi maitsmine, traditsiooni kogemine ja arutelu.<br>Kuuleme ka huvitavaid fakte Korea elu olu kohta.<\/p>\n\n\n\n<p>KIMCHI (korea keeles \uae40\uce58) on traditsiooniline v\u00fcrtsikas Korea pearoogade k\u00f5rvalroog, mis koosneb soolatud ja fermenteeritud k\u00f6\u00f6giviljadest.<br>Olles maailma \u00fcks vitamiinirikkamaid toitusid, kindlustab see kiirendatud seedimise ja tugevndab immuuns\u00fcsteemi.<br>Kimchit peetakse Koreas toitude kuningannaks ja inimene, kes seda teha oskab saab L\u00f5una-Koreas tunnuse kui t\u00f5eline kokk!<\/p>\n\n\n\n<p>Infoks: tegu pole taimetoitlastele sobiliku koolituseda. Retsept sisaldab lisaks taimsele \u2013 krevette, kalakastet, austrikastet, seemneid ja p\u00e4hkleid.<\/p>\n\n\n\n<p><strong>Kuna kohtade arv on piiratud, pane ennast aegsasti kirja:<br>muraste@muraste.ee<\/strong><\/p>\n\n\n\n<figure class=\"wp-block-image\"><a href=\"https:\/\/muraste.ee\/vana\/wp-content\/uploads\/2023\/11\/KRINGEL.jpg\"><img decoding=\"async\" loading=\"lazy\" width=\"1024\" height=\"724\" src=\"https:\/\/muraste.ee\/vana\/wp-content\/uploads\/2023\/11\/KRINGEL-1024x724.jpg\" alt=\"\" class=\"wp-image-10216\" srcset=\"https:\/\/muraste.ee\/vana\/wp-content\/uploads\/2023\/11\/KRINGEL-1024x724.jpg 1024w, https:\/\/muraste.ee\/vana\/wp-content\/uploads\/2023\/11\/KRINGEL-300x212.jpg 300w, https:\/\/muraste.ee\/vana\/wp-content\/uploads\/2023\/11\/KRINGEL-768x543.jpg 768w, https:\/\/muraste.ee\/vana\/wp-content\/uploads\/2023\/11\/KRINGEL-1536x1086.jpg 1536w, https:\/\/muraste.ee\/vana\/wp-content\/uploads\/2023\/11\/KRINGEL-2048x1448.jpg 2048w, https:\/\/muraste.ee\/vana\/wp-content\/uploads\/2023\/11\/KRINGEL-624x441.jpg 624w\" sizes=\"(max-width: 1024px) 100vw, 1024px\" \/><\/a><\/figure>\n\n\n\n<p>Eelmisel aastal oli just see \u00f5pituba k\u00fcpsetajate lemmik ja tegime seda kohe mitu korda.<br>V\u00f5tke kaasa oma lapsed, see on v\u00e4ga p\u00f5nev \u00f5pituba ka neile!<\/p>\n\n\n\n<p>Koolitusel \u00f5ppime selgeks m\u00f5nusa kringlitaigna tegemise, et tulevikus saaks k\u00f5ik kodused peolauad oma tehtud kringliga kaunistada.<br>Lisaks taignale on plaanis l\u00e4bi proovida ka kolm erinevat t\u00e4idist. J\u00f5ulule kohaselt ei puudu kringliteost kaneel, martsipan, j\u00f5hvikad, apelsiin jms. Kindlasti teeme ka \u00fche m\u00f5nusa mahlase soolase kringli.<\/p>\n\n\n\n<figure class=\"wp-block-image\"><a href=\"https:\/\/muraste.ee\/vana\/wp-content\/uploads\/2023\/11\/Fa-juubelikontsert-10-2023-page-001-1.jpg\"><img decoding=\"async\" loading=\"lazy\" width=\"724\" height=\"1024\" src=\"https:\/\/muraste.ee\/vana\/wp-content\/uploads\/2023\/11\/Fa-juubelikontsert-10-2023-page-001-1-724x1024.jpg\" alt=\"\" class=\"wp-image-10176\" srcset=\"https:\/\/muraste.ee\/vana\/wp-content\/uploads\/2023\/11\/Fa-juubelikontsert-10-2023-page-001-1-724x1024.jpg 724w, https:\/\/muraste.ee\/vana\/wp-content\/uploads\/2023\/11\/Fa-juubelikontsert-10-2023-page-001-1-212x300.jpg 212w, https:\/\/muraste.ee\/vana\/wp-content\/uploads\/2023\/11\/Fa-juubelikontsert-10-2023-page-001-1-768x1086.jpg 768w, https:\/\/muraste.ee\/vana\/wp-content\/uploads\/2023\/11\/Fa-juubelikontsert-10-2023-page-001-1-1087x1536.jpg 1087w, https:\/\/muraste.ee\/vana\/wp-content\/uploads\/2023\/11\/Fa-juubelikontsert-10-2023-page-001-1-1449x2048.jpg 1449w, https:\/\/muraste.ee\/vana\/wp-content\/uploads\/2023\/11\/Fa-juubelikontsert-10-2023-page-001-1-624x882.jpg 624w, https:\/\/muraste.ee\/vana\/wp-content\/uploads\/2023\/11\/Fa-juubelikontsert-10-2023-page-001-1.jpg 1688w\" sizes=\"(max-width: 724px) 100vw, 724px\" \/><\/a><\/figure>\n\n\n\n<p><strong>FA STUUDIO JUUBELIKONTSERT<\/strong><\/p>\n\n\n\n<p><strong>Kontsert on TASUTA!<\/strong><\/p>\n\n\n\n<p>Muraste k\u00fclaseltsis tegutsev FA STUUDIO sai 10 aastaseks. Fa Studio kutsub juubelikontserdile k\u00f5iki praeguseid \u00f5pilasi ja vilistlasi! Saame kokku, meenutame, kuulame muusikat, t\u00e4name ja t\u00e4histame. K\u00f5ik huvilised on oodatud!<\/p>\n\n\n\n<figure class=\"wp-block-image\"><a href=\"https:\/\/muraste.ee\/vana\/wp-content\/uploads\/2023\/11\/VOITLUS.jpg\"><img decoding=\"async\" loading=\"lazy\" width=\"724\" height=\"1024\" src=\"https:\/\/muraste.ee\/vana\/wp-content\/uploads\/2023\/11\/VOITLUS-724x1024.jpg\" alt=\"\" class=\"wp-image-10205\" srcset=\"https:\/\/muraste.ee\/vana\/wp-content\/uploads\/2023\/11\/VOITLUS-724x1024.jpg 724w, https:\/\/muraste.ee\/vana\/wp-content\/uploads\/2023\/11\/VOITLUS-212x300.jpg 212w, https:\/\/muraste.ee\/vana\/wp-content\/uploads\/2023\/11\/VOITLUS-768x1086.jpg 768w, https:\/\/muraste.ee\/vana\/wp-content\/uploads\/2023\/11\/VOITLUS-1086x1536.jpg 1086w, https:\/\/muraste.ee\/vana\/wp-content\/uploads\/2023\/11\/VOITLUS-1448x2048.jpg 1448w, https:\/\/muraste.ee\/vana\/wp-content\/uploads\/2023\/11\/VOITLUS-624x883.jpg 624w, https:\/\/muraste.ee\/vana\/wp-content\/uploads\/2023\/11\/VOITLUS.jpg 1587w\" sizes=\"(max-width: 724px) 100vw, 724px\" \/><\/a><\/figure>\n\n\n\n<p><strong>KINO\u00d5HTU: UUS EESTI KOM\u00d6\u00d6DIA<\/strong><\/p>\n\n\n\n<p><strong>Rockn roll \u2013 pealuud ja mustad r\u00fc\u00fcd.Munga protot\u00fc\u00fcp on t\u00f5esti Petseri kloostri mungast, kes 70-ndatel kihutas 150-ga punase zapakaga Petserimaal. Tema l\u00f5pp oli kurb, ta sai surma liiklus\u00f5nnetuses.<\/strong><\/p>\n\n\n\n<p>Kung fu kom\u00f6\u00f6dia \u201cN\u00e4htamatu v\u00f5itlus\u201d tegevus toimub 1970ndate N\u00f5ukogude Liidus. Filmi peategelane on noor huligaan Rafael, kes satub Hiina piiril aega teenides kung fu \u00e4ssade r\u00fcnnaku alla. Tema armee saab k\u00fcll haledalt kolki, kuid vastaste superstiilne v\u00f5itluskunst vaimustab noort m\u00e4ssajat. Koju naastes leiab Rafael tee kloostrisse, kus kohtub \u00f5igeusu munkadega, kes hiinlastest veelgi vingemat v\u00f5itlust peavad. Munkade v\u00f5itlus on aga n\u00e4htamatu \u2013 v\u00f5idab see, kes on alandlikum. Algab huligaani koomiline teekond k\u00f5ikv\u00f5imsa alandlikkuseni, mis on t\u00e4is kiusatusi, usku, armastust ja r\u00f5\u00f5mu.<\/p>\n\n\n\n<figure class=\"wp-block-image\"><a href=\"https:\/\/muraste.ee\/vana\/wp-content\/uploads\/2023\/11\/Talveretk-2.jpg\"><img decoding=\"async\" loading=\"lazy\" width=\"940\" height=\"788\" src=\"https:\/\/muraste.ee\/vana\/wp-content\/uploads\/2023\/11\/Talveretk-2.jpg\" alt=\"\" class=\"wp-image-10185\" srcset=\"https:\/\/muraste.ee\/vana\/wp-content\/uploads\/2023\/11\/Talveretk-2.jpg 940w, https:\/\/muraste.ee\/vana\/wp-content\/uploads\/2023\/11\/Talveretk-2-300x251.jpg 300w, https:\/\/muraste.ee\/vana\/wp-content\/uploads\/2023\/11\/Talveretk-2-768x644.jpg 768w, https:\/\/muraste.ee\/vana\/wp-content\/uploads\/2023\/11\/Talveretk-2-624x523.jpg 624w\" sizes=\"(max-width: 940px) 100vw, 940px\" \/><\/a><\/figure>\n\n\n\n<p><strong>J\u00d5ULURETK<\/strong><\/p>\n\n\n\n<p><strong>HARKU VALLA LASTEKAITSE \u00dcHING<\/strong>&nbsp;korraldab traditsioonilise&nbsp;<strong>J\u00d5ULURETKE&nbsp;<\/strong>seekord&nbsp;<strong>MURASTE LOODUSKOOLI \u00f5uel.<\/strong><\/p>\n\n\n\n<p><strong>\u00dcritus on k\u00f5igile TASUTA!<\/strong><\/p>\n\n\n\n<p>J\u00f5uluretk on v\u00e4ike jalutusk\u00e4ik metsas ja j\u00f5ukohane igale eale. J\u00f5uluretke juhib Val Rajasaar, kes viib meid Muraste m\u00f5isaparki ja r\u00e4\u00e4gib kuidas tehti m\u00f5isaprouale jalutusrada mere \u00e4\u00e4rde ning lisaks veel palju p\u00f5nevaid lugusid. Looduskooli \u00f5uel saab ratsutada HOBUGA ja PONIGA, istuda L\u00d5KKE \u00e4\u00e4res ja grillida vahukomme ning J\u00d5ULUVANA telgis lugeda luuletusi.<\/p>\n\n\n\n<p><strong>AVATUD on PANNKOOGIKOHVIK kus p\u00e4kapikud k\u00fcpsetavad pannkooke. Pannkookide eest saab tasuda SULARAHAGA!<\/strong><\/p>\n\n\n\n<figure class=\"wp-block-image\"><a href=\"https:\/\/muraste.ee\/vana\/wp-content\/uploads\/2023\/11\/TARKADE.jpg\"><img decoding=\"async\" loading=\"lazy\" width=\"1024\" height=\"724\" src=\"https:\/\/muraste.ee\/vana\/wp-content\/uploads\/2023\/11\/TARKADE-1024x724.jpg\" alt=\"\" class=\"wp-image-10167\" srcset=\"https:\/\/muraste.ee\/vana\/wp-content\/uploads\/2023\/11\/TARKADE-1024x724.jpg 1024w, https:\/\/muraste.ee\/vana\/wp-content\/uploads\/2023\/11\/TARKADE-300x212.jpg 300w, https:\/\/muraste.ee\/vana\/wp-content\/uploads\/2023\/11\/TARKADE-768x543.jpg 768w, https:\/\/muraste.ee\/vana\/wp-content\/uploads\/2023\/11\/TARKADE-1536x1086.jpg 1536w, https:\/\/muraste.ee\/vana\/wp-content\/uploads\/2023\/11\/TARKADE-2048x1448.jpg 2048w, https:\/\/muraste.ee\/vana\/wp-content\/uploads\/2023\/11\/TARKADE-624x441.jpg 624w\" sizes=\"(max-width: 1024px) 100vw, 1024px\" \/><\/a><\/figure>\n\n\n\n<p><strong>T\u00c4HELEPANU MURASTE!<\/strong><\/p>\n\n\n\n<p>Kui leidub teie seas MALE, BRID\u0179i v\u00f5i M\u00c4LUM\u00c4NGUHUVILISI, siis andke endast teada. Alates JAANUARIST alustame TARKADE KLUBIGA. V\u00f5imalusel saab neid m\u00e4nge ka \u00f5ppida.<\/p>\n\n\n\n<p><strong>Kirjuta oma osalussoovist: muraste@muraste.ee<\/strong><\/p>\n\n\n\n<figure class=\"wp-block-image\"><a href=\"https:\/\/muraste.ee\/vana\/wp-content\/uploads\/2023\/11\/Bachata.jpg\"><img decoding=\"async\" loading=\"lazy\" width=\"940\" height=\"788\" src=\"https:\/\/muraste.ee\/vana\/wp-content\/uploads\/2023\/11\/Bachata.jpg\" alt=\"\" class=\"wp-image-10169\" srcset=\"https:\/\/muraste.ee\/vana\/wp-content\/uploads\/2023\/11\/Bachata.jpg 940w, https:\/\/muraste.ee\/vana\/wp-content\/uploads\/2023\/11\/Bachata-300x251.jpg 300w, https:\/\/muraste.ee\/vana\/wp-content\/uploads\/2023\/11\/Bachata-768x644.jpg 768w, https:\/\/muraste.ee\/vana\/wp-content\/uploads\/2023\/11\/Bachata-624x523.jpg 624w\" sizes=\"(max-width: 940px) 100vw, 940px\" \/><\/a><\/figure>\n\n\n\n<p><strong>ALUSTAME JAANUARIS.<\/strong><\/p>\n\n\n\n<p><strong>Osalussoovist kirjuta: muraste@muraste.ee<\/strong><\/p>\n\n\n\n<figure class=\"wp-block-image\"><a href=\"https:\/\/muraste.ee\/vana\/wp-content\/uploads\/2023\/11\/HEEGELDAMINE-scaled.jpg\"><img decoding=\"async\" loading=\"lazy\" width=\"724\" height=\"1024\" src=\"https:\/\/muraste.ee\/vana\/wp-content\/uploads\/2023\/11\/HEEGELDAMINE-724x1024.jpg\" alt=\"\" class=\"wp-image-10204\" srcset=\"https:\/\/muraste.ee\/vana\/wp-content\/uploads\/2023\/11\/HEEGELDAMINE-724x1024.jpg 724w, https:\/\/muraste.ee\/vana\/wp-content\/uploads\/2023\/11\/HEEGELDAMINE-212x300.jpg 212w, https:\/\/muraste.ee\/vana\/wp-content\/uploads\/2023\/11\/HEEGELDAMINE-768x1086.jpg 768w, https:\/\/muraste.ee\/vana\/wp-content\/uploads\/2023\/11\/HEEGELDAMINE-1086x1536.jpg 1086w, https:\/\/muraste.ee\/vana\/wp-content\/uploads\/2023\/11\/HEEGELDAMINE-1449x2048.jpg 1449w, https:\/\/muraste.ee\/vana\/wp-content\/uploads\/2023\/11\/HEEGELDAMINE-624x882.jpg 624w, https:\/\/muraste.ee\/vana\/wp-content\/uploads\/2023\/11\/HEEGELDAMINE-scaled.jpg 1811w\" sizes=\"(max-width: 724px) 100vw, 724px\" \/><\/a><\/figure>\n","protected":false},"excerpt":{"rendered":"<p>N\u00e4dal 47 Tere, armas Muraste! Karge november, maa on kaetud \u00f5hukese valge looriga. On aeg m\u00f5tisklusteks, nendes hetkedes peitub looduse tasakaal ja vaikne ootus\u2026 T\u00c4NA!!! Kaunis isevalmistatud&nbsp;J\u00d5ULUKINK L\u00c4HEDASTELE! Veel saab liituda huvitava \u00f5pitoaga&nbsp;\u2013 muraste@muraste.ee S\u00d6EJOONISTUS, see pole keeruline. Foto n\u00e4idatakse seinale proektori abil, ning portree piirjooned joonistatakse maha. Hiljem juhendaja abiga varjutatakse s\u00f6ega ning valmib<a class=\"moretag\" href=\"https:\/\/muraste.ee\/vana\/?page_id=10237\"><br \/>&#8230;Loe edasi<\/a><\/p>\n","protected":false},"author":2,"featured_media":0,"parent":0,"menu_order":0,"comment_status":"closed","ping_status":"closed","template":"","meta":{"_bbp_topic_count":0,"_bbp_reply_count":0,"_bbp_total_topic_count":0,"_bbp_total_reply_count":0,"_bbp_voice_count":0,"_bbp_anonymous_reply_count":0,"_bbp_topic_count_hidden":0,"_bbp_reply_count_hidden":0,"_bbp_forum_subforum_count":0,"_mc_calendar":[]},"_links":{"self":[{"href":"https:\/\/muraste.ee\/vana\/index.php?rest_route=\/wp\/v2\/pages\/10237"}],"collection":[{"href":"https:\/\/muraste.ee\/vana\/index.php?rest_route=\/wp\/v2\/pages"}],"about":[{"href":"https:\/\/muraste.ee\/vana\/index.php?rest_route=\/wp\/v2\/types\/page"}],"author":[{"embeddable":true,"href":"https:\/\/muraste.ee\/vana\/index.php?rest_route=\/wp\/v2\/users\/2"}],"replies":[{"embeddable":true,"href":"https:\/\/muraste.ee\/vana\/index.php?rest_route=%2Fwp%2Fv2%2Fcomments&post=10237"}],"version-history":[{"count":1,"href":"https:\/\/muraste.ee\/vana\/index.php?rest_route=\/wp\/v2\/pages\/10237\/revisions"}],"predecessor-version":[{"id":10239,"href":"https:\/\/muraste.ee\/vana\/index.php?rest_route=\/wp\/v2\/pages\/10237\/revisions\/10239"}],"wp:attachment":[{"href":"https:\/\/muraste.ee\/vana\/index.php?rest_route=%2Fwp%2Fv2%2Fmedia&parent=10237"}],"curies":[{"name":"wp","href":"https:\/\/api.w.org\/{rel}","templated":true}]}}