{"id":10297,"date":"2024-01-15T13:07:08","date_gmt":"2024-01-15T11:07:08","guid":{"rendered":"https:\/\/muraste.ee\/vana\/?page_id=10297"},"modified":"2024-01-15T13:07:09","modified_gmt":"2024-01-15T11:07:09","slug":"nadal-3-6","status":"publish","type":"page","link":"https:\/\/muraste.ee\/vana\/?page_id=10297","title":{"rendered":"N\u00e4dal 3"},"content":{"rendered":"\n<p>Tere, armas Muraste! T\u00e4na kell 17.00 arutame Muraste k\u00fclaseltsis Harku valla edasist arengukava. Ootame k\u00f5iki s\u00f5na sekka \u00fctlema. <\/p>\n\n\n\n<p>UUED p\u00f5nevad \u00f5pitoad.<\/p>\n\n\n\n<figure class=\"wp-block-image size-full\"><a href=\"https:\/\/muraste.ee\/vana\/wp-content\/uploads\/2023\/12\/Muraste-kulaselts-1.jpg\"><img decoding=\"async\" loading=\"lazy\" width=\"940\" height=\"788\" src=\"https:\/\/muraste.ee\/vana\/wp-content\/uploads\/2023\/12\/Muraste-kulaselts-1.jpg\" alt=\"\" class=\"wp-image-10265\" srcset=\"https:\/\/muraste.ee\/vana\/wp-content\/uploads\/2023\/12\/Muraste-kulaselts-1.jpg 940w, https:\/\/muraste.ee\/vana\/wp-content\/uploads\/2023\/12\/Muraste-kulaselts-1-300x251.jpg 300w, https:\/\/muraste.ee\/vana\/wp-content\/uploads\/2023\/12\/Muraste-kulaselts-1-768x644.jpg 768w, https:\/\/muraste.ee\/vana\/wp-content\/uploads\/2023\/12\/Muraste-kulaselts-1-624x523.jpg 624w\" sizes=\"(max-width: 940px) 100vw, 940px\" \/><\/a><\/figure>\n\n\n\n<figure class=\"wp-block-image size-full\"><a href=\"https:\/\/muraste.ee\/vana\/wp-content\/uploads\/2024\/01\/Savvu.jpg\"><img decoding=\"async\" loading=\"lazy\" width=\"940\" height=\"788\" src=\"https:\/\/muraste.ee\/vana\/wp-content\/uploads\/2024\/01\/Savvu.jpg\" alt=\"\" class=\"wp-image-10271\" srcset=\"https:\/\/muraste.ee\/vana\/wp-content\/uploads\/2024\/01\/Savvu.jpg 940w, https:\/\/muraste.ee\/vana\/wp-content\/uploads\/2024\/01\/Savvu-300x251.jpg 300w, https:\/\/muraste.ee\/vana\/wp-content\/uploads\/2024\/01\/Savvu-768x644.jpg 768w, https:\/\/muraste.ee\/vana\/wp-content\/uploads\/2024\/01\/Savvu-624x523.jpg 624w\" sizes=\"(max-width: 940px) 100vw, 940px\" \/><\/a><\/figure>\n\n\n\n<p><strong>N\u00fc\u00fcd juba 19 AUHINDA!<\/strong><\/p>\n\n\n\n<p><strong>K\u00fclla tuleb filmi produtsent MARIANNE OSTRAT.<\/strong><br>Enamus eestimaalasi on kuulnud ja paljud ka n\u00e4inud juba 18 auhinda v\u00f5itnud dokfilmi &#8220;Savvusanna s\u00f5sarad&#8221;, mille re\u017aiss\u00f6\u00f6r ja stsenarist on Anna Hints ning produtsent Marianne Ostrat. Lisaks auhindadele on film p\u00e4lvinud 8 rahvusvahelise t\u00e4htsusega nominatsiooni. Mainekaim auhind on Euroopa Filmiauhinna v\u00f5it parima dokumentaalfilmi kategoorias, lisaks esimese Eesti dokumentaalfilmina Sundance\u2019i filmifestivalil parima re\u015biss\u00f6\u00f6ri preemia, San Francisco auhinnad, LUX publikuauhinna nominatsioon ning uusim on kodumaine aasta filmi auhind Eesti Filmiajakirjanike &#8220;Neitsi Maali&#8221; ning palju teisi.<br>&#8220;Iseenesest ei ole see, et film v\u00f4idab aasta jooksul 18 auhinda midagi erakordset. &#8220;Savvusanna s\u00f5sarad&#8221; puhul on erakordne v\u00f4idetud auhindade ja p\u00e4lvitud nominatsioonide tase ja kaalukus&#8221; r\u00e4\u00e4gib filmi produtsent Marianne Ostrat.<br>Kuigi Oscari-jaht j\u00e4i &#8220;Savvusanna s\u00f5sarate&#8221; jaoks kahjuks oodatust l\u00fchemaks, leevendab seda loodetavasti j\u00e4tkuv palav toetus kodumaal. Anna Hints ja teised osalised v\u00e4\u00e4rivad tunnustust turvalise tunderuumi loomise eest filmis, mis \u00fchendab inimesi ning on viinud Eesti kultuuri kinoekraanidele \u00fcle maailma,&#8221; \u00fctles Eesti Filmiajakirjanike \u00dchingu esimees Andrei Liimets (Autor<br>BNS).<br>Filmi tegevus toimub Vana-V\u00f5romaal suitsusaunas, mis kuulub UNESCO kultuurip\u00e4randi esindusnimekirja. \u201cSavvusanna s\u00f5sarad\u201d tutvustab vanaaegse suitsusauna kombestikku, kuid on seejuures kaasaegne film naistest, kes suitsusauna kokku tulevad, r\u00e4\u00e4givad oma kurbusest ja h\u00e4bist ning saavad puhtaks suitsusauna tervendava rituaalse m\u00f5ju l\u00e4bi.<br>Kes veel ei ole mainekate auhindadega p\u00e4rjatud filmi n\u00e4inud v\u00f5i kes soovivad veelkord kogeda suitsusauna maagiat, siis on v\u00f5imalus vaadata \u201cSavvusanna s\u00f5sarad\u201d filmi Muraste kinopunktist 26.jaanuaril kell 19.00, Lee tee 9.<br>K\u00fclla tuleb ka filmi produtsent MARIANNE OSTRAT, kes r\u00e4\u00e4gib filmi valmimisprotsessist, auhindade p\u00f6\u00f6rasest karussellist ning vastab teie k\u00fcsimustele.<br>R\u00f5\u00f5msate kohtumisteni Murastes.<\/p>\n\n\n<div class=\"wp-block-image\">\n<figure class=\"aligncenter size-large is-resized\"><a href=\"https:\/\/muraste.ee\/vana\/wp-content\/uploads\/2024\/01\/Happy.jpg\"><img decoding=\"async\" loading=\"lazy\" src=\"https:\/\/muraste.ee\/vana\/wp-content\/uploads\/2024\/01\/Happy-724x1024.jpg\" alt=\"\" class=\"wp-image-10272\" width=\"545\" height=\"770\" srcset=\"https:\/\/muraste.ee\/vana\/wp-content\/uploads\/2024\/01\/Happy-724x1024.jpg 724w, https:\/\/muraste.ee\/vana\/wp-content\/uploads\/2024\/01\/Happy-212x300.jpg 212w, https:\/\/muraste.ee\/vana\/wp-content\/uploads\/2024\/01\/Happy-768x1086.jpg 768w, https:\/\/muraste.ee\/vana\/wp-content\/uploads\/2024\/01\/Happy-1086x1536.jpg 1086w, https:\/\/muraste.ee\/vana\/wp-content\/uploads\/2024\/01\/Happy-1448x2048.jpg 1448w, https:\/\/muraste.ee\/vana\/wp-content\/uploads\/2024\/01\/Happy-624x883.jpg 624w, https:\/\/muraste.ee\/vana\/wp-content\/uploads\/2024\/01\/Happy.jpg 1587w\" sizes=\"(max-width: 545px) 100vw, 545px\" \/><\/a><\/figure><\/div>\n\n\n<p>Eesti kirjanduse p\u00e4ev on riiklik t\u00e4htp\u00e4ev. Seda t\u00e4histatakse alates 2023. aastast iga aasta 30. jaanuaril. Eesti kirjanduse p\u00e4ev langeb kokku Eesti kirjaniku A. H. Tammsaare s\u00fcnnip\u00e4evaga. Eesti kirjanduse p\u00e4eval juhitakse t\u00e4helepanu eesti kirjandusele, kirjanikele ja nende rollile Eesti kultuuris ning \u00fchiskonnas. Eesti kirjanduse p\u00e4eva eesm\u00e4rk on v\u00e4\u00e4rtustada kirjanduse t\u00fcvitekste ning soodustada inimeste huvi kirjanduse vastu.<\/p>\n\n\n\n<p><strong>31. jaanuaril kell 19.00&nbsp;<\/strong>toimub Muraste k\u00fclaseltsis eesti kirjandusp\u00e4evale p\u00fchendatud kirjandusklubi \u201cVaatega tuba\u201d ava\u00fcritusele tuleb k\u00fclla MART JUUR.<br>Mart Juur ei vaja tutvustamist, ta on eesti inimestele tuttav nii televisoonist kui raadiost mitmetest meelelahutussaadetest kuni v\u00e4ga huvitavate ja harivate kirjandussaadeteni v\u00e4lja. Tegemist on v\u00e4ga erudeeritud, laialdaste kirjandusalaste teadmiste ja mitek\u00fclgselt p\u00f5neva persooniga.<br>Meie kirjandusklubis tutvustab Mart Juur nii uut kui vana kvaliteetkirjandust ja kirjanikke ning vastab hea meelega publiku k\u00fcsimustele.<br><strong>Piletid eelm\u00fc\u00fcgist 15.00 eur<\/strong><\/p>\n\n\n\n<p><strong>OSTA SIIT<\/strong>: https:\/\/pilet.pro\/toode\/kirjandusklubi-kulla-tuleb-mart-juur\/<strong><br>Kohapeal: 18.00 eur<\/strong><\/p>\n\n\n\n<figure class=\"wp-block-image size-large\"><a href=\"https:\/\/muraste.ee\/vana\/wp-content\/uploads\/2024\/01\/proposal.jpg\"><img decoding=\"async\" loading=\"lazy\" width=\"1024\" height=\"724\" src=\"https:\/\/muraste.ee\/vana\/wp-content\/uploads\/2024\/01\/proposal-1024x724.jpg\" alt=\"\" class=\"wp-image-10285\" srcset=\"https:\/\/muraste.ee\/vana\/wp-content\/uploads\/2024\/01\/proposal-1024x724.jpg 1024w, https:\/\/muraste.ee\/vana\/wp-content\/uploads\/2024\/01\/proposal-300x212.jpg 300w, https:\/\/muraste.ee\/vana\/wp-content\/uploads\/2024\/01\/proposal-768x543.jpg 768w, https:\/\/muraste.ee\/vana\/wp-content\/uploads\/2024\/01\/proposal-1536x1086.jpg 1536w, https:\/\/muraste.ee\/vana\/wp-content\/uploads\/2024\/01\/proposal-2048x1448.jpg 2048w, https:\/\/muraste.ee\/vana\/wp-content\/uploads\/2024\/01\/proposal-624x441.jpg 624w\" sizes=\"(max-width: 1024px) 100vw, 1024px\" \/><\/a><\/figure>\n\n\n\n<p>Juba 50-ndat hooaega toimub Harku vallas muljet avaldav M\u00c4LUM\u00c4NG: Ajuragin<\/p>\n\n\n\n<p>Muraste, kutsume \u00fcles kokku panema oma v\u00f5istkond (4 inimest). J\u00e4rgmine m\u00e4lum\u00e4ng toimub 26.01. V\u00f5istkonnad peab eelnevalt registreerima. Asukoht on Neiberhuudis Tabasalus. Kohti on v\u00e4ga piiratud arv.<\/p>\n\n\n\n<p>Regamisvorm on siin: <a href=\"https:\/\/docs.google.com\/forms\/d\/1icZbeinm2bOLZmH7-jniuJPh1KFQY8Fnv_PLPp-jtbM\/edit\">https:\/\/docs.google.com\/forms\/d\/1icZbeinm2bOLZmH7-jniuJPh1KFQY8Fnv_PLPp-jtbM\/edit<\/a><\/p>\n\n\n\n<p class=\"has-text-align-center has-large-font-size\"><strong>UUED \u00d5PITOAD<\/strong><\/p>\n\n\n<div class=\"wp-block-image\">\n<figure class=\"aligncenter size-large is-resized\"><a href=\"https:\/\/muraste.ee\/vana\/wp-content\/uploads\/2024\/01\/Girl-Born-Illustrated-Instagram-Post-Portrait.jpg\"><img decoding=\"async\" loading=\"lazy\" src=\"https:\/\/muraste.ee\/vana\/wp-content\/uploads\/2024\/01\/Girl-Born-Illustrated-Instagram-Post-Portrait-819x1024.jpg\" alt=\"\" class=\"wp-image-10286\" width=\"523\" height=\"653\" srcset=\"https:\/\/muraste.ee\/vana\/wp-content\/uploads\/2024\/01\/Girl-Born-Illustrated-Instagram-Post-Portrait-819x1024.jpg 819w, https:\/\/muraste.ee\/vana\/wp-content\/uploads\/2024\/01\/Girl-Born-Illustrated-Instagram-Post-Portrait-240x300.jpg 240w, https:\/\/muraste.ee\/vana\/wp-content\/uploads\/2024\/01\/Girl-Born-Illustrated-Instagram-Post-Portrait-768x960.jpg 768w, https:\/\/muraste.ee\/vana\/wp-content\/uploads\/2024\/01\/Girl-Born-Illustrated-Instagram-Post-Portrait-624x780.jpg 624w, https:\/\/muraste.ee\/vana\/wp-content\/uploads\/2024\/01\/Girl-Born-Illustrated-Instagram-Post-Portrait.jpg 1080w\" sizes=\"(max-width: 523px) 100vw, 523px\" \/><\/a><\/figure><\/div>\n\n\n<p><strong>\u00dcks vahva t\u00fcdruk MAARJA on oma isa Mardiga <\/strong>koos kokanud juba palju aastaid ja neil on isegi Youtubes oma kanal olnud. N\u00fc\u00fcd kutsusime Maarja Murastesse, et ta \u00f5petaks s\u00f5brap\u00e4evaks tegema eksootilisi Korea maiusi. Koos tehakse ka v\u00e4ike kinkepakend. Iga\u00fcks saab kaasa k\u00fcmmekond maiusepalli <br>TULE KOOS PEREGA, koos kokkamine, see on v\u00e4ga vahva!<\/p>\n\n\n\n<p><strong>Pane ennast kindlasti kirja: muraste@muraste.ee<\/strong><\/p>\n\n\n\n<figure class=\"wp-block-image size-large\"><a href=\"https:\/\/muraste.ee\/vana\/wp-content\/uploads\/2024\/01\/elamise-kunst-2.jpg\"><img decoding=\"async\" loading=\"lazy\" width=\"1024\" height=\"724\" src=\"https:\/\/muraste.ee\/vana\/wp-content\/uploads\/2024\/01\/elamise-kunst-2-1024x724.jpg\" alt=\"\" class=\"wp-image-10287\" srcset=\"https:\/\/muraste.ee\/vana\/wp-content\/uploads\/2024\/01\/elamise-kunst-2-1024x724.jpg 1024w, https:\/\/muraste.ee\/vana\/wp-content\/uploads\/2024\/01\/elamise-kunst-2-300x212.jpg 300w, https:\/\/muraste.ee\/vana\/wp-content\/uploads\/2024\/01\/elamise-kunst-2-768x543.jpg 768w, https:\/\/muraste.ee\/vana\/wp-content\/uploads\/2024\/01\/elamise-kunst-2-1536x1086.jpg 1536w, https:\/\/muraste.ee\/vana\/wp-content\/uploads\/2024\/01\/elamise-kunst-2-2048x1448.jpg 2048w, https:\/\/muraste.ee\/vana\/wp-content\/uploads\/2024\/01\/elamise-kunst-2-624x441.jpg 624w\" sizes=\"(max-width: 1024px) 100vw, 1024px\" \/><\/a><\/figure>\n\n\n\n<p>\u00d5pime tegema esimesi makrameetehnika s\u00f5lmi ja valmistame toreda lillekiige, et lilled ikka p\u00e4evavalgust rohkem saaksid pimedal ajal. Oma k\u00e4tet\u00f6\u00f6 saab iga\u00fcks koju kaasa muidugi<img decoding=\"async\" loading=\"lazy\" height=\"16\" width=\"16\" src=\"https:\/\/static.xx.fbcdn.net\/images\/emoji.php\/v9\/ta5\/1.5\/16\/1f642.png\" alt=\"\ud83d\ude42\">. <\/p>\n\n\n\n<p>T\u00f6\u00f6tuba juhendab<strong> Jana Reitalu<\/strong>. Olen tegelenud makramee punumisega juba 4 aastat ja tunnen n\u00fc\u00fcd, et v\u00f5iksin oma oskusi ka teistega jagada. Alustaksime k\u00f5ige v\u00e4iksemast t\u00f6\u00f6st, et saada selgeks s\u00f5lmed ja minna sealt edasi keerukamate juurde. <\/p>\n\n\n\n<p><strong>T\u00f6\u00f6toas osalemise hind 20.- .<\/strong> Kestus umbes 2 tundi. Hind sisaldab k\u00f5iki materjale. <strong>Osalejal palun kaasa v\u00f5tta m\u00f5\u00f5dulindi ja teravad k\u00e4\u00e4rid.<\/strong><\/p>\n\n\n\n<p><strong>Pane ennast kirja: muraste@muraste.ee<\/strong><\/p>\n","protected":false},"excerpt":{"rendered":"<p>Tere, armas Muraste! T\u00e4na kell 17.00 arutame Muraste k\u00fclaseltsis Harku valla edasist arengukava. Ootame k\u00f5iki s\u00f5na sekka \u00fctlema. UUED p\u00f5nevad \u00f5pitoad. N\u00fc\u00fcd juba 19 AUHINDA! K\u00fclla tuleb filmi produtsent MARIANNE OSTRAT.Enamus eestimaalasi on kuulnud ja paljud ka n\u00e4inud juba 18 auhinda v\u00f5itnud dokfilmi &#8220;Savvusanna s\u00f5sarad&#8221;, mille re\u017aiss\u00f6\u00f6r ja stsenarist on Anna Hints ning produtsent Marianne<a class=\"moretag\" href=\"https:\/\/muraste.ee\/vana\/?page_id=10297\"><br \/>&#8230;Loe edasi<\/a><\/p>\n","protected":false},"author":2,"featured_media":0,"parent":0,"menu_order":0,"comment_status":"closed","ping_status":"closed","template":"","meta":{"_bbp_topic_count":0,"_bbp_reply_count":0,"_bbp_total_topic_count":0,"_bbp_total_reply_count":0,"_bbp_voice_count":0,"_bbp_anonymous_reply_count":0,"_bbp_topic_count_hidden":0,"_bbp_reply_count_hidden":0,"_bbp_forum_subforum_count":0,"_mc_calendar":[]},"_links":{"self":[{"href":"https:\/\/muraste.ee\/vana\/index.php?rest_route=\/wp\/v2\/pages\/10297"}],"collection":[{"href":"https:\/\/muraste.ee\/vana\/index.php?rest_route=\/wp\/v2\/pages"}],"about":[{"href":"https:\/\/muraste.ee\/vana\/index.php?rest_route=\/wp\/v2\/types\/page"}],"author":[{"embeddable":true,"href":"https:\/\/muraste.ee\/vana\/index.php?rest_route=\/wp\/v2\/users\/2"}],"replies":[{"embeddable":true,"href":"https:\/\/muraste.ee\/vana\/index.php?rest_route=%2Fwp%2Fv2%2Fcomments&post=10297"}],"version-history":[{"count":1,"href":"https:\/\/muraste.ee\/vana\/index.php?rest_route=\/wp\/v2\/pages\/10297\/revisions"}],"predecessor-version":[{"id":10299,"href":"https:\/\/muraste.ee\/vana\/index.php?rest_route=\/wp\/v2\/pages\/10297\/revisions\/10299"}],"wp:attachment":[{"href":"https:\/\/muraste.ee\/vana\/index.php?rest_route=%2Fwp%2Fv2%2Fmedia&parent=10297"}],"curies":[{"name":"wp","href":"https:\/\/api.w.org\/{rel}","templated":true}]}}