{"id":10314,"date":"2024-01-22T13:44:13","date_gmt":"2024-01-22T11:44:13","guid":{"rendered":"https:\/\/muraste.ee\/vana\/?page_id=10314"},"modified":"2024-01-22T13:44:50","modified_gmt":"2024-01-22T11:44:50","slug":"10314-2","status":"publish","type":"page","link":"https:\/\/muraste.ee\/vana\/?page_id=10314","title":{"rendered":"N\u00e4dal 4"},"content":{"rendered":"\n<p><img decoding=\"async\" loading=\"lazy\" width=\"624\" height=\"832\" src=\"https:\/\/muraste.ee\/vana\/wp-content\/uploads\/2024\/01\/pink-peppercorn-berries-covered-with-snow-1-624x832.jpg\" alt=\"\" srcset=\"https:\/\/muraste.ee\/vana\/wp-content\/uploads\/2024\/01\/pink-peppercorn-berries-covered-with-snow-1-624x832.jpg 624w, https:\/\/muraste.ee\/vana\/wp-content\/uploads\/2024\/01\/pink-peppercorn-berries-covered-with-snow-1-225x300.jpg 225w, https:\/\/muraste.ee\/vana\/wp-content\/uploads\/2024\/01\/pink-peppercorn-berries-covered-with-snow-1-768x1024.jpg 768w, https:\/\/muraste.ee\/vana\/wp-content\/uploads\/2024\/01\/pink-peppercorn-berries-covered-with-snow-1-1152x1536.jpg 1152w, https:\/\/muraste.ee\/vana\/wp-content\/uploads\/2024\/01\/pink-peppercorn-berries-covered-with-snow-1-1536x2048.jpg 1536w, https:\/\/muraste.ee\/vana\/wp-content\/uploads\/2024\/01\/pink-peppercorn-berries-covered-with-snow-1-scaled.jpg 1920w\"><\/p>\n\n\n\n<h1 class=\"wp-block-heading\">N\u00e4dal 4<\/h1>\n\n\n\n<p>Tere, armas Muraste! Meil on tulekul nii palju p\u00f5nevat, et hoia piip ja prillid&nbsp;\ud83d\ude42<\/p>\n\n\n\n<figure class=\"wp-block-image\"><a href=\"https:\/\/muraste.ee\/vana\/wp-content\/uploads\/2024\/01\/Savvu-1.jpg\"><img decoding=\"async\" loading=\"lazy\" width=\"940\" height=\"788\" src=\"https:\/\/muraste.ee\/vana\/wp-content\/uploads\/2024\/01\/Savvu-1.jpg\" alt=\"\" class=\"wp-image-10292\" srcset=\"https:\/\/muraste.ee\/vana\/wp-content\/uploads\/2024\/01\/Savvu-1.jpg 940w, https:\/\/muraste.ee\/vana\/wp-content\/uploads\/2024\/01\/Savvu-1-300x251.jpg 300w, https:\/\/muraste.ee\/vana\/wp-content\/uploads\/2024\/01\/Savvu-1-768x644.jpg 768w, https:\/\/muraste.ee\/vana\/wp-content\/uploads\/2024\/01\/Savvu-1-624x523.jpg 624w\" sizes=\"(max-width: 940px) 100vw, 940px\" \/><\/a><\/figure>\n\n\n\n<p><strong>N\u00fc\u00fcd juba 19 AUHINDA!<\/strong><\/p>\n\n\n\n<p><strong>26. jaanuar kell 19.00 Muraste kinopunkt (Lee tee 9) Pilet: 6.00\/5.00 eur<\/strong><\/p>\n\n\n\n<p><strong>K\u00fclla tuleb filmi produtsent MARIANNE OSTRAT.<\/strong><br>Enamus eestimaalasi on kuulnud ja paljud ka n\u00e4inud juba 18 auhinda v\u00f5itnud dokfilmi \u201cSavvusanna s\u00f5sarad\u201d, mille re\u017aiss\u00f6\u00f6r ja stsenarist on Anna Hints ning produtsent Marianne Ostrat. Lisaks auhindadele on film p\u00e4lvinud 8 rahvusvahelise t\u00e4htsusega nominatsiooni. Mainekaim auhind on Euroopa Filmiauhinna v\u00f5it parima dokumentaalfilmi kategoorias, lisaks esimese Eesti dokumentaalfilmina Sundance\u2019i filmifestivalil parima re\u015biss\u00f6\u00f6ri preemia, San Francisco auhinnad, LUX publikuauhinna nominatsioon ning uusim on kodumaine aasta filmi auhind Eesti Filmiajakirjanike \u201cNeitsi Maali\u201d ning palju teisi.<br>\u201cIseenesest ei ole see, et film v\u00f4idab aasta jooksul 18 auhinda midagi erakordset. \u201cSavvusanna s\u00f5sarad\u201d puhul on erakordne v\u00f4idetud auhindade ja p\u00e4lvitud nominatsioonide tase ja kaalukus\u201d r\u00e4\u00e4gib filmi produtsent Marianne Ostrat.<br>Kuigi Oscari-jaht j\u00e4i \u201cSavvusanna s\u00f5sarate\u201d jaoks kahjuks oodatust l\u00fchemaks, leevendab seda loodetavasti j\u00e4tkuv palav toetus kodumaal. Anna Hints ja teised osalised v\u00e4\u00e4rivad tunnustust turvalise tunderuumi loomise eest filmis, mis \u00fchendab inimesi ning on viinud Eesti kultuuri kinoekraanidele \u00fcle maailma,\u201d \u00fctles Eesti Filmiajakirjanike \u00dchingu esimees Andrei Liimets (Autor<br>BNS).<br>Filmi tegevus toimub Vana-V\u00f5romaal suitsusaunas, mis kuulub UNESCO kultuurip\u00e4randi esindusnimekirja. \u201cSavvusanna s\u00f5sarad\u201d tutvustab vanaaegse suitsusauna kombestikku, kuid on seejuures kaasaegne film naistest, kes suitsusauna kokku tulevad, r\u00e4\u00e4givad oma kurbusest ja h\u00e4bist ning saavad puhtaks suitsusauna tervendava rituaalse m\u00f5ju l\u00e4bi.<br>Kes veel ei ole mainekate auhindadega p\u00e4rjatud filmi n\u00e4inud v\u00f5i kes soovivad veelkord kogeda suitsusauna maagiat, siis on v\u00f5imalus vaadata \u201cSavvusanna s\u00f5sarad\u201d filmi Muraste kinopunktist 26.jaanuaril kell 19.00, Lee tee 9.<br>K\u00fclla tuleb ka filmi produtsent MARIANNE OSTRAT, kes r\u00e4\u00e4gib filmi valmimisprotsessist, auhindade p\u00f6\u00f6rasest karussellist ning vastab teie k\u00fcsimustele.<br>R\u00f5\u00f5msate kohtumisteni Murastes.<\/p>\n\n\n\n<figure class=\"wp-block-image\"><a href=\"https:\/\/muraste.ee\/vana\/wp-content\/uploads\/2024\/01\/Happy.jpg\"><img decoding=\"async\" loading=\"lazy\" width=\"724\" height=\"1024\" src=\"https:\/\/muraste.ee\/vana\/wp-content\/uploads\/2024\/01\/Happy-724x1024.jpg\" alt=\"\" class=\"wp-image-10272\" srcset=\"https:\/\/muraste.ee\/vana\/wp-content\/uploads\/2024\/01\/Happy-724x1024.jpg 724w, https:\/\/muraste.ee\/vana\/wp-content\/uploads\/2024\/01\/Happy-212x300.jpg 212w, https:\/\/muraste.ee\/vana\/wp-content\/uploads\/2024\/01\/Happy-768x1086.jpg 768w, https:\/\/muraste.ee\/vana\/wp-content\/uploads\/2024\/01\/Happy-1086x1536.jpg 1086w, https:\/\/muraste.ee\/vana\/wp-content\/uploads\/2024\/01\/Happy-1448x2048.jpg 1448w, https:\/\/muraste.ee\/vana\/wp-content\/uploads\/2024\/01\/Happy-624x883.jpg 624w, https:\/\/muraste.ee\/vana\/wp-content\/uploads\/2024\/01\/Happy.jpg 1587w\" sizes=\"(max-width: 724px) 100vw, 724px\" \/><\/a><\/figure>\n\n\n\n<p><strong>31. jaanur kell 19. 00 Muraste kinopunkt (Lee tee 9)<\/strong><\/p>\n\n\n\n<p><strong>VESTLEMA TULEB MART JUUR<\/strong><\/p>\n\n\n\n<p><strong>Piletid eelm\u00fc\u00fcgist 15.00 eur<\/strong><\/p>\n\n\n\n<p><strong>OSTA SIIT<\/strong>: https:\/\/pilet.pro\/toode\/kirjandusklubi-kulla-tuleb-mart-juur\/<strong><br>Kohapeal: 18.00 eur<\/strong><\/p>\n\n\n\n<p>Eesti kirjanduse p\u00e4ev on riiklik t\u00e4htp\u00e4ev. Seda t\u00e4histatakse alates 2023. aastast iga aasta 30. jaanuaril. Eesti kirjanduse p\u00e4ev langeb kokku Eesti kirjaniku A. H. Tammsaare s\u00fcnnip\u00e4evaga. Eesti kirjanduse p\u00e4eval juhitakse t\u00e4helepanu eesti kirjandusele, kirjanikele ja nende rollile Eesti kultuuris ning \u00fchiskonnas. Eesti kirjanduse p\u00e4eva eesm\u00e4rk on v\u00e4\u00e4rtustada kirjanduse t\u00fcvitekste ning soodustada inimeste huvi kirjanduse vastu.<\/p>\n\n\n\n<p>Muraste kinopunktis toimub eesti kirjandusp\u00e4evale p\u00fchendatud kirjandusklubi \u201cVaatega tuba\u201d ava\u00fcritusele tuleb k\u00fclla&nbsp;<strong>MART JUUR.<\/strong><br>Mart Juur ei vaja tutvustamist, ta on eesti inimestele tuttav nii televisoonist kui raadiost mitmetest meelelahutussaadetest kuni v\u00e4ga huvitavate ja harivate kirjandussaadeteni v\u00e4lja. Tegemist on v\u00e4ga erudeeritud, laialdaste kirjandusalaste teadmiste ja mitek\u00fclgselt p\u00f5neva persooniga.<br>Meie kirjandusklubis tutvustab Mart Juur nii uut kui vana kvaliteetkirjandust ja kirjanikke ning vastab hea meelega publiku k\u00fcsimustele.<\/p>\n\n\n\n<figure class=\"wp-block-image\"><a href=\"https:\/\/muraste.ee\/vana\/wp-content\/uploads\/2024\/01\/Eesti-ajaloost-ja-tanapaevast-vestleb-publikuga-1.jpg\"><img decoding=\"async\" loading=\"lazy\" width=\"1024\" height=\"724\" src=\"https:\/\/muraste.ee\/vana\/wp-content\/uploads\/2024\/01\/Eesti-ajaloost-ja-tanapaevast-vestleb-publikuga-1-1024x724.jpg\" alt=\"\" class=\"wp-image-10304\" srcset=\"https:\/\/muraste.ee\/vana\/wp-content\/uploads\/2024\/01\/Eesti-ajaloost-ja-tanapaevast-vestleb-publikuga-1-1024x724.jpg 1024w, https:\/\/muraste.ee\/vana\/wp-content\/uploads\/2024\/01\/Eesti-ajaloost-ja-tanapaevast-vestleb-publikuga-1-300x212.jpg 300w, https:\/\/muraste.ee\/vana\/wp-content\/uploads\/2024\/01\/Eesti-ajaloost-ja-tanapaevast-vestleb-publikuga-1-768x543.jpg 768w, https:\/\/muraste.ee\/vana\/wp-content\/uploads\/2024\/01\/Eesti-ajaloost-ja-tanapaevast-vestleb-publikuga-1-1536x1086.jpg 1536w, https:\/\/muraste.ee\/vana\/wp-content\/uploads\/2024\/01\/Eesti-ajaloost-ja-tanapaevast-vestleb-publikuga-1-2048x1448.jpg 2048w, https:\/\/muraste.ee\/vana\/wp-content\/uploads\/2024\/01\/Eesti-ajaloost-ja-tanapaevast-vestleb-publikuga-1-624x441.jpg 624w\" sizes=\"(max-width: 1024px) 100vw, 1024px\" \/><\/a><\/figure>\n\n\n\n<p><strong>16. veebr. kell 19.00 Muraste kinopunktis (Lee tee 9) Pilet: 6.00\/5.00 eur<\/strong><\/p>\n\n\n\n<p><strong>K\u00dcLLA TULEB&nbsp;<\/strong>edine diplomaat, Riigikogu liige ja Riigikaitsekomisjoni esimees&nbsp;<strong>KALEV STOICESCU<\/strong>. Vestleme Eesti ajaloolistest s\u00fcndmustest ja praegusest olukorrast.<\/p>\n\n\n\n<p>Eesti admirali ja tema ajastu lugu<\/p>\n\n\n\n<p>Johan Pitka oli mees, kes on kompromissitu kindlusega seisnud Eesti saatuse p\u00f6\u00f6rdeliste s\u00fcndmuste juures, olgu selleks Kaitseliidu ellu kutsumine, soomusrongid Vabaduss\u00f5jas v\u00f5i paljud teised olulised, ent haprad hetked, mis on n\u00f5udnud just Pitkale omast p\u00f6\u00f6rast julgust. Sellised hetked ei j\u00e4\u00e4 vaid minevikku, ajalugu vajab sellist otsusekindlust ka t\u00e4na ja edaspidi\u2026 Eesti ajaloo \u00fche p\u00f5nevaima suurkuju elu oli sama kirev ja p\u00f6\u00f6rane, nagu mehe iseloomgi. Seda huvitavam on meie k\u00f5igi lugu, Eesti lugu l\u00e4bi tema tegelaskuju r\u00e4\u00e4kida. \u201ePitka legend\u201c \u00e4ratab tippn\u00e4itlejatega lavastuslike stseenide, animatsiooni ja dokumentaalkaadrite kaudu ellu loo esimesest Eesti admiralist, tema ajastust, v\u00f5itlustest ja unistustest. &nbsp;<\/p>\n\n\n\n<p>Stsenaarium: Loone Ots, Rein Pakk<br>Rezhiss\u00f6\u00f6r: Ain M\u00e4eots<br>Operaator: Mait M\u00e4ekivi<br>Kunstnik: Killu M\u00e4gi<br>Montaazh: Risto Pillesson<br>animatsioon: Elise Christine J\u00f6rberg<br>Helilooja: Ardo Ran Varres<br>Osades Karol Kuntsel, Maria Annus, Indrek Taalmaa, Ronald M\u00e4eots, Mait Malmsten, jt.<br>Produtsent: Ain M\u00e4eots<\/p>\n\n\n\n<figure class=\"wp-block-embed is-type-rich is-provider-embed-handler wp-block-embed-embed-handler\"><div class=\"wp-block-embed__wrapper\">\nhttps:\/\/youtube.com\/watch?v=AqhpzH6NskA%3Ffeature%3Doembed\n<\/div><\/figure>\n\n\n\n<figure class=\"wp-block-image\"><a href=\"https:\/\/muraste.ee\/vana\/wp-content\/uploads\/2024\/01\/1-MARTS-kell-19.00.jpg\"><img decoding=\"async\" loading=\"lazy\" width=\"724\" height=\"1024\" src=\"https:\/\/muraste.ee\/vana\/wp-content\/uploads\/2024\/01\/1-MARTS-kell-19.00-724x1024.jpg\" alt=\"\" class=\"wp-image-10303\" srcset=\"https:\/\/muraste.ee\/vana\/wp-content\/uploads\/2024\/01\/1-MARTS-kell-19.00-724x1024.jpg 724w, https:\/\/muraste.ee\/vana\/wp-content\/uploads\/2024\/01\/1-MARTS-kell-19.00-212x300.jpg 212w, https:\/\/muraste.ee\/vana\/wp-content\/uploads\/2024\/01\/1-MARTS-kell-19.00-768x1086.jpg 768w, https:\/\/muraste.ee\/vana\/wp-content\/uploads\/2024\/01\/1-MARTS-kell-19.00-1086x1536.jpg 1086w, https:\/\/muraste.ee\/vana\/wp-content\/uploads\/2024\/01\/1-MARTS-kell-19.00-1448x2048.jpg 1448w, https:\/\/muraste.ee\/vana\/wp-content\/uploads\/2024\/01\/1-MARTS-kell-19.00-624x883.jpg 624w, https:\/\/muraste.ee\/vana\/wp-content\/uploads\/2024\/01\/1-MARTS-kell-19.00.jpg 1587w\" sizes=\"(max-width: 724px) 100vw, 724px\" \/><\/a><\/figure>\n\n\n\n<ol>\n<li><strong>M\u00c4RTS kell 19.00 Muraste kinopunktis (Lee tee 9) Pilet: 6.00\/5.00 eur<\/strong><\/li>\n<\/ol>\n\n\n\n<p>A. H. Tammsaare samanimelisel romaanil p\u00f5hinev m\u00e4ngufilm viib meid \u00fche ootamatu armastusloo keskmesse. Elu ja armastuse j\u00e4rskude p\u00f6\u00f6retega seisavad silmitsi kaks Eesti kirjandusest tuntud ikoonilist tegelast, Irma ja Rudolf. Filmi tegevus leiab aset murrangulisel ajaj\u00e4rgul, mil kasvavast heaolust rammestunud noor Eesti Vabariik peab toime tulema muutuva maailma raputavate v\u00e4ljakutsetega. Esmakordselt t\u00e4ispika m\u00e4ngufilmina ekraanile j\u00f5udev \u201cElu ja armastus\u201d annab aegumatutele teemadele v\u00e4rske vaatepunkti, luues \u00fcllatavaid paralleele t\u00e4nap\u00e4evamaailmaga.<\/p>\n\n\n\n<p>1933. aasta kuumal suvel tuleb sisukamast elust unistav noor Irma maalt linna sugulase Lonni juurde. Irma on keskkonnavahetusest vaimustuses, linnaelus pettunud Lonni n\u00e4eb aga t\u00fcdruku tulekus uut v\u00f5imalust ka enda jaoks.<\/p>\n\n\n\n<p>Irmasse armunud maapoiss Eedi j\u00e4litab t\u00fcdrukut ja \u00fcritab veenda teda tagasi tulema, oma isatallu perenaiseks. Irma aga on otsustanud nende \u00fchise romantilise mineviku oma unistuste nimel seljatada.<\/p>\n\n\n\n<p>Juhuse tahtel palkab keskealine tr\u00fckit\u00f6\u00f6stur Rudolf Irma endale teenijaks. Rudolfi sarm ja salap\u00e4ra paeluvad Irmat ja ootamatult t\u00e4rganud tunded ei lase tal \u00fchel hetkel enam mehe l\u00e4henemiskatseid t\u00f5rjuda. Ehkki Rudolf vannub Irmale armastust, paljastub peagi edeva mehe liiderlik ja manipuleeriv pale.<\/p>\n\n\n\n<p>Treiler:<\/p>\n\n\n\n<figure class=\"wp-block-embed is-type-rich is-provider-embed-handler wp-block-embed-embed-handler\"><div class=\"wp-block-embed__wrapper\">\nhttps:\/\/youtube.com\/watch?v=YvvZrIw1NxQ%3Ffeature%3Doembed\n<\/div><\/figure>\n\n\n\n<figure class=\"wp-block-image\"><a href=\"https:\/\/muraste.ee\/vana\/wp-content\/uploads\/2024\/01\/elamise-kunst-2.jpg\"><img decoding=\"async\" loading=\"lazy\" width=\"1024\" height=\"724\" src=\"https:\/\/muraste.ee\/vana\/wp-content\/uploads\/2024\/01\/elamise-kunst-2-1024x724.jpg\" alt=\"\" class=\"wp-image-10287\" srcset=\"https:\/\/muraste.ee\/vana\/wp-content\/uploads\/2024\/01\/elamise-kunst-2-1024x724.jpg 1024w, https:\/\/muraste.ee\/vana\/wp-content\/uploads\/2024\/01\/elamise-kunst-2-300x212.jpg 300w, https:\/\/muraste.ee\/vana\/wp-content\/uploads\/2024\/01\/elamise-kunst-2-768x543.jpg 768w, https:\/\/muraste.ee\/vana\/wp-content\/uploads\/2024\/01\/elamise-kunst-2-1536x1086.jpg 1536w, https:\/\/muraste.ee\/vana\/wp-content\/uploads\/2024\/01\/elamise-kunst-2-2048x1448.jpg 2048w, https:\/\/muraste.ee\/vana\/wp-content\/uploads\/2024\/01\/elamise-kunst-2-624x441.jpg 624w\" sizes=\"(max-width: 1024px) 100vw, 1024px\" \/><\/a><\/figure>\n\n\n\n<p>\u00d5pime tegema esimesi makrameetehnika s\u00f5lmi ja valmistame toreda lillekiige, et lilled ikka p\u00e4evavalgust rohkem saaksid pimedal ajal. Oma k\u00e4tet\u00f6\u00f6 saab iga\u00fcks koju kaasa muidugi<img decoding=\"async\" loading=\"lazy\" height=\"16\" width=\"16\" src=\"https:\/\/static.xx.fbcdn.net\/images\/emoji.php\/v9\/ta5\/1.5\/16\/1f642.png\" alt=\"\ud83d\ude42\">.<\/p>\n\n\n\n<p>T\u00f6\u00f6tuba juhendab<strong>&nbsp;Jana Reitalu<\/strong>. Olen tegelenud makramee punumisega juba 4 aastat ja tunnen n\u00fc\u00fcd, et v\u00f5iksin oma oskusi ka teistega jagada. Alustaksime k\u00f5ige v\u00e4iksemast t\u00f6\u00f6st, et saada selgeks s\u00f5lmed ja minna sealt edasi keerukamate juurde.<\/p>\n\n\n\n<p><strong>T\u00f6\u00f6toas osalemise hind 20.- .<\/strong>&nbsp;Kestus umbes 2 tundi. Hind sisaldab k\u00f5iki materjale.&nbsp;<strong>Osalejal palun kaasa v\u00f5tta m\u00f5\u00f5dulindi ja teravad k\u00e4\u00e4rid.<\/strong><\/p>\n\n\n\n<p><strong>Pane ennast kirja: muraste@muraste.ee<\/strong><\/p>\n\n\n\n<figure class=\"wp-block-image\"><a href=\"https:\/\/muraste.ee\/vana\/wp-content\/uploads\/2024\/01\/Girl-Born-Illustrated-Instagram-Post-Portrait.jpg\"><img decoding=\"async\" loading=\"lazy\" width=\"819\" height=\"1024\" src=\"https:\/\/muraste.ee\/vana\/wp-content\/uploads\/2024\/01\/Girl-Born-Illustrated-Instagram-Post-Portrait-819x1024.jpg\" alt=\"\" class=\"wp-image-10286\" srcset=\"https:\/\/muraste.ee\/vana\/wp-content\/uploads\/2024\/01\/Girl-Born-Illustrated-Instagram-Post-Portrait-819x1024.jpg 819w, https:\/\/muraste.ee\/vana\/wp-content\/uploads\/2024\/01\/Girl-Born-Illustrated-Instagram-Post-Portrait-240x300.jpg 240w, https:\/\/muraste.ee\/vana\/wp-content\/uploads\/2024\/01\/Girl-Born-Illustrated-Instagram-Post-Portrait-768x960.jpg 768w, https:\/\/muraste.ee\/vana\/wp-content\/uploads\/2024\/01\/Girl-Born-Illustrated-Instagram-Post-Portrait-624x780.jpg 624w, https:\/\/muraste.ee\/vana\/wp-content\/uploads\/2024\/01\/Girl-Born-Illustrated-Instagram-Post-Portrait.jpg 1080w\" sizes=\"(max-width: 819px) 100vw, 819px\" \/><\/a><\/figure>\n\n\n\n<p><strong>\u00dcks vahva t\u00fcdruk MAARJA on oma isa Mardiga&nbsp;<\/strong>koos kokanud juba palju aastaid ja neil on isegi Youtubes oma kanal olnud. N\u00fc\u00fcd kutsusime Maarja Murastesse, et ta \u00f5petaks s\u00f5brap\u00e4evaks tegema eksootilisi Korea maiusi. Koos tehakse ka v\u00e4ike kinkepakend. Iga\u00fcks saab kaasa k\u00fcmmekond maiusepalli<br>TULE KOOS PEREGA, koos kokkamine, see on v\u00e4ga vahva!<\/p>\n\n\n\n<p><strong>Osaluspanus: 15.00 eur, kohapeal sularahas<\/strong><\/p>\n\n\n\n<p><strong>Pane ennast kindlasti kirja: muraste@muraste.ee<\/strong><\/p>\n","protected":false},"excerpt":{"rendered":"<p>N\u00e4dal 4 Tere, armas Muraste! Meil on tulekul nii palju p\u00f5nevat, et hoia piip ja prillid&nbsp;\ud83d\ude42 N\u00fc\u00fcd juba 19 AUHINDA! 26. jaanuar kell 19.00 Muraste kinopunkt (Lee tee 9) Pilet: 6.00\/5.00 eur K\u00fclla tuleb filmi produtsent MARIANNE OSTRAT.Enamus eestimaalasi on kuulnud ja paljud ka n\u00e4inud juba 18 auhinda v\u00f5itnud dokfilmi \u201cSavvusanna s\u00f5sarad\u201d, mille re\u017aiss\u00f6\u00f6r ja<a class=\"moretag\" href=\"https:\/\/muraste.ee\/vana\/?page_id=10314\"><br \/>&#8230;Loe edasi<\/a><\/p>\n","protected":false},"author":2,"featured_media":0,"parent":0,"menu_order":0,"comment_status":"closed","ping_status":"closed","template":"","meta":{"_bbp_topic_count":0,"_bbp_reply_count":0,"_bbp_total_topic_count":0,"_bbp_total_reply_count":0,"_bbp_voice_count":0,"_bbp_anonymous_reply_count":0,"_bbp_topic_count_hidden":0,"_bbp_reply_count_hidden":0,"_bbp_forum_subforum_count":0,"_mc_calendar":[]},"_links":{"self":[{"href":"https:\/\/muraste.ee\/vana\/index.php?rest_route=\/wp\/v2\/pages\/10314"}],"collection":[{"href":"https:\/\/muraste.ee\/vana\/index.php?rest_route=\/wp\/v2\/pages"}],"about":[{"href":"https:\/\/muraste.ee\/vana\/index.php?rest_route=\/wp\/v2\/types\/page"}],"author":[{"embeddable":true,"href":"https:\/\/muraste.ee\/vana\/index.php?rest_route=\/wp\/v2\/users\/2"}],"replies":[{"embeddable":true,"href":"https:\/\/muraste.ee\/vana\/index.php?rest_route=%2Fwp%2Fv2%2Fcomments&post=10314"}],"version-history":[{"count":2,"href":"https:\/\/muraste.ee\/vana\/index.php?rest_route=\/wp\/v2\/pages\/10314\/revisions"}],"predecessor-version":[{"id":10317,"href":"https:\/\/muraste.ee\/vana\/index.php?rest_route=\/wp\/v2\/pages\/10314\/revisions\/10317"}],"wp:attachment":[{"href":"https:\/\/muraste.ee\/vana\/index.php?rest_route=%2Fwp%2Fv2%2Fmedia&parent=10314"}],"curies":[{"name":"wp","href":"https:\/\/api.w.org\/{rel}","templated":true}]}}