{"id":10363,"date":"2024-02-05T14:13:01","date_gmt":"2024-02-05T12:13:01","guid":{"rendered":"https:\/\/muraste.ee\/vana\/?page_id=10363"},"modified":"2024-02-05T14:13:42","modified_gmt":"2024-02-05T12:13:42","slug":"10363-2","status":"publish","type":"page","link":"https:\/\/muraste.ee\/vana\/?page_id=10363","title":{"rendered":"N\u00e4dal 6"},"content":{"rendered":"\n<h1 class=\"wp-block-heading\"><\/h1>\n\n\n\n<p>Tere, armas Muraste!<\/p>\n\n\n\n<p>Veebruar on Eesti Vabariigi s\u00fcnnip\u00e4eva kuu. Tunne oma riigi ajalugu ja tule Murastesse kino\u00f5htule, kus vestlust viib l\u00e4bi<strong>&nbsp;<\/strong>endine diplomaat, Riigikogu liige ja Riigikaitsekomisjoni esimees&nbsp;<strong>KALEV STOICESCU<\/strong>.<\/p>\n\n\n\n<figure class=\"wp-block-image\"><a href=\"https:\/\/muraste.ee\/vana\/wp-content\/uploads\/2024\/01\/Eesti-ajaloost-ja-tanapaevast-vestleb-publikuga-1.jpg\"><img decoding=\"async\" loading=\"lazy\" width=\"1024\" height=\"724\" src=\"https:\/\/muraste.ee\/vana\/wp-content\/uploads\/2024\/01\/Eesti-ajaloost-ja-tanapaevast-vestleb-publikuga-1-1024x724.jpg\" alt=\"\" class=\"wp-image-10304\" srcset=\"https:\/\/muraste.ee\/vana\/wp-content\/uploads\/2024\/01\/Eesti-ajaloost-ja-tanapaevast-vestleb-publikuga-1-1024x724.jpg 1024w, https:\/\/muraste.ee\/vana\/wp-content\/uploads\/2024\/01\/Eesti-ajaloost-ja-tanapaevast-vestleb-publikuga-1-300x212.jpg 300w, https:\/\/muraste.ee\/vana\/wp-content\/uploads\/2024\/01\/Eesti-ajaloost-ja-tanapaevast-vestleb-publikuga-1-768x543.jpg 768w, https:\/\/muraste.ee\/vana\/wp-content\/uploads\/2024\/01\/Eesti-ajaloost-ja-tanapaevast-vestleb-publikuga-1-1536x1086.jpg 1536w, https:\/\/muraste.ee\/vana\/wp-content\/uploads\/2024\/01\/Eesti-ajaloost-ja-tanapaevast-vestleb-publikuga-1-2048x1448.jpg 2048w, https:\/\/muraste.ee\/vana\/wp-content\/uploads\/2024\/01\/Eesti-ajaloost-ja-tanapaevast-vestleb-publikuga-1-624x441.jpg 624w\" sizes=\"(max-width: 1024px) 100vw, 1024px\" \/><\/a><\/figure>\n\n\n\n<p><strong>16. veebr. kell 19.00 Muraste kinopunktis (Lee tee 9) Pilet: 6.00\/5.00 eur<\/strong><\/p>\n\n\n\n<p><strong>K\u00dcLLA TULEB&nbsp;<\/strong>edine diplomaat, Riigikogu liige ja Riigikaitsekomisjoni esimees&nbsp;<strong>KALEV STOICESCU<\/strong>. Vestleme Eesti ajaloolistest s\u00fcndmustest ja praegusest olukorrast.<\/p>\n\n\n\n<p>Eesti admirali ja tema ajastu lugu<\/p>\n\n\n\n<p>Johan Pitka oli mees, kes on kompromissitu kindlusega seisnud Eesti saatuse p\u00f6\u00f6rdeliste s\u00fcndmuste juures, olgu selleks Kaitseliidu ellu kutsumine, soomusrongid Vabaduss\u00f5jas v\u00f5i paljud teised olulised, ent haprad hetked, mis on n\u00f5udnud just Pitkale omast p\u00f6\u00f6rast julgust. Sellised hetked ei j\u00e4\u00e4 vaid minevikku, ajalugu vajab sellist otsusekindlust ka t\u00e4na ja edaspidi\u2026 Eesti ajaloo \u00fche p\u00f5nevaima suurkuju elu oli sama kirev ja p\u00f6\u00f6rane, nagu mehe iseloomgi. Seda huvitavam on meie k\u00f5igi lugu, Eesti lugu l\u00e4bi tema tegelaskuju r\u00e4\u00e4kida. \u201ePitka legend\u201c \u00e4ratab tippn\u00e4itlejatega lavastuslike stseenide, animatsiooni ja dokumentaalkaadrite kaudu ellu loo esimesest Eesti admiralist, tema ajastust, v\u00f5itlustest ja unistustest. &nbsp;<\/p>\n\n\n\n<p>Stsenaarium: Loone Ots, Rein Pakk<br>Rezhiss\u00f6\u00f6r: Ain M\u00e4eots<br>Operaator: Mait M\u00e4ekivi<br>Kunstnik: Killu M\u00e4gi<br>Montaazh: Risto Pillesson<br>animatsioon: Elise Christine J\u00f6rberg<br>Helilooja: Ardo Ran Varres<br>Osades Karol Kuntsel, Maria Annus, Indrek Taalmaa, Ronald M\u00e4eots, Mait Malmsten, jt.<br>Produtsent: Ain M\u00e4eots<\/p>\n\n\n\n<figure class=\"wp-block-embed is-type-rich is-provider-embed-handler wp-block-embed-embed-handler\"><div class=\"wp-block-embed__wrapper\">\nhttps:\/\/youtube.com\/watch?v=AqhpzH6NskA%3Ffeature%3Doembed\n<\/div><\/figure>\n\n\n\n<figure class=\"wp-block-image\"><a href=\"https:\/\/muraste.ee\/vana\/wp-content\/uploads\/2024\/01\/EV-2024-plakat.jpg\"><img decoding=\"async\" loading=\"lazy\" width=\"1024\" height=\"724\" src=\"https:\/\/muraste.ee\/vana\/wp-content\/uploads\/2024\/01\/EV-2024-plakat-1024x724.jpg\" alt=\"\" class=\"wp-image-10319\" srcset=\"https:\/\/muraste.ee\/vana\/wp-content\/uploads\/2024\/01\/EV-2024-plakat-1024x724.jpg 1024w, https:\/\/muraste.ee\/vana\/wp-content\/uploads\/2024\/01\/EV-2024-plakat-300x212.jpg 300w, https:\/\/muraste.ee\/vana\/wp-content\/uploads\/2024\/01\/EV-2024-plakat-768x543.jpg 768w, https:\/\/muraste.ee\/vana\/wp-content\/uploads\/2024\/01\/EV-2024-plakat-1536x1086.jpg 1536w, https:\/\/muraste.ee\/vana\/wp-content\/uploads\/2024\/01\/EV-2024-plakat-2048x1448.jpg 2048w, https:\/\/muraste.ee\/vana\/wp-content\/uploads\/2024\/01\/EV-2024-plakat-624x441.jpg 624w\" sizes=\"(max-width: 1024px) 100vw, 1024px\" \/><\/a><\/figure>\n\n\n\n<p>Armsad Harku valla inimesed ja k\u00fclalised,<br>Juba 13 a. on Muraste k\u00fclaselts korraldanud Harku vallas traditsiooniks saanud Eesti Vabariigi s\u00fcnniaastap\u00e4evale p\u00fchendatud \u00d6\u00d6MATKA. Nii ka sellel aastal, mil Eesti t\u00e4histab 106 aastap\u00e4eva.<br><strong>MATKAL on 2 ALGUSPUNKTI<br>1. alguspunkt kell 18.00 MURASTE KOOLI juures (Lee tee 9).<\/strong><br>Liigume l\u00e4bi Suurupi, m\u00f6\u00f6da metsarada ja mere \u00e4\u00e4rest Tilgu sadamasse.<br><strong>2. alguspunkt kell 18.30 Rannam\u00f5isa kiriku juure<\/strong>s. Kaitseliidu pidulik rivistus Vabaduss\u00f5ja ausamba juures p\u00e4rgade asetamine. Sealt siirdutakse rongk\u00e4igus m\u00f6\u00f6da Tilgu teed Tilgu Sadamasse.<\/p>\n\n\n\n<p><strong>KAVA:<br>19.30 TILGU SADAMA<\/strong>S s\u00fc\u00fcdatakse l\u00f5ke. Harku valla naiskodukaitsjad pakuvad sooja katlasuppi ja kuuma teed.<br>K\u00f5lavad isamaalised k\u00f5ned.<br>Tantsu keerutavad rahvatantsu segar\u00fchm P\u00d6\u00d6RELINE.<\/p>\n\n\n\n<p><strong>\u00d6\u00d6LAULUPIDU<br>esineb IVO LINNA&nbsp;<\/strong>eesti lauludega, kaasa laulab Suurupi naiskoor MERETULE ja RAHVAS.<\/p>\n\n\n\n<p>V\u00f5ta kaasa latern v\u00f5i t\u00f5rvik, sobivas suuruses Eesti lipp, tule perega, kutsu s\u00f5brad ning naabrid l\u00e4hedalt ja kaugelt.<br>Jalgsimatk on j\u00f5ukohane ka lastele.<br>\u00dcritus on tasuta.<br>Varu kaasa 1.00 eur supikatla t\u00e4itmiseks + 2.00 euri pandipakendi eest, mis tagastatakse.<\/p>\n\n\n\n<p>Tulge t\u00e4histama meie kalli kodumaa s\u00fcnniaastap\u00e4eva kogu perega, v\u00f5tke kaasa lapsed, kellele selline isamaaline \u00fcritus j\u00e4\u00e4b meelde kauaks. Saame koos sammuda rongk\u00e4igus laternate ja sinimustvalgete lippudega, m\u00f5tiskleda l\u00f5kke \u00e4\u00e4res Tallinna panoraami taustal, kuulata isamaalisi k\u00f5nesid ning laule, maitsta katlasuppi ja nautida esinejaid.<\/p>\n\n\n\n<figure class=\"wp-block-image\"><a href=\"https:\/\/muraste.ee\/vana\/wp-content\/uploads\/2024\/02\/Eesti-iseseisvuspaeva-1.jpg\"><img decoding=\"async\" loading=\"lazy\" width=\"1024\" height=\"724\" src=\"https:\/\/muraste.ee\/vana\/wp-content\/uploads\/2024\/02\/Eesti-iseseisvuspaeva-1-1024x724.jpg\" alt=\"\" class=\"wp-image-10348\" srcset=\"https:\/\/muraste.ee\/vana\/wp-content\/uploads\/2024\/02\/Eesti-iseseisvuspaeva-1-1024x724.jpg 1024w, https:\/\/muraste.ee\/vana\/wp-content\/uploads\/2024\/02\/Eesti-iseseisvuspaeva-1-300x212.jpg 300w, https:\/\/muraste.ee\/vana\/wp-content\/uploads\/2024\/02\/Eesti-iseseisvuspaeva-1-768x543.jpg 768w, https:\/\/muraste.ee\/vana\/wp-content\/uploads\/2024\/02\/Eesti-iseseisvuspaeva-1-1536x1086.jpg 1536w, https:\/\/muraste.ee\/vana\/wp-content\/uploads\/2024\/02\/Eesti-iseseisvuspaeva-1-2048x1448.jpg 2048w, https:\/\/muraste.ee\/vana\/wp-content\/uploads\/2024\/02\/Eesti-iseseisvuspaeva-1-624x441.jpg 624w\" sizes=\"(max-width: 1024px) 100vw, 1024px\" \/><\/a><\/figure>\n\n\n\n<figure class=\"wp-block-image\"><a href=\"https:\/\/muraste.ee\/vana\/wp-content\/uploads\/2024\/01\/1-MARTS-kell-19.00.jpg\"><img decoding=\"async\" loading=\"lazy\" width=\"724\" height=\"1024\" src=\"https:\/\/muraste.ee\/vana\/wp-content\/uploads\/2024\/01\/1-MARTS-kell-19.00-724x1024.jpg\" alt=\"\" class=\"wp-image-10303\" srcset=\"https:\/\/muraste.ee\/vana\/wp-content\/uploads\/2024\/01\/1-MARTS-kell-19.00-724x1024.jpg 724w, https:\/\/muraste.ee\/vana\/wp-content\/uploads\/2024\/01\/1-MARTS-kell-19.00-212x300.jpg 212w, https:\/\/muraste.ee\/vana\/wp-content\/uploads\/2024\/01\/1-MARTS-kell-19.00-768x1086.jpg 768w, https:\/\/muraste.ee\/vana\/wp-content\/uploads\/2024\/01\/1-MARTS-kell-19.00-1086x1536.jpg 1086w, https:\/\/muraste.ee\/vana\/wp-content\/uploads\/2024\/01\/1-MARTS-kell-19.00-1448x2048.jpg 1448w, https:\/\/muraste.ee\/vana\/wp-content\/uploads\/2024\/01\/1-MARTS-kell-19.00-624x883.jpg 624w, https:\/\/muraste.ee\/vana\/wp-content\/uploads\/2024\/01\/1-MARTS-kell-19.00.jpg 1587w\" sizes=\"(max-width: 724px) 100vw, 724px\" \/><\/a><\/figure>\n\n\n\n<ol>\n<li>M\u00e4rtsil kell 19.00 Muraste kinopunktis Lee tee 9<br>Pilet: 6.00\/5..00 eurA. H. Tammsaare samanimelisel romaanil p\u00f5hinev m\u00e4ngufilm viib meid \u00fche ootamatu armastusloo keskmesse. Elu ja armastuse j\u00e4rskude p\u00f6\u00f6retega seisavad silmitsi kaks Eesti kirjandusest tuntud ikoonilist tegelast, Irma ja Rudolf. Filmi tegevus leiab aset murrangulisel ajaj\u00e4rgul, mil kasvavast heaolust rammestunud noor Eesti Vabariik peab toime tulema muutuva maailma raputavate v\u00e4ljakutsetega. Esmakordselt t\u00e4ispika m\u00e4ngufilmina ekraanile j\u00f5udev \u201cElu ja armastus\u201d annab aegumatutele teemadele v\u00e4rske vaatepunkti, luues \u00fcllatavaid paralleele t\u00e4nap\u00e4evamaailmaga.1933. aasta kuumal suvel tuleb sisukamast elust unistav noor Irma maalt linna sugulase Lonni juurde. Irma on keskkonnavahetusest vaimustuses, linnaelus pettunud Lonni n\u00e4eb aga t\u00fcdruku tulekus uut v\u00f5imalust ka enda jaoks.Irmasse armunud maapoiss Eedi j\u00e4litab t\u00fcdrukut ja \u00fcritab veenda teda tagasi tulema, oma isatallu perenaiseks. Irma aga on otsustanud nende \u00fchise romantilise mineviku oma unistuste nimel seljatadaJuhuse tahtel palkab keskealine tr\u00fckit\u00f6\u00f6stur Rudolf Irma endale teenijaks. Rudolfi sarm ja salap\u00e4ra paeluvad Irmat ja ootamatult t\u00e4rganud tunded ei lase tal \u00fchel hetkel enam mehe l\u00e4henemiskatseid t\u00f5rjuda. Ehkki Rudolf vannub Irmale armastust, paljastub peagi edeva mehe liiderlik ja manipuleeriv pale.<\/li>\n<\/ol>\n\n\n\n<figure class=\"wp-block-embed is-type-rich is-provider-embed-handler wp-block-embed-embed-handler\"><div class=\"wp-block-embed__wrapper\">\nhttps:\/\/youtube.com\/watch?v=YvvZrIw1NxQ%3Ffeature%3Doembed\n<\/div><\/figure>\n\n\n\n<figure class=\"wp-block-image\"><a href=\"https:\/\/muraste.ee\/vana\/wp-content\/uploads\/2024\/01\/Girl-Born-Illustrated-Instagram-Post-Portrait.jpg\"><img decoding=\"async\" loading=\"lazy\" width=\"819\" height=\"1024\" src=\"https:\/\/muraste.ee\/vana\/wp-content\/uploads\/2024\/01\/Girl-Born-Illustrated-Instagram-Post-Portrait-819x1024.jpg\" alt=\"\" class=\"wp-image-10286\" srcset=\"https:\/\/muraste.ee\/vana\/wp-content\/uploads\/2024\/01\/Girl-Born-Illustrated-Instagram-Post-Portrait-819x1024.jpg 819w, https:\/\/muraste.ee\/vana\/wp-content\/uploads\/2024\/01\/Girl-Born-Illustrated-Instagram-Post-Portrait-240x300.jpg 240w, https:\/\/muraste.ee\/vana\/wp-content\/uploads\/2024\/01\/Girl-Born-Illustrated-Instagram-Post-Portrait-768x960.jpg 768w, https:\/\/muraste.ee\/vana\/wp-content\/uploads\/2024\/01\/Girl-Born-Illustrated-Instagram-Post-Portrait-624x780.jpg 624w, https:\/\/muraste.ee\/vana\/wp-content\/uploads\/2024\/01\/Girl-Born-Illustrated-Instagram-Post-Portrait.jpg 1080w\" sizes=\"(max-width: 819px) 100vw, 819px\" \/><\/a><\/figure>\n\n\n\n<p><strong>\u00dcks vahva t\u00fcdruk MAARJA on oma isa Mardiga&nbsp;<\/strong>koos kokanud juba palju aastaid ja neil on isegi Youtubes oma kanal olnud. N\u00fc\u00fcd kutsusime Maarja Murastesse, et ta \u00f5petaks s\u00f5brap\u00e4evaks tegema eksootilisi Korea maiusi. Koos tehakse ka v\u00e4ike kinkepakend. Iga\u00fcks saab kaasa k\u00fcmmekond maiusepalli<br>TULE KOOS PEREGA, koos kokkamine, see on v\u00e4ga vahva!<strong>Osaluspanus: 15.00 eur, kohapeal sularahasPane ennast kindlasti kirja: muraste@muraste.ee<\/strong><\/p>\n\n\n\n<figure class=\"wp-block-image\"><a href=\"https:\/\/muraste.ee\/vana\/wp-content\/uploads\/2024\/01\/Yellow-and-Black-Photo-Lunch-Weekly-Menu.jpg\"><img decoding=\"async\" loading=\"lazy\" width=\"1024\" height=\"622\" src=\"https:\/\/muraste.ee\/vana\/wp-content\/uploads\/2024\/01\/Yellow-and-Black-Photo-Lunch-Weekly-Menu-1024x622.jpg\" alt=\"\" class=\"wp-image-10329\" srcset=\"https:\/\/muraste.ee\/vana\/wp-content\/uploads\/2024\/01\/Yellow-and-Black-Photo-Lunch-Weekly-Menu-1024x622.jpg 1024w, https:\/\/muraste.ee\/vana\/wp-content\/uploads\/2024\/01\/Yellow-and-Black-Photo-Lunch-Weekly-Menu-300x182.jpg 300w, https:\/\/muraste.ee\/vana\/wp-content\/uploads\/2024\/01\/Yellow-and-Black-Photo-Lunch-Weekly-Menu-768x466.jpg 768w, https:\/\/muraste.ee\/vana\/wp-content\/uploads\/2024\/01\/Yellow-and-Black-Photo-Lunch-Weekly-Menu-1536x932.jpg 1536w, https:\/\/muraste.ee\/vana\/wp-content\/uploads\/2024\/01\/Yellow-and-Black-Photo-Lunch-Weekly-Menu-624x379.jpg 624w, https:\/\/muraste.ee\/vana\/wp-content\/uploads\/2024\/01\/Yellow-and-Black-Photo-Lunch-Weekly-Menu.jpg 2000w\" sizes=\"(max-width: 1024px) 100vw, 1024px\" \/><\/a><\/figure>\n\n\n\n<p><strong>KOREA MAITSED 2<br>27, veebruar 18.30 Muraste kooli \u00f5ppek\u00f6\u00f6gis Lee tee 9<br>Osaluspanus: 45.00 eur<\/strong>, tasumine kohapeal sularahas<br><strong>Pane ennast kirja: muraste@muraste.ee<\/strong><br>Kui oled ennast kirja pannud, kuid siiski tulla ei saa, ANNA KINDLASTI TEADA!<\/p>\n\n\n\n<p>KOREA MAITSE esimesel kohtumisel tegime kimchit. Koolitus osutus v\u00e4ga populaarseks, nii, et kohad t\u00e4itusid kiiresti. Osalejatel oli suur huvi ka edaspidi Korea kommete ja toidukultuuri osas.<\/p>\n\n\n\n<p><strong>KOREA S\u00dcNNIP\u00c4EVALAUD<\/strong>: r\u00e4\u00e4gime Korea elust, s\u00fcnnip\u00e4eva kommetest ja toitudest, mida valmistame koos, katame Korea kombekohaselt lauad ning s\u00f6\u00f6me \u00f5htust vestlusringis.<\/p>\n\n\n\n<p>S\u00fcnnip\u00e4eva laual on kindlasti Japchae (magus kartuli nuudliroog), vetikasupp (Miyeokguk), Korean BBQ (kana vardas) ja \u00fcheltki toidukorralt ei puudu muidugi kimchi.<br>JAPSHAE on maguskartuli nuudliroog k\u00f6\u00f6giviljade, muna, krevettide ja kanaga.<br>MIEYEOKGUK on alati igal emal peale s\u00fcnnitust esimeseks toiduks ja peale seda, igal lapse s\u00fcnnip\u00e4eval terve elu, peab see laual olema. Japchae on selline mitteametlik s\u00fcnnip\u00e4evaroog, aga \u00fcldiselt eeldatakse, et seda saab s\u00fcnnip\u00e4eval s\u00fc\u00fca.<br>Et meil laud rikkalikum oleks teeme KANA BBQ, lisandiks KIMCHI, mis on laual igal koolitusel.<\/p>\n\n\n\n<figure class=\"wp-block-image\"><a href=\"https:\/\/muraste.ee\/vana\/wp-content\/uploads\/2024\/02\/Poster-Heleni-kursused-kevad-2024-A4-Portrait35087-page-001.jpg\"><img decoding=\"async\" loading=\"lazy\" width=\"724\" height=\"1024\" src=\"https:\/\/muraste.ee\/vana\/wp-content\/uploads\/2024\/02\/Poster-Heleni-kursused-kevad-2024-A4-Portrait35087-page-001-724x1024.jpg\" alt=\"\" class=\"wp-image-10345\" srcset=\"https:\/\/muraste.ee\/vana\/wp-content\/uploads\/2024\/02\/Poster-Heleni-kursused-kevad-2024-A4-Portrait35087-page-001-724x1024.jpg 724w, https:\/\/muraste.ee\/vana\/wp-content\/uploads\/2024\/02\/Poster-Heleni-kursused-kevad-2024-A4-Portrait35087-page-001-212x300.jpg 212w, https:\/\/muraste.ee\/vana\/wp-content\/uploads\/2024\/02\/Poster-Heleni-kursused-kevad-2024-A4-Portrait35087-page-001-768x1086.jpg 768w, https:\/\/muraste.ee\/vana\/wp-content\/uploads\/2024\/02\/Poster-Heleni-kursused-kevad-2024-A4-Portrait35087-page-001-1086x1536.jpg 1086w, https:\/\/muraste.ee\/vana\/wp-content\/uploads\/2024\/02\/Poster-Heleni-kursused-kevad-2024-A4-Portrait35087-page-001-624x882.jpg 624w, https:\/\/muraste.ee\/vana\/wp-content\/uploads\/2024\/02\/Poster-Heleni-kursused-kevad-2024-A4-Portrait35087-page-001.jpg 1241w\" sizes=\"(max-width: 724px) 100vw, 724px\" \/><\/a><\/figure>\n\n\n\n<p><em>Seltskonnatantsu kevadkursused&nbsp;Murastes&nbsp;algavad m\u00e4rtsi keskel ja kestavad kaheksa n\u00e4dalat.&nbsp;Kursuseid juhendab \u201eTantsud t\u00e4htedega\u201c saatest tuntud kohtunik Helen Klandorf-Sadam, kes lubab ka k\u00f5ige kohmakamad karud tantsima panna.&nbsp;Helen on endine professionaalne v\u00f5istlustantsija, rahvusvaheline tantsukohtunik ja -\u00f5petaja kuid ennek\u00f5ike teie heatahtlik teejuht uue ja p\u00f5neva oskuse \u00f5ppimisel.<br>Registreeru kohe!<\/em><\/p>\n\n\n\n<p><em>Helen Klandorf-Sadam<br>Revalia Tantsukool<br>tel: +372 51&nbsp;094 93<br>email:&nbsp;<\/em><em><a href=\"mailto:tkrevalia@tkrevalia.ee\">tkrevalia@tkrevalia.ee<\/a><\/em><\/p>\n\n\n\n<p><em><a href=\"http:\/\/www.tkrevalia.ee\/\">www.tkrevalia.ee<\/a><\/em><\/p>\n\n\n\n<figure class=\"wp-block-image\"><a href=\"https:\/\/muraste.ee\/vana\/wp-content\/uploads\/2024\/02\/10.-marts-kell-16.00.jpg\"><img decoding=\"async\" loading=\"lazy\" width=\"724\" height=\"1024\" src=\"https:\/\/muraste.ee\/vana\/wp-content\/uploads\/2024\/02\/10.-marts-kell-16.00-724x1024.jpg\" alt=\"\" class=\"wp-image-10346\" srcset=\"https:\/\/muraste.ee\/vana\/wp-content\/uploads\/2024\/02\/10.-marts-kell-16.00-724x1024.jpg 724w, https:\/\/muraste.ee\/vana\/wp-content\/uploads\/2024\/02\/10.-marts-kell-16.00-212x300.jpg 212w, https:\/\/muraste.ee\/vana\/wp-content\/uploads\/2024\/02\/10.-marts-kell-16.00-768x1086.jpg 768w, https:\/\/muraste.ee\/vana\/wp-content\/uploads\/2024\/02\/10.-marts-kell-16.00-1086x1536.jpg 1086w, https:\/\/muraste.ee\/vana\/wp-content\/uploads\/2024\/02\/10.-marts-kell-16.00-1448x2048.jpg 1448w, https:\/\/muraste.ee\/vana\/wp-content\/uploads\/2024\/02\/10.-marts-kell-16.00-624x883.jpg 624w, https:\/\/muraste.ee\/vana\/wp-content\/uploads\/2024\/02\/10.-marts-kell-16.00.jpg 1587w\" sizes=\"(max-width: 724px) 100vw, 724px\" \/><\/a><\/figure>\n\n\n\n<p>Tantsupesa tuleb k\u00fclla lasteetendusega \u201cKass kes reisib omap\u00e4i\u201d<br>Muraste kooli aatrium (Lee tee 9)<br>Pilet eelm\u00fc\u00fcgist: 5.00 eur<br>Kohapeal: 7.00 eur (sularaha)<br>Etenduse pikkus 35 min<br>Etendus on suunatud v\u00e4ikelastele.<\/p>\n\n\n\n<p>Lugu \u00e4\u00e4rmiselt uudishimulikust kassikesest, kes soovib avastada maailma ja tutvuda k\u00f5ige k\u00f5ige p\u00f5nevamaga. Oma reisi k\u00e4igus k\u00fclastab kassike Prantsusmaad, Arktikat, Antarktikat ja Kreekat. Etendus on lustlik ja hoogne ning k\u00e4tkeb endas ka hariduslikku eesm\u00e4rki. Etenduse v\u00e4ltel saavad ka pealtvaatajad osaks etendusest<\/p>\n\n\n\n<figure class=\"wp-block-image\"><a href=\"https:\/\/muraste.ee\/vana\/wp-content\/uploads\/2024\/02\/Reklaam34997.jpeg\"><img decoding=\"async\" loading=\"lazy\" width=\"724\" height=\"1024\" src=\"https:\/\/muraste.ee\/vana\/wp-content\/uploads\/2024\/02\/Reklaam34997-724x1024.jpeg\" alt=\"\" class=\"wp-image-10347\" srcset=\"https:\/\/muraste.ee\/vana\/wp-content\/uploads\/2024\/02\/Reklaam34997-724x1024.jpeg 724w, https:\/\/muraste.ee\/vana\/wp-content\/uploads\/2024\/02\/Reklaam34997-212x300.jpeg 212w, https:\/\/muraste.ee\/vana\/wp-content\/uploads\/2024\/02\/Reklaam34997-768x1086.jpeg 768w, https:\/\/muraste.ee\/vana\/wp-content\/uploads\/2024\/02\/Reklaam34997-1086x1536.jpeg 1086w, https:\/\/muraste.ee\/vana\/wp-content\/uploads\/2024\/02\/Reklaam34997-624x883.jpeg 624w, https:\/\/muraste.ee\/vana\/wp-content\/uploads\/2024\/02\/Reklaam34997.jpeg 1414w\" sizes=\"(max-width: 724px) 100vw, 724px\" \/><\/a><\/figure>\n\n\n\n<figure class=\"wp-block-image\"><a href=\"https:\/\/muraste.ee\/vana\/wp-content\/uploads\/2024\/02\/Capture.png\"><img decoding=\"async\" loading=\"lazy\" width=\"518\" height=\"571\" src=\"https:\/\/muraste.ee\/vana\/wp-content\/uploads\/2024\/02\/Capture.png\" alt=\"\" class=\"wp-image-10352\" srcset=\"https:\/\/muraste.ee\/vana\/wp-content\/uploads\/2024\/02\/Capture.png 518w, https:\/\/muraste.ee\/vana\/wp-content\/uploads\/2024\/02\/Capture-272x300.png 272w\" sizes=\"(max-width: 518px) 100vw, 518px\" \/><\/a><\/figure>\n\n\n\n<p>Juhhuuu,&nbsp;<strong>MURASTE KORTSMOONIKUTEL<\/strong>&nbsp;oli 1 a. s\u00fcnnip\u00e4ev. Palju \u00f5nne meile!!! Kutsume huvilisi m\u00e4ngima ja esinema v\u00f5ib meid ka kutsuda&nbsp;<img decoding=\"async\" loading=\"lazy\" height=\"16\" width=\"16\" src=\"https:\/\/static.xx.fbcdn.net\/images\/emoji.php\/v9\/ta5\/1.5\/16\/1f642.png\" alt=\"\ud83d\ude42\">&nbsp;Esineme suure r\u00f5\u00f5muga ja tasuta.<\/p>\n\n\n\n<p>Kirjuta oma soovist: muraste@muraste.ee<\/p>\n","protected":false},"excerpt":{"rendered":"<p>Tere, armas Muraste! Veebruar on Eesti Vabariigi s\u00fcnnip\u00e4eva kuu. Tunne oma riigi ajalugu ja tule Murastesse kino\u00f5htule, kus vestlust viib l\u00e4bi&nbsp;endine diplomaat, Riigikogu liige ja Riigikaitsekomisjoni esimees&nbsp;KALEV STOICESCU. 16. veebr. kell 19.00 Muraste kinopunktis (Lee tee 9) Pilet: 6.00\/5.00 eur K\u00dcLLA TULEB&nbsp;edine diplomaat, Riigikogu liige ja Riigikaitsekomisjoni esimees&nbsp;KALEV STOICESCU. Vestleme Eesti ajaloolistest s\u00fcndmustest ja praegusest<a class=\"moretag\" href=\"https:\/\/muraste.ee\/vana\/?page_id=10363\"><br \/>&#8230;Loe edasi<\/a><\/p>\n","protected":false},"author":2,"featured_media":0,"parent":0,"menu_order":0,"comment_status":"closed","ping_status":"closed","template":"","meta":{"_bbp_topic_count":0,"_bbp_reply_count":0,"_bbp_total_topic_count":0,"_bbp_total_reply_count":0,"_bbp_voice_count":0,"_bbp_anonymous_reply_count":0,"_bbp_topic_count_hidden":0,"_bbp_reply_count_hidden":0,"_bbp_forum_subforum_count":0,"_mc_calendar":[]},"_links":{"self":[{"href":"https:\/\/muraste.ee\/vana\/index.php?rest_route=\/wp\/v2\/pages\/10363"}],"collection":[{"href":"https:\/\/muraste.ee\/vana\/index.php?rest_route=\/wp\/v2\/pages"}],"about":[{"href":"https:\/\/muraste.ee\/vana\/index.php?rest_route=\/wp\/v2\/types\/page"}],"author":[{"embeddable":true,"href":"https:\/\/muraste.ee\/vana\/index.php?rest_route=\/wp\/v2\/users\/2"}],"replies":[{"embeddable":true,"href":"https:\/\/muraste.ee\/vana\/index.php?rest_route=%2Fwp%2Fv2%2Fcomments&post=10363"}],"version-history":[{"count":2,"href":"https:\/\/muraste.ee\/vana\/index.php?rest_route=\/wp\/v2\/pages\/10363\/revisions"}],"predecessor-version":[{"id":10366,"href":"https:\/\/muraste.ee\/vana\/index.php?rest_route=\/wp\/v2\/pages\/10363\/revisions\/10366"}],"wp:attachment":[{"href":"https:\/\/muraste.ee\/vana\/index.php?rest_route=%2Fwp%2Fv2%2Fmedia&parent=10363"}],"curies":[{"name":"wp","href":"https:\/\/api.w.org\/{rel}","templated":true}]}}