{"id":10381,"date":"2024-02-12T09:40:59","date_gmt":"2024-02-12T07:40:59","guid":{"rendered":"https:\/\/muraste.ee\/vana\/?page_id=10381"},"modified":"2024-02-12T09:40:59","modified_gmt":"2024-02-12T07:40:59","slug":"nadal-7-6","status":"publish","type":"page","link":"https:\/\/muraste.ee\/vana\/?page_id=10381","title":{"rendered":"N\u00e4dal 7"},"content":{"rendered":"\n<p><a href=\"https:\/\/muraste.ee\/vana\/wp-admin\/edit.php?post_type=post\"><\/a><\/p>\n\n\n\n<p><\/p>\n\n\n\n<h1 class=\"wp-block-heading\"><\/h1>\n\n\n\n<p id=\"block-a38f7cda-3842-41b0-a952-953c700aba14\">Tere, armas Muraste! S\u00f5brap\u00e4evaks on tore kinkida midagi s\u00f6\u00f6davat, seega tulge 10 a. <strong>MAARJA \u00d5PITUPPA<\/strong>, lisaks maitseelamusele saab ka vahva elamuse koos lapsega koos kokates.&nbsp;<\/p>\n\n\n\n<figure class=\"wp-block-image\" id=\"block-cab2fee4-c973-4888-a247-76c3a1a2db16\"><img decoding=\"async\" src=\"https:\/\/muraste.ee\/vana\/wp-content\/uploads\/2024\/01\/Girl-Born-Illustrated-Instagram-Post-Portrait-819x1024.jpg\" alt=\"This image has an empty alt attribute; its file name is Girl-Born-Illustrated-Instagram-Post-Portrait-819x1024.jpg\"\/><\/figure>\n\n\n\n<p id=\"block-7d453a0e-ffa3-4586-a250-31c671b8a497\">Alustame Eesti Vabariigi s\u00fcnnip\u00e4evale p\u00fchendatud \u00fcritustega &#8211; tunne oma ajalugu ja tule vaatama filmi<strong> PITKA LEGEND<\/strong> ning kui sul on k\u00fcsimusi s\u00f5jaajaloo v\u00f5i t\u00e4nap\u00e4eva kohta, siis saad vastuse<strong> KALEV STOICESKU<\/strong>lt.<br>Muraste kinopunkt Lee tee 9.<\/p>\n\n\n\n<figure class=\"wp-block-image\" id=\"block-46aad6fc-120a-48a5-b28c-afa40ad0025c\"><img decoding=\"async\" src=\"https:\/\/muraste.ee\/vana\/wp-content\/uploads\/2024\/01\/Eesti-ajaloost-ja-tanapaevast-vestleb-publikuga-1-1024x724.jpg\" alt=\"This image has an empty alt attribute; its file name is Eesti-ajaloost-ja-tanapaevast-vestleb-publikuga-1-1024x724.jpg\"\/><\/figure>\n\n\n\n<figure class=\"wp-block-image\" id=\"block-0352e931-713a-4457-82ba-031a82944bbd\"><img decoding=\"async\" src=\"https:\/\/muraste.ee\/vana\/wp-content\/uploads\/2024\/01\/EV-2024-plakat-1024x724.jpg\" alt=\"This image has an empty alt attribute; its file name is EV-2024-plakat-1024x724.jpg\"\/><\/figure>\n\n\n\n<figure class=\"wp-block-image\" id=\"block-3b3463dc-3c3a-4977-827c-83fb9d215f65\"><img decoding=\"async\" src=\"https:\/\/muraste.ee\/vana\/wp-content\/uploads\/2024\/02\/Eesti-iseseisvuspaeva-1-1024x724.jpg\" alt=\"This image has an empty alt attribute; its file name is Eesti-iseseisvuspaeva-1-1024x724.jpg\"\/><\/figure>\n\n\n\n<p id=\"block-b445f3f1-0cc2-451c-9c50-15efdc5e00d9\">\ufeff<\/p>\n\n\n\n<p id=\"block-64acef1a-7409-4b67-949a-736bd7121a47\"><strong>Lugupeetud eakad! Just teile toimub Eesti Vabariigi s\u00fcnnip\u00e4evale p\u00fchendatud pidulik kontsert<\/strong><\/p>\n\n\n\n<figure class=\"wp-block-image\" id=\"block-1edf8c6e-8119-4eb7-819a-2e4d3ecfc70d\"><img decoding=\"async\" src=\"https:\/\/muraste.ee\/vana\/wp-content\/uploads\/2024\/02\/24.02_pensionarid_EV10635345-page-001-1-717x1024.jpg\" alt=\"This image has an empty alt attribute; its file name is 24.02_pensionarid_EV10635345-page-001-1-717x1024.jpg\"\/><\/figure>\n\n\n\n<figure class=\"wp-block-image\" id=\"block-b9129e0e-21fe-4ab8-ba0f-137166b8c5ce\"><img decoding=\"async\" src=\"https:\/\/muraste.ee\/vana\/wp-content\/uploads\/2024\/01\/1-MARTS-kell-19.00-724x1024.jpg\" alt=\"This image has an empty alt attribute; its file name is 1-MARTS-kell-19.00-724x1024.jpg\"\/><\/figure>\n\n\n\n<p id=\"block-c28dcd4b-ce26-48b5-b32b-1e145c140621\">\ufeff<\/p>\n\n\n\n<p id=\"block-67966d14-ff41-4ab9-a5c5-f7e8d6ec97ce\"><strong>NB! TEATRISSE EELM\u00dc\u00dcGIS PIIRATUD ARV PILETEID.<\/strong><\/p>\n\n\n\n<p id=\"block-a4f7bf9b-2050-45fa-a0e5-44e60dac1c24\"><strong>K I I R U S T A G E !<\/strong><\/p>\n\n\n\n<p id=\"block-2f3d7b53-5c24-4ba9-b960-14ad93135bd8\"><strong>Pilet osta siit<\/strong>: <a href=\"https:\/\/pilet.pro\/toode\/teatriohtu-koomiline-ponevik-kenneth-ja-jo\/\">Teatri\u00f5htu: koomiline p\u00f5nevik Kenneth ja Jo &#8211; Pilet.PRO<\/a><\/p>\n\n\n\n<figure class=\"wp-block-image\" id=\"block-0612276d-7a13-4d47-bb9d-934a849d7ce9\"><img decoding=\"async\" src=\"https:\/\/muraste.ee\/vana\/wp-content\/uploads\/2024\/02\/KENNETH-ja-JO-724x1024.jpg\" alt=\"This image has an empty alt attribute; its file name is KENNETH-ja-JO-724x1024.jpg\"\/><\/figure>\n\n\n\n<p>This block contains unexpected or invalid content.<\/p>\n\n\n\n<p>Attempt Block Recovery<\/p>\n\n\n\n<p><strong>NB! TEATRISSE EELM\u00dc\u00dcGIS PIIRATUD ARV PILETEID.<\/strong><\/p>\n\n\n\n<p><strong>K I I R U S T A G E !<\/strong><\/p>\n\n\n\n<p id=\"block-74ed9b33-bcbd-4f6b-be0e-940cf6476cef\"><strong>Pilet osta siit<\/strong>: <a href=\"https:\/\/www.visitharku.com\/sundmus\/lasteetendus-kass-kes-reisib-omapai.html\">Lasteetendus KASS KES REISIB OMAP\u00c4I, Muraste, Harku vald, Estonia | VisitHarku<\/a><\/p>\n\n\n\n<figure class=\"wp-block-image\" id=\"block-ff82217a-bc57-4a6b-93e8-8f62a383dd77\"><img decoding=\"async\" src=\"https:\/\/muraste.ee\/vana\/wp-content\/uploads\/2024\/02\/10.-marts-kell-16.00-1-724x1024.jpg\" alt=\"This image has an empty alt attribute; its file name is 10.-marts-kell-16.00-1-724x1024.jpg\"\/><\/figure>\n\n\n\n<h1 class=\"wp-block-heading\" id=\"block-ae43b3e2-13a7-4f44-b437-85e1b28946ef\"><strong>K I I R U S T A G E!<\/strong><\/h1>\n\n\n\n<figure class=\"wp-block-image\" id=\"block-2cd6cd64-e12e-48a2-8b08-6a07bacba9f4\"><img decoding=\"async\" src=\"https:\/\/muraste.ee\/vana\/wp-content\/uploads\/2024\/02\/Poster-Heleni-kursused-kevad-2024-A4-Portrait35087-page-001-724x1024.jpg\" alt=\"This image has an empty alt attribute; its file name is Poster-Heleni-kursused-kevad-2024-A4-Portrait35087-page-001-724x1024.jpg\"\/><\/figure>\n\n\n\n<figure class=\"wp-block-image\" id=\"block-71ad7908-bc15-49f7-82a1-cada9f7ff9f3\"><img decoding=\"async\" src=\"https:\/\/muraste.ee\/vana\/wp-content\/uploads\/2024\/02\/Reklaam34997-724x1024.jpeg\" alt=\"This image has an empty alt attribute; its file name is Reklaam34997-724x1024.jpeg\"\/><\/figure>\n","protected":false},"excerpt":{"rendered":"<p>Tere, armas Muraste! S\u00f5brap\u00e4evaks on tore kinkida midagi s\u00f6\u00f6davat, seega tulge 10 a. MAARJA \u00d5PITUPPA, lisaks maitseelamusele saab ka vahva elamuse koos lapsega koos kokates.&nbsp; Alustame Eesti Vabariigi s\u00fcnnip\u00e4evale p\u00fchendatud \u00fcritustega &#8211; tunne oma ajalugu ja tule vaatama filmi PITKA LEGEND ning kui sul on k\u00fcsimusi s\u00f5jaajaloo v\u00f5i t\u00e4nap\u00e4eva kohta, siis saad vastuse KALEV STOICESKUlt.Muraste<a class=\"moretag\" href=\"https:\/\/muraste.ee\/vana\/?page_id=10381\"><br \/>&#8230;Loe edasi<\/a><\/p>\n","protected":false},"author":2,"featured_media":0,"parent":0,"menu_order":0,"comment_status":"closed","ping_status":"closed","template":"","meta":{"_bbp_topic_count":0,"_bbp_reply_count":0,"_bbp_total_topic_count":0,"_bbp_total_reply_count":0,"_bbp_voice_count":0,"_bbp_anonymous_reply_count":0,"_bbp_topic_count_hidden":0,"_bbp_reply_count_hidden":0,"_bbp_forum_subforum_count":0,"_mc_calendar":[]},"_links":{"self":[{"href":"https:\/\/muraste.ee\/vana\/index.php?rest_route=\/wp\/v2\/pages\/10381"}],"collection":[{"href":"https:\/\/muraste.ee\/vana\/index.php?rest_route=\/wp\/v2\/pages"}],"about":[{"href":"https:\/\/muraste.ee\/vana\/index.php?rest_route=\/wp\/v2\/types\/page"}],"author":[{"embeddable":true,"href":"https:\/\/muraste.ee\/vana\/index.php?rest_route=\/wp\/v2\/users\/2"}],"replies":[{"embeddable":true,"href":"https:\/\/muraste.ee\/vana\/index.php?rest_route=%2Fwp%2Fv2%2Fcomments&post=10381"}],"version-history":[{"count":1,"href":"https:\/\/muraste.ee\/vana\/index.php?rest_route=\/wp\/v2\/pages\/10381\/revisions"}],"predecessor-version":[{"id":10383,"href":"https:\/\/muraste.ee\/vana\/index.php?rest_route=\/wp\/v2\/pages\/10381\/revisions\/10383"}],"wp:attachment":[{"href":"https:\/\/muraste.ee\/vana\/index.php?rest_route=%2Fwp%2Fv2%2Fmedia&parent=10381"}],"curies":[{"name":"wp","href":"https:\/\/api.w.org\/{rel}","templated":true}]}}