{"id":10398,"date":"2024-02-19T09:42:43","date_gmt":"2024-02-19T07:42:43","guid":{"rendered":"https:\/\/muraste.ee\/vana\/?page_id=10398"},"modified":"2024-02-19T09:42:45","modified_gmt":"2024-02-19T07:42:45","slug":"nadal-8-6","status":"publish","type":"page","link":"https:\/\/muraste.ee\/vana\/?page_id=10398","title":{"rendered":"N\u00e4dal 8"},"content":{"rendered":"\n<p><img decoding=\"async\" loading=\"lazy\" width=\"624\" height=\"273\" src=\"https:\/\/muraste.ee\/vana\/wp-content\/uploads\/2024\/02\/Capture-1-624x273.png\" alt=\"\" srcset=\"https:\/\/muraste.ee\/vana\/wp-content\/uploads\/2024\/02\/Capture-1-624x273.png 624w, https:\/\/muraste.ee\/vana\/wp-content\/uploads\/2024\/02\/Capture-1-300x131.png 300w, https:\/\/muraste.ee\/vana\/wp-content\/uploads\/2024\/02\/Capture-1-768x336.png 768w, https:\/\/muraste.ee\/vana\/wp-content\/uploads\/2024\/02\/Capture-1.png 902w\"><\/p>\n\n\n\n<h1 class=\"wp-block-heading\">N\u00e4dal 8<\/h1>\n\n\n\n<figure class=\"wp-block-image\"><a href=\"https:\/\/muraste.ee\/vana\/wp-content\/uploads\/2024\/01\/EV-2024-plakat.jpg\"><img decoding=\"async\" loading=\"lazy\" width=\"1024\" height=\"724\" src=\"https:\/\/muraste.ee\/vana\/wp-content\/uploads\/2024\/01\/EV-2024-plakat-1024x724.jpg\" alt=\"\" class=\"wp-image-10319\" srcset=\"https:\/\/muraste.ee\/vana\/wp-content\/uploads\/2024\/01\/EV-2024-plakat-1024x724.jpg 1024w, https:\/\/muraste.ee\/vana\/wp-content\/uploads\/2024\/01\/EV-2024-plakat-300x212.jpg 300w, https:\/\/muraste.ee\/vana\/wp-content\/uploads\/2024\/01\/EV-2024-plakat-768x543.jpg 768w, https:\/\/muraste.ee\/vana\/wp-content\/uploads\/2024\/01\/EV-2024-plakat-1536x1086.jpg 1536w, https:\/\/muraste.ee\/vana\/wp-content\/uploads\/2024\/01\/EV-2024-plakat-2048x1448.jpg 2048w, https:\/\/muraste.ee\/vana\/wp-content\/uploads\/2024\/01\/EV-2024-plakat-624x441.jpg 624w\" sizes=\"(max-width: 1024px) 100vw, 1024px\" \/><\/a><\/figure>\n\n\n\n<p><strong>Armsad Harku valla inimesed ja k\u00fclalised,<\/strong><br>Juba 13 a. on Muraste k\u00fclaselts korraldanud Harku vallas traditsiooniks saanud Eesti Vabariigi s\u00fcnniaastap\u00e4evale p\u00fchendatud \u00d6\u00d6MATKA. Nii ka sellel aastal, mil Eesti t\u00e4histab 106 aastap\u00e4eva.<br><strong>MATKAL on 2 ALGUSPUNKTI<br>1. alguspunkt kell 18.00 MURASTE KOOLI juures (Lee tee 9).<\/strong><br><strong>NB! Matarada valitakse vastavalt ilmastikule. Hetkel on teed v\u00e4ga libedad!<\/strong><\/p>\n\n\n\n<p><br><strong>2. alguspunkt kell 18.30 Rannam\u00f5isa kiriku juure<\/strong>s. Kaitseliidu pidulik rivistus Vabaduss\u00f5ja ausamba juures p\u00e4rgade asetamine. Sealt siirdutakse rongk\u00e4igus m\u00f6\u00f6da Tilgu teed Tilgu Sadamasse.<\/p>\n\n\n\n<p><strong>KAVA:<br>19.30 TILGU SADAMA<\/strong>S s\u00fc\u00fcdatakse l\u00f5ke. Harku valla naiskodukaitsjad pakuvad sooja katlasuppi ja kuuma teed.<br>K\u00f5lavad isamaalised k\u00f5ned.<br>Tantsu keerutavad rahvatantsu segar\u00fchm P\u00d6\u00d6RELINE.<\/p>\n\n\n\n<p><strong>\u00d6\u00d6LAULUPIDU<br>esineb IVO LINNA&nbsp;<\/strong>eesti lauludega, kaasa laulab Suurupi naiskoor MERETULE ja RAHVAS.<\/p>\n\n\n\n<p>V\u00f5ta kaasa latern v\u00f5i t\u00f5rvik, sobivas suuruses Eesti lipp, tule perega, kutsu s\u00f5brad ning naabrid l\u00e4hedalt ja kaugelt.<br>Jalgsimatk on j\u00f5ukohane ka lastele.<br>\u00dcritus on tasuta.<br>Varu kaasa 1.00 eur supikatla t\u00e4itmiseks + 2.00 euri pandipakendi eest, mis tagastatakse.<\/p>\n\n\n\n<p>Tulge t\u00e4histama meie kalli kodumaa s\u00fcnniaastap\u00e4eva kogu perega, v\u00f5tke kaasa lapsed, kellele selline isamaaline \u00fcritus j\u00e4\u00e4b meelde kauaks. Saame koos sammuda rongk\u00e4igus laternate ja sinimustvalgete lippudega, m\u00f5tiskleda l\u00f5kke \u00e4\u00e4res Tallinna panoraami taustal, kuulata isamaalisi k\u00f5nesid ning laule, maitsta katlasuppi ja nautida esinejaid.<\/p>\n\n\n\n<figure class=\"wp-block-image\"><a href=\"https:\/\/muraste.ee\/vana\/wp-content\/uploads\/2024\/02\/Eesti-iseseisvuspaeva-1.jpg\"><img decoding=\"async\" loading=\"lazy\" width=\"1024\" height=\"724\" src=\"https:\/\/muraste.ee\/vana\/wp-content\/uploads\/2024\/02\/Eesti-iseseisvuspaeva-1-1024x724.jpg\" alt=\"\" class=\"wp-image-10348\" srcset=\"https:\/\/muraste.ee\/vana\/wp-content\/uploads\/2024\/02\/Eesti-iseseisvuspaeva-1-1024x724.jpg 1024w, https:\/\/muraste.ee\/vana\/wp-content\/uploads\/2024\/02\/Eesti-iseseisvuspaeva-1-300x212.jpg 300w, https:\/\/muraste.ee\/vana\/wp-content\/uploads\/2024\/02\/Eesti-iseseisvuspaeva-1-768x543.jpg 768w, https:\/\/muraste.ee\/vana\/wp-content\/uploads\/2024\/02\/Eesti-iseseisvuspaeva-1-1536x1086.jpg 1536w, https:\/\/muraste.ee\/vana\/wp-content\/uploads\/2024\/02\/Eesti-iseseisvuspaeva-1-2048x1448.jpg 2048w, https:\/\/muraste.ee\/vana\/wp-content\/uploads\/2024\/02\/Eesti-iseseisvuspaeva-1-624x441.jpg 624w\" sizes=\"(max-width: 1024px) 100vw, 1024px\" \/><\/a><\/figure>\n\n\n\n<figure class=\"wp-block-image\"><a href=\"https:\/\/muraste.ee\/vana\/wp-content\/uploads\/2024\/02\/24.02_pensionarid_EV10635345-page-001-1.jpg\"><img decoding=\"async\" loading=\"lazy\" width=\"717\" height=\"1024\" src=\"https:\/\/muraste.ee\/vana\/wp-content\/uploads\/2024\/02\/24.02_pensionarid_EV10635345-page-001-1-717x1024.jpg\" alt=\"\" class=\"wp-image-10375\" srcset=\"https:\/\/muraste.ee\/vana\/wp-content\/uploads\/2024\/02\/24.02_pensionarid_EV10635345-page-001-1-717x1024.jpg 717w, https:\/\/muraste.ee\/vana\/wp-content\/uploads\/2024\/02\/24.02_pensionarid_EV10635345-page-001-1-210x300.jpg 210w, https:\/\/muraste.ee\/vana\/wp-content\/uploads\/2024\/02\/24.02_pensionarid_EV10635345-page-001-1-768x1098.jpg 768w, https:\/\/muraste.ee\/vana\/wp-content\/uploads\/2024\/02\/24.02_pensionarid_EV10635345-page-001-1-624x892.jpg 624w, https:\/\/muraste.ee\/vana\/wp-content\/uploads\/2024\/02\/24.02_pensionarid_EV10635345-page-001-1.jpg 839w\" sizes=\"(max-width: 717px) 100vw, 717px\" \/><\/a><\/figure>\n\n\n\n<figure class=\"wp-block-image\"><a href=\"https:\/\/muraste.ee\/vana\/wp-content\/uploads\/2024\/01\/1-MARTS-kell-19.00.jpg\"><img decoding=\"async\" loading=\"lazy\" width=\"724\" height=\"1024\" src=\"https:\/\/muraste.ee\/vana\/wp-content\/uploads\/2024\/01\/1-MARTS-kell-19.00-724x1024.jpg\" alt=\"\" class=\"wp-image-10303\" srcset=\"https:\/\/muraste.ee\/vana\/wp-content\/uploads\/2024\/01\/1-MARTS-kell-19.00-724x1024.jpg 724w, https:\/\/muraste.ee\/vana\/wp-content\/uploads\/2024\/01\/1-MARTS-kell-19.00-212x300.jpg 212w, https:\/\/muraste.ee\/vana\/wp-content\/uploads\/2024\/01\/1-MARTS-kell-19.00-768x1086.jpg 768w, https:\/\/muraste.ee\/vana\/wp-content\/uploads\/2024\/01\/1-MARTS-kell-19.00-1086x1536.jpg 1086w, https:\/\/muraste.ee\/vana\/wp-content\/uploads\/2024\/01\/1-MARTS-kell-19.00-1448x2048.jpg 1448w, https:\/\/muraste.ee\/vana\/wp-content\/uploads\/2024\/01\/1-MARTS-kell-19.00-624x883.jpg 624w, https:\/\/muraste.ee\/vana\/wp-content\/uploads\/2024\/01\/1-MARTS-kell-19.00.jpg 1587w\" sizes=\"(max-width: 724px) 100vw, 724px\" \/><\/a><\/figure>\n\n\n\n<ol>\n<li><strong>M\u00e4rtsil kell 19.00 Muraste kinopunktis Lee tee 9<br>Pilet: 6.00\/5..00 eu<\/strong>r A. H. Tammsaare samanimelisel romaanil p\u00f5hinev m\u00e4ngufilm viib meid \u00fche ootamatu armastusloo keskmesse. Elu ja armastuse j\u00e4rskude p\u00f6\u00f6retega seisavad silmitsi kaks Eesti kirjandusest tuntud ikoonilist tegelast, Irma ja Rudolf. Filmi tegevus leiab aset murrangulisel ajaj\u00e4rgul, mil kasvavast heaolust rammestunud noor Eesti Vabariik peab toime tulema muutuva maailma raputavate v\u00e4ljakutsetega. Esmakordselt t\u00e4ispika m\u00e4ngufilmina ekraanile j\u00f5udev \u201cElu ja armastus\u201d annab aegumatutele teemadele v\u00e4rske vaatepunkti, luues \u00fcllatavaid paralleele t\u00e4nap\u00e4evamaailmaga.1933. aasta kuumal suvel tuleb sisukamast elust unistav noor Irma maalt linna sugulase Lonni juurde. Irma on keskkonnavahetusest vaimustuses, linnaelus pettunud Lonni n\u00e4eb aga t\u00fcdruku tulekus uut v\u00f5imalust ka enda jaoks.Irmasse armunud maapoiss Eedi j\u00e4litab t\u00fcdrukut ja \u00fcritab veenda teda tagasi tulema, oma isatallu perenaiseks. Irma aga on otsustanud nende \u00fchise romantilise mineviku oma unistuste nimel seljatadaJuhuse tahtel palkab keskealine tr\u00fckit\u00f6\u00f6stur Rudolf Irma endale teenijaks. Rudolfi sarm ja salap\u00e4ra paeluvad Irmat ja ootamatult t\u00e4rganud tunded ei lase tal \u00fchel hetkel enam mehe l\u00e4henemiskatseid t\u00f5rjuda. Ehkki Rudolf vannub Irmale armastust, paljastub peagi edeva mehe liiderlik ja manipuleeriv pale.<\/li>\n<\/ol>\n\n\n\n<figure class=\"wp-block-embed\"><div class=\"wp-block-embed__wrapper\">\nhttps:\/\/youtube.com\/watch?v=YvvZrIw1NxQ%3Ffeature%3Doembed\n<\/div><\/figure>\n\n\n\n<figure class=\"wp-block-image\"><a href=\"https:\/\/muraste.ee\/vana\/wp-content\/uploads\/2024\/02\/lll.png\"><img decoding=\"async\" loading=\"lazy\" width=\"503\" height=\"524\" src=\"https:\/\/muraste.ee\/vana\/wp-content\/uploads\/2024\/02\/lll.png\" alt=\"\" class=\"wp-image-10390\" srcset=\"https:\/\/muraste.ee\/vana\/wp-content\/uploads\/2024\/02\/lll.png 503w, https:\/\/muraste.ee\/vana\/wp-content\/uploads\/2024\/02\/lll-288x300.png 288w\" sizes=\"(max-width: 503px) 100vw, 503px\" \/><\/a><\/figure>\n\n\n\n<p>V\u00e4ga hariv ja p\u00f5nev \u00f5htu oli. Kalev r\u00e4\u00e4kis praegusest olukorrast ja telgitagustest. Lisaks soovitame&nbsp;<strong>24.veebr. vaadata ETV-st filmi PITKA LEGEND<\/strong>&nbsp;\u2013 Eest legendaarsest admiralist ja suurmehest, kes p\u00fchendas oma elu vabale Eestile. Teda tundis Eestis iga\u00fcks ja tema teod olid v\u00f5itmatud. J.Pitka sai \u00dchendkuningriigilt 2 v\u00e4ga k\u00f5rget autasu, kuid viis need kuningakotta tagasi kuna kuningas ei v\u00f5tnud teda audiensile. Ta oleks v\u00f5inud pensioni p\u00f5lves elada koos perega Inglismaal, kuid naases oma isamaad kaitsma ning tema surnukeha pole kunagi leitud.<\/p>\n\n\n\n<figure class=\"wp-block-image\"><a href=\"https:\/\/muraste.ee\/vana\/wp-content\/uploads\/2024\/01\/Yellow-and-Black-Photo-Lunch-Weekly-Menu.jpg\"><img decoding=\"async\" loading=\"lazy\" width=\"1024\" height=\"622\" src=\"https:\/\/muraste.ee\/vana\/wp-content\/uploads\/2024\/01\/Yellow-and-Black-Photo-Lunch-Weekly-Menu-1024x622.jpg\" alt=\"\" class=\"wp-image-10329\" srcset=\"https:\/\/muraste.ee\/vana\/wp-content\/uploads\/2024\/01\/Yellow-and-Black-Photo-Lunch-Weekly-Menu-1024x622.jpg 1024w, https:\/\/muraste.ee\/vana\/wp-content\/uploads\/2024\/01\/Yellow-and-Black-Photo-Lunch-Weekly-Menu-300x182.jpg 300w, https:\/\/muraste.ee\/vana\/wp-content\/uploads\/2024\/01\/Yellow-and-Black-Photo-Lunch-Weekly-Menu-768x466.jpg 768w, https:\/\/muraste.ee\/vana\/wp-content\/uploads\/2024\/01\/Yellow-and-Black-Photo-Lunch-Weekly-Menu-1536x932.jpg 1536w, https:\/\/muraste.ee\/vana\/wp-content\/uploads\/2024\/01\/Yellow-and-Black-Photo-Lunch-Weekly-Menu-624x379.jpg 624w, https:\/\/muraste.ee\/vana\/wp-content\/uploads\/2024\/01\/Yellow-and-Black-Photo-Lunch-Weekly-Menu.jpg 2000w\" sizes=\"(max-width: 1024px) 100vw, 1024px\" \/><\/a><\/figure>\n\n\n\n<p><strong>KOREA MAITSED 2<br>27, veebruar 18.30 Muraste kooli \u00f5ppek\u00f6\u00f6gis Lee tee 9<br>Osaluspanus: 45.00 eur<\/strong>, tasumine kohapeal sularahas<br><strong>Pane ennast kirja: muraste@muraste.ee<\/strong><br>Kui oled ennast kirja pannud, kuid siiski tulla ei saa, ANNA KINDLASTI TEADA!<\/p>\n\n\n\n<p>KOREA MAITSE esimesel kohtumisel tegime kimchit. Koolitus osutus v\u00e4ga populaarseks, nii, et kohad t\u00e4itusid kiiresti. Osalejatel oli suur huvi ka edaspidi Korea kommete ja toidukultuuri osas.<\/p>\n\n\n\n<p><strong>KOREA S\u00dcNNIP\u00c4EVALAUD<\/strong>: r\u00e4\u00e4gime Korea elust, s\u00fcnnip\u00e4eva kommetest ja toitudest, mida valmistame koos, katame Korea kombekohaselt lauad ning s\u00f6\u00f6me \u00f5htust vestlusringis.<\/p>\n\n\n\n<p>S\u00fcnnip\u00e4eva laual on kindlasti Japchae (magus kartuli nuudliroog), vetikasupp (Miyeokguk), Korean BBQ (kana vardas) ja \u00fcheltki toidukorralt ei puudu muidugi kimchi.<br>JAPSHAE on maguskartuli nuudliroog k\u00f6\u00f6giviljade, muna, krevettide ja kanaga.<br>MIEYEOKGUK on alati igal emal peale s\u00fcnnitust esimeseks toiduks ja peale seda, igal lapse s\u00fcnnip\u00e4eval terve elu, peab see laual olema. Japchae on selline mitteametlik s\u00fcnnip\u00e4evaroog, aga \u00fcldiselt eeldatakse, et seda saab s\u00fcnnip\u00e4eval s\u00fc\u00fca.<br>Et meil laud rikkalikum oleks teeme KANA BBQ, lisandiks KIMCHI, mis on laual igal koolitusel.<\/p>\n\n\n\n<figure class=\"wp-block-image\"><a href=\"https:\/\/muraste.ee\/vana\/wp-content\/uploads\/2024\/02\/Poster-Heleni-kursused-kevad-2024-A4-Portrait35087-page-001.jpg\"><img decoding=\"async\" loading=\"lazy\" width=\"724\" height=\"1024\" src=\"https:\/\/muraste.ee\/vana\/wp-content\/uploads\/2024\/02\/Poster-Heleni-kursused-kevad-2024-A4-Portrait35087-page-001-724x1024.jpg\" alt=\"\" class=\"wp-image-10345\" srcset=\"https:\/\/muraste.ee\/vana\/wp-content\/uploads\/2024\/02\/Poster-Heleni-kursused-kevad-2024-A4-Portrait35087-page-001-724x1024.jpg 724w, https:\/\/muraste.ee\/vana\/wp-content\/uploads\/2024\/02\/Poster-Heleni-kursused-kevad-2024-A4-Portrait35087-page-001-212x300.jpg 212w, https:\/\/muraste.ee\/vana\/wp-content\/uploads\/2024\/02\/Poster-Heleni-kursused-kevad-2024-A4-Portrait35087-page-001-768x1086.jpg 768w, https:\/\/muraste.ee\/vana\/wp-content\/uploads\/2024\/02\/Poster-Heleni-kursused-kevad-2024-A4-Portrait35087-page-001-1086x1536.jpg 1086w, https:\/\/muraste.ee\/vana\/wp-content\/uploads\/2024\/02\/Poster-Heleni-kursused-kevad-2024-A4-Portrait35087-page-001-624x882.jpg 624w, https:\/\/muraste.ee\/vana\/wp-content\/uploads\/2024\/02\/Poster-Heleni-kursused-kevad-2024-A4-Portrait35087-page-001.jpg 1241w\" sizes=\"(max-width: 724px) 100vw, 724px\" \/><\/a><\/figure>\n\n\n\n<p><em>Seltskonnatantsu kevadkursused&nbsp;Murastes&nbsp;algavad m\u00e4rtsi keskel ja kestavad kaheksa n\u00e4dalat.&nbsp;Kursuseid juhendab \u201eTantsud t\u00e4htedega\u201c saatest tuntud kohtunik Helen Klandorf-Sadam, kes lubab ka k\u00f5ige kohmakamad karud tantsima panna.&nbsp;Helen on endine professionaalne v\u00f5istlustantsija, rahvusvaheline tantsukohtunik ja -\u00f5petaja kuid ennek\u00f5ike teie heatahtlik teejuht uue ja p\u00f5neva oskuse \u00f5ppimisel.<br>Registreeru kohe!<\/em><\/p>\n\n\n\n<p><em>Helen Klandorf-Sadam<br>Revalia Tantsukool<br>tel: +372 51&nbsp;094 93<br>email:&nbsp;<\/em><em><a href=\"mailto:tkrevalia@tkrevalia.ee\">tkrevalia@tkrevalia.ee<\/a><\/em><\/p>\n\n\n\n<p><em><a href=\"http:\/\/www.tkrevalia.ee\/\">www.tkrevalia.ee<\/a><\/em><\/p>\n\n\n\n<figure class=\"wp-block-image\"><a href=\"https:\/\/muraste.ee\/vana\/wp-content\/uploads\/2024\/02\/marts.jpg\"><img decoding=\"async\" loading=\"lazy\" width=\"724\" height=\"1024\" src=\"https:\/\/muraste.ee\/vana\/wp-content\/uploads\/2024\/02\/marts-724x1024.jpg\" alt=\"\" class=\"wp-image-10388\" srcset=\"https:\/\/muraste.ee\/vana\/wp-content\/uploads\/2024\/02\/marts-724x1024.jpg 724w, https:\/\/muraste.ee\/vana\/wp-content\/uploads\/2024\/02\/marts-212x300.jpg 212w, https:\/\/muraste.ee\/vana\/wp-content\/uploads\/2024\/02\/marts-768x1086.jpg 768w, https:\/\/muraste.ee\/vana\/wp-content\/uploads\/2024\/02\/marts-1086x1536.jpg 1086w, https:\/\/muraste.ee\/vana\/wp-content\/uploads\/2024\/02\/marts-1448x2048.jpg 1448w, https:\/\/muraste.ee\/vana\/wp-content\/uploads\/2024\/02\/marts-624x883.jpg 624w, https:\/\/muraste.ee\/vana\/wp-content\/uploads\/2024\/02\/marts.jpg 1587w\" sizes=\"(max-width: 724px) 100vw, 724px\" \/><\/a><\/figure>\n\n\n\n<figure class=\"wp-block-image\"><a href=\"https:\/\/muraste.ee\/vana\/wp-content\/uploads\/2024\/02\/10.-marts-kell-16.00.jpg\"><img decoding=\"async\" loading=\"lazy\" width=\"724\" height=\"1024\" src=\"https:\/\/muraste.ee\/vana\/wp-content\/uploads\/2024\/02\/10.-marts-kell-16.00-724x1024.jpg\" alt=\"\" class=\"wp-image-10346\" srcset=\"https:\/\/muraste.ee\/vana\/wp-content\/uploads\/2024\/02\/10.-marts-kell-16.00-724x1024.jpg 724w, https:\/\/muraste.ee\/vana\/wp-content\/uploads\/2024\/02\/10.-marts-kell-16.00-212x300.jpg 212w, https:\/\/muraste.ee\/vana\/wp-content\/uploads\/2024\/02\/10.-marts-kell-16.00-768x1086.jpg 768w, https:\/\/muraste.ee\/vana\/wp-content\/uploads\/2024\/02\/10.-marts-kell-16.00-1086x1536.jpg 1086w, https:\/\/muraste.ee\/vana\/wp-content\/uploads\/2024\/02\/10.-marts-kell-16.00-1448x2048.jpg 1448w, https:\/\/muraste.ee\/vana\/wp-content\/uploads\/2024\/02\/10.-marts-kell-16.00-624x883.jpg 624w, https:\/\/muraste.ee\/vana\/wp-content\/uploads\/2024\/02\/10.-marts-kell-16.00.jpg 1587w\" sizes=\"(max-width: 724px) 100vw, 724px\" \/><\/a><\/figure>\n\n\n\n<p>Tantsupesa tuleb k\u00fclla lasteetendusega \u201cKass kes reisib omap\u00e4i\u201d<br>Muraste kooli aatrium (Lee tee 9)<br>Pilet eelm\u00fc\u00fcgist: 5.00 eur<br>Kohapeal: 7.00 eur (sularaha)<br>Etenduse pikkus 35 min<br>Etendus on suunatud v\u00e4ikelastele.<\/p>\n\n\n\n<p>Eelm\u00fc\u00fck:<\/p>\n\n\n\n<figure class=\"wp-block-embed\"><div class=\"wp-block-embed__wrapper\">\nhttps:\/\/pilet.pro\/toode\/lasteetendus-kass-kes-reisib-omapai\/\n<\/div><\/figure>\n\n\n\n<p>Lugu \u00e4\u00e4rmiselt uudishimulikust kassikesest, kes soovib avastada maailma ja tutvuda k\u00f5ige k\u00f5ige p\u00f5nevamaga. Oma reisi k\u00e4igus k\u00fclastab kassike Prantsusmaad, Arktikat, Antarktikat ja Kreekat. Etendus on lustlik ja hoogne ning k\u00e4tkeb endas ka hariduslikku eesm\u00e4rki. Etenduse v\u00e4ltel saavad ka pealtvaatajad osaks etendusest<\/p>\n\n\n\n<figure class=\"wp-block-image\"><a href=\"https:\/\/muraste.ee\/vana\/wp-content\/uploads\/2024\/02\/KENNETH-ja-JO-1.jpg\"><img decoding=\"async\" loading=\"lazy\" width=\"724\" height=\"1024\" src=\"https:\/\/muraste.ee\/vana\/wp-content\/uploads\/2024\/02\/KENNETH-ja-JO-1-724x1024.jpg\" alt=\"\" class=\"wp-image-10389\" srcset=\"https:\/\/muraste.ee\/vana\/wp-content\/uploads\/2024\/02\/KENNETH-ja-JO-1-724x1024.jpg 724w, https:\/\/muraste.ee\/vana\/wp-content\/uploads\/2024\/02\/KENNETH-ja-JO-1-212x300.jpg 212w, https:\/\/muraste.ee\/vana\/wp-content\/uploads\/2024\/02\/KENNETH-ja-JO-1-768x1086.jpg 768w, https:\/\/muraste.ee\/vana\/wp-content\/uploads\/2024\/02\/KENNETH-ja-JO-1-1086x1536.jpg 1086w, https:\/\/muraste.ee\/vana\/wp-content\/uploads\/2024\/02\/KENNETH-ja-JO-1-1448x2048.jpg 1448w, https:\/\/muraste.ee\/vana\/wp-content\/uploads\/2024\/02\/KENNETH-ja-JO-1-624x883.jpg 624w, https:\/\/muraste.ee\/vana\/wp-content\/uploads\/2024\/02\/KENNETH-ja-JO-1.jpg 1587w\" sizes=\"(max-width: 724px) 100vw, 724px\" \/><\/a><\/figure>\n\n\n\n<p><strong>5. aprillil kell 19.00<br>Muraste aatriumis (Lee tee 9)<br>KENNETH ja JO<\/strong><br>V\u00e4iketeater MustJaAm esitleb<\/p>\n\n\n\n<p>Pilet eelm\u00fc\u00fcgist osta siit: 15.00 eur<br><a href=\"https:\/\/pilet.pro\/toode\/teatriohtu-koomiline-ponevik-kenneth-ja-jo\/?fbclid=IwAR3bLyDq5Df5-k5lGcrXiDcF0illkcIniMbMc222A_ctkCV3XriF106rhDw\" rel=\"noreferrer noopener\" target=\"_blank\">https:\/\/pilet.pro\/\u2026\/teatriohtu-koomiline-ponevik\u2026\/\u2026<\/a><\/p>\n\n\n\n<p>Kohapealt: 20.00 eur<\/p>\n\n\n\n<p>\u00dcllatuste, intriigide ja p\u00f5nevusrohke koomiline kriminaalne p\u00f5nevik \u201eKennet ja Jo\u201c.<br>Lugu igavuse k\u00e4es kannatavast abielupaarist kellel on elus k\u00f5ik olemas peale p\u00f5nevuse. Igavust v\u00fcrtsitavad nad p\u00f5nevate m\u00e4ngudega kus peale j\u00e4\u00e4b vaid kavalam.<br>Kaks ilusat inimest. Kelle v\u00f5it? Kumb armastab rohkem?<\/p>\n\n\n\n<p>Autor ja lavastaja Janno Puusepp<br>M\u00e4ngu m\u00e4ngivad Anne-Mai Tevahi ja Margus Mankin<\/p>\n\n\n\n<p>KES ON N\u00c4INUD SOOVITAVAD!<\/p>\n\n\n\n<figure class=\"wp-block-image\"><a href=\"https:\/\/muraste.ee\/vana\/wp-content\/uploads\/2024\/02\/417410544_385266360815833_818866936084271198_n-1.jpg\"><img decoding=\"async\" loading=\"lazy\" width=\"724\" height=\"1024\" src=\"https:\/\/muraste.ee\/vana\/wp-content\/uploads\/2024\/02\/417410544_385266360815833_818866936084271198_n-1-724x1024.jpg\" alt=\"\" class=\"wp-image-10393\" srcset=\"https:\/\/muraste.ee\/vana\/wp-content\/uploads\/2024\/02\/417410544_385266360815833_818866936084271198_n-1-724x1024.jpg 724w, https:\/\/muraste.ee\/vana\/wp-content\/uploads\/2024\/02\/417410544_385266360815833_818866936084271198_n-1-212x300.jpg 212w, https:\/\/muraste.ee\/vana\/wp-content\/uploads\/2024\/02\/417410544_385266360815833_818866936084271198_n-1-768x1086.jpg 768w, https:\/\/muraste.ee\/vana\/wp-content\/uploads\/2024\/02\/417410544_385266360815833_818866936084271198_n-1-1086x1536.jpg 1086w, https:\/\/muraste.ee\/vana\/wp-content\/uploads\/2024\/02\/417410544_385266360815833_818866936084271198_n-1-624x883.jpg 624w, https:\/\/muraste.ee\/vana\/wp-content\/uploads\/2024\/02\/417410544_385266360815833_818866936084271198_n-1.jpg 1448w\" sizes=\"(max-width: 724px) 100vw, 724px\" \/><\/a><\/figure>\n\n\n\n<p>Muraste k\u00fclaselts korraldab juba mitmendat korda v\u00e4ikelaevajuhtide kursususi. Kuna huvi on suur ja kohad t\u00e4ituvad kiiresti, siis teeme seda j\u00e4lle. Ei pea ise omama v\u00e4ikelaeva, kui load k\u00e4es v\u00f5id minna l\u00f5unamaa meredele julgelt seilama rendilaevaga.<\/p>\n\n\n\n<p>Esiemene INFOTUND on 14. m\u00e4rtsil kell 19.00<br>Kursuse hind 410.00 eur (v\u00f5imalik tasuda ka osade kaupa)<br>Kursus kestab 60 akadeemilist tundi, mis sisaldab k\u00f5iki tasusid, v\u00e4ikelaeva juhi lube ja praktikatunde merel. Juhiload saavad k\u00f5ik, kes sooritavad eksami.<br>Juhilube v\u00f5ib taotlema tulla alates 15 eluaastast.<br>Kursuse toimumise asukoht on Muraste k\u00fclaseltsi ruumides Lee tee 9, Muraste kooli spordihoone poolses osas.<br>Kursust juhendab kapten Aivar Savet, kes on pikaajalise kogemusega juhendaja nii Eestis kui v\u00e4lismaal ja Eesti Merekooli \u00f5ppej\u00f5ud.<\/p>\n\n\n\n<p>* INFOTUNNIS lepitakse kokku enamusele osalejatele sobivad kursuse toimumise ajad<br>* Pane ennast kirja: muraste@muraste.ee<br>KOHTADE ARV ON PIIRATUD<\/p>\n\n\n\n<figure class=\"wp-block-image\"><a href=\"https:\/\/muraste.ee\/vana\/wp-content\/uploads\/2024\/02\/Reklaam34997.jpeg\"><img decoding=\"async\" loading=\"lazy\" width=\"724\" height=\"1024\" src=\"https:\/\/muraste.ee\/vana\/wp-content\/uploads\/2024\/02\/Reklaam34997-724x1024.jpeg\" alt=\"\" class=\"wp-image-10347\" srcset=\"https:\/\/muraste.ee\/vana\/wp-content\/uploads\/2024\/02\/Reklaam34997-724x1024.jpeg 724w, https:\/\/muraste.ee\/vana\/wp-content\/uploads\/2024\/02\/Reklaam34997-212x300.jpeg 212w, https:\/\/muraste.ee\/vana\/wp-content\/uploads\/2024\/02\/Reklaam34997-768x1086.jpeg 768w, https:\/\/muraste.ee\/vana\/wp-content\/uploads\/2024\/02\/Reklaam34997-1086x1536.jpeg 1086w, https:\/\/muraste.ee\/vana\/wp-content\/uploads\/2024\/02\/Reklaam34997-624x883.jpeg 624w, https:\/\/muraste.ee\/vana\/wp-content\/uploads\/2024\/02\/Reklaam34997.jpeg 1414w\" sizes=\"(max-width: 724px) 100vw, 724px\" \/><\/a><\/figure>\n","protected":false},"excerpt":{"rendered":"<p>N\u00e4dal 8 Armsad Harku valla inimesed ja k\u00fclalised,Juba 13 a. on Muraste k\u00fclaselts korraldanud Harku vallas traditsiooniks saanud Eesti Vabariigi s\u00fcnniaastap\u00e4evale p\u00fchendatud \u00d6\u00d6MATKA. Nii ka sellel aastal, mil Eesti t\u00e4histab 106 aastap\u00e4eva.MATKAL on 2 ALGUSPUNKTI1. alguspunkt kell 18.00 MURASTE KOOLI juures (Lee tee 9).NB! Matarada valitakse vastavalt ilmastikule. Hetkel on teed v\u00e4ga libedad! 2. alguspunkt<a class=\"moretag\" href=\"https:\/\/muraste.ee\/vana\/?page_id=10398\"><br \/>&#8230;Loe edasi<\/a><\/p>\n","protected":false},"author":2,"featured_media":0,"parent":0,"menu_order":0,"comment_status":"closed","ping_status":"closed","template":"","meta":{"_bbp_topic_count":0,"_bbp_reply_count":0,"_bbp_total_topic_count":0,"_bbp_total_reply_count":0,"_bbp_voice_count":0,"_bbp_anonymous_reply_count":0,"_bbp_topic_count_hidden":0,"_bbp_reply_count_hidden":0,"_bbp_forum_subforum_count":0,"_mc_calendar":[]},"_links":{"self":[{"href":"https:\/\/muraste.ee\/vana\/index.php?rest_route=\/wp\/v2\/pages\/10398"}],"collection":[{"href":"https:\/\/muraste.ee\/vana\/index.php?rest_route=\/wp\/v2\/pages"}],"about":[{"href":"https:\/\/muraste.ee\/vana\/index.php?rest_route=\/wp\/v2\/types\/page"}],"author":[{"embeddable":true,"href":"https:\/\/muraste.ee\/vana\/index.php?rest_route=\/wp\/v2\/users\/2"}],"replies":[{"embeddable":true,"href":"https:\/\/muraste.ee\/vana\/index.php?rest_route=%2Fwp%2Fv2%2Fcomments&post=10398"}],"version-history":[{"count":1,"href":"https:\/\/muraste.ee\/vana\/index.php?rest_route=\/wp\/v2\/pages\/10398\/revisions"}],"predecessor-version":[{"id":10400,"href":"https:\/\/muraste.ee\/vana\/index.php?rest_route=\/wp\/v2\/pages\/10398\/revisions\/10400"}],"wp:attachment":[{"href":"https:\/\/muraste.ee\/vana\/index.php?rest_route=%2Fwp%2Fv2%2Fmedia&parent=10398"}],"curies":[{"name":"wp","href":"https:\/\/api.w.org\/{rel}","templated":true}]}}