{"id":10465,"date":"2024-03-25T11:57:08","date_gmt":"2024-03-25T09:57:08","guid":{"rendered":"https:\/\/muraste.ee\/vana\/?page_id=10465"},"modified":"2024-03-25T11:57:08","modified_gmt":"2024-03-25T09:57:08","slug":"nadal-13-6","status":"publish","type":"page","link":"https:\/\/muraste.ee\/vana\/?page_id=10465","title":{"rendered":"N\u00e4dal 13"},"content":{"rendered":"\n<p><img decoding=\"async\" loading=\"lazy\" width=\"624\" height=\"416\" src=\"https:\/\/muraste.ee\/vana\/wp-content\/uploads\/2024\/03\/anemone-2396299_1280-1-624x416.jpg\" alt=\"\" srcset=\"https:\/\/muraste.ee\/vana\/wp-content\/uploads\/2024\/03\/anemone-2396299_1280-1-624x416.jpg 624w, https:\/\/muraste.ee\/vana\/wp-content\/uploads\/2024\/03\/anemone-2396299_1280-1-300x200.jpg 300w, https:\/\/muraste.ee\/vana\/wp-content\/uploads\/2024\/03\/anemone-2396299_1280-1-1024x682.jpg 1024w, https:\/\/muraste.ee\/vana\/wp-content\/uploads\/2024\/03\/anemone-2396299_1280-1-768x512.jpg 768w, https:\/\/muraste.ee\/vana\/wp-content\/uploads\/2024\/03\/anemone-2396299_1280-1.jpg 1280w\"><\/p>\n\n\n\n<h1 class=\"wp-block-heading\">N\u00e4dal 13<\/h1>\n\n\n\n<p>Tere, armas Muraste! KEVAD, KEVAD, KEVAD!!!<\/p>\n\n\n\n<figure class=\"wp-block-image\"><a href=\"https:\/\/muraste.ee\/vana\/wp-content\/uploads\/2024\/03\/JAAB-ARA.jpg\"><img decoding=\"async\" loading=\"lazy\" width=\"1024\" height=\"577\" src=\"https:\/\/muraste.ee\/vana\/wp-content\/uploads\/2024\/03\/JAAB-ARA-1024x577.jpg\" alt=\"\" class=\"wp-image-10459\" srcset=\"https:\/\/muraste.ee\/vana\/wp-content\/uploads\/2024\/03\/JAAB-ARA-1024x577.jpg 1024w, https:\/\/muraste.ee\/vana\/wp-content\/uploads\/2024\/03\/JAAB-ARA-300x169.jpg 300w, https:\/\/muraste.ee\/vana\/wp-content\/uploads\/2024\/03\/JAAB-ARA-768x433.jpg 768w, https:\/\/muraste.ee\/vana\/wp-content\/uploads\/2024\/03\/JAAB-ARA-1536x865.jpg 1536w, https:\/\/muraste.ee\/vana\/wp-content\/uploads\/2024\/03\/JAAB-ARA-624x352.jpg 624w, https:\/\/muraste.ee\/vana\/wp-content\/uploads\/2024\/03\/JAAB-ARA-128x72.jpg 128w, https:\/\/muraste.ee\/vana\/wp-content\/uploads\/2024\/03\/JAAB-ARA.jpg 1640w\" sizes=\"(max-width: 1024px) 100vw, 1024px\" \/><\/a><\/figure>\n\n\n\n<p>Anname kurbusega teada, et see tore etendus j\u00e4\u00e4b \u00e4ra v\u00e4hese huvi t\u00f5ttu.<\/p>\n\n\n\n<p>Soovitame olla aktiivsemad eelm\u00fc\u00fcgist piletite ostmisega!<\/p>\n\n\n\n<figure class=\"wp-block-image\"><a href=\"https:\/\/muraste.ee\/vana\/wp-content\/uploads\/2024\/03\/Kuj.-Kirna-koopia-2.jpg\"><img decoding=\"async\" loading=\"lazy\" width=\"1024\" height=\"724\" src=\"https:\/\/muraste.ee\/vana\/wp-content\/uploads\/2024\/03\/Kuj.-Kirna-koopia-2-1024x724.jpg\" alt=\"\" class=\"wp-image-10441\" srcset=\"https:\/\/muraste.ee\/vana\/wp-content\/uploads\/2024\/03\/Kuj.-Kirna-koopia-2-1024x724.jpg 1024w, https:\/\/muraste.ee\/vana\/wp-content\/uploads\/2024\/03\/Kuj.-Kirna-koopia-2-300x212.jpg 300w, https:\/\/muraste.ee\/vana\/wp-content\/uploads\/2024\/03\/Kuj.-Kirna-koopia-2-768x543.jpg 768w, https:\/\/muraste.ee\/vana\/wp-content\/uploads\/2024\/03\/Kuj.-Kirna-koopia-2-1536x1086.jpg 1536w, https:\/\/muraste.ee\/vana\/wp-content\/uploads\/2024\/03\/Kuj.-Kirna-koopia-2-2048x1448.jpg 2048w, https:\/\/muraste.ee\/vana\/wp-content\/uploads\/2024\/03\/Kuj.-Kirna-koopia-2-624x441.jpg 624w\" sizes=\"(max-width: 1024px) 100vw, 1024px\" \/><\/a><\/figure>\n\n\n\n<p><strong>10. aprill kell 18.00<br>Muraste kooli \u00f5ppek\u00f6\u00f6gis Lee tee 9<\/strong><br>Osaluspanus: 35.00 eur<br>Osaleja saab kaasa 1 kg kimchit<\/p>\n\n\n\n<p>Redise kimchi, (\uae4d\ub450\uae30 Kkakdugi) on tehtud peamiselt valgest redisest. Kkakdugi on v\u00e4ga populaarne k\u00f5rvalroog Korea toidukultuuris.<br>Tavalise kimchiga on redise kimchi peaaegu k\u00f5ige populaarsem k\u00f5rvalroog, kuigi kimchisid on palju, \u00fcle 100 erineva retsepti, redise kimchi v\u00e4\u00e4rib kohta \u00fche erilisema ja maitsvama kimchina Korea k\u00f6\u00f6gis.<br>Koolitus koosneb Redise kimchi valmistamisest kahel erineval viisil, kuubikutena l\u00f5igatud redisest ja riivitud redisest. Maitsestus on samuti veidi erinev, seega saate \u00fche koolituse k\u00e4igus kahe erineva, v\u00e4ga kergelt valmistatatava kimchi tegemise kogemuse ja \u00e4\u00e4rmiselt maitsa toidulisa oma lauale!<\/p>\n\n\n\n<p>Valmistame koos ka \u00fche kerge sojaoa hautise, mida koolituse l\u00f5pus koos kimchiga hea maitsta lasta. Tulge \u00f5ppige Korealaste kombel toitu hindama!<\/p>\n\n\n\n<figure class=\"wp-block-image\"><a href=\"https:\/\/muraste.ee\/vana\/wp-content\/uploads\/2024\/03\/Kunst.jpg\"><img decoding=\"async\" loading=\"lazy\" width=\"1024\" height=\"576\" src=\"https:\/\/muraste.ee\/vana\/wp-content\/uploads\/2024\/03\/Kunst-1024x576.jpg\" alt=\"\" class=\"wp-image-10442\" srcset=\"https:\/\/muraste.ee\/vana\/wp-content\/uploads\/2024\/03\/Kunst-1024x576.jpg 1024w, https:\/\/muraste.ee\/vana\/wp-content\/uploads\/2024\/03\/Kunst-300x169.jpg 300w, https:\/\/muraste.ee\/vana\/wp-content\/uploads\/2024\/03\/Kunst-768x432.jpg 768w, https:\/\/muraste.ee\/vana\/wp-content\/uploads\/2024\/03\/Kunst-1536x864.jpg 1536w, https:\/\/muraste.ee\/vana\/wp-content\/uploads\/2024\/03\/Kunst-624x351.jpg 624w, https:\/\/muraste.ee\/vana\/wp-content\/uploads\/2024\/03\/Kunst-128x72.jpg 128w, https:\/\/muraste.ee\/vana\/wp-content\/uploads\/2024\/03\/Kunst.jpg 1920w\" sizes=\"(max-width: 1024px) 100vw, 1024px\" \/><\/a><\/figure>\n\n\n\n<p><strong>KAHEOSALINE KURSUS<\/strong><\/p>\n\n\n\n<p><strong>15, ja 22. aprill<br>Muraste k\u00fclaseltsi ruumides (Spordihoone uksest)<br>Lee tee 9<br>Kell: 18.30<\/strong><br>Maksumus KOKKU: 48 eurot m\u00f5lemad \u00f5pitoad (juhendamine, materjalid) maksmine kohapeal sularahas.<\/p>\n\n\n\n<p>15. APRILL: Kompositsiooni visandamine. V\u00e4rvikombinatsiooni valimine. Tekstuuride katsetamine, pahtliga tekstuuri loomine l\u00f5uendile.<br>22. APRILL: Akr\u00fc\u00fclv\u00e4rvi p\u00f5hit\u00f5ed, v\u00e4rvide segamine ja uute toonide loomine. Tekstuurmaali v\u00e4rvimine.<\/p>\n\n\n\n<p>Kursusel teeme tutvust erinevate tekstuurmaali tehnikatega, materjalidega ning loome ise \u00fche tekstuurmaali l\u00f5uendil. \u00d5pime looma pahtlist erinevaid tekstuure, segama p\u00f5hiv\u00e4rvidest uusi toone ja looma p\u00f5nevat kompositsiooni. Kasutame maali tegemiseks pahtlit ja akr\u00fc\u00fclv\u00e4rve. Maali suuruseks on 40\u00d750 cm.<br>Tekstuurmaali valmistamine on j\u00f5ukohane k\u00f5igile ning ei n\u00f5ua eelnevaid kogemusi.<\/p>\n\n\n\n<p>Kursust viib l\u00e4bi kunsti\u00f5petaja ja t\u00f6\u00f6tubade l\u00e4biviija Marell Voolaid. Tema tegemistel saab silma peal hoida&nbsp;<a href=\"http:\/\/www.sinuloovus.com\/?fbclid=IwAR3PFKVlinSeup0spKgBmE89bDKPlgcCQG6MyA5CGR0m6tBFVb4XG_D2rp0\" rel=\"noreferrer noopener\" target=\"_blank\">www.sinuloovus.com<\/a>&nbsp;v\u00f5i Facebookis: Sinu Loovus.<\/p>\n\n\n\n<p>Osalejate arv on piiratud. Osalemiseks kirjuta muraste@muraste.ee.<br>Maksumus on 48 eurot (juhendamine, materjalid).<\/p>\n\n\n\n<figure class=\"wp-block-image\"><a href=\"https:\/\/muraste.ee\/vana\/wp-content\/uploads\/2024\/03\/aed.jpg\"><img decoding=\"async\" loading=\"lazy\" width=\"1024\" height=\"724\" src=\"https:\/\/muraste.ee\/vana\/wp-content\/uploads\/2024\/03\/aed-1024x724.jpg\" alt=\"\" class=\"wp-image-10443\" srcset=\"https:\/\/muraste.ee\/vana\/wp-content\/uploads\/2024\/03\/aed-1024x724.jpg 1024w, https:\/\/muraste.ee\/vana\/wp-content\/uploads\/2024\/03\/aed-300x212.jpg 300w, https:\/\/muraste.ee\/vana\/wp-content\/uploads\/2024\/03\/aed-768x543.jpg 768w, https:\/\/muraste.ee\/vana\/wp-content\/uploads\/2024\/03\/aed-1536x1086.jpg 1536w, https:\/\/muraste.ee\/vana\/wp-content\/uploads\/2024\/03\/aed-2048x1448.jpg 2048w, https:\/\/muraste.ee\/vana\/wp-content\/uploads\/2024\/03\/aed-624x441.jpg 624w\" sizes=\"(max-width: 1024px) 100vw, 1024px\" \/><\/a><\/figure>\n\n\n\n<p><strong>17. aprill kell 18.30<br>Muraste k\u00fclaselts Lee tee 9<\/strong><br>Osaluspanus: 25.00 eur<br>Peenrad korda \u00f5ptuba<\/p>\n\n\n\n<p>Taimede sobitamine nende kasvukuju, struktuuri ja v\u00e4rvi alusel<br>Kui suurte gruppidena ja kuidas taimi peenrasse paigutada<br>Efektsed kevadised, varasuvised ja s\u00fcgisesed \u00f5itsejad aias<br>Kevadest s\u00fcgiseni \u00f5itseva peenra n\u00e4idise anal\u00fc\u00fcs<br>Lillepeenarde hooldust\u00f6\u00f6d ja taimede paljundamine<\/p>\n\n\n\n<p>\u00d5pituba juhendab kogenud aednik Kadi Laansalu<br><a href=\"https:\/\/www.facebook.com\/people\/Aednik-aitab\/100088437948878\/?__cft__[0]=AZUjkZPEHbtcQVsCDBHQMIfoLwIWMZ2BGK8FAqo7xclPyxWc8An9wLk8x0MTdHuyhByka_6lNx1yLgcgmfk8yTbGx66i_anU5L_o7kxEOCurz0HQM-k-wo6oAzfdFsJtOls&amp;__tn__=q\">https:\/\/www.facebook.com\/\u2026\/Aednik-aitab\/100088437948878\/<\/a><\/p>\n\n\n\n<figure class=\"wp-block-image\"><a href=\"https:\/\/muraste.ee\/vana\/wp-content\/uploads\/2024\/03\/19.-aprill-kell-19.00-1.jpg\"><img decoding=\"async\" loading=\"lazy\" width=\"1024\" height=\"724\" src=\"https:\/\/muraste.ee\/vana\/wp-content\/uploads\/2024\/03\/19.-aprill-kell-19.00-1-1024x724.jpg\" alt=\"\" class=\"wp-image-10461\" srcset=\"https:\/\/muraste.ee\/vana\/wp-content\/uploads\/2024\/03\/19.-aprill-kell-19.00-1-1024x724.jpg 1024w, https:\/\/muraste.ee\/vana\/wp-content\/uploads\/2024\/03\/19.-aprill-kell-19.00-1-300x212.jpg 300w, https:\/\/muraste.ee\/vana\/wp-content\/uploads\/2024\/03\/19.-aprill-kell-19.00-1-768x543.jpg 768w, https:\/\/muraste.ee\/vana\/wp-content\/uploads\/2024\/03\/19.-aprill-kell-19.00-1-1536x1086.jpg 1536w, https:\/\/muraste.ee\/vana\/wp-content\/uploads\/2024\/03\/19.-aprill-kell-19.00-1-2048x1448.jpg 2048w, https:\/\/muraste.ee\/vana\/wp-content\/uploads\/2024\/03\/19.-aprill-kell-19.00-1-624x441.jpg 624w\" sizes=\"(max-width: 1024px) 100vw, 1024px\" \/><\/a><\/figure>\n\n\n\n<p><strong>TULNUKAS 2 ehk Valdise tagasitulek 17 osas<br>19. aprill kell 19.00<\/strong><br>Muraste kinopunktis Lee tee 9<br>Pilet: 6.00\/5.00 eur<\/p>\n\n\n\n<p>Oblikate vahelt \u00fcle-eestiliseks heeroseks t\u00f5usnud Valdis naaseb 1. aprillil kinodesse. Rasmus Merivoo (\u201eKratt\u201c) kultusfilmi \u201eTulnukas ehk Valdise p\u00e4\u00e4semine 11 osas\u201c kauaoodatud j\u00e4rg toob suurele ekraanile eestlaste s\u00fcdametesse tee leidnud leidnud alevi parimad pojad.<br>Treiler:&nbsp;<a href=\"https:\/\/www.youtube.com\/watch?v=Npcspp900gI&amp;fbclid=IwAR37WFU-PvTR8VRpgJcHx_zA6_PJ7E2SoXUB5i89pYDBhh3LxVKmEIXlccY\" rel=\"noreferrer noopener\" target=\"_blank\">https:\/\/www.youtube.com\/watch?v=Npcspp900gI<\/a><\/p>\n\n\n\n<p>Filmis l\u00f6\u00f6vad kaasa M\u00e4rt Avandi (\u201eVehkleja\u201c), Ott Sepp (\u201eJohannes P\u00e4\u00e4sukese t\u00f5eline elu\u201c), Vallo Kirs (\u201eKlass\u201c), Liisa Pulk (\u201e\u00dckssarvik\u201c), Kaia Skoblov (\u201eDeemonid\u201c), T\u00f5nn Lamp (\u201eTume paradiis\u201c), Indrek Ojari (\u201eO2\u201c), Ago Anderson (\u201eSuvitajad\u201c), Marek Tammets (\u201eKratt\u201c), Indrek Taalmaa (\u201eSoo\u201c), Merle J\u00e4\u00e4ger (\u201eJohannes P\u00e4\u00e4sukese t\u00f5eline elu\u201c) jpt.<\/p>\n\n\n\n<p>\u201cTulnukas 2 ehk Valdise tagasitulek 17 osas\u201d re\u017eiss\u00f6\u00f6r ja stsenarist on Rasmus Merivoo (\u201cKratt\u201d), operaator Jako Krull (\u201cKratt\u201d), monteerijad Rasmus Merivoo ja Kristin Kalamees (\u201cKratt\u201d), kunstnik Krete Tarkmees (\u201cKratt\u201d). Filmi produtsentideks on Tallifornia d\u00fcnaamiline duo T\u00f5nu Hiielaid (\u201cKratt\u201d) ja Rain Rannu (\u201cKratt\u201d)<\/p>\n\n\n\n<p>Filmi tootja ja levitaja on Tallifornia. Filmi valmimist toetas Eesti Filmi Instituut.<\/p>\n","protected":false},"excerpt":{"rendered":"<p>N\u00e4dal 13 Tere, armas Muraste! KEVAD, KEVAD, KEVAD!!! Anname kurbusega teada, et see tore etendus j\u00e4\u00e4b \u00e4ra v\u00e4hese huvi t\u00f5ttu. Soovitame olla aktiivsemad eelm\u00fc\u00fcgist piletite ostmisega! 10. aprill kell 18.00Muraste kooli \u00f5ppek\u00f6\u00f6gis Lee tee 9Osaluspanus: 35.00 eurOsaleja saab kaasa 1 kg kimchit Redise kimchi, (\uae4d\ub450\uae30 Kkakdugi) on tehtud peamiselt valgest redisest. Kkakdugi on v\u00e4ga populaarne<a class=\"moretag\" href=\"https:\/\/muraste.ee\/vana\/?page_id=10465\"><br \/>&#8230;Loe edasi<\/a><\/p>\n","protected":false},"author":2,"featured_media":0,"parent":0,"menu_order":0,"comment_status":"closed","ping_status":"closed","template":"","meta":{"_bbp_topic_count":0,"_bbp_reply_count":0,"_bbp_total_topic_count":0,"_bbp_total_reply_count":0,"_bbp_voice_count":0,"_bbp_anonymous_reply_count":0,"_bbp_topic_count_hidden":0,"_bbp_reply_count_hidden":0,"_bbp_forum_subforum_count":0,"_mc_calendar":[]},"_links":{"self":[{"href":"https:\/\/muraste.ee\/vana\/index.php?rest_route=\/wp\/v2\/pages\/10465"}],"collection":[{"href":"https:\/\/muraste.ee\/vana\/index.php?rest_route=\/wp\/v2\/pages"}],"about":[{"href":"https:\/\/muraste.ee\/vana\/index.php?rest_route=\/wp\/v2\/types\/page"}],"author":[{"embeddable":true,"href":"https:\/\/muraste.ee\/vana\/index.php?rest_route=\/wp\/v2\/users\/2"}],"replies":[{"embeddable":true,"href":"https:\/\/muraste.ee\/vana\/index.php?rest_route=%2Fwp%2Fv2%2Fcomments&post=10465"}],"version-history":[{"count":1,"href":"https:\/\/muraste.ee\/vana\/index.php?rest_route=\/wp\/v2\/pages\/10465\/revisions"}],"predecessor-version":[{"id":10467,"href":"https:\/\/muraste.ee\/vana\/index.php?rest_route=\/wp\/v2\/pages\/10465\/revisions\/10467"}],"wp:attachment":[{"href":"https:\/\/muraste.ee\/vana\/index.php?rest_route=%2Fwp%2Fv2%2Fmedia&parent=10465"}],"curies":[{"name":"wp","href":"https:\/\/api.w.org\/{rel}","templated":true}]}}