{"id":10538,"date":"2024-04-23T10:35:40","date_gmt":"2024-04-23T07:35:40","guid":{"rendered":"https:\/\/muraste.ee\/vana\/?page_id=10538"},"modified":"2024-04-23T10:35:41","modified_gmt":"2024-04-23T07:35:41","slug":"nadal-17-6","status":"publish","type":"page","link":"https:\/\/muraste.ee\/vana\/?page_id=10538","title":{"rendered":"N\u00e4dal 17"},"content":{"rendered":"\n<h1 class=\"wp-block-heading\">N\u00e4dal 17<\/h1>\n\n\n\n<p>Tere, armas Muraste! Seekord tuleb kevad teisiti, koos kauni talveilmaga. Murastes on see n\u00e4gal TEATRIN\u00c4DAL. Tulge oma koduteatrisse nii v\u00e4ikesed kui suured!<\/p>\n\n\n\n<p><strong>TEATRIN\u00c4DAL MURASTES<\/strong><\/p>\n\n\n\n<p><strong>NELJAP\u00c4EVAL<\/strong>&nbsp;esietendub meie oma teatri l\u00f5bus etendus. Piletid saab hankida kohapeal sularahas.<br><strong>P\u00dcHAP\u00c4EVAL<\/strong>&nbsp;on vahva nukuteater v\u00e4ikelastele MIKU-MANNI lasteteatrilt.<br><strong>Piletid eelm\u00fc\u00fcgist vaid 5.00 euri<\/strong><\/p>\n\n\n\n<figure class=\"wp-block-image\"><a href=\"https:\/\/muraste.ee\/vana\/wp-content\/uploads\/2024\/03\/69629919-a4b7-4615-8b14-08f2ab620e21.jpg\"><img decoding=\"async\" loading=\"lazy\" width=\"724\" height=\"1024\" src=\"https:\/\/muraste.ee\/vana\/wp-content\/uploads\/2024\/03\/69629919-a4b7-4615-8b14-08f2ab620e21-724x1024.jpg\" alt=\"\" class=\"wp-image-10471\" srcset=\"https:\/\/muraste.ee\/vana\/wp-content\/uploads\/2024\/03\/69629919-a4b7-4615-8b14-08f2ab620e21-724x1024.jpg 724w, https:\/\/muraste.ee\/vana\/wp-content\/uploads\/2024\/03\/69629919-a4b7-4615-8b14-08f2ab620e21-212x300.jpg 212w, https:\/\/muraste.ee\/vana\/wp-content\/uploads\/2024\/03\/69629919-a4b7-4615-8b14-08f2ab620e21-768x1086.jpg 768w, https:\/\/muraste.ee\/vana\/wp-content\/uploads\/2024\/03\/69629919-a4b7-4615-8b14-08f2ab620e21-1086x1536.jpg 1086w, https:\/\/muraste.ee\/vana\/wp-content\/uploads\/2024\/03\/69629919-a4b7-4615-8b14-08f2ab620e21-624x883.jpg 624w, https:\/\/muraste.ee\/vana\/wp-content\/uploads\/2024\/03\/69629919-a4b7-4615-8b14-08f2ab620e21.jpg 1414w\" sizes=\"(max-width: 724px) 100vw, 724px\" \/><\/a><\/figure>\n\n\n\n<p><strong>26. aprill kell 19.00&nbsp;<\/strong>Muraste kooli aatriumis Lee tee 9<\/p>\n\n\n\n<p>Elamuse eest 10.00 eur sularahas kohapeal<\/p>\n\n\n\n<p>Avatud on k\u00f5rts<\/p>\n\n\n\n<p>\u00dchel 1995. aasta \u00f5htupoolikul kogunevad Alam-Kolka k\u00fcla elanikud koosolekule. Kultuur n\u00e4ib olevat kogu vallas j\u00e4\u00e4nud tagaplaanile ja oleks vaja midagi ette v\u00f5tta. J\u00f5utakse kokkuleppeni tuua lavale maailmaklassikasse kuuluv \u201eHamlet\u201c. Paraku ei l\u00e4he aga k\u00f5ik nii roosiliselt. P\u00e4riselus juhtuvad s\u00fcndmused on j\u00e4rjest enam sarnased \u201eHamletis\u201c toimuvaga. Valed, \u00e4hvardused, meeleheide, flirt ja \u00f5nnetu armastus on m\u00e4rks\u00f5nad, mis seovad n\u00e4idendit reaalsusega. Kuigi teemad on t\u00f5sised, saab nalja, laulu ja tantsu.<br>Lavastus on tehtud Ivo Bre\u0161ani n\u00e4idendi \u201e\u201eHamleti\u201c lavastamine Alam-Kolka k\u00fclas\u201c ainetel.<br>Lavastaja: Anne Veesaar<br>M\u00e4ngivad:<br>Anja, k\u00fcla kauneim neiu\/Ophelia (Poloniuse t\u00fctar) \u2013 Evelin Tiirik<br>Joka, k\u00fcla asiseim noormees\/prints Hamlet (Gertrudi poeg) \u2013 Meelis Vilippus<br>Bruno, vallavolikogu esimees\/kuningas Claudius \u2013 Armand Danilson<br>Paul, k\u00fclaseltsi esimees\/teener Polonius \u2013 Rainer Tsirk<br>Matsak, vallavolinik\/Laertes (Poloniuse poeg) \u2013 Marili Kurviste<br>Siimeon, mahekanala omanik\/Horatio \u2013 Urmo Lamp<br>Sonja, k\u00fclakooli \u00f5petaja ja \u201eHamleti\u201c lavastaja \u2013 \u00dclle Jurtom<br>Maika, k\u00f5rtsipidaja\/kuninganna Gertrud \u2013 Pille Lamp<br>Vika, k\u00fclaseltsi sekret\u00e4r \u2013 Veronica Pebsen Zachrau<br>Julia, Sonja s\u00f5branna \u2013 Katrin Pebsen-Zachrau<br>K\u00fclaelanikud: Tessa Tsirk, Nora Lee Adamson, Anete Niinemets, Karel Alamaa<br>Muusik: Helve Mitt<br>Valgus: Sebastian Pebsen-Zachrau, Eliise Liisa Lepp<\/p>\n\n\n\n<p>Esietendus 26.04.2024. Muraste kooli aatriumis. Elamuse eest 10 \u20ac. Avatud k\u00f5rts!<\/p>\n\n\n\n<figure class=\"wp-block-image\"><a href=\"https:\/\/muraste.ee\/vana\/wp-content\/uploads\/2024\/04\/kes_eitoota_A4trykk36130.pdf.jpg\"><img decoding=\"async\" loading=\"lazy\" width=\"730\" height=\"1024\" src=\"https:\/\/muraste.ee\/vana\/wp-content\/uploads\/2024\/04\/kes_eitoota_A4trykk36130.pdf-730x1024.jpg\" alt=\"\" class=\"wp-image-10478\" srcset=\"https:\/\/muraste.ee\/vana\/wp-content\/uploads\/2024\/04\/kes_eitoota_A4trykk36130.pdf-730x1024.jpg 730w, https:\/\/muraste.ee\/vana\/wp-content\/uploads\/2024\/04\/kes_eitoota_A4trykk36130.pdf-214x300.jpg 214w, https:\/\/muraste.ee\/vana\/wp-content\/uploads\/2024\/04\/kes_eitoota_A4trykk36130.pdf-768x1077.jpg 768w, https:\/\/muraste.ee\/vana\/wp-content\/uploads\/2024\/04\/kes_eitoota_A4trykk36130.pdf-1095x1536.jpg 1095w, https:\/\/muraste.ee\/vana\/wp-content\/uploads\/2024\/04\/kes_eitoota_A4trykk36130.pdf-624x875.jpg 624w, https:\/\/muraste.ee\/vana\/wp-content\/uploads\/2024\/04\/kes_eitoota_A4trykk36130.pdf.jpg 1426w\" sizes=\"(max-width: 730px) 100vw, 730px\" \/><\/a><\/figure>\n\n\n\n<p><strong>MIKU MANNI lasteteater esitleb:<\/strong><\/p>\n\n\n\n<p><strong>V\u00e4ikelaste nukuetendus<\/strong><\/p>\n\n\n\n<p><strong>KES EI T\u00d6\u00d6TA, SEE EI S\u00d6\u00d6<\/strong><\/p>\n\n\n\n<p><strong>Pilet eelm\u00fc\u00fcgist: 5.00 eur<\/strong>&nbsp;https:\/\/pilet.pro\/toode\/nukuetendus-vaikelastele-kes-ei-toota-see-ei-soo\/<\/p>\n\n\n\n<p>Kohapeal 7.00 eur<\/p>\n\n\n\n<p><strong>28. aprill, p\u00fchap\u00e4ev kell 16.00<\/strong><\/p>\n\n\n\n<p>\u201cKes ei t\u00f6\u00f6ta, see ei s\u00f6\u00f6\u201d on l\u00f5bus ja \u00f5petlik nukulavastus, mis<\/p>\n\n\n\n<p>r\u00e4\u00e4gib loo sellest, et s\u00f5pru peab aitama ja kui seda mitte teha, siis<\/p>\n\n\n\n<p>v\u00f5ib see meid endid p\u00e4rast kurvaks teha.<\/p>\n\n\n\n<p><a href=\"https:\/\/mmlasteteater.ee\/show\/kes-ei-toota-see-ei-soo\/\">Kes ei t\u00f6\u00f6ta, see ei s\u00f6\u00f6 \u2013 Lasteteater Miku-Manni (mmlasteteater.ee)<\/a><\/p>\n\n\n\n<figure class=\"wp-block-image\"><a href=\"https:\/\/muraste.ee\/vana\/wp-content\/uploads\/2024\/04\/IMG_7286-797x750-1.jpg\"><img decoding=\"async\" loading=\"lazy\" width=\"637\" height=\"412\" src=\"https:\/\/muraste.ee\/vana\/wp-content\/uploads\/2024\/04\/IMG_7286-797x750-1.jpg\" alt=\"\" class=\"wp-image-10479\" srcset=\"https:\/\/muraste.ee\/vana\/wp-content\/uploads\/2024\/04\/IMG_7286-797x750-1.jpg 637w, https:\/\/muraste.ee\/vana\/wp-content\/uploads\/2024\/04\/IMG_7286-797x750-1-300x194.jpg 300w, https:\/\/muraste.ee\/vana\/wp-content\/uploads\/2024\/04\/IMG_7286-797x750-1-624x404.jpg 624w\" sizes=\"(max-width: 637px) 100vw, 637px\" \/><\/a><\/figure>\n\n\n\n<figure class=\"wp-block-image\"><a href=\"https:\/\/muraste.ee\/vana\/wp-content\/uploads\/2024\/04\/IMG_0694-1000x750-1.jpg\"><img decoding=\"async\" loading=\"lazy\" width=\"668\" height=\"631\" src=\"https:\/\/muraste.ee\/vana\/wp-content\/uploads\/2024\/04\/IMG_0694-1000x750-1.jpg\" alt=\"\" class=\"wp-image-10480\" srcset=\"https:\/\/muraste.ee\/vana\/wp-content\/uploads\/2024\/04\/IMG_0694-1000x750-1.jpg 668w, https:\/\/muraste.ee\/vana\/wp-content\/uploads\/2024\/04\/IMG_0694-1000x750-1-300x283.jpg 300w, https:\/\/muraste.ee\/vana\/wp-content\/uploads\/2024\/04\/IMG_0694-1000x750-1-624x589.jpg 624w\" sizes=\"(max-width: 668px) 100vw, 668px\" \/><\/a><\/figure>\n\n\n\n<p><strong>KEPIK\u00d5ND MURASTES<\/strong><\/p>\n\n\n\n<p><strong>05. mai<\/strong><\/p>\n\n\n\n<p>Kohtume Looduspargi tee parklas.<br>Distants u 5 km.<br>Soovijatele tehnika\u00f5pe kell 11.30. V\u00f5imalik laenutada k\u00e4imiskeppe.<br>Moodustame kaks tempogruppi, et sobiva koormuse saaksid nii kiiremad kui aeglasemalt liikujad.<br>\u00dcritus on tasuta.<br>Vaata l\u00e4hemalt:&nbsp;<a rel=\"noreferrer noopener\" href=\"https:\/\/ujumisklubi.ee\/tabasalu-ujumisklubi-kutsub-kepikonnile-harku-valla-matkaradadele\/?fbclid=IwAR2FcHCAf5vtiVZfNOLzK6Hvyqg_e9uM-Lu2-K_aNTRnuKFUWUpjgVPcYAE_aem_AWrk172fBospnLgIwL2mBfKgVI9oetsY9Et3Njb8I8jMwCyWfz6ZFXC6mseRJSjGvLteqIoK3EBYMw7vpBtnTCXB\" target=\"_blank\">https:\/\/ujumisklubi.ee\/tabasalu-ujumisklubi-kutsub\u2026\/<\/a><\/p>\n\n\n\n<figure class=\"wp-block-image\"><a href=\"https:\/\/muraste.ee\/vana\/wp-content\/uploads\/2024\/04\/Capture.png\"><img decoding=\"async\" loading=\"lazy\" width=\"1024\" height=\"276\" src=\"https:\/\/muraste.ee\/vana\/wp-content\/uploads\/2024\/04\/Capture-1024x276.png\" alt=\"\" class=\"wp-image-10502\" srcset=\"https:\/\/muraste.ee\/vana\/wp-content\/uploads\/2024\/04\/Capture-1024x276.png 1024w, https:\/\/muraste.ee\/vana\/wp-content\/uploads\/2024\/04\/Capture-300x81.png 300w, https:\/\/muraste.ee\/vana\/wp-content\/uploads\/2024\/04\/Capture-768x207.png 768w, https:\/\/muraste.ee\/vana\/wp-content\/uploads\/2024\/04\/Capture-1536x414.png 1536w, https:\/\/muraste.ee\/vana\/wp-content\/uploads\/2024\/04\/Capture-624x168.png 624w, https:\/\/muraste.ee\/vana\/wp-content\/uploads\/2024\/04\/Capture.png 1887w\" sizes=\"(max-width: 1024px) 100vw, 1024px\" \/><\/a><\/figure>\n\n\n\n<p><strong>MURASTE M\u00dcRGEL<br>Avatud on Muraste DISCGOLFI hooaeg<\/strong><\/p>\n\n\n\n<p><strong>TEISIP\u00c4EVITI 18.30<\/strong><\/p>\n\n\n\n<figure class=\"wp-block-embed\"><div class=\"wp-block-embed__wrapper\">\nhttps:\/\/discgolfmetrix.com\/2879397?fbclid=IwAR15BWZ2JwGs3OPOqP0PYAGgH4TZ8ePu2wKrtCPtTfmTwzMNglLBEyBjbYg_aem_AWr-M8aklbsgJLzfT4wNIb6bSuLhwmBCzfBKF-6UCr7tvlSWhPX4JHXcSoHpaLExGplKN2MubQ8nybcwF5l0Le0m\n<\/div><\/figure>\n\n\n\n<p><strong>TALGUD MURASTES<\/strong><\/p>\n\n\n\n<p><strong>Ootame peresid koos lastega, et \u00f5petada oma kodu\u00fcmbruse puhtana hoidmist ja korrastamist.<\/strong><\/p>\n\n\n\n<figure class=\"wp-block-image\"><a href=\"https:\/\/muraste.ee\/vana\/wp-content\/uploads\/2024\/04\/Kirna.jpg\"><img decoding=\"async\" loading=\"lazy\" width=\"1024\" height=\"724\" src=\"https:\/\/muraste.ee\/vana\/wp-content\/uploads\/2024\/04\/Kirna-1024x724.jpg\" alt=\"\" class=\"wp-image-10521\" srcset=\"https:\/\/muraste.ee\/vana\/wp-content\/uploads\/2024\/04\/Kirna-1024x724.jpg 1024w, https:\/\/muraste.ee\/vana\/wp-content\/uploads\/2024\/04\/Kirna-300x212.jpg 300w, https:\/\/muraste.ee\/vana\/wp-content\/uploads\/2024\/04\/Kirna-768x543.jpg 768w, https:\/\/muraste.ee\/vana\/wp-content\/uploads\/2024\/04\/Kirna-1536x1086.jpg 1536w, https:\/\/muraste.ee\/vana\/wp-content\/uploads\/2024\/04\/Kirna-2048x1448.jpg 2048w, https:\/\/muraste.ee\/vana\/wp-content\/uploads\/2024\/04\/Kirna-624x441.jpg 624w\" sizes=\"(max-width: 1024px) 100vw, 1024px\" \/><\/a><\/figure>\n\n\n\n<figure class=\"wp-block-image\"><a href=\"https:\/\/muraste.ee\/vana\/wp-content\/uploads\/2024\/04\/silla-talgud-1.png\"><img decoding=\"async\" loading=\"lazy\" width=\"940\" height=\"788\" src=\"https:\/\/muraste.ee\/vana\/wp-content\/uploads\/2024\/04\/silla-talgud-1.png\" alt=\"\" class=\"wp-image-10528\" srcset=\"https:\/\/muraste.ee\/vana\/wp-content\/uploads\/2024\/04\/silla-talgud-1.png 940w, https:\/\/muraste.ee\/vana\/wp-content\/uploads\/2024\/04\/silla-talgud-1-300x251.png 300w, https:\/\/muraste.ee\/vana\/wp-content\/uploads\/2024\/04\/silla-talgud-1-768x644.png 768w, https:\/\/muraste.ee\/vana\/wp-content\/uploads\/2024\/04\/silla-talgud-1-624x523.png 624w\" sizes=\"(max-width: 940px) 100vw, 940px\" \/><\/a><\/figure>\n\n\n\n<figure class=\"wp-block-image\"><a href=\"https:\/\/muraste.ee\/vana\/wp-content\/uploads\/2024\/04\/MARIA.jpg\"><img decoding=\"async\" loading=\"lazy\" width=\"724\" height=\"1024\" src=\"https:\/\/muraste.ee\/vana\/wp-content\/uploads\/2024\/04\/MARIA-724x1024.jpg\" alt=\"\" class=\"wp-image-10526\" srcset=\"https:\/\/muraste.ee\/vana\/wp-content\/uploads\/2024\/04\/MARIA-724x1024.jpg 724w, https:\/\/muraste.ee\/vana\/wp-content\/uploads\/2024\/04\/MARIA-212x300.jpg 212w, https:\/\/muraste.ee\/vana\/wp-content\/uploads\/2024\/04\/MARIA-768x1086.jpg 768w, https:\/\/muraste.ee\/vana\/wp-content\/uploads\/2024\/04\/MARIA-1086x1536.jpg 1086w, https:\/\/muraste.ee\/vana\/wp-content\/uploads\/2024\/04\/MARIA-1448x2048.jpg 1448w, https:\/\/muraste.ee\/vana\/wp-content\/uploads\/2024\/04\/MARIA-624x883.jpg 624w, https:\/\/muraste.ee\/vana\/wp-content\/uploads\/2024\/04\/MARIA.jpg 1587w\" sizes=\"(max-width: 724px) 100vw, 724px\" \/><\/a><\/figure>\n\n\n\n<p>Hingeliigutav draama \u201eMaria Montessori\u201c r\u00e4\u00e4gib erakordsest naisest, kes muutis ajalugu.<\/p>\n\n\n\n<p>Maria Montessori (1870 \u2013 1952) oli itaalia arst ja pedagoog, kes on meile praegu tuntud eelk\u00f5ige Montessori pedagoogika v\u00e4ljat\u00f6\u00f6tajana.<\/p>\n\n\n\n<p>Aasta 1900. Kurtisaan Lili p\u00f5geneb Pariisist Rooma, et varjata oma \u00f5piraskustega t\u00fctart. Itaalias kohtub ta Maria Montessoriga, kes on pioneer uue \u00f5petamismeetodi v\u00e4ljat\u00f6\u00f6tamisel ja on n\u00f5us Lili t\u00fctre oma hoole alla v\u00f5tma. Toetades, \u00f5petades ja ravides v\u00f5\u00f5raid lapsi, peab Maria samal ajal elama eemal oma bioloogilisest pojast. Kuidas tulla igap\u00e4evaselt toime isikliku s\u00fc\u00fctundega ja v\u00f5idelda t\u00f6\u00f6alaselt meestekeskses maailmas, sellest saame aimu filmis \u201eMaria Montessori\u201c.<\/p>\n\n\n\n<p>See on film armastusest, s\u00f5prusest, sihikindlusest oma unistuse poole p\u00fcrgimisel.<br>Treiler:&nbsp;<a href=\"https:\/\/www.youtube.com\/watch?v=AHFdhmxUuaY&amp;t=1s&amp;fbclid=IwZXh0bgNhZW0CMTAAAR3m3xkXy7LxjW4Tq-zn4r3-LPB1EgAkB7jeHTCSKLC52EyXSOUgI6hMFoU_aem_AfUmVbzU5VB3HZvWl9IHhSoeMJwv8tbq5SWYU0w_upZkQE5V7cQQuG_yKopxHV_Gj-Ichs6b8UBNVnUevRTZHaV0\" rel=\"noreferrer noopener\" target=\"_blank\">https:\/\/www.youtube.com\/watch?v=AHFdhmxUuaY&amp;t=1s<\/a><\/p>\n\n\n\n<figure class=\"wp-block-image\"><a href=\"https:\/\/muraste.ee\/vana\/wp-content\/uploads\/2024\/04\/Puhapaev-ponnidegs-1.jpg\"><img decoding=\"async\" loading=\"lazy\" width=\"1024\" height=\"724\" src=\"https:\/\/muraste.ee\/vana\/wp-content\/uploads\/2024\/04\/Puhapaev-ponnidegs-1-1024x724.jpg\" alt=\"\" class=\"wp-image-10525\" srcset=\"https:\/\/muraste.ee\/vana\/wp-content\/uploads\/2024\/04\/Puhapaev-ponnidegs-1-1024x724.jpg 1024w, https:\/\/muraste.ee\/vana\/wp-content\/uploads\/2024\/04\/Puhapaev-ponnidegs-1-300x212.jpg 300w, https:\/\/muraste.ee\/vana\/wp-content\/uploads\/2024\/04\/Puhapaev-ponnidegs-1-768x543.jpg 768w, https:\/\/muraste.ee\/vana\/wp-content\/uploads\/2024\/04\/Puhapaev-ponnidegs-1-1536x1086.jpg 1536w, https:\/\/muraste.ee\/vana\/wp-content\/uploads\/2024\/04\/Puhapaev-ponnidegs-1-2048x1448.jpg 2048w, https:\/\/muraste.ee\/vana\/wp-content\/uploads\/2024\/04\/Puhapaev-ponnidegs-1-624x441.jpg 624w\" sizes=\"(max-width: 1024px) 100vw, 1024px\" \/><\/a><\/figure>\n\n\n\n<p><strong>LOLALA Lauluteater<\/strong><br>15. sept. kell 16.00<br>Muraste aatriumis Lee tee 9<\/p>\n\n\n\n<p>Piletid eelm\u00fc\u00fcgist:<br><a href=\"https:\/\/pilet.pro\/toode\/pereband-lolala-murastes\/?fbclid=IwZXh0bgNhZW0CMTAAAR3xku7_hKBbcmtFV6RoKVnnue0ikZRvbdMN6WZmoFVqA1esssDTjDoGkGQ_aem_AfWsXUg2J5MxhmR2OrIX-hkJAdX8rHG_8ixzpswtOZmobYOBba1DcRT0ARpg60snTTo-XmN98ItnzP_wkRMawMxP\" rel=\"noreferrer noopener\" target=\"_blank\">https:\/\/pilet.pro\/toode\/pereband-lolala-murastes\/<\/a><\/p>\n\n\n\n<p>Eelm\u00fc\u00fcgist piletite hinnad:<br><strong>Pilet kuni 23.06.2024 = 8 Eur<\/strong><br>Pilet 24.06.-01.08.2024 = 10 Eur<br>Pilet 02.08.-01.09.2024 = 12 Eur<br>Pilet 02.09.-15.09.2024 = 15 Eur<br>Pilet kohapeal = 20 Eur<\/p>\n\n\n\n<p>Pereb\u00e4nd LOLALA tuleb meile k\u00fclla! YouTube\u2019s tuntust kogunud lastelaulude kanali LOLALA Anna ja Arian p\u00e4\u00e4sesid ekraanilt v\u00e4lja ja tulevad koos meiega laulma, tantsima ja m\u00e4ngima.<\/p>\n\n\n\n<p>Esitusele tulevad k\u00f5igi lemmikud \u201cKrokodill Villi\u201d, \u201cPotilaul\u201d, \u201cProovin uusi asju\u201d, \u201cKoristamise laul\u201d, \u201cVannilaul\u201d ja paljud teised. Kindlasti saab kuulda ka laste palavalt armastatud laule nagu \u201cMeie talu loomad\u201d, \u201cJ\u00e4nku laul\u201d, \u201cSuur ja v\u00e4ike\u201d ja teisi hitte.<\/p>\n\n\n\n<p>Lolala on Anna Kuchinsky ja Arian Levini pere s\u00fcdameprojekt, mis sai alguse detsembris 2019, kui nende esimene laps oli vaid 6-kuune. Kuigi Lola s\u00fcndis laulja-laulu\u00f5petaja ja helilooja perre, oli v\u00e4rskete vanemate lastelaulude repertuaar peaaegu olematu. Kuna oskuste ja kogemuste pagas oli piisav, otsustati laulud lapsele hoopis ise kirjutada.Tundus, et n\u00f5udlus uute lastelaulude j\u00e4rgi v\u00f5ib olla ka teistel vanematel, nii et laulud jagati ka YouTube\u2019s. Siit saigi alguse Lolala teekond!<\/p>\n\n\n\n<p><strong>Muraste KUNSTI \u00d5PITUBA<\/strong><\/p>\n\n\n\n<p><strong>Ootame k\u00f5iki kunstihuvilisi j\u00e4rgmistesse \u00f5pitubadesse.<br>J\u00e4lgige reklaami!<\/strong><\/p>\n\n\n\n<figure class=\"wp-block-image\"><a href=\"https:\/\/muraste.ee\/vana\/wp-content\/uploads\/2024\/04\/kunst.jpg\"><img decoding=\"async\" loading=\"lazy\" width=\"682\" height=\"1024\" src=\"https:\/\/muraste.ee\/vana\/wp-content\/uploads\/2024\/04\/kunst-682x1024.jpg\" alt=\"\" class=\"wp-image-10530\" srcset=\"https:\/\/muraste.ee\/vana\/wp-content\/uploads\/2024\/04\/kunst-682x1024.jpg 682w, https:\/\/muraste.ee\/vana\/wp-content\/uploads\/2024\/04\/kunst-200x300.jpg 200w, https:\/\/muraste.ee\/vana\/wp-content\/uploads\/2024\/04\/kunst-768x1152.jpg 768w, https:\/\/muraste.ee\/vana\/wp-content\/uploads\/2024\/04\/kunst-1024x1536.jpg 1024w, https:\/\/muraste.ee\/vana\/wp-content\/uploads\/2024\/04\/kunst-624x936.jpg 624w, https:\/\/muraste.ee\/vana\/wp-content\/uploads\/2024\/04\/kunst.jpg 1333w\" sizes=\"(max-width: 682px) 100vw, 682px\" \/><\/a><\/figure>\n","protected":false},"excerpt":{"rendered":"<p>N\u00e4dal 17 Tere, armas Muraste! Seekord tuleb kevad teisiti, koos kauni talveilmaga. Murastes on see n\u00e4gal TEATRIN\u00c4DAL. Tulge oma koduteatrisse nii v\u00e4ikesed kui suured! TEATRIN\u00c4DAL MURASTES NELJAP\u00c4EVAL&nbsp;esietendub meie oma teatri l\u00f5bus etendus. Piletid saab hankida kohapeal sularahas.P\u00dcHAP\u00c4EVAL&nbsp;on vahva nukuteater v\u00e4ikelastele MIKU-MANNI lasteteatrilt.Piletid eelm\u00fc\u00fcgist vaid 5.00 euri 26. aprill kell 19.00&nbsp;Muraste kooli aatriumis Lee tee 9<a class=\"moretag\" href=\"https:\/\/muraste.ee\/vana\/?page_id=10538\"><br \/>&#8230;Loe edasi<\/a><\/p>\n","protected":false},"author":2,"featured_media":0,"parent":0,"menu_order":0,"comment_status":"closed","ping_status":"closed","template":"","meta":{"_bbp_topic_count":0,"_bbp_reply_count":0,"_bbp_total_topic_count":0,"_bbp_total_reply_count":0,"_bbp_voice_count":0,"_bbp_anonymous_reply_count":0,"_bbp_topic_count_hidden":0,"_bbp_reply_count_hidden":0,"_bbp_forum_subforum_count":0,"_mc_calendar":[]},"_links":{"self":[{"href":"https:\/\/muraste.ee\/vana\/index.php?rest_route=\/wp\/v2\/pages\/10538"}],"collection":[{"href":"https:\/\/muraste.ee\/vana\/index.php?rest_route=\/wp\/v2\/pages"}],"about":[{"href":"https:\/\/muraste.ee\/vana\/index.php?rest_route=\/wp\/v2\/types\/page"}],"author":[{"embeddable":true,"href":"https:\/\/muraste.ee\/vana\/index.php?rest_route=\/wp\/v2\/users\/2"}],"replies":[{"embeddable":true,"href":"https:\/\/muraste.ee\/vana\/index.php?rest_route=%2Fwp%2Fv2%2Fcomments&post=10538"}],"version-history":[{"count":1,"href":"https:\/\/muraste.ee\/vana\/index.php?rest_route=\/wp\/v2\/pages\/10538\/revisions"}],"predecessor-version":[{"id":10540,"href":"https:\/\/muraste.ee\/vana\/index.php?rest_route=\/wp\/v2\/pages\/10538\/revisions\/10540"}],"wp:attachment":[{"href":"https:\/\/muraste.ee\/vana\/index.php?rest_route=%2Fwp%2Fv2%2Fmedia&parent=10538"}],"curies":[{"name":"wp","href":"https:\/\/api.w.org\/{rel}","templated":true}]}}