{"id":10559,"date":"2024-04-29T13:32:19","date_gmt":"2024-04-29T10:32:19","guid":{"rendered":"https:\/\/muraste.ee\/vana\/?page_id=10559"},"modified":"2024-04-29T13:32:20","modified_gmt":"2024-04-29T10:32:20","slug":"nadal-18-6","status":"publish","type":"page","link":"https:\/\/muraste.ee\/vana\/?page_id=10559","title":{"rendered":"N\u00e4dal 18"},"content":{"rendered":"\n<p>Tere, armas Muraste! <\/p>\n\n\n\n<p class=\"has-text-align-center has-medium-font-size\"><strong>28. aprillil sai Muraste k\u00fclaselts 15. aastaseks<\/strong>, \u00f5nnitleme k\u00f5iki endisi ja praeguseid k\u00fclaseltsiliikmeid! Alguse saab l\u00e4bi aasta kestev juubeliaasta \u00fcrituste sari.<\/p>\n\n\n\n<p><strong>12. oktoobri<\/strong>l peame maha l\u00f5busa juubelipeo, kus \u00fcles astuvad meeleolukad T\u015bellopoisid, Keila Kaunimate Agulih\u00e4rrade Vennaskond, \u00f5htut juhib Peep Raun ning palju \u00fcllatusi.<\/p>\n\n\n\n<p>Oodatud on kogu Harku valla rahvas ja k\u00fclalised mujalt!<\/p>\n\n\n\n<p>J\u00e4lgige reklaami!<\/p>\n\n\n\n<figure class=\"wp-block-image size-large\"><a href=\"https:\/\/muraste.ee\/vana\/wp-content\/uploads\/2024\/04\/2024-sunnip.-1.jpg\"><img decoding=\"async\" loading=\"lazy\" width=\"1024\" height=\"724\" src=\"https:\/\/muraste.ee\/vana\/wp-content\/uploads\/2024\/04\/2024-sunnip.-1-1024x724.jpg\" alt=\"\" class=\"wp-image-10547\" srcset=\"https:\/\/muraste.ee\/vana\/wp-content\/uploads\/2024\/04\/2024-sunnip.-1-1024x724.jpg 1024w, https:\/\/muraste.ee\/vana\/wp-content\/uploads\/2024\/04\/2024-sunnip.-1-300x212.jpg 300w, https:\/\/muraste.ee\/vana\/wp-content\/uploads\/2024\/04\/2024-sunnip.-1-768x543.jpg 768w, https:\/\/muraste.ee\/vana\/wp-content\/uploads\/2024\/04\/2024-sunnip.-1-1536x1086.jpg 1536w, https:\/\/muraste.ee\/vana\/wp-content\/uploads\/2024\/04\/2024-sunnip.-1-2048x1448.jpg 2048w, https:\/\/muraste.ee\/vana\/wp-content\/uploads\/2024\/04\/2024-sunnip.-1-624x441.jpg 624w\" sizes=\"(max-width: 1024px) 100vw, 1024px\" \/><\/a><\/figure>\n\n\n\n<p><\/p>\n\n\n\n<p class=\"has-medium-font-size\"><strong>Eelmisel n\u00e4dalal oli Muraste aatrium teatrik\u00fclastajatest t\u00e4is. Teatris said k\u00e4ia igas vanuses kodanikud. <\/strong><\/p>\n\n\n\n<figure class=\"wp-block-embed is-type-video is-provider-youtube wp-block-embed-youtube wp-embed-aspect-16-9 wp-has-aspect-ratio\"><div class=\"wp-block-embed__wrapper\">\n<iframe loading=\"lazy\" title=\"Muraste Nimetu N\u00e4item\u00e4nguseltskond Hamlet 2024\" width=\"625\" height=\"352\" src=\"https:\/\/www.youtube.com\/embed\/-AWJ5ORJ9oI?feature=oembed\" frameborder=\"0\" allow=\"accelerometer; autoplay; clipboard-write; encrypted-media; gyroscope; picture-in-picture; web-share\" referrerpolicy=\"strict-origin-when-cross-origin\" allowfullscreen><\/iframe>\n<\/div><\/figure>\n\n\n\n<p><strong>Muraste Nimetu N\u00e4item\u00e4nguseltskond<\/strong> m\u00e4ngis maha vahva etenduse &#8220;Hamleti lavastamine Alam-Kolka k\u00fclas&#8221;. Teatriklubi on tegutsenud meil juba 5 aastat Anne Veesaare k\u00e4e all. Igal kevadel esietendub \u00fcks uus etendus, mis l\u00e4heb alati t\u00e4issaalile. Etendused on alati valitud humoorikad ja meie n\u00e4itlejad on justkui professionaalid. Nii, tore, et s\u00e4rtsu j\u00e4tkub, aplaus kestab&#8230;.<\/p>\n\n\n\n<figure class=\"wp-block-embed is-type-video is-provider-youtube wp-block-embed-youtube wp-embed-aspect-16-9 wp-has-aspect-ratio\"><div class=\"wp-block-embed__wrapper\">\n<iframe loading=\"lazy\" title=\"Murastes nukuteater Miku-Manni 2024\" width=\"625\" height=\"352\" src=\"https:\/\/www.youtube.com\/embed\/FDMdru6VU70?feature=oembed\" frameborder=\"0\" allow=\"accelerometer; autoplay; clipboard-write; encrypted-media; gyroscope; picture-in-picture; web-share\" referrerpolicy=\"strict-origin-when-cross-origin\" allowfullscreen><\/iframe>\n<\/div><\/figure>\n\n\n\n<p>Murastes k\u00e4is k\u00fclas Miku-Manni nukuteater. Meie k\u00f5ige v\u00e4iksemad teatrik\u00fclastajad olid nii nunnud, nii viisakad ja tegid kaasa, mis n\u00e4itleja ees n\u00e4itas. Nii tore, et meie teatrik\u00fclastajatele on j\u00e4relkasv juba olemas. <\/p>\n\n\n\n<figure class=\"wp-block-image size-large\"><a href=\"https:\/\/muraste.ee\/vana\/wp-content\/uploads\/2024\/04\/Kirna.jpg\"><img decoding=\"async\" loading=\"lazy\" width=\"1024\" height=\"724\" src=\"https:\/\/muraste.ee\/vana\/wp-content\/uploads\/2024\/04\/Kirna-1024x724.jpg\" alt=\"\" class=\"wp-image-10521\" srcset=\"https:\/\/muraste.ee\/vana\/wp-content\/uploads\/2024\/04\/Kirna-1024x724.jpg 1024w, https:\/\/muraste.ee\/vana\/wp-content\/uploads\/2024\/04\/Kirna-300x212.jpg 300w, https:\/\/muraste.ee\/vana\/wp-content\/uploads\/2024\/04\/Kirna-768x543.jpg 768w, https:\/\/muraste.ee\/vana\/wp-content\/uploads\/2024\/04\/Kirna-1536x1086.jpg 1536w, https:\/\/muraste.ee\/vana\/wp-content\/uploads\/2024\/04\/Kirna-2048x1448.jpg 2048w, https:\/\/muraste.ee\/vana\/wp-content\/uploads\/2024\/04\/Kirna-624x441.jpg 624w\" sizes=\"(max-width: 1024px) 100vw, 1024px\" \/><\/a><\/figure>\n\n\n\n<p class=\"has-medium-font-size\"><strong>4. mail on Murastes <br>KOGU PERE TALGUP\u00c4EV. <\/strong><\/p>\n\n\n\n<p>V\u00f5ta kaasa lapsed, et neil tekiks harjumus oma koduk\u00fcla puhtana hoida. Koguneme Muraste COOP poe ette. <br>PALUN V\u00d5TA KAASA OMA KINDAD. Jagame pr\u00fcgikotid ja koristame Coop poe \u00fcmbrust, kulgeme m\u00f6\u00f6da Lee teed Muraste kooli poole ja m\u00f6\u00f6da Kolmiku teed.<\/p>\n\n\n\n<p>P\u00e4rast koristust\u00f6\u00f6 tuleme tagasi Coop poe juurde, kus Coop pood on v\u00e4lja pannud igale talgulisele j\u00e4\u00e4tise. <\/p>\n\n\n\n<p>R\u00d5\u00d5MSATE KOHTUISTENI TALGUGTEL<\/p>\n\n\n\n<figure class=\"wp-block-image size-full\"><a href=\"https:\/\/muraste.ee\/vana\/wp-content\/uploads\/2024\/04\/silla-talgud-1.png\"><img decoding=\"async\" loading=\"lazy\" width=\"940\" height=\"788\" src=\"https:\/\/muraste.ee\/vana\/wp-content\/uploads\/2024\/04\/silla-talgud-1.png\" alt=\"\" class=\"wp-image-10528\" srcset=\"https:\/\/muraste.ee\/vana\/wp-content\/uploads\/2024\/04\/silla-talgud-1.png 940w, https:\/\/muraste.ee\/vana\/wp-content\/uploads\/2024\/04\/silla-talgud-1-300x251.png 300w, https:\/\/muraste.ee\/vana\/wp-content\/uploads\/2024\/04\/silla-talgud-1-768x644.png 768w, https:\/\/muraste.ee\/vana\/wp-content\/uploads\/2024\/04\/silla-talgud-1-624x523.png 624w\" sizes=\"(max-width: 940px) 100vw, 940px\" \/><\/a><\/figure>\n\n\n<div class=\"wp-block-image\">\n<figure class=\"aligncenter size-large is-resized\"><a href=\"https:\/\/muraste.ee\/vana\/wp-content\/uploads\/2024\/04\/MARIA.jpg\"><img decoding=\"async\" loading=\"lazy\" src=\"https:\/\/muraste.ee\/vana\/wp-content\/uploads\/2024\/04\/MARIA-724x1024.jpg\" alt=\"\" class=\"wp-image-10526\" width=\"531\" height=\"751\" srcset=\"https:\/\/muraste.ee\/vana\/wp-content\/uploads\/2024\/04\/MARIA-724x1024.jpg 724w, https:\/\/muraste.ee\/vana\/wp-content\/uploads\/2024\/04\/MARIA-212x300.jpg 212w, https:\/\/muraste.ee\/vana\/wp-content\/uploads\/2024\/04\/MARIA-768x1086.jpg 768w, https:\/\/muraste.ee\/vana\/wp-content\/uploads\/2024\/04\/MARIA-1086x1536.jpg 1086w, https:\/\/muraste.ee\/vana\/wp-content\/uploads\/2024\/04\/MARIA-1448x2048.jpg 1448w, https:\/\/muraste.ee\/vana\/wp-content\/uploads\/2024\/04\/MARIA-624x883.jpg 624w, https:\/\/muraste.ee\/vana\/wp-content\/uploads\/2024\/04\/MARIA.jpg 1587w\" sizes=\"(max-width: 531px) 100vw, 531px\" \/><\/a><\/figure><\/div>\n\n\n<p>Kuidas kasvatati lapsi juba enne s\u00f5da, Maria Montessori kasvatus meetod on siiani au sees ja seda viljeletakse ka Eestis.<br>Eelk\u00f5ige on see eluloofilm huvitav just meie \u00f5petajate ja lapsevanematele.<\/p>\n\n\n\n<p>Hingeliigutav draama \u201eMaria Montessori\u201c r\u00e4\u00e4gib erakordsest naisest, kes muutis ajalugu.<\/p>\n\n\n\n<p>Maria Montessori (1870 \u2013 1952) oli itaalia arst ja pedagoog, kes on meile praegu tuntud eelk\u00f5ige Montessori pedagoogika v\u00e4ljat\u00f6\u00f6tajana.<\/p>\n\n\n\n<p>Aasta 1900. Kurtisaan Lili p\u00f5geneb Pariisist Rooma, et varjata oma \u00f5piraskustega t\u00fctart. Itaalias kohtub ta Maria Montessoriga, kes on pioneer uue \u00f5petamismeetodi v\u00e4ljat\u00f6\u00f6tamisel ja on n\u00f5us Lili t\u00fctre oma hoole alla v\u00f5tma. Toetades, \u00f5petades ja ravides v\u00f5\u00f5raid lapsi, peab Maria samal ajal elama eemal oma bioloogilisest pojast. Kuidas tulla igap\u00e4evaselt toime isikliku s\u00fc\u00fctundega ja v\u00f5idelda t\u00f6\u00f6alaselt meestekeskses maailmas, sellest saame aimu filmis \u201eMaria Montessori\u201c.<\/p>\n\n\n\n<p>See on film armastusest, s\u00f5prusest, sihikindlusest oma unistuse poole p\u00fcrgimisel.<br>Treiler:&nbsp;<a href=\"https:\/\/www.youtube.com\/watch?v=AHFdhmxUuaY&amp;t=1s&amp;fbclid=IwZXh0bgNhZW0CMTAAAR0YE-bPj-_yIyw1MZF8l7mC8aAkpVYtdumbnQwSFFtsmVNr9FpZZ2jzbBk_aem_Ae_JCpL2EHDcvyi0C1nsrzhmpSg1FGPNVu2jGtUbv6JDlIgwKuFaMZh4xBxBoufAC7TCxFnp4iEuJCUI22WmqNrn\" rel=\"noreferrer noopener\" target=\"_blank\">https:\/\/www.youtube.com\/watch?v=AHFdhmxUuaY&amp;t=1s<\/a>&nbsp;<\/p>\n\n\n\n<figure class=\"wp-block-image size-large\"><a href=\"https:\/\/muraste.ee\/vana\/wp-content\/uploads\/2024\/04\/Puhapaev-ponnidegs-1.jpg\"><img decoding=\"async\" loading=\"lazy\" width=\"1024\" height=\"724\" src=\"https:\/\/muraste.ee\/vana\/wp-content\/uploads\/2024\/04\/Puhapaev-ponnidegs-1-1024x724.jpg\" alt=\"\" class=\"wp-image-10525\" srcset=\"https:\/\/muraste.ee\/vana\/wp-content\/uploads\/2024\/04\/Puhapaev-ponnidegs-1-1024x724.jpg 1024w, https:\/\/muraste.ee\/vana\/wp-content\/uploads\/2024\/04\/Puhapaev-ponnidegs-1-300x212.jpg 300w, https:\/\/muraste.ee\/vana\/wp-content\/uploads\/2024\/04\/Puhapaev-ponnidegs-1-768x543.jpg 768w, https:\/\/muraste.ee\/vana\/wp-content\/uploads\/2024\/04\/Puhapaev-ponnidegs-1-1536x1086.jpg 1536w, https:\/\/muraste.ee\/vana\/wp-content\/uploads\/2024\/04\/Puhapaev-ponnidegs-1-2048x1448.jpg 2048w, https:\/\/muraste.ee\/vana\/wp-content\/uploads\/2024\/04\/Puhapaev-ponnidegs-1-624x441.jpg 624w\" sizes=\"(max-width: 1024px) 100vw, 1024px\" \/><\/a><\/figure>\n\n\n\n<p><strong>LOLALA Lauluteater<\/strong><br>15. sept. kell 16.00<br>Muraste aatriumis Lee tee 9<\/p>\n\n\n\n<p>Piletid eelm\u00fc\u00fcgist:<br><a href=\"https:\/\/pilet.pro\/toode\/pereband-lolala-murastes\/?fbclid=IwZXh0bgNhZW0CMTAAAR3xku7_hKBbcmtFV6RoKVnnue0ikZRvbdMN6WZmoFVqA1esssDTjDoGkGQ_aem_AfWsXUg2J5MxhmR2OrIX-hkJAdX8rHG_8ixzpswtOZmobYOBba1DcRT0ARpg60snTTo-XmN98ItnzP_wkRMawMxP\" rel=\"noreferrer noopener\" target=\"_blank\">https:\/\/pilet.pro\/toode\/pereband-lolala-murastes\/<\/a><\/p>\n\n\n\n<p>Eelm\u00fc\u00fcgist piletite hinnad:<br><strong>Pilet kuni 23.06.2024 = 8 Eur<\/strong><br>Pilet 24.06.-01.08.2024 = 10 Eur<br>Pilet 02.08.-01.09.2024 = 12 Eur<br>Pilet 02.09.-15.09.2024 = 15 Eur<br>Pilet kohapeal = 20 Eur<\/p>\n\n\n\n<p>Pereb\u00e4nd LOLALA tuleb meile k\u00fclla! YouTube\u2019s tuntust kogunud lastelaulude kanali LOLALA Anna ja Arian p\u00e4\u00e4sesid ekraanilt v\u00e4lja ja tulevad koos meiega laulma, tantsima ja m\u00e4ngima.<\/p>\n\n\n\n<p>Esitusele tulevad k\u00f5igi lemmikud \u201cKrokodill Villi\u201d, \u201cPotilaul\u201d, \u201cProovin uusi asju\u201d, \u201cKoristamise laul\u201d, \u201cVannilaul\u201d ja paljud teised. Kindlasti saab kuulda ka laste palavalt armastatud laule nagu \u201cMeie talu loomad\u201d, \u201cJ\u00e4nku laul\u201d, \u201cSuur ja v\u00e4ike\u201d ja teisi hitte.<\/p>\n\n\n\n<p>Lolala on Anna Kuchinsky ja Arian Levini pere s\u00fcdameprojekt, mis sai alguse detsembris 2019, kui nende esimene laps oli vaid 6-kuune. Kuigi Lola s\u00fcndis laulja-laulu\u00f5petaja ja helilooja perre, oli v\u00e4rskete vanemate lastelaulude repertuaar peaaegu olematu. Kuna oskuste ja kogemuste pagas oli piisav, otsustati laulud lapsele hoopis ise kirjutada.Tundus, et n\u00f5udlus uute lastelaulude j\u00e4rgi v\u00f5ib olla ka teistel vanematel, nii et laulud jagati ka YouTube\u2019s. Siit saigi alguse Lolala teekond!<\/p>\n\n\n<div class=\"wp-block-image\">\n<figure class=\"aligncenter size-large is-resized\"><a href=\"https:\/\/muraste.ee\/vana\/wp-content\/uploads\/2024\/04\/437135566_425736333435502_9187370085723760439_n.jpg\"><img decoding=\"async\" loading=\"lazy\" src=\"https:\/\/muraste.ee\/vana\/wp-content\/uploads\/2024\/04\/437135566_425736333435502_9187370085723760439_n-724x1024.jpg\" alt=\"\" class=\"wp-image-10551\" width=\"508\" height=\"718\" srcset=\"https:\/\/muraste.ee\/vana\/wp-content\/uploads\/2024\/04\/437135566_425736333435502_9187370085723760439_n-724x1024.jpg 724w, https:\/\/muraste.ee\/vana\/wp-content\/uploads\/2024\/04\/437135566_425736333435502_9187370085723760439_n-212x300.jpg 212w, https:\/\/muraste.ee\/vana\/wp-content\/uploads\/2024\/04\/437135566_425736333435502_9187370085723760439_n-768x1086.jpg 768w, https:\/\/muraste.ee\/vana\/wp-content\/uploads\/2024\/04\/437135566_425736333435502_9187370085723760439_n-1086x1536.jpg 1086w, https:\/\/muraste.ee\/vana\/wp-content\/uploads\/2024\/04\/437135566_425736333435502_9187370085723760439_n-624x883.jpg 624w, https:\/\/muraste.ee\/vana\/wp-content\/uploads\/2024\/04\/437135566_425736333435502_9187370085723760439_n.jpg 1448w\" sizes=\"(max-width: 508px) 100vw, 508px\" \/><\/a><\/figure><\/div>\n\n\n<p class=\"has-text-align-center has-medium-font-size\"><strong>Meie kaunite lillekunstide \u00f5pitoa viimased kimbu<\/strong><\/p>\n","protected":false},"excerpt":{"rendered":"<p>Tere, armas Muraste! 28. aprillil sai Muraste k\u00fclaselts 15. aastaseks, \u00f5nnitleme k\u00f5iki endisi ja praeguseid k\u00fclaseltsiliikmeid! Alguse saab l\u00e4bi aasta kestev juubeliaasta \u00fcrituste sari. 12. oktoobril peame maha l\u00f5busa juubelipeo, kus \u00fcles astuvad meeleolukad T\u015bellopoisid, Keila Kaunimate Agulih\u00e4rrade Vennaskond, \u00f5htut juhib Peep Raun ning palju \u00fcllatusi. Oodatud on kogu Harku valla rahvas ja k\u00fclalised mujalt!<a class=\"moretag\" href=\"https:\/\/muraste.ee\/vana\/?page_id=10559\"><br \/>&#8230;Loe edasi<\/a><\/p>\n","protected":false},"author":2,"featured_media":0,"parent":0,"menu_order":0,"comment_status":"closed","ping_status":"closed","template":"","meta":{"_bbp_topic_count":0,"_bbp_reply_count":0,"_bbp_total_topic_count":0,"_bbp_total_reply_count":0,"_bbp_voice_count":0,"_bbp_anonymous_reply_count":0,"_bbp_topic_count_hidden":0,"_bbp_reply_count_hidden":0,"_bbp_forum_subforum_count":0,"_mc_calendar":[]},"_links":{"self":[{"href":"https:\/\/muraste.ee\/vana\/index.php?rest_route=\/wp\/v2\/pages\/10559"}],"collection":[{"href":"https:\/\/muraste.ee\/vana\/index.php?rest_route=\/wp\/v2\/pages"}],"about":[{"href":"https:\/\/muraste.ee\/vana\/index.php?rest_route=\/wp\/v2\/types\/page"}],"author":[{"embeddable":true,"href":"https:\/\/muraste.ee\/vana\/index.php?rest_route=\/wp\/v2\/users\/2"}],"replies":[{"embeddable":true,"href":"https:\/\/muraste.ee\/vana\/index.php?rest_route=%2Fwp%2Fv2%2Fcomments&post=10559"}],"version-history":[{"count":1,"href":"https:\/\/muraste.ee\/vana\/index.php?rest_route=\/wp\/v2\/pages\/10559\/revisions"}],"predecessor-version":[{"id":10561,"href":"https:\/\/muraste.ee\/vana\/index.php?rest_route=\/wp\/v2\/pages\/10559\/revisions\/10561"}],"wp:attachment":[{"href":"https:\/\/muraste.ee\/vana\/index.php?rest_route=%2Fwp%2Fv2%2Fmedia&parent=10559"}],"curies":[{"name":"wp","href":"https:\/\/api.w.org\/{rel}","templated":true}]}}