{"id":10594,"date":"2024-05-06T16:30:02","date_gmt":"2024-05-06T13:30:02","guid":{"rendered":"https:\/\/muraste.ee\/vana\/?page_id=10594"},"modified":"2024-05-06T16:30:02","modified_gmt":"2024-05-06T13:30:02","slug":"nadal-19-7","status":"publish","type":"page","link":"https:\/\/muraste.ee\/vana\/?page_id=10594","title":{"rendered":"N\u00e4dal 19"},"content":{"rendered":"\n<h1 class=\"wp-block-heading\">N\u00e4dal 19<\/h1>\n\n\n\n<p>Tere, armas Muraste! Talgup\u00e4ev tehtud, t\u00e4name k\u00f5ike suuri ja v\u00e4ikeseid talgulisi tubli osav\u00f5tu eest ja Coop kauplust v\u00e4ga maitsvate j\u00e4\u00e4tiste eest.<\/p>\n\n\n\n<p>Kevadel nagu ikka k\u00e4ib ka kodus koristamine, Harku vallas on tulemas suur Garaa\u017aim\u00fc\u00fcgip\u00e4ev!<\/p>\n\n\n\n<figure class=\"wp-block-image\"><a href=\"https:\/\/muraste.ee\/vana\/wp-content\/uploads\/2024\/05\/Coop.jpg\"><img decoding=\"async\" loading=\"lazy\" width=\"940\" height=\"788\" src=\"https:\/\/muraste.ee\/vana\/wp-content\/uploads\/2024\/05\/Coop.jpg\" alt=\"\" class=\"wp-image-10587\" srcset=\"https:\/\/muraste.ee\/vana\/wp-content\/uploads\/2024\/05\/Coop.jpg 940w, https:\/\/muraste.ee\/vana\/wp-content\/uploads\/2024\/05\/Coop-300x251.jpg 300w, https:\/\/muraste.ee\/vana\/wp-content\/uploads\/2024\/05\/Coop-768x644.jpg 768w, https:\/\/muraste.ee\/vana\/wp-content\/uploads\/2024\/05\/Coop-624x523.jpg 624w\" sizes=\"(max-width: 940px) 100vw, 940px\" \/><\/a><\/figure>\n\n\n\n<figure class=\"wp-block-image\"><a href=\"https:\/\/muraste.ee\/vana\/wp-content\/uploads\/2024\/05\/438173916_836868075148307_3255395002196068264_n.jpg\"><img decoding=\"async\" loading=\"lazy\" width=\"1024\" height=\"379\" src=\"https:\/\/muraste.ee\/vana\/wp-content\/uploads\/2024\/05\/438173916_836868075148307_3255395002196068264_n-1024x379.jpg\" alt=\"\" class=\"wp-image-10588\" srcset=\"https:\/\/muraste.ee\/vana\/wp-content\/uploads\/2024\/05\/438173916_836868075148307_3255395002196068264_n-1024x379.jpg 1024w, https:\/\/muraste.ee\/vana\/wp-content\/uploads\/2024\/05\/438173916_836868075148307_3255395002196068264_n-300x111.jpg 300w, https:\/\/muraste.ee\/vana\/wp-content\/uploads\/2024\/05\/438173916_836868075148307_3255395002196068264_n-768x284.jpg 768w, https:\/\/muraste.ee\/vana\/wp-content\/uploads\/2024\/05\/438173916_836868075148307_3255395002196068264_n-624x231.jpg 624w, https:\/\/muraste.ee\/vana\/wp-content\/uploads\/2024\/05\/438173916_836868075148307_3255395002196068264_n.jpg 1489w\" sizes=\"(max-width: 1024px) 100vw, 1024px\" \/><\/a><\/figure>\n\n\n\n<p><strong>\u201cTaimela\u00b4AT Sinu kodus\u201d<\/strong><\/p>\n\n\n\n<p><strong>SUUR GARAAZIM\u00dc\u00dcK<\/strong>&nbsp;\u2013&nbsp;<strong>19. MAIL<\/strong><\/p>\n\n\n\n<p><strong>Selleks t\u00e4ida VORM:<\/strong>&nbsp;<a rel=\"noreferrer noopener\" href=\"https:\/\/docs.google.com\/forms\/d\/e\/1FAIpQLSe6MtWviejiIzYAXJhl5Q_haEVBx-Gd2ZM8-KON1HAS7nLn7g\/viewform?fbclid=IwZXh0bgNhZW0CMTAAAR0fXINAqdJ-M5EYlvzorJK7FgA9O6F-WiF4bnoxr-NDxdPWmEviuZqIOZ4_aem_Ae6DvwYl689y6jv2pSzxycma4bcAqg4gdjAVvJ2iip7E1BXe9YQAeqErEtMcyz_K_E-Y3yIlYVu9EQ4CKAQXsGPj\" target=\"_blank\">https:\/\/docs.google.com\/\u2026\/1FAIpQLSe6MtWviejiIz\u2026\/viewform<\/a><\/p>\n\n\n\n<p><strong>Registreeri palun oma m\u00fc\u00fcgipunkt ka siin<\/strong>&nbsp;<a rel=\"noreferrer noopener\" href=\"https:\/\/forms.gle\/a43hLRxpti6HeATH7?fbclid=IwZXh0bgNhZW0CMTAAAR2oz6vV1GU8BHxPbsxZAEq_XzIMf9oiXZBkTTufl5Tjvg35XMd23Vd4MKk_aem_Ae7HWih7CSKNzMca8mlnh1gj64ZS5E_YQm-E2WOW1gQVBDByCCPFY8DiWZtZZN4DEWBcbV-EuHD2eAb5HHczHN5i\" target=\"_blank\">https:\/\/forms.gle\/a43hLRxpti6HeATH7<\/a><\/p>\n\n\n\n<p>siis leiavad k\u00fclastajad Sind kergemini \u00fcles.<\/p>\n\n\n\n<p><strong>Registreeri enne 17.MAID,<\/strong>&nbsp;see tagab sinu m\u00fc\u00fcgipunkti kandmise Google kaardile.<\/p>\n\n\n\n<p><strong>Hea garaa\u017eikaupmehe MEELESPEA!<\/strong><\/p>\n\n\n\n<p>*Loo oma m\u00fc\u00fcgikoht \u00fcheks p\u00e4evaks v\u00f5i n\u00e4dalavahetuseks!<\/p>\n\n\n\n<p>*Ole n\u00e4htav! \u2013 tee oma m\u00fc\u00fcgikohale event FB ja jaga infot Facebookis v\u00f5i m\u00f5nes muus kanalis. Oleme avanud ka FB grupi, kuhu saad postitada pilte oma m\u00fc\u00fcki tulevast kraamist. Postitamisel palume j\u00e4lgida h\u00e4id tavasid.<\/p>\n\n\n\n<p>Grupi leiad siin&nbsp;<a href=\"https:\/\/www.facebook.com\/groups\/868219215069967\/?__cft__[0]=AZWUbRsmZzOAA25PjEv7uCTGDzyDgGggnA32c0wpx7PhLjSJQz7wezrFiD8h_sNog1s7dBJvwkwWAVD9Rb-1Dy43Syfhc2FXMYHXHJXL-2Px9myGltDOe6iGZMD9k6TrHCIbbWMmqYcCsJdobsn_Rh-Gd4Y2e_ZjJqazGA76O9VLapIwcH9rCDIgyAdl5-nagM8&amp;__tn__=-UK-R\">https:\/\/www.facebook.com\/groups\/868219215069967\/<\/a><\/p>\n\n\n\n<p>Ja loomulikult kutsu oma s\u00f5pru ja tuttavaid ja r\u00e4\u00e4gi neile m\u00fc\u00fcgip\u00e4evast aegsasti.<\/p>\n\n\n\n<p>M\u00f5tle ka:<\/p>\n\n\n\n<p>*Hinnasildid<\/p>\n\n\n\n<p>*Vahetusraha \u2013 ole varustatud kindlasti vahetusrahaga!<\/p>\n\n\n\n<p>*Ole \u00e4ratuntav ka t\u00e4navalt! \u2013 M\u00fc\u00fcgip\u00e4eval v\u00f5iksid paigalda v\u00e4ravale info.<\/p>\n\n\n\n<p>*Saabumine ja parkimine. Katsu oma auto eest \u00e4ra parkida, et su hoovis oleks v\u00f5imalikult palju ruumi. Anna k\u00fclalistele teada, kuhu nad auto parkida saavad.<\/p>\n\n\n\n<p>*Kutsu s\u00f5brad v\u00f5i pereliikmed appi \u2013 koos on l\u00f5busam!<\/p>\n\n\n\n<p>Teavita ka naabreid oma plaanist ja palu neil olla tolerantsed v\u00f5i kaasa nad ettev\u00f5tmisesse.<\/p>\n\n\n\n<p>*M\u00fc\u00fcgileti l\u00e4hedusse paigalda kindlasti pr\u00fcgikast.<\/p>\n\n\n\n<p>*Kauplejad koristavad ise oma m\u00fc\u00fcgikoha \u00fcmbruse ja hoolitsevad ka krundiga piirnevatel t\u00e4navatel tekkinud prahi \u00e4raviimise eest.&nbsp;<img decoding=\"async\" loading=\"lazy\" height=\"16\" width=\"16\" alt=\"\ud83d\udeae\" src=\"https:\/\/static.xx.fbcdn.net\/images\/emoji.php\/v9\/tf2\/1\/16\/1f6ae.png\"><\/p>\n\n\n\n<p>Lisaks:<\/p>\n\n\n\n<p>*V\u00f5ib pakkuda juurde vahvaid lisategevusi, pirukalett, elav v\u00f5i taustamuusika, n\u00e4omaalingud, tegevused lastele.<\/p>\n\n\n\n<p>*M\u00f5tle k\u00fclastajakogemusele \u2013 tee k\u00fclastamine mugavaks ja selgeks!<\/p>\n\n\n\n<p>*Hoovis vaata, et poleks ohtlike kohti . Kui sul on koduloomad, siis hoolitse, et nad ei ehmataks k\u00fclastajaid.<\/p>\n\n\n\n<p>Lisak\u00fcsimuste korral kirjuta: harku.villages@gmail.com<\/p>\n\n\n\n<figure class=\"wp-block-image\"><a href=\"https:\/\/muraste.ee\/vana\/wp-content\/uploads\/2024\/04\/MARIA.jpg\"><img decoding=\"async\" loading=\"lazy\" width=\"724\" height=\"1024\" src=\"https:\/\/muraste.ee\/vana\/wp-content\/uploads\/2024\/04\/MARIA-724x1024.jpg\" alt=\"\" class=\"wp-image-10526\" srcset=\"https:\/\/muraste.ee\/vana\/wp-content\/uploads\/2024\/04\/MARIA-724x1024.jpg 724w, https:\/\/muraste.ee\/vana\/wp-content\/uploads\/2024\/04\/MARIA-212x300.jpg 212w, https:\/\/muraste.ee\/vana\/wp-content\/uploads\/2024\/04\/MARIA-768x1086.jpg 768w, https:\/\/muraste.ee\/vana\/wp-content\/uploads\/2024\/04\/MARIA-1086x1536.jpg 1086w, https:\/\/muraste.ee\/vana\/wp-content\/uploads\/2024\/04\/MARIA-1448x2048.jpg 1448w, https:\/\/muraste.ee\/vana\/wp-content\/uploads\/2024\/04\/MARIA-624x883.jpg 624w, https:\/\/muraste.ee\/vana\/wp-content\/uploads\/2024\/04\/MARIA.jpg 1587w\" sizes=\"(max-width: 724px) 100vw, 724px\" \/><\/a><\/figure>\n\n\n\n<p>Kuidas kasvatati lapsi juba enne s\u00f5da, Maria Montessori kasvatusmeetod on siiani au sees ja seda viljeletakse ka Eestis.<br>Eelk\u00f5ige on see eluloofilm huvitav just meie \u00f5petajate ja lapsevanematele.<\/p>\n\n\n\n<p>Hingeliigutav draama \u201eMaria Montessori\u201c r\u00e4\u00e4gib erakordsest naisest, kes muutis ajalugu.<\/p>\n\n\n\n<p>Maria Montessori (1870 \u2013 1952) oli itaalia arst ja pedagoog, kes on meile praegu tuntud eelk\u00f5ige Montessori pedagoogika v\u00e4ljat\u00f6\u00f6tajana.<\/p>\n\n\n\n<p>Aasta 1900. Kurtisaan Lili p\u00f5geneb Pariisist Rooma, et varjata oma \u00f5piraskustega t\u00fctart. Itaalias kohtub ta Maria Montessoriga, kes on pioneer uue \u00f5petamismeetodi v\u00e4ljat\u00f6\u00f6tamisel ja on n\u00f5us Lili t\u00fctre oma hoole alla v\u00f5tma. Toetades, \u00f5petades ja ravides v\u00f5\u00f5raid lapsi, peab Maria samal ajal elama eemal oma bioloogilisest pojast. Kuidas tulla igap\u00e4evaselt toime isikliku s\u00fc\u00fctundega ja v\u00f5idelda t\u00f6\u00f6alaselt meestekeskses maailmas, sellest saame aimu filmis \u201eMaria Montessori\u201c.<\/p>\n\n\n\n<p>See on film armastusest, s\u00f5prusest, sihikindlusest oma unistuse poole p\u00fcrgimisel.<br>Treiler:&nbsp;<a href=\"https:\/\/www.youtube.com\/watch?v=AHFdhmxUuaY&amp;t=1s&amp;fbclid=IwZXh0bgNhZW0CMTAAAR0YE-bPj-_yIyw1MZF8l7mC8aAkpVYtdumbnQwSFFtsmVNr9FpZZ2jzbBk_aem_Ae_JCpL2EHDcvyi0C1nsrzhmpSg1FGPNVu2jGtUbv6JDlIgwKuFaMZh4xBxBoufAC7TCxFnp4iEuJCUI22WmqNrn\" rel=\"noreferrer noopener\" target=\"_blank\">https:\/\/www.youtube.com\/watch?v=AHFdhmxUuaY&amp;t=1s<\/a>&nbsp;<\/p>\n\n\n\n<figure class=\"wp-block-image\"><a href=\"https:\/\/muraste.ee\/vana\/wp-content\/uploads\/2024\/05\/POHI-1.jpg\"><img decoding=\"async\" loading=\"lazy\" width=\"1024\" height=\"724\" src=\"https:\/\/muraste.ee\/vana\/wp-content\/uploads\/2024\/05\/POHI-1-1024x724.jpg\" alt=\"\" class=\"wp-image-10589\" srcset=\"https:\/\/muraste.ee\/vana\/wp-content\/uploads\/2024\/05\/POHI-1-1024x724.jpg 1024w, https:\/\/muraste.ee\/vana\/wp-content\/uploads\/2024\/05\/POHI-1-300x212.jpg 300w, https:\/\/muraste.ee\/vana\/wp-content\/uploads\/2024\/05\/POHI-1-768x543.jpg 768w, https:\/\/muraste.ee\/vana\/wp-content\/uploads\/2024\/05\/POHI-1-1536x1086.jpg 1536w, https:\/\/muraste.ee\/vana\/wp-content\/uploads\/2024\/05\/POHI-1-2048x1448.jpg 2048w, https:\/\/muraste.ee\/vana\/wp-content\/uploads\/2024\/05\/POHI-1-624x441.jpg 624w\" sizes=\"(max-width: 1024px) 100vw, 1024px\" \/><\/a><\/figure>\n\n\n\n<p><strong>31. MAIL kell 18.00<\/strong><\/p>\n\n\n\n<p><strong>DISCGOLF<\/strong>&nbsp;algajatele<\/p>\n\n\n\n<p><br>Asukoht Muraste Paeplats (Ristiv\u00e4lja teel) \u2013 emad, isad, lapsed ja vanavanemad.&nbsp;<strong>\u00dcritus on TASUTA!<\/strong><br>Toimuvad algajatele discgolfi alg\u00f5pe ja m\u00e4ng, v\u00e4iksematele koolilastele&nbsp;<strong>LASTE DISCGOLF&nbsp;<\/strong>ning pisikestele&nbsp;<strong>\u00d5UEM\u00c4NGUD.<\/strong><br>* kahe juhendajaga l\u00e4biviidavad sissejuhatavad loengud discgolfikoodeksist, m\u00e4ngureeglitest ja -vahenditest.<br>* praktikumid \u2013 l\u00e4him\u00e4ng (puttimine), avavisked (draivimine), visketehnikad.<br>* n\u00e4idisv\u00f5istlus soovijatele kogenumate m\u00e4ngijate seltsis<\/p>\n\n\n\n<p>Avatud on KOHVIK ja piknikuala, v\u00f5tke kaasa piknikutekid, et m\u00f5nusalt perega aega veeta.<\/p>\n\n\n\n<p><strong>1. JUUNIL kell 20.00-23.00<\/strong><\/p>\n\n\n\n<p><strong>RETRO DISCO<\/strong><\/p>\n\n\n\n<p><br><strong>Asukoht TILGU SADAM&nbsp;<\/strong>\u2013 retro-videodisco t\u00e4iskasvanutele\/peredele.<\/p>\n\n\n\n<p>* Tuntud retrodiscor EINAR KAPP<\/p>\n\n\n\n<p>* Pane selga retrodisco kost\u00fc\u00fcmid<\/p>\n\n\n\n<p>*&nbsp;<a><\/a>FOTOSEIN, kus saad j\u00e4\u00e4dvustada meeleolukaid fotosid<\/p>\n\n\n\n<p>* HUMOORIKAS DISCOSAMMUDE grupi\u00f5petus<\/p>\n\n\n\n<p>* Avatud on BAAR<\/p>\n\n\n\n<p><strong>PILET EELM\u00dc\u00dcGIST: 10.00 eur (kuni 29.maini)<\/strong><br><a rel=\"noreferrer noopener\" href=\"https:\/\/l.facebook.com\/l.php?u=https%3A%2F%2Fpilet.pro%2Ftoode%2Fretro-disco-2024-tilgu%2F%3Ffbclid%3DIwZXh0bgNhZW0CMTAAAR0Sf6jngOWvGy0Nryn0fgwatYdg2kEBRgw4hG4FwU6lldNjry-ox4pPEfM_aem_Ae68itSwII0gbyv6-C4XNELd2iizqvQFtm5giutLc1RuAOwd6NNlWQz9bPXcLi7rAmKaFAODYmFnMhURRvpHBHGf&amp;h=AT2ZAIO4P-Jz3dryLttSIPe-LrgnEgVsjNIT9sIMPVEpD5Yi2eZsFZ_7xRKpR3Fx2ir-EzFQfuYu-AYHcgLiE-YJVPsCCRdVz01lU_27hit-sMTi2agLXG_ippcg7AYocHse&amp;__tn__=q&amp;c[0]=AT0Rlq4FBDSOdU8BmGuJ09CetTvQ_Lb58WaBpJlxfK8jI9KwukhA7GGR_UNyD4VItdZF0WNY6vK43KjLQTVwAPY09UrBSbjL-9GHFNsmclUF5cGeO_rNB5LOxezUA72MMq0wf8TQzToGEur4twCvUYJpsjGYxuUFHrX33nYY8nGgRCiGmVZp\" target=\"_blank\">https:\/\/pilet.pro\/toode\/retro-disco-2024-tilgu\/<\/a><\/p>\n\n\n\n<p>PILET KOHAPEAL: 15.00 eur (sularahas)<\/p>\n\n\n\n<figure class=\"wp-block-image\"><a href=\"https:\/\/muraste.ee\/vana\/wp-content\/uploads\/2024\/04\/Puhapaev-ponnidegs-1.jpg\"><img decoding=\"async\" loading=\"lazy\" width=\"1024\" height=\"724\" src=\"https:\/\/muraste.ee\/vana\/wp-content\/uploads\/2024\/04\/Puhapaev-ponnidegs-1-1024x724.jpg\" alt=\"\" class=\"wp-image-10525\" srcset=\"https:\/\/muraste.ee\/vana\/wp-content\/uploads\/2024\/04\/Puhapaev-ponnidegs-1-1024x724.jpg 1024w, https:\/\/muraste.ee\/vana\/wp-content\/uploads\/2024\/04\/Puhapaev-ponnidegs-1-300x212.jpg 300w, https:\/\/muraste.ee\/vana\/wp-content\/uploads\/2024\/04\/Puhapaev-ponnidegs-1-768x543.jpg 768w, https:\/\/muraste.ee\/vana\/wp-content\/uploads\/2024\/04\/Puhapaev-ponnidegs-1-1536x1086.jpg 1536w, https:\/\/muraste.ee\/vana\/wp-content\/uploads\/2024\/04\/Puhapaev-ponnidegs-1-2048x1448.jpg 2048w, https:\/\/muraste.ee\/vana\/wp-content\/uploads\/2024\/04\/Puhapaev-ponnidegs-1-624x441.jpg 624w\" sizes=\"(max-width: 1024px) 100vw, 1024px\" \/><\/a><\/figure>\n\n\n\n<p><strong>LOLALA Lauluteater<\/strong><br>15. sept. kell 16.00<br>Muraste aatriumis Lee tee 9<\/p>\n\n\n\n<p>Piletid eelm\u00fc\u00fcgist:<br><a href=\"https:\/\/pilet.pro\/toode\/pereband-lolala-murastes\/?fbclid=IwZXh0bgNhZW0CMTAAAR3xku7_hKBbcmtFV6RoKVnnue0ikZRvbdMN6WZmoFVqA1esssDTjDoGkGQ_aem_AfWsXUg2J5MxhmR2OrIX-hkJAdX8rHG_8ixzpswtOZmobYOBba1DcRT0ARpg60snTTo-XmN98ItnzP_wkRMawMxP\" rel=\"noreferrer noopener\" target=\"_blank\">https:\/\/pilet.pro\/toode\/pereband-lolala-murastes\/<\/a><\/p>\n\n\n\n<p>Eelm\u00fc\u00fcgist piletite hinnad:<br><strong>Pilet kuni 23.06.2024 = 8 Eur<\/strong><br>Pilet 24.06.-01.08.2024 = 10 Eur<br>Pilet 02.08.-01.09.2024 = 12 Eur<br>Pilet 02.09.-15.09.2024 = 15 Eur<br>Pilet kohapeal = 20 Eur<\/p>\n\n\n\n<p>Pereb\u00e4nd LOLALA tuleb meile k\u00fclla! YouTube\u2019s tuntust kogunud lastelaulude kanali LOLALA Anna ja Arian p\u00e4\u00e4sesid ekraanilt v\u00e4lja ja tulevad koos meiega laulma, tantsima ja m\u00e4ngima.<\/p>\n\n\n\n<p>Esitusele tulevad k\u00f5igi lemmikud \u201cKrokodill Villi\u201d, \u201cPotilaul\u201d, \u201cProovin uusi asju\u201d, \u201cKoristamise laul\u201d, \u201cVannilaul\u201d ja paljud teised. Kindlasti saab kuulda ka laste palavalt armastatud laule nagu \u201cMeie talu loomad\u201d, \u201cJ\u00e4nku laul\u201d, \u201cSuur ja v\u00e4ike\u201d ja teisi hitte.<\/p>\n\n\n\n<p>Lolala on Anna Kuchinsky ja Arian Levini pere s\u00fcdameprojekt, mis sai alguse detsembris 2019, kui nende esimene laps oli vaid 6-kuune. Kuigi Lola s\u00fcndis laulja-laulu\u00f5petaja ja helilooja perre, oli v\u00e4rskete vanemate lastelaulude repertuaar peaaegu olematu. Kuna oskuste ja kogemuste pagas oli piisav, otsustati laulud lapsele hoopis ise kirjutada.Tundus, et n\u00f5udlus uute lastelaulude j\u00e4rgi v\u00f5ib olla ka teistel vanematel, nii et laulud jagati ka YouTube\u2019s. Siit saigi alguse Lolala teekond!<\/p>\n\n\n\n<figure class=\"wp-block-image\"><a href=\"https:\/\/muraste.ee\/vana\/wp-content\/uploads\/2024\/04\/PILT.jpg\"><img decoding=\"async\" loading=\"lazy\" width=\"1024\" height=\"576\" src=\"https:\/\/muraste.ee\/vana\/wp-content\/uploads\/2024\/04\/PILT-1024x576.jpg\" alt=\"\" class=\"wp-image-10580\" srcset=\"https:\/\/muraste.ee\/vana\/wp-content\/uploads\/2024\/04\/PILT-1024x576.jpg 1024w, https:\/\/muraste.ee\/vana\/wp-content\/uploads\/2024\/04\/PILT-300x169.jpg 300w, https:\/\/muraste.ee\/vana\/wp-content\/uploads\/2024\/04\/PILT-768x432.jpg 768w, https:\/\/muraste.ee\/vana\/wp-content\/uploads\/2024\/04\/PILT-1536x864.jpg 1536w, https:\/\/muraste.ee\/vana\/wp-content\/uploads\/2024\/04\/PILT-624x351.jpg 624w, https:\/\/muraste.ee\/vana\/wp-content\/uploads\/2024\/04\/PILT-128x72.jpg 128w, https:\/\/muraste.ee\/vana\/wp-content\/uploads\/2024\/04\/PILT.jpg 1920w\" sizes=\"(max-width: 1024px) 100vw, 1024px\" \/><\/a><\/figure>\n\n\n\n<p><strong>Figuuri maalimise t\u00f6\u00f6tuba<\/strong><\/p>\n\n\n\n<p><strong>15. mai kell 18.00<br>Muraste k\u00fclaseltsi ruumides (Spordihoone uksest)<br>Lee tee 9<br><br>Maksumus: 40&nbsp;eurot<\/strong>&nbsp;(juhendamine, materjalid), maksmine kohapeal sularahas.<\/p>\n\n\n\n<p>T\u00f6\u00f6toas \u00f5pime tundma inimese proportsioone ning neid vaba k\u00e4ega visandama. Seej\u00e4rel loome l\u00f5uendile kompositsiooni inimese figuurist. Iga osaleja saab ise luua sobiva kompositsiooni koos figuuri ja v\u00e4rvidega. Kohapeal on olemas abistavad pildid, mille j\u00e4rgi figuuri luua. T\u00f6\u00f6tuba on j\u00f5ukohane k\u00f5igile ning ei n\u00f5ua eelnevaid oskusi joonistamises ja maalimises.<\/p>\n\n\n\n<p>V\u00e4rvime l\u00f5uendi akr\u00fc\u00fclv\u00e4rvidega. L\u00f5uendi suuruseks on 40\u00d750 cm.<\/p>\n\n\n\n<p>Kursust viib l\u00e4bi kunsti\u00f5petaja ja t\u00f6\u00f6tubade l\u00e4biviija Marell Voolaid. Tema tegemistel saab silma peal hoida&nbsp;<a href=\"http:\/\/www.sinuloovus.com\/?fbclid=IwZXh0bgNhZW0CMTAAAR04KHIIguJo1YkPIvsiK2BGwpJegVkTcRSdnclU0T2C3T6cevN8FkE_6bg_aem_AXzleZuz0rv9RLqOMMLb_npzWrb-cngVqmVRFjGWVWqZJE8S8VQc1DQE7k6lwpevpPxXQWeyCDwfiDuUBa_ld3Hc\" target=\"_blank\" rel=\"noreferrer noopener\">www.sinuloovus.com<\/a>&nbsp;v\u00f5i Facebookis: Sinu Loovus.<\/p>\n\n\n\n<p>Osalejate arv on piiratud. Osalemiseks kirjuta&nbsp;<a href=\"mailto:muraste@muraste.ee\">muraste@muraste.ee<\/a>.<br>Maksumus on 40 eurot (juhendamine, materjalid).<\/p>\n\n\n\n<figure class=\"wp-block-image\"><a href=\"https:\/\/muraste.ee\/vana\/wp-content\/uploads\/2024\/04\/1.jpg\"><img decoding=\"async\" loading=\"lazy\" width=\"1024\" height=\"724\" src=\"https:\/\/muraste.ee\/vana\/wp-content\/uploads\/2024\/04\/1-1024x724.jpg\" alt=\"\" class=\"wp-image-10569\" srcset=\"https:\/\/muraste.ee\/vana\/wp-content\/uploads\/2024\/04\/1-1024x724.jpg 1024w, https:\/\/muraste.ee\/vana\/wp-content\/uploads\/2024\/04\/1-300x212.jpg 300w, https:\/\/muraste.ee\/vana\/wp-content\/uploads\/2024\/04\/1-768x543.jpg 768w, https:\/\/muraste.ee\/vana\/wp-content\/uploads\/2024\/04\/1-1536x1086.jpg 1536w, https:\/\/muraste.ee\/vana\/wp-content\/uploads\/2024\/04\/1-2048x1448.jpg 2048w, https:\/\/muraste.ee\/vana\/wp-content\/uploads\/2024\/04\/1-624x441.jpg 624w\" sizes=\"(max-width: 1024px) 100vw, 1024px\" \/><\/a><\/figure>\n\n\n\n<p><strong>22. mai kell 18.00<br>Muraste k\u00fclaseltsis Lee tee 9<\/strong><\/p>\n\n\n\n<p><strong>SINU TELEFON ON SINU KAAMERA<\/strong><\/p>\n\n\n\n<p><strong>osalustasu: 35.00 eur sularahas kohapeal<br>pane ennast kirja: muraste@muraste.ee<\/strong><br>Juhendaja Lembit Michelson<\/p>\n\n\n\n<p>Oma kogemusi jagab, kuidas paremini pildistada, kuidas panna fotod lugu jutustama meie oma Muraste k\u00fclas elav fotograaf-koolitaja Lembit Michelson.<br>Koolituse eesm\u00e4rk on \u00f5ppida igap\u00e4evaselt telefoniga huvitavamaid pilte tegema.<br>Kas ka paremaid?<br>P\u00f5gus sissejuhatus fotograafia alustesse ja siis kohe praktiline pildistamine v\u00e4litingimustes. Koolitusel osaleja oskab kasutada oma telefoni kaamera p\u00f5hifunktsioone, komponeerida pilte, arvestada pildistamisel valgusoludega, jutustada lugu oma pildiseeriaga.<br>Osalustasu: 35 eurot<br>Registreerimine muraste@muraste.ee kuni 20. maini<br>Loe lisaks:&nbsp;<a href=\"https:\/\/l.facebook.com\/l.php?u=http%3A%2F%2Fwww.akriibia.ee%2F%3Ffbclid%3DIwZXh0bgNhZW0CMTAAAR0VmkOtrWaOttPZ_VvwiRDFfXnDSCnkrN6mQ9abFj5jKiBlWPKCb2uQ-SI_aem_ATZg1B1bGR6dxyekCqi5UEw_DVvmsuDLjqcPf4X2vRrFL3PELzUGKHvF6uVvpGcCC62fXRGlwyKtPFYInfmZoXlF&amp;h=AT1xNVaw2Lsnumps8dwlG5mp4ZRswD_SuXmTdYYPPHbL2vpfPvhu73ANUlSGTn15Cz3hGRR8hy4o6UK4urRMZAyQEz4fj_UoD7j1qdKbtkFfM1aVHg7XA7AaPzihNNyARe0u&amp;__tn__=q&amp;c[0]=AT2SxaypAd5NwtgFauPnU-NXrKMzVeHdIfNFoFQV_7iIAtzQkCf8LJT5KVVvgce1z_1h0f2fSPWHBxEoacWgUmkykezROS99Kr9EbSk8x67tX7rnmo1Vu1g21I0mcHYpJNE-rmVg6nWwIGbiGooj1-MXJvXyrmsJnbd3EWpK9SEFU12oEDw\" rel=\"noreferrer noopener\" target=\"_blank\">www.akriibia.ee<\/a><\/p>\n\n\n\n<figure class=\"wp-block-image\"><a href=\"https:\/\/muraste.ee\/vana\/wp-content\/uploads\/2024\/04\/POHI-1.jpg\"><img decoding=\"async\" loading=\"lazy\" width=\"1024\" height=\"724\" src=\"https:\/\/muraste.ee\/vana\/wp-content\/uploads\/2024\/04\/POHI-1-1024x724.jpg\" alt=\"\" class=\"wp-image-10566\" srcset=\"https:\/\/muraste.ee\/vana\/wp-content\/uploads\/2024\/04\/POHI-1-1024x724.jpg 1024w, https:\/\/muraste.ee\/vana\/wp-content\/uploads\/2024\/04\/POHI-1-300x212.jpg 300w, https:\/\/muraste.ee\/vana\/wp-content\/uploads\/2024\/04\/POHI-1-768x543.jpg 768w, https:\/\/muraste.ee\/vana\/wp-content\/uploads\/2024\/04\/POHI-1-1536x1086.jpg 1536w, https:\/\/muraste.ee\/vana\/wp-content\/uploads\/2024\/04\/POHI-1-2048x1448.jpg 2048w, https:\/\/muraste.ee\/vana\/wp-content\/uploads\/2024\/04\/POHI-1-624x441.jpg 624w\" sizes=\"(max-width: 1024px) 100vw, 1024px\" \/><\/a><\/figure>\n\n\n\n<p><strong>MURASTE KORTSMOONIKUD<\/strong><\/p>\n\n\n\n<p>Muraste k\u00fclaseltsis tegutseb juba aasta karmo\u015bka klubi \u00f5p. Katrin L\u00e4lli juhtimisel. Meil on ka kaks noorsandi Hindrek ja Kaarel, kes m\u00e4ngib koos meiega akordionil. Oleme juba mitmeid kontserte andnud. Kes soovib, v\u00f5ib meid tellida oma \u00fcritustele v\u00f5ib kirjutada muraste@muraste.ee<\/p>\n\n\n\n<p>Lisaks v\u00f5tame ka uusi liikmeid nii algajaid kui edasij\u00f5udnuid.<\/p>\n","protected":false},"excerpt":{"rendered":"<p>N\u00e4dal 19 Tere, armas Muraste! Talgup\u00e4ev tehtud, t\u00e4name k\u00f5ike suuri ja v\u00e4ikeseid talgulisi tubli osav\u00f5tu eest ja Coop kauplust v\u00e4ga maitsvate j\u00e4\u00e4tiste eest. Kevadel nagu ikka k\u00e4ib ka kodus koristamine, Harku vallas on tulemas suur Garaa\u017aim\u00fc\u00fcgip\u00e4ev! \u201cTaimela\u00b4AT Sinu kodus\u201d SUUR GARAAZIM\u00dc\u00dcK&nbsp;\u2013&nbsp;19. MAIL Selleks t\u00e4ida VORM:&nbsp;https:\/\/docs.google.com\/\u2026\/1FAIpQLSe6MtWviejiIz\u2026\/viewform Registreeri palun oma m\u00fc\u00fcgipunkt ka siin&nbsp;https:\/\/forms.gle\/a43hLRxpti6HeATH7 siis leiavad k\u00fclastajad Sind<a class=\"moretag\" href=\"https:\/\/muraste.ee\/vana\/?page_id=10594\"><br \/>&#8230;Loe edasi<\/a><\/p>\n","protected":false},"author":2,"featured_media":0,"parent":0,"menu_order":0,"comment_status":"closed","ping_status":"closed","template":"","meta":{"_bbp_topic_count":0,"_bbp_reply_count":0,"_bbp_total_topic_count":0,"_bbp_total_reply_count":0,"_bbp_voice_count":0,"_bbp_anonymous_reply_count":0,"_bbp_topic_count_hidden":0,"_bbp_reply_count_hidden":0,"_bbp_forum_subforum_count":0,"_mc_calendar":[]},"_links":{"self":[{"href":"https:\/\/muraste.ee\/vana\/index.php?rest_route=\/wp\/v2\/pages\/10594"}],"collection":[{"href":"https:\/\/muraste.ee\/vana\/index.php?rest_route=\/wp\/v2\/pages"}],"about":[{"href":"https:\/\/muraste.ee\/vana\/index.php?rest_route=\/wp\/v2\/types\/page"}],"author":[{"embeddable":true,"href":"https:\/\/muraste.ee\/vana\/index.php?rest_route=\/wp\/v2\/users\/2"}],"replies":[{"embeddable":true,"href":"https:\/\/muraste.ee\/vana\/index.php?rest_route=%2Fwp%2Fv2%2Fcomments&post=10594"}],"version-history":[{"count":1,"href":"https:\/\/muraste.ee\/vana\/index.php?rest_route=\/wp\/v2\/pages\/10594\/revisions"}],"predecessor-version":[{"id":10596,"href":"https:\/\/muraste.ee\/vana\/index.php?rest_route=\/wp\/v2\/pages\/10594\/revisions\/10596"}],"wp:attachment":[{"href":"https:\/\/muraste.ee\/vana\/index.php?rest_route=%2Fwp%2Fv2%2Fmedia&parent=10594"}],"curies":[{"name":"wp","href":"https:\/\/api.w.org\/{rel}","templated":true}]}}