{"id":10638,"date":"2024-05-27T13:52:25","date_gmt":"2024-05-27T10:52:25","guid":{"rendered":"https:\/\/muraste.ee\/vana\/?page_id=10638"},"modified":"2024-05-27T13:52:26","modified_gmt":"2024-05-27T10:52:26","slug":"nadal-22-8","status":"publish","type":"page","link":"https:\/\/muraste.ee\/vana\/?page_id=10638","title":{"rendered":"N\u00e4dal 22"},"content":{"rendered":"\n<h1 class=\"wp-block-heading\"><\/h1>\n\n\n\n<h1 class=\"wp-block-heading\"><\/h1>\n\n\n\n<p id=\"block-fef401b0-6b75-4a0a-ae22-b21b5937c20c\">Tere, armas Muraste! Reede ja laup\u00e4ev toovad kaasa Harku valla peredele 2 toredat \u00fcritust, millest saavad v\u00f5tta igas vanuses inimesed. DISCGOLF algajatele on TASUTA. DISCO pilet eelm\u00fc\u00fcgist on vaid 10.00 euri, ALLA 16 a. TASUTA https:\/\/pilet.pro\/toode\/retro-disco-2024-tilgu\/<\/p>\n\n\n\n<p id=\"block-3d92b500-c0c8-4819-9a21-a470e886a050\">\ufeff<\/p>\n\n\n\n<figure class=\"wp-block-image\" id=\"block-7056d165-c6a1-416d-8503-b95ab98fe2b1\"><img decoding=\"async\" src=\"https:\/\/muraste.ee\/vana\/wp-content\/uploads\/2024\/05\/POHI-1-1024x724.jpg\" alt=\"This image has an empty alt attribute; its file name is POHI-1-1024x724.jpg\"\/><\/figure>\n\n\n\n<p id=\"block-8f5a5a94-458d-4f37-9755-b2873eafbf5b\"><strong>31. MAIL kell 18.00<\/strong><\/p>\n\n\n\n<p id=\"block-99497067-6f9a-4e93-bb95-cb00734c7744\"><strong>DISCGOLF<\/strong>&nbsp;algajatele<\/p>\n\n\n\n<p id=\"block-e089b4aa-c5c0-4209-9788-b487ee530297\"><br>Asukoht Muraste Paeplats (Ristiv\u00e4lja teel) \u2013 emad, isad, lapsed ja vanavanemad.&nbsp;<strong>\u00dcritus on TASUTA!<\/strong><br>Toimuvad algajatele discgolfi alg\u00f5pe ja m\u00e4ng, v\u00e4iksematele koolilastele&nbsp;<strong>LASTE DISCGOLF&nbsp;<\/strong>ning pisikestele&nbsp;<strong>\u00d5UEM\u00c4NGUD.<\/strong><br>* kahe juhendajaga l\u00e4biviidavad sissejuhatavad loengud discgolfikoodeksist, m\u00e4ngureeglitest ja -vahenditest.<br>* praktikumid \u2013 l\u00e4him\u00e4ng (puttimine), avavisked (draivimine), visketehnikad.<br>* n\u00e4idisv\u00f5istlus soovijatele kogenumate m\u00e4ngijate seltsis<\/p>\n\n\n\n<p id=\"block-d98018f5-76f3-48ce-8857-84b3266eb7b9\">Avatud on KOHVIK ja piknikuala, v\u00f5tke kaasa piknikutekid, et m\u00f5nusalt perega aega veeta.<\/p>\n\n\n\n<p id=\"block-235ed9f7-7749-4914-9eb3-41d489c6aa05\"><strong>1. JUUNIL kell 20.00-23.00<\/strong><\/p>\n\n\n\n<p id=\"block-e0564f2d-85aa-4cfa-a2cd-9f220bd81017\"><strong>RETRO DISCO<\/strong><\/p>\n\n\n\n<p id=\"block-7e793ea1-9c5d-4730-b091-8f69cdc9901c\"><br><strong>Asukoht TILGU SADAM&nbsp;<\/strong>\u2013 retro-videodisco t\u00e4iskasvanutele\/peredele.<\/p>\n\n\n\n<p id=\"block-e9a5512a-0879-466c-83fe-3dd1ba686228\">* Tuntud retrodiscor EINAR KAPP<\/p>\n\n\n\n<p id=\"block-462e5e4c-42c9-4785-b772-e3d9d50e82af\">* Pane selga retrodisco kost\u00fc\u00fcmid<\/p>\n\n\n\n<p id=\"block-524c043c-cd7a-4c4d-8a94-ba804f7d860e\">*&nbsp;FOTOSEIN, kus saad j\u00e4\u00e4dvustada meeleolukaid fotosid<\/p>\n\n\n\n<p id=\"block-da634eb6-a761-47b5-ba08-fc3aee782803\">* HUMOORIKAS DISCOSAMMUDE grupi\u00f5petus<\/p>\n\n\n\n<p id=\"block-40d8b9dc-b764-4dee-92ff-2ecf9059288c\">* Avatud on BAAR<\/p>\n\n\n\n<p id=\"block-fb638e94-f1c0-412e-a491-078d55a5d535\"><strong>PILET EELM\u00dc\u00dcGIST: 10.00 eur (kuni 29.maini)<\/strong><br><a rel=\"noreferrer noopener\" href=\"https:\/\/l.facebook.com\/l.php?u=https%3A%2F%2Fpilet.pro%2Ftoode%2Fretro-disco-2024-tilgu%2F%3Ffbclid%3DIwZXh0bgNhZW0CMTAAAR0Sf6jngOWvGy0Nryn0fgwatYdg2kEBRgw4hG4FwU6lldNjry-ox4pPEfM_aem_Ae68itSwII0gbyv6-C4XNELd2iizqvQFtm5giutLc1RuAOwd6NNlWQz9bPXcLi7rAmKaFAODYmFnMhURRvpHBHGf&amp;h=AT2ZAIO4P-Jz3dryLttSIPe-LrgnEgVsjNIT9sIMPVEpD5Yi2eZsFZ_7xRKpR3Fx2ir-EzFQfuYu-AYHcgLiE-YJVPsCCRdVz01lU_27hit-sMTi2agLXG_ippcg7AYocHse&amp;__tn__=q&amp;c[0]=AT0Rlq4FBDSOdU8BmGuJ09CetTvQ_Lb58WaBpJlxfK8jI9KwukhA7GGR_UNyD4VItdZF0WNY6vK43KjLQTVwAPY09UrBSbjL-9GHFNsmclUF5cGeO_rNB5LOxezUA72MMq0wf8TQzToGEur4twCvUYJpsjGYxuUFHrX33nYY8nGgRCiGmVZp\" target=\"_blank\">https:\/\/pilet.pro\/toode\/retro-disco-2024-tilgu\/<\/a><\/p>\n\n\n\n<p id=\"block-ad1389cd-0dea-461e-9682-3732c2f46bf4\">PILET KOHAPEAL: 15.00 eur (sularahas)<\/p>\n\n\n\n<figure class=\"wp-block-image\" id=\"block-075054dc-ec53-4a31-823c-f8eaa17eb25e\"><img decoding=\"async\" src=\"https:\/\/muraste.ee\/vana\/wp-content\/uploads\/2024\/05\/10.august-kell-16.00-2-1024x724.jpg\" alt=\"This image has an empty alt attribute; its file name is 10.august-kell-16.00-2-1024x724.jpg\"\/><\/figure>\n\n\n\n<p id=\"block-c8dd73f7-eb48-46e1-82a4-b684675e236d\"><strong>MURASTE K\u00dcLA TSIRKUS<\/strong><\/p>\n\n\n\n<p id=\"block-9fb5a298-cee9-43d9-bd2a-ca1ed0406039\"><br><strong>\u00dcritus on TASUTA<br>10. augustil kell 16.00<\/strong><br>Muraste kooli aatriumis ja \u00f5ues<br>Lee tee 9<br><strong>TSIRKUS:<\/strong><br>1. Tsirkus kohvris \u2013 mullishow, \u017aongl\u00f6\u00f6rimine, mustkunst, kloun ALEX, seebimulliprintsess KATARINA ja nutikas koer JUSTAS<br>2. Mustkunstnik MARKO \u2013 tuvid, j\u00e4nes ja mustkunstimaagia trikid<br>3. MONORATTA TRIKID \u2013 Sylvain OUALLA \u2013 Prantsusmaalt<br><strong>BATUUDID<br>LASTEM\u00c4NGUD \u00d5UES<br>AVATUD KOHVIK (arveldame sularahaga)<\/strong><br>minipannkoogid<br>koogid<br>soolased suupisted<\/p>\n\n\n\n<figure class=\"wp-block-image\" id=\"block-e7353324-9c92-4317-930b-3608f2cbe1b0\"><img decoding=\"async\" src=\"https:\/\/muraste.ee\/vana\/wp-content\/uploads\/2024\/04\/2024-sunnip.-1-1024x724.jpg\" alt=\"This image has an empty alt attribute; its file name is 2024-sunnip.-1-1024x724.jpg\"\/><\/figure>\n\n\n\n<figure class=\"wp-block-image\" id=\"block-705ede3e-8fdc-4ee9-b2df-6d920624e145\"><img decoding=\"async\" src=\"https:\/\/muraste.ee\/vana\/wp-content\/uploads\/2024\/04\/Puhapaev-ponnidegs-1-1024x724.jpg\" alt=\"This image has an empty alt attribute; its file name is Puhapaev-ponnidegs-1-1024x724.jpg\"\/><\/figure>\n\n\n\n<p id=\"block-6ecee572-fb78-434a-9e60-748a10b843d7\"><strong>LOLALA Lauluteater<\/strong><br>15. sept. kell 16.00<br>Muraste aatriumis Lee tee 9<\/p>\n\n\n\n<p id=\"block-a897507a-217b-475b-b241-8edeb1a1921d\">Piletid eelm\u00fc\u00fcgist:<br><a rel=\"noreferrer noopener\" href=\"https:\/\/pilet.pro\/toode\/pereband-lolala-murastes\/?fbclid=IwZXh0bgNhZW0CMTAAAR3xku7_hKBbcmtFV6RoKVnnue0ikZRvbdMN6WZmoFVqA1esssDTjDoGkGQ_aem_AfWsXUg2J5MxhmR2OrIX-hkJAdX8rHG_8ixzpswtOZmobYOBba1DcRT0ARpg60snTTo-XmN98ItnzP_wkRMawMxP\" target=\"_blank\">https:\/\/pilet.pro\/toode\/pereband-lolala-murastes\/<\/a><\/p>\n\n\n\n<p id=\"block-2ae9eb9a-b650-4902-8690-5eeac3b0df7e\">Eelm\u00fc\u00fcgist piletite hinnad:<br><strong>Pilet kuni 23.06.2024 = 8 Eur<\/strong><br>Pilet 24.06.-01.08.2024 = 10 Eur<br>Pilet 02.08.-01.09.2024 = 12 Eur<br>Pilet 02.09.-15.09.2024 = 15 Eur<br>Pilet kohapeal = 20 Eur<\/p>\n\n\n\n<p id=\"block-f29b3d57-8ecb-46d5-b30e-a88820481d11\">Pereb\u00e4nd LOLALA tuleb meile k\u00fclla! YouTube\u2019s tuntust kogunud lastelaulude kanali LOLALA Anna ja Arian p\u00e4\u00e4sesid ekraanilt v\u00e4lja ja tulevad koos meiega laulma, tantsima ja m\u00e4ngima.<\/p>\n\n\n\n<p id=\"block-82102cf8-6643-4048-86d6-5f8a83f37008\">Esitusele tulevad k\u00f5igi lemmikud \u201cKrokodill Villi\u201d, \u201cPotilaul\u201d, \u201cProovin uusi asju\u201d, \u201cKoristamise laul\u201d, \u201cVannilaul\u201d ja paljud teised. Kindlasti saab kuulda ka laste palavalt armastatud laule nagu \u201cMeie talu loomad\u201d, \u201cJ\u00e4nku laul\u201d, \u201cSuur ja v\u00e4ike\u201d ja teisi hitte.<\/p>\n\n\n\n<p id=\"block-a2a3b466-2147-446e-a29e-e41672d84455\">Lolala on Anna Kuchinsky ja Arian Levini pere s\u00fcdameprojekt, mis sai alguse detsembris 2019, kui nende esimene laps oli vaid 6-kuune. Kuigi Lola s\u00fcndis laulja-laulu\u00f5petaja ja helilooja perre, oli v\u00e4rskete vanemate lastelaulude repertuaar peaaegu olematu. Kuna oskuste ja kogemuste pagas oli piisav, otsustati laulud lapsele hoopis ise kirjutada.Tundus, et n\u00f5udlus uute lastelaulude j\u00e4rgi v\u00f5ib olla ka teistel vanematel, nii et laulud jagati ka YouTube\u2019s. Siit saigi alguse Lolala teekond!<\/p>\n\n\n\n<figure class=\"wp-block-image\" id=\"block-1c202352-b90a-470b-a6ac-01bdc618c587\"><img decoding=\"async\" src=\"https:\/\/muraste.ee\/vana\/wp-content\/uploads\/2024\/05\/441970245_762908976029209_3408736989712459627_n-724x1024.jpg\" alt=\"This image has an empty alt attribute; its file name is 441970245_762908976029209_3408736989712459627_n-724x1024.jpg\"\/><\/figure>\n\n\n\n<figure class=\"wp-block-image is-resized\" id=\"block-725613fe-b304-42ea-ad60-b7d2bffe414a\"><img decoding=\"async\" loading=\"lazy\" src=\"https:\/\/muraste.ee\/vana\/wp-content\/uploads\/2024\/05\/442489836_781071567461356_171737443513619914_n.jpg\" alt=\"This image has an empty alt attribute; its file name is 442489836_781071567461356_171737443513619914_n.jpg\" width=\"616\" height=\"797\"\/><\/figure>\n","protected":false},"excerpt":{"rendered":"<p>Tere, armas Muraste! Reede ja laup\u00e4ev toovad kaasa Harku valla peredele 2 toredat \u00fcritust, millest saavad v\u00f5tta igas vanuses inimesed. DISCGOLF algajatele on TASUTA. DISCO pilet eelm\u00fc\u00fcgist on vaid 10.00 euri, ALLA 16 a. TASUTA https:\/\/pilet.pro\/toode\/retro-disco-2024-tilgu\/ \ufeff 31. MAIL kell 18.00 DISCGOLF&nbsp;algajatele Asukoht Muraste Paeplats (Ristiv\u00e4lja teel) \u2013 emad, isad, lapsed ja vanavanemad.&nbsp;\u00dcritus on TASUTA!Toimuvad<a class=\"moretag\" href=\"https:\/\/muraste.ee\/vana\/?page_id=10638\"><br \/>&#8230;Loe edasi<\/a><\/p>\n","protected":false},"author":2,"featured_media":0,"parent":0,"menu_order":0,"comment_status":"closed","ping_status":"closed","template":"","meta":{"_bbp_topic_count":0,"_bbp_reply_count":0,"_bbp_total_topic_count":0,"_bbp_total_reply_count":0,"_bbp_voice_count":0,"_bbp_anonymous_reply_count":0,"_bbp_topic_count_hidden":0,"_bbp_reply_count_hidden":0,"_bbp_forum_subforum_count":0,"_mc_calendar":[]},"_links":{"self":[{"href":"https:\/\/muraste.ee\/vana\/index.php?rest_route=\/wp\/v2\/pages\/10638"}],"collection":[{"href":"https:\/\/muraste.ee\/vana\/index.php?rest_route=\/wp\/v2\/pages"}],"about":[{"href":"https:\/\/muraste.ee\/vana\/index.php?rest_route=\/wp\/v2\/types\/page"}],"author":[{"embeddable":true,"href":"https:\/\/muraste.ee\/vana\/index.php?rest_route=\/wp\/v2\/users\/2"}],"replies":[{"embeddable":true,"href":"https:\/\/muraste.ee\/vana\/index.php?rest_route=%2Fwp%2Fv2%2Fcomments&post=10638"}],"version-history":[{"count":1,"href":"https:\/\/muraste.ee\/vana\/index.php?rest_route=\/wp\/v2\/pages\/10638\/revisions"}],"predecessor-version":[{"id":10640,"href":"https:\/\/muraste.ee\/vana\/index.php?rest_route=\/wp\/v2\/pages\/10638\/revisions\/10640"}],"wp:attachment":[{"href":"https:\/\/muraste.ee\/vana\/index.php?rest_route=%2Fwp%2Fv2%2Fmedia&parent=10638"}],"curies":[{"name":"wp","href":"https:\/\/api.w.org\/{rel}","templated":true}]}}