{"id":10682,"date":"2024-06-10T16:46:43","date_gmt":"2024-06-10T13:46:43","guid":{"rendered":"https:\/\/muraste.ee\/vana\/?page_id=10682"},"modified":"2024-06-10T16:46:44","modified_gmt":"2024-06-10T13:46:44","slug":"nadal-24-6","status":"publish","type":"page","link":"https:\/\/muraste.ee\/vana\/?page_id=10682","title":{"rendered":"N\u00e4dal 24"},"content":{"rendered":"\n<p><img decoding=\"async\" loading=\"lazy\" width=\"624\" height=\"416\" src=\"https:\/\/muraste.ee\/vana\/wp-content\/uploads\/2024\/06\/straw-hat-kept-empty-beach-chair-1-624x416.jpg\" alt=\"\" srcset=\"https:\/\/muraste.ee\/vana\/wp-content\/uploads\/2024\/06\/straw-hat-kept-empty-beach-chair-1-624x416.jpg 624w, https:\/\/muraste.ee\/vana\/wp-content\/uploads\/2024\/06\/straw-hat-kept-empty-beach-chair-1-300x200.jpg 300w, https:\/\/muraste.ee\/vana\/wp-content\/uploads\/2024\/06\/straw-hat-kept-empty-beach-chair-1-1024x683.jpg 1024w, https:\/\/muraste.ee\/vana\/wp-content\/uploads\/2024\/06\/straw-hat-kept-empty-beach-chair-1-768x512.jpg 768w, https:\/\/muraste.ee\/vana\/wp-content\/uploads\/2024\/06\/straw-hat-kept-empty-beach-chair-1-1536x1024.jpg 1536w, https:\/\/muraste.ee\/vana\/wp-content\/uploads\/2024\/06\/straw-hat-kept-empty-beach-chair-1-2048x1365.jpg 2048w\"><\/p>\n\n\n\n<h1 class=\"wp-block-heading\">N\u00e4dal 24<\/h1>\n\n\n\n<p>Tere, armas Muraste! Suvi meie lemmik. Juulis k\u00fclaselts puhkab, aga augustis juba 10. kuup\u00e4eval on Muraste K\u00dcLAP\u00c4EV. Ootame k\u00f5iki tegusaid kodukohvikute pidajaid osalema! Vaata, mis seekord kavas on ja \u00e4ra unusta autokinno pilet osta!<\/p>\n\n\n\n<figure class=\"wp-block-image\"><a href=\"https:\/\/muraste.ee\/vana\/wp-content\/uploads\/2024\/05\/Kodukohvikute-reg-2024-1-1.png\"><img decoding=\"async\" loading=\"lazy\" width=\"576\" height=\"1024\" src=\"https:\/\/muraste.ee\/vana\/wp-content\/uploads\/2024\/05\/Kodukohvikute-reg-2024-1-1-576x1024.png\" alt=\"\" class=\"wp-image-10648\" srcset=\"https:\/\/muraste.ee\/vana\/wp-content\/uploads\/2024\/05\/Kodukohvikute-reg-2024-1-1-576x1024.png 576w, https:\/\/muraste.ee\/vana\/wp-content\/uploads\/2024\/05\/Kodukohvikute-reg-2024-1-1-169x300.png 169w, https:\/\/muraste.ee\/vana\/wp-content\/uploads\/2024\/05\/Kodukohvikute-reg-2024-1-1-768x1365.png 768w, https:\/\/muraste.ee\/vana\/wp-content\/uploads\/2024\/05\/Kodukohvikute-reg-2024-1-1-864x1536.png 864w, https:\/\/muraste.ee\/vana\/wp-content\/uploads\/2024\/05\/Kodukohvikute-reg-2024-1-1-624x1109.png 624w, https:\/\/muraste.ee\/vana\/wp-content\/uploads\/2024\/05\/Kodukohvikute-reg-2024-1-1.png 1080w\" sizes=\"(max-width: 576px) 100vw, 576px\" \/><\/a><\/figure>\n\n\n\n<p>Armsad Muraste pered!<\/p>\n\n\n\n<p><strong>MURASTE KODUKOHVIKUD avatakse 10. \u2013 11. AUGUSTIL.<\/strong><\/p>\n\n\n\n<p>J\u00e4lle on v\u00f5imalus kutsuda oma aeda k\u00fclla s\u00f5pru, naabreid ja k\u00fclalisi kogu Harku&nbsp;<a><\/a>vallast, et pakkuda oma koduse k\u00f6\u00f6gi h\u00f5rgutisi ja perede reliikviateks kujunenud retseptide j\u00e4rgi tehtud imemaitsvaid s\u00f6\u00f6ke<\/p>\n\n\n\n<p>Registreerumise link ja n\u00f5uded on leitavad vormilt:<\/p>\n\n\n\n<figure class=\"wp-block-embed\"><div class=\"wp-block-embed__wrapper\">\nhttps:\/\/docs.google.com\/\u2026\/1FAIpQLScnfTHtC2FnLw\u2026\/viewform\n<\/div><\/figure>\n\n\n\n<figure class=\"wp-block-image\"><a href=\"https:\/\/muraste.ee\/vana\/wp-content\/uploads\/2024\/06\/10.august-kell-16.00.jpg\"><img decoding=\"async\" loading=\"lazy\" width=\"1024\" height=\"724\" src=\"https:\/\/muraste.ee\/vana\/wp-content\/uploads\/2024\/06\/10.august-kell-16.00-1024x724.jpg\" alt=\"\" class=\"wp-image-10676\" srcset=\"https:\/\/muraste.ee\/vana\/wp-content\/uploads\/2024\/06\/10.august-kell-16.00-1024x724.jpg 1024w, https:\/\/muraste.ee\/vana\/wp-content\/uploads\/2024\/06\/10.august-kell-16.00-300x212.jpg 300w, https:\/\/muraste.ee\/vana\/wp-content\/uploads\/2024\/06\/10.august-kell-16.00-768x543.jpg 768w, https:\/\/muraste.ee\/vana\/wp-content\/uploads\/2024\/06\/10.august-kell-16.00-1536x1086.jpg 1536w, https:\/\/muraste.ee\/vana\/wp-content\/uploads\/2024\/06\/10.august-kell-16.00-2048x1448.jpg 2048w, https:\/\/muraste.ee\/vana\/wp-content\/uploads\/2024\/06\/10.august-kell-16.00-624x441.jpg 624w\" sizes=\"(max-width: 1024px) 100vw, 1024px\" \/><\/a><\/figure>\n\n\n\n<p><strong>MURASTE K\u00dcLA TSIRKUS<\/strong><\/p>\n\n\n\n<p><br><strong>\u00dcritus on TASUTA<\/strong><br><strong>10. augustil kell 16.00<\/strong><br>Muraste kooli aatriumis ja \u00f5ues<br>Lee tee 9<br><strong>TSIRKUS:<\/strong><br>1. Tsirkus kohvris \u2013 mullishow, \u017aongl\u00f6\u00f6rimine, mustkunst, kloun ALEX, seebimulliprintsess KATARINA ja nutikas koer JUSTAS<br>2. Mustkunstnik MARKO \u2013 tuvid, j\u00e4nes ja mustkunstimaagia trikid<br>3. MONORATTA TRIKID \u2013 Sylvain OUALLA \u2013 Prantsusmaalt<br>BATUUDID<br>LASTEM\u00c4NGUD \u00d5UES<br>AVATUD KOHVIK (arveldame sularahaga)<br>minipannkoogid<br>koogid<br>soolased suupisted<\/p>\n\n\n\n<figure class=\"wp-block-image\"><a href=\"https:\/\/muraste.ee\/vana\/wp-content\/uploads\/2024\/06\/Myraste-lulapaev-1.jpg\"><img decoding=\"async\" loading=\"lazy\" width=\"1024\" height=\"724\" src=\"https:\/\/muraste.ee\/vana\/wp-content\/uploads\/2024\/06\/Myraste-lulapaev-1-1024x724.jpg\" alt=\"\" class=\"wp-image-10679\" srcset=\"https:\/\/muraste.ee\/vana\/wp-content\/uploads\/2024\/06\/Myraste-lulapaev-1-1024x724.jpg 1024w, https:\/\/muraste.ee\/vana\/wp-content\/uploads\/2024\/06\/Myraste-lulapaev-1-300x212.jpg 300w, https:\/\/muraste.ee\/vana\/wp-content\/uploads\/2024\/06\/Myraste-lulapaev-1-768x543.jpg 768w, https:\/\/muraste.ee\/vana\/wp-content\/uploads\/2024\/06\/Myraste-lulapaev-1-1536x1086.jpg 1536w, https:\/\/muraste.ee\/vana\/wp-content\/uploads\/2024\/06\/Myraste-lulapaev-1-2048x1448.jpg 2048w, https:\/\/muraste.ee\/vana\/wp-content\/uploads\/2024\/06\/Myraste-lulapaev-1-624x441.jpg 624w\" sizes=\"(max-width: 1024px) 100vw, 1024px\" \/><\/a><\/figure>\n\n\n\n<p><strong>AUTOKINO<\/strong><\/p>\n\n\n\n<p><strong>MULGID TULEVAD<\/strong><\/p>\n\n\n\n<p><strong>10. juuni kell 22.00<\/strong><br><strong>Muraste Paeplats<br>Piletid eelm\u00fc\u00fcgist 5.00 eur<\/strong>&nbsp;https:\/\/pilet.pro\/toode\/autokino-vigased-pruudid\/<\/p>\n\n\n\n<p>Autode arv piiratud!<br>Harku valla inimeste h\u00e4\u00e4letuse tulemusena valiti seekord AUTOKINNO film: VIGASED PRUUDID<br>Palume autoga kohale tulla 30 min enne algust, et parim koht saada.<br>M\u00dc\u00dcME: POCORNI&amp;PEPSIT<\/p>\n\n\n\n<p>Ei tea siin ilmas keegi hullemat juurikat kui \u00fcks sajandivahetuse aegne Eesti taluperemees. Ja kui see juhtub veel mulk olema, siis on asi ikka p\u00e4ris hull. Naisterahva pisarad ja arukas jutt on temale nagu hane selga vesi. S\u00e4\u00e4rane mees on ka Mulgimaalt L\u00e4\u00e4nemaale elama sattunud Mart. Ei kuula ta kedagi ja talitab ikka nii, nagu tema isa teda omal ajal \u00f5petas. Isegi oma laste elu\u00f5nne on Mart \u00e4ra otsustanud, nii et t\u00fctred Miina ja Leena ainult mulkidest vennapoegadele k\u00f5lbavad. Ei aita siin noorikute ohked ega kaebed, kuigi nende s\u00fcdamed l\u00f6\u00f6vad salamisi hoopiski L\u00e4\u00e4nemaa noormeeste Joosepi ja Juhaniga \u00fches r\u00fctmis. Aga kuna armastusel on juba kord imelik j\u00f5ud, mis isegi kana mesipuusse lennutab kui tarvis, ei kavatse noored sellise saatusega leppida. Kus s\u00f5nad ja veenmine ei aita, tuleb appi v\u00f5tta kavalus. Esialgne lihtne plaan mulkidest v\u00e4imehi ninapidi vedada muutub s\u00fcndmuste arenedes \u00fcha p\u00f6\u00f6rasemaks, kuni Joosep ja Juhan leiavad end l\u00f5puks naiseriietes kaugeid kosilasi t\u00f5rjumas.<\/p>\n\n\n\n<p>Eduard Vilde vigased pruudid \u00e4rkavad taaskord ellu, t\u00f5estades \u00fchelt poolt rahvakirjaniku annet kergeks meelelahutuseks, teisalt aga tuntud klassiku uue aja kuulutust, milles noorem p\u00f5lvkond otsustavalt vanemale vastu hakkab ja ise oma elu\u00f5nne \u00fcle otsustada soovib.<\/p>\n\n\n\n<p>Filmis \u201eVigased pruudid\u201c m\u00e4ngivad mulkidest kosilasi P\u00e4\u00e4ru Oja (Enn) ja Kaspar Velberg (Jaak). Noored armastajad on Maarja Johanna M\u00e4gi (Leena), Oskar Seeman (Joosep), Maria Teresa Kalmet (Miina), Simo Andre Kadastu (Juhan). Teistes osades Harry K\u00f5rvits (Lipuvere peremees Mart), Tarvo Vridolin (m\u00f6lder), Meelis R\u00e4mmeld (kasakas) ja Margo Mitt (k\u00f5rtsmik).<\/p>\n\n\n\n<p>Filmi re\u017eiss\u00f6\u00f6r ja operaator on Ergo Kuld<\/p>\n\n\n\n<figure class=\"wp-block-image\"><a href=\"https:\/\/muraste.ee\/vana\/wp-content\/uploads\/2024\/05\/442489836_781071567461356_171737443513619914_n.jpg\"><img decoding=\"async\" loading=\"lazy\" width=\"791\" height=\"1024\" src=\"https:\/\/muraste.ee\/vana\/wp-content\/uploads\/2024\/05\/442489836_781071567461356_171737443513619914_n.jpg\" alt=\"\" class=\"wp-image-10625\" srcset=\"https:\/\/muraste.ee\/vana\/wp-content\/uploads\/2024\/05\/442489836_781071567461356_171737443513619914_n.jpg 791w, https:\/\/muraste.ee\/vana\/wp-content\/uploads\/2024\/05\/442489836_781071567461356_171737443513619914_n-232x300.jpg 232w, https:\/\/muraste.ee\/vana\/wp-content\/uploads\/2024\/05\/442489836_781071567461356_171737443513619914_n-768x994.jpg 768w, https:\/\/muraste.ee\/vana\/wp-content\/uploads\/2024\/05\/442489836_781071567461356_171737443513619914_n-624x808.jpg 624w\" sizes=\"(max-width: 791px) 100vw, 791px\" \/><\/a><\/figure>\n\n\n\n<figure class=\"wp-block-image\"><a href=\"https:\/\/muraste.ee\/vana\/wp-content\/uploads\/2024\/04\/Puhapaev-ponnidegs-1.jpg\"><img decoding=\"async\" loading=\"lazy\" width=\"1024\" height=\"724\" src=\"https:\/\/muraste.ee\/vana\/wp-content\/uploads\/2024\/04\/Puhapaev-ponnidegs-1-1024x724.jpg\" alt=\"\" class=\"wp-image-10525\" srcset=\"https:\/\/muraste.ee\/vana\/wp-content\/uploads\/2024\/04\/Puhapaev-ponnidegs-1-1024x724.jpg 1024w, https:\/\/muraste.ee\/vana\/wp-content\/uploads\/2024\/04\/Puhapaev-ponnidegs-1-300x212.jpg 300w, https:\/\/muraste.ee\/vana\/wp-content\/uploads\/2024\/04\/Puhapaev-ponnidegs-1-768x543.jpg 768w, https:\/\/muraste.ee\/vana\/wp-content\/uploads\/2024\/04\/Puhapaev-ponnidegs-1-1536x1086.jpg 1536w, https:\/\/muraste.ee\/vana\/wp-content\/uploads\/2024\/04\/Puhapaev-ponnidegs-1-2048x1448.jpg 2048w, https:\/\/muraste.ee\/vana\/wp-content\/uploads\/2024\/04\/Puhapaev-ponnidegs-1-624x441.jpg 624w\" sizes=\"(max-width: 1024px) 100vw, 1024px\" \/><\/a><\/figure>\n\n\n\n<p><strong>LOLALA Lauluteater<\/strong><\/p>\n\n\n\n<p><br>15. sept. kell 16.00<br>Muraste aatriumis Lee tee 9<\/p>\n\n\n\n<p>Piletid eelm\u00fc\u00fcgist:<br><a href=\"https:\/\/pilet.pro\/toode\/pereband-lolala-murastes\/?fbclid=IwZXh0bgNhZW0CMTAAAR3aH1MbdASkzb2uaeLbAAG_UaxliP3lDnkk2_zZa0CFvSbTJu-5HZAXZwI_aem_AS_rEk7PmkdrfmyM3xf9EekV4y_DkGym8lig8fh8YXObzcYePQGUE2j7mqC5x9xE2p7jrSdIPPx_BP8QsMoiLjEK\" rel=\"noreferrer noopener\" target=\"_blank\">https:\/\/pilet.pro\/toode\/pereband-lolala-murastes\/<\/a><\/p>\n\n\n\n<p><strong>Eelm\u00fc\u00fcgist piletite hinnad:<br>Pilet kuni 23.06.2024 = 8 Eur<\/strong><br>Pilet 24.06.-01.08.2024 = 10 Eur<br>Pilet 02.08.-01.09.2024 = 12 Eur<br>Pilet 02.09.-15.09.2024 = 15 Eur<br>Pilet kohapeal = 20 Eur<\/p>\n\n\n\n<p>Pereb\u00e4nd LOLALA tuleb meile k\u00fclla! YouTube\u2019s tuntust kogunud lastelaulude kanali LOLALA Anna ja Arian p\u00e4\u00e4sesid ekraanilt v\u00e4lja ja tulevad koos meiega laulma, tantsima ja m\u00e4ngima.<\/p>\n\n\n\n<p>Esitusele tulevad k\u00f5igi lemmikud \u201cKrokodill Villi\u201d, \u201cPotilaul\u201d, \u201cProovin uusi asju\u201d, \u201cKoristamise laul\u201d, \u201cVannilaul\u201d ja paljud teised. Kindlasti saab kuulda ka laste palavalt armastatud laule nagu \u201cMeie talu loomad\u201d, \u201cJ\u00e4nku laul\u201d, \u201cSuur ja v\u00e4ike\u201d ja teisi hitte<\/p>\n\n\n\n<p>Lolala on Anna Kuchinsky ja Arian Levini pere s\u00fcdameprojekt, mis sai alguse detsembris 2019, kui nende esimene laps oli vaid 6-kuune. Kuigi Lola s\u00fcndis laulja-laulu\u00f5petaja ja helilooja perre, oli v\u00e4rskete vanemate lastelaulude repertuaar peaaegu olematu. Kuna oskuste ja kogemuste pagas oli piisav, otsustati laulud lapsele hoopis ise kirjutada.Tundus, et n\u00f5udlus uute lastelaulude j\u00e4rgi v\u00f5ib olla ka teistel vanematel, nii et laulud jagati ka YouTube\u2019s. Siit saigi alguse Lolala teekond!<\/p>\n\n\n\n<figure class=\"wp-block-image\"><a href=\"https:\/\/muraste.ee\/vana\/wp-content\/uploads\/2024\/05\/3.jpg\"><img decoding=\"async\" loading=\"lazy\" width=\"1024\" height=\"724\" src=\"https:\/\/muraste.ee\/vana\/wp-content\/uploads\/2024\/05\/3-1024x724.jpg\" alt=\"\" class=\"wp-image-10602\" srcset=\"https:\/\/muraste.ee\/vana\/wp-content\/uploads\/2024\/05\/3-1024x724.jpg 1024w, https:\/\/muraste.ee\/vana\/wp-content\/uploads\/2024\/05\/3-300x212.jpg 300w, https:\/\/muraste.ee\/vana\/wp-content\/uploads\/2024\/05\/3-768x543.jpg 768w, https:\/\/muraste.ee\/vana\/wp-content\/uploads\/2024\/05\/3-1536x1086.jpg 1536w, https:\/\/muraste.ee\/vana\/wp-content\/uploads\/2024\/05\/3-2048x1448.jpg 2048w, https:\/\/muraste.ee\/vana\/wp-content\/uploads\/2024\/05\/3-624x441.jpg 624w\" sizes=\"(max-width: 1024px) 100vw, 1024px\" \/><\/a><\/figure>\n","protected":false},"excerpt":{"rendered":"<p>N\u00e4dal 24 Tere, armas Muraste! Suvi meie lemmik. Juulis k\u00fclaselts puhkab, aga augustis juba 10. kuup\u00e4eval on Muraste K\u00dcLAP\u00c4EV. Ootame k\u00f5iki tegusaid kodukohvikute pidajaid osalema! Vaata, mis seekord kavas on ja \u00e4ra unusta autokinno pilet osta! Armsad Muraste pered! MURASTE KODUKOHVIKUD avatakse 10. \u2013 11. AUGUSTIL. J\u00e4lle on v\u00f5imalus kutsuda oma aeda k\u00fclla s\u00f5pru, naabreid<a class=\"moretag\" href=\"https:\/\/muraste.ee\/vana\/?page_id=10682\"><br \/>&#8230;Loe edasi<\/a><\/p>\n","protected":false},"author":2,"featured_media":0,"parent":0,"menu_order":0,"comment_status":"closed","ping_status":"closed","template":"","meta":{"_bbp_topic_count":0,"_bbp_reply_count":0,"_bbp_total_topic_count":0,"_bbp_total_reply_count":0,"_bbp_voice_count":0,"_bbp_anonymous_reply_count":0,"_bbp_topic_count_hidden":0,"_bbp_reply_count_hidden":0,"_bbp_forum_subforum_count":0,"_mc_calendar":[]},"_links":{"self":[{"href":"https:\/\/muraste.ee\/vana\/index.php?rest_route=\/wp\/v2\/pages\/10682"}],"collection":[{"href":"https:\/\/muraste.ee\/vana\/index.php?rest_route=\/wp\/v2\/pages"}],"about":[{"href":"https:\/\/muraste.ee\/vana\/index.php?rest_route=\/wp\/v2\/types\/page"}],"author":[{"embeddable":true,"href":"https:\/\/muraste.ee\/vana\/index.php?rest_route=\/wp\/v2\/users\/2"}],"replies":[{"embeddable":true,"href":"https:\/\/muraste.ee\/vana\/index.php?rest_route=%2Fwp%2Fv2%2Fcomments&post=10682"}],"version-history":[{"count":1,"href":"https:\/\/muraste.ee\/vana\/index.php?rest_route=\/wp\/v2\/pages\/10682\/revisions"}],"predecessor-version":[{"id":10684,"href":"https:\/\/muraste.ee\/vana\/index.php?rest_route=\/wp\/v2\/pages\/10682\/revisions\/10684"}],"wp:attachment":[{"href":"https:\/\/muraste.ee\/vana\/index.php?rest_route=%2Fwp%2Fv2%2Fmedia&parent=10682"}],"curies":[{"name":"wp","href":"https:\/\/api.w.org\/{rel}","templated":true}]}}