{"id":110,"date":"2015-11-23T20:15:11","date_gmt":"2015-11-23T18:15:11","guid":{"rendered":"https:\/\/muraste.ee\/vana\/?page_id=110"},"modified":"2023-09-25T16:57:31","modified_gmt":"2023-09-25T13:57:31","slug":"astu-kulaseltsi-liikmeks","status":"publish","type":"page","link":"https:\/\/muraste.ee\/vana\/?page_id=110","title":{"rendered":"Astu k\u00fclaseltsi liikmeks"},"content":{"rendered":"<h2>Hea Muraste elanik!<\/h2>\n<p>Liitu Muraste k\u00fclaseltsiga, sest ainult nii saad k\u00f5ige paremini kaasa r\u00e4\u00e4kida oma kodukandi asjades.<\/p>\n<p>Liikmena saad igap\u00e4evast infot Murastes ja Harku vallas toimuva kohta. Muraste k\u00fclaselts esindab Harku vallavalitsuses Muraste piirkonda, olles oluliseks koost\u00f6\u00f6partneriks valla ametnikele.<\/p>\n<p>Liikmeks saamiseks tutvu palun reeglitega, seej\u00e4rel palume t\u00e4ita alltoodud avalduse, misj\u00e4rel teavitame teid liikmeks vastuv\u00f5tmisest. Seej\u00e4rel palume Teil tasuda liikmemaksu (10.- eurot aastas) MT\u00dc Muraste K\u00fclaseltsi EE707700771008624144 LHV pangas m\u00e4rkida ees- ja perekonnanime (kui maaksad kellegi\u00a0 teise eest) ning selgituse, et tegu on liikmemaksuga.<\/p>\n<h2><\/h2>\n<h2><strong>Liikmeks astumise avaldus<\/strong><\/h2>\n<h4>Soovin astuda Muraste k\u00fclaseltsi liikmeks. Enda kohta avaldan j\u00e4rgmised andmed:<\/h4>\n<div class=\"wpcf7 no-js\" id=\"wpcf7-f203-o1\" lang=\"en-US\" dir=\"ltr\">\n<div class=\"screen-reader-response\"><p role=\"status\" aria-live=\"polite\" aria-atomic=\"true\"><\/p> <ul><\/ul><\/div>\n<form action=\"\/vana\/index.php?rest_route=%2Fwp%2Fv2%2Fpages%2F110#wpcf7-f203-o1\" method=\"post\" class=\"wpcf7-form init\" aria-label=\"Contact form\" novalidate=\"novalidate\" data-status=\"init\">\n<div style=\"display: none;\">\n<input type=\"hidden\" name=\"_wpcf7\" value=\"203\" \/>\n<input type=\"hidden\" name=\"_wpcf7_version\" value=\"5.7.2\" \/>\n<input type=\"hidden\" name=\"_wpcf7_locale\" value=\"en_US\" \/>\n<input type=\"hidden\" name=\"_wpcf7_unit_tag\" value=\"wpcf7-f203-o1\" \/>\n<input type=\"hidden\" name=\"_wpcf7_container_post\" value=\"0\" \/>\n<input type=\"hidden\" name=\"_wpcf7_posted_data_hash\" value=\"\" \/>\n<\/div>\n<p><strong>Nimi<\/strong>\n<\/p>\n<p><span class=\"wpcf7-form-control-wrap\" data-name=\"nimi\"><input size=\"40\" class=\"wpcf7-form-control wpcf7-text wpcf7-validates-as-required\" aria-required=\"true\" aria-invalid=\"false\" value=\"\" type=\"text\" name=\"nimi\" \/><\/span>\n<\/p>\n<p><strong>E-post<\/strong>\n<\/p>\n<p><span class=\"wpcf7-form-control-wrap\" data-name=\"email\"><input size=\"40\" class=\"wpcf7-form-control wpcf7-text wpcf7-email wpcf7-validates-as-required wpcf7-validates-as-email\" aria-required=\"true\" aria-invalid=\"false\" value=\"\" type=\"email\" name=\"email\" \/><\/span>\n<\/p>\n<p><strong>Aadress<\/strong>\n<\/p>\n<p><span class=\"wpcf7-form-control-wrap\" data-name=\"aadress\"><input size=\"40\" class=\"wpcf7-form-control wpcf7-text wpcf7-validates-as-required\" aria-required=\"true\" aria-invalid=\"false\" value=\"\" type=\"text\" name=\"aadress\" \/><\/span>\n<\/p>\n<p><strong>Telefon<\/strong>\n<\/p>\n<p><span class=\"wpcf7-form-control-wrap\" data-name=\"telefon\"><input size=\"40\" class=\"wpcf7-form-control wpcf7-text wpcf7-tel wpcf7-validates-as-required wpcf7-validates-as-tel\" aria-required=\"true\" aria-invalid=\"false\" value=\"\" type=\"tel\" name=\"telefon\" \/><\/span>\n<\/p>\n<p><strong>Lisainfo<\/strong>\n<\/p>\n<p><span class=\"wpcf7-form-control-wrap\" data-name=\"lisainfo\"><textarea cols=\"40\" rows=\"10\" class=\"wpcf7-form-control wpcf7-textarea\" aria-invalid=\"false\" name=\"lisainfo\"><\/textarea><\/span>\n<\/p>\n<p><input class=\"wpcf7-form-control has-spinner wpcf7-submit\" type=\"submit\" value=\"Saada\" \/>\n<\/p><div class=\"wpcf7-response-output\" aria-hidden=\"true\"><\/div><\/form><\/div>\n<h2 class=\"title\"><\/h2>\n","protected":false},"excerpt":{"rendered":"<p>Hea Muraste elanik! Liitu Muraste k\u00fclaseltsiga, sest ainult nii saad k\u00f5ige paremini kaasa r\u00e4\u00e4kida oma kodukandi asjades. Liikmena saad igap\u00e4evast infot Murastes ja Harku vallas toimuva kohta. Muraste k\u00fclaselts esindab Harku vallavalitsuses Muraste piirkonda, olles oluliseks koost\u00f6\u00f6partneriks valla ametnikele. Liikmeks saamiseks tutvu palun reeglitega, seej\u00e4rel palume t\u00e4ita alltoodud avalduse, misj\u00e4rel teavitame teid liikmeks vastuv\u00f5tmisest. Seej\u00e4rel<a class=\"moretag\" href=\"https:\/\/muraste.ee\/vana\/?page_id=110\"><br \/>&#8230;Loe edasi<\/a><\/p>\n","protected":false},"author":1,"featured_media":0,"parent":0,"menu_order":0,"comment_status":"closed","ping_status":"closed","template":"page-templates\/full-width.php","meta":{"_bbp_topic_count":0,"_bbp_reply_count":0,"_bbp_total_topic_count":0,"_bbp_total_reply_count":0,"_bbp_voice_count":0,"_bbp_anonymous_reply_count":0,"_bbp_topic_count_hidden":0,"_bbp_reply_count_hidden":0,"_bbp_forum_subforum_count":0,"_mc_calendar":[]},"_links":{"self":[{"href":"https:\/\/muraste.ee\/vana\/index.php?rest_route=\/wp\/v2\/pages\/110"}],"collection":[{"href":"https:\/\/muraste.ee\/vana\/index.php?rest_route=\/wp\/v2\/pages"}],"about":[{"href":"https:\/\/muraste.ee\/vana\/index.php?rest_route=\/wp\/v2\/types\/page"}],"author":[{"embeddable":true,"href":"https:\/\/muraste.ee\/vana\/index.php?rest_route=\/wp\/v2\/users\/1"}],"replies":[{"embeddable":true,"href":"https:\/\/muraste.ee\/vana\/index.php?rest_route=%2Fwp%2Fv2%2Fcomments&post=110"}],"version-history":[{"count":11,"href":"https:\/\/muraste.ee\/vana\/index.php?rest_route=\/wp\/v2\/pages\/110\/revisions"}],"predecessor-version":[{"id":10072,"href":"https:\/\/muraste.ee\/vana\/index.php?rest_route=\/wp\/v2\/pages\/110\/revisions\/10072"}],"wp:attachment":[{"href":"https:\/\/muraste.ee\/vana\/index.php?rest_route=%2Fwp%2Fv2%2Fmedia&parent=110"}],"curies":[{"name":"wp","href":"https:\/\/api.w.org\/{rel}","templated":true}]}}