{"id":113,"date":"2015-11-23T20:15:38","date_gmt":"2015-11-23T18:15:38","guid":{"rendered":"https:\/\/muraste.ee\/vana\/?page_id=113"},"modified":"2019-03-24T22:14:19","modified_gmt":"2019-03-24T20:14:19","slug":"koostoo","status":"publish","type":"page","link":"https:\/\/muraste.ee\/vana\/?page_id=113","title":{"rendered":"Koost\u00f6\u00f6"},"content":{"rendered":"<p><strong>Kutse Harku valla vaba\u00fchenduste \u00fcmarlaua kokkusaamisele.<\/strong><\/p>\n<p><a href=\"https:\/\/muraste.ee\/vana\/wp-content\/uploads\/2015\/11\/s\u00f6\u00f6k1.jpg\" rel=\"attachment wp-att-3979\"><img decoding=\"async\" loading=\"lazy\" class=\"alignnone size-thumbnail wp-image-3979 alignleft\" src=\"https:\/\/muraste.ee\/vana\/wp-content\/uploads\/2015\/11\/s\u00f6\u00f6k1-150x150.jpg\" alt=\"s\u00f6\u00f6k1\" width=\"150\" height=\"150\" \/><\/a><\/p>\n<p>Seekord saame kokku Muraste kogukonnakeskuses (Lee tee 9, Muraste)<\/p>\n<p>Kohtumisaeg <strong>8. aprill 2019<\/strong><b>, algus 18:00<\/b><\/p>\n<p>Palume anda \u00a0<b>m\u00e4rku anda tagasisidena<\/b>, kas ja kes osalevad: saame paremini kohtumist ette valmistada.\u00a0Kui keegi soovib oma teemat lisada, siis palume tagasisidet ka selle kohta &#8211; proovime ajagraafikut mugandada!<\/p>\n<p><strong><br \/>\nP\u00e4evakorras:<br \/>\n<\/strong><\/p>\n<div>\n<div>\n<ol>\n<li><b>Teema<\/b>, mis palju k\u00f5neainet pakub ja mille osas v\u00f5iksime k\u00fcladena kaasa m\u00f5elda, oleks <strong>J\u00e4\u00e4tmemajandus.<\/strong><\/li>\n<\/ol>\n<\/div>\n<div>\n<ul>\n<li>Vaataks kiire \u00fclevaatena, millist r\u00e4\u00e4givad meile kehtivad <b>m\u00e4\u00e4rused ja seadused<\/b><\/li>\n<li>Tooks v\u00e4lja <b>reaaln\u00e4idetena<\/b> nii head kui ka mitte niiv\u00e4ga \u00f5nnestunud juhtumid, n\u00e4idete ja l\u00fchikirjelduste valguses (palun siis ette valmistada konkreetne(sed) juhtumid)<\/li>\n<li>Tooks arutellu k\u00fclade <b>ettepanekud<\/b> nii \u00fchismahutite ideedest kui ka motivatsiooniideed, kuidas sorteeritud j\u00e4\u00e4tmeringi suurendada, just k\u00fclade enda abiga.<\/li>\n<li><b>Kirumise<\/b> ringi ei taha, keskendume ideedele ja lahendustele, mis \u00fchisdokumendina edastada ka volikogu keskkonna- ja planeerimiskomisjonile.<\/li>\n<li><u>Prooviks <b>koondada<\/b> k\u00fcladest info esinduste k\u00e4tte, et see j\u00f5uaks \u00dcmarlauda juba filtreeritud infona (probleemistik, lahendused, n\u00e4ited, ideed)<\/u><\/li>\n<\/ul>\n<p><span style=\"color: #000000; font-family: Calibri, Helvetica, sans-serif;\">2. <b>Teemana<\/b> Kutsuks <b>k\u00fcladep\u00e4eva<\/b>\u00a0korraldusmeeskonda andma v\u00e4ikest \u00fclevaadet kuidas plaanid on edenenud ja kas on midagi p\u00f5nevat avada ka plaanide osas.<\/span><\/p>\n<\/div>\n<div><span style=\"color: #000000; font-family: Calibri, Helvetica, sans-serif;\">\u00a0<\/span><\/div>\n<div><\/div>\n<div>Andrus Saliste<br \/>\n\u00dcmarlaua koordinaator<br \/>\n5068602<\/div>\n<\/div>\n<p>&nbsp;<\/p>\n<p>&nbsp;<\/p>\n","protected":false},"excerpt":{"rendered":"<p>Kutse Harku valla vaba\u00fchenduste \u00fcmarlaua kokkusaamisele. Seekord saame kokku Muraste kogukonnakeskuses (Lee tee 9, Muraste) Kohtumisaeg 8. aprill 2019, algus 18:00 Palume anda \u00a0m\u00e4rku anda tagasisidena, kas ja kes osalevad: saame paremini kohtumist ette valmistada.\u00a0Kui keegi soovib oma teemat lisada, siis palume tagasisidet ka selle kohta &#8211; proovime ajagraafikut mugandada! P\u00e4evakorras: Teema, mis palju k\u00f5neainet<a class=\"moretag\" href=\"https:\/\/muraste.ee\/vana\/?page_id=113\"><br \/>&#8230;Loe edasi<\/a><\/p>\n","protected":false},"author":1,"featured_media":0,"parent":0,"menu_order":0,"comment_status":"closed","ping_status":"closed","template":"koostoo.php","meta":{"_bbp_topic_count":0,"_bbp_reply_count":0,"_bbp_total_topic_count":0,"_bbp_total_reply_count":0,"_bbp_voice_count":0,"_bbp_anonymous_reply_count":0,"_bbp_topic_count_hidden":0,"_bbp_reply_count_hidden":0,"_bbp_forum_subforum_count":0,"_mc_calendar":[]},"_links":{"self":[{"href":"https:\/\/muraste.ee\/vana\/index.php?rest_route=\/wp\/v2\/pages\/113"}],"collection":[{"href":"https:\/\/muraste.ee\/vana\/index.php?rest_route=\/wp\/v2\/pages"}],"about":[{"href":"https:\/\/muraste.ee\/vana\/index.php?rest_route=\/wp\/v2\/types\/page"}],"author":[{"embeddable":true,"href":"https:\/\/muraste.ee\/vana\/index.php?rest_route=\/wp\/v2\/users\/1"}],"replies":[{"embeddable":true,"href":"https:\/\/muraste.ee\/vana\/index.php?rest_route=%2Fwp%2Fv2%2Fcomments&post=113"}],"version-history":[{"count":51,"href":"https:\/\/muraste.ee\/vana\/index.php?rest_route=\/wp\/v2\/pages\/113\/revisions"}],"predecessor-version":[{"id":7029,"href":"https:\/\/muraste.ee\/vana\/index.php?rest_route=\/wp\/v2\/pages\/113\/revisions\/7029"}],"wp:attachment":[{"href":"https:\/\/muraste.ee\/vana\/index.php?rest_route=%2Fwp%2Fv2%2Fmedia&parent=113"}],"curies":[{"name":"wp","href":"https:\/\/api.w.org\/{rel}","templated":true}]}}