{"id":119,"date":"2015-11-23T20:16:00","date_gmt":"2015-11-23T18:16:00","guid":{"rendered":"https:\/\/muraste.ee\/vana\/?page_id=119"},"modified":"2019-05-31T12:16:58","modified_gmt":"2019-05-31T09:16:58","slug":"projektid","status":"publish","type":"page","link":"https:\/\/muraste.ee\/vana\/?page_id=119","title":{"rendered":"Projektid"},"content":{"rendered":"<p><strong><span style=\"color: #008000;\">Olulisemad projektid viimastel aastatel:<\/span><\/strong><\/p>\n<p><strong><img decoding=\"async\" loading=\"lazy\" class=\"alignright\" src=\"https:\/\/muraste.ee\/vana\/wp-content\/uploads\/2015\/11\/RM-KYSK_logo_reg_toetuseks-Vektor-suur_sygis2015-uus.jpg\" alt=\"\" width=\"205\" height=\"94\" \/><\/strong><\/p>\n<p><strong>&#8220;Muraste k\u00fcla(seltsi) 10 aastat&#8221;, <\/strong><em>KOP 2018 s\u00fcgisvoor, projektijuht Aule Kikas<\/em><\/p>\n<p>&#8220;<strong>Helitehnika Muraste kinosaali&#8221;<\/strong>, <em>Riigieelarveline erladis, toetus 10 000\u20ac, \u00a0projektijuht Aule Kikas, Evar Ojasaar<\/em><\/p>\n<p><em>&#8220;<\/em><strong>V\u00e4lj\u00f5upark Muraste kooli juurde&#8221;,<\/strong> <em>Riigieelarveline eraldis, toetus 7000\u20ac, projetijuht Aule Kikas<\/em><\/p>\n<p><strong>&#8220;EV100 \u2013 Eesti Vabariigi juubeliaastale p\u00fchendatud \u00f6\u00f6matk Murastes&#8221;,<\/strong> KOP 2017 s\u00fcgusvoor, toetus 1894\u20ac, omaosalus 246\u20ac, proketijuht Aule Kikas<\/p>\n<p><strong>&#8220;Turvaline Muraste&#8221;,<\/strong>\u00a0Riigieelarveline eraldis 5000\u20ac (kaamerad, turvagrupi varustus), projektijuht Evar Ojasaar, Aule Kikas<\/p>\n<p><strong>&#8220;Muraste valguspark&#8221;.<\/strong> KOP 2016 s\u00fcgisvoor, toetus 1974,71\u20ac; projektijuht Aule Kikas<\/p>\n<p><strong><a href=\"https:\/\/muraste.ee\/vana\/wp-content\/uploads\/2015\/11\/logo-leader-2014-est-horisontaal-varviline-1.jpg\" rel=\"attachment wp-att-3806\"><img decoding=\"async\" loading=\"lazy\" class=\"size-medium wp-image-3806 alignleft\" src=\"https:\/\/muraste.ee\/vana\/wp-content\/uploads\/2015\/11\/logo-leader-2014-est-horisontaal-varviline-1-300x96.jpg\" alt=\"logo-leader-2014-est-horisontaal-varviline (1)\" width=\"300\" height=\"96\" srcset=\"https:\/\/muraste.ee\/vana\/wp-content\/uploads\/2015\/11\/logo-leader-2014-est-horisontaal-varviline-1-300x96.jpg 300w, https:\/\/muraste.ee\/vana\/wp-content\/uploads\/2015\/11\/logo-leader-2014-est-horisontaal-varviline-1-768x246.jpg 768w, https:\/\/muraste.ee\/vana\/wp-content\/uploads\/2015\/11\/logo-leader-2014-est-horisontaal-varviline-1-1024x327.jpg 1024w, https:\/\/muraste.ee\/vana\/wp-content\/uploads\/2015\/11\/logo-leader-2014-est-horisontaal-varviline-1-624x200.jpg 624w, https:\/\/muraste.ee\/vana\/wp-content\/uploads\/2015\/11\/logo-leader-2014-est-horisontaal-varviline-1.jpg 1476w\" sizes=\"(max-width: 300px) 100vw, 300px\" \/><\/a>&#8220;Muraste rulapark&#8221;<\/strong>. Leader\/Pria 2016 s\u00fcgisvoor, toetus 79500\u20ac; projektijuhid Aule Kikas ja Katrin Krause.<br \/>\n<strong>Projekti kohta t\u00e4psemalt loe<\/strong> <span style=\"color: #ff0000;\"><strong><a style=\"color: #ff0000;\" href=\"https:\/\/muraste.ee\/vana\/?p=4390\" target=\"_blank\">SIIT<\/a><\/strong><\/span>.<\/p>\n<p><strong><br \/>\n&#8220;V\u00e4rske pilk tulevikku ehk Muraste k\u00fcla arengukava&#8221;<\/strong>. KOP 2016 kevadvoor, projektijuht Aule Kikas<\/p>\n<p><strong>&#8220;Helid kogukonnakeskusesse&#8221;<\/strong>, KOP 2015 kevadvoor, toetus 1989\u20ac, projektijuht Aule Kikas<\/p>\n<p><strong>&#8220;Meie Muraste&#8221;<\/strong>; KOP 2015 kevadvoor, toetus 1965 \u20ac, projektijuht Aule Kikas<\/p>\n<p><strong>&#8220;Kogukonna h\u00e4\u00e4l kajama&#8221;<\/strong>; KOP 2014 kevadvoor, toetus 1965 \u20ac, projektijuht Aule Kikas<\/p>\n<p><strong>&#8220;S\u00e4rts ja rattad&#8221;<\/strong>, KOP 2014 kevadvoor, toetus 1951\u20ac, projeketijuht Aule Kikas<\/p>\n<p>\u201e<strong>Muraste liikumisklubi\u201c<\/strong>; KOP 2013 kevadvoor, toetus 1440 \u20ac, projektijuht Anneli Habicht;<\/p>\n<p><strong>\u201eMuraste k\u00fcla helitehnika soetamine\u201c<\/strong>; KOP 2013 kevadvoor, toetus 1388,99\u20ac, projektijuht Katrin Krause;<\/p>\n<p><strong>\u201eMuraste kuuldavaks ja n\u00e4htavaks\u201c<\/strong>, KOP 2013 s\u00fcgisvoor, toetus 1458\u20ac, projektijuht Aule Kikas.<\/p>\n<p><strong>\u201eMuraste tervisekompleks\u201c<\/strong> ; kogu eelarve: 37687 eurot; rahastajad: PRIA\u00a0\u00a0 26380,90 ja MT\u00dc\/Harku vald\u00a0 11306,10; kestvus: 2011-\u00a0 2013; projektijuht: Andrus Saliste<\/p>\n<p><strong>\u201eMuraste k\u00fcla puhkeplats\u201c<\/strong> (Pankranniku m\u00e4nguv\u00e4ljaku I ja II etapp); eelarve: 52\u00a0831 eurot; rahastaja: LEADER Nelja Valla Kogu (PRIA) (90%)\u00a0 ja Harku vald (10%); kestvus: 01.09.2011 \u2013 30.08.2012; projektijuht: Katrin Krause<\/p>\n<p><strong>\u00a0\u201e\u00dcks tekk, viis lugu\u201c<\/strong>; eelarve 14\u00a0202 krooni; rahastaja PRIA 12 782.- ja Harku vald 1 420.-, projektijuht Aule Kikas.<\/p>\n<p><strong>\u201eJuured maas \u2013 latv taevas\u201c;<\/strong> eelarve: 14\u00a0443.45 krooni; rahastaja: K\u00dcSK (12\u00a0999.10 krooni) ja Harku vald (1444.35 \u20ac); kestvus: 01.05.2011 \u2013 30.04.2012; projektijuht: Aule Kikas<\/p>\n<p>&nbsp;<\/p>\n<p>&nbsp;<\/p>\n<p>&nbsp;<\/p>\n<p>&nbsp;<\/p>\n<p>&nbsp;<\/p>\n<p>&nbsp;<\/p>\n","protected":false},"excerpt":{"rendered":"<p>Olulisemad projektid viimastel aastatel: &#8220;Muraste k\u00fcla(seltsi) 10 aastat&#8221;, KOP 2018 s\u00fcgisvoor, projektijuht Aule Kikas &#8220;Helitehnika Muraste kinosaali&#8221;, Riigieelarveline erladis, toetus 10 000\u20ac, \u00a0projektijuht Aule Kikas, Evar Ojasaar &#8220;V\u00e4lj\u00f5upark Muraste kooli juurde&#8221;, Riigieelarveline eraldis, toetus 7000\u20ac, projetijuht Aule Kikas &#8220;EV100 \u2013 Eesti Vabariigi juubeliaastale p\u00fchendatud \u00f6\u00f6matk Murastes&#8221;, KOP 2017 s\u00fcgusvoor, toetus 1894\u20ac, omaosalus 246\u20ac, proketijuht Aule<a class=\"moretag\" href=\"https:\/\/muraste.ee\/vana\/?page_id=119\"><br \/>&#8230;Loe edasi<\/a><\/p>\n","protected":false},"author":1,"featured_media":0,"parent":0,"menu_order":0,"comment_status":"closed","ping_status":"closed","template":"page-templates\/full-width.php","meta":{"_bbp_topic_count":0,"_bbp_reply_count":0,"_bbp_total_topic_count":0,"_bbp_total_reply_count":0,"_bbp_voice_count":0,"_bbp_anonymous_reply_count":0,"_bbp_topic_count_hidden":0,"_bbp_reply_count_hidden":0,"_bbp_forum_subforum_count":0,"_mc_calendar":[]},"_links":{"self":[{"href":"https:\/\/muraste.ee\/vana\/index.php?rest_route=\/wp\/v2\/pages\/119"}],"collection":[{"href":"https:\/\/muraste.ee\/vana\/index.php?rest_route=\/wp\/v2\/pages"}],"about":[{"href":"https:\/\/muraste.ee\/vana\/index.php?rest_route=\/wp\/v2\/types\/page"}],"author":[{"embeddable":true,"href":"https:\/\/muraste.ee\/vana\/index.php?rest_route=\/wp\/v2\/users\/1"}],"replies":[{"embeddable":true,"href":"https:\/\/muraste.ee\/vana\/index.php?rest_route=%2Fwp%2Fv2%2Fcomments&post=119"}],"version-history":[{"count":22,"href":"https:\/\/muraste.ee\/vana\/index.php?rest_route=\/wp\/v2\/pages\/119\/revisions"}],"predecessor-version":[{"id":7279,"href":"https:\/\/muraste.ee\/vana\/index.php?rest_route=\/wp\/v2\/pages\/119\/revisions\/7279"}],"wp:attachment":[{"href":"https:\/\/muraste.ee\/vana\/index.php?rest_route=%2Fwp%2Fv2%2Fmedia&parent=119"}],"curies":[{"name":"wp","href":"https:\/\/api.w.org\/{rel}","templated":true}]}}