{"id":1191,"date":"2016-04-04T14:29:46","date_gmt":"2016-04-04T11:29:46","guid":{"rendered":"https:\/\/muraste.ee\/vana\/?page_id=1191"},"modified":"2016-08-16T14:06:24","modified_gmt":"2016-08-16T11:06:24","slug":"nadal-13","status":"publish","type":"page","link":"https:\/\/muraste.ee\/vana\/?page_id=1191","title":{"rendered":"N\u00e4dal 13"},"content":{"rendered":"<p style=\"text-align: center;\"><strong>N\u00c4DAL13 MURASTES<\/strong><br \/>\n(28.m\u00e4rts &#8211; 3. aprill)<br \/>\n<strong>ehk tegevused Muraste koolimajas, kogukonnakeskuses, spordihoones<\/strong>,<br \/>\n(SP spordisaal, KO kogukonnakeskuse ruum, AT aatrium, KL klassiruum)<\/p>\n<p><strong>Esmasp\u00e4ev 28. m\u00e4rts &#8211; 2. \u00fclest\u00f5usmisp\u00fcha<\/strong><br \/>\nkl 14-17 SP, Judoklubi AITADO<br \/>\nkl 17-18 SP, K\u00e4sipalliklubi HC Tallinn (tel 5510440)<br \/>\nkl 16.30 KL, Beebikool (Kristi Baumann, 5658959) &#8211; uued p\u00f5nnid on ikka oodatud!<br \/>\nkl 16-17.30 KO, Klaveritunnid lastele, juhendab Katrin J\u00e4rvlepp (katrinjarvlepp362@gmail.com) (grupp komplekteeritud).<br \/>\nkl 20 Zumba!<\/p>\n<p><strong>Teisip\u00e4ev 29. m\u00e4rts<\/strong><br \/>\nkl 14.00-15.30 SP, Tabasalu Palliklubi (tel 5136060)<br \/>\nKl 16-17 SP, Harju Jalgpallikool<br \/>\nkl 14.30 KO, Fa Stuudio (fl\u00f6\u00f6diring lastele)<br \/>\nkl 18 KL, Inglise keele vestlusring, juhendab James Gill. K\u00f5ik uued osalejad-keelehuvilised on oodatud!<br \/>\nkl 18 KL, Inglise keele kursus uuesti alustajatele (NB! paaril huvilisel on veel v\u00f5imalus liituda \u00e4sja alustanud grupiga!).<br \/>\nkl 18.30-19.45 AT, UUS! 22.m\u00e4rts &#8211; 10.mai &#8211; Seltskonnatantsu j\u00e4tkukursus. Vt lisatud kuulutust!<br \/>\nkl 18.30-19.45 AT, UUS! 17.mai- 14.juuni &#8211; Seltskonnatantsu algajate intensiivkursus, Vt listatud kuulutust!<br \/>\nkl 19.45 AT, Seltskonnatantsude harjutustund -v\u00f5imalus \u00f5pitut kinnistada ja toredas seltskonnas jalga keerutada. Osalus 5 \u20ac\/in<br \/>\nkl 19 SP, V\u00f5rkpall mehed\/naised.<br \/>\nkl 19 KO, Suvealguse lennuka perep\u00e4eva korraldustoimkonna koosolek<\/p>\n<p><strong>Kolmap\u00e4ev 30. m\u00e4rts<\/strong><br \/>\nkl 14-17 SP, Judoklubi AITADO<br \/>\nKl 17-18 SP, K\u00e4sipalliklubi HC Tallinn (tel 5510440)<br \/>\nkl 18.45 AT, Kundalini jooga<br \/>\nkl 19 SP, Korvpall meestele (NB! ruumi jagub ikka uutele m\u00e4ngijatele!)<\/p>\n<p><strong>Neljap\u00e4ev 31. m\u00e4rts<\/strong><br \/>\nkl.14.15-15.30 SP, Tabasalu Palliklubi (tel 5136060)<br \/>\nkl 15-16 T\u00fcdrukute klubi<br \/>\nkl 16-17 SP, Harju Jalgpallikool<br \/>\nkl 17- 18.30 SP, Tabasalu Jalgpalliklubi<br \/>\nkl 18.30 SP, Korvpall naistele! (NB! ruumi jagub ikka uutele m\u00e4ngijatele!)<br \/>\nkl 20 SP, Zumba<br \/>\nkl 20 AT, UUS! Kodune filmi\u00f5htu: &#8220;Ema&#8221;.<\/p>\n<p><strong>Reede, 1. aprill<\/strong><br \/>\nkl 10.11, Panga Muraste filiaali avamine. Pressikonverents ja teenuste tutvustamine.<br \/>\nkl 14.30-15.30 SP, K\u00e4sipalliklubi HC Tallinn (tel 5510440)<br \/>\nkl 15.30 SP, UUS! Seenioride v\u00f5imlemine. Juhendab Anne Kaar (vt lisatud kuulutus). Soojade ilmade saabumisega on meie kandi rahvale loodud t\u00e4iendav v\u00f5imalus energiast pakatava treeneri juhendamisel v\u00f5imelda end kevadesse! Ega\u00b4s peagi olema seenior &#8211; v\u00f5imlemine\/liigutamine sobib k\u00f5igile! Saagem osa m\u00f5nusast liikumisest!<br \/>\nkl 12.50-13.15 KL, V\u00e4ikekandle ring lastele. Juhendab Katrin J\u00e4rvlepp (lisainfo katrinjarvlepp362@gmail.com)<br \/>\nkl 17.11 Kohtumine valitsuse esindajatega vabamajaduspiirkonna loomise teemadel<br \/>\nkl 13.15-14.45 KL, Klaveritunnid lastele. Juhendab Katrin J\u00e4rvlepp (lisainfo katrinjarvlepp362@gmail.com)<br \/>\nkl 19.11 Fotoateljee avamine ja k\u00fclaelanike \u00fchispilldi tegemine. T\u00e4psem info avamisp\u00e4eval.<br \/>\nkl 19 Suurupi naiskoor Meretule s\u00fcnnip\u00e4evakontsert V\u00e4\u00e4na tall-t\u00f5llakuuris! Oleme k\u00f5ik oodatud!<\/p>\n<p><strong>Laup\u00e4ev, 2. aprill<\/strong><br \/>\nkl 15 SP, S\u00f5pruskohtumine v\u00f5rkpallis: Muraste v\u00f5rkpallurid v\u00f5\u00f5rustavad vapraid pallureid \u00fcle kogu valla! Kindlalt on tulemas v\u00f5imsad vastased Alasniidult ja T\u00fcrisalust, v\u00f5istkondade nimekiri on j\u00e4tkuvalt avatud! V\u00f5itjatele soe k\u00e4epigustus ning ohtralt au ja kuulsust! Rohkem infot: Kalle Joost 56251043<\/p>\n<p><strong>P\u00fchap\u00e4ev, 3 . aprill<\/strong><br \/>\nkl 16.30 AT, Ladina-Ameerika seltskonnatantsud (salsa, bachata, cha-cha jne). Juhendab Pirje Laagus. Info 56614471)<\/p>\n<p><strong>Iga p\u00e4ev:<\/strong><br \/>\n&#8211; UUS! Kogukonnakeskuses avatud massaa\u017eikamber (klassikaline \u00fcldmassaa\u017e). Info ja registreerumine: Aile Kaljola, 56456432, kaljolaaile@gmail.com<\/p>\n<p><strong>Tulekul:<\/strong><br \/>\n&#8211; UUS! 7.aprillil Muraste kodune filmi\u00f5htu: &#8220;Perekonnavaled&#8221;;<br \/>\n&#8211; UUS! 12. aprillil k\u00e4sit\u00f6\u00f6tuba: sel kevadel heegeldame koos \u00dclle Kruusojaga!<br \/>\n&#8211; UUS! 7. mail Teeme \u00c4ra! talgup\u00e4ev Murastes! J\u00e4lgi reklaami!<br \/>\n&#8211; UUS! Algava n\u00e4dala l\u00f5puks\/uue n\u00e4dala alguseks j\u00f5uab postkastidesse &#8220;Meie Muraste&#8221; uus number; lisaks on toimetamisel &#8220;Meie Muraste&#8221; omak\u00fcla ettev\u00f5tjate- erinumber! Oodatud reklaamid, oma ettev\u00f5tte tegemisi tutvustavad artiklid jne hiljemalt 20. aprilliks! Ettev\u00f5tjad, olge aktiivsed ja n\u00e4htavad!<\/p>\n<p><strong>H\u00f5iked:<\/strong><br \/>\n&#8211; Muraste k\u00fclas Lee elamukvartali detailplaneeringu avalik v\u00e4ljapanek toimus 13.02.201 kuni 13.03.2016. Avaliku v\u00e4ljapaneku ajal esitati detailplaneeringule 2 ettepanekut ja vastuv\u00e4idet. Sellest tulenevalt annab Harku vallavalitsus teada, et 07. aprillil 2016 algusega kell 17.00 toimub Harku Vallavalitsuses (Kallaste tn 12, Tabasalu alevik) Muraste k\u00fcla Lee elamukvartali detailplaneeringu avalikustamise j\u00e4rgne avalik arutelu. Huvilised, olete palutud osalema!<\/p>\n<p>&#8211; Ootame vabatahtlikke! Muraste k\u00fclaseltsi juhatus kutsub abilisi kogukonnale suunatud erinevate tegevuste ettevalmistamiseks ja l\u00e4biviimiseks. Ole hea, astu sulle sobival ajal kogukonnakeskusest l\u00e4bi kas oma ideega v\u00f5i leia meie tegevus- ja ideedekavast omale meelep\u00e4rane \u00fcritus, mille kordaminekule saad olla toeks. Koos teeme rohkem ja paremini! Palun, k\u00f5ik abik\u00e4ed on teretulnud! Suur t\u00e4nu k\u00f5igile, kes on juba oma soovidest ja v\u00f5imalustest teada andnud!<\/p>\n<p>Teadmiseks: Muraste e- infokirjaga liitumiseks anna endast teada kogukonnakeskus@muraste.ee<\/p>\n<p>T\u00e4psustused ja info: kogukonnakeskus@muraste.ee; 5253128 (Aule Kikas) v\u00f5i flaieritel olevatel kontaktidel.<\/p>\n<p>Kogukonnakeskus avatud E-N 10-18, R 10-16; \u00f5htustel aegadel ja n\u00e4dalavahetustel vt ajaplaani.<\/p>\n","protected":false},"excerpt":{"rendered":"<p>N\u00c4DAL13 MURASTES (28.m\u00e4rts &#8211; 3. aprill) ehk tegevused Muraste koolimajas, kogukonnakeskuses, spordihoones, (SP spordisaal, KO kogukonnakeskuse ruum, AT aatrium, KL klassiruum) Esmasp\u00e4ev 28. m\u00e4rts &#8211; 2. \u00fclest\u00f5usmisp\u00fcha kl 14-17 SP, Judoklubi AITADO kl 17-18 SP, K\u00e4sipalliklubi HC Tallinn (tel 5510440) kl 16.30 KL, Beebikool (Kristi Baumann, 5658959) &#8211; uued p\u00f5nnid on ikka oodatud! kl 16-17.30<a class=\"moretag\" href=\"https:\/\/muraste.ee\/vana\/?page_id=1191\"><br \/>&#8230;Loe edasi<\/a><\/p>\n","protected":false},"author":2,"featured_media":0,"parent":0,"menu_order":0,"comment_status":"closed","ping_status":"closed","template":"nadalakava.php","meta":{"_bbp_topic_count":0,"_bbp_reply_count":0,"_bbp_total_topic_count":0,"_bbp_total_reply_count":0,"_bbp_voice_count":0,"_bbp_anonymous_reply_count":0,"_bbp_topic_count_hidden":0,"_bbp_reply_count_hidden":0,"_bbp_forum_subforum_count":0,"_mc_calendar":[]},"_links":{"self":[{"href":"https:\/\/muraste.ee\/vana\/index.php?rest_route=\/wp\/v2\/pages\/1191"}],"collection":[{"href":"https:\/\/muraste.ee\/vana\/index.php?rest_route=\/wp\/v2\/pages"}],"about":[{"href":"https:\/\/muraste.ee\/vana\/index.php?rest_route=\/wp\/v2\/types\/page"}],"author":[{"embeddable":true,"href":"https:\/\/muraste.ee\/vana\/index.php?rest_route=\/wp\/v2\/users\/2"}],"replies":[{"embeddable":true,"href":"https:\/\/muraste.ee\/vana\/index.php?rest_route=%2Fwp%2Fv2%2Fcomments&post=1191"}],"version-history":[{"count":5,"href":"https:\/\/muraste.ee\/vana\/index.php?rest_route=\/wp\/v2\/pages\/1191\/revisions"}],"predecessor-version":[{"id":2188,"href":"https:\/\/muraste.ee\/vana\/index.php?rest_route=\/wp\/v2\/pages\/1191\/revisions\/2188"}],"wp:attachment":[{"href":"https:\/\/muraste.ee\/vana\/index.php?rest_route=%2Fwp%2Fv2%2Fmedia&parent=1191"}],"curies":[{"name":"wp","href":"https:\/\/api.w.org\/{rel}","templated":true}]}}