{"id":1217,"date":"2016-04-04T19:04:37","date_gmt":"2016-04-04T16:04:37","guid":{"rendered":"https:\/\/muraste.ee\/vana\/?page_id=1217"},"modified":"2016-04-04T19:05:42","modified_gmt":"2016-04-04T16:05:42","slug":"nadal-11","status":"publish","type":"page","link":"https:\/\/muraste.ee\/vana\/?page_id=1217","title":{"rendered":"N\u00e4dal 11"},"content":{"rendered":"<p><strong>N\u00c4DAL11 MURASTES<\/strong> ehk tegevused Muraste koolimajas, kogukonnakeskuses, spordihoones,<br \/>\n(SP spordisaal, KO kogukonnakeskuse ruum, AT aatrium, KL klassiruum)<\/p>\n<p><u><strong>Esmasp\u00e4ev 14. m\u00e4rts &#8211; emakeelep\u00e4ev!<\/strong><\/u><br \/>\nkl 14-17 SP,\u00a0Judoklubi AITADO<br \/>\nkl 17-18 SP, K\u00e4sipalliklubi HC Tallinn (tel 5510440)<br \/>\nkl 16.30 KL, Beebikool (Kristi Baumann, 5658959) &#8211; uued p\u00f5nnid on ikka oodatud!<br \/>\nkl 16-17.30 KO, Klaveritunnid lastele, juhendab Katrin J\u00e4rvlepp (<a href=\"mailto:katrinjarvlepp362@gmail.com\" target=\"_blank\">katrinjarvlepp362@gmail.com<\/a>) (grupp komplekteeritud).<br \/>\nkl 19 AT, Naiskoor &#8220;Meretule&#8221;. J\u00e4tkuvalt v\u00f5imalus liituda toreda laulurahvaga: kui k\u00f5hkled, tule kindlasti!<br \/>\nkl 20 SP, Zumba<br \/>\nNB! Kandletunnid j\u00e4\u00e4vad sel n\u00e4dalal \u00a0\u00e4ra seoses juhandaja haigestumisega.<\/p>\n<p><u><strong>Teisip\u00e4ev 15. m\u00e4rts\u00a0<\/strong><\/u><br \/>\nkl 14.00-15.30 SP, Tabasalu Palliklubi (tel 5136060)<br \/>\nKl 16-17 SP, Harju Jalgpallikool<br \/>\nKl 18-19 SP, Sulgpall (klubi liikmed)<br \/>\nkl 14.30 KO, Fa Stuudio (fl\u00f6\u00f6diring lastele)<br \/>\nkl 16.30-17.30 AT, <strong>UUS!<\/strong> Alates 15. m\u00e4rtsist \u00a0Revalia tanstsukooli v\u00f5istlustantsuring lastele. Juhendab Helen Klandorf-Sadam (vt kuulutust)<br \/>\nkl 18 KL, Inglise keele vestlusring, juhendab James Gill. K\u00f5ik uued osalejad-keelehuvilised on oodatud!<br \/>\nkl 18 KL, \u00a0Inglise keele kursus\u00a0uuesti alustajatele (grupp on komplekteeritud).<br \/>\nkl 18.30-19.45 AT, Seltskonnatantsu algajate kursus<br \/>\nkl 18.30-19.45 AT, <strong>UUS! <\/strong>\u00a022.m\u00e4rts &#8211; 10.mai &#8211; Seltskonnatantsu j\u00e4tkukursus. Vt lisatud kuulutust!<br \/>\nkl 18.30-19.45 AT, <strong>UUS! <\/strong>\u00a017.mai- 14.juuni &#8211;\u00a0\u00a0Seltskonnatantsu algajate intensiivkursus, Vt listatud kuulutust!<br \/>\nkl 19.45 AT, Seltskonnatantsude harjutustund -v\u00f5imalus \u00f5pitut kinnistada ja toredas seltskonnas jalga keerutada. Osalus 5 \u20ac\/in<br \/>\nkl 19 SP, V\u00f5rkpall mehed\/naised.<br \/>\n<span style=\"color: #0000ff;\"><strong>\u00a0<\/strong><\/span><br \/>\n&#8211; MT\u00dc Nelja Valla Kogu ja HEAK kutsuvad Teid Harku valla vaba\u00fchenduste teabep\u00e4evale 1<strong>5. m\u00e4rtsil 2016 kell 15.30-18.15 Muraste Kogukonnakeskusesse<\/strong>, Lee tee 9 (sissep\u00e4\u00e4s spordisaali poolsest uksest). Teema \u201eKuidas kirjutada head projekti ja leida sellele toetajaid\u201c. P\u00e4evakavas: Tutvume projektide (KOP; K\u00dcSK, LEADER) rahastamisv\u00f5imalustega; Kordame \u00fcle projektikirjutamise ABC; R\u00e4\u00e4gime vaba\u00fchenduste n\u00f5ustamisv\u00f5imalustest piirkonnas;<br \/>\nPeame plaani j\u00e4rgmise infop\u00e4eva teema osas. Fonde ja meetmeid tutvustavad ning teabep\u00e4eva korraldavad: Annika J\u00f5ks, MT\u00dc Nelja Valla Kogu tegevjuht ja Maret Lepiksaar, HEAK MT\u00dc-de konsultant.<br \/>\nRegistreerumine kuni <span class=\"il\">11<\/span>. m\u00e4rts e-post <a href=\"mailto:info@4kogu.ee\" target=\"_blank\">info@4kogu.ee<\/a><\/p>\n<p><u><strong>Kolmap\u00e4ev 16. m\u00e4rts\u00a0<\/strong><\/u><br \/>\nkl 14-17 SP, Judoklubi AITADO<br \/>\nKl 17-18 SP, K\u00e4sipalliklubi HC Tallinn (tel 5510440)<br \/>\nkl 18.45 AT, Kundalini jooga<br \/>\nkl 19 SP, Korvpall meestele (ruumi jagub ikka uutele m\u00e4ngijatele!)<\/p>\n<p><strong>K\u00e4sit\u00f6\u00f6toa-eri! Kolmap\u00e4eval, 16. m\u00e4rtsil s\u00f5idame Kumna Kultuuriaita \u00f5ppimatiffany-tehnikas vitraa\u017ei. \u00a0Algus kell 18 (kestvus\u00a0ca 4h). Juhendab Kaja Rasmann. Osalustasu 18 \u20ac.\u00a0Vajalik registreerumine hiljemalt 15. m\u00e4rtsil<a href=\"mailto:kogukonnakeskus@muraste.ee\" target=\"_blank\">kogukonnakeskus@muraste.ee<\/a> v\u00f5i 5253128.\u00a0<\/strong><\/p>\n<p><strong><u>Neljap\u00e4ev 17. m\u00e4rts<\/u><\/strong><br \/>\nkl.14.15-15.30 SP, Tabasalu Palliklubi (tel 5136060)<br \/>\nkl 16-17 SP, Harju Jalgpallikool<br \/>\nkl 16.30-17.30 AT, <strong>UUS! <\/strong>Alates 15. m\u00e4rtsist Revalia tantsukooli v\u00f5istlustantsuring lastele. Juhendab Helen Klandorf-Sadam (vt kuulutust).<br \/>\nkl 17- 18.30 SP, Tabasalu Jalgpalliklubi<br \/>\nkl 18.30 SP, Korvpall naistele! (ruumi jagub ikka uutele m\u00e4ngijatele!)<br \/>\nkl 20 SP, Zumba<br \/>\nkl 19 KL, ATH-laste vanemate\u00a0tugigrupp.\u00a0Juhendaja: \u00d5nne Aas-Udam. Grupp on komplekteeritud (t\u00e4psem info: <a href=\"mailto:onneaas.udam@gmail.com\" target=\"_blank\">onneaas.udam@gmail.com<\/a>)<\/p>\n<p><u><strong>Reede, 18.\u00a0m\u00e4rts<\/strong><\/u><br \/>\nKl 14.30-15.30 SP, K\u00e4sipalliklubi HC Tallinn (tel 5510440)<br \/>\nkl 12.50-13.15 KL, V\u00e4ikekandle ring lastele. Juhendab Katrin J\u00e4rvlepp (lisainfo<a href=\"mailto:katrinjarvlepp362@gmail.com\" target=\"_blank\">katrinjarvlepp362@gmail.com<\/a>)<br \/>\nkl 13.15-14.45 KL, Klaveritunnid lastele. Juhendab Katrin J\u00e4rvlepp (lisainfo<a href=\"mailto:katrinjarvlepp362@gmail.com\" target=\"_blank\">katrinjarvlepp362@gmail.com<\/a>)<\/p>\n<p><strong><u>P\u00fchap\u00e4ev, 20 m\u00e4rts<\/u><\/strong><br \/>\nkl <span class=\"il\">11<\/span> SP Mudelistide lennutund (klubi liikmed, 1-2 x kuus).<br \/>\nkl 16.30 AT, Ladina-Ameerika seltskonnatantsud (salsa, bachata, cha-cha jne).\u00a0Juhendab Pirje Laagus. <strong>UUS!<\/strong> Taas\u00a0 alustab uus <strong>algajate<\/strong>\u00a0Ladina\u00a0soolo- ja paaristantsu\u00a0kursus! Vajalik eelregistreerumine.\u00a0Info ja registreerumine 56614471, Pirje Laagus)<\/p>\n","protected":false},"excerpt":{"rendered":"<p>N\u00c4DAL11 MURASTES ehk tegevused Muraste koolimajas, kogukonnakeskuses, spordihoones, (SP spordisaal, KO kogukonnakeskuse ruum, AT aatrium, KL klassiruum) Esmasp\u00e4ev 14. m\u00e4rts &#8211; emakeelep\u00e4ev! kl 14-17 SP,\u00a0Judoklubi AITADO kl 17-18 SP, K\u00e4sipalliklubi HC Tallinn (tel 5510440) kl 16.30 KL, Beebikool (Kristi Baumann, 5658959) &#8211; uued p\u00f5nnid on ikka oodatud! kl 16-17.30 KO, Klaveritunnid lastele, juhendab Katrin J\u00e4rvlepp<a class=\"moretag\" href=\"https:\/\/muraste.ee\/vana\/?page_id=1217\"><br \/>&#8230;Loe edasi<\/a><\/p>\n","protected":false},"author":2,"featured_media":0,"parent":0,"menu_order":0,"comment_status":"closed","ping_status":"closed","template":"nadalakava.php","meta":{"_bbp_topic_count":0,"_bbp_reply_count":0,"_bbp_total_topic_count":0,"_bbp_total_reply_count":0,"_bbp_voice_count":0,"_bbp_anonymous_reply_count":0,"_bbp_topic_count_hidden":0,"_bbp_reply_count_hidden":0,"_bbp_forum_subforum_count":0,"_mc_calendar":[]},"_links":{"self":[{"href":"https:\/\/muraste.ee\/vana\/index.php?rest_route=\/wp\/v2\/pages\/1217"}],"collection":[{"href":"https:\/\/muraste.ee\/vana\/index.php?rest_route=\/wp\/v2\/pages"}],"about":[{"href":"https:\/\/muraste.ee\/vana\/index.php?rest_route=\/wp\/v2\/types\/page"}],"author":[{"embeddable":true,"href":"https:\/\/muraste.ee\/vana\/index.php?rest_route=\/wp\/v2\/users\/2"}],"replies":[{"embeddable":true,"href":"https:\/\/muraste.ee\/vana\/index.php?rest_route=%2Fwp%2Fv2%2Fcomments&post=1217"}],"version-history":[{"count":3,"href":"https:\/\/muraste.ee\/vana\/index.php?rest_route=\/wp\/v2\/pages\/1217\/revisions"}],"predecessor-version":[{"id":1221,"href":"https:\/\/muraste.ee\/vana\/index.php?rest_route=\/wp\/v2\/pages\/1217\/revisions\/1221"}],"wp:attachment":[{"href":"https:\/\/muraste.ee\/vana\/index.php?rest_route=%2Fwp%2Fv2%2Fmedia&parent=1217"}],"curies":[{"name":"wp","href":"https:\/\/api.w.org\/{rel}","templated":true}]}}