{"id":1247,"date":"2016-04-04T22:03:49","date_gmt":"2016-04-04T19:03:49","guid":{"rendered":"https:\/\/muraste.ee\/vana\/?page_id=1247"},"modified":"2016-08-16T14:04:17","modified_gmt":"2016-08-16T11:04:17","slug":"nadal-9","status":"publish","type":"page","link":"https:\/\/muraste.ee\/vana\/?page_id=1247","title":{"rendered":"N\u00e4dal 9"},"content":{"rendered":"<p><strong><span class=\"il\">N\u00c4DAL<\/span> <span class=\"il\">9<\/span>\u00a0MURASTES<\/strong> ehk tegevused Muraste koolimajas, kogukonnakeskuses, spordihoones,<br \/>\n(SP spordisaal, KO kogukonnakeskuse ruum, AT aatrium, KL klassiruum)<\/p>\n<p><u><strong>Esmasp\u00e4ev 29. veebruar\u00a0<\/strong><\/u><br \/>\nkl 14-17 SP, Judoklubi AITADO<br \/>\nkl 17-18 SP, K\u00e4sipalliklubi HC Tallinn (tel 5510440)<br \/>\nkl 16.30 KL, Beebikool (Kristi Baumann, 5658959) &#8211; uued p\u00f5nnid on ikka oodatud!<br \/>\nkl 16-17.30 KO, Klaveritunnid lastele, juhendab Katrin J\u00e4rvlepp (<a href=\"mailto:katrinjarvlepp362@gmail.com\" target=\"_blank\">katrinjarvlepp362@gmail.com<\/a>)<br \/>\nkl 16.30 KO, V\u00e4ikekannel algajatele (Maria Vessmann 5058495) (\u00fcle n\u00e4dala)<br \/>\nkl 17.30 KO, V\u00e4ikekandleansambel LiULi (\u00fcle n\u00e4dala)<br \/>\nkl 19\u00a0<strong>UUS! <\/strong>Liikumisklubi &#8220;Lihtsalt Liikuma&#8221;\u00a0&#8211; Kontorirottide eri: &#8220;S\u00f5rk ja samm!&#8221; \u00a0esmasp\u00e4eval, Start: kogukonnakeskuse juurest. P\u00e4rast liikumist kogukonnakeskuses\u00a0v\u00e4ike kosutus! (vt plakatit)<br \/>\nkl 19 AT, Naiskoor &#8220;Meretule&#8221;. J\u00e4tkuvalt v\u00f5imalus liituda toreda laulurahvaga: kui k\u00f5hkled, tule kindlasti!<br \/>\nkl 20 SP, Zumba<\/p>\n<p><u><strong>Teisip\u00e4ev 1. m\u00e4rts<\/strong><\/u><br \/>\nkl 14.00-15.30 SP, Tabasalu Palliklubi (tel 5136060)<br \/>\nKl 16-17 SP, Harju Jalgpallikool<br \/>\nKl 18-19 SP, Sulgpall (klubi liikmed)<br \/>\nkl 14.30 KO, Fa Stuudio (fl\u00f6\u00f6diring lastele)<br \/>\nkl 16.30-17.30 AT, <strong>UUS!<\/strong> Alates 15. m\u00e4rtsist \u00a0Revalia tanstsukooli v\u00f5istlustantsuring lastele. Juhendab Helen Klandorf-Sadam (vt kuulutust)<br \/>\nkl 18 KL, Inglise keele vestlusring, juhendab James Gill. Uued osalejad on oodatud!<br \/>\nkl 18 KL,\u00a0<strong>UUS!<\/strong> T\u00e4nasest alustab inglise keele kursus\u00a0uuesti alustajatele (2&#215;45 min; 10\u20ac kord, tasumine kuu aja eest ette. Gruppi v\u00f5etakse 12 \u00f5ppijat. <strong>On veel 4 vaba kohta, kasutage v\u00f5imalust! <\/strong>Registreerumine\u00a0<a href=\"mailto:kogukonnakeskus@muraste.ee\" target=\"_blank\">kogukonnakesku<wbr \/>s@muraste.ee<\/a>.<br \/>\nkl 18.30-19.45 AT, Seltskonnatantsu algajate kursus<br \/>\nkl 19.45 AT, Seltskonnatantsude harjutustund -v\u00f5imalus \u00f5pitut kinnistada ja toredas seltskonnas jalga keerutada. Osalus 5 \u20ac\/in<br \/>\nkl 19 SP, V\u00f5rkpall mehed\/naised.<br \/>\n<span style=\"color: #0000ff;\"><strong>\u00a0<\/strong><\/span><br \/>\n<u><strong>Kolmap\u00e4ev 2. m\u00e4rts\u00a0<\/strong><\/u><br \/>\nkl 14-17 SP, Judoklubi AITADO<br \/>\nKl 17-18 SP, K\u00e4sipalliklubi HC Tallinn (tel 5510440)<br \/>\nkl 18 KL, Kunstip\u00f5hine diaadit\u00f6\u00f6. Juhendaja: \u00d5nne Aas-Udam. Grupp on komplekteeritud (t\u00e4psem info: <a href=\"mailto:helve.keel@harku.ee\" target=\"_blank\">helve.keel@harku.ee<\/a>)<br \/>\nkl 18.45 AT, Kundalini jooga<br \/>\nkl 19 SP, Korvpall meestele (ruumi jagub ikka uutele m\u00e4ngijatele!)<\/p>\n<p><strong><u>Neljap\u00e4ev 3. m\u00e4rts<\/u><\/strong><br \/>\nkl 13.35-14.15 SP,\u00a0<strong>UUS! <\/strong>Seenioride tervisev\u00f5imlemine (kogunemine 15 min enne treeningu algust). Osalus 3\u20ac. Juhedab Anne Kaar,<br \/>\nkl.14.15-15.30 SP, Tabasalu Palliklubi (tel 5136060)<br \/>\nkl 15 KO, \u00a0<strong>UUS! T\u00fcdrukute klubi . O<\/strong>odatud on 3-5 klassi t\u00fcdrukud, Esimesel korral saame kokku, tutvume ning teeme plaane edasiseks (kodundus,\u00a0iluteemad, k\u00e4itumine,\u00a0\u00a0kunsti-kultuur,\u00a0<wbr \/>v\u00e4ljas\u00f5idud, teema\u00f5htud jms).\u00a0T\u00fcdrukute klubi on koht, kus t\u00fcdrukud saavad tegeleda k\u00f5ige sellega, mis tundub nende jaoks meeldiv ja huvitav.<br \/>\nkl 16-17 SP, Harju Jalgpallikool<br \/>\nkl 16.30-17.30 AT, <strong>UUS! <\/strong>Alates 15. m\u00e4rtsist Revalia tantsukooli v\u00f5istlustantsuring lastele. Juhendab Helen Klandorf-Sadam (vt kuulutust).<br \/>\nkl 17- 18.30 SP, Tabasalu Jalgpalliklubi<br \/>\nkl 18.30 SP, Korvpall naistele! (ruumi jagub ikka uutele m\u00e4ngijatele!)<br \/>\nkl 18.30 AT,\u00a0<strong>UUS! <\/strong>Filmi\u00f5htu: Klassikokkutulek. Piletid saadaval 1h enne seansi algust kohapeal. T\u00f6\u00f6tab kohvik.<br \/>\nkl 20 SP, Zumba<\/p>\n<p><u><strong>Reede, 4.\u00a0m\u00e4rts<\/strong><\/u><br \/>\nKl 14.30-15.30 SP, K\u00e4sipalliklubi HC Tallinn (tel 5510440)<br \/>\nkl 12.50-13.15 KL, V\u00e4ikekandle ring lastele. Juhendab Katrin J\u00e4rvlepp (lisainfo<a href=\"mailto:katrinjarvlepp362@gmail.com\" target=\"_blank\">katrinjarvlepp362@gmail.com<\/a>)<br \/>\nkl 13.15-14.45 KL, Klaveritunnid lastele. Juhendab Katrin J\u00e4rvlepp (lisainfo<a href=\"mailto:katrinjarvlepp362@gmail.com\" target=\"_blank\">katrinjarvlepp362@gmail.com<\/a>)<\/p>\n<p><strong><u>P\u00fchap\u00e4ev, 6.\u00a0m\u00e4rts<\/u><\/strong><br \/>\nkl 16.30 AT, Ladina-Ameerika seltskonnatantsud (salsa, bachata, cha-cha jne).\u00a0Juhendab Pirje Laagus. <strong>UUS!<\/strong> Alates 13. m\u00e4rtsist\u00a0\u00a0alustab uus<strong>algajate<\/strong>\u00a0Ladina\u00a0soolo- ja paaristantsu\u00a0kursus! Vajalik eelregistreerumine hiljemalt 7. m\u00e4rtsiks. Tunnid hakkavad toimuma p\u00fchap\u00e4eviti kl 15.00-16.00, soovi korral ka n\u00e4dala sees.\u00a0Info ja registreerumine 56614471, Pirje Laagus)<\/p>\n<p><u><strong>Iga p\u00e4ev:\u00a0<\/strong><\/u><br \/>\n&#8211; Muraste kogukonnakeskuses on avatud Paul Kerese 100. s\u00fcnniaastap\u00e4evale p\u00fchendatud malepartii k\u00f5igile huvilistele: tule ja tee oma k\u00e4ik suurmehe m\u00e4lestuseks! Tehtud on juba 26 k\u00e4iku, kuid m\u00e4ng ei paista veel l\u00f5ppevat!<br \/>\n&#8211; <strong>UUS!\u00a0<\/strong>alates 28. veebruarist on kogukonnakeskuses avatud\u00a0massaa\u017eikamber (klassikaline \u00fcldmassaa\u017e). Info ja registreerumine: Aile Kaljola, 56456432,<a href=\"mailto:kaljolaaile@gmail.com\" target=\"_blank\">kaljolaaile@gmail.com<\/a><\/p>\n","protected":false},"excerpt":{"rendered":"<p>N\u00c4DAL 9\u00a0MURASTES ehk tegevused Muraste koolimajas, kogukonnakeskuses, spordihoones, (SP spordisaal, KO kogukonnakeskuse ruum, AT aatrium, KL klassiruum) Esmasp\u00e4ev 29. veebruar\u00a0 kl 14-17 SP, Judoklubi AITADO kl 17-18 SP, K\u00e4sipalliklubi HC Tallinn (tel 5510440) kl 16.30 KL, Beebikool (Kristi Baumann, 5658959) &#8211; uued p\u00f5nnid on ikka oodatud! kl 16-17.30 KO, Klaveritunnid lastele, juhendab Katrin J\u00e4rvlepp (katrinjarvlepp362@gmail.com)<a class=\"moretag\" href=\"https:\/\/muraste.ee\/vana\/?page_id=1247\"><br \/>&#8230;Loe edasi<\/a><\/p>\n","protected":false},"author":2,"featured_media":0,"parent":0,"menu_order":0,"comment_status":"closed","ping_status":"closed","template":"nadalakava.php","meta":{"_bbp_topic_count":0,"_bbp_reply_count":0,"_bbp_total_topic_count":0,"_bbp_total_reply_count":0,"_bbp_voice_count":0,"_bbp_anonymous_reply_count":0,"_bbp_topic_count_hidden":0,"_bbp_reply_count_hidden":0,"_bbp_forum_subforum_count":0,"_mc_calendar":[]},"_links":{"self":[{"href":"https:\/\/muraste.ee\/vana\/index.php?rest_route=\/wp\/v2\/pages\/1247"}],"collection":[{"href":"https:\/\/muraste.ee\/vana\/index.php?rest_route=\/wp\/v2\/pages"}],"about":[{"href":"https:\/\/muraste.ee\/vana\/index.php?rest_route=\/wp\/v2\/types\/page"}],"author":[{"embeddable":true,"href":"https:\/\/muraste.ee\/vana\/index.php?rest_route=\/wp\/v2\/users\/2"}],"replies":[{"embeddable":true,"href":"https:\/\/muraste.ee\/vana\/index.php?rest_route=%2Fwp%2Fv2%2Fcomments&post=1247"}],"version-history":[{"count":3,"href":"https:\/\/muraste.ee\/vana\/index.php?rest_route=\/wp\/v2\/pages\/1247\/revisions"}],"predecessor-version":[{"id":2186,"href":"https:\/\/muraste.ee\/vana\/index.php?rest_route=\/wp\/v2\/pages\/1247\/revisions\/2186"}],"wp:attachment":[{"href":"https:\/\/muraste.ee\/vana\/index.php?rest_route=%2Fwp%2Fv2%2Fmedia&parent=1247"}],"curies":[{"name":"wp","href":"https:\/\/api.w.org\/{rel}","templated":true}]}}