{"id":1252,"date":"2016-04-04T22:10:13","date_gmt":"2016-04-04T19:10:13","guid":{"rendered":"https:\/\/muraste.ee\/vana\/?page_id=1252"},"modified":"2016-08-16T14:03:40","modified_gmt":"2016-08-16T11:03:40","slug":"nadal-8","status":"publish","type":"page","link":"https:\/\/muraste.ee\/vana\/?page_id=1252","title":{"rendered":"N\u00e4dal 8"},"content":{"rendered":"<p><em><strong><span class=\"il\">N\u00c4DAL<\/span> 8 MURASTES<\/strong> ehk tegevused Muraste koolimajas, kogukonnakeskuses, spordihoones,<br \/>\n(SP spordisaal, KO kogukonnakeskuse ruum, AT aatrium, KL klassiruum)<\/em><\/p>\n<p><strong>Esmasp\u00e4ev 22. veebruar\u00a0<\/strong><br \/>\nkl 14-17 SP, Judoklubi AITADO<br \/>\nkl 17-18 SP, K\u00e4sipalliklubi HC Tallinn (tel 5510440)<br \/>\nkl 16.30 KL, Beebikool (Kristi Baumann, 5658959)<br \/>\nkl 16-17.30 KO, Klaveritunnid lastele, juhendab Katrin J\u00e4rvlepp (<a href=\"mailto:katrinjarvlepp362@gmail.com\" target=\"_blank\">katrinjarvlepp362@gmail.com<\/a>)<br \/>\nkl 16.30 KO, V\u00e4ikekannel algajatele (Maria Vessmann 5058495) (\u00fcle n\u00e4dala)<br \/>\nkl 17.30 KO, V\u00e4ikekandleansambel LiULi (\u00fcle n\u00e4dala)<br \/>\nkl 19 AT, Naiskoor &#8220;Meretule&#8221;. J\u00e4tkuvalt v\u00f5imalus liituda toreda laulurahvaga: kui k\u00f5hkled, tule kindlasti!<br \/>\nkl 20 SP, Zumba<\/p>\n<p><strong>Teisip\u00e4ev 23.veebruar<\/strong><br \/>\nkl 11.45-12.30 AT,\u00a0<strong>UUS! <\/strong>Eesti Vabariigi \u00a098. s\u00fcnnip\u00e4evale p\u00fchendatud kontsert-aktus, kus esinevad\u00a0\u00a0Muraste kooli \u00f5pilased. Kontsert-aktusest on osa v\u00f5tma oodatud k\u00f5ik huvilised<br \/>\nkl 14.00-15.30 SP, Tabasalu Palliklubi (tel 5136060)<br \/>\nKl 16-17 SP, Harju Jalgpallikool<br \/>\nKl 18-19 SP, Sulgpall (klubi liikmed)<br \/>\nkl 14.30 KO, Fa Stuudio (fl\u00f6\u00f6diring lastele)<br \/>\nkl 16.30-17.30 AT, <strong>UUS!<\/strong> Alates 15. m\u00e4rtsist \u00a0Revalia tanstsukooli v\u00f5istlustantsuring lastele. Juhendab Helen Klandorf-Sadam (vt kuulutust)<br \/>\nkl 18 KL, Inglise keele vestlusring, juhendab James Gill<br \/>\nkl 18 KL <strong>UUS!<\/strong> Inglise keel uuesti alustajatele alates 1.m\u00e4rtsist. (2&#215;45 min; 10\u20ac kord, tasumine kuu aja eest ette. Gruppi v\u00f5etakse 12 \u00f5ppijat. Registreerumine algab n\u00fc\u00fcd:<a href=\"mailto:kogukonnakeskus@muraste.ee\" target=\"_blank\">kogukonnakeskus@muraste.ee<\/a>.<br \/>\nkl 18.30-19.45 AT, Seltskonnatantsu algajate kursus<br \/>\nkl 19.45 AT, Seltskonnatantsude harjutustund -v\u00f5imalus \u00f5pitut kinnistada ja toredas seltskonnas jalga keerutada. Osalus 5 \u20ac\/in<br \/>\nkl 19 SP, V\u00f5rkpall mehed\/naised.<br \/>\n<strong>kl 20 <\/strong><strong>\u00a0Eesti Vabariigi 98. s\u00fcnnip\u00e4evale p\u00fchendatud \u00f6\u00f6matk (vt kuulutust!)<\/strong><br \/>\n<em>Taas on saabumas meie armsa Eestimaa s\u00fcnnip\u00e4ev ning \u00a0taas kutsub\u00a0Muraste k\u00fclaselts k\u00f5iki l\u00e4hedalt ja kaugelt \u00a0juba homme, 23. veebruaril Eesti Vabariigi 98. s\u00fcnnip\u00e4evale p\u00fchendatud \u00d6\u00d6MATKALE.<br \/>\nKuuendat korda toimuval retkel on kaks alguspunkti:<br \/>\n&#8211; kell 20 Muraste m\u00f5isa juures (retkejuht Katre Kuusik) ja<br \/>\n&#8211; kell 20.30 Rannam\u00f5isa kiriku juures (retkejuht Harku Rannikukaitse \u00dcksikkompanii) koos piduliku rivistusega.<br \/>\nMatka l\u00f5pp-punktis ehk Muraste paeplatsil on k\u00f5iki ootamas kuum l\u00f5ke, isamaaline k\u00f5ne, soe supp, helisev naiskoor, muhe pillimees, v\u00f5imas \u00fchislaul ja veel muudki!<br \/>\nRetkele v\u00f5tke kaasa meeleolu looma lipud, t\u00f5rvikud, meelep\u00e4rane rahvuslik s\u00fcmboolika.<br \/>\nInfo: 56651604 (Katre), 5253128 (Aule)<\/em><\/p>\n<p><strong>Neljap\u00e4ev 25. veebruar<\/strong><br \/>\nkl 14.15-15.30 SP, Tabasalu Palliklubi (tel 5136060)<br \/>\nKl 16-17 SP, Harju Jalgpallikool<br \/>\nkl 16.30-17.30 AT, <strong>UUS! <\/strong>Alates 15. m\u00e4rtsist Revalia tantsukooli v\u00f5istlustantsuring lastele. Juhendab Helen Klandorf-Sadam (vt kuulutust)<br \/>\nkl 17- 18.30 SP, Tabasalu Jalgpalliklubi<br \/>\nkl 18.30 SP, Korvpall naistele! (ruumi jagub ikka uutele m\u00e4ngijatele!)<br \/>\nkl 20 SP, Zumba<\/p>\n<p><strong>Reede, 26.\u00a0veebruar<\/strong><br \/>\nKl 14.30-15.30 SP, K\u00e4sipalliklubi HC Tallinn (tel 5510440)<br \/>\nkl 12.50-13.15 KL, V\u00e4ikekandle ring lastele. Juhendab Katrin J\u00e4rvlepp (lisainfo<a href=\"mailto:katrinjarvlepp362@gmail.com\" target=\"_blank\">katrinjarvlepp362@gmail.com<\/a>)<br \/>\nkl 13.15-14.45 KL, Klaveritunnid lastele. Juhendab Katrin J\u00e4rvlepp (lisainfo<a href=\"mailto:katrinjarvlepp362@gmail.com\" target=\"_blank\">katrinjarvlepp362@gmail.com<\/a>)<\/p>\n<p><strong>P\u00fchap\u00e4ev, 28. veebruar<\/strong><br \/>\nkl 16.30 AT, Salsa. Juhendab Pirje Laagus. UUS! NB! 28. veebruaril alustab uus algajate kursus! Info ja registreerumine 56614471, Pirje Laagus)<\/p>\n<p><strong>Iga p\u00e4ev:\u00a0<\/strong><br \/>\nMuraste kogukonnakeskuses on avatud Paul Kerese 100. s\u00fcnniaastap\u00e4evale p\u00fchendatud malepartii k\u00f5igile huvilistele: tule ja tee oma k\u00e4ik suurmehe m\u00e4lestuseks! Tehtud on juba 24 k\u00e4iku, kuid m\u00e4ng ei paista veel l\u00f5ppevat!<\/p>\n","protected":false},"excerpt":{"rendered":"<p>N\u00c4DAL 8 MURASTES ehk tegevused Muraste koolimajas, kogukonnakeskuses, spordihoones, (SP spordisaal, KO kogukonnakeskuse ruum, AT aatrium, KL klassiruum) Esmasp\u00e4ev 22. veebruar\u00a0 kl 14-17 SP, Judoklubi AITADO kl 17-18 SP, K\u00e4sipalliklubi HC Tallinn (tel 5510440) kl 16.30 KL, Beebikool (Kristi Baumann, 5658959) kl 16-17.30 KO, Klaveritunnid lastele, juhendab Katrin J\u00e4rvlepp (katrinjarvlepp362@gmail.com) kl 16.30 KO, V\u00e4ikekannel algajatele<a class=\"moretag\" href=\"https:\/\/muraste.ee\/vana\/?page_id=1252\"><br \/>&#8230;Loe edasi<\/a><\/p>\n","protected":false},"author":2,"featured_media":0,"parent":0,"menu_order":0,"comment_status":"closed","ping_status":"closed","template":"nadalakava.php","meta":{"_bbp_topic_count":0,"_bbp_reply_count":0,"_bbp_total_topic_count":0,"_bbp_total_reply_count":0,"_bbp_voice_count":0,"_bbp_anonymous_reply_count":0,"_bbp_topic_count_hidden":0,"_bbp_reply_count_hidden":0,"_bbp_forum_subforum_count":0,"_mc_calendar":[]},"_links":{"self":[{"href":"https:\/\/muraste.ee\/vana\/index.php?rest_route=\/wp\/v2\/pages\/1252"}],"collection":[{"href":"https:\/\/muraste.ee\/vana\/index.php?rest_route=\/wp\/v2\/pages"}],"about":[{"href":"https:\/\/muraste.ee\/vana\/index.php?rest_route=\/wp\/v2\/types\/page"}],"author":[{"embeddable":true,"href":"https:\/\/muraste.ee\/vana\/index.php?rest_route=\/wp\/v2\/users\/2"}],"replies":[{"embeddable":true,"href":"https:\/\/muraste.ee\/vana\/index.php?rest_route=%2Fwp%2Fv2%2Fcomments&post=1252"}],"version-history":[{"count":3,"href":"https:\/\/muraste.ee\/vana\/index.php?rest_route=\/wp\/v2\/pages\/1252\/revisions"}],"predecessor-version":[{"id":2185,"href":"https:\/\/muraste.ee\/vana\/index.php?rest_route=\/wp\/v2\/pages\/1252\/revisions\/2185"}],"wp:attachment":[{"href":"https:\/\/muraste.ee\/vana\/index.php?rest_route=%2Fwp%2Fv2%2Fmedia&parent=1252"}],"curies":[{"name":"wp","href":"https:\/\/api.w.org\/{rel}","templated":true}]}}