{"id":126,"date":"2015-11-23T20:36:19","date_gmt":"2015-11-23T18:36:19","guid":{"rendered":"https:\/\/muraste.ee\/vana\/?page_id=126"},"modified":"2023-03-24T16:42:33","modified_gmt":"2023-03-24T14:42:33","slug":"kogukonnateenuste-kord-ja-hinnakiri","status":"publish","type":"page","link":"https:\/\/muraste.ee\/vana\/?page_id=126","title":{"rendered":"Kogukonnateenuste kord, hinnakiri ja rendileping"},"content":{"rendered":"<p>Kinnitatud Muraste k\u00fclaseltsi juhatuse 13. jaanuari 2016. a otsusega.<\/p>\n<ol>\n<li>Kinnitada hinnad\u00a0 j\u00e4rgmistele Muraste k\u00fclaseltsi poolt pakutavatele teenustele*:<\/li>\n<\/ol>\n<table width=\"614\">\n<tbody>\n<tr>\n<td width=\"63\">\u00a0<\/td>\n<td width=\"242\"><strong>\u00a0<\/strong><\/td>\n<td width=\"123\"><strong>Teenuse hind<\/strong>\n<p>\u00a0<\/p>\n<p><strong> Muraste k\u00fclaseltsi liikmetele**<\/strong><\/p>\n<\/td>\n<td colspan=\"2\" width=\"186\"><strong>Teenuse hind<\/strong>\n<p>\u00a0<\/p>\n<p><strong> mitteliikmetele<\/strong><\/p>\n<\/td>\n<\/tr>\n<tr>\n<td colspan=\"2\" width=\"305\">\n<p><strong>V\u00e4ike karmoshka<\/strong><\/p>\n<p><strong>1 kuu<\/strong><\/p>\n<p>\u00a0<\/p>\n<p><strong>S\u00f5iduauto haagis\u00a0 <\/strong><\/p>\n<\/td>\n<td width=\"123\"><strong>\u00a05.00 \u20ac<\/strong><\/td>\n<td width=\"123\"><strong>\u00a010.00 \u20ac<\/strong><\/td>\n<td width=\"63\"><strong>\u00a0<\/strong><\/td>\n<\/tr>\n<tr>\n<td colspan=\"2\" width=\"305\"><strong>&#8211;\u00a0\u00a0\u00a0\u00a0\u00a0\u00a0\u00a0\u00a0\u00a0 4 h<\/strong><\/td>\n<td width=\"123\"><strong>\u00a0 5 \u20ac<\/strong><\/td>\n<td width=\"123\"><strong>10 \u20ac<\/strong><\/td>\n<td width=\"63\"><strong>\u00a0<\/strong><\/td>\n<\/tr>\n<tr>\n<td colspan=\"2\" width=\"305\"><strong>&#8211;\u00a0\u00a0\u00a0\u00a0\u00a0\u00a0\u00a0\u00a0\u00a0 8 h<\/strong><\/td>\n<td width=\"123\"><strong>10 \u20ac<\/strong><\/td>\n<td width=\"123\"><strong>15 \u20ac<\/strong><\/td>\n<td width=\"63\"><strong>\u00a0<\/strong><\/td>\n<\/tr>\n<tr>\n<td colspan=\"2\" width=\"305\"><strong>&#8211;\u00a0\u00a0\u00a0\u00a0\u00a0\u00a0\u00a0\u00a0\u00a0 24 h<\/strong><\/td>\n<td width=\"123\"><strong>20 \u20ac<\/strong><\/td>\n<td width=\"123\"><strong>25 \u20ac<\/strong><\/td>\n<td width=\"63\"><strong>\u00a0<\/strong><\/td>\n<\/tr>\n<tr>\n<td colspan=\"2\" width=\"305\"><strong>Lisatund<\/strong><\/td>\n<td width=\"123\"><strong>\u00a0 1 \u20ac<\/strong><\/td>\n<td width=\"123\"><strong>\u00a0 2 \u20ac<\/strong><\/td>\n<td width=\"63\"><strong>\u00a0<\/strong><\/td>\n<\/tr>\n<tr>\n<td colspan=\"2\" width=\"305\"><strong>Pikem aeg<\/strong><\/td>\n<td width=\"123\"><strong>Kokkuleppel<\/strong><\/td>\n<td width=\"123\"><strong>Kokkleppel<\/strong><\/td>\n<td width=\"63\"><strong>\u00a0<\/strong><\/td>\n<\/tr>\n<tr>\n<td colspan=\"2\" width=\"305\"><strong>Tagatis<\/strong><\/td>\n<td width=\"123\"><strong>10 \u20ac<\/strong><\/td>\n<td width=\"123\"><strong>40 \u20ac<\/strong><\/td>\n<td width=\"63\"><strong>\u00a0<\/strong><\/td>\n<\/tr>\n<tr>\n<td colspan=\"2\" width=\"305\"><strong>Telk 3&#215;3 pop-up (2 tk)\u00a0 <\/strong><\/td>\n<td width=\"123\"><strong>\u00a0<\/strong><\/td>\n<td width=\"123\"><strong>\u00a0<\/strong><\/td>\n<td width=\"63\"><strong>\u00a0<\/strong><\/td>\n<\/tr>\n<tr>\n<td colspan=\"2\" width=\"305\"><strong>&#8211;\u00a0\u00a0\u00a0\u00a0\u00a0\u00a0\u00a0\u00a0\u00a0 24 h<\/strong><\/td>\n<td width=\"123\"><strong>20 \u20ac<\/strong><\/td>\n<td width=\"123\"><strong>25 \u20ac<\/strong><\/td>\n<td width=\"63\"><strong>\u00a0<\/strong><\/td>\n<\/tr>\n<tr>\n<td colspan=\"2\" width=\"305\"><strong>Generaator 5,5KW<\/strong><\/td>\n<td width=\"123\"><strong>\u00a0<\/strong><\/td>\n<td width=\"123\"><strong>\u00a0<\/strong><\/td>\n<td width=\"63\"><strong>\u00a0<\/strong><\/td>\n<\/tr>\n<tr>\n<td colspan=\"2\" width=\"305\"><strong>&#8211;\u00a0\u00a0\u00a0\u00a0\u00a0\u00a0\u00a0\u00a0\u00a0 24 h<\/strong><\/td>\n<td width=\"123\"><strong>20\u20ac<\/strong><\/td>\n<td width=\"123\"><strong>25 \u20ac<\/strong><\/td>\n<td width=\"63\"><strong>\u00a0<\/strong><\/td>\n<\/tr>\n<tr>\n<td colspan=\"2\" width=\"305\"><strong>Tagatisraha<\/strong><\/td>\n<td width=\"123\"><strong>10<\/strong><\/td>\n<td width=\"123\"><strong>40<\/strong><\/td>\n<td width=\"63\"><strong>\u00a0<\/strong><\/td>\n<\/tr>\n<tr>\n<td colspan=\"2\" width=\"305\"><strong>Laud pinkidega <\/strong><\/td>\n<td width=\"123\"><strong>\u00a0<\/strong><\/td>\n<td width=\"123\"><strong>\u00a0<\/strong><\/td>\n<td width=\"63\"><strong>\u00a0<\/strong><\/td>\n<\/tr>\n<tr>\n<td colspan=\"2\" width=\"305\"><strong>&#8211;\u00a0\u00a0\u00a0\u00a0\u00a0\u00a0\u00a0\u00a0\u00a0 24 h<\/strong><\/td>\n<td width=\"123\"><strong>5 \u20ac<\/strong><\/td>\n<td width=\"123\"><strong>10 \u20ac<\/strong><\/td>\n<td width=\"63\"><strong>\u00a0<\/strong><\/td>\n<\/tr>\n<tr>\n<td colspan=\"2\" width=\"305\"><strong>Helitehnika komplekt koos transpordi, paigalduse ja mahav\u00f5tuga <\/strong><\/td>\n<td width=\"123\"><strong>\u00a0<\/strong><\/td>\n<td width=\"123\"><strong>\u00a0<\/strong><\/td>\n<td width=\"63\"><strong>\u00a0<\/strong><\/td>\n<\/tr>\n<tr>\n<td colspan=\"2\" width=\"305\"><strong>&#8211;\u00a0\u00a0\u00a0\u00a0\u00a0\u00a0\u00a0\u00a0\u00a0 6 h Muraste\u00a0 ja l\u00e4hi\u00fcmbrus<\/strong><\/td>\n<td width=\"123\"><strong>100 \u20ac<\/strong><\/td>\n<td width=\"123\"><strong>150 \u20ac<\/strong><\/td>\n<td width=\"63\"><strong>\u00a0<\/strong><\/td>\n<\/tr>\n<tr>\n<td colspan=\"2\" width=\"305\"><strong>alates 15 km lisandub transporditasu 1\u20ac\/km<\/strong><\/td>\n<td width=\"123\"><strong>\u00a0<\/strong><\/td>\n<td width=\"123\"><strong>\u00a0<\/strong><\/td>\n<td width=\"63\"><strong>\u00a0<\/strong><\/td>\n<\/tr>\n<tr>\n<td colspan=\"2\" width=\"305\"><strong>Paeplatsi kasutamine<\/strong><\/td>\n<td width=\"123\"><strong>\u00a0<\/strong><\/td>\n<td width=\"123\"><strong>\u00a0<\/strong><\/td>\n<td width=\"63\"><strong>\u00a0<\/strong><\/td>\n<\/tr>\n<tr>\n<td colspan=\"2\" width=\"305\"><strong>&#8211;\u00a0\u00a0\u00a0\u00a0\u00a0\u00a0\u00a0\u00a0\u00a0 peres\u00fcndmuste l\u00e4biviimiseks<\/strong><\/td>\n<td width=\"123\"><strong>Soovituslik annetus 10-20 \u20ac<\/strong><\/td>\n<td width=\"123\"><strong>Soovituslik annetus 15-25 \u20ac<\/strong><\/td>\n<td width=\"63\"><strong>\u00a0<\/strong><\/td>\n<\/tr>\n<tr>\n<td colspan=\"2\" width=\"305\"><strong>&#8211;\u00a0\u00a0\u00a0\u00a0\u00a0\u00a0\u00a0\u00a0\u00a0 kommertstegevuste l\u00e4biviimiseks<\/strong><\/td>\n<td width=\"123\"><strong>Kokkuleppel<\/strong><\/td>\n<td width=\"123\"><strong>Kokkuleppel<\/strong><\/td>\n<td width=\"63\"><strong>\u00a0<\/strong><\/td>\n<\/tr>\n<tr>\n<td colspan=\"2\" width=\"305\"><strong>S\u00fcndmuste korraldamine <\/strong><\/td>\n<td width=\"123\"><strong>\u00a0<\/strong><\/td>\n<td width=\"123\"><strong>\u00a0<\/strong><\/td>\n<td width=\"63\"><strong>\u00a0<\/strong><\/td>\n<\/tr>\n<tr>\n<td colspan=\"2\" width=\"305\"><strong>&#8211;\u00a0\u00a0\u00a0\u00a0\u00a0\u00a0\u00a0\u00a0\u00a0 matkad, s\u00fcnnip\u00e4evad, kokkutulekud\u00a0 jne) ja tegevustega sisustamine; (n\u00e4omaalingud, kost\u00fcmeeritud tegelased jne), toitlustamine<\/strong><\/td>\n<td width=\"123\"><strong>Kokkuleppel<\/strong><\/td>\n<td width=\"123\"><strong>Kokkuleppel<\/strong><\/td>\n<td width=\"63\"><strong>\u00a0<\/strong><\/td>\n<\/tr>\n<tr>\n<td colspan=\"2\" width=\"305\"><strong>Muud teenused<\/strong>\n<p>\u00a0<\/p>\n<p><strong>&#8211;\u00a0\u00a0\u00a0\u00a0\u00a0\u00a0\u00a0\u00a0\u00a0 Kuulutuse\/plakati kujundus<\/strong><\/p>\n<\/td>\n<td width=\"123\">\u00a0\n<p>\u00a0<\/p>\n<p><strong>Alates 35.-<\/strong><\/p>\n<\/td>\n<td width=\"123\">\u00a0\n<p>\u00a0<\/p>\n<p><strong>Alates 40.-<\/strong><\/p>\n<\/td>\n<td width=\"63\"><strong>\u00a0<\/strong><\/td>\n<\/tr>\n<tr>\n<td colspan=\"2\" width=\"305\"><strong>&#8211;\u00a0\u00a0\u00a0\u00a0\u00a0\u00a0\u00a0\u00a0\u00a0 Reklaami avaldamine (<a href=\"https:\/\/muraste.ee\/vana\/?page_id=129\" target=\"_blank\" rel=\"noopener\">vt reklaami korda<\/a>)<\/strong><\/td>\n<td width=\"123\"><strong>10.-<\/strong><\/td>\n<td width=\"123\"><strong>10.-<\/strong><\/td>\n<td width=\"63\"><strong>\u00a0<\/strong><\/td>\n<\/tr>\n<tr>\n<td colspan=\"2\" width=\"305\"><strong>Ruumide kasutus<\/strong><\/td>\n<td width=\"123\"><strong>\u00a0<\/strong><\/td>\n<td width=\"123\"><strong>\u00a0<\/strong><\/td>\n<td width=\"63\"><strong>\u00a0<\/strong><\/td>\n<\/tr>\n<tr>\n<td colspan=\"2\" width=\"305\"><strong>&#8211;\u00a0\u00a0\u00a0\u00a0\u00a0\u00a0\u00a0\u00a0\u00a0 Kogukonnakeskuse ruum (t\u00f6\u00f6p\u00e4ev, \u00a0kuni 1 h)<\/strong>\n<p>\u00a0<\/p>\n<p><strong>&#8211;\u00a0\u00a0\u00a0\u00a0\u00a0\u00a0\u00a0\u00a0\u00a0 Kogukonnakeskuse ruum (puhkep\u00e4ev kuni 1 h)<\/strong><\/p>\n<\/td>\n<td width=\"123\"><strong>5.-<\/strong>\n<p>\u00a0<\/p>\n<p>\u00a0<\/p>\n<p><strong>10.-<\/strong><\/p>\n<\/td>\n<td width=\"123\"><strong>\u00a010.-<\/strong>\n<p>\u00a0<\/p>\n<p>\u00a0<\/p>\n<p><strong>20.-<\/strong><\/p>\n<\/td>\n<td width=\"63\"><strong>\u00a0<\/strong><\/td>\n<\/tr>\n<tr>\n<td colspan=\"2\" width=\"305\"><strong>&#8211;\u00a0\u00a0\u00a0\u00a0\u00a0\u00a0\u00a0\u00a0\u00a0 Kogukonnakeskuse ruum (E-R 9-17 kuni 8 h<\/strong>\n<p>\u00a0<\/p>\n<p><strong>&#8211;\u00a0\u00a0\u00a0\u00a0\u00a0\u00a0\u00a0\u00a0\u00a0 <em>Lisatund<\/em><\/strong><\/p>\n<\/td>\n<td width=\"123\"><strong>20.-<\/strong>\n<p>\u00a0<\/p>\n<p><strong>5.-<\/strong><\/p>\n<\/td>\n<td width=\"123\"><strong>40.-<\/strong>\n<p>\u00a0<\/p>\n<p><strong>10.-<\/strong><\/p>\n<\/td>\n<td width=\"63\"><strong>\u00a0<\/strong><\/td>\n<\/tr>\n<tr>\n<td colspan=\"2\" width=\"305\"><strong>&#8211;\u00a0\u00a0\u00a0\u00a0\u00a0\u00a0\u00a0\u00a0\u00a0 Kogukonnakeskuse ruum (L-P 9-17 kuni 8 h<\/strong>\n<p>\u00a0<\/p>\n<p><strong>&#8211;\u00a0\u00a0\u00a0\u00a0\u00a0\u00a0\u00a0\u00a0\u00a0 <em>Lisatund\u00a0 <\/em><\/strong><\/p>\n<p><strong>&#8211;\u00a0\u00a0\u00a0\u00a0\u00a0\u00a0\u00a0\u00a0\u00a0 Dataprojektor\/ekraan \/1 h<\/strong><\/p>\n<\/td>\n<td width=\"123\"><strong>30.-<\/strong>\n<p>\u00a0<\/p>\n<p><strong>10.-<\/strong><\/p>\n<p><strong>5.-<\/strong><\/p>\n<\/td>\n<td width=\"123\"><strong>50.-<\/strong>\n<p>\u00a0<\/p>\n<p><strong>20.-<\/strong><\/p>\n<p><strong>8.-<\/strong><\/p>\n<\/td>\n<td width=\"63\"><strong>\u00a0<\/strong><\/td>\n<\/tr>\n<tr>\n<td colspan=\"2\" width=\"305\"><strong>&#8211;\u00a0\u00a0\u00a0\u00a0\u00a0\u00a0\u00a0\u00a0\u00a0 Pabertahvel, kord<\/strong><\/td>\n<td width=\"123\"><strong>7.-<\/strong><\/td>\n<td width=\"123\"><strong>9.-<\/strong><\/td>\n<td width=\"63\"><strong>\u00a0<\/strong><\/td>\n<\/tr>\n<tr>\n<td colspan=\"2\" width=\"305\"><strong>&#8211;\u00a0\u00a0\u00a0\u00a0\u00a0\u00a0\u00a0\u00a0\u00a0 K\u00f6\u00f6giinventari kasutus kuni 25 inimest<\/strong><\/td>\n<td width=\"123\"><strong>10.-<\/strong><\/td>\n<td width=\"123\"><strong>20.-<\/strong><\/td>\n<td width=\"63\">\u00a0<\/td>\n<\/tr>\n<\/tbody>\n<\/table>\n<p>* Muraste k\u00fclaseltsi juhatusel on \u00f5igus muuta\u00a0 nimetatud teenuste tasu v\u00f5i vabastada tasumisest\u00a0 taotleja p\u00f5hjendatud avalduse p\u00f5hjal (heategevus jne)<\/p>\n<p>** Muraste k\u00fclaseltsi liikmetele m\u00f5eldud soodustused ei laiene Muraste k\u00fclaseltsi v\u00f5lglastele.<\/p>\n<p><strong>\u00a0<img decoding=\"async\" loading=\"lazy\" class=\"aligncenter\" src=\"https:\/\/muraste.ee\/vana\/wp-content\/uploads\/2015\/11\/11536041_792004777564882_3511703612086924997_n.jpg\" alt=\"\" width=\"425\" height=\"319\" \/> <\/strong><\/p>\n\n\n<figure class=\"wp-block-image size-large\"><a href=\"https:\/\/muraste.ee\/vana\/wp-content\/uploads\/2022\/10\/RENDILEPING.jpg\"><img decoding=\"async\" loading=\"lazy\" width=\"1414\" height=\"2000\" src=\"https:\/\/muraste.ee\/vana\/wp-content\/uploads\/2022\/10\/RENDILEPING.jpg\" alt=\"\" class=\"wp-image-9287\"\/><\/a><\/figure>\n","protected":false},"excerpt":{"rendered":"<p>Kinnitatud Muraste k\u00fclaseltsi juhatuse 13. jaanuari 2016. a otsusega. Kinnitada hinnad\u00a0 j\u00e4rgmistele Muraste k\u00fclaseltsi poolt pakutavatele teenustele*: \u00a0 \u00a0 Teenuse hind \u00a0 Muraste k\u00fclaseltsi liikmetele** Teenuse hind \u00a0 mitteliikmetele V\u00e4ike karmoshka 1 kuu \u00a0 S\u00f5iduauto haagis\u00a0 \u00a05.00 \u20ac \u00a010.00 \u20ac \u00a0 &#8211;\u00a0\u00a0\u00a0\u00a0\u00a0\u00a0\u00a0\u00a0\u00a0 4 h \u00a0 5 \u20ac 10 \u20ac \u00a0 &#8211;\u00a0\u00a0\u00a0\u00a0\u00a0\u00a0\u00a0\u00a0\u00a0 8 h 10 \u20ac<a class=\"moretag\" href=\"https:\/\/muraste.ee\/vana\/?page_id=126\"><br \/>&#8230;Loe edasi<\/a><\/p>\n","protected":false},"author":1,"featured_media":0,"parent":0,"menu_order":0,"comment_status":"closed","ping_status":"closed","template":"page-templates\/full-width.php","meta":{"_bbp_topic_count":0,"_bbp_reply_count":0,"_bbp_total_topic_count":0,"_bbp_total_reply_count":0,"_bbp_voice_count":0,"_bbp_anonymous_reply_count":0,"_bbp_topic_count_hidden":0,"_bbp_reply_count_hidden":0,"_bbp_forum_subforum_count":0,"_mc_calendar":[]},"_links":{"self":[{"href":"https:\/\/muraste.ee\/vana\/index.php?rest_route=\/wp\/v2\/pages\/126"}],"collection":[{"href":"https:\/\/muraste.ee\/vana\/index.php?rest_route=\/wp\/v2\/pages"}],"about":[{"href":"https:\/\/muraste.ee\/vana\/index.php?rest_route=\/wp\/v2\/types\/page"}],"author":[{"embeddable":true,"href":"https:\/\/muraste.ee\/vana\/index.php?rest_route=\/wp\/v2\/users\/1"}],"replies":[{"embeddable":true,"href":"https:\/\/muraste.ee\/vana\/index.php?rest_route=%2Fwp%2Fv2%2Fcomments&post=126"}],"version-history":[{"count":19,"href":"https:\/\/muraste.ee\/vana\/index.php?rest_route=\/wp\/v2\/pages\/126\/revisions"}],"predecessor-version":[{"id":9637,"href":"https:\/\/muraste.ee\/vana\/index.php?rest_route=\/wp\/v2\/pages\/126\/revisions\/9637"}],"wp:attachment":[{"href":"https:\/\/muraste.ee\/vana\/index.php?rest_route=%2Fwp%2Fv2%2Fmedia&parent=126"}],"curies":[{"name":"wp","href":"https:\/\/api.w.org\/{rel}","templated":true}]}}