{"id":1264,"date":"2016-04-04T22:19:55","date_gmt":"2016-04-04T19:19:55","guid":{"rendered":"https:\/\/muraste.ee\/vana\/?page_id=1264"},"modified":"2016-08-16T14:02:18","modified_gmt":"2016-08-16T11:02:18","slug":"nadal-6","status":"publish","type":"page","link":"https:\/\/muraste.ee\/vana\/?page_id=1264","title":{"rendered":"N\u00e4dal 6"},"content":{"rendered":"<p><strong><span class=\"il\">N\u00c4DAL<\/span> <span class=\"il\">7<\/span>\u00a0MURASTES <\/strong>ehk tegevused Muraste koolimajas, kogukonnakeskuses, spordihoones,<br \/>\n(<strong>SP<\/strong> spordisaal, <strong>KO<\/strong> kogukonnakeskuse ruum, <strong>AT<\/strong> aatrium,<strong> KL<\/strong> klassiruum)<\/p>\n<p><strong>Esmasp\u00e4ev 15. veebruar\u00a0<\/strong><br \/>\nkl 14-17 SP, Judoklubi AITADO<br \/>\nkl 15 \u00a0Osalemine EV100 laste ja noorte looduse v\u00f5i liikumisharjumuste taotlusvooru v\u00f5itjate kokkusaamisel (Tallinnas)<br \/>\nKl 17-18 SP, K\u00e4sipalliklubi HC Tallinn (tel 5510440)<br \/>\nkl 16.30 KL, Beebikool (Kristi Baumann, 5658959)<br \/>\nkl 16-17.30 KO, Klaveritunnid lastele, juhendab Katrin J\u00e4rvlepp (<a href=\"mailto:katrinjarvlepp362@gmail.com\" target=\"_blank\">katrinjarvlepp362@gmail.com<\/a>)<br \/>\nkl 16.30 KO, V\u00e4ikekannel algajatele (Maria Vessmann 5058495)<br \/>\nkl 17.30 KO, \u00a0V\u00e4ikekandleansambel LiULi<br \/>\nkl 19 AT, Naiskoor &#8220;Meretule&#8221;. J\u00e4tkuvalt v\u00f5imalus liituda toreda laulurahvaga: kui k\u00f5hkled, tule kindlasti!<br \/>\nkl 20 SP, Zumba<\/p>\n<p><strong>Teisip\u00e4ev 16.veebruar<\/strong><br \/>\nkl 14.00-15.30 SP, Tabasalu Palliklubi (tel 5136060)<br \/>\nKl 16-17 SP, Harju Jalgpallikool<br \/>\nKl 18-19 SP, Sulgpall (klubi liikmed)<br \/>\nkl 14.30 KO, Fa Stuudio (fl\u00f6\u00f6diring lastele)<br \/>\nkl 16.30-17.30 AT,<strong> UUS! <\/strong>Alates 15. veebruarist Revalia tanstsukooli peotantsuring lastele. Juhendab Helen Klandorf-Sadam (vt kuulutust)<br \/>\nkl 18 KL, Inglise keele vestlusring,\u00a0juhendab James Gill<br \/>\nkl 18 KL UUS! Inglise keel uuesti alustajatele alates <strong>1.m\u00e4rtsist. \u00a0<\/strong>(2&#215;45 min;\u00a010\u20ac kord, tasumine kuu aja eest ette. Gruppi v\u00f5etakse 12 \u00f5ppijat.\u00a0Registreerumine algab n\u00fc\u00fcd: <a href=\"mailto:kogukonnakeskus@muraste.ee\" target=\"_blank\">kogukonnakeskus@muraste.ee<\/a>.<br \/>\nkl 18 KO, Turvalisuse t\u00f6\u00f6r\u00fchma koosolek<br \/>\nkl 18.30-19.45 AT, Seltskonnatantsu algajate kursus<br \/>\nkl 19.45 AT, Seltskonnatantsude harjutustund -v\u00f5imalus \u00f5pitut kinnistada ja toredas seltskonnas jalga keerutada. Osalus 5 \u20ac\/in<br \/>\nkl 19 SP, V\u00f5rkpall mehed\/naised.<\/p>\n<p><strong>Kolmap\u00e4ev 17. veebruar\u00a0<\/strong><br \/>\nkl 14-17 SP, Judoklubi AITADO<br \/>\nKl 17-18 SP, K\u00e4sipalliklubi HC Tallinn (tel 5510440)<br \/>\nkl 18 KL, Kunstip\u00f5hine diaadit\u00f6\u00f6. Juhendaja: \u00d5nne Aas-Udam. Grupp on komplekteeritud (t\u00e4psem info: <a href=\"mailto:helve.keel@harku.ee\" target=\"_blank\">helve.keel@harku.ee<\/a>)<br \/>\nkl 18.45 AT, Kundalini jooga<br \/>\nkl 19 SP, Korvpall meestele (ruumi jagub ikka uutele m\u00e4ngijatele!)<\/p>\n<p><strong>Neljap\u00e4ev 18. veebruar<\/strong><br \/>\nkl 13 KO, alates 18. veebruarist. <strong>UUS! <\/strong>Seeniorv\u00f5imlemine. \u00a0V\u00f5ta v\u00f5imlemiseks sobivad riided kaasa! Osalustasu 3\u20ac. Juhendab Anne Kaar.<br \/>\nkl 14.15-15.30 SP, Tabasalu Palliklubi (tel 5136060)<br \/>\nKl 16-17 SP, Harju Jalgpallikool<br \/>\nkl 16.30-17.30 AT, <strong>UUS! <\/strong>Alates 15. veebruarist Revalia tanstsukooli peotantsuring lastele. Juhendab Helen Klandorf-Sadam (vt kuulutust)<br \/>\nkl 17- 18.30 SP, Tabasalu Jalgpalliklubi<br \/>\nkl 18.30 AT\u00a0<strong>Filmi\u00f5htu <\/strong><strong>&#8211;\u00a0<\/strong>&#8220;Elavad pildid&#8221;\u00a0Filmi juhatab sisse ja v\u00e4lja ning vastab meelsasti k\u00f5igile k\u00fcsimustele filmi idee autor ja re\u017eiss\u00f6\u00f6r Hardi Volmer. Pilet 3\u20ac t\u00e4iskasvanud\/ 1\u20ac lapsed.<br \/>\nkl 18.30 SP, Korvpall naistele! (ruumi jagub ikka uutele m\u00e4ngijatele!)<br \/>\nkl 19.00 KL ATH-laste vanemate tugigrupp. Grupp on komplekteeritud. T\u00e4psem info \u00d5nne Aas-Udam (<a href=\"mailto:onneaas.udam@gmail.com\" target=\"_blank\">onneaas.udam@gmail.com<\/a>)<br \/>\nkl 20 SP, Zumba<\/p>\n<p><strong>Reede,19, veebruar<\/strong><br \/>\nKl 14.30-15.30 SP, K\u00e4sipalliklubi HC Tallinn (tel 5510440)<br \/>\nkl 12.50-13.15 KL, V\u00e4ikekandle ring lastele. Juhendab Katrin J\u00e4rvlepp (lisainfo<a href=\"mailto:katrinjarvlepp362@gmail.com\" target=\"_blank\">katrinjarvlepp362@gmail.com<\/a>)<br \/>\nkl 13.15-14.45 KL, Klaveritunnid lastele. Juhendab Katrin J\u00e4rvlepp (lisainfo<a href=\"mailto:katrinjarvlepp362@gmail.com\" target=\"_blank\">katrinjarvlepp362@gmail.com<\/a>)<\/p>\n<p><strong>P\u00fchap\u00e4ev, 21. veebruar<\/strong><br \/>\nkl 11 KO, L\u00e4\u00e4ne-Harju Koerakasvatajate klubi kasvatajate t\u00e4iendkooliitusprogramm (lisa: <a href=\"http:\/\/www.lhkkk.eu\/\" target=\"_blank\">www.lhkkk.eu<\/a>)<br \/>\nkl 16.30 AT, Salsa. Juhendab Pirje Laagus. NB! 28. veebruaril alustab uus algajate kursus!\u00a0 Info \u00a0ja registreerumine 56615571, Pirje Laagus)<\/p>\n<p><strong>Iga p\u00e4ev: <\/strong><br \/>\nMuraste kogukonnakeskuses on avatud Paul Kerese 100. s\u00fcnniaastap\u00e4evale p\u00fchendatud malepartii k\u00f5igile huvilistele: tule ja tee oma k\u00e4ik suurmehe m\u00e4lestuseks! \u00a0Tehtud on juba \u00a023 k\u00e4iku, kuid m\u00e4ng ei paista veel l\u00f5ppevat!<\/p>\n","protected":false},"excerpt":{"rendered":"<p>N\u00c4DAL 7\u00a0MURASTES ehk tegevused Muraste koolimajas, kogukonnakeskuses, spordihoones, (SP spordisaal, KO kogukonnakeskuse ruum, AT aatrium, KL klassiruum) Esmasp\u00e4ev 15. veebruar\u00a0 kl 14-17 SP, Judoklubi AITADO kl 15 \u00a0Osalemine EV100 laste ja noorte looduse v\u00f5i liikumisharjumuste taotlusvooru v\u00f5itjate kokkusaamisel (Tallinnas) Kl 17-18 SP, K\u00e4sipalliklubi HC Tallinn (tel 5510440) kl 16.30 KL, Beebikool (Kristi Baumann, 5658959) kl<a class=\"moretag\" href=\"https:\/\/muraste.ee\/vana\/?page_id=1264\"><br \/>&#8230;Loe edasi<\/a><\/p>\n","protected":false},"author":2,"featured_media":0,"parent":0,"menu_order":0,"comment_status":"closed","ping_status":"closed","template":"","meta":{"_bbp_topic_count":0,"_bbp_reply_count":0,"_bbp_total_topic_count":0,"_bbp_total_reply_count":0,"_bbp_voice_count":0,"_bbp_anonymous_reply_count":0,"_bbp_topic_count_hidden":0,"_bbp_reply_count_hidden":0,"_bbp_forum_subforum_count":0,"_mc_calendar":[]},"_links":{"self":[{"href":"https:\/\/muraste.ee\/vana\/index.php?rest_route=\/wp\/v2\/pages\/1264"}],"collection":[{"href":"https:\/\/muraste.ee\/vana\/index.php?rest_route=\/wp\/v2\/pages"}],"about":[{"href":"https:\/\/muraste.ee\/vana\/index.php?rest_route=\/wp\/v2\/types\/page"}],"author":[{"embeddable":true,"href":"https:\/\/muraste.ee\/vana\/index.php?rest_route=\/wp\/v2\/users\/2"}],"replies":[{"embeddable":true,"href":"https:\/\/muraste.ee\/vana\/index.php?rest_route=%2Fwp%2Fv2%2Fcomments&post=1264"}],"version-history":[{"count":2,"href":"https:\/\/muraste.ee\/vana\/index.php?rest_route=\/wp\/v2\/pages\/1264\/revisions"}],"predecessor-version":[{"id":2183,"href":"https:\/\/muraste.ee\/vana\/index.php?rest_route=\/wp\/v2\/pages\/1264\/revisions\/2183"}],"wp:attachment":[{"href":"https:\/\/muraste.ee\/vana\/index.php?rest_route=%2Fwp%2Fv2%2Fmedia&parent=1264"}],"curies":[{"name":"wp","href":"https:\/\/api.w.org\/{rel}","templated":true}]}}