{"id":1269,"date":"2016-04-04T22:22:21","date_gmt":"2016-04-04T19:22:21","guid":{"rendered":"https:\/\/muraste.ee\/vana\/?page_id=1269"},"modified":"2016-08-16T14:01:31","modified_gmt":"2016-08-16T11:01:31","slug":"nadal-5","status":"publish","type":"page","link":"https:\/\/muraste.ee\/vana\/?page_id=1269","title":{"rendered":"N\u00e4dal 5"},"content":{"rendered":"<p><span class=\"il\">N\u00c4DAL<\/span> 5\u00a0MURASTES ehk tegevused Muraste koolimajas, kogukonnakeskuses, spordihoones,<\/p>\n<p><strong>Esmasp\u00e4ev 1. veebruar\u00a0<\/strong><br \/>\nkl 16.30 Kandletund (lapsed)<br \/>\nkl 17.30 V\u00e4ikekandleansambel LiULi<br \/>\nkl 19 Naiskoor &#8220;Meretule&#8221;. J\u00e4tkuvalt v\u00f5imalus liituda toreda laulurahvaga: kui k\u00f5hkled, tule kindlasti!<br \/>\nkl 20 Zumba<\/p>\n<div>\n<p><strong>Teisip\u00e4ev 2.veebruar<\/strong><br \/>\nkl 14.35 Fa Stuudio (muusikaring lastele)<br \/>\nkl 18.00 Inglise keele vestlusring, juhendab James Gill<br \/>\nkl 18.30-19.45 Uus seltskonnatantsu algajate kursus (8x, alates 19. jaanuar 2016; hind 65 \u20ac\/in)<br \/>\nkl 19.45 Seltskonnatantsude harjutustund -v\u00f5imalus \u00f5pitut kinnistada ja toredas seltskonnas jalga keerutada. Osalus 5 \u20ac\/in<br \/>\nkl 19 V\u00f5rkpall mehed\/naised.<\/p>\n<p><strong>Kolmap\u00e4ev 3. veebruar\u00a0<\/strong><br \/>\nkl 18.00 Kunstip\u00f5hine diaadit\u00f6\u00f6. Juhendaja: \u00d5nne Aas-Udam. Grupp on komplekteeritud (t\u00e4psem info: <a href=\"mailto:helve.keel@harku.ee\" target=\"_blank\">helve.keel@harku.ee<\/a>)<br \/>\nkl 18.45 Kundalini jooga<br \/>\nkl 19 Korvpall meestele (ruumi jagub ikka uutele m\u00e4ngijatele!)<\/p>\n<p><strong>Neljap\u00e4ev 4. veebruar<\/strong><br \/>\nkl 13.15 <strong>UUS! <\/strong><strong>Seeniorv\u00f5imlemine.<\/strong> \u00a0Esimene kogunemine kogukonnakeskuses v\u00e4ikeseks vestlusringiks ja edasiste plaanide tegemiseks. V\u00f5ta v\u00f5imlemiseks sobivad riided ka kaasa! \u00a0Osalustasu 3\u20ac. Juhendab Anne Kaar.<br \/>\nkl 18.30 Korvpall naistele! (ruumi jagub ikka uutele m\u00e4ngijatele!)<br \/>\nkl 20 Zumba<\/p>\n<p><strong>P\u00fchap\u00e4ev, <span class=\"il\">7<\/span>. veebrua<\/strong>r<\/p>\n<p>kl 16.30 Salsa. Juhendab Pirje Laagus.<\/p>\n<p><strong>Iga p\u00e4ev:<\/strong> Muraste kogukonnakeskuses on avatud Paul Kerese 100. s\u00fcnniaastap\u00e4evale p\u00fchendatud <strong>malepartii<\/strong> k\u00f5igile huvilistele: tule ja tee oma k\u00e4ik suurmehe m\u00e4lestuseks!<\/p>\n<p><strong>Tulekul:<\/strong><br \/>\n&#8211;<strong> Munakirjutamise meistriklass 9. veebruaril<\/strong><br \/>\nHea k\u00e4sit\u00f6\u00f6rahvas!\u00a0Teisip\u00e4eval, 9. veebruaril algusega kell 18 toimub Muraste k\u00e4sit\u00f6\u00f6toas eriliselt p\u00f5nev ettev\u00f5tmine: \u201eMunakirjutamise meistriklass\u201c Nestor Ljutjuki juhendamisel Ukraina Kultuurikeskusest. Munakirjutamise meistriklassis saame kogemuse v\u00f5rra rikkamaks ning \u00f5pime ja harjutame traditsioonilise Ukraina lihav\u00f5ttemuna ehk \u201e\u043f\u0438\u0441\u0430\u043d\u043a\u0430\u201c valmistamist. See on Ukraina Kultuurikeskuse \u00fcks p\u00f5nevamaid kursuseid ning iga\u00fcks, kes on saanud valmis kaunistatud muna Ukraina moodi, v\u00f5ib enda \u00fcle auga uhke olla.<br \/>\nK\u00f5ik vajalikud t\u00f6\u00f6vahendid on kohapeal olemas. Meistriklassi hind on 15 eurot.<br \/>\nNB! Et koolitus toimub vaid grupi t\u00e4itumisel (ja samas on kohtade arv piiratud), siis on seekord oluline k i n d e l registreerumine kohe v\u00f5i hiljemalt 4. veebruaril<a href=\"mailto:kogukonnakeskus@muraste.ee\" target=\"_blank\">kogukonnakeskus@muraste.ee<\/a>, 5253128 (Aule Kikas).<\/p>\n<p>&#8211; <strong>\u00d5\u00f5matk 23. veebruaril<\/strong>! \u00a0Vajame abilisi (supi jagamine, tehnika seadistamine,inventari transport (k\u00e4ru olemas), platsi ettevalmistus ja koristamine jne). Kui sul on soovi ja v\u00f5imalust meie k\u00fcla suurimale ettev\u00f5tmisele kaasa aidata, siis anna endast m\u00e4rku kogukonnakeskusesse!<br \/>\n&#8211;<strong>rootsi- ja inglise keele kursus algajatele; <\/strong>otsime j\u00e4tkuvalt inglise keele \u00f5petajat! Kui tead kedagi, kes sooviks tulla meie kandi keelehuvilistele pikemaks perioodiks partneriks, siis anna kohe teada!<br \/>\n<strong>&#8211; Wellness+ klubi<\/strong> (info: Kaie Mamontov)<br \/>\n<strong>Kuulutused:\u00a0<\/strong><br \/>\n&#8211; Muraste pere otsib vahvat <strong>lapsehoidjat<\/strong> pisut alla aastasele preilile. Huviline, palun anna endast teada <a href=\"mailto:kogukonnakeskus@muraste.ee\" target=\"_blank\">kogukonnakeskus@muraste.ee<\/a>;<br \/>\n&#8211; Laulasmaa spaa-ja konverentsihotell kutsub t\u00f6\u00f6le juuksuri (vt kuulutust!)<\/p>\n<p><strong>H\u00f5iked:<\/strong><br \/>\n<strong>T\u00e4ida ankeet! <\/strong>Kodukant Harjumaa kutsub \u00fcles andma panust \u00fchistesse arengutesse. Ilma kodaniku panuseta ei saavuta ka muudatuste tegemiseks vajalikke eelteadmisi. Aitame omalt poolt reaalselt kaasa, siis ei pea poe nurga \u00a0taga kiruma t\u00fchja, et midagi ei muutu! \ud83d\ude42\u00a0<em>Liikumine Kodukant viib koost\u00f6\u00f6s Politsei-ja Piirivalveametiga l\u00e4bi projekti, mille \u00fcks osa on heade koost\u00f6\u00f6n\u00e4idete kogumine ja anal\u00fc\u00fcsimine. Selle tulemusena valmib kevadel piirkondliku politseit\u00f6\u00f6 juhendi juurde kogukodliku politseit\u00f6\u00f6 \u00a0hea tava. Ole hea\u00a0ja aita kaasa, jagades kogemusi oma kodukohast. Selleks palun sul t\u00e4ita k\u00fcsimustik, mis asub aadressil:\u00a0<a href=\"http:\/\/muraste.us10.list-manage.com\/track\/click?u=d5ab2f2126e69ea10592e337e&amp;id=b47b29c519&amp;e=3e34d0b1fa\" target=\"_blank\">http:\/\/goo.gl\/<wbr \/>forms\/xx0lSB1yzh<\/a>\u00a0Ole hea ja vasta kohe!\u00a0Ait\u00e4h juba ette! T\u00e4psustused Ammeli Kana, tel\u00a0<\/em><em>530 800 29<\/em><br \/>\n<strong>Ootame vabatahtlikke!<\/strong> Muraste k\u00fclaseltsi juhatus kutsub abilisi kogukonnale suunatud\u00a0erinevate tegevuste ettevalmistamiseks\u00a0ja l\u00e4biviimiseks. Ole hea, astu sulle sobival ajal kogukonnakeskusest l\u00e4bi kas oma ideega v\u00f5i leia meie tegevus- ja ideedekavast omale meelep\u00e4rane \u00fcritus, mille kordaminekule\u00a0saad olla toeks. Koos teeme rohkem ja paremini! Palun, k\u00f5ik abik\u00e4ed on teretulnud!<\/p>\n<p><strong>Teenused koduk\u00fclas<\/strong>.\u00a0Oleme valmistamas ette uut k\u00fcla(seltsi) koduelehek\u00fclge. Soovime sinna teha rubriigi oma k\u00fcla ettev\u00f5tjatest\/teenuse pakkujatest. Ei ole oluline, kas oled firma v\u00f5i eraisik: kui sul on kuldsed k\u00e4ed ja mingi oskus (torud, elekter, plaatimine, tehnika paigaldus, k\u00fc\u00fcned, ripsmed, autoremont, IT-t\u00f6\u00f6d\u00a0v\u00f5i mis iganes) &#8211; siis anna endast m\u00e4rku. Pakume teenuseid ja tooteid koduk\u00fclas otse ja omadele:)<\/p>\n<p><strong>Uus &#8220;Meie Muraste&#8221; ettevalmistamisel.<\/strong> Kui sul on m\u00f5te, mis v\u00f5iks lehes saada lehepinda, anna sellest teada! Oodatud artiklid, fotod, luuletused, reklaamid ehk k\u00f5ik, mis \u00fches k\u00fcla lehes olla v\u00f5iks:)<\/p>\n<\/div>\n","protected":false},"excerpt":{"rendered":"<p>N\u00c4DAL 5\u00a0MURASTES ehk tegevused Muraste koolimajas, kogukonnakeskuses, spordihoones, Esmasp\u00e4ev 1. veebruar\u00a0 kl 16.30 Kandletund (lapsed) kl 17.30 V\u00e4ikekandleansambel LiULi kl 19 Naiskoor &#8220;Meretule&#8221;. J\u00e4tkuvalt v\u00f5imalus liituda toreda laulurahvaga: kui k\u00f5hkled, tule kindlasti! kl 20 Zumba Teisip\u00e4ev 2.veebruar kl 14.35 Fa Stuudio (muusikaring lastele) kl 18.00 Inglise keele vestlusring, juhendab James Gill kl 18.30-19.45 Uus seltskonnatantsu<a class=\"moretag\" href=\"https:\/\/muraste.ee\/vana\/?page_id=1269\"><br \/>&#8230;Loe edasi<\/a><\/p>\n","protected":false},"author":2,"featured_media":0,"parent":0,"menu_order":0,"comment_status":"closed","ping_status":"closed","template":"nadalakava.php","meta":{"_bbp_topic_count":0,"_bbp_reply_count":0,"_bbp_total_topic_count":0,"_bbp_total_reply_count":0,"_bbp_voice_count":0,"_bbp_anonymous_reply_count":0,"_bbp_topic_count_hidden":0,"_bbp_reply_count_hidden":0,"_bbp_forum_subforum_count":0,"_mc_calendar":[]},"_links":{"self":[{"href":"https:\/\/muraste.ee\/vana\/index.php?rest_route=\/wp\/v2\/pages\/1269"}],"collection":[{"href":"https:\/\/muraste.ee\/vana\/index.php?rest_route=\/wp\/v2\/pages"}],"about":[{"href":"https:\/\/muraste.ee\/vana\/index.php?rest_route=\/wp\/v2\/types\/page"}],"author":[{"embeddable":true,"href":"https:\/\/muraste.ee\/vana\/index.php?rest_route=\/wp\/v2\/users\/2"}],"replies":[{"embeddable":true,"href":"https:\/\/muraste.ee\/vana\/index.php?rest_route=%2Fwp%2Fv2%2Fcomments&post=1269"}],"version-history":[{"count":2,"href":"https:\/\/muraste.ee\/vana\/index.php?rest_route=\/wp\/v2\/pages\/1269\/revisions"}],"predecessor-version":[{"id":2182,"href":"https:\/\/muraste.ee\/vana\/index.php?rest_route=\/wp\/v2\/pages\/1269\/revisions\/2182"}],"wp:attachment":[{"href":"https:\/\/muraste.ee\/vana\/index.php?rest_route=%2Fwp%2Fv2%2Fmedia&parent=1269"}],"curies":[{"name":"wp","href":"https:\/\/api.w.org\/{rel}","templated":true}]}}