{"id":1273,"date":"2016-04-04T22:23:35","date_gmt":"2016-04-04T19:23:35","guid":{"rendered":"https:\/\/muraste.ee\/vana\/?page_id=1273"},"modified":"2016-08-16T14:00:21","modified_gmt":"2016-08-16T11:00:21","slug":"nadal-4","status":"publish","type":"page","link":"https:\/\/muraste.ee\/vana\/?page_id=1273","title":{"rendered":"N\u00e4dal 4"},"content":{"rendered":"<p><strong><span class=\"il\">N\u00c4DAL<\/span> <span class=\"il\">4<\/span>\u00a0MURASTES ehk<br \/>\ntegevused Muraste koolimajas, kogukonnakeskuses, spordihoones<\/strong><\/p>\n<p>Esmasp\u00e4ev 25. jaanuar<br \/>\nkl 19 Naiskoor &#8220;Meretule&#8221;. J\u00e4tkuvalt v\u00f5imalus liituda toreda laulurahvaga: kui k\u00f5hkled, tule kindlasti!<br \/>\nkl 20 Zumba<\/p>\n<div>\n<p>Teisip\u00e4ev 26. jaanuar<br \/>\nkl 14.35 Fa Stuudio (muusikaring lastele)<br \/>\nkl 18.00 Inglise keele vestlusring, juhendab James Gill<br \/>\nkl 18.30-19.45 <strong>Uus<\/strong> seltskonnatantsu algajate kursus (8x,\u00a0alates 19. jaanuar 2016; hind 65 \u20ac\/in)<br \/>\nkl 19.45 Seltskonnatantsude harjutustund -v\u00f5imalus \u00f5pitut kinnistada ja toredas seltskonnas jalga keerutada. Osalus 5 \u20ac\/in<br \/>\nkl 19 V\u00f5rkpall mehed\/naised. S\u00f5puskohtumine Alasniidu v\u00f5rkpalluritega. Oodatud ergutajad-kaasaelajad, miks mitte ka tantsut\u00fcdrukud:)<\/p>\n<p>Kolmap\u00e4ev 27. jaanuar<br \/>\nkl 18.00 Kunstip\u00f5hine diaadit\u00f6\u00f6. Juhendaja: \u00d5nne Aas-Udam. Grupp on komplekteeritud (t\u00e4psem info: <a href=\"mailto:helve.keel@harku.ee\" target=\"_blank\">helve.keel@harku.ee<\/a>)<br \/>\nkl 18.30 K\u00fclaseltsi juhatuse koosolek<br \/>\nkl 20 \u00d6\u00f6matka ettevalmistav koosolek.\u00a0NB! Oodatud vabatahtlikud, kes on valmis panustama toreda s\u00fcndmuse ettevalmistamisse. Vabatahtlik, anna endast m\u00e4rku kogukonnakeskusesse!<br \/>\nkl 18.45 Kundalini jooga<br \/>\nkl 19 Korvpall meestele (ruumi jagub ikka uutele m\u00e4ngijatele!)<\/p>\n<p>Neljap\u00e4ev 28. jaanuar<br \/>\nkl 18.30 Korvpall naistele!\u00a0(ruumi jagub ikka uutele m\u00e4ngijatele!)<br \/>\nkl 18.30 Kodune filmi\u00f5htu: <strong>Must Alpinis<\/strong>t<\/p>\n<p>P\u00fchap\u00e4ev, 31. jaanuar<br \/>\nkl 16.30 Salsa. Juhendab Pirje Laagus.<\/p>\n<p>Iga p\u00e4ev: Muraste kogukonnakeskuses on avatud Paul Kerese 100. s\u00fcnniaastap\u00e4evale p\u00fchendatud <strong>malepartii<\/strong> k\u00f5igile huvilistele: tule ja tee oma k\u00e4ik suurmehe m\u00e4lestuseks!<\/p>\n<p><strong>Tulekul:<\/strong><br \/>\n&#8211; rootsi- ja inglise keele kursus algajatele;<br \/>\n&#8211; seeniorv\u00f5imlemine alates <span class=\"il\">4<\/span>. veebruarist, juhendaja Anne Kaar (huvilised, ande endast m\u00e4rku!);<br \/>\n&#8211; Wellness+ klubi;<\/p>\n<p><strong>Kuulutused:\u00a0<\/strong><br \/>\n&#8211; Muraste pere otsib vahvat hoidjat pisut alla aastasele preilile. Huviline, \u00a0palun anna endast teada\u00a0<a href=\"mailto:kogukonnakeskus@muraste.ee\" target=\"_blank\">kogukonnakeskus@muraste.<wbr \/>ee<\/a>;<\/p>\n<\/div>\n","protected":false},"excerpt":{"rendered":"<p>N\u00c4DAL 4\u00a0MURASTES ehk tegevused Muraste koolimajas, kogukonnakeskuses, spordihoones Esmasp\u00e4ev 25. jaanuar kl 19 Naiskoor &#8220;Meretule&#8221;. J\u00e4tkuvalt v\u00f5imalus liituda toreda laulurahvaga: kui k\u00f5hkled, tule kindlasti! kl 20 Zumba Teisip\u00e4ev 26. jaanuar kl 14.35 Fa Stuudio (muusikaring lastele) kl 18.00 Inglise keele vestlusring, juhendab James Gill kl 18.30-19.45 Uus seltskonnatantsu algajate kursus (8x,\u00a0alates 19. jaanuar 2016; hind<a class=\"moretag\" href=\"https:\/\/muraste.ee\/vana\/?page_id=1273\"><br \/>&#8230;Loe edasi<\/a><\/p>\n","protected":false},"author":2,"featured_media":0,"parent":0,"menu_order":0,"comment_status":"closed","ping_status":"closed","template":"","meta":{"_bbp_topic_count":0,"_bbp_reply_count":0,"_bbp_total_topic_count":0,"_bbp_total_reply_count":0,"_bbp_voice_count":0,"_bbp_anonymous_reply_count":0,"_bbp_topic_count_hidden":0,"_bbp_reply_count_hidden":0,"_bbp_forum_subforum_count":0,"_mc_calendar":[]},"_links":{"self":[{"href":"https:\/\/muraste.ee\/vana\/index.php?rest_route=\/wp\/v2\/pages\/1273"}],"collection":[{"href":"https:\/\/muraste.ee\/vana\/index.php?rest_route=\/wp\/v2\/pages"}],"about":[{"href":"https:\/\/muraste.ee\/vana\/index.php?rest_route=\/wp\/v2\/types\/page"}],"author":[{"embeddable":true,"href":"https:\/\/muraste.ee\/vana\/index.php?rest_route=\/wp\/v2\/users\/2"}],"replies":[{"embeddable":true,"href":"https:\/\/muraste.ee\/vana\/index.php?rest_route=%2Fwp%2Fv2%2Fcomments&post=1273"}],"version-history":[{"count":2,"href":"https:\/\/muraste.ee\/vana\/index.php?rest_route=\/wp\/v2\/pages\/1273\/revisions"}],"predecessor-version":[{"id":2181,"href":"https:\/\/muraste.ee\/vana\/index.php?rest_route=\/wp\/v2\/pages\/1273\/revisions\/2181"}],"wp:attachment":[{"href":"https:\/\/muraste.ee\/vana\/index.php?rest_route=%2Fwp%2Fv2%2Fmedia&parent=1273"}],"curies":[{"name":"wp","href":"https:\/\/api.w.org\/{rel}","templated":true}]}}