{"id":1277,"date":"2016-04-04T22:25:39","date_gmt":"2016-04-04T19:25:39","guid":{"rendered":"https:\/\/muraste.ee\/vana\/?page_id=1277"},"modified":"2016-08-16T13:59:41","modified_gmt":"2016-08-16T10:59:41","slug":"nadal-3","status":"publish","type":"page","link":"https:\/\/muraste.ee\/vana\/?page_id=1277","title":{"rendered":"N\u00e4dal 3"},"content":{"rendered":"<p><strong><span class=\"il\">N\u00c4DAL<\/span> <span class=\"il\">3<\/span> MURASTES ehk<br \/>\ntegevused Muraste koolimajas, kogukonnakeskuses, spordihoones<\/strong><\/p>\n<p><strong>Esmasp\u00e4ev 18. jaanuar\u00a0<\/strong><br \/>\nkl 16.30 v\u00e4ikekande tund<br \/>\nkl 17.30 v\u00e4ikekandleansambel\u00a0LiULi<br \/>\nkl 18 K\u00fclaseltsi juhatuse kohtumine vallavanemaga.<br \/>\nkl 19 Tabasalus j\u00f5uluuuskede p\u00f5letamine (vt lisakuulutust)<br \/>\nkl 19 Naiskoor &#8220;Meretule&#8221;. J\u00e4tkuvalt v\u00f5imalus liituda toreda laulurahvaga: kui k\u00f5hkled, tule kindlasti!<br \/>\nkl 20 Zumba<\/p>\n<div>\n<p>Teisip\u00e4ev 19. jaanuar<br \/>\nkl 14.35 Fa Stuudio (muusikaring lastele)<br \/>\nkl 18.00 Inglise keele vestlusring, juhendab James Gill<br \/>\nkl 18.30-19.45 <strong>Uus<\/strong> seltskonnatantsu algajate kursus (8x,\u00a0alates 19. jaanuar 2016; hind 65 \u20ac\/in)<br \/>\nkl 19.45 Seltskonnatantsude harjutustund -v\u00f5imalus \u00f5pitut kinnistada ja toredas seltskonnas jalga keerutada. Osalus 5 \u20ac\/in<br \/>\nkl 19 V\u00f5rkpall mehed\/naised. S\u00f5puskohtumine Alasniidu v\u00f5rkpalluritega. Oodatud ergutajad-kaasaelajad, miks mitte ka tantsut\u00fcdrukud:)<\/p>\n<p>Kolmap\u00e4ev 20. jaanuar<br \/>\nkl 18.00 Kunstip\u00f5hine diaadit\u00f6\u00f6. Juhendajad: \u00d5nne Aas-Udam ja Katrin Saliste. Grupp on komplekteeritud (t\u00e4psem info: <a href=\"mailto:helve.keel@harku.ee\" target=\"_blank\">helve.keel@harku.ee<\/a>)<br \/>\nkl 18 Turvalisuse t\u00f6\u00f6r\u00fchma koosolek<br \/>\nkl 18.45 Kundalini jooga<br \/>\nkl 19 Korvpall meestele (ruumi jagub ikka uutele m\u00e4ngijatele!)<\/p>\n<p>Neljap\u00e4ev 21. jaanuar<br \/>\nkl 18.30 Korvpall! P\u00f5nev <strong>s\u00f5pruskohtumine<\/strong>\u00a0meie nais- ja meeskonna vahel! \u00a0Mehed, hoidke alt, naised on meil visad ja \u00e4gedad! Kaasaelajad on samuti\u00a0oodatud;)<br \/>\nkl 20 Extra! <strong>Zumbapidu!<\/strong><\/p>\n<p>Reede 22. jaanuar<br \/>\nK\u00fclaseltsi juhatuse seminar \u00a0(majast v\u00e4ljas).<\/p>\n<p>P\u00fchap\u00e4ev, 24. jaanuar<br \/>\nkl 16.30 Salsa<\/p>\n<p>Iga p\u00e4ev: Muraste kogukonnakeskuses on avatud Paul Kerese 100. s\u00fcnniaastap\u00e4evale p\u00fchendatud <strong>malepartii<\/strong> k\u00f5igile huvilistele: tule ja tee oma k\u00e4ik suurmehe m\u00e4lestuseks!<\/p>\n<\/div>\n","protected":false},"excerpt":{"rendered":"<p>N\u00c4DAL 3 MURASTES ehk tegevused Muraste koolimajas, kogukonnakeskuses, spordihoones Esmasp\u00e4ev 18. jaanuar\u00a0 kl 16.30 v\u00e4ikekande tund kl 17.30 v\u00e4ikekandleansambel\u00a0LiULi kl 18 K\u00fclaseltsi juhatuse kohtumine vallavanemaga. kl 19 Tabasalus j\u00f5uluuuskede p\u00f5letamine (vt lisakuulutust) kl 19 Naiskoor &#8220;Meretule&#8221;. J\u00e4tkuvalt v\u00f5imalus liituda toreda laulurahvaga: kui k\u00f5hkled, tule kindlasti! kl 20 Zumba Teisip\u00e4ev 19. jaanuar kl 14.35 Fa Stuudio<a class=\"moretag\" href=\"https:\/\/muraste.ee\/vana\/?page_id=1277\"><br \/>&#8230;Loe edasi<\/a><\/p>\n","protected":false},"author":2,"featured_media":0,"parent":0,"menu_order":0,"comment_status":"closed","ping_status":"closed","template":"nadalakava.php","meta":{"_bbp_topic_count":0,"_bbp_reply_count":0,"_bbp_total_topic_count":0,"_bbp_total_reply_count":0,"_bbp_voice_count":0,"_bbp_anonymous_reply_count":0,"_bbp_topic_count_hidden":0,"_bbp_reply_count_hidden":0,"_bbp_forum_subforum_count":0,"_mc_calendar":[]},"_links":{"self":[{"href":"https:\/\/muraste.ee\/vana\/index.php?rest_route=\/wp\/v2\/pages\/1277"}],"collection":[{"href":"https:\/\/muraste.ee\/vana\/index.php?rest_route=\/wp\/v2\/pages"}],"about":[{"href":"https:\/\/muraste.ee\/vana\/index.php?rest_route=\/wp\/v2\/types\/page"}],"author":[{"embeddable":true,"href":"https:\/\/muraste.ee\/vana\/index.php?rest_route=\/wp\/v2\/users\/2"}],"replies":[{"embeddable":true,"href":"https:\/\/muraste.ee\/vana\/index.php?rest_route=%2Fwp%2Fv2%2Fcomments&post=1277"}],"version-history":[{"count":2,"href":"https:\/\/muraste.ee\/vana\/index.php?rest_route=\/wp\/v2\/pages\/1277\/revisions"}],"predecessor-version":[{"id":2180,"href":"https:\/\/muraste.ee\/vana\/index.php?rest_route=\/wp\/v2\/pages\/1277\/revisions\/2180"}],"wp:attachment":[{"href":"https:\/\/muraste.ee\/vana\/index.php?rest_route=%2Fwp%2Fv2%2Fmedia&parent=1277"}],"curies":[{"name":"wp","href":"https:\/\/api.w.org\/{rel}","templated":true}]}}