{"id":1283,"date":"2016-04-04T22:33:53","date_gmt":"2016-04-04T19:33:53","guid":{"rendered":"https:\/\/muraste.ee\/vana\/?page_id=1283"},"modified":"2016-04-04T22:33:53","modified_gmt":"2016-04-04T19:33:53","slug":"nadal-2","status":"publish","type":"page","link":"https:\/\/muraste.ee\/vana\/?page_id=1283","title":{"rendered":"N\u00e4dal 2"},"content":{"rendered":"<p><strong>N\u00c4DAL 2 MURASTES ehk<br \/>\ntegevused Muraste koolimajas, kogukonnakeskuses, spordihoones<\/strong><\/p>\n<p><strong>Esmasp\u00e4ev 11. jaanuar\u00a0<\/strong><br \/>\nkl 19 Naiskoor &#8220;Meretule&#8221;. J\u00e4tkuvalt v\u00f5imalus liituda toreda laulurahvaga: kui k\u00f5hkled, tule kindlasti!<br \/>\nkl 19.45 Liikumisklubi: Ujume Tabasalu Spordikompleksis. Ujumistehnikat lihvib Priit Ailt. Juhendamise tasu koos ujula p\u00e4\u00e4smega t\u00e4iskasvanule 10 eurot. Lihtsalt liikuma!<br \/>\nkl 20 Zumba<\/p>\n<div>\n<p>Teisip\u00e4ev 12. jaanuar<br \/>\nkl 14.35 Fa Stuudio (muusikaring lastele)<br \/>\nkl 18.00 Inglise keele vestlusring, juhendab James Gill<br \/>\nkl 18.30 K\u00e4sit\u00f6\u00f6tuba<br \/>\nkl 19.45 Seltskonnatantsude harjutustund -v\u00f5imalus \u00f5pitut kinnistada ja toredas seltskonnas jalga keerutada. Osalus 5 \u20ac\/in<br \/>\nEELTEADE! Uus seltskonnatantsu algajate kursus alates 19. jaanuar 2016 teisip\u00e4eviti kell 18.30-19.45. Hind 65 \u20ac\/in.<br \/>\nkl 19 V\u00f5rkpall mehed\/naised<\/p>\n<p>Kolmap\u00e4ev 13. jaanuar<br \/>\nkl 18.00 Kunstip\u00f5hine diaadit\u00f6\u00f6. Juhendajad: \u00d5nne Aas-Udam ja Katrin Saliste. Grupp on komplekteeritud (t\u00e4psem info: helve.keel@harku.ee)<br \/>\nkl 18.30 K\u00fclaselsti juhatuse koosolek<br \/>\nkl 18.45 Kundalini jooga<br \/>\nkl 19 Korvpall meestele (ruumi jagub ikka uutele m\u00e4ngijatele!)<\/p>\n<p>Neljap\u00e4ev 14. jaanuar<br \/>\nkl 18.30 Korvpall naistele (ruumi on j\u00e4tkuvalt uutele m\u00e4ngijatele, huvilised on v\u00e4ga oodatud!)<br \/>\nkl 19.00 ATH-laste vanemate tugigrupp. Grupp on komplekteeritud. T\u00e4psem info \u00d5nne Aas-Udam (onneaas.udam@gmail.com)<br \/>\nkl 20 Zumba<\/p>\n<p>P\u00fchap\u00e4ev, 17. jaanuar<br \/>\nKl 11 Mudelistide treening (klubi liikmed)<br \/>\nKl 16.30 Salsa<\/p>\n<p>Iga p\u00e4ev: Muraste kogukonnakeskuses on avatud Paul Kerese 100. s\u00fcnniaastap\u00e4evale p\u00fchendatud <strong>malepartii<\/strong> k\u00f5igile huvilistele: tule ja tee oma k\u00e4ik suurmehe m\u00e4lestuseks!<\/p>\n<p>Tulekul:\u00a028. jaanuaril kell 18.30 filmi\u00f5htu &#8211;\u00a0\u00a0&#8220;Must alpinist&#8221;<\/p>\n<p><strong>Kuulutused:\u00a0<\/strong><br \/>\n&#8211; Laulasmaa spaa-ja konverentsihotell otsib\u00a0toateenijaid. Huviliised, lugege palun lisas olevat kuulutust &#8211; leiate endale toreda t\u00f6\u00f6koha;<br \/>\n&#8211; Muraste pere otsib vahvat hoidjat pisut alla aastasele preilile. Huviline, saada palun enda tutvustus kogukonnakeskus@muraste.ee;<\/p>\n<\/div>\n","protected":false},"excerpt":{"rendered":"<p>N\u00c4DAL 2 MURASTES ehk tegevused Muraste koolimajas, kogukonnakeskuses, spordihoones Esmasp\u00e4ev 11. jaanuar\u00a0 kl 19 Naiskoor &#8220;Meretule&#8221;. J\u00e4tkuvalt v\u00f5imalus liituda toreda laulurahvaga: kui k\u00f5hkled, tule kindlasti! kl 19.45 Liikumisklubi: Ujume Tabasalu Spordikompleksis. Ujumistehnikat lihvib Priit Ailt. Juhendamise tasu koos ujula p\u00e4\u00e4smega t\u00e4iskasvanule 10 eurot. Lihtsalt liikuma! kl 20 Zumba Teisip\u00e4ev 12. jaanuar kl 14.35 Fa Stuudio<a class=\"moretag\" href=\"https:\/\/muraste.ee\/vana\/?page_id=1283\"><br \/>&#8230;Loe edasi<\/a><\/p>\n","protected":false},"author":2,"featured_media":0,"parent":0,"menu_order":0,"comment_status":"closed","ping_status":"closed","template":"nadalakava.php","meta":{"_bbp_topic_count":0,"_bbp_reply_count":0,"_bbp_total_topic_count":0,"_bbp_total_reply_count":0,"_bbp_voice_count":0,"_bbp_anonymous_reply_count":0,"_bbp_topic_count_hidden":0,"_bbp_reply_count_hidden":0,"_bbp_forum_subforum_count":0,"_mc_calendar":[]},"_links":{"self":[{"href":"https:\/\/muraste.ee\/vana\/index.php?rest_route=\/wp\/v2\/pages\/1283"}],"collection":[{"href":"https:\/\/muraste.ee\/vana\/index.php?rest_route=\/wp\/v2\/pages"}],"about":[{"href":"https:\/\/muraste.ee\/vana\/index.php?rest_route=\/wp\/v2\/types\/page"}],"author":[{"embeddable":true,"href":"https:\/\/muraste.ee\/vana\/index.php?rest_route=\/wp\/v2\/users\/2"}],"replies":[{"embeddable":true,"href":"https:\/\/muraste.ee\/vana\/index.php?rest_route=%2Fwp%2Fv2%2Fcomments&post=1283"}],"version-history":[{"count":1,"href":"https:\/\/muraste.ee\/vana\/index.php?rest_route=\/wp\/v2\/pages\/1283\/revisions"}],"predecessor-version":[{"id":1285,"href":"https:\/\/muraste.ee\/vana\/index.php?rest_route=\/wp\/v2\/pages\/1283\/revisions\/1285"}],"wp:attachment":[{"href":"https:\/\/muraste.ee\/vana\/index.php?rest_route=%2Fwp%2Fv2%2Fmedia&parent=1283"}],"curies":[{"name":"wp","href":"https:\/\/api.w.org\/{rel}","templated":true}]}}