{"id":1287,"date":"2016-04-04T22:36:08","date_gmt":"2016-04-04T19:36:08","guid":{"rendered":"https:\/\/muraste.ee\/vana\/?page_id=1287"},"modified":"2016-04-04T22:36:08","modified_gmt":"2016-04-04T19:36:08","slug":"nadal-1","status":"publish","type":"page","link":"https:\/\/muraste.ee\/vana\/?page_id=1287","title":{"rendered":"N\u00e4dal 1"},"content":{"rendered":"<p><u><strong><span class=\"il\">N\u00e4dal<\/span> <span class=\"il\">1<\/span> Murastes <\/strong><\/u>ehk tegevused Muraste koolimajas, kogukonnakeskuses, spordihoones ning teated, t\u00e4helepanekud, m\u00e4rkamised.<\/p>\n<p><strong>Esmasp\u00e4ev 4. jaanuar<\/strong><br \/>\nKl 17.30 V\u00e4ikekandle ansambel LiULi.<br \/>\nkl 19 Naiskoor &#8220;Meretule&#8221;. J\u00e4tkuvalt v\u00f5imalus liituda toreda laulurahvaga: kui k\u00f5hkled, tule kindlasti!<br \/>\nkl 20 Zumba<\/p>\n<p><strong>Teisip\u00e4ev 5. jaanuar<\/strong><br \/>\nKl 18.30 Inglise keele vestlusring, juhendab James Gill<br \/>\nkl 19.45 Seltskonnatantsude harjutustund -v\u00f5imalus \u00f5pitut kinnistada ja toredas seltskonnas jalga keerutada. Osalus \u00a05 \u20ac\/in<br \/>\nEELTEADE! Uus seltskonnatantsu algajate kursus alates 19. jaanuar 2016 teisip\u00e4eviti kell 18.30-19.45. Hind 65 \u20ac\/in.<br \/>\nkl 19 V\u00f5rkpall mehed\/naised<\/p>\n<p><strong>Kolmap\u00e4ev 6. jaanuar<\/strong><br \/>\nkl 18:00 Kunstip\u00f5hine diaadit\u00f6\u00f6. Juhendajad: \u00d5nne Aas-Udam ja Katrin Saliste. Grupp on komplekteeritud (t\u00e4psem info: <a href=\"mailto:helve.keel@harku.ee\" target=\"_blank\">helve.keel@harku.ee<\/a>)<br \/>\nkl 18.45 Kundalini jooga<br \/>\nkl 19 Korvpall meestele (ruumi jagub ikka uutele m\u00e4ngijatele!)<br \/>\nkl 19 Kandleansambli LiULi esinemine restoranis Seller (vt kuulutus)<\/p>\n<p><strong>Neljap\u00e4ev 7. jaanuar<\/strong><br \/>\nkl 18.30 Korvpall naistele (ruumi on j\u00e4tkuvalt uutele m\u00e4ngijatele, huvilised on v\u00e4ga oodatud!)<br \/>\nkl 20 Zumba<\/p>\n<p><u><strong>Teated, t\u00e4helepanekud, m\u00e4rkamised<\/strong><\/u><br \/>\nLaulasmaa spaa-ja konverentsihotell on otsimas endale<strong> kokka<\/strong>. Kui teate kedagi, kes teaks kedagi, siis jagage allpool olevat kuulutust! Hotellirahvas on v\u00e4ga t\u00e4nulik!<\/p>\n<p>Panga ja mere vahelises metsas on taas mitu noort kuusepuud, kelle\u00a0kaunist \u00fclemisest osast on saanud t\u00f5en\u00e4oliselt m\u00f5ne pere\u00a0<strong>j\u00f5ulupuu<\/strong>&#8230; \u00a0Poolikult metsaj\u00e4\u00e4nu aga nutab&#8230;<\/p>\n<p>K\u00e4sit\u00f6\u00f6rahvas! <strong>K\u00e4sit\u00f6\u00f6tuba<\/strong> toimub teisip\u00e4eval, 12. jaanuaril kell 18. Sel korral valmistame Sireti juhedamisel vahvaid taskusoojendajaid:) Osalus 3 eurot, k\u00f5ik vajaminev on olemas kohapeal. \u00a0Olge liinil!<\/p>\n<p>Kes soovib saata k\u00fcla jaoks olulist teavet n\u00e4dala<strong> infokirja<\/strong>, siis teadmiseks: \u00a0teadete edastamise t\u00e4htaeg on esmasp\u00e4eviti kell 10.<\/p>\n<p>Oodatud on kaast\u00f6\u00f6d- t\u00e4helepanekud &#8211; m\u00f5tted <strong>&#8220;Meie Muraste&#8221;<\/strong> talvise lehenumbri jaoks! \u00c4rge olge tagasihoidlikud &#8211; see on ju meie k\u00fcla leht!<\/p>\n<p>J\u00e4tkuvalt otsime inglise keele \u00f5petajat uuesti keele\u00f5pingutega alustada soovijatele.\u00a0K\u00f5ik soovitused ja pakkumised on teretulnud!<\/p>\n<p>T\u00e4psustused ja info: <a href=\"mailto:kogukonnakeskus@muraste.ee\" target=\"_blank\">kogukonnakeskus@muraste.ee<\/a>; 5253128 (Aule Kikas) v\u00f5i flaieritel olevatel kontaktidel.<\/p>\n","protected":false},"excerpt":{"rendered":"<p>N\u00e4dal 1 Murastes ehk tegevused Muraste koolimajas, kogukonnakeskuses, spordihoones ning teated, t\u00e4helepanekud, m\u00e4rkamised. Esmasp\u00e4ev 4. jaanuar Kl 17.30 V\u00e4ikekandle ansambel LiULi. kl 19 Naiskoor &#8220;Meretule&#8221;. J\u00e4tkuvalt v\u00f5imalus liituda toreda laulurahvaga: kui k\u00f5hkled, tule kindlasti! kl 20 Zumba Teisip\u00e4ev 5. jaanuar Kl 18.30 Inglise keele vestlusring, juhendab James Gill kl 19.45 Seltskonnatantsude harjutustund -v\u00f5imalus \u00f5pitut kinnistada<a class=\"moretag\" href=\"https:\/\/muraste.ee\/vana\/?page_id=1287\"><br \/>&#8230;Loe edasi<\/a><\/p>\n","protected":false},"author":2,"featured_media":0,"parent":0,"menu_order":0,"comment_status":"closed","ping_status":"closed","template":"nadalakava.php","meta":{"_bbp_topic_count":0,"_bbp_reply_count":0,"_bbp_total_topic_count":0,"_bbp_total_reply_count":0,"_bbp_voice_count":0,"_bbp_anonymous_reply_count":0,"_bbp_topic_count_hidden":0,"_bbp_reply_count_hidden":0,"_bbp_forum_subforum_count":0,"_mc_calendar":[]},"_links":{"self":[{"href":"https:\/\/muraste.ee\/vana\/index.php?rest_route=\/wp\/v2\/pages\/1287"}],"collection":[{"href":"https:\/\/muraste.ee\/vana\/index.php?rest_route=\/wp\/v2\/pages"}],"about":[{"href":"https:\/\/muraste.ee\/vana\/index.php?rest_route=\/wp\/v2\/types\/page"}],"author":[{"embeddable":true,"href":"https:\/\/muraste.ee\/vana\/index.php?rest_route=\/wp\/v2\/users\/2"}],"replies":[{"embeddable":true,"href":"https:\/\/muraste.ee\/vana\/index.php?rest_route=%2Fwp%2Fv2%2Fcomments&post=1287"}],"version-history":[{"count":1,"href":"https:\/\/muraste.ee\/vana\/index.php?rest_route=\/wp\/v2\/pages\/1287\/revisions"}],"predecessor-version":[{"id":1289,"href":"https:\/\/muraste.ee\/vana\/index.php?rest_route=\/wp\/v2\/pages\/1287\/revisions\/1289"}],"wp:attachment":[{"href":"https:\/\/muraste.ee\/vana\/index.php?rest_route=%2Fwp%2Fv2%2Fmedia&parent=1287"}],"curies":[{"name":"wp","href":"https:\/\/api.w.org\/{rel}","templated":true}]}}