{"id":132,"date":"2015-11-23T20:36:38","date_gmt":"2015-11-23T18:36:38","guid":{"rendered":"https:\/\/muraste.ee\/vana\/?page_id=132"},"modified":"2023-10-16T15:33:14","modified_gmt":"2023-10-16T12:33:14","slug":"anna-teada","status":"publish","type":"page","link":"https:\/\/muraste.ee\/vana\/?page_id=132","title":{"rendered":"Teavita probleemist"},"content":{"rendered":"<p>Kui m\u00e4rkad l\u00e4bip\u00f5lenud t\u00e4navalaterna pirni v\u00f5i tunnetad teeauku Muraste t\u00e4navatel, siis anna sellest teada: <a href=\"mailto:abi@annateada.ee\">abi@annateada.ee<\/a> on keskkond, mida saab kasutada veebist v\u00f5i nutitelefonist ning on k\u00f5ige \u00f5igem koht, kuhu selline teavitus saata. Kirja loeb Eesti Linnade ja Valdade Liit<\/p>\n<p>Keskkonna haldaja, AS Andmevara t\u00e4psustab: &#8220;Selle veebilehe abil saad teavitada kohalikku omavalitsust v\u00f5i Maanteeametit heakorraprobleemist, n\u00e4iteks pr\u00fcgihunnik metsa all, n\u00f5uetele mitte vastav tee, lahtine kaev, t\u00e4navavalgustuse lamp ei p\u00f5le vms.&#8221;<\/p>\n<p>Rakenduse kaudu on\u00a0hea\u00a0\u00fclevaade ka sellest, \u00a0mis ajal teavitus sisestatud ja kas see on veel ootel v\u00f5i juba leidnud rakendust. Rohelisega m\u00e4rgitud probleem kaardil t\u00e4hendab, et ametiasutus on probleemi teadmiseks v\u00f5tnud, tegeleb selle lahendamisega v\u00f5i on probleemi lahendanud. Punasega m\u00e4rgitud probleem t\u00e4hendab, et probleem on hetkel k\u00e4sitlemata.<\/p>\n<p><strong><span style=\"color: #ff0000;\">ANNA TEADA<\/span><\/strong> keskkond asub <strong><span style=\"color: #ff0000;\"><a style=\"color: #ff0000;\" href=\"http:\/\/www.anna-teada.ee\/\" target=\"_blank\" rel=\"noopener\">SIIN<\/a><\/span><\/strong><\/p>\n","protected":false},"excerpt":{"rendered":"<p>Kui m\u00e4rkad l\u00e4bip\u00f5lenud t\u00e4navalaterna pirni v\u00f5i tunnetad teeauku Muraste t\u00e4navatel, siis anna sellest teada: abi@annateada.ee on keskkond, mida saab kasutada veebist v\u00f5i nutitelefonist ning on k\u00f5ige \u00f5igem koht, kuhu selline teavitus saata. Kirja loeb Eesti Linnade ja Valdade Liit Keskkonna haldaja, AS Andmevara t\u00e4psustab: &#8220;Selle veebilehe abil saad teavitada kohalikku omavalitsust v\u00f5i Maanteeametit heakorraprobleemist, n\u00e4iteks<a class=\"moretag\" href=\"https:\/\/muraste.ee\/vana\/?page_id=132\"><br \/>&#8230;Loe edasi<\/a><\/p>\n","protected":false},"author":1,"featured_media":0,"parent":0,"menu_order":0,"comment_status":"closed","ping_status":"closed","template":"page-templates\/full-width.php","meta":{"_bbp_topic_count":0,"_bbp_reply_count":0,"_bbp_total_topic_count":0,"_bbp_total_reply_count":0,"_bbp_voice_count":0,"_bbp_anonymous_reply_count":0,"_bbp_topic_count_hidden":0,"_bbp_reply_count_hidden":0,"_bbp_forum_subforum_count":0,"_mc_calendar":[]},"_links":{"self":[{"href":"https:\/\/muraste.ee\/vana\/index.php?rest_route=\/wp\/v2\/pages\/132"}],"collection":[{"href":"https:\/\/muraste.ee\/vana\/index.php?rest_route=\/wp\/v2\/pages"}],"about":[{"href":"https:\/\/muraste.ee\/vana\/index.php?rest_route=\/wp\/v2\/types\/page"}],"author":[{"embeddable":true,"href":"https:\/\/muraste.ee\/vana\/index.php?rest_route=\/wp\/v2\/users\/1"}],"replies":[{"embeddable":true,"href":"https:\/\/muraste.ee\/vana\/index.php?rest_route=%2Fwp%2Fv2%2Fcomments&post=132"}],"version-history":[{"count":12,"href":"https:\/\/muraste.ee\/vana\/index.php?rest_route=\/wp\/v2\/pages\/132\/revisions"}],"predecessor-version":[{"id":10130,"href":"https:\/\/muraste.ee\/vana\/index.php?rest_route=\/wp\/v2\/pages\/132\/revisions\/10130"}],"wp:attachment":[{"href":"https:\/\/muraste.ee\/vana\/index.php?rest_route=%2Fwp%2Fv2%2Fmedia&parent=132"}],"curies":[{"name":"wp","href":"https:\/\/api.w.org\/{rel}","templated":true}]}}