{"id":1349,"date":"2016-04-10T18:00:27","date_gmt":"2016-04-10T15:00:27","guid":{"rendered":"https:\/\/muraste.ee\/vana\/?page_id=1349"},"modified":"2016-08-16T14:06:54","modified_gmt":"2016-08-16T11:06:54","slug":"nadal-14","status":"publish","type":"page","link":"https:\/\/muraste.ee\/vana\/?page_id=1349","title":{"rendered":"N\u00e4dal 14"},"content":{"rendered":"<p style=\"text-align: center;\"><strong>N\u00c4DAL 14 MURASTES<br \/>\n<\/strong>4.-10. aprill 2016<strong><br \/>\nehk tegevused Muraste koolimajas, kogukonnakeskuses, spordihoones,<br \/>\n<\/strong>(SP spordisaal, KO kogukonnakeskuse ruum, AT aatrium, KL klassiruum)<\/p>\n<p><strong>Esmasp\u00e4ev, 4. aprill<\/strong><br \/>\nkl 14-17 SP, Judoklubi AITADO<br \/>\nkl 17-18 SP, K\u00e4sipalliklubi HC Tallinn (tel 5510440)<br \/>\nkl 16.30 KL, Beebikool (Kristi Baumann, 5658959) &#8211; uued p\u00f5nnid on ikka oodatud!<br \/>\nkl 16-17.30 KO, Klaveritunnid lastele, juhendab Katrin J\u00e4rvlepp (katrinjarvlepp362@gmail.com) (grupp komplekteeritud).<br \/>\nkl 20 Zumba!<\/p>\n<p><strong>Teisip\u00e4ev 5.aprill &#8211; &#8220;Meie Muraste&#8221; lehep\u00e4ev!<img decoding=\"async\" loading=\"lazy\" class=\"alignright\" src=\"https:\/\/scontent-arn2-1.xx.fbcdn.net\/hphotos-xtp1\/v\/t1.0-9\/12928169_936936863071672_7297229904979180902_n.jpg?oh=6e3af9d84173ff3679ae4348fa9940eb&amp;oe=577A8F75\" alt=\"\" width=\"253\" height=\"535\" \/><br \/>\n<\/strong>kl 14.00-15.30 SP, Tabasalu Palliklubi (tel 5136060)<br \/>\nkl 16-17 SP, Harju Jalgpallikool<br \/>\nkl 14.30 KO, Fa Stuudio (fl\u00f6\u00f6diring lastele)<br \/>\nkl 18 KL, Inglise keele vestlusring, juhendab James Gill. K\u00f5ik uued osalejad-keelehuvilised on oodatud!<br \/>\nkl 18 KL, Inglise keele kursus uuesti alustajatele (NB! paaril huvilisel on veel v\u00f5imalus liituda \u00e4sja alustanud grupiga!).<br \/>\nkl 18.30-19.45 AT, UUS! 22.m\u00e4rts &#8211; 10.mai &#8211; Seltskonnatantsu j\u00e4tkukursus. Vt lisatud kuulutust!<br \/>\nkl 18.30-19.45 AT, UUS! 17.mai- 14.juuni &#8211; Seltskonnatantsu algajate intensiivkursus, Vt listatud kuulutust!<br \/>\nkl 19.45 AT, Seltskonnatantsude harjutustund -v\u00f5imalus \u00f5pitut kinnistada ja toredas seltskonnas jalga keerutada. Osalus 5 \u20ac\/in<br \/>\nkl 19 SP, V\u00f5rkpall mehed\/naised.<br \/>\nkl 19 KO, Suvealguse lennuka perep\u00e4eva korraldustoimkonna koosolek<\/p>\n<p><strong>Kolmap\u00e4ev 6. aprill<\/strong><br \/>\nkl 14-17 SP, Judoklubi AITADO<br \/>\nKl 17-18 SP, K\u00e4sipalliklubi HC Tallinn (tel 5510440)<br \/>\nkl 18.45 AT, Kundalini jooga<br \/>\nkl 19 SP, Korvpall meestele (NB! ruumi jagub ikka uutele m\u00e4ngijatele!)<\/p>\n<p><strong>Neljap\u00e4ev 7. aprill<\/strong><br \/>\nkl.14.15-15.30 SP, Tabasalu Palliklubi (tel 5136060)<br \/>\nkl 15-16 T\u00fcdrukute klubi<br \/>\nkl 16-17 SP, Harju Jalgpallikool<br \/>\nkl 17- 18.30 SP, Tabasalu Jalgpalliklubi<br \/>\nkl 18.30 SP, Korvpall naistele! (NB! ruumi jagub ikka uutele m\u00e4ngijatele!)<br \/>\nkl 20 SP, Zumba<img decoding=\"async\" loading=\"lazy\" class=\"alignright\" src=\"https:\/\/scontent-arn2-1.xx.fbcdn.net\/hphotos-xap1\/v\/t1.0-9\/12931244_936934406405251_7427870300523414121_n.jpg?oh=fbdac4f5dd8f3dc14217fd772fb11761&amp;oe=5777CBE5\" alt=\"\" width=\"236\" height=\"315\" \/><br \/>\nkl 20 AT, UUS! Kodune filmi\u00f5htu: &#8220;Perekonnavaled&#8221;.<br \/>\nkl 17 NB! Muraste k\u00fcla Lee elamukvartali detailplaneeringu avalikustamise j\u00e4rgne avalik arutelu Harku vallamajas. Muraste k\u00fclas Lee elamukvartali detailplaneeringu avalik v\u00e4ljapanek toimus 13.02.201 kuni 13.03.2016. Avaliku v\u00e4ljapaneku ajal esitati detailplaneeringule 2 ettepanekut ja vastuv\u00e4idet. Sellest tulenevalt annab Harku vallavalitsus teada, et 07. aprillil 2016 algusega kell 17.00 toimub Harku Vallavalitsuses (Kallaste tn 12, Tabasalu alevik) Muraste k\u00fcla Lee elamukvartali detailplaneeringu avalikustamise j\u00e4rgne avalik arutelu. Huvilised, olete palutud osalema<\/p>\n<p><strong>Reede, 8. aprill<\/strong><br \/>\nkl 14.30-15.30 SP, K\u00e4sipalliklubi HC Tallinn (tel 5510440)<br \/>\nkl 12.50-13.15 KL, V\u00e4ikekandle ring lastele. Juhendab Katrin J\u00e4rvlepp (lisainfo katrinjarvlepp362@gmail.com)<br \/>\nkl 13.15-14.45 KL, Klaveritunnid lastele. Juhendab Katrin J\u00e4rvlepp (lisainfo katrinjarvlepp362@gmail.com)<\/p>\n<p><strong>P\u00fchap\u00e4ev, 10 . aprill<\/strong><br \/>\nkl 16.30 AT, Ladina-Ameerika seltskonnatantsud (salsa, bachata, cha-cha jne). Juhendab Pirje Laagus. Info 56614471)<\/p>\n<p><strong>Iga p\u00e4ev:<\/strong><br \/>\n&#8211; UUS! Kogukonnakeskuses avatud massaa\u017eikamber (klassikaline \u00fcldmassaa\u017e). Info ja registreerumine: Aile Kaljola, 56456432, kaljolaaile@gmail.com<\/p>\n<p><strong>Tulekul:<\/strong><br \/>\n&#8211; UUS! 15. ja 22.aprillil kl 15.30 Seenioride v\u00f5imlemine. Juhendab Anne Kaar (vt lisatud kuulutus). Soojade ilmade saabumisega on meie kandi rahvale loodud t\u00e4iendav v\u00f5imalus energiast pakatava treeneri juhendamisel v\u00f5imelda end kevadesse! Ega\u00b4s peagi olema seenior &#8211; v\u00f5imlemine\/liigutamine sobib k\u00f5igile! Saagem osa m\u00f5nusast liikumisest!<br \/>\n&#8211; UUS! 12. aprillil k\u00e4sit\u00f6\u00f6tuba: sel kevadel heegeldame koos \u00dclle Kruusojaga!<br \/>\n&#8211; UUS! 7. mail Teeme \u00c4ra! talgup\u00e4ev Murastes!<br \/>\n&#8211; UUS! Koostamisel on &#8220;Meie Muraste&#8221; omak\u00fcla\/kandi ettev\u00f5tjate- erinumber! Oodatud reklaamid, oma ettev\u00f5tte tegemisi tutvustavad artiklid jne hiljemalt 20. aprilliks! Ettev\u00f5tjad, olge aktiivsed ja n\u00e4htavad!<\/p>\n<p><strong>Muraste Kool otsib endale logo!!!<\/strong><br \/>\nHiljuti koolis toimunud projekt\u00f5ppe raames oli \u00fcheks teemaks koolilogo loomine. Valmisid p\u00f5nevad loomingud ning n\u00fc\u00fcd soovib koolipere laste m\u00f5tteid edasi arendada ja leida koolile lihtne, meeldej\u00e4\u00e4v ja meie kooli m\u00e4rks\u00f5nu (looduskeskkond, terved eluviisid, rahvuslik ning multikultuur ja koost\u00f6\u00f6) arvestav logo.<br \/>\nJ\u00e4rgnevalt on kirjas t\u00e4psustavad juhised, kuidas osaleda konkursil. Konkursi tingimused:<br \/>\n1. Konkursi eesm\u00e4rk on leida sobivaim visuaalne lahendus Muraste Kooli logoks.<br \/>\n2. Konkursile v\u00f5ib t\u00f6\u00f6 esitada kas \u00fcksi v\u00f5i meeskonnaga.<br \/>\n3. V\u00f5istlust\u00f6id hindavad konkursi \u017e\u00fcrii liikmed, mille tulemusena selgub parim t\u00f6\u00f6.<br \/>\n4. Konkurss algab 4. aprill 2016.a. ja l\u00f5peb 4. juuni 2016.a.<br \/>\nV\u00f5istlus\u00fclesanne:<br \/>\n1. Logo kujundus on vaba, eelistatud on meie kooli m\u00e4rks\u00f5nu kandev logom\u00e4rk.<br \/>\n3. Logole peaks lisanduma v\u00e4ike kaaskiri, miks antud t\u00f6\u00f6 k\u00f5ige paremini tulevast kooli logo iseloomustab.<br \/>\n4. Logo peab olema kasutatav v\u00e4rvilise ja mustvalgena; paberil ja kangal tr\u00fckituna, v\u00f5imaldama v\u00e4hendamist ning olema kasutatav veebikeskkonnas.<br \/>\nKonkursi l\u00e4biviimise kord:<br \/>\n1. Konkursile esitatud t\u00f6\u00f6 v\u00f5ib olla vormistatud joonistusena paberil, eelistatult digitaalselt (JPG v\u00f5i PDF formaadis).<br \/>\n2. T\u00f6\u00f6 tuleb esitada e-posti teel aadressile priit.joe@murastekool.edu.ee v\u00f5i tuua direktori kabinetti (II korrus, ruum nr. 221).<br \/>\n3. K\u00fcsimusi v\u00f5ib esitada kogu konkursi toimumise jooksul e-posti teel: priit.joe@murastekool.edu.ee.<br \/>\n4. Konkursi t\u00f6\u00f6d tuleb esitada hiljemalt 4. juuni 2016.aastal.<br \/>\nKonkursit\u00f6\u00f6de hindamine:<br \/>\n1. Konkursit\u00f6\u00f6de hindamine toimub 16. juunini. Peale seda selgub enim h\u00e4\u00e4li saanud logom\u00e4rk, millest saab Muraste Kooli logo.<br \/>\n2. V\u00f5idut\u00f6\u00f6st teavitame ja parimatele jagame auhindu augustikuus enne uut \u00f5ppeaastat.<br \/>\nLennukaid m\u00f5tteid Muraste Kooli logo kujundamisel,<\/p>\n<p><img decoding=\"async\" loading=\"lazy\" class=\"aligncenter\" src=\"https:\/\/scontent-arn2-1.xx.fbcdn.net\/hphotos-xtl1\/t31.0-8\/s960x960\/12901207_936934483071910_8928187224989866715_o.jpg\" alt=\"\" width=\"477\" height=\"617\" \/><\/p>\n<p><strong>H\u00f5iked:<\/strong><br \/>\n&#8211; Ootame tragisid lehekandjaid teisip\u00e4eval tr\u00fckikojast tuleva &#8220;Meie Muraste&#8221; laialiveoks!<br \/>\n&#8211; Ootame vabatahtlikke! Muraste k\u00fclaseltsi juhatus kutsub abilisi kogukonnale suunatud erinevate tegevuste ettevalmistamiseks ja l\u00e4biviimiseks. Ole hea, astu sulle sobival ajal kogukonnakeskusest l\u00e4bi kas oma ideega v\u00f5i leia meie tegevus- ja ideedekavast omale meelep\u00e4rane \u00fcritus, mille kordaminekule saad olla toeks. Koos teeme rohkem ja paremini! Palun, k\u00f5ik abik\u00e4ed on teretulnud! Suur t\u00e4nu k\u00f5igile, kes on juba oma soovidest ja v\u00f5imalustest teada andnud! (Nt tulekul: Muraste lennukas perep\u00e4ev 28.mai; jaanituli 23. juuni jne)<\/p>\n<p><strong>Teadmiseks:<\/strong> Muraste igan\u00e4dalase e-infokirjaga liitumiseks saada sellekohane teade muraste@muraste.ee<\/p>\n<p><strong>T\u00e4psustused ja info:<\/strong> kogukonnakeskus@muraste.ee; 5253128 (Aule Kikas) v\u00f5i flaieritel olevatel kontaktidel.<\/p>\n<p>Kogukonnakeskus avatud E-N 10-18, R 10-16; \u00f5htustel aegadel ja n\u00e4dalavahetustel vt ajaplaani.<\/p>\n","protected":false},"excerpt":{"rendered":"<p>N\u00c4DAL 14 MURASTES 4.-10. aprill 2016 ehk tegevused Muraste koolimajas, kogukonnakeskuses, spordihoones, (SP spordisaal, KO kogukonnakeskuse ruum, AT aatrium, KL klassiruum) Esmasp\u00e4ev, 4. aprill kl 14-17 SP, Judoklubi AITADO kl 17-18 SP, K\u00e4sipalliklubi HC Tallinn (tel 5510440) kl 16.30 KL, Beebikool (Kristi Baumann, 5658959) &#8211; uued p\u00f5nnid on ikka oodatud! kl 16-17.30 KO, Klaveritunnid lastele,<a class=\"moretag\" href=\"https:\/\/muraste.ee\/vana\/?page_id=1349\"><br \/>&#8230;Loe edasi<\/a><\/p>\n","protected":false},"author":2,"featured_media":0,"parent":0,"menu_order":0,"comment_status":"closed","ping_status":"closed","template":"nadalakava.php","meta":{"_bbp_topic_count":0,"_bbp_reply_count":0,"_bbp_total_topic_count":0,"_bbp_total_reply_count":0,"_bbp_voice_count":0,"_bbp_anonymous_reply_count":0,"_bbp_topic_count_hidden":0,"_bbp_reply_count_hidden":0,"_bbp_forum_subforum_count":0,"_mc_calendar":[]},"_links":{"self":[{"href":"https:\/\/muraste.ee\/vana\/index.php?rest_route=\/wp\/v2\/pages\/1349"}],"collection":[{"href":"https:\/\/muraste.ee\/vana\/index.php?rest_route=\/wp\/v2\/pages"}],"about":[{"href":"https:\/\/muraste.ee\/vana\/index.php?rest_route=\/wp\/v2\/types\/page"}],"author":[{"embeddable":true,"href":"https:\/\/muraste.ee\/vana\/index.php?rest_route=\/wp\/v2\/users\/2"}],"replies":[{"embeddable":true,"href":"https:\/\/muraste.ee\/vana\/index.php?rest_route=%2Fwp%2Fv2%2Fcomments&post=1349"}],"version-history":[{"count":2,"href":"https:\/\/muraste.ee\/vana\/index.php?rest_route=\/wp\/v2\/pages\/1349\/revisions"}],"predecessor-version":[{"id":2189,"href":"https:\/\/muraste.ee\/vana\/index.php?rest_route=\/wp\/v2\/pages\/1349\/revisions\/2189"}],"wp:attachment":[{"href":"https:\/\/muraste.ee\/vana\/index.php?rest_route=%2Fwp%2Fv2%2Fmedia&parent=1349"}],"curies":[{"name":"wp","href":"https:\/\/api.w.org\/{rel}","templated":true}]}}