{"id":135,"date":"2015-11-23T20:36:49","date_gmt":"2015-11-23T18:36:49","guid":{"rendered":"https:\/\/muraste.ee\/vana\/?page_id=135"},"modified":"2016-04-28T09:21:29","modified_gmt":"2016-04-28T06:21:29","slug":"ettevotjad","status":"publish","type":"page","link":"https:\/\/muraste.ee\/vana\/?page_id=135","title":{"rendered":"Muraste ettev\u00f5tjad"},"content":{"rendered":"<div class=\"conversation\"><\/div>\n<p><strong><a href=\"http:\/\/www.batuudijuss.com\/\" target=\"_blank\">Batuudijuss<\/a><\/strong> &#8211; on pereettev\u00f5te, kes alustas t\u00e4ispuhutavate batuutide rendiga 2012 aastal.<b><br \/>\n<\/b>2015 aasta juuni seisuga on meil 22 aktiivset t\u00f6\u00f6tajat ja neli lepingulist koost\u00f6\u00f6partnerit, kes k\u00f5ik tegelevad sellega, et Teie lastel oleks kasutada turvaline ja puhas batuut.\u00a0Batuutide valikul oleme l\u00e4htunud ennek\u00f5ike ohutusest. Meil ei ole katusega batuute, et v\u00e4ltida l\u00e4mbumisohtu voolukatkestusel. Meiepoolsel paigaldusel on batuudid suurte vaiadega maasse kinnitatud ja vajadusel turvatud lisakinnitustega. S\u00f5ltuvalt pinnasest kasutame vajadusel ka maa sisse keeratavaid kinnitusvaiasid, mida ei ole v\u00f5imalik ilma keeramata v\u00e4lja t\u00f5mmata. Kivise pinna jaoks ja asfaldile paigaldame ainult juhul, kui batuudi saab turvaliselt kinnitada l\u00e4hedal asuvate puude v\u00f5i rajatiste k\u00fclge, v\u00f5i paigaldame platsile t\u00fc\u00fcblitega ajutised kinnitusvaiad. Inimelu on olulisem kui rikutud pinnas. Kui soovid rohkem infot meie teenuse ohutuse kohta, helista 51 08 490 (Jaanus)<\/p>\n<p><a href=\"https:\/\/muraste.ee\/vana\/wp-content\/uploads\/2015\/11\/batuudijuss.jpg\"><img decoding=\"async\" loading=\"lazy\" class=\"alignnone wp-image-963\" src=\"https:\/\/muraste.ee\/vana\/wp-content\/uploads\/2015\/11\/batuudijuss-1024x768.jpg\" alt=\"batuudijuss\" width=\"354\" height=\"266\" srcset=\"https:\/\/muraste.ee\/vana\/wp-content\/uploads\/2015\/11\/batuudijuss-1024x768.jpg 1024w, https:\/\/muraste.ee\/vana\/wp-content\/uploads\/2015\/11\/batuudijuss-300x225.jpg 300w, https:\/\/muraste.ee\/vana\/wp-content\/uploads\/2015\/11\/batuudijuss-624x468.jpg 624w, https:\/\/muraste.ee\/vana\/wp-content\/uploads\/2015\/11\/batuudijuss.jpg 2048w\" sizes=\"(max-width: 354px) 100vw, 354px\" \/><\/a><\/p>\n<p><a href=\"http:\/\/www.fotomeisterpluss.ee\" target=\"_blank\">Fotomeister Pluss<\/a>\u00a0\u00a0on Muraste tegusa naise Liina Danili ettev\u00f5te.\u00a0Fotomeister Pluss on teile abiks j\u00e4rgmistel teemadel:\u00a0&#8211; Fotode printimine (kasutame vaid kvaliteetseid profipabereid firmadelt Kodak ja Epson);\u00a0&#8211; Fotolabori teenused: filmiilmutus (C41, mustvalge k\u00e4siilmutus, E6 ilmutus), skaneerimist\u00f6\u00f6d, fotot\u00f6\u00f6tlus jms;\u00a0&#8211; Fotostuudio teenused: dokumendifotode ja portreede pildistamine;\u00a0&#8211; Parim valik fotoalbumeid ja pildiraame.\u00a0Tellides fotod l\u00e4bi digilabori <a href=\"http:\/\/www.fotomeisterpluss.ee\/\">www.fotomeisterpluss.ee<\/a>, saad oma fotod k\u00e4tte Liina k\u00e4est Murastest. K\u00fcsi julgelt ka teiste teenuste kohta tel: 56 655 505.<\/p>\n<p>Kontakt:\u00a0Fotomeister Pluss O\u00dc,\u00a0R\u00e4vala 8, Tallinn;\u00a0Tel: 56 655 505;\u00a0e-mail: <a href=\"mailto:liina@fotomeisterpluss.ee\">liina@fotomeisterpluss.ee<\/a><\/p>\n<p><a href=\"https:\/\/muraste.ee\/vana\/wp-content\/uploads\/2015\/11\/fotomeisterpluss-logo.png\"><img decoding=\"async\" loading=\"lazy\" class=\"alignnone size-medium wp-image-1104\" src=\"https:\/\/muraste.ee\/vana\/wp-content\/uploads\/2015\/11\/fotomeisterpluss-logo-300x140.png\" alt=\"fotomeisterpluss-logo\" width=\"300\" height=\"140\" srcset=\"https:\/\/muraste.ee\/vana\/wp-content\/uploads\/2015\/11\/fotomeisterpluss-logo-300x140.png 300w, https:\/\/muraste.ee\/vana\/wp-content\/uploads\/2015\/11\/fotomeisterpluss-logo.png 334w\" sizes=\"(max-width: 300px) 100vw, 300px\" \/><\/a><\/p>\n<p style=\"text-align: justify;\"><a href=\"http:\/\/www.autoremont.ee\" target=\"_blank\">Autex Autoteenindus O\u00dc<\/a> on ettev\u00f5te,\u00a0mis pakub autoomanikele remonti ja hooldust ning muredele lahendusi. Muraste mees Meelis Kask on oma ettev\u00f5tet Autex Autoteenindus O\u00dc vedanud ja arendanud juba 16 aastat,\u00a0seega kogemusi ja\u00a0pidevate\u00a0t\u00e4iend koolitustel omandatud teadmistega oskame k\u00f5ikidele muredele lahenduse leida. Varuosad, \u00f5livahetused, hooldused, kontrollid, rehvivahetused, pidurid, veermiku kolinad, sillareguleerimine, klaasivahetused, mootoriremondid, diagnostika, kliima t\u00e4itmine ja k\u00f5ik mis autoga seoses&#8230;\u00a0Muraste k\u00fcla rahvale pakutakse autoremondi teenust <strong>-10%<\/strong> odavamalt tavahinnast. Soodustuse saamiseks \u00f6elda aja\u00a0broneerimisel v\u00f5i tasumisel <strong>kliendi koodiks<\/strong>\u00a0&#8220;<em><strong>Muraste k\u00fclaselts&#8221;.\u00a0<\/strong><\/em>Autex \u00a0Autoteenindus telefon 6664246 v\u00f5i 5214558 v\u00f5i <a href=\"mailto:info@autex.ee\">info@autex.ee<\/a>. Meie k\u00fcla kontakt Meelis Kask.<\/p>\n<p><a href=\"https:\/\/muraste.ee\/vana\/wp-content\/uploads\/2015\/11\/2593_Autex_autoteenindus_logo.jpg\"><img decoding=\"async\" loading=\"lazy\" class=\"alignnone wp-image-1101\" src=\"https:\/\/muraste.ee\/vana\/wp-content\/uploads\/2015\/11\/2593_Autex_autoteenindus_logo-300x300.jpg\" alt=\"2593_Autex_autoteenindus_logo\" width=\"194\" height=\"194\" srcset=\"https:\/\/muraste.ee\/vana\/wp-content\/uploads\/2015\/11\/2593_Autex_autoteenindus_logo-300x300.jpg 300w, https:\/\/muraste.ee\/vana\/wp-content\/uploads\/2015\/11\/2593_Autex_autoteenindus_logo-150x150.jpg 150w, https:\/\/muraste.ee\/vana\/wp-content\/uploads\/2015\/11\/2593_Autex_autoteenindus_logo-624x624.jpg 624w, https:\/\/muraste.ee\/vana\/wp-content\/uploads\/2015\/11\/2593_Autex_autoteenindus_logo.jpg 1024w\" sizes=\"(max-width: 194px) 100vw, 194px\" \/><\/a><\/p>\n<p>&nbsp;<\/p>\n","protected":false},"excerpt":{"rendered":"<p>Batuudijuss &#8211; on pereettev\u00f5te, kes alustas t\u00e4ispuhutavate batuutide rendiga 2012 aastal. 2015 aasta juuni seisuga on meil 22 aktiivset t\u00f6\u00f6tajat ja neli lepingulist koost\u00f6\u00f6partnerit, kes k\u00f5ik tegelevad sellega, et Teie lastel oleks kasutada turvaline ja puhas batuut.\u00a0Batuutide valikul oleme l\u00e4htunud ennek\u00f5ike ohutusest. Meil ei ole katusega batuute, et v\u00e4ltida l\u00e4mbumisohtu voolukatkestusel. Meiepoolsel paigaldusel on batuudid<a class=\"moretag\" href=\"https:\/\/muraste.ee\/vana\/?page_id=135\"><br \/>&#8230;Loe edasi<\/a><\/p>\n","protected":false},"author":1,"featured_media":0,"parent":0,"menu_order":0,"comment_status":"closed","ping_status":"closed","template":"ettevotjad.php","meta":{"_bbp_topic_count":0,"_bbp_reply_count":0,"_bbp_total_topic_count":0,"_bbp_total_reply_count":0,"_bbp_voice_count":0,"_bbp_anonymous_reply_count":0,"_bbp_topic_count_hidden":0,"_bbp_reply_count_hidden":0,"_bbp_forum_subforum_count":0,"_mc_calendar":[]},"_links":{"self":[{"href":"https:\/\/muraste.ee\/vana\/index.php?rest_route=\/wp\/v2\/pages\/135"}],"collection":[{"href":"https:\/\/muraste.ee\/vana\/index.php?rest_route=\/wp\/v2\/pages"}],"about":[{"href":"https:\/\/muraste.ee\/vana\/index.php?rest_route=\/wp\/v2\/types\/page"}],"author":[{"embeddable":true,"href":"https:\/\/muraste.ee\/vana\/index.php?rest_route=\/wp\/v2\/users\/1"}],"replies":[{"embeddable":true,"href":"https:\/\/muraste.ee\/vana\/index.php?rest_route=%2Fwp%2Fv2%2Fcomments&post=135"}],"version-history":[{"count":12,"href":"https:\/\/muraste.ee\/vana\/index.php?rest_route=\/wp\/v2\/pages\/135\/revisions"}],"predecessor-version":[{"id":1564,"href":"https:\/\/muraste.ee\/vana\/index.php?rest_route=\/wp\/v2\/pages\/135\/revisions\/1564"}],"wp:attachment":[{"href":"https:\/\/muraste.ee\/vana\/index.php?rest_route=%2Fwp%2Fv2%2Fmedia&parent=135"}],"curies":[{"name":"wp","href":"https:\/\/api.w.org\/{rel}","templated":true}]}}