{"id":1429,"date":"2016-04-15T13:22:02","date_gmt":"2016-04-15T10:22:02","guid":{"rendered":"https:\/\/muraste.ee\/vana\/?page_id=1429"},"modified":"2016-04-24T18:54:39","modified_gmt":"2016-04-24T15:54:39","slug":"nadal-16","status":"publish","type":"page","link":"https:\/\/muraste.ee\/vana\/?page_id=1429","title":{"rendered":"N\u00e4dal 16"},"content":{"rendered":"<p style=\"text-align: center;\">\n<p><strong>N\u00c4DAL 16 MURASTES<br \/>\n<\/strong>18.-24. aprill 2016<strong><br \/>\nehk tegevused Muraste koolimajas, kogukonnakeskuses, spordihoones,<br \/>\n<\/strong>(SP spordisaal, KO kogukonnakeskuse ruum, AT aatrium, KL klassiruum)<\/p>\n<p><strong>Esmasp\u00e4ev, 18. aprill<\/strong><br \/>\nkl 14-17 SP, Judoklubi AITADO<br \/>\nkl 17-18 SP, K\u00e4sipalliklubi HC Tallinn (tel 5510440)<img decoding=\"async\" loading=\"lazy\" class=\"alignright\" src=\"https:\/\/scontent-arn2-1.xx.fbcdn.net\/hphotos-xpf1\/v\/t1.0-9\/12986994_966019416847234_5668490919921654421_n.jpg?oh=436fe3799741a5f45670f5bf277e1c23&amp;oe=57B7E8FC\" alt=\"\" width=\"271\" height=\"392\" \/><br \/>\nkl 16.30 KL, Beebikool (Kristi Baumann, 5658959) \u2013 uued p\u00f5nnid on ikka oodatud!<br \/>\nkl 16-17.30 KO(KL, Klaveritunnid lastele, juhendab Katrin J\u00e4rvlepp (katrinjarvlepp362@gmail.com)<br \/>\n(grupp komplekteeritud).<br \/>\nkl 17.30 v\u00e4ikekandleansambel LiULi<br \/>\nkl 19 AT, Naiskoor \u201cMeretule\u201d. J\u00e4tkuvalt v\u00f5imalus liituda toreda laulurahvaga: kui k\u00f5hkled, tule kindlasti!<br \/>\n18. aprill kell 19 liikumisklubi <em>Lihtsalt Liikuma<\/em>! \u201cRatas ja kepik\u00f5nd! (start \u00a0ja fini\u0161\u00a0kogukonnakeskuse juures)<br \/>\nkl 20 Zumba!<\/p>\n<p><strong>Teisip\u00e4ev 19. aprill<\/strong><br \/>\nkl 14.00-15.30 SP, Tabasalu Palliklubi (tel 5136060)<br \/>\nkl 16-17 SP, Harju Jalgpallikool<br \/>\nkl 14.30 KO, Fa Stuudio (fl\u00f6\u00f6diring lastele)<img decoding=\"async\" loading=\"lazy\" class=\"alignright\" src=\"https:\/\/scontent-arn2-1.xx.fbcdn.net\/hphotos-xtp1\/v\/t1.0-9\/12928169_936936863071672_7297229904979180902_n.jpg?oh=6e3af9d84173ff3679ae4348fa9940eb&amp;oe=577A8F75\" alt=\"\" width=\"253\" height=\"535\" \/><br \/>\nkl 18 KL, Inglise keele vestlusring, juhendab James Gill. K\u00f5ik uued osalejad \u2013 keelehuvilised on oodatud!<br \/>\nkl 18 KL, Inglise keele kursus uuesti alustajatele (NB! paaril huvilisel on veel v\u00f5imalus liituda \u00e4sja alustanud grupiga!).<br \/>\nkl 18.30-19.45 AT, UUS! 22.m\u00e4rts \u2013 10.mai \u2013 Seltskonnatantsu j\u00e4tkukursus. Vt lisatud kuulutust!<br \/>\nkl 18.30-19.45 AT, UUS! 17.mai- 14.juuni \u2013 Seltskonnatantsu algajate intensiivkursus, Vt listatud kuulutust!<br \/>\nkl 19.45 AT, Seltskonnatantsude harjutustund -v\u00f5imalus \u00f5pitut kinnistada ja toredas seltskonnas jalga keerutada. Osalus 5 \u20ac\/in<br \/>\nkl 19 SP, V\u00f5rkpall mehed\/naised.<\/p>\n<p><strong>Kolmap\u00e4ev 20. aprill<\/strong><br \/>\nkl 14-17 SP, Judoklubi AITADO<br \/>\nKl 17-18 SP, K\u00e4sipalliklubi HC Tallinn (tel 5510440)<br \/>\nkl 18.45 AT, Kundalini jooga sel n\u00e4dalal j\u00e4\u00e4b \u00e4ra!<br \/>\nkl 19 SP, Korvpall meestele (NB! ruumi jagub ikka uutele m\u00e4ngijatele!)<\/p>\n<p><strong>Neljap\u00e4ev 21. aprill<\/strong><br \/>\nkl.14.15-15.30 SP, Tabasalu Palliklubi (tel 5136060)<a href=\"https:\/\/muraste.ee\/vana\/wp-content\/uploads\/2016\/03\/P\u00e4evad-mis-ajasid-segadusse.png\" rel=\"attachment wp-att-1444\"><img decoding=\"async\" loading=\"lazy\" class=\" wp-image-1444 alignright\" src=\"https:\/\/muraste.ee\/vana\/wp-content\/uploads\/2016\/03\/P\u00e4evad-mis-ajasid-segadusse-169x300.png\" alt=\"P\u00e4evad mis ajasid segadusse\" width=\"244\" height=\"433\" srcset=\"https:\/\/muraste.ee\/vana\/wp-content\/uploads\/2016\/03\/P\u00e4evad-mis-ajasid-segadusse-169x300.png 169w, https:\/\/muraste.ee\/vana\/wp-content\/uploads\/2016\/03\/P\u00e4evad-mis-ajasid-segadusse-768x1365.png 768w, https:\/\/muraste.ee\/vana\/wp-content\/uploads\/2016\/03\/P\u00e4evad-mis-ajasid-segadusse-576x1024.png 576w, https:\/\/muraste.ee\/vana\/wp-content\/uploads\/2016\/03\/P\u00e4evad-mis-ajasid-segadusse-624x1109.png 624w, https:\/\/muraste.ee\/vana\/wp-content\/uploads\/2016\/03\/P\u00e4evad-mis-ajasid-segadusse.png 1081w\" sizes=\"(max-width: 244px) 100vw, 244px\" \/><\/a><br \/>\nkl 15-16 KO, T\u00fcdrukute klubi (2-4 klass)<br \/>\nkl 16-17 SP, Harju Jalgpallikool<br \/>\nkl 17- 18.30 SP, Tabasalu Jalgpalliklubi<br \/>\nkl 18.30 SP, Korvpall naistele! (NB! Uue m\u00e4ngijad on v\u00e4ga oodatud!)<br \/>\nkl 20 SP, Zumba<br \/>\n21. aprillil kell 20 filmi\u00f5htu <strong>\u201cP\u00e4evad, mis ajasid segadusse\u201d <\/strong><em>(Piletid 4.- ja 2,50)<\/em><\/p>\n<p>&nbsp;<\/p>\n<p><strong>Reede, 22. aprill<br \/>\n<\/strong>kl 14.30-15.30 SP, K\u00e4sipalliklubi HC Tallinn (tel 5510440)<br \/>\nkl 12.50-13.15 KL, V\u00e4ikekandle ring lastele. Juhendab Katrin J\u00e4rvlepp (lisainfo katrinjarvlepp362@gmail.com)<br \/>\nkl 13.15-14.45 KL, Klaveritunnid lastele. Juhendab Katrin J\u00e4rvlepp (lisainfo katrinjarvlepp362@gmail.com)<strong><a href=\"https:\/\/muraste.ee\/vana\/wp-content\/uploads\/2016\/03\/seenoior.jpg\" rel=\"attachment wp-att-1357\"><img decoding=\"async\" loading=\"lazy\" class=\"wp-image-1357 aligncenter\" src=\"https:\/\/muraste.ee\/vana\/wp-content\/uploads\/2016\/03\/seenoior-300x200.jpg\" sizes=\"(max-width: 297px) 100vw, 297px\" srcset=\"https:\/\/muraste.ee\/vana\/wp-content\/uploads\/2016\/03\/seenoior-300x200.jpg 300w, https:\/\/muraste.ee\/vana\/wp-content\/uploads\/2016\/03\/seenoior-768x512.jpg 768w, https:\/\/muraste.ee\/vana\/wp-content\/uploads\/2016\/03\/seenoior-1024x682.jpg 1024w, https:\/\/muraste.ee\/vana\/wp-content\/uploads\/2016\/03\/seenoior-624x416.jpg 624w, https:\/\/muraste.ee\/vana\/wp-content\/uploads\/2016\/03\/seenoior.jpg 1300w\" alt=\"seenoior\" width=\"297\" height=\"198\" \/><\/a><\/strong><br \/>\nkl 15.30 SP, <strong>Seenioride v\u00f5imlemine<\/strong>. Juhendab Anne Kaar. Soojade ilmade saabumisega on meie kandi rahvale loodud t\u00e4iendav v\u00f5imalus energiast pakatava treeneri juhendamisel v\u00f5imelda end kevadesse! Ega\u00b4s peagi olema seenior \u2013 v\u00f5imlemine\/liigutamine sobib k\u00f5igile! Saagem osa m\u00f5nusast liikumisest!<\/p>\n<p><strong>Laup\u00e4ev, 23. aprill<\/strong><br \/>\n23. aprillil kell 11 <a href=\"https:\/\/muraste.ee\/vana\/?p=1394\" target=\"_blank\">Harjumaa meistriv\u00f5istlused vene kabes<\/a><\/p>\n<p><strong>P\u00fchap\u00e4ev, 24 . aprill<\/strong><br \/>\n<a href=\"https:\/\/muraste.ee\/vana\/?p=1138\" target=\"_blank\">24. aprillil kell 10 <\/a><a href=\"https:\/\/muraste.ee\/vana\/?p=1400\" target=\"_blank\">Muraste piirivalvekoolis sisehalli meistriv\u00f5istlused vigurlennus<\/a><a href=\"https:\/\/muraste.ee\/vana\/?p=1138\" target=\"_blank\"><br \/>\n<\/a><\/p>\n<p><strong><a href=\"https:\/\/muraste.ee\/vana\/wp-content\/uploads\/2016\/03\/lennup\u00e4ev.jpg\" rel=\"attachment wp-att-1341\"><img decoding=\"async\" loading=\"lazy\" class=\"alignnone wp-image-1341\" src=\"https:\/\/muraste.ee\/vana\/wp-content\/uploads\/2016\/03\/lennup\u00e4ev-300x169.jpg\" alt=\"lennup\u00e4ev\" width=\"392\" height=\"221\" srcset=\"https:\/\/muraste.ee\/vana\/wp-content\/uploads\/2016\/03\/lennup\u00e4ev-300x169.jpg 300w, https:\/\/muraste.ee\/vana\/wp-content\/uploads\/2016\/03\/lennup\u00e4ev-768x432.jpg 768w, https:\/\/muraste.ee\/vana\/wp-content\/uploads\/2016\/03\/lennup\u00e4ev-624x351.jpg 624w, https:\/\/muraste.ee\/vana\/wp-content\/uploads\/2016\/03\/lennup\u00e4ev-128x72.jpg 128w, https:\/\/muraste.ee\/vana\/wp-content\/uploads\/2016\/03\/lennup\u00e4ev.jpg 960w\" sizes=\"(max-width: 392px) 100vw, 392px\" \/><\/a><\/strong><\/p>\n<p><strong>Tulekul:<\/strong><br \/>\n26. aprillil kell 19 Harku valla vaba\u00fchenduste \u00fcmarlaua kokkusaamine Muraste kogukonnakeskuses.<br \/>\n27. aprillil kell 18 Muraste tee 3, 5. 7 ja 7a kortermajade \u00fcldkoosolek Muraste koolimaja aatriumis. Korraldab O\u00dc Strantum<br \/>\n28. aprillil kell 18 Muraste Kooli n\u00e4itering ja showtantsugrupp esitlevad:\u00a0&#8220;Lumivalgeke ja 7 p\u00f6ialpoissi&#8221; (Muraste kooli versioon). Muraste kooli aatriumis; pilet 1\u20ac<br \/>\n7. mail <a href=\"https:\/\/muraste.ee\/vana\/?p=1138\" target=\"_blank\">Teeme \u00c4ra! talgup\u00e4ev Murastes<\/a>! Kas olete endale juba talgukoha leidnud?<br \/>\n7. mai Eesti Meistriv\u00f5istluste I etapp mototrialis Muraste paeplatsil. Lisainfo tulekul.<br \/>\n10. mail kell 16 &#8211; 19 Harku vallamaja koosolekute saalis LEADER-infop\u00e4ev.\u00a0 Seoses 15-22. augustil on avatava LEADER-programmi projektivooruga viib Nelja Valla Kogu l\u00e4bi infop\u00e4eva, kus tutvustatakse l\u00e4hemalt avanevate meetmete n\u00f5udeid ja tingimusi.<br \/>\n12. mail kell 19 Muraste k\u00fclaseltsi \u00fcldkoosolek. Ootame juhatusse uut t\u00e4iendavat energiat ehk uusi liikmeid. Koos teeme ju rohkem ja paremini!<br \/>\n19. mail algusega kell 18 Muraste kooli armsate fl\u00f6\u00f6dipiigade ja Tabasalu Tibutare lasteaia muusikalaste kevadkontsert &#8220;Laulupai l\u00e4ks r\u00e4ndama&#8221;.<br \/>\n28. mail kell 12 Muraste lennukas perep\u00e4ev.<br \/>\n11. juunil kell 15 Harku valla k\u00fclade p\u00e4evad V\u00e4\u00e4na-J\u00f5esuus (Korraldajateks Suurupi Selts ja V\u00e4\u00e4na-J\u00f5esuu k\u00fclaselts)<br \/>\n23. juunil Jaanituli Muraste paeplatsil. Kas teeme? Avaldage arvamust!<\/p>\n<p><strong>Omakandi teenused:<\/strong><\/p>\n<ul>\n<li>Kogukonnakeskuses avatud\u00a0<strong>massaa\u017eikamber \u00a0<\/strong>(klass<a href=\"https:\/\/muraste.ee\/vana\/wp-content\/uploads\/2016\/04\/Flaier-A65-99x210mm_UULA_trykki-page-0.jpg\" rel=\"attachment wp-att-1236\"><img decoding=\"async\" loading=\"lazy\" class=\"wp-image-1236 alignright\" src=\"https:\/\/muraste.ee\/vana\/wp-content\/uploads\/2016\/04\/Flaier-A65-99x210mm_UULA_trykki-page-0-146x300.jpg\" sizes=\"(max-width: 192px) 100vw, 192px\" srcset=\"https:\/\/muraste.ee\/vana\/wp-content\/uploads\/2016\/04\/Flaier-A65-99x210mm_UULA_trykki-page-0-498x1024.jpg 498w, https:\/\/muraste.ee\/vana\/wp-content\/uploads\/2016\/04\/Flaier-A65-99x210mm_UULA_trykki-page-0-624x1284.jpg 624w, https:\/\/muraste.ee\/vana\/wp-content\/uploads\/2016\/04\/Flaier-A65-99x210mm_UULA_trykki-page-0.jpg 1240w\" alt=\"Flaier A65 99x210mm_UULA_trykki-page-0\" width=\"192\" height=\"395\" \/><\/a>ikaline \u00fcldmassaa\u017e). Info ja registreerumine: Aile Kaljola, tel 56456432, e-post kaljolaaile@gmail.com;<\/li>\n<li>Kui kevadine <a href=\"http:\/\/www.oksad.ee\/\" target=\"_blank\"><strong>oksal\u00f5ikus<\/strong> <\/a>teeb muret\u2026 siis muretsemiseks\u00a0pole p\u00f5hjust! Naaberk\u00fcla ettev\u00f5tja tuleb app koos v\u00f5imsa oksapurustajaga! K\u00fcsi lisa: tel 56 960 320, e-post info@oksad.ee; \u00a0<a class=\"_553k\" href=\"http:\/\/www.oksad.ee\/\" target=\"_blank\" rel=\"nofollow\">www.oksad.ee<\/a>;<\/li>\n<li>Mainekalt konkursilt v\u00f5idu toonud <a href=\"http:\/\/uula.ee\/\" target=\"_blank\">n\u00e4omaalingute<\/a> tegija Ursula Otsing on k\u00f5igi laste ja lapsemeelsete teenistuses!. K\u00fcsi lisa:\u00a0tel: 55 31216; e-post:<a title=\"Link: mailto:ursula.otsing@gmail.com\" href=\"mailto:ursula.otsing@gmail.com\">ursula.otsing@gmail.com<\/a>; www.uula.ee.<\/li>\n<\/ul>\n<p><strong>H\u00f5iked:<\/strong><\/p>\n<ul>\n<li>Harju Ettev\u00f5tlus- ja Arenduskeskus palus meie kandi\u00a0tragidele tegutsejatele teada anda, et HEAK kutsub k\u00f5iki huvilisi 28.-29. aprillil <strong>kogemusreisile<\/strong> Harju- ja J\u00e4rvamaale! V\u00e4ljas\u00f5idu eesm\u00e4rk on saada \u00fclevaade vaba\u00fchenduste, ettev\u00f5tjate ja omavalitsuse koost\u00f6\u00f6st Rae, Kose, J\u00e4rva-Jaani ja Ambla vallas. Kel huvi, loeb <a href=\"http:\/\/www.heak.ee\/kogemusreis-harju-ja-jarvamaal\" target=\"_blank\">SIIT<\/a>\u00a0lisa ning paneb end kirja!<\/li>\n<li>Koostamisel on <strong>\u201cMeie Muraste\u201d omak\u00fcla\/kandi ettev\u00f5tjate- erinumber<\/strong>! Oodatud reklaamid, oma ettev\u00f5tte tegemisi tutvustavad artiklid jne hiljemalt 20. aprilliks! Ettev\u00f5tjad, olge aktiivsed ja n\u00e4htavad.<\/li>\n<li><a href=\"https:\/\/muraste.ee\/vana\/?p=1138\" target=\"_blank\">Osale\u00a0<\/a><a href=\"https:\/\/muraste.ee\/vana\/?p=1169\" target=\"_blank\">Muraste kooli logokonkusril<\/a>! Konkursi t\u00e4htaeg on 4. juuni<\/li>\n<li><strong>Ootame vabatahtlikke<\/strong>! Muraste k\u00fclaseltsi juhatus kutsub abilisi kogukonnale suunatud erinevate tegevuste ettevalmistamiseks ja l\u00e4biviimiseks. Ole hea, astu sulle sobival ajal kogukonnakeskusest l\u00e4bi kas oma ideega v\u00f5i leia meie tegevus- ja ideedekavast omale meelep\u00e4rane \u00fcritus, mille kordaminekule saad olla toeks. Koos teeme rohkem ja paremini! Palun, k\u00f5ik abik\u00e4ed on teretulnud! Suur t\u00e4nu k\u00f5igile, kes on juba oma soovidest ja v\u00f5imalustest teada andnud! (Nt tulekul: Muraste lennukas perep\u00e4ev 28.mai; jaanituli 23. juuni jne)<\/li>\n<li>Valmistume <strong>jaanip\u00e4evaks<\/strong>! Ehk oled just Sina see, kes on valmis ulatama abik\u00e4e ja olema \u00fcks jaanip\u00e4eva <a href=\"https:\/\/muraste.ee\/vana\/?p=1336\" target=\"_blank\">meeskonna liige v\u00f5i suisa eestvedaja<\/a>!<\/li>\n<li>Valmistume Muraste <strong>suvealguse lennukaks perep\u00e4evaks<\/strong> (28. mai) ja sellega seoses ootab korraldustoimkond \u00a0kirbuka korraldajaid!.\u00a0Huvilised, andke endast\u00a0m\u00e4rku!<\/li>\n<li>Valmistume Harku valla <strong>k\u00fcladep\u00e4eval<\/strong> osalemiseks (11.juuni) &#8211; r\u00f5\u00f5msad murastelased, ootame teid liituma: teeme taas koos k\u00fcla n\u00e4htavaks!<\/li>\n<\/ul>\n<p><strong>P\u00f5nevaid v\u00e4ljakutseid:<\/strong><\/p>\n<p><strong>Algas konkurss \u201eEesti kauneim maakodu\u201d!\u00a0<\/strong>Eesti vanim kodu- ja aiandusajakiri Maakodu j\u00e4tkab ka sel aastal traditsiooni otsida \u00fcles k\u00f5ik kaunid maakodud, suvilad ja aiad \u00fcle Eesti ning p\u00e4rjata neist silmapaistvaim tiitliga \u201eEesti kauneim maakodu 2016\u201d. Konkursi auhinnafondi v\u00e4\u00e4rtus on 4600 eurot.\u00a0Osalema on oodatud nii kaunite maakodude, suvilate ja aedade omanikud kui ka need, kes saavad uhkustada toreda k\u00f5rvalehitisega, olgu selleks v\u00e4lik\u00f6\u00f6k, lehtla, terrass v\u00f5i puhkeala.\u00a0\u00a0Peale kauneima maakodu valitakse veel v\u00f5itjad kolmes kategoorias: kauneim suvekodu, kauneim aed ja kauneim k\u00f5rvalehitis.\u00a0Konkursil osalemiseks tuleb saata oma kodust pilt koos kaaskirjaga hiljemalt 15. juuniks 2016. V\u00f5itjad kuulutatakse v\u00e4lja septembris 2016. T\u00e4psemate tingimuste kohta leiab lisainfot veebilehelt <a href=\"http:\/\/muraste.us10.list-manage1.com\/track\/click?u=d5ab2f2126e69ea10592e337e&amp;id=38650ff074&amp;e=3e34d0b1fa\" target=\"_blank\">www.maakodu.ee\/konkurss<\/a>.<\/p>\n<p><strong>Harjumaa LEADER-tegevusgrupid \u00a0annavad teada p\u00f5nevast kohaturundusseminarist,<\/strong> mis toimub 25. aprillil Laulasmaal, tutvustades \u00fcritust j\u00e4rgmiselt:\u00a0Kas tead, mis on \u00fchist\u00a0Hollandi Ida-Groningeni piirkonnal, L\u00f5una-Eestil ja ajakirjal National Geographic? Mis v\u00e4\u00e4rtus on Peipsi sibulatel, Kihnu seelikutel ja kollastel akendel ning kas pankrannikud ja roostikud on sama hinda v\u00e4\u00e4rt?\u00a0P\u00f5hja-Eesti on meie \u00fchine elu- ja tegevuspiirkond, meil on m\u00f5nus elukeskkond, p\u00f5nev ajalugu, kaunis loodus ja toredad ajaveetmiskohad. Kas me oskame seda piisavalt hinnata, kasutada ja arendada?\u00a0Mis on see \u00fchine v\u00e4\u00e4rtus, mis \u00fchendab \u00fches piirkonnas tegutsevaid ettev\u00f5tjaid, vallajuhte ja kogukondi?<\/p>\n<p>Arutame koos, kuidas oma kodukoha lugu luua ja seda lugu nii edasi anda, et see inimestele meelde j\u00e4\u00e4ks ja k\u00fclastajaid juurde tooks. N\u00e4iteid toob Euroopas tunnustatud ja hinnatud kohaturunduse, koost\u00f6\u00f6v\u00f5rgustike ja tootearenduse spetsialist Rob\u00a0Heilijgers Hollandist.<\/p>\n<p>National Geographicu peatoimetaja Erkki Peetsalu r\u00e4\u00e4gib, mis motiveeris maailma \u00fcht tuntuimat ajakirja lubama kasutada oma \u00fclemaailmselt tuntud kaubam\u00e4rki v\u00e4ikestel Eesti k\u00fcladel ja kogukondadel.\u00a0 Kristiina Tammets Tartumaa Arendusseltsist tutvustab L\u00f5una-Eestit \u00fchendavat kohaturundusprojekti \u201cElu kahe maailma piiril\u201d ja selle k\u00e4igus saadud kogemusi, mis viivad piirkonna turunduse uuele tasandile.<\/p>\n<p>Tule, kuula ja m\u00f5tle kaasa, mis on P\u00f5hja-Eesti ampsuga \u00f5un v\u00f5i kollane aken!\u00a0Seminar toimub Laulasmaa Spaa- ja Konverentsihotellis 25.04.2016 kl 14:00-17:00.<br \/>\nSeminari ajakava:<\/p>\n<p>13:30-14:00\u00a0Tervituskohv\u00a0\u00a0 \u00a0ja\u00a0\u00a0 \u00a0registreerumine;<br \/>\n14:00-14:15 Tervituss\u00f5nad\u00a0\u00a0 \u00a0\u2013\u00a0\u00a0 \u00a0L\u00e4\u00e4ne-Harju\u00a0\u00a0 \u00a0Koost\u00f6\u00f6kogu\u00a0\u00a0 \u00a0juhatuse\u00a0\u00a0 \u00a0esimees\u00a0\u00a0 \u00a0Rafael\u00a0\u00a0 \u00a0Milerman<br \/>\n14:15-15:30\u00a0Suurlinna\u00a0\u00a0 \u00a0l\u00e4heduses\u00a0\u00a0 \u00a0asuva\u00a0\u00a0 \u00a0piirkonna\u00a0\u00a0 \u00a0\u00fchendamine\u00a0\u00a0 \u00a0ja\u00a0\u00a0 \u00a0turundamine\u00a0\u00a0 \u00a0&#8211;\u00a0\u00a0 \u00a0Rob\u00a0\u00a0 \u00a0Heilijgers,\u00a0\u00a0 \u00a0ettev\u00f5tlusn\u00f5ustaja\u00a0\u00a0 \u00a0turunduse,\u00a0\u00a0 \u00a0tootearenduse\u00a0\u00a0 \u00a0ja\u00a0\u00a0 \u00a0v\u00f5rgustike\u00a0\u00a0 \u00a0alal<br \/>\n15:30-16:00\u00a0V\u00e4rskendus-\u00a0\u00a0 \u00a0ja\u00a0\u00a0 \u00a0v\u00f5rgustumispaus<br \/>\n16:00-16:15\u00a0National\u00a0\u00a0 \u00a0Geographic,\u00a0\u00a0 \u00a0kollased\u00a0\u00a0 \u00a0raamid\u00a0\u00a0 \u00a0ja\u00a0\u00a0 \u00a0kohalikud \u00a0kogukonnad\u00a0\u00a0 \u00a0\u2013\u00a0\u00a0 \u00a0Erkki\u00a0\u00a0 \u00a0Peetsalu,\u00a0\u00a0 National\u00a0\u00a0 \u00a0Geographic\u00a0\u00a0 \u00a0Eesti\u00a0\u00a0 \u00a0peatoimetaja<br \/>\n16:15-17:00 Projekt\u00a0\u00a0 \u201cElu\u00a0\u00a0 \u00a0kahe\u00a0\u00a0 \u00a0maailma\u00a0\u00a0 \u00a0piiril\u201d\u00a0\u00a0 \u00a0\u2013\u00a0\u00a0 \u00a0Kristiina\u00a0\u00a0 \u00a0Tammets,\u00a0\u00a0 \u00a0Tartumaa\u00a0\u00a0 \u00a0arendusseltsi\u00a0\u00a0 \u00a0tegevjuht<br \/>\nNB!\u00a0\u00a0 \u00a0Seminari\u00a0\u00a0 \u00a0t\u00f6\u00f6keeleks\u00a0\u00a0 \u00a0on\u00a0\u00a0 \u00a0inglise\u00a0\u00a0 \u00a0keel!\u00a0\u00a0 \u00a0<a href=\"http:\/\/muraste.us10.list-manage1.com\/track\/click?u=d5ab2f2126e69ea10592e337e&amp;id=23a8137e1e&amp;e=3e34d0b1fa\" target=\"_blank\">Registreeru \u00fcritusele veebivormi \u00a0kaudu\u00a0<\/a>hiljemalt 19.04.2016.\u00a0\u00a0Lisainfo seminari kohta: Ede Teinbas\u00a0<a href=\"mailto:ede@vomentaga.ee\" target=\"_blank\">ede@vomentaga.ee<\/a>;\u00a0<a href=\"tel:%2B372%2058%20085%20407\" target=\"_blank\">+372 58 085 407<\/a><\/p>\n<p><strong>Teadmiseks:<\/strong> Muraste igan\u00e4dalase e-infokirjaga liitumiseks saada sellekohane teade muraste@muraste.ee<\/p>\n<p><strong>T\u00e4psustused ja info:<\/strong> kogukonnakeskus@muraste.ee; 5253128 (Aule Kikas) v\u00f5i flaieritel olevatel kontaktidel.<\/p>\n<p>Kogukonnakeskus avatud E-N 10-18, R 10-16; \u00f5htustel aegadel ja n\u00e4dalavahetustel vt ajaplaani.<\/p>\n<p style=\"text-align: center;\"><strong><br \/>\n<\/strong><\/p>\n","protected":false},"excerpt":{"rendered":"<p>N\u00c4DAL 16 MURASTES 18.-24. aprill 2016 ehk tegevused Muraste koolimajas, kogukonnakeskuses, spordihoones, (SP spordisaal, KO kogukonnakeskuse ruum, AT aatrium, KL klassiruum) Esmasp\u00e4ev, 18. aprill kl 14-17 SP, Judoklubi AITADO kl 17-18 SP, K\u00e4sipalliklubi HC Tallinn (tel 5510440) kl 16.30 KL, Beebikool (Kristi Baumann, 5658959) \u2013 uued p\u00f5nnid on ikka oodatud! kl 16-17.30 KO(KL, Klaveritunnid lastele,<a class=\"moretag\" href=\"https:\/\/muraste.ee\/vana\/?page_id=1429\"><br \/>&#8230;Loe edasi<\/a><\/p>\n","protected":false},"author":2,"featured_media":0,"parent":0,"menu_order":0,"comment_status":"closed","ping_status":"closed","template":"nadalakava.php","meta":{"_bbp_topic_count":0,"_bbp_reply_count":0,"_bbp_total_topic_count":0,"_bbp_total_reply_count":0,"_bbp_voice_count":0,"_bbp_anonymous_reply_count":0,"_bbp_topic_count_hidden":0,"_bbp_reply_count_hidden":0,"_bbp_forum_subforum_count":0,"_mc_calendar":[]},"_links":{"self":[{"href":"https:\/\/muraste.ee\/vana\/index.php?rest_route=\/wp\/v2\/pages\/1429"}],"collection":[{"href":"https:\/\/muraste.ee\/vana\/index.php?rest_route=\/wp\/v2\/pages"}],"about":[{"href":"https:\/\/muraste.ee\/vana\/index.php?rest_route=\/wp\/v2\/types\/page"}],"author":[{"embeddable":true,"href":"https:\/\/muraste.ee\/vana\/index.php?rest_route=\/wp\/v2\/users\/2"}],"replies":[{"embeddable":true,"href":"https:\/\/muraste.ee\/vana\/index.php?rest_route=%2Fwp%2Fv2%2Fcomments&post=1429"}],"version-history":[{"count":17,"href":"https:\/\/muraste.ee\/vana\/index.php?rest_route=\/wp\/v2\/pages\/1429\/revisions"}],"predecessor-version":[{"id":1483,"href":"https:\/\/muraste.ee\/vana\/index.php?rest_route=\/wp\/v2\/pages\/1429\/revisions\/1483"}],"wp:attachment":[{"href":"https:\/\/muraste.ee\/vana\/index.php?rest_route=%2Fwp%2Fv2%2Fmedia&parent=1429"}],"curies":[{"name":"wp","href":"https:\/\/api.w.org\/{rel}","templated":true}]}}