{"id":145,"date":"2015-11-23T20:38:46","date_gmt":"2015-11-23T18:38:46","guid":{"rendered":"https:\/\/muraste.ee\/vana\/?page_id=145"},"modified":"2019-05-02T07:58:07","modified_gmt":"2019-05-02T04:58:07","slug":"harku-valla-teataja","status":"publish","type":"page","link":"https:\/\/muraste.ee\/vana\/?page_id=145","title":{"rendered":"Ajaleht &#8220;Harku valla teataja&#8221;"},"content":{"rendered":"<p><a href=\"http:\/\/www.harku.ee\/harku-valla-teataja\" target=\"_blank\"><img decoding=\"async\" loading=\"lazy\" class=\"size-full wp-image-729 aligncenter\" src=\"https:\/\/muraste.ee\/vana\/wp-content\/uploads\/2015\/11\/harku_valla_teataja_UUS.jpg\" alt=\"harku_valla_teataja_UUS\" width=\"768\" height=\"195\" srcset=\"https:\/\/muraste.ee\/vana\/wp-content\/uploads\/2015\/11\/harku_valla_teataja_UUS.jpg 768w, https:\/\/muraste.ee\/vana\/wp-content\/uploads\/2015\/11\/harku_valla_teataja_UUS-300x76.jpg 300w, https:\/\/muraste.ee\/vana\/wp-content\/uploads\/2015\/11\/harku_valla_teataja_UUS-624x158.jpg 624w\" sizes=\"(max-width: 768px) 100vw, 768px\" \/><\/a><\/p>\n<div id=\"p_p_id_56_INSTANCE_3gEOo9IQr8kW_\" class=\"portlet-boundary portlet-boundary_56_ portlet-static portlet-static-end portlet-borderless portlet-journal-content \">\n<div class=\"portlet-body\">\n<div class=\"portlet-borderless-container\">\n<div class=\"portlet-body\">\n<div class=\"journal-content-article\">\n<p><a href=\"http:\/\/www.harku.ee\/harku-valla-teataja\" target=\"_blank\">Harku Valla Teataja<\/a> ilmub 2 korda kuus, iga kuu teisel ja neljandal kolmap\u00e4eval.<\/p>\n<p>Kaast\u00f6\u00f6d ja kuulutused palub toimetus saata hiljemalt ilmumiseelse n\u00e4dala esmasp\u00e4evaks.<\/p>\n<\/div>\n<div class=\"entry-links\">\u00a0Seni ilmunud lehti saab lugeda\u00a0<a href=\"http:\/\/www.harku.ee\/harku-valla-teataja\">siit<\/a><\/div>\n<\/div>\n<\/div>\n<\/div>\n<\/div>\n<div id=\"p_p_id_56_INSTANCE_XYN5wm6EuO5m_\" class=\"portlet-boundary portlet-boundary_56_ portlet-static portlet-static-end portlet-borderless portlet-journal-content \">\n<p>&nbsp;<\/p>\n<div class=\"portlet-body\">\n<div class=\"portlet-borderless-container\">\n<div class=\"portlet-body\">\n<div class=\"journal-content-article\">\n<div class=\"container\">\n<h4>Harku Valla Teataja toimetus<\/h4>\n<table border=\"0\" cellspacing=\"1\" cellpadding=\"1\">\n<tbody>\n<tr>\n<td><strong>Mari Kukk<\/strong><\/td>\n<td>\nHarku Valla Teataja toimetaja<\/td>\n<td>55565434<\/td>\n<td>mari.kukkk@harku.ee<\/td>\n<\/tr>\n<tr>\n<td><\/td>\n<td><\/td>\n<td><\/td>\n<td><\/td>\n<\/tr>\n<tr>\n<td><\/td>\n<td><\/td>\n<td><\/td>\n<td><\/td>\n<\/tr>\n<\/tbody>\n<\/table>\n<\/div>\n<\/div>\n<\/div>\n<\/div>\n<\/div>\n<\/div>\n","protected":false},"excerpt":{"rendered":"<p>Harku Valla Teataja ilmub 2 korda kuus, iga kuu teisel ja neljandal kolmap\u00e4eval. Kaast\u00f6\u00f6d ja kuulutused palub toimetus saata hiljemalt ilmumiseelse n\u00e4dala esmasp\u00e4evaks. \u00a0Seni ilmunud lehti saab lugeda\u00a0siit &nbsp; Harku Valla Teataja toimetus Mari Kukk Harku Valla Teataja toimetaja 55565434 mari.kukkk@harku.ee<\/p>\n","protected":false},"author":1,"featured_media":0,"parent":0,"menu_order":0,"comment_status":"closed","ping_status":"closed","template":"page-templates\/full-width.php","meta":{"_bbp_topic_count":0,"_bbp_reply_count":0,"_bbp_total_topic_count":0,"_bbp_total_reply_count":0,"_bbp_voice_count":0,"_bbp_anonymous_reply_count":0,"_bbp_topic_count_hidden":0,"_bbp_reply_count_hidden":0,"_bbp_forum_subforum_count":0,"_mc_calendar":[]},"_links":{"self":[{"href":"https:\/\/muraste.ee\/vana\/index.php?rest_route=\/wp\/v2\/pages\/145"}],"collection":[{"href":"https:\/\/muraste.ee\/vana\/index.php?rest_route=\/wp\/v2\/pages"}],"about":[{"href":"https:\/\/muraste.ee\/vana\/index.php?rest_route=\/wp\/v2\/types\/page"}],"author":[{"embeddable":true,"href":"https:\/\/muraste.ee\/vana\/index.php?rest_route=\/wp\/v2\/users\/1"}],"replies":[{"embeddable":true,"href":"https:\/\/muraste.ee\/vana\/index.php?rest_route=%2Fwp%2Fv2%2Fcomments&post=145"}],"version-history":[{"count":13,"href":"https:\/\/muraste.ee\/vana\/index.php?rest_route=\/wp\/v2\/pages\/145\/revisions"}],"predecessor-version":[{"id":7227,"href":"https:\/\/muraste.ee\/vana\/index.php?rest_route=\/wp\/v2\/pages\/145\/revisions\/7227"}],"wp:attachment":[{"href":"https:\/\/muraste.ee\/vana\/index.php?rest_route=%2Fwp%2Fv2%2Fmedia&parent=145"}],"curies":[{"name":"wp","href":"https:\/\/api.w.org\/{rel}","templated":true}]}}