{"id":1495,"date":"2016-04-24T21:22:36","date_gmt":"2016-04-24T18:22:36","guid":{"rendered":"https:\/\/muraste.ee\/vana\/?page_id=1495"},"modified":"2016-04-25T08:41:03","modified_gmt":"2016-04-25T05:41:03","slug":"nadal-17","status":"publish","type":"page","link":"https:\/\/muraste.ee\/vana\/?page_id=1495","title":{"rendered":"N\u00e4dal 17"},"content":{"rendered":"<p style=\"text-align: center;\"><strong><span style=\"color: #3366ff;\">N\u00c4DAL 17 MURASTES<\/span><br \/>\n<\/strong>25. aprill\u00a0&#8211; 1. mai 2016<strong><br \/>\n<span style=\"color: #3366ff;\">ehk tegevused Muraste koolimajas, kogukonnakeskuses, spordihoones,<\/span><br \/>\n<\/strong>(SP spordisaal, KO kogukonnakeskuse ruum, AT aatrium, KL klassiruum)<\/p>\n<p style=\"text-align: justify;\"><strong><span style=\"color: #3366ff;\">Esmasp\u00e4ev, 25. aprill<\/span><a href=\"https:\/\/muraste.ee\/vana\/wp-content\/uploads\/2016\/04\/esikaas-sinilill.jpg\" rel=\"attachment wp-att-1476\"><img decoding=\"async\" loading=\"lazy\" class=\"wp-image-1476 alignleft\" src=\"https:\/\/muraste.ee\/vana\/wp-content\/uploads\/2016\/04\/esikaas-sinilill-300x217.jpg\" alt=\"OLYMPUS DIGITAL CAMERA\" width=\"230\" height=\"167\" srcset=\"https:\/\/muraste.ee\/vana\/wp-content\/uploads\/2016\/04\/esikaas-sinilill-300x217.jpg 300w, https:\/\/muraste.ee\/vana\/wp-content\/uploads\/2016\/04\/esikaas-sinilill-768x556.jpg 768w, https:\/\/muraste.ee\/vana\/wp-content\/uploads\/2016\/04\/esikaas-sinilill-1024x741.jpg 1024w, https:\/\/muraste.ee\/vana\/wp-content\/uploads\/2016\/04\/esikaas-sinilill-624x452.jpg 624w\" sizes=\"(max-width: 230px) 100vw, 230px\" \/><\/a><\/strong><br \/>\nkl 14-17 SP, Judoklubi AITADO<br \/>\nkl 14 Kohaturunduskonverents Laulasmaa Spaa- ja Konverentsihotellis.\u00a0Lisainfo seminari kohta: Ede Teinbas\u00a0<a href=\"mailto:ede@vomentaga.ee\" target=\"_blank\">ede@vomentaga.ee<\/a>;\u00a0<a href=\"tel:%2B372%2058%20085%20407\" target=\"_blank\">+372 58 085 407<\/a><br \/>\nkl 17-18 SP, K\u00e4sipalliklubi HC Tallinn (tel 5510440)<br \/>\nkl 16.30 KL, <strong>Beebikool<\/strong> (Kristi Baumann, 5658959) \u2013 uued p\u00f5nnid on ikka oodatud!<br \/>\nkl 16-17.30 KO\/KL, Klaveritunnid lastele, juhendab Katrin J\u00e4rvlepp (katrinjarvlepp362@gmail.com)\u00a0(grupp komplekteeritud).<br \/>\nkl 17.30 KO, v\u00e4ikekandleansambel LiULi<br \/>\nkl 19 KO V\u00e4ikekannel algajatele (juhendab Maria Vessmann)<br \/>\nkl 19 AT, Naiskoor \u201cMeretule\u201d. J\u00e4tkuvalt v\u00f5imalus liituda toreda laulurahvaga: kui k\u00f5hkled, tule kindlasti!<br \/>\nkl 20 SP, Zumba fitness!<\/p>\n<p style=\"text-align: justify;\"><span style=\"color: #3366ff;\"><strong>Teisip\u00e4ev, 26. aprill<\/strong><\/span><br \/>\nkl 14.00-15.30 SP, Tabasalu Palliklubi (tel 5136060)<img decoding=\"async\" loading=\"lazy\" class=\"alignright\" src=\"https:\/\/scontent-arn2-1.xx.fbcdn.net\/hphotos-xtp1\/v\/t1.0-9\/12928169_936936863071672_7297229904979180902_n.jpg?oh=6e3af9d84173ff3679ae4348fa9940eb&amp;oe=577A8F75\" alt=\"\" width=\"253\" height=\"535\" \/><br \/>\nkl 16-17 SP, Harju Jalgpallikool<br \/>\nkl 14.30 KO, Fa Stuudio (fl\u00f6\u00f6diring lastele)<br \/>\nkl 18 KL, Inglise keele vestlusring, juhendab James Gill. K\u00f5ik uued osalejad \u2013 keelehuvilised on oodatud!<br \/>\nkl 18 KL, Inglise keele kursus uuesti alustajatele<br \/>\nkl 18.30-19.45 AT, 22. m\u00e4rts \u2013 10. mai \u2013 Seltskonnatantsu j\u00e4tkukursus. Vt lisatud kuulutust!<br \/>\nkl 18.30-19.45 AT, <strong>UUS!<\/strong> 17. mai &#8211; 14. juuni \u2013 Seltskonnatantsu algajate intensiivkursus, Vt listatud kuulutust!<br \/>\nkl 19.45 AT, Seltskonnatantsude harjutustund -v\u00f5imalus \u00f5pitut kinnistada ja toredas seltskonnas jalga keerutada. Osalus 5 \u20ac\/in<br \/>\nkl 19 KO\u00a0<strong>Harku valla vaba\u00fchenduste \u00fcmarlaua kokkusaamine<\/strong> Muraste kogukonnakeskuses.<br \/>\nkl 19 SP, V\u00f5rkpall mehed\/naised.<\/p>\n<p style=\"text-align: justify;\"><span style=\"color: #3366ff;\"><strong>Kolmap\u00e4ev, 27. aprill<\/strong><\/span><br \/>\nkl 14-17 SP, Judoklubi AITADO<br \/>\nKl 17-18 SP, K\u00e4sipalliklubi HC Tallinn (tel 5510440)<br \/>\nkl 18 AT Muraste tee 3, 5. 7 ja 7a <strong>kortermajade \u00fcldkoosolek<\/strong> Muraste koolimaja aatriumis. Korraldab O\u00dc Strantum<br \/>\nkl 18.45 AT, Kundalini jooga<br \/>\nkl 19 SP, Korvpall meestele (NB! ruumi jagub ikka uutele m\u00e4ngijatele!)<br \/>\nkl 19 KO Muraste k\u00fclaseltsi juhatuse koosolek<\/p>\n<p style=\"text-align: justify;\"><strong><span style=\"color: #3366ff;\">Neljap\u00e4ev 28. aprill &#8211; Muraste k\u00fclaseltsi 7. s\u00fcnnip\u00e4ev!<\/span><img decoding=\"async\" loading=\"lazy\" class=\"alignright\" src=\"http:\/\/www.clker.com\/cliparts\/3\/4\/L\/C\/o\/P\/7th-birthday-cake-md.png\" alt=\"\" width=\"236\" height=\"235\" \/><br \/>\n<\/strong>kl.14.15-15.30 SP, Tabasalu Palliklubi (tel 5136060)<br \/>\nkl 16-17 SP, Harju Jalgpallikool<br \/>\nkl 17- 18.30 SP, Tabasalu Jalgpalliklubi<br \/>\nkl 18 AT. Muraste Kooli n\u00e4itering ja showtantsugrupp esitlevad:\u00a0<strong>&#8220;Lumivalgeke ja 7 p\u00f6ialpoissi&#8221;<\/strong> (Muraste kooli versioon). Muraste kooli aatriumis; pilet 1\u20ac<br \/>\nkl 18.30 SP, Korvpall naistele! (NB! Uued m\u00e4ngijad on v\u00e4ga oodatud!)<br \/>\nkl 20 SP, Zumba fitness!<\/p>\n<p style=\"text-align: justify;\"><strong><span style=\"color: #3366ff;\">Reede, 29. aprill<\/span><br \/>\n<\/strong>kl 14.30-15.30 SP, K\u00e4sipalliklubi HC Tallinn (tel 5510440)<br \/>\nkl 12.50-13.15 KL, V\u00e4ikekandle ring lastele. Juhendab Katrin J\u00e4rvlepp (lisainfo katrinjarvlepp362@gmail.com)<br \/>\nkl 13.15-14.45 KL, Klaveritunnid lastele. Juhendab Katrin J\u00e4rvlepp (lisainfo katrinjarvlepp362@gmail.com) <strong><a href=\"https:\/\/muraste.ee\/vana\/wp-content\/uploads\/2016\/03\/seenoior.jpg\" rel=\"attachment wp-att-1357\"><br \/>\n<\/a><\/strong><\/p>\n<p style=\"text-align: justify;\"><span style=\"color: #3366ff;\"><strong>Tulekul:<\/strong><\/span><\/p>\n<p>7. mail <strong><a href=\"https:\/\/muraste.ee\/vana\/?p=1138\" target=\"_blank\">Teeme \u00c4ra! talgup\u00e4ev Murastes<\/a>!<\/strong> Kas olete endale juba talgukoha leidnud?<br \/>\n7. mai <strong>Eesti Meistriv\u00f5istluste I etapp<\/strong> <strong>mototrialis<\/strong> Muraste paeplatsil. Lisainfo tulekul.<br \/>\n10. mail kell 16 &#8211; 19 Harku vallamaja koosolekute saalis <strong>LEADER-infop\u00e4ev<\/strong>.\u00a0 Seoses 15-22. augustil on avatava LEADER-programmi projektivooruga viib Nelja Valla Kogu l\u00e4bi infop\u00e4eva, kus tutvustatakse l\u00e4hemalt avanevate meetmete n\u00f5udeid ja tingimusi.<br \/>\n12. mail kell 19 <strong>Muraste k\u00fclaseltsi \u00fcldkoosolek<\/strong>. Ootame juhatusse uut t\u00e4iendavat energiat ehk uusi liikmeid. Koos teeme ju rohkem ja paremini! <strong>Filmi\u00f5htu: &#8220;Polaarpoiss<\/strong>&#8220;.<br \/>\n19. mail algusega kell 18 Muraste kooli armsate fl\u00f6\u00f6dipiigade ja Tabasalu Tibutare lasteaia muusikalaste <strong>kevadkontsert &#8220;Laulupai l\u00e4ks r\u00e4ndama&#8221;<\/strong>.<br \/>\n28. mail kell 12 Muraste lennukas perep\u00e4ev.<br \/>\n11. juunil kell 15 <strong>Harku valla k\u00fclade p\u00e4evad<\/strong> V\u00e4\u00e4na-J\u00f5esuus (Korraldajateks Suurupi Selts ja V\u00e4\u00e4na-J\u00f5esuu k\u00fclaselts)<br \/>\n23. juunil <strong>Jaanituli<\/strong> Muraste paeplatsil. Kas teeme? Avaldage arvamust!<\/p>\n<p style=\"text-align: justify;\"><strong><span style=\"color: #3366ff;\">Omakandi teenused:<br \/>\n<\/span><\/strong><\/p>\n<ul style=\"text-align: justify;\">\n<li>Kogukonnakeskuses avatud\u00a0<strong>massaa\u017eikamber \u00a0<\/strong>(klassikaline \u00fcldmassaa\u017e). Info ja registreerumine: Aile Kaljola, tel 56456432, e-post kaljolaaile@gmail.com;<\/li>\n<li>Kui kevadine <a href=\"http:\/\/www.oksad.ee\/\" target=\"_blank\"><strong>oksal\u00f5ikus<\/strong> <\/a>teeb muret\u2026 siis muretsemiseks\u00a0pole p\u00f5hjust! Naaberk\u00fcla ettev\u00f5tja tuleb app koos v\u00f5imsa oksapurustajaga! K\u00fcsi lisa: tel 56 960 320, e-post info@oksad.ee; \u00a0<a class=\"_553k\" href=\"http:\/\/www.oksad.ee\/\" target=\"_blank\" rel=\"nofollow\">www.oksad.ee<\/a>;<\/li>\n<li>Mainekalt konkursilt v\u00f5idu toonud <a href=\"http:\/\/uula.ee\/\" target=\"_blank\">n\u00e4omaalingute<\/a> tegija Ursula Otsing on k\u00f5igi laste ja lapsemeelsete teenistuses!. K\u00fcsi lisa:\u00a0tel: 55 31216; e-post:<a title=\"Link: mailto:ursula.otsing@gmail.com\" href=\"mailto:ursula.otsing@gmail.com\">ursula.otsing@gmail.com<\/a>; www.uula.ee.<\/li>\n<li><a href=\"https:\/\/muraste.ee\/vana\/wp-content\/uploads\/2016\/03\/P5010110.jpg\" rel=\"attachment wp-att-1490\"><img decoding=\"async\" loading=\"lazy\" class=\"wp-image-1490 alignleft\" src=\"https:\/\/muraste.ee\/vana\/wp-content\/uploads\/2016\/03\/P5010110-300x225.jpg\" alt=\"OLYMPUS DIGITAL CAMERA\" width=\"253\" height=\"190\" srcset=\"https:\/\/muraste.ee\/vana\/wp-content\/uploads\/2016\/03\/P5010110-300x225.jpg 300w, https:\/\/muraste.ee\/vana\/wp-content\/uploads\/2016\/03\/P5010110-768x576.jpg 768w, https:\/\/muraste.ee\/vana\/wp-content\/uploads\/2016\/03\/P5010110-1024x768.jpg 1024w, https:\/\/muraste.ee\/vana\/wp-content\/uploads\/2016\/03\/P5010110-624x468.jpg 624w, https:\/\/muraste.ee\/vana\/wp-content\/uploads\/2016\/03\/P5010110.jpg 1280w\" sizes=\"(max-width: 253px) 100vw, 253px\" \/><\/a>Soovid <strong>k\u00e4sit\u00f6\u00f6d<\/strong> omale, kingituseks? <strong><a href=\"https:\/\/www.facebook.com\/Liivi-n%C3%A4put%C3%B6%C3%B6-803661816432495\/\" target=\"_blank\">Liivi<\/a> <\/strong>aitab! Pakkumisel\u00a0heegeldised (linikud, sallid, vaibad, kodused asjad), kudumid (kindad, sokid, padjakatted jne) ja ka \u00f5mblust\u00f6\u00f6d (peamiselt lastele, voodipesu). Info\u00a0<a href=\"mailto:liivilm@hot.ee\">liivilm@hot.ee<\/a>\u00a0ja tel 5088911. \u00a0Vt pilti!<\/li>\n<li>Laulasmaa spaa- ja konverentsihotell otsib oma kollektiivi r\u00f5\u00f5msameelset <strong>vastuv\u00f5tu administraatorit.<\/strong><\/li>\n<\/ul>\n<p><a href=\"https:\/\/muraste.ee\/vana\/wp-content\/uploads\/2016\/03\/Hotelli-administraator.jpg\" rel=\"attachment wp-att-1486\"><img decoding=\"async\" loading=\"lazy\" class=\"wp-image-1486 alignleft\" src=\"https:\/\/muraste.ee\/vana\/wp-content\/uploads\/2016\/03\/Hotelli-administraator-212x300.jpg\" alt=\"Hotelli administraator\" width=\"286\" height=\"405\" srcset=\"https:\/\/muraste.ee\/vana\/wp-content\/uploads\/2016\/03\/Hotelli-administraator-212x300.jpg 212w, https:\/\/muraste.ee\/vana\/wp-content\/uploads\/2016\/03\/Hotelli-administraator-768x1086.jpg 768w, https:\/\/muraste.ee\/vana\/wp-content\/uploads\/2016\/03\/Hotelli-administraator-724x1024.jpg 724w, https:\/\/muraste.ee\/vana\/wp-content\/uploads\/2016\/03\/Hotelli-administraator-624x883.jpg 624w, https:\/\/muraste.ee\/vana\/wp-content\/uploads\/2016\/03\/Hotelli-administraator.jpg 1240w\" sizes=\"(max-width: 286px) 100vw, 286px\" \/><\/a><\/p>\n<p style=\"text-align: justify;\"><span style=\"color: #3366ff;\"><strong>H\u00f5iked:<\/strong><\/span><\/p>\n<ul style=\"text-align: justify;\">\n<li>Harju Ettev\u00f5tlus- ja Arenduskeskus palus meie kandi\u00a0tragidele tegutsejatele teada anda, et HEAK kutsub k\u00f5iki huvilisi 28.-29. aprillil <strong>kogemusreisile<\/strong> Harju- ja J\u00e4rvamaale! V\u00e4ljas\u00f5idu eesm\u00e4rk on saada \u00fclevaade vaba\u00fchenduste, ettev\u00f5tjate ja omavalitsuse koost\u00f6\u00f6st Rae, Kose, J\u00e4rva-Jaani ja Ambla vallas. Kel huvi, loeb <a href=\"http:\/\/www.heak.ee\/kogemusreis-harju-ja-jarvamaal\" target=\"_blank\">SIIT<\/a>\u00a0lisa ning paneb end kirja!<\/li>\n<li><strong><a href=\"https:\/\/muraste.ee\/vana\/?p=1138\" target=\"_blank\">Osale\u00a0<\/a><a href=\"https:\/\/muraste.ee\/vana\/?p=1169\" target=\"_blank\">Muraste kooli logokonkusril<\/a>!<\/strong> Konkursi t\u00e4htaeg on 4. juuni<\/li>\n<li><strong>Ootame vabatahtlikke<\/strong>! Muraste k\u00fclaseltsi juhatus kutsub abilisi kogukonnale suunatud erinevate tegevuste ettevalmistamiseks ja l\u00e4biviimiseks. Ole hea, astu sulle sobival ajal kogukonnakeskusest l\u00e4bi kas oma ideega v\u00f5i leia meie tegevus- ja ideedekavast omale meelep\u00e4rane \u00fcritus, mille kordaminekule saad olla toeks. Koos teeme rohkem ja paremini! Palun, k\u00f5ik abik\u00e4ed on teretulnud! Suur t\u00e4nu k\u00f5igile, kes on juba oma soovidest ja v\u00f5imalustest teada andnud! (Nt tulekul: Muraste lennukas perep\u00e4ev 28.mai; jaanituli 23. juuni jne)<\/li>\n<li>Valmistume <strong>jaanip\u00e4evaks<\/strong>! Ehk oled just Sina see, kes on valmis ulatama abik\u00e4e ja olema \u00fcks jaanip\u00e4eva <a href=\"https:\/\/muraste.ee\/vana\/?p=1336\" target=\"_blank\">meeskonna liige v\u00f5i suisa eestvedaja<\/a>!<\/li>\n<li>Valmistume Harku valla <strong>k\u00fcladep\u00e4eval<\/strong> osalemiseks (11.juuni) &#8211; r\u00f5\u00f5msad murastelased, ootame teid liituma: teeme taas koos k\u00fcla n\u00e4htavaks!<\/li>\n<\/ul>\n<p style=\"text-align: justify;\"><span style=\"color: #3366ff;\"><strong>P\u00f5nevaid v\u00e4ljakutseid:<\/strong><\/span><\/p>\n<p style=\"text-align: justify;\"><strong>Algas konkurss \u201eEesti kauneim maakodu\u201d!\u00a0<\/strong>Eesti vanim kodu- ja aiandusajakiri Maakodu j\u00e4tkab ka sel aastal traditsiooni otsida \u00fcles k\u00f5ik kaunid maakodud, suvilad ja aiad \u00fcle Eesti ning p\u00e4rjata neist silmapaistvaim tiitliga \u201eEesti kauneim maakodu 2016\u201d. Konkursi auhinnafondi v\u00e4\u00e4rtus on 4600 eurot.\u00a0Osalema on oodatud nii kaunite maakodude, suvilate ja aedade omanikud kui ka need, kes saavad uhkustada toreda k\u00f5rvalehitisega, olgu selleks v\u00e4lik\u00f6\u00f6k, lehtla, terrass v\u00f5i puhkeala.\u00a0\u00a0Peale kauneima maakodu valitakse veel v\u00f5itjad kolmes kategoorias: kauneim suvekodu, kauneim aed ja kauneim k\u00f5rvalehitis.\u00a0Konkursil osalemiseks tuleb saata oma kodust pilt koos kaaskirjaga hiljemalt 15. juuniks 2016. V\u00f5itjad kuulutatakse v\u00e4lja septembris 2016. T\u00e4psemate tingimuste kohta leiab lisainfot veebilehelt <a href=\"http:\/\/muraste.us10.list-manage1.com\/track\/click?u=d5ab2f2126e69ea10592e337e&amp;id=38650ff074&amp;e=3e34d0b1fa\" target=\"_blank\">www.maakodu.ee\/konkurss<\/a>.<\/p>\n<p style=\"text-align: justify;\"><span style=\"color: #3366ff;\"><strong>Teadmiseks:<\/strong><\/span> Muraste igan\u00e4dalase e-infokirjaga liitumiseks saada sellekohane teade muraste@muraste.ee<\/p>\n<p style=\"text-align: justify;\"><span style=\"color: #3366ff;\"><strong>T\u00e4psustused ja info:<\/strong><\/span> kogukonnakeskus@muraste.ee; 5253128 (Aule Kikas) v\u00f5i flaieritel olevatel kontaktidel.<\/p>\n<p style=\"text-align: justify;\">Kogukonnakeskus avatud E-N 10-18, R 10-16; \u00f5htustel aegadel ja n\u00e4dalavahetustel vt ajaplaani.<\/p>\n","protected":false},"excerpt":{"rendered":"<p>N\u00c4DAL 17 MURASTES 25. aprill\u00a0&#8211; 1. mai 2016 ehk tegevused Muraste koolimajas, kogukonnakeskuses, spordihoones, (SP spordisaal, KO kogukonnakeskuse ruum, AT aatrium, KL klassiruum) Esmasp\u00e4ev, 25. aprill kl 14-17 SP, Judoklubi AITADO kl 14 Kohaturunduskonverents Laulasmaa Spaa- ja Konverentsihotellis.\u00a0Lisainfo seminari kohta: Ede Teinbas\u00a0ede@vomentaga.ee;\u00a0+372 58 085 407 kl 17-18 SP, K\u00e4sipalliklubi HC Tallinn (tel 5510440) kl 16.30<a class=\"moretag\" href=\"https:\/\/muraste.ee\/vana\/?page_id=1495\"><br \/>&#8230;Loe edasi<\/a><\/p>\n","protected":false},"author":2,"featured_media":0,"parent":0,"menu_order":0,"comment_status":"closed","ping_status":"closed","template":"nadalakava.php","meta":{"_bbp_topic_count":0,"_bbp_reply_count":0,"_bbp_total_topic_count":0,"_bbp_total_reply_count":0,"_bbp_voice_count":0,"_bbp_anonymous_reply_count":0,"_bbp_topic_count_hidden":0,"_bbp_reply_count_hidden":0,"_bbp_forum_subforum_count":0,"_mc_calendar":[]},"_links":{"self":[{"href":"https:\/\/muraste.ee\/vana\/index.php?rest_route=\/wp\/v2\/pages\/1495"}],"collection":[{"href":"https:\/\/muraste.ee\/vana\/index.php?rest_route=\/wp\/v2\/pages"}],"about":[{"href":"https:\/\/muraste.ee\/vana\/index.php?rest_route=\/wp\/v2\/types\/page"}],"author":[{"embeddable":true,"href":"https:\/\/muraste.ee\/vana\/index.php?rest_route=\/wp\/v2\/users\/2"}],"replies":[{"embeddable":true,"href":"https:\/\/muraste.ee\/vana\/index.php?rest_route=%2Fwp%2Fv2%2Fcomments&post=1495"}],"version-history":[{"count":3,"href":"https:\/\/muraste.ee\/vana\/index.php?rest_route=\/wp\/v2\/pages\/1495\/revisions"}],"predecessor-version":[{"id":1500,"href":"https:\/\/muraste.ee\/vana\/index.php?rest_route=\/wp\/v2\/pages\/1495\/revisions\/1500"}],"wp:attachment":[{"href":"https:\/\/muraste.ee\/vana\/index.php?rest_route=%2Fwp%2Fv2%2Fmedia&parent=1495"}],"curies":[{"name":"wp","href":"https:\/\/api.w.org\/{rel}","templated":true}]}}