{"id":1689,"date":"2016-05-09T09:12:12","date_gmt":"2016-05-09T06:12:12","guid":{"rendered":"https:\/\/muraste.ee\/vana\/?page_id=1689"},"modified":"2016-05-09T09:12:12","modified_gmt":"2016-05-09T06:12:12","slug":"nadal-18","status":"publish","type":"page","link":"https:\/\/muraste.ee\/vana\/?page_id=1689","title":{"rendered":"N\u00e4dal 18"},"content":{"rendered":"<div id=\"main\" class=\"wrapper\">\n<div id=\"primary\" class=\"site-content\">\n<div id=\"content\">\n<article id=\"post-945\" class=\"post-945 page type-page status-publish hentry\">\n<div class=\"entry-content\">\n<p><strong>N\u00c4DAL 18 MURASTES<br \/>\n<\/strong>2. mai\u00a0\u2013 8. mai 2016<strong><br \/>\nehk tegevused Muraste koolimajas, kogukonnakeskuses, spordihoones,<br \/>\n<\/strong>(SP spordisaal, KO kogukonnakeskuse ruum, AT aatrium, KL klassiruum)<\/p>\n<p><strong>Esmasp\u00e4ev, 2.\u00a0mai<a href=\"https:\/\/muraste.ee\/vana\/wp-content\/uploads\/2016\/04\/esikaas-sinilill.jpg\" rel=\"attachment wp-att-1476\"><img decoding=\"async\" loading=\"lazy\" class=\"wp-image-1476 alignleft\" src=\"https:\/\/muraste.ee\/vana\/wp-content\/uploads\/2016\/04\/esikaas-sinilill-300x217.jpg\" alt=\"OLYMPUS DIGITAL CAMERA\" width=\"230\" height=\"167\" srcset=\"https:\/\/muraste.ee\/vana\/wp-content\/uploads\/2016\/04\/esikaas-sinilill-300x217.jpg 300w, https:\/\/muraste.ee\/vana\/wp-content\/uploads\/2016\/04\/esikaas-sinilill-768x556.jpg 768w, https:\/\/muraste.ee\/vana\/wp-content\/uploads\/2016\/04\/esikaas-sinilill-1024x741.jpg 1024w, https:\/\/muraste.ee\/vana\/wp-content\/uploads\/2016\/04\/esikaas-sinilill-624x452.jpg 624w\" sizes=\"(max-width: 230px) 100vw, 230px\" \/><\/a><\/strong><br \/>\nkl 14-17 SP, Judoklubi AITADO<br \/>\nkl 17-18 SP, K\u00e4sipalliklubi HC Tallinn (tel 5510440)<br \/>\nkl 16.30 KL, <strong>Beebikool<\/strong> (Kristi Baumann, 5658959) \u2013 uued p\u00f5nnid on ikka oodatud!<br \/>\nkl 16-17.30 KO\/KL, Klaveritunnid lastele, juhendab Katrin J\u00e4rvlepp (katrinjarvlepp362@gmail.com)\u00a0(grupp komplekteeritud).<br \/>\nkl 17.30 KO, v\u00e4ikekandleansambel LiULi<br \/>\nkl 19 AT, Naiskoor \u201cMeretule\u201d. J\u00e4tkuvalt v\u00f5imalus liituda toreda laulurahvaga: kui k\u00f5hkled, tule kindlasti!<\/p>\n<p><strong>Teisip\u00e4ev, 3. mai<\/strong><br \/>\nkl 14.00-15.30 SP, Tabasalu Palliklubi (tel 5136060)<img decoding=\"async\" loading=\"lazy\" class=\"alignright\" src=\"https:\/\/scontent-arn2-1.xx.fbcdn.net\/hphotos-xtp1\/v\/t1.0-9\/12928169_936936863071672_7297229904979180902_n.jpg?oh=6e3af9d84173ff3679ae4348fa9940eb&amp;oe=577A8F75\" alt=\"\" width=\"253\" height=\"535\" \/><br \/>\nkl 16-17 SP, Harju Jalgpallikool<br \/>\nkl 14.30 KO, Fa Stuudio (fl\u00f6\u00f6diring lastele)<br \/>\nkl 18 KL, Inglise keele vestlusring, juhendab James Gill. K\u00f5ik uued osalejad \u2013 keelehuvilised on oodatud!<br \/>\nkl 18 KL, Inglise keele kursus uuesti alustajatele<br \/>\nkl 18.30-19.45 AT, 22. m\u00e4rts \u2013 10. mai \u2013 Seltskonnatantsu j\u00e4tkukursus. Vt lisatud kuulutust!<br \/>\nkl 18.30-19.45 AT, <strong>UUS!<\/strong> 17. mai \u2013 14. juuni \u2013 Seltskonnatantsu algajate intensiivkursus, Vt listatud kuulutust!<br \/>\nkl 19.45 AT, Seltskonnatantsude harjutustund -v\u00f5imalus \u00f5pitut kinnistada ja toredas seltskonnas jalga keerutada. Osalus 5 \u20ac\/in<br \/>\nkl 19 SP, V\u00f5rkpall mehed\/naised.<\/p>\n<p><strong>Kolmap\u00e4ev, 4.\u00a0mai<\/strong><br \/>\nkl 14-17 SP, Judoklubi AITADO<br \/>\nKl 17-18 SP, K\u00e4sipalliklubi HC Tallinn (tel 5510440)<br \/>\nkl 18.45 AT, Kundalini jooga<br \/>\nkl 19 SP, Korvpall meestele (NB! ruumi jagub ikka uutele m\u00e4ngijatele!)<\/p>\n<p><strong>Neljap\u00e4ev 5. mai<br \/>\n<\/strong>kl.14.15-15.30 SP, Tabasalu Palliklubi (tel 5136060)<br \/>\nkl 16-17 SP, Harju Jalgpallikool<br \/>\nkl 17- 18.30 SP, Tabasalu Jalgpalliklubi<br \/>\nkl 18.30 SP, Korvpall naistele! (NB! Uue m\u00e4ngijad on v\u00e4ga oodatud!)<br \/>\nkl 20 SP, Zumba fitness!<\/p>\n<p><strong>Reede, 6.\u00a0mai<br \/>\n<\/strong>kl 14.30-15.30 SP, K\u00e4sipalliklubi HC Tallinn (tel 5510440)<br \/>\nkl 12.50-13.15 KL, V\u00e4ikekandle ring lastele. Juhendab Katrin J\u00e4rvlepp (lisainfo katrinjarvlepp362@gmail.com)<br \/>\nkl 13.15-14.45 KL, Klaveritunnid lastele. Juhendab Katrin J\u00e4rvlepp (lisainfo katrinjarvlepp362@gmail.com) <strong><a href=\"https:\/\/muraste.ee\/vana\/wp-content\/uploads\/2016\/03\/seenoior.jpg\" rel=\"attachment wp-att-1357\"><br \/>\n<\/a><\/strong><\/p>\n<p>kl 16 AT, <strong>Emadep\u00e4eva kontsert valla pension\u00e4ridele<\/strong>. Korraldab Harku vallavalitsus, rohkem infot <a href=\"http:\/\/www.harku.ee\/kalender?p_p_id=8&amp;p_p_lifecycle=0&amp;p_p_state=normal&amp;p_p_mode=view&amp;p_p_col_id=column-2&amp;p_p_col_count=1&amp;_8_struts_action=%2Fcalendar%2Fview_event&amp;_8_eventId=11615299\" target=\"_blank\">valla kodulehelt<\/a>.<\/p>\n<p><strong>Laup\u00e4eval, 7.mail<br \/>\n<\/strong>kl 11\u00a0<strong><a href=\"https:\/\/muraste.ee\/vana\/?p=1138\" target=\"_blank\">Teeme \u00c4ra! talgup\u00e4ev Murastes<\/a>! <\/strong>Kas olete endale juba talgukoha leidnud?<\/p>\n<p>kl 12\u00a0<strong><a href=\"https:\/\/muraste.ee\/vana\/?p=1657\" target=\"_blank\">Eesti meistriv\u00f5istluste I etapp mototrialis<\/a><\/strong> Muraste Paeplatsil<\/p>\n<p><strong><img decoding=\"async\" loading=\"lazy\" class=\"\" src=\"https:\/\/scontent-arn2-1.xx.fbcdn.net\/hphotos-xaf1\/t31.0-8\/s960x960\/12885789_932992543466104_3531049022891174510_o.jpg\" alt=\"\" width=\"529\" height=\"748\" \/><\/strong><\/p>\n<p><strong>Tulekul:<\/strong><br \/>\n10. mail kell 16 \u2013 19 Harku vallamaja koosolekute saalis <strong>LEADER-infop\u00e4ev<\/strong>.\u00a0 Seoses 15-22. augustil on avatava LEADER-programmi projektivooruga viib Nelja Valla Kogu l\u00e4bi infop\u00e4eva, kus tutvustatakse l\u00e4hemalt avanevate meetmete n\u00f5udeid ja tingimusi.<br \/>\n12. mail kell 19 <strong><a href=\"https:\/\/muraste.ee\/vana\/?page_id=101\" target=\"_blank\">Muraste k\u00fclaseltsi \u00fcldkoosolek<\/a><\/strong>. Ootame juhatusse uut t\u00e4iendavat energiat ehk uusi liikmeid. Koos teeme ju rohkem ja paremini!<br \/>\n12. mail kell 20.30 Filmi\u00f5htu: <strong><a href=\"https:\/\/muraste.ee\/vana\/?p=1594\" target=\"_blank\">\u201cPolaarpoiss\u201d<\/a><\/strong><br \/>\n19. mail algusega kell 18 Muraste kooli armsate fl\u00f6\u00f6dipiigade ja Tabasalu Tibutare lasteaia muusikalaste <strong>kevadkontsert \u201cLaulupai l\u00e4ks r\u00e4ndama\u201d<\/strong>.<br \/>\n<em>26. mai\u00a0kell 19<strong> \u00a0<a href=\"https:\/\/muraste.ee\/vana\/?p=1637\" target=\"_blank\">loeng teemal <\/a><a href=\"https:\/\/muraste.ee\/vana\/?p=1637\" target=\"_blank\">\u201cMere v\u00e4rvid: meri l\u00e4bi marinistide silmade\u201d<\/a>\u00a0<\/strong>Muraste koolimajas. Esineb\u00a0kapten ja \u00a0TT\u00dc Eesti Mereakadeemia \u00f5ppej\u00f5ud Rein\u00a0Raudsalu<\/em><br \/>\n28. mail kell 12 <strong>Muraste lennukas perep\u00e4ev<\/strong>.<br \/>\n30. mai kell 19 Muraste Liikumisklubi \u201cLihtsalt liikuma\u201d\u00a0 <strong>3. s\u00fcnnip\u00e4evale p\u00fchendatud \u00fchisliikumine.\u00a0<\/strong><br \/>\n11. juunil kell 15 <strong>Harku valla k\u00fclade p\u00e4evad<\/strong> V\u00e4\u00e4na-J\u00f5esuus (Korraldajateks Suurupi Selts ja V\u00e4\u00e4na-J\u00f5esuu k\u00fclaselts)<br \/>\n18. juunil Mummi trahteri 13. s\u00fcnnip\u00e4ev. Tantsuks V\u00e4ike Mees (Meie mehe v\u00e4ike vend;)!<br \/>\n23. juunil <strong>Jaanituli<\/strong> Muraste paeplatsil.<\/p>\n<p><strong>Omakandi teenused:<br \/>\n<\/strong><\/p>\n<ul>\n<li>Kogukonnakeskuses avatud\u00a0<strong>massaa\u017eikamber \u00a0<\/strong>(klassikaline \u00fcldmassaa\u017e). Info ja registreerumine: Aile Kaljola, tel 56456432, e-post kaljolaaile@gmail.com;<\/li>\n<li>Kui kevadine <a href=\"http:\/\/www.oksad.ee\/\" target=\"_blank\"><strong>oksal\u00f5ikus<\/strong> <\/a>teeb muret\u2026 siis muretsemiseks\u00a0pole p\u00f5hjust! Naaberk\u00fcla ettev\u00f5tja tuleb app koos v\u00f5imsa oksapurustajaga! K\u00fcsi lisa: tel 56 960 320, e-post info@oksad.ee; \u00a0<a class=\"_553k\" href=\"http:\/\/www.oksad.ee\/\" target=\"_blank\" rel=\"nofollow\">www.oksad.ee<\/a>;<\/li>\n<li>Soovid kauneid ja kaharaid\u00a0<strong>ripsmeid<\/strong>?\u00a0Koolitatud ja kogemustega ripsmete paigaldaja Muraste k\u00fclas pakub oma teenust! K\u00fcsi lisa: Laura, tel 55610853.<\/li>\n<li>Mainekalt konkursilt v\u00f5idu toonud <a href=\"http:\/\/uula.ee\/\" target=\"_blank\">n\u00e4omaalingute<\/a> tegija Ursula Otsing on k\u00f5igi laste ja lapsemeelsete teenistuses!. K\u00fcsi lisa:\u00a0tel: 55 31216; e-post:<a title=\"Link: mailto:ursula.otsing@gmail.com\" href=\"mailto:ursula.otsing@gmail.com\">ursula.otsing@gmail.com<\/a>; www.uula.ee.<\/li>\n<li><a href=\"https:\/\/muraste.ee\/vana\/wp-content\/uploads\/2016\/03\/P5010110.jpg\" rel=\"attachment wp-att-1490\"><img decoding=\"async\" loading=\"lazy\" class=\"wp-image-1490 alignleft\" src=\"https:\/\/muraste.ee\/vana\/wp-content\/uploads\/2016\/03\/P5010110-300x225.jpg\" sizes=\"(max-width: 253px) 100vw, 253px\" srcset=\"https:\/\/muraste.ee\/vana\/wp-content\/uploads\/2016\/03\/P5010110-300x225.jpg 300w, https:\/\/muraste.ee\/vana\/wp-content\/uploads\/2016\/03\/P5010110-768x576.jpg 768w, https:\/\/muraste.ee\/vana\/wp-content\/uploads\/2016\/03\/P5010110-1024x768.jpg 1024w, https:\/\/muraste.ee\/vana\/wp-content\/uploads\/2016\/03\/P5010110-624x468.jpg 624w, https:\/\/muraste.ee\/vana\/wp-content\/uploads\/2016\/03\/P5010110.jpg 1280w\" alt=\"OLYMPUS DIGITAL CAMERA\" width=\"253\" height=\"190\" \/><\/a>Soovid <strong>k\u00e4sit\u00f6\u00f6d<\/strong> omale, kingituseks? <strong><a href=\"https:\/\/www.facebook.com\/Liivi-n%C3%A4put%C3%B6%C3%B6-803661816432495\/\" target=\"_blank\">Liivi<\/a> <\/strong>aitab! Pakkumisel\u00a0heegeldised (linikud, sallid, vaibad, kodused asjad), kudumid (kindad, sokid, padjakatted jne) ja ka \u00f5mblust\u00f6\u00f6d (peamiselt lastele, voodipesu). Info\u00a0<a href=\"mailto:liivilm@hot.ee\">liivilm@hot.ee<\/a>\u00a0ja tel 5088911. \u00a0Vt pilti!<\/li>\n<\/ul>\n<p>&nbsp;<\/p>\n<p>&nbsp;<\/p>\n<p><strong>H\u00f5iked:<\/strong><\/p>\n<ul>\n<li><strong><a href=\"https:\/\/muraste.ee\/vana\/?p=1138\" target=\"_blank\">Osale\u00a0<\/a><a href=\"https:\/\/muraste.ee\/vana\/?p=1169\" target=\"_blank\">Muraste kooli logokonkusril<\/a>!<\/strong> Konkursi t\u00e4htaeg on 4. juuni<\/li>\n<li><strong>Ootame vabatahtlikke<\/strong>! Muraste k\u00fclaseltsi juhatus kutsub abilisi kogukonnale suunatud erinevate tegevuste ettevalmistamiseks ja l\u00e4biviimiseks. Ole hea, astu sulle sobival ajal kogukonnakeskusest l\u00e4bi kas oma ideega v\u00f5i leia meie tegevus- ja ideedekavast omale meelep\u00e4rane \u00fcritus, mille kordaminekule saad olla toeks. Koos teeme rohkem ja paremini! Palun, k\u00f5ik abik\u00e4ed on teretulnud! Suur t\u00e4nu k\u00f5igile, kes on juba oma soovidest ja v\u00f5imalustest teada andnud! (Nt tulekul: Muraste lennukas perep\u00e4ev 28.mai; jaanituli 23. juuni jne)<\/li>\n<li>Valmistume <strong>jaanip\u00e4evaks<\/strong>! Ehk oled just Sina see, kes on valmis ulatama abik\u00e4e ja olema \u00fcks jaanip\u00e4eva <a href=\"https:\/\/muraste.ee\/vana\/?p=1336\" target=\"_blank\">meeskonna liige v\u00f5i suisa eestvedaja<\/a>!<\/li>\n<li>Valmistume Harku valla <strong>k\u00fcladep\u00e4eval<\/strong> osalemiseks (11.juuni) \u2013 r\u00f5\u00f5msad murastelased, ootame teid liituma: teeme taas koos k\u00fcla n\u00e4htavaks!<\/li>\n<\/ul>\n<p><strong>P\u00f5nevaid v\u00e4ljakutseid:<\/strong><\/p>\n<p><strong>Algas konkurss \u201eEesti kauneim maakodu\u201d!\u00a0<\/strong>Eesti vanim kodu- ja aiandusajakiri Maakodu j\u00e4tkab ka sel aastal traditsiooni otsida \u00fcles k\u00f5ik kaunid maakodud, suvilad ja aiad \u00fcle Eesti ning p\u00e4rjata neist silmapaistvaim tiitliga \u201eEesti kauneim maakodu 2016\u201d. Konkursi auhinnafondi v\u00e4\u00e4rtus on 4600 eurot.\u00a0Osalema on oodatud nii kaunite maakodude, suvilate ja aedade omanikud kui ka need, kes saavad uhkustada toreda k\u00f5rvalehitisega, olgu selleks v\u00e4lik\u00f6\u00f6k, lehtla, terrass v\u00f5i puhkeala.\u00a0\u00a0Peale kauneima maakodu valitakse veel v\u00f5itjad kolmes kategoorias: kauneim suvekodu, kauneim aed ja kauneim k\u00f5rvalehitis.\u00a0Konkursil osalemiseks tuleb saata oma kodust pilt koos kaaskirjaga hiljemalt 15. juuniks 2016. V\u00f5itjad kuulutatakse v\u00e4lja septembris 2016. T\u00e4psemate tingimuste kohta leiab lisainfot veebilehelt<a href=\"http:\/\/muraste.us10.list-manage1.com\/track\/click?u=d5ab2f2126e69ea10592e337e&amp;id=38650ff074&amp;e=3e34d0b1fa\" target=\"_blank\">www.maakodu.ee\/konkurss<\/a>.<\/p>\n<p><strong>Teadmiseks:<\/strong> Muraste igan\u00e4dalase e-infokirjaga liitumiseks saada sellekohane teade muraste@muraste.ee<\/p>\n<p><strong>T\u00e4psustused ja info:<\/strong> kogukonnakeskus@muraste.ee; 5253128 (Aule Kikas) v\u00f5i flaieritel olevatel kontaktidel.<\/p>\n<p>Kogukonnakeskus avatud E-N 10-18, R 10-16; \u00f5htustel aegadel ja n\u00e4dalavahetustel vt ajaplaani.<\/p>\n<\/div>\n<\/article>\n<\/div>\n<\/div>\n<div id=\"custom-sidebar\">\n<ul>\n<li id=\"nav_menu-5\">\n<div class=\"menu-nadalakava-container\">\n<ul id=\"menu-nadalakava\" class=\"menu\">\n<li id=\"menu-item-1499\" class=\"menu-item menu-item-type-post_type menu-item-object-page menu-item-1499\"><a href=\"https:\/\/muraste.ee\/vana\/?page_id=1495\">N\u00e4dal 17<\/a><\/li>\n<li id=\"menu-item-1432\" class=\"menu-item menu-item-type-post_type menu-item-object-page menu-item-1432\"><a href=\"https:\/\/muraste.ee\/vana\/?page_id=1429\">N\u00e4dal 16<\/a><\/li>\n<li id=\"menu-item-1421\" class=\"menu-item menu-item-type-post_type menu-item-object-page menu-item-1421\"><a href=\"https:\/\/muraste.ee\/vana\/?page_id=1418\">N\u00e4dal 15<\/a><\/li>\n<li id=\"menu-item-1352\" class=\"menu-item menu-item-type-post_type menu-item-object-page menu-item-1352\"><a href=\"https:\/\/muraste.ee\/vana\/?page_id=1349\">N\u00e4dal 14<\/a><\/li>\n<li id=\"menu-item-1216\" class=\"menu-item menu-item-type-post_type menu-item-object-page menu-item-1216\"><a href=\"https:\/\/muraste.ee\/vana\/?page_id=1191\">N\u00e4dal 13<\/a><\/li>\n<li id=\"menu-item-1215\" class=\"menu-item menu-item-type-post_type menu-item-object-page menu-item-1215\"><a href=\"https:\/\/muraste.ee\/vana\/?page_id=1206\">N\u00e4dal 12<\/a><\/li>\n<li id=\"menu-item-1222\" class=\"menu-item menu-item-type-post_type menu-item-object-page menu-item-1222\"><a href=\"https:\/\/muraste.ee\/vana\/?page_id=1217\">N\u00e4dal 11<\/a><\/li>\n<li id=\"menu-item-1227\" class=\"menu-item menu-item-type-post_type menu-item-object-page menu-item-1227\"><a href=\"https:\/\/muraste.ee\/vana\/?page_id=1223\">N\u00e4dal 10<\/a><\/li>\n<li id=\"menu-item-1251\" class=\"menu-item menu-item-type-post_type menu-item-object-page menu-item-1251\"><a href=\"https:\/\/muraste.ee\/vana\/?page_id=1247\">N\u00e4dal 9<\/a><\/li>\n<li id=\"menu-item-1256\" class=\"menu-item menu-item-type-post_type menu-item-object-page menu-item-1256\"><a href=\"https:\/\/muraste.ee\/vana\/?page_id=1252\">N\u00e4dal 8<\/a><\/li>\n<li id=\"menu-item-1262\" class=\"menu-item menu-item-type-post_type menu-item-object-page menu-item-1262\"><a href=\"https:\/\/muraste.ee\/vana\/?page_id=1257\">N\u00e4dal 7<\/a><\/li>\n<li id=\"menu-item-1267\" class=\"menu-item menu-item-type-post_type menu-item-object-page menu-item-1267\"><a href=\"https:\/\/muraste.ee\/vana\/?page_id=1264\">N\u00e4dal 6<\/a><\/li>\n<li id=\"menu-item-1272\" class=\"menu-item menu-item-type-post_type menu-item-object-page menu-item-1272\"><a href=\"https:\/\/muraste.ee\/vana\/?page_id=1269\">N\u00e4dal 5<\/a><\/li>\n<li id=\"menu-item-1276\" class=\"menu-item menu-item-type-post_type menu-item-object-page menu-item-1276\"><a href=\"https:\/\/muraste.ee\/vana\/?page_id=1273\">N\u00e4dal 4<\/a><\/li>\n<li id=\"menu-item-1280\" class=\"menu-item menu-item-type-post_type menu-item-object-page menu-item-1280\"><a href=\"https:\/\/muraste.ee\/vana\/?page_id=1277\">N\u00e4dal 3<\/a><\/li>\n<li id=\"menu-item-1286\" class=\"menu-item menu-item-type-post_type menu-item-object-page menu-item-1286\"><a href=\"https:\/\/muraste.ee\/vana\/?page_id=1283\">N\u00e4dal 2<\/a><\/li>\n<li id=\"menu-item-1290\" class=\"menu-item menu-item-type-post_type menu-item-object-page menu-item-1290\"><a href=\"https:\/\/muraste.ee\/vana\/?page_id=1287\">N\u00e4dal 1<\/a><\/li>\n<\/ul>\n<\/div>\n<\/li>\n<\/ul>\n<div><\/div>\n<\/div>\n<\/div>\n","protected":false},"excerpt":{"rendered":"<p>N\u00c4DAL 18 MURASTES 2. mai\u00a0\u2013 8. mai 2016 ehk tegevused Muraste koolimajas, kogukonnakeskuses, spordihoones, (SP spordisaal, KO kogukonnakeskuse ruum, AT aatrium, KL klassiruum) Esmasp\u00e4ev, 2.\u00a0mai kl 14-17 SP, Judoklubi AITADO kl 17-18 SP, K\u00e4sipalliklubi HC Tallinn (tel 5510440) kl 16.30 KL, Beebikool (Kristi Baumann, 5658959) \u2013 uued p\u00f5nnid on ikka oodatud! kl 16-17.30 KO\/KL, Klaveritunnid<a class=\"moretag\" href=\"https:\/\/muraste.ee\/vana\/?page_id=1689\"><br \/>&#8230;Loe edasi<\/a><\/p>\n","protected":false},"author":2,"featured_media":0,"parent":0,"menu_order":0,"comment_status":"closed","ping_status":"closed","template":"nadalakava.php","meta":{"_bbp_topic_count":0,"_bbp_reply_count":0,"_bbp_total_topic_count":0,"_bbp_total_reply_count":0,"_bbp_voice_count":0,"_bbp_anonymous_reply_count":0,"_bbp_topic_count_hidden":0,"_bbp_reply_count_hidden":0,"_bbp_forum_subforum_count":0,"_mc_calendar":[]},"_links":{"self":[{"href":"https:\/\/muraste.ee\/vana\/index.php?rest_route=\/wp\/v2\/pages\/1689"}],"collection":[{"href":"https:\/\/muraste.ee\/vana\/index.php?rest_route=\/wp\/v2\/pages"}],"about":[{"href":"https:\/\/muraste.ee\/vana\/index.php?rest_route=\/wp\/v2\/types\/page"}],"author":[{"embeddable":true,"href":"https:\/\/muraste.ee\/vana\/index.php?rest_route=\/wp\/v2\/users\/2"}],"replies":[{"embeddable":true,"href":"https:\/\/muraste.ee\/vana\/index.php?rest_route=%2Fwp%2Fv2%2Fcomments&post=1689"}],"version-history":[{"count":1,"href":"https:\/\/muraste.ee\/vana\/index.php?rest_route=\/wp\/v2\/pages\/1689\/revisions"}],"predecessor-version":[{"id":1691,"href":"https:\/\/muraste.ee\/vana\/index.php?rest_route=\/wp\/v2\/pages\/1689\/revisions\/1691"}],"wp:attachment":[{"href":"https:\/\/muraste.ee\/vana\/index.php?rest_route=%2Fwp%2Fv2%2Fmedia&parent=1689"}],"curies":[{"name":"wp","href":"https:\/\/api.w.org\/{rel}","templated":true}]}}