{"id":169,"date":"2015-11-23T21:26:13","date_gmt":"2015-11-23T19:26:13","guid":{"rendered":"https:\/\/muraste.ee\/vana\/?page_id=169"},"modified":"2019-05-30T17:29:45","modified_gmt":"2019-05-30T14:29:45","slug":"harku-valla-vabauhenduste-umarlaud","status":"publish","type":"page","link":"https:\/\/muraste.ee\/vana\/?page_id=169","title":{"rendered":"Harku valla vaba\u00fchenduste \u00fcmarlaud"},"content":{"rendered":"<p>2010. a novembris kutsuti Muraste k\u00fclaseltsi algatusel kokku Harku valla vaba\u00fchenduse \u00fcmarlaud. Kokkusaamised on andnud kinnitust taolise koost\u00f6\u00f6vormi vajalikkusele ning see omakorda loonud eeldused edasiseks tulemuslikuks tegevuseks. \u00dcmarlaua esimese \u00fchise ettev\u00f5tmisena algatati \u00a02011. aastal projekt \u201eJuured maas &#8211; latv taevas\u201c, mille\u00a0peamine eem\u00e4rk oli\u00a0Harku valla vaba\u00fchenduste omavahelise koost\u00f6\u00f6 parandamine ning \u00fchiste v\u00e4\u00e4rtushinnangute ja p\u00f5him\u00f5tete kujundamine, mis aitavad kaasa \u00fcksteisele heaks partneriks olemisele. Olgu partneriks nii vaba\u00fchendused, ettev\u00f5tted kui ka kohalik omavalitsus.<a href=\"https:\/\/muraste.ee\/vana\/wp-content\/uploads\/2015\/11\/\u00fcmarlud.jpg\" rel=\"attachment wp-att-2478\"><img decoding=\"async\" loading=\"lazy\" class=\"alignnone size-large wp-image-2478\" src=\"https:\/\/muraste.ee\/vana\/wp-content\/uploads\/2015\/11\/\u00fcmarlud-1024x576.jpg\" alt=\"umarlud\" width=\"625\" height=\"352\" srcset=\"https:\/\/muraste.ee\/vana\/wp-content\/uploads\/2015\/11\/\u00fcmarlud-1024x576.jpg 1024w, https:\/\/muraste.ee\/vana\/wp-content\/uploads\/2015\/11\/\u00fcmarlud-300x169.jpg 300w, https:\/\/muraste.ee\/vana\/wp-content\/uploads\/2015\/11\/\u00fcmarlud-768x432.jpg 768w, https:\/\/muraste.ee\/vana\/wp-content\/uploads\/2015\/11\/\u00fcmarlud-624x351.jpg 624w, https:\/\/muraste.ee\/vana\/wp-content\/uploads\/2015\/11\/\u00fcmarlud-128x72.jpg 128w, https:\/\/muraste.ee\/vana\/wp-content\/uploads\/2015\/11\/\u00fcmarlud.jpg 1280w\" sizes=\"(max-width: 625px) 100vw, 625px\" \/><\/a><\/p>\n<p style=\"padding-left: 30px;\"><strong><em><a href=\"https:\/\/muraste.ee\/vana\/wp-content\/uploads\/2015\/11\/Harku-valla-k\u00fclade-\u00fcmarlaua-asutamise-kokkulepe.doc\" rel=\"\">Harku valla k\u00fclade \u00fcmarlaua asutamise kokkulepe<\/a><\/em><\/strong><br \/>\n<em><a href=\"https:\/\/muraste.ee\/vana\/wp-content\/uploads\/2015\/11\/Lisa-2-Hea-kodaniku-p\u00f5him\u00f5tted.doc\" rel=\"\">Lisa 1 Hea kodaniku p\u00f5him\u00f5tted<\/a><\/em><br \/>\n<em><a href=\"https:\/\/muraste.ee\/vana\/wp-content\/uploads\/2015\/11\/Lisa-2_-eetikakoodeks.rtf\" rel=\"\">Lisa\u00a02 Eetikakoodeks<\/a><\/em><br \/>\n<em>L<a href=\"https:\/\/muraste.ee\/vana\/wp-content\/uploads\/2015\/11\/Lisa-3-Harku-valla-k\u00fclade-\u00fcmarlaua-kodukord.doc\" rel=\"\">isa 3 Harku valla k\u00fclade \u00fcmarlaua kodukord<\/a><\/em><\/p>\n<p><strong>Harku valla vaba\u00fchenduste \u00fcmarlaua protokollidega saab tutvuda siin:<\/strong><\/p>\n<p>*<a href=\"https:\/\/muraste.ee\/vana\/wp-content\/uploads\/2015\/11\/Vaba\u00fchenduste-\u00dcmarlaud-Harku-vallas-08.04.2019.pdf\" rel=\"\">Vaba\u00fchenduste \u00dcmarlaud Harku vallas 08.04.2019<\/a> Muraste kogukonnakeskuses<br \/>\n<a href=\"https:\/\/muraste.ee\/vana\/wp-content\/uploads\/2015\/11\/J\u00e4\u00e4tmekogumise-motiveerimise-ettepanek-mai-2018.pptx\" rel=\"\">J\u00e4\u00e4tmekogumise motiveerimise ettepanek mai 2018<\/a> <a href=\"https:\/\/muraste.ee\/vana\/wp-content\/uploads\/2015\/11\/prygi-3.jpg\" rel=\"attachment wp-att-7271\"><img decoding=\"async\" loading=\"lazy\" class=\"alignnone size-full wp-image-7271\" src=\"https:\/\/muraste.ee\/vana\/wp-content\/uploads\/2015\/11\/prygi-3.jpg\" alt=\"prygi-3\" width=\"787\" height=\"1119\" srcset=\"https:\/\/muraste.ee\/vana\/wp-content\/uploads\/2015\/11\/prygi-3.jpg 787w, https:\/\/muraste.ee\/vana\/wp-content\/uploads\/2015\/11\/prygi-3-211x300.jpg 211w, https:\/\/muraste.ee\/vana\/wp-content\/uploads\/2015\/11\/prygi-3-768x1092.jpg 768w, https:\/\/muraste.ee\/vana\/wp-content\/uploads\/2015\/11\/prygi-3-720x1024.jpg 720w, https:\/\/muraste.ee\/vana\/wp-content\/uploads\/2015\/11\/prygi-3-624x887.jpg 624w\" sizes=\"(max-width: 787px) 100vw, 787px\" \/><\/a><\/p>\n<p>*<a href=\"https:\/\/muraste.ee\/vana\/wp-content\/uploads\/2015\/11\/\u00dcmarlaua-protokoll-29.10.2018.pdf\" rel=\"\">\u00dcmarlaua protokoll 29.10.2018<\/a> V\u00e4\u00e4na-J\u00f5esuu k\u00fclakeskuses.<br \/>\n<a href=\"https:\/\/muraste.ee\/vana\/wp-content\/uploads\/2015\/11\/Kommunikatsioon-Harku-vallas-sept-2018.pptx\" rel=\"\">Kommunikatsioon Harku vallas sept 2018<\/a>\u00a0&#8211; Andrus Saliste\u00a0\u00a0ettekanne kommuniktsioonist.<\/p>\n<p>*<a href=\"https:\/\/muraste.ee\/vana\/wp-content\/uploads\/2015\/11\/Vaba\u00fchenduste-\u00dcmarlaud-14062018-2.pptx\" rel=\"\">Vaba\u00fchenduste \u00fcmarlaud\u00a0<\/a>14. juuni 2018 Harku aleviku raamatukogus<br \/>\nHarku valla arendusspetsialisti\u00a0<a href=\"https:\/\/muraste.ee\/vana\/wp-content\/uploads\/2015\/11\/\u00dcmarlaud-14.06.2018.ppt\" rel=\"\">Rando Lai ettekanne<\/a><\/p>\n<ul>\n<li><a href=\"https:\/\/muraste.ee\/vana\/wp-content\/uploads\/2015\/11\/Vaba\u00fchenduste-\u00dcmarlaud-MEMO-10052018.pptx\" rel=\"\">Vaba\u00fchenduste \u00dcmarlaud\u00a0<\/a>\u00a010.mai 2018\n<ul>\n<li><a href=\"https:\/\/muraste.ee\/vana\/wp-content\/uploads\/2015\/11\/Kogukondade-\u00fcmarlaud_10.05.2018.pdf\" rel=\"\">Valla arengukav koostamine<br \/>\n<\/a><\/li>\n<li><a href=\"https:\/\/muraste.ee\/vana\/wp-content\/uploads\/2015\/11\/Kestvusarutelude-tutvustus_p\u00f5hi.pptx\" rel=\"\">Inimarengu t\u00f6\u00f6r\u00fchma tegevusest<\/a><\/li>\n<\/ul>\n<\/li>\n<li><a href=\"https:\/\/muraste.ee\/vana\/wp-content\/uploads\/2015\/11\/Harku-valla-vaba\u00fchenduste-\u00dcmarlaud-protokoll.docx\" rel=\"\">Muraste kogukonnakeskus<\/a>, 28. m\u00e4rts 2018<\/li>\n<li>V\u00e4\u00e4na seltsimaja, 29. mail 2017 (osav\u00f5tjad)<em> (Loode -Eesti \u00fchisturundus)<\/em><\/li>\n<li>Harkuj\u00e4rve kogukonnakeskus, 27. m\u00e4rtsil 2017 (osav\u00f5tjad)<\/li>\n<li><a href=\"https:\/\/muraste.ee\/vana\/wp-content\/uploads\/2015\/11\/\u00fcmarlaud20170123.doc\" rel=\"\">Kumna m\u00f5isas, 23. jaanuaril 2017<\/a>; (<a href=\"https:\/\/muraste.ee\/vana\/wp-content\/uploads\/2015\/11\/20170123osavotjate-nimekiri.pdf\" rel=\"\">osav\u00f5tja<\/a>d)<\/li>\n<li><a href=\"https:\/\/muraste.ee\/vana\/wp-content\/uploads\/2015\/11\/21.11.16-\u00fcmarlaua-protokoll-2.doc\" rel=\"\">V\u00e4\u00e4na-J\u00f5esuu koolimajas, 21. november 2016<\/a><br \/>\n<em>\u00a0 \u00a0 \u00a0 \u00a0 \u00a0\u00a0<a href=\"https:\/\/muraste.ee\/vana\/wp-content\/uploads\/2015\/11\/21-11-2016-infomaterjal.pdf\" rel=\"\">Lisa: Aleksandra K\u00fcbarsepa ettekanne<\/a><\/em><br \/>\n<a href=\"https:\/\/muraste.ee\/vana\/wp-content\/uploads\/2015\/11\/umar1.jpg\" rel=\"attachment wp-att-2873\"><img decoding=\"async\" loading=\"lazy\" class=\"alignnone size-thumbnail wp-image-2873\" src=\"https:\/\/muraste.ee\/vana\/wp-content\/uploads\/2015\/11\/umar1-150x150.jpg\" alt=\"umar1\" width=\"150\" height=\"150\" \/><\/a>\u00a0 \u00a0<a href=\"https:\/\/muraste.ee\/vana\/wp-content\/uploads\/2015\/11\/umar2.jpg\" rel=\"attachment wp-att-2874\"><img decoding=\"async\" loading=\"lazy\" class=\"alignnone size-thumbnail wp-image-2874\" src=\"https:\/\/muraste.ee\/vana\/wp-content\/uploads\/2015\/11\/umar2-150x150.jpg\" alt=\"umar2\" width=\"150\" height=\"150\" \/><\/a><\/li>\n<li><a href=\"https:\/\/muraste.ee\/vana\/wp-content\/uploads\/2015\/11\/Protokoll_\u00fcmarlaud_-3.10.2016-2.rtf\" rel=\"\">V\u00e4\u00e4na k\u00fclakojas, 3. oktoober 2016<\/a><\/li>\n<\/ul>\n<p>NB! Peatselt lisanduvad siia ka varasemad protokollid; \u00fclet\u00f5stmise viibimine on seotud \u00a0uuele kodulehele \u00fcleminemisega. Vabandame!<\/p>\n","protected":false},"excerpt":{"rendered":"<p>2010. a novembris kutsuti Muraste k\u00fclaseltsi algatusel kokku Harku valla vaba\u00fchenduse \u00fcmarlaud. Kokkusaamised on andnud kinnitust taolise koost\u00f6\u00f6vormi vajalikkusele ning see omakorda loonud eeldused edasiseks tulemuslikuks tegevuseks. \u00dcmarlaua esimese \u00fchise ettev\u00f5tmisena algatati \u00a02011. aastal projekt \u201eJuured maas &#8211; latv taevas\u201c, mille\u00a0peamine eem\u00e4rk oli\u00a0Harku valla vaba\u00fchenduste omavahelise koost\u00f6\u00f6 parandamine ning \u00fchiste v\u00e4\u00e4rtushinnangute ja p\u00f5him\u00f5tete kujundamine, mis<a class=\"moretag\" href=\"https:\/\/muraste.ee\/vana\/?page_id=169\"><br \/>&#8230;Loe edasi<\/a><\/p>\n","protected":false},"author":1,"featured_media":0,"parent":113,"menu_order":0,"comment_status":"closed","ping_status":"closed","template":"koostoo.php","meta":{"_bbp_topic_count":0,"_bbp_reply_count":0,"_bbp_total_topic_count":0,"_bbp_total_reply_count":0,"_bbp_voice_count":0,"_bbp_anonymous_reply_count":0,"_bbp_topic_count_hidden":0,"_bbp_reply_count_hidden":0,"_bbp_forum_subforum_count":0,"_mc_calendar":[]},"_links":{"self":[{"href":"https:\/\/muraste.ee\/vana\/index.php?rest_route=\/wp\/v2\/pages\/169"}],"collection":[{"href":"https:\/\/muraste.ee\/vana\/index.php?rest_route=\/wp\/v2\/pages"}],"about":[{"href":"https:\/\/muraste.ee\/vana\/index.php?rest_route=\/wp\/v2\/types\/page"}],"author":[{"embeddable":true,"href":"https:\/\/muraste.ee\/vana\/index.php?rest_route=\/wp\/v2\/users\/1"}],"replies":[{"embeddable":true,"href":"https:\/\/muraste.ee\/vana\/index.php?rest_route=%2Fwp%2Fv2%2Fcomments&post=169"}],"version-history":[{"count":32,"href":"https:\/\/muraste.ee\/vana\/index.php?rest_route=\/wp\/v2\/pages\/169\/revisions"}],"predecessor-version":[{"id":7272,"href":"https:\/\/muraste.ee\/vana\/index.php?rest_route=\/wp\/v2\/pages\/169\/revisions\/7272"}],"up":[{"embeddable":true,"href":"https:\/\/muraste.ee\/vana\/index.php?rest_route=\/wp\/v2\/pages\/113"}],"wp:attachment":[{"href":"https:\/\/muraste.ee\/vana\/index.php?rest_route=%2Fwp%2Fv2%2Fmedia&parent=169"}],"curies":[{"name":"wp","href":"https:\/\/api.w.org\/{rel}","templated":true}]}}