{"id":171,"date":"2015-11-23T21:26:40","date_gmt":"2015-11-23T19:26:40","guid":{"rendered":"https:\/\/muraste.ee\/vana\/?page_id=171"},"modified":"2017-03-21T11:34:08","modified_gmt":"2017-03-21T09:34:08","slug":"kodukant-harjumaa","status":"publish","type":"page","link":"https:\/\/muraste.ee\/vana\/?page_id=171","title":{"rendered":"Kodukant Harjumaa"},"content":{"rendered":"<p><a href=\"https:\/\/muraste.ee\/vana\/wp-content\/uploads\/2015\/11\/koduka.jpg\" rel=\"attachment wp-att-3598\"><img decoding=\"async\" loading=\"lazy\" class=\"size-medium wp-image-3598 alignright\" src=\"https:\/\/muraste.ee\/vana\/wp-content\/uploads\/2015\/11\/koduka-264x300.jpg\" alt=\"koduka\" width=\"264\" height=\"300\" srcset=\"https:\/\/muraste.ee\/vana\/wp-content\/uploads\/2015\/11\/koduka-264x300.jpg 264w, https:\/\/muraste.ee\/vana\/wp-content\/uploads\/2015\/11\/koduka.jpg 281w\" sizes=\"(max-width: 264px) 100vw, 264px\" \/><\/a>2013. aastal rahuldati Muraste k\u00fclaseltsi taotlus liitumises mittetulundus\u00fchinguga Kodukant Harjumaa. Ettevalmistused liikumisega Kodukant liitumiseks algasid 2012. a, mil k\u00fclastati erinevaid Kodukant Harjumaa liikmete korraldatud s\u00fcndmuseid, tutvuti organisatsiooni eesm\u00e4rkide ja v\u00e4\u00e4rtustega. Kodukant Harjumaa tegevuse eesm\u00e4rk on Harjumaa maaelu ja k\u00fclade s\u00e4ilimisele, taaelustamisele ja arendamisele kaasaaitamine, k\u00fclaelu kui elustiili toetamine, propageerimine ning erinevate k\u00fclaliikumiste \u00fchendamine.<\/p>\n<p><strong>KODUKANT HARJUMAA<\/strong> kodulehele saab <strong><a href=\"http:\/\/kodukantharjumaa.eu\/\" target=\"_blank\">siit<\/a><\/strong><\/p>\n<p><a href=\"https:\/\/muraste.ee\/vana\/wp-content\/uploads\/2015\/11\/kodukant.jpg\" rel=\"attachment wp-att-2741\"><img decoding=\"async\" loading=\"lazy\" class=\"alignnone size-full wp-image-2741\" src=\"https:\/\/muraste.ee\/vana\/wp-content\/uploads\/2015\/11\/kodukant.jpg\" alt=\"kodukant\" width=\"960\" height=\"540\" srcset=\"https:\/\/muraste.ee\/vana\/wp-content\/uploads\/2015\/11\/kodukant.jpg 960w, https:\/\/muraste.ee\/vana\/wp-content\/uploads\/2015\/11\/kodukant-300x169.jpg 300w, https:\/\/muraste.ee\/vana\/wp-content\/uploads\/2015\/11\/kodukant-768x432.jpg 768w, https:\/\/muraste.ee\/vana\/wp-content\/uploads\/2015\/11\/kodukant-624x351.jpg 624w, https:\/\/muraste.ee\/vana\/wp-content\/uploads\/2015\/11\/kodukant-128x72.jpg 128w\" sizes=\"(max-width: 960px) 100vw, 960px\" \/><\/a><\/p>\n<p>PILDIL: Kodukandi \u00fcldkogu Murastes 5. novembril 2016<\/p>\n","protected":false},"excerpt":{"rendered":"<p>2013. aastal rahuldati Muraste k\u00fclaseltsi taotlus liitumises mittetulundus\u00fchinguga Kodukant Harjumaa. Ettevalmistused liikumisega Kodukant liitumiseks algasid 2012. a, mil k\u00fclastati erinevaid Kodukant Harjumaa liikmete korraldatud s\u00fcndmuseid, tutvuti organisatsiooni eesm\u00e4rkide ja v\u00e4\u00e4rtustega. Kodukant Harjumaa tegevuse eesm\u00e4rk on Harjumaa maaelu ja k\u00fclade s\u00e4ilimisele, taaelustamisele ja arendamisele kaasaaitamine, k\u00fclaelu kui elustiili toetamine, propageerimine ning erinevate k\u00fclaliikumiste \u00fchendamine. KODUKANT HARJUMAA<a class=\"moretag\" href=\"https:\/\/muraste.ee\/vana\/?page_id=171\"><br \/>&#8230;Loe edasi<\/a><\/p>\n","protected":false},"author":1,"featured_media":0,"parent":0,"menu_order":0,"comment_status":"closed","ping_status":"closed","template":"koostoo.php","meta":{"_bbp_topic_count":0,"_bbp_reply_count":0,"_bbp_total_topic_count":0,"_bbp_total_reply_count":0,"_bbp_voice_count":0,"_bbp_anonymous_reply_count":0,"_bbp_topic_count_hidden":0,"_bbp_reply_count_hidden":0,"_bbp_forum_subforum_count":0,"_mc_calendar":[]},"_links":{"self":[{"href":"https:\/\/muraste.ee\/vana\/index.php?rest_route=\/wp\/v2\/pages\/171"}],"collection":[{"href":"https:\/\/muraste.ee\/vana\/index.php?rest_route=\/wp\/v2\/pages"}],"about":[{"href":"https:\/\/muraste.ee\/vana\/index.php?rest_route=\/wp\/v2\/types\/page"}],"author":[{"embeddable":true,"href":"https:\/\/muraste.ee\/vana\/index.php?rest_route=\/wp\/v2\/users\/1"}],"replies":[{"embeddable":true,"href":"https:\/\/muraste.ee\/vana\/index.php?rest_route=%2Fwp%2Fv2%2Fcomments&post=171"}],"version-history":[{"count":8,"href":"https:\/\/muraste.ee\/vana\/index.php?rest_route=\/wp\/v2\/pages\/171\/revisions"}],"predecessor-version":[{"id":3599,"href":"https:\/\/muraste.ee\/vana\/index.php?rest_route=\/wp\/v2\/pages\/171\/revisions\/3599"}],"wp:attachment":[{"href":"https:\/\/muraste.ee\/vana\/index.php?rest_route=%2Fwp%2Fv2%2Fmedia&parent=171"}],"curies":[{"name":"wp","href":"https:\/\/api.w.org\/{rel}","templated":true}]}}