{"id":174,"date":"2015-11-23T21:26:50","date_gmt":"2015-11-23T19:26:50","guid":{"rendered":"https:\/\/muraste.ee\/vana\/?page_id=174"},"modified":"2017-03-21T11:35:00","modified_gmt":"2017-03-21T09:35:00","slug":"nelja-valla-kogu","status":"publish","type":"page","link":"https:\/\/muraste.ee\/vana\/?page_id=174","title":{"rendered":"Nelja Valla Kogu"},"content":{"rendered":"<p>Muraste k\u00fclaselts astus MT\u00dc Nelja Valla Kogu liikmeks 2011. aastal.<\/p>\n<p>Organisatsioonis on 34 mittetulundus\u00fchingut ja sihtasutust, 4 omavalitsust, 8 \u00e4riettev\u00f5tet. Nelja valla kogu on kooslus, mis abistab vastavalt nelja valla piires taotleda toetusi eurofondidest (l\u00e4bi Leader-projekti, PRIA). Samuti viib Nelja Valla Kogu l\u00e4bi koolitusi arendamaks kohalikku elu. Kogu \u00fcldkoosolek toimub 2 korda aastas, v\u00f5imalik <a href=\"https:\/\/muraste.ee\/vana\/wp-content\/uploads\/2015\/11\/nvk.jpg\" rel=\"attachment wp-att-3594\"><img decoding=\"async\" loading=\"lazy\" class=\"size-full wp-image-3594 alignleft\" src=\"https:\/\/muraste.ee\/vana\/wp-content\/uploads\/2015\/11\/nvk.jpg\" alt=\"nvk\" width=\"260\" height=\"189\" \/><\/a>osaleda aktiivses tegevuses tehes ettepaneku ennast arvata juhatusse, revisjonikomisjoni. Kohalolek koosolekutel ja seda aktiivse liikmena aitab kaasa Muraste k\u00fcla kaardil p\u00fcsimisele ning loob soodsa pinnase toetuste saamiseks ja infoga varustamiseks. Muraste k\u00fclaselts on osalenud nii \u00fcldkoosolekutel kui ka juhatuse koosolekutel.<\/p>\n<p>Nelja Valla Kogu juhatusse kuulub alates 2015. aastast Andrus Saliste (2011-2015 Aule Kikas).<\/p>\n<p><strong>NELJA VALLA KOGU<\/strong> kodulehele saab <strong><a href=\"http:\/\/www.4kogu.ee\/\" target=\"_blank\">SIIT<\/a><\/strong><\/p>\n","protected":false},"excerpt":{"rendered":"<p>Muraste k\u00fclaselts astus MT\u00dc Nelja Valla Kogu liikmeks 2011. aastal. Organisatsioonis on 34 mittetulundus\u00fchingut ja sihtasutust, 4 omavalitsust, 8 \u00e4riettev\u00f5tet. Nelja valla kogu on kooslus, mis abistab vastavalt nelja valla piires taotleda toetusi eurofondidest (l\u00e4bi Leader-projekti, PRIA). Samuti viib Nelja Valla Kogu l\u00e4bi koolitusi arendamaks kohalikku elu. Kogu \u00fcldkoosolek toimub 2 korda aastas, v\u00f5imalik osaleda<a class=\"moretag\" href=\"https:\/\/muraste.ee\/vana\/?page_id=174\"><br \/>&#8230;Loe edasi<\/a><\/p>\n","protected":false},"author":1,"featured_media":0,"parent":0,"menu_order":0,"comment_status":"closed","ping_status":"closed","template":"koostoo.php","meta":{"_bbp_topic_count":0,"_bbp_reply_count":0,"_bbp_total_topic_count":0,"_bbp_total_reply_count":0,"_bbp_voice_count":0,"_bbp_anonymous_reply_count":0,"_bbp_topic_count_hidden":0,"_bbp_reply_count_hidden":0,"_bbp_forum_subforum_count":0,"_mc_calendar":[]},"_links":{"self":[{"href":"https:\/\/muraste.ee\/vana\/index.php?rest_route=\/wp\/v2\/pages\/174"}],"collection":[{"href":"https:\/\/muraste.ee\/vana\/index.php?rest_route=\/wp\/v2\/pages"}],"about":[{"href":"https:\/\/muraste.ee\/vana\/index.php?rest_route=\/wp\/v2\/types\/page"}],"author":[{"embeddable":true,"href":"https:\/\/muraste.ee\/vana\/index.php?rest_route=\/wp\/v2\/users\/1"}],"replies":[{"embeddable":true,"href":"https:\/\/muraste.ee\/vana\/index.php?rest_route=%2Fwp%2Fv2%2Fcomments&post=174"}],"version-history":[{"count":10,"href":"https:\/\/muraste.ee\/vana\/index.php?rest_route=\/wp\/v2\/pages\/174\/revisions"}],"predecessor-version":[{"id":3601,"href":"https:\/\/muraste.ee\/vana\/index.php?rest_route=\/wp\/v2\/pages\/174\/revisions\/3601"}],"wp:attachment":[{"href":"https:\/\/muraste.ee\/vana\/index.php?rest_route=%2Fwp%2Fv2%2Fmedia&parent=174"}],"curies":[{"name":"wp","href":"https:\/\/api.w.org\/{rel}","templated":true}]}}