{"id":1789,"date":"2016-05-16T10:46:12","date_gmt":"2016-05-16T07:46:12","guid":{"rendered":"https:\/\/muraste.ee\/vana\/?page_id=1789"},"modified":"2016-05-16T10:48:04","modified_gmt":"2016-05-16T07:48:04","slug":"nadal-19","status":"publish","type":"page","link":"https:\/\/muraste.ee\/vana\/?page_id=1789","title":{"rendered":"N\u00e4dal 19"},"content":{"rendered":"<div id=\"main\" class=\"wrapper\">\n<div id=\"primary\" class=\"site-content\">\n<div id=\"content\">\n<article id=\"post-945\" class=\"post-945 page type-page status-publish hentry\">\n<div class=\"entry-content\">\n<p style=\"text-align: center;\"><strong>N\u00c4DAL 19 MURASTES<br \/>\n<\/strong>9. mai\u00a0\u2013 15. mai 2016<strong><br \/>\nehk tegevused Muraste koolimajas, kogukonnakeskuses, spordihoones,<br \/>\n<\/strong>(SP spordisaal, KO kogukonnakeskuse ruum, AT aatrium, KL klassiruum)<\/p>\n<p><strong><a href=\"https:\/\/muraste.ee\/vana\/wp-content\/uploads\/2016\/03\/13170788_1696809613901082_496343475_o.jpg\" rel=\"attachment wp-att-1710\"><img decoding=\"async\" loading=\"lazy\" class=\"size-medium wp-image-1710 alignleft\" src=\"https:\/\/muraste.ee\/vana\/wp-content\/uploads\/2016\/03\/13170788_1696809613901082_496343475_o-169x300.jpg\" alt=\"13170788_1696809613901082_496343475_o\" width=\"169\" height=\"300\" srcset=\"https:\/\/muraste.ee\/vana\/wp-content\/uploads\/2016\/03\/13170788_1696809613901082_496343475_o-169x300.jpg 169w, https:\/\/muraste.ee\/vana\/wp-content\/uploads\/2016\/03\/13170788_1696809613901082_496343475_o-576x1024.jpg 576w, https:\/\/muraste.ee\/vana\/wp-content\/uploads\/2016\/03\/13170788_1696809613901082_496343475_o-624x1109.jpg 624w, https:\/\/muraste.ee\/vana\/wp-content\/uploads\/2016\/03\/13170788_1696809613901082_496343475_o.jpg 720w\" sizes=\"(max-width: 169px) 100vw, 169px\" \/><\/a>Esmasp\u00e4ev, 9.\u00a0mai<br \/>\n<\/strong><br \/>\nkl 14-17 SP, Judoklubi AITADO<br \/>\nkl 17-18 SP, K\u00e4sipalliklubi HC Tallinn (tel 5510440)<br \/>\nkl 16.30 KL, <strong>Beebikool<\/strong> (Kristi Baumann, 5658959) \u2013 uued p\u00f5nnid on ikka oodatud!<br \/>\nkl 16-17.30 KO\/KL, Klaveritunnid lastele, juhendab Katrin J\u00e4rvlepp (katrinjarvlepp362@gmail.com)\u00a0(grupp komplekteeritud).<br \/>\nkl 16.45 KO, V\u00e4ikekannel algajatele (lapsed). (Maria Vessmann 5058495)<br \/>\nkl 17.30 KO, V\u00e4ikekandleansambel LiULi (Maria Vessmann 5058495)<br \/>\nkl 19.00 KO V\u00e4ikekannel algajatele (t\u00e4iskasvanud). (Maria Vessmann 5058495). Uued huvilised oodatud!<br \/>\nkl 19 AT, Naiskoor \u201cMeretule\u201d. J\u00e4tkuvalt v\u00f5imalus liituda toreda laulurahvaga: kui k\u00f5hkled, tule kindlasti!<\/p>\n<p><strong>Teisip\u00e4ev, 10. mai<\/strong><br \/>\nkl 14.00-15.30 SP, Tabasalu Palliklubi (tel 5136060)<img decoding=\"async\" loading=\"lazy\" class=\"alignright\" src=\"https:\/\/scontent-arn2-1.xx.fbcdn.net\/hphotos-xtp1\/v\/t1.0-9\/12928169_936936863071672_7297229904979180902_n.jpg?oh=6e3af9d84173ff3679ae4348fa9940eb&amp;oe=577A8F75\" alt=\"\" width=\"253\" height=\"535\" \/><br \/>\nkl 16-17 SP, Harju Jalgpallikool<br \/>\nkl 14.30 KO, Fa Stuudio (fl\u00f6\u00f6diring lastele)<br \/>\nkl 16 \u2013 19 <strong>Harku vallamaja koosolekute saalis LEADER-infop\u00e4ev.<\/strong>\u00a0 Seoses 15. \u2013 22. augustil avatava LEADER-programmi projektivooruga viib Nelja Valla Kogu l\u00e4bi infop\u00e4eva, kus tutvustatakse l\u00e4hemalt avanevate meetmete n\u00f5udeid ja tingimusi. Huvilised, osaleme!<br \/>\nkl 18 KL, Inglise keele vestlusring, juhendab James Gill. K\u00f5ik uued osalejad \u2013 keelehuvilised on oodatud!<br \/>\nkl 18 KL, Inglise keele kursus uuesti alustajatele<br \/>\n<strong>kl 18.30 KO, k\u00e4sit\u00f6\u00f6tuba: Heegeldame!<br \/>\n<\/strong>kl 18.30-19.45 AT, 22. m\u00e4rts \u2013 10. mai \u2013 Seltskonnatantsu j\u00e4tkukursus. Vt lisatud kuulutust!<br \/>\nkl 18.30-19.45 AT, <strong>UUS!<\/strong> 17. mai \u2013 14. juuni \u2013 Seltskonnatantsu algajate intensiivkursus, Vt listatud kuulutust!<br \/>\nkl 19.45 AT, Seltskonnatantsude harjutustund -v\u00f5imalus \u00f5pitut kinnistada ja toredas seltskonnas jalga keerutada. Osalus 5 \u20ac\/in<strong><br \/>\nkl 19 SP, V\u00f5rkpall mehed\/naised.<\/strong><\/p>\n<p><strong>Kolmap\u00e4ev, 11.\u00a0mai<\/strong><br \/>\nkl 14-17 SP, Judoklubi AITADO<br \/>\nKl 17-18 SP, K\u00e4sipalliklubi HC Tallinn (tel 5510440)<br \/>\nkl 18.45 AT, Kundalini jooga<br \/>\nkl 19 SP, Korvpall meestele (NB! ruumi jagub ikka uutele m\u00e4ngijatele!)<br \/>\nkl 19 KO, Muraste k\u00fclaseltsi juhatuse koosolek<\/p>\n<p><strong>Neljap\u00e4ev 12. mai<\/strong><br \/>\nkl.14.15-15.30 SP, Tabasalu Palliklubi (tel 5136060)<br \/>\nkl 16 -17 SP, Harju Jalgpallikool<br \/>\nkl 17 \u2013 18.30 SP, Tabasalu Jalgpalliklubi<br \/>\nkl 18 KL, <strong>ATH-laste vanemate tugigrupp<\/strong>. K\u00f5ik huvilised on oodatud! (info: \u00d5nne Aas-Udam)<br \/>\nkl 18.30 SP, Korvpall naistele! (NB! Uue m\u00e4ngijad on v\u00e4ga oodatud!)<br \/>\nkl 19 AT,\u00a0\u00a0<strong><a href=\"https:\/\/muraste.ee\/vana\/?page_id=101\" target=\"_blank\">Muraste k\u00fclaseltsi \u00fcldkoosolek<\/a><\/strong>.<br \/>\nkl 20 SP, Zumba fitness!<a href=\"https:\/\/muraste.ee\/vana\/wp-content\/uploads\/2016\/03\/polaarpoiss.png\" rel=\"attachment wp-att-1654\"><img decoding=\"async\" loading=\"lazy\" class=\"size-medium wp-image-1654 alignright\" src=\"https:\/\/muraste.ee\/vana\/wp-content\/uploads\/2016\/03\/polaarpoiss-212x300.png\" sizes=\"(max-width: 212px) 100vw, 212px\" srcset=\"https:\/\/muraste.ee\/vana\/wp-content\/uploads\/2016\/03\/polaarpoiss-212x300.png 212w, https:\/\/muraste.ee\/vana\/wp-content\/uploads\/2016\/03\/polaarpoiss-768x1086.png 768w, https:\/\/muraste.ee\/vana\/wp-content\/uploads\/2016\/03\/polaarpoiss-724x1024.png 724w, https:\/\/muraste.ee\/vana\/wp-content\/uploads\/2016\/03\/polaarpoiss-624x882.png 624w, https:\/\/muraste.ee\/vana\/wp-content\/uploads\/2016\/03\/polaarpoiss.png 1191w\" alt=\"polaarpoiss\" width=\"212\" height=\"300\" \/><\/a><br \/>\nkl\u00a020.30 Filmi\u00f5htu: <strong><a href=\"https:\/\/muraste.ee\/vana\/?p=1594\" target=\"_blank\">\u201cPolaarpoiss\u201d<\/a><\/strong><\/p>\n<p><strong>Reede, 13.\u00a0mai<br \/>\n<\/strong>kl 14.30-15.30 SP, K\u00e4sipalliklubi HC Tallinn (tel 5510440)<br \/>\nkl 12.50-13.15 KL, V\u00e4ikekandle ring lastele. Juhendab Katrin J\u00e4rvlepp (lisainfo katrinjarvlepp362@gmail.com)<br \/>\nkl 13.15-14.45 KL, Klaveritunnid lastele. Juhendab Katrin J\u00e4rvlepp (lisainfo katrinjarvlepp362@gmail.com) <strong><a href=\"https:\/\/muraste.ee\/vana\/wp-content\/uploads\/2016\/03\/seenoior.jpg\" rel=\"attachment wp-att-1357\"><br \/>\n<\/a><\/strong><\/p>\n<p><strong>Tulekul:<\/strong><\/p>\n<p><strong>25. mail<\/strong> algusega kell 18.30 toimub Muraste tee 3, 5. 7 ja 7a <strong>kortermajade \u00fcldkoosolek<\/strong> Muraste koolimaja aatriumis. Korraldab O\u00dc Strantum<\/p>\n<p>19. mail algusega kell 18 Muraste kooli armsate fl\u00f6\u00f6dipiigade ja Tabasalu Tibutare lasteaia muusikalaste <strong>kevadkontsert \u201cLaulupai l\u00e4ks r\u00e4ndama\u201d<\/strong>.<br \/>\n<em>26. mai\u00a0kell 19<strong> \u00a0<a href=\"https:\/\/muraste.ee\/vana\/?p=1637\" target=\"_blank\">loeng teemal <\/a><a href=\"https:\/\/muraste.ee\/vana\/?p=1637\" target=\"_blank\">\u201cMere v\u00e4rvid: meri l\u00e4bi marinistide silmade\u201d<\/a>\u00a0<\/strong>Muraste koolimajas. Esineb\u00a0kapten ja \u00a0TT\u00dc Eesti Mereakadeemia \u00f5ppej\u00f5ud Rein\u00a0Raudsalu<\/em><br \/>\n28. mail kell 12 <strong><a href=\"https:\/\/muraste.ee\/vana\/?p=1667\" target=\"_blank\">Muraste lennukas perep\u00e4ev<\/a><\/strong>.<a href=\"https:\/\/muraste.ee\/vana\/wp-content\/uploads\/2016\/03\/viti.jpg\" rel=\"attachment wp-att-1707\"><img decoding=\"async\" loading=\"lazy\" class=\" wp-image-1707 alignright\" src=\"https:\/\/muraste.ee\/vana\/wp-content\/uploads\/2016\/03\/viti-226x300.jpg\" alt=\"viti\" width=\"217\" height=\"288\" srcset=\"https:\/\/muraste.ee\/vana\/wp-content\/uploads\/2016\/03\/viti-226x300.jpg 226w, https:\/\/muraste.ee\/vana\/wp-content\/uploads\/2016\/03\/viti-624x830.jpg 624w, https:\/\/muraste.ee\/vana\/wp-content\/uploads\/2016\/03\/viti.jpg 740w\" sizes=\"(max-width: 217px) 100vw, 217px\" \/><\/a><br \/>\n30. mai kell 19 Muraste Liikumisklubi \u201cLihtsalt liikuma\u201d\u00a0 <strong>3. s\u00fcnnip\u00e4evale p\u00fchendatud \u00fchisliikumine.\u00a0<\/strong><br \/>\n11. juunil kell 15 <strong>Harku valla k\u00fclade p\u00e4evad<\/strong> V\u00e4\u00e4na-J\u00f5esuus (Korraldajateks Suurupi Selts ja V\u00e4\u00e4na-J\u00f5esuu k\u00fclaselts)<br \/>\n18. juunil <strong>Mummi trahteri 13. s\u00fcnnip\u00e4ev<\/strong>. Tantsuks V\u00e4ike Mees (Meie Mehe v\u00e4ike vend;)! Lisainfo Mummi Trahterist!<br \/>\n23. juunil <strong>Jaanituli<\/strong>\u00a0<strong>\u201cR\u00e4nnak ajast aega\u201d<\/strong> Muraste paeplatsil. Tantsuks MelodyMix. Lisainfo tulekul!<\/p>\n<p><strong>H\u00f5iked:<\/strong><\/p>\n<ul>\n<li><strong><a href=\"https:\/\/muraste.ee\/vana\/?p=1138\" target=\"_blank\">Osale\u00a0<\/a><a href=\"https:\/\/muraste.ee\/vana\/?p=1169\" target=\"_blank\">Muraste kooli logokonkusril<\/a>!<\/strong> Konkursi t\u00e4htaeg on 4. juuni<\/li>\n<li><strong>Ootame vabatahtlikke<\/strong>! Muraste k\u00fclaseltsi juhatus kutsub abilisi kogukonnale suunatud erinevate tegevuste ettevalmistamiseks ja l\u00e4biviimiseks. Ole hea, astu sulle sobival ajal kogukonnakeskusest l\u00e4bi kas oma ideega v\u00f5i leia meie tegevus- ja ideedekavast omale meelep\u00e4rane \u00fcritus, mille kordaminekule saad olla toeks. Koos teeme rohkem ja paremini! Palun, k\u00f5ik abik\u00e4ed on teretulnud! Suur t\u00e4nu k\u00f5igile, kes on juba oma soovidest ja v\u00f5imalustest teada andnud! (Nt tulekul: Muraste lennukas perep\u00e4ev 28. mai; jaanituli 23. juuni jne)<\/li>\n<li>Valmistume Harku valla <strong>k\u00fcladep\u00e4eval<\/strong> osalemiseks (11.juuni) \u2013 r\u00f5\u00f5msad murastelased, ootame teid liituma: teeme taas koos k\u00fcla n\u00e4htavaks!<\/li>\n<\/ul>\n<p><em>28. mail kell 12-16 toimuval Muraste lennukal perep\u00e4eval on osalemas ka Youth For Understanding<a href=\"https:\/\/muraste.ee\/vana\/wp-content\/uploads\/2016\/05\/YFU_gloobus.jpg\" rel=\"attachment wp-att-1736\"><img decoding=\"async\" loading=\"lazy\" class=\" wp-image-1736 alignright\" src=\"https:\/\/muraste.ee\/vana\/wp-content\/uploads\/2016\/05\/YFU_gloobus-263x300.jpg\" alt=\"YFU_gloobus\" width=\"152\" height=\"173\" srcset=\"https:\/\/muraste.ee\/vana\/wp-content\/uploads\/2016\/05\/YFU_gloobus-263x300.jpg 263w, https:\/\/muraste.ee\/vana\/wp-content\/uploads\/2016\/05\/YFU_gloobus.jpg 622w\" sizes=\"(max-width: 152px) 100vw, 152px\" \/><\/a>(YFU). Tegemist on rahvusvahelise mittetulundusliku organisatsiooniga, mis pakub haridusliku eesm\u00e4rgiga kultuurivahetusprogramme enam kui 60 riigis. Ning nende seas on ka Eesti. <a href=\"https:\/\/muraste.ee\/vana\/?p=1735\" target=\"_blank\">Tule perep\u00e4evale ja k\u00fcsi lisa!<\/a><\/em><\/p>\n<p><strong>Omakandi teenused:<br \/>\n<\/strong><\/p>\n<ul>\n<li>Mainekalt konkursilt v\u00f5idu toonud <a href=\"http:\/\/uula.ee\/\" target=\"_blank\">n\u00e4omaalingute<\/a> tegija Ursula Otsing on k\u00f5igi laste ja lapsemeelsete teenistuses!. K\u00fcsi lisa:\u00a0tel: 55 31216; e-post:<a title=\"Link: mailto:ursula.otsing@gmail.com\" href=\"mailto:ursula.otsing@gmail.com\">ursula.otsing@gmail.com<\/a>; www.uula.ee.Kogukonnakeskuses avatud\u00a0<strong>massaa\u017eikamber \u00a0<\/strong>(klassikaline \u00fcldmassaa\u017e). Info ja registreerumine: Aile Kaljola, tel 56456432, e-post kaljolaaile@gmail.com;<\/li>\n<li>Kui kevadine <a href=\"http:\/\/www.oksad.ee\/\" target=\"_blank\"><strong>oksal\u00f5ikus<\/strong> <\/a>teeb muret\u2026 siis muretsemiseks\u00a0pole p\u00f5hjust! Naaberk\u00fcla ettev\u00f5tja tuleb app koos v\u00f5imsa oksapurustajaga! K\u00fcsi lisa: tel 56 960 320, e-post info@oksad.ee; \u00a0<a class=\"_553k\" href=\"http:\/\/www.oksad.ee\/\" target=\"_blank\" rel=\"nofollow\">www.oksad.ee<\/a>;<a href=\"https:\/\/muraste.ee\/vana\/wp-content\/uploads\/2016\/03\/kulmud.jpg\" rel=\"attachment wp-att-1701\"><img decoding=\"async\" loading=\"lazy\" class=\"size-medium wp-image-1701 alignright\" src=\"https:\/\/muraste.ee\/vana\/wp-content\/uploads\/2016\/03\/kulmud-300x118.jpg\" sizes=\"(max-width: 300px) 100vw, 300px\" srcset=\"https:\/\/muraste.ee\/vana\/wp-content\/uploads\/2016\/03\/kulmud-300x118.jpg 300w, https:\/\/muraste.ee\/vana\/wp-content\/uploads\/2016\/03\/kulmud-624x246.jpg 624w, https:\/\/muraste.ee\/vana\/wp-content\/uploads\/2016\/03\/kulmud.jpg 640w\" alt=\"kulmud\" width=\"300\" height=\"118\" \/><\/a><\/li>\n<li>Soovid kauneid ja kaharaid\u00a0<strong>ripsmeid<\/strong>?\u00a0Koolitatud ja kogemustega ripsmete paigaldaja Muraste k\u00fclas pakub oma teenust! K\u00fcsi lisa: Laura, tel 55610853.<\/li>\n<li><\/li>\n<li>Laulasmaa spaa-ja konverentsihotell pakub t\u00f6\u00f6d toateenijatele.<a href=\"https:\/\/muraste.ee\/vana\/wp-content\/uploads\/2016\/03\/0905-kuulutus.jpg\" rel=\"attachment wp-att-1714\"><img decoding=\"async\" loading=\"lazy\" class=\"alignnone size-medium wp-image-1714\" src=\"https:\/\/muraste.ee\/vana\/wp-content\/uploads\/2016\/03\/0905-kuulutus-212x300.jpg\" sizes=\"(max-width: 212px) 100vw, 212px\" srcset=\"https:\/\/muraste.ee\/vana\/wp-content\/uploads\/2016\/03\/0905-kuulutus-212x300.jpg 212w, https:\/\/muraste.ee\/vana\/wp-content\/uploads\/2016\/03\/0905-kuulutus-768x1086.jpg 768w, https:\/\/muraste.ee\/vana\/wp-content\/uploads\/2016\/03\/0905-kuulutus-724x1024.jpg 724w, https:\/\/muraste.ee\/vana\/wp-content\/uploads\/2016\/03\/0905-kuulutus-624x883.jpg 624w, https:\/\/muraste.ee\/vana\/wp-content\/uploads\/2016\/03\/0905-kuulutus.jpg 1240w\" alt=\"0905 kuulutus\" width=\"212\" height=\"300\" \/><\/a><\/li>\n<\/ul>\n<p><strong>Teadmiseks:<\/strong> Muraste igan\u00e4dalase e-infokirjaga liitumiseks saada sellekohane teade muraste@muraste.ee<\/p>\n<p><strong>T\u00e4psustused ja info:<\/strong> kogukonnakeskus@muraste.ee; 5253128 (Aule Kikas) v\u00f5i flaieritel olevatel kontaktidel.<\/p>\n<p>Kogukonnakeskus avatud E-N 10-18, R 10-16; \u00f5htustel aegadel ja n\u00e4dalavahetustel vt ajaplaani.<\/p>\n<\/div>\n<\/article>\n<\/div>\n<\/div>\n<div id=\"custom-sidebar\">\n<ul>\n<li id=\"nav_menu-5\">\n<div class=\"menu-nadalakava-container\">\n<ul id=\"menu-nadalakava\" class=\"menu\">\n<li id=\"menu-item-1792\" class=\"menu-item menu-item-type-post_type menu-item-object-page menu-item-1792\"><a href=\"https:\/\/muraste.ee\/vana\/?page_id=1789\">N\u00e4dal 19<\/a><\/li>\n<li id=\"menu-item-1692\" class=\"menu-item menu-item-type-post_type menu-item-object-page menu-item-1692\"><a href=\"https:\/\/muraste.ee\/vana\/?page_id=1689\">N\u00e4dal 18<\/a><\/li>\n<li id=\"menu-item-1499\" class=\"menu-item menu-item-type-post_type menu-item-object-page menu-item-1499\"><a href=\"https:\/\/muraste.ee\/vana\/?page_id=1495\">N\u00e4dal 17<\/a><\/li>\n<li id=\"menu-item-1432\" class=\"menu-item menu-item-type-post_type menu-item-object-page menu-item-1432\"><a href=\"https:\/\/muraste.ee\/vana\/?page_id=1429\">N\u00e4dal 16<\/a><\/li>\n<li id=\"menu-item-1421\" class=\"menu-item menu-item-type-post_type menu-item-object-page menu-item-1421\"><a href=\"https:\/\/muraste.ee\/vana\/?page_id=1418\">N\u00e4dal 15<\/a><\/li>\n<li id=\"menu-item-1352\" class=\"menu-item menu-item-type-post_type menu-item-object-page menu-item-1352\"><a href=\"https:\/\/muraste.ee\/vana\/?page_id=1349\">N\u00e4dal 14<\/a><\/li>\n<li id=\"menu-item-1216\" class=\"menu-item menu-item-type-post_type menu-item-object-page menu-item-1216\"><a href=\"https:\/\/muraste.ee\/vana\/?page_id=1191\">N\u00e4dal 13<\/a><\/li>\n<li id=\"menu-item-1215\" class=\"menu-item menu-item-type-post_type menu-item-object-page menu-item-1215\"><a href=\"https:\/\/muraste.ee\/vana\/?page_id=1206\">N\u00e4dal 12<\/a><\/li>\n<li id=\"menu-item-1222\" class=\"menu-item menu-item-type-post_type menu-item-object-page menu-item-1222\"><a href=\"https:\/\/muraste.ee\/vana\/?page_id=1217\">N\u00e4dal 11<\/a><\/li>\n<li id=\"menu-item-1227\" class=\"menu-item menu-item-type-post_type menu-item-object-page menu-item-1227\"><a href=\"https:\/\/muraste.ee\/vana\/?page_id=1223\">N\u00e4dal 10<\/a><\/li>\n<li id=\"menu-item-1251\" class=\"menu-item menu-item-type-post_type menu-item-object-page menu-item-1251\"><a href=\"https:\/\/muraste.ee\/vana\/?page_id=1247\">N\u00e4dal 9<\/a><\/li>\n<li id=\"menu-item-1256\" class=\"menu-item menu-item-type-post_type menu-item-object-page menu-item-1256\"><a href=\"https:\/\/muraste.ee\/vana\/?page_id=1252\">N\u00e4dal 8<\/a><\/li>\n<li id=\"menu-item-1262\" class=\"menu-item menu-item-type-post_type menu-item-object-page menu-item-1262\"><a href=\"https:\/\/muraste.ee\/vana\/?page_id=1257\">N\u00e4dal 7<\/a><\/li>\n<li id=\"menu-item-1267\" class=\"menu-item menu-item-type-post_type menu-item-object-page menu-item-1267\"><a href=\"https:\/\/muraste.ee\/vana\/?page_id=1264\">N\u00e4dal 6<\/a><\/li>\n<li id=\"menu-item-1272\" class=\"menu-item menu-item-type-post_type menu-item-object-page menu-item-1272\"><a href=\"https:\/\/muraste.ee\/vana\/?page_id=1269\">N\u00e4dal 5<\/a><\/li>\n<li id=\"menu-item-1276\" class=\"menu-item menu-item-type-post_type menu-item-object-page menu-item-1276\"><a href=\"https:\/\/muraste.ee\/vana\/?page_id=1273\">N\u00e4dal 4<\/a><\/li>\n<li id=\"menu-item-1280\" class=\"menu-item menu-item-type-post_type menu-item-object-page menu-item-1280\"><a href=\"https:\/\/muraste.ee\/vana\/?page_id=1277\">N\u00e4dal 3<\/a><\/li>\n<li id=\"menu-item-1286\" class=\"menu-item menu-item-type-post_type menu-item-object-page menu-item-1286\"><a href=\"https:\/\/muraste.ee\/vana\/?page_id=1283\">N\u00e4dal 2<\/a><\/li>\n<li id=\"menu-item-1290\" class=\"menu-item menu-item-type-post_type menu-item-object-page menu-item-1290\"><a href=\"https:\/\/muraste.ee\/vana\/?page_id=1287\">N\u00e4dal 1<\/a><\/li>\n<\/ul>\n<\/div>\n<\/li>\n<\/ul>\n<div><\/div>\n<\/div>\n<\/div>\n","protected":false},"excerpt":{"rendered":"<p>N\u00c4DAL 19 MURASTES 9. mai\u00a0\u2013 15. mai 2016 ehk tegevused Muraste koolimajas, kogukonnakeskuses, spordihoones, (SP spordisaal, KO kogukonnakeskuse ruum, AT aatrium, KL klassiruum) Esmasp\u00e4ev, 9.\u00a0mai kl 14-17 SP, Judoklubi AITADO kl 17-18 SP, K\u00e4sipalliklubi HC Tallinn (tel 5510440) kl 16.30 KL, Beebikool (Kristi Baumann, 5658959) \u2013 uued p\u00f5nnid on ikka oodatud! kl 16-17.30 KO\/KL, Klaveritunnid<a class=\"moretag\" href=\"https:\/\/muraste.ee\/vana\/?page_id=1789\"><br \/>&#8230;Loe edasi<\/a><\/p>\n","protected":false},"author":2,"featured_media":0,"parent":0,"menu_order":0,"comment_status":"closed","ping_status":"closed","template":"","meta":{"_bbp_topic_count":0,"_bbp_reply_count":0,"_bbp_total_topic_count":0,"_bbp_total_reply_count":0,"_bbp_voice_count":0,"_bbp_anonymous_reply_count":0,"_bbp_topic_count_hidden":0,"_bbp_reply_count_hidden":0,"_bbp_forum_subforum_count":0,"_mc_calendar":[]},"_links":{"self":[{"href":"https:\/\/muraste.ee\/vana\/index.php?rest_route=\/wp\/v2\/pages\/1789"}],"collection":[{"href":"https:\/\/muraste.ee\/vana\/index.php?rest_route=\/wp\/v2\/pages"}],"about":[{"href":"https:\/\/muraste.ee\/vana\/index.php?rest_route=\/wp\/v2\/types\/page"}],"author":[{"embeddable":true,"href":"https:\/\/muraste.ee\/vana\/index.php?rest_route=\/wp\/v2\/users\/2"}],"replies":[{"embeddable":true,"href":"https:\/\/muraste.ee\/vana\/index.php?rest_route=%2Fwp%2Fv2%2Fcomments&post=1789"}],"version-history":[{"count":2,"href":"https:\/\/muraste.ee\/vana\/index.php?rest_route=\/wp\/v2\/pages\/1789\/revisions"}],"predecessor-version":[{"id":1793,"href":"https:\/\/muraste.ee\/vana\/index.php?rest_route=\/wp\/v2\/pages\/1789\/revisions\/1793"}],"wp:attachment":[{"href":"https:\/\/muraste.ee\/vana\/index.php?rest_route=%2Fwp%2Fv2%2Fmedia&parent=1789"}],"curies":[{"name":"wp","href":"https:\/\/api.w.org\/{rel}","templated":true}]}}