{"id":1875,"date":"2016-05-30T09:10:42","date_gmt":"2016-05-30T06:10:42","guid":{"rendered":"https:\/\/muraste.ee\/vana\/?page_id=1875"},"modified":"2016-05-30T09:10:49","modified_gmt":"2016-05-30T06:10:49","slug":"nadal-21","status":"publish","type":"page","link":"https:\/\/muraste.ee\/vana\/?page_id=1875","title":{"rendered":"N\u00e4dal 21"},"content":{"rendered":"<p><strong>N\u00c4DAL 21 MURASTES<br \/>\n<\/strong>23. mai\u00a0\u2013 29. mai 2016<strong><br \/>\nehk tegevused Muraste koolimajas, kogukonnakeskuses, spordihoones,<br \/>\n<\/strong>(SP spordisaal, KO kogukonnakeskuse ruum, AT aatrium, KL klassiruum)<\/p>\n<p><strong><a href=\"https:\/\/muraste.ee\/vana\/wp-content\/uploads\/2016\/03\/13242094_1197684263583863_1310918057_o-1.jpg\" rel=\"attachment wp-att-1835\"><img decoding=\"async\" loading=\"lazy\" class=\"size-medium wp-image-1835 alignright\" src=\"https:\/\/muraste.ee\/vana\/wp-content\/uploads\/2016\/03\/13242094_1197684263583863_1310918057_o-1-300x169.jpg\" sizes=\"(max-width: 300px) 100vw, 300px\" srcset=\"https:\/\/muraste.ee\/vana\/wp-content\/uploads\/2016\/03\/13242094_1197684263583863_1310918057_o-1-300x169.jpg 300w, https:\/\/muraste.ee\/vana\/wp-content\/uploads\/2016\/03\/13242094_1197684263583863_1310918057_o-1-768x432.jpg 768w, https:\/\/muraste.ee\/vana\/wp-content\/uploads\/2016\/03\/13242094_1197684263583863_1310918057_o-1-1024x576.jpg 1024w, https:\/\/muraste.ee\/vana\/wp-content\/uploads\/2016\/03\/13242094_1197684263583863_1310918057_o-1-624x351.jpg 624w, https:\/\/muraste.ee\/vana\/wp-content\/uploads\/2016\/03\/13242094_1197684263583863_1310918057_o-1-128x72.jpg 128w, https:\/\/muraste.ee\/vana\/wp-content\/uploads\/2016\/03\/13242094_1197684263583863_1310918057_o-1.jpg 1280w\" alt=\"13242094_1197684263583863_1310918057_o (1)\" width=\"300\" height=\"169\" \/><\/a><br \/>\nEsmasp\u00e4ev, 23.\u00a0mai<br \/>\n<\/strong>kl 14-17 SP, Judoklubi AITADO<br \/>\nkl 17-18 SP, K\u00e4sipalliklubi HC Tallinn (tel 5510440)<br \/>\nkl 16.30 KL, Beebikool (Kristi Baumann, 5658959)<br \/>\nkl 16-17.30 KO\/KL, Klaveritunnid lastele, juhendab Katrin J\u00e4rvlepp (katrinjarvlepp362@gmail.com)\u00a0(grupp komplekteeritud).<br \/>\nkl 16.45 KO, V\u00e4ikekannel lastele (Maria Vessmann)<br \/>\nkl 17.30 KO, V\u00e4ikekandleansambel LiULi (Maria Vessmann 5058495)<br \/>\nkl 19.00 KO V\u00e4ikekannel algajatele (t\u00e4iskasvanud). (Maria Vessmann 5058495). Uued huvilised oodatud!<br \/>\nkl 19 AT, Suurupi naiskoor Meretule<\/p>\n<p><img decoding=\"async\" loading=\"lazy\" class=\"alignright\" src=\"https:\/\/scontent-arn2-1.xx.fbcdn.net\/hphotos-xtp1\/v\/t1.0-9\/12928169_936936863071672_7297229904979180902_n.jpg?oh=6e3af9d84173ff3679ae4348fa9940eb&amp;oe=577A8F75\" alt=\"\" width=\"253\" height=\"535\" \/><\/p>\n<p><strong>Teisip\u00e4ev, 24. mai<\/strong><br \/>\nkl 14.00-15.30 SP, Tabasalu Palliklubi (tel 5136060)<\/p>\n<p>kl 16-17 SP, Harju Jalgpallikool<br \/>\nkl 14.30 KO, Fa Stuudio (fl\u00f6\u00f6diring lastele)<br \/>\nkl 18 KL, Inglise keele vestlusring, juhendab James Gill. K\u00f5ik uued osalejad \u2013 keelehuvilised on oodatud!<br \/>\nkl 18 KL, Inglise keele kursus uuesti alustajatele<br \/>\nkl 18.30 KO, <strong>k\u00e4sit\u00f6\u00f6tuba: Heegeldame!<\/strong><br \/>\nkl 18.30-19.45 AT,\u00a017. mai \u2013 14. juuni \u2013 Seltskonnatantsu algajate intensiivkursus, Vt listatud kuulutust!<br \/>\nkl 19.45 AT, Seltskonnatantsude harjutustund -v\u00f5imalus \u00f5pitut kinnistada ja toredas seltskonnas jalga keerutada. Osalus 5 \u20ac\/in<strong><br \/>\n<\/strong>kl 19 SP, V\u00f5rkpall mehed\/naised.<\/p>\n<p><strong>Kolmap\u00e4ev, 25.\u00a0mai<\/strong><br \/>\nkl 14-17 SP, Judoklubi AITADO<br \/>\nKl 17-18 SP, K\u00e4sipalliklubi HC Tallinn (tel 5510440)<br \/>\nkl 18.45 KL, Kundalini jooga klassiruumis (viimane kord sel hooajal!)<br \/>\nkl 18.30 AT, toimub Muraste tee 3, 5, 7 ja 7a<strong>kortermajade \u00fcldkoosolek Muraste koolimaja aatriumis<\/strong>. Korraldab O\u00dc Strantum<br \/>\nkl 19 KO,\u00a0\u00a0<strong><a href=\"https:\/\/muraste.ee\/vana\/?page_id=101\" target=\"_blank\">Muraste k\u00fclaseltsi \u00fcldkoosolek<\/a><\/strong>\u00a0<strong>kogukonnakeskuse ruumis<\/strong> (korduv, osalejatel palume eelnevalt tutvuda materjalidega \u00a0meie kodulehel); \u00fcldkoosolekule\u00a0j\u00e4rgneb Muraste k\u00fclaseltsi<strong> juhatuse koosolek.<\/strong><br \/>\nkl 19 SP, Korvpall meestele (NB! ruumi jagub ikka uutele m\u00e4ngijatele!)<\/p>\n<p><strong>Neljap\u00e4ev 26. mai<\/strong><br \/>\nkl.14.15-15.30 SP, Tabasalu Palliklubi (tel 5136060)<br \/>\nkl 16 -17 SP, Harju Jalgpallikool<br \/>\nkl 17 \u2013 18.30 SP, Tabasalu Jalgpalliklubi<br \/>\nkl 19 KO,\u00a0<strong>\u00a0<a href=\"https:\/\/muraste.ee\/vana\/?p=1637\" target=\"_blank\">loeng teemal <\/a><a href=\"https:\/\/muraste.ee\/vana\/?p=1637\" target=\"_blank\">\u201cMere v\u00e4rvid: meri l\u00e4bi marinistide silmade\u201d<\/a><\/strong>\u00a0Muraste koolimajas. Esineb\u00a0kapten ja \u00a0TT\u00dc Eesti Mereakadeemia \u00f5ppej\u00f5ud Rein\u00a0Raudsalu<br \/>\nkl 20 SP, Zumba fitness!<\/p>\n<p><strong>Reede, 27.\u00a0mai<br \/>\n<\/strong>kl 14.30-15.30 SP, K\u00e4sipalliklubi HC Tallinn (tel 5510440)<br \/>\nkl 12.50-13.15 KL, V\u00e4ikekandle ring lastele. Juhendab Katrin J\u00e4rvlepp (lisainfo katrinjarvlepp362@gmail.com)<br \/>\nkl 13.15-14.45 KL, Klaveritunnid lastele. Juhendab Katrin J\u00e4rvlepp (lisainfo katrinjarvlepp362@gmail.com) <strong><a href=\"https:\/\/muraste.ee\/vana\/wp-content\/uploads\/2016\/03\/seenoior.jpg\" rel=\"attachment wp-att-1357\"><br \/>\n<\/a><\/strong><\/p>\n<p><strong>Laup\u00e4eval, 28. mail<\/strong><br \/>\nkl 12 <strong><a href=\"https:\/\/muraste.ee\/vana\/?p=1667\" target=\"_blank\">Muraste lennukas perep\u00e4ev<\/a><\/strong>.<br \/>\nkl 18 AT,<strong> <a href=\"https:\/\/www.facebook.com\/events\/275439879456269\/\" target=\"_blank\">filmi\u00f5htu\u00a0\u201cBonus track\u201d<\/a>. Riho V\u00e4striku dokumentaalfilm helilooja Sven Gr\u00fcnbergist<\/strong><\/p>\n<p><strong>P\u00fchap\u00e4eval, 29.\u00a0mai<br \/>\n<\/strong>L\u00e4hme k\u00fclla: \u00a0<a href=\"https:\/\/www.facebook.com\/events\/622415154591510\/\" target=\"_blank\">kell 12 V\u00e4\u00e4na-Viti Luigelille aias Harku valla aiahooaja avamine.<\/a><\/p>\n<p><strong>Tulekul edaspidi:<\/strong><\/p>\n<p>30. mai kell 19 <a href=\"https:\/\/muraste.ee\/vana\/?p=1848\" target=\"_blank\"><strong>Muraste Liikumisklubi \u201cLihtsalt liikuma\u201d\u00a0<\/strong> <\/a><strong><a href=\"https:\/\/muraste.ee\/vana\/?p=1848\" target=\"_blank\">3. s\u00fcnnip\u00e4evale p\u00fchendatud \u00fchisliikumine.<\/a>\u00a0<\/strong><br \/>\n3. juunil kell 11 <strong>Talendijaht 2016<\/strong> V\u00e4\u00e4na-Viti Kodus (AS Hoolekandeteenused kodudevaheline konkurss). K\u00f5ik on oodatud kaasa elama!<br \/>\n11. juunil kell 15 <strong>Harku valla k\u00fclade p\u00e4evad<\/strong> V\u00e4\u00e4na-J\u00f5esuus (korraldajateks Suurupi Selts ja V\u00e4\u00e4na-J\u00f5esuu k\u00fclaselts)<br \/>\n18. juunil <strong>Mummi trahteri 13. s\u00fcnnip\u00e4ev<\/strong>. Tantsuks V\u00e4ike Mees (Meie Mehe v\u00e4ike vend;)! Lisainfo Mummi Trahterist!<br \/>\n23. juunil <strong>Jaanituli<\/strong>\u00a0<strong>\u201cR\u00e4nnak ajast aega\u201d<\/strong> Muraste paeplatsil. Tantsuks MelodyMix. Lisainfo tulekul!<\/p>\n<p><strong>NB! Vajame\u00a0vabatahtlikke:<\/strong><br \/>\n* \u2026\u00a0<strong>28. mail<\/strong> toimuvale \u00a0Muraste lennukale perep\u00e4evale (supitoimkond);<br \/>\n* \u2026\u00a0<strong>11. juunil<\/strong> toimuvale Harku valla k\u00fcladep\u00e4evale \u2013\u00a0r\u00f5\u00f5msad murastelased, ootame teid liituma: teeme taas koos k\u00fcla n\u00e4htavaks;<br \/>\n*<strong>\u00a0\u2026 23. juunil<\/strong> toimuvale jaanitulele (regilaulude lauljaid, m\u00e4ngude vedajaid).<\/p>\n<p><strong>H\u00f5iked!<\/strong><\/p>\n<ul>\n<li><strong><a href=\"https:\/\/muraste.ee\/vana\/?p=1863\" target=\"_blank\">Alanud on konkurss \u201cHarku valla kaunis kodu\u201d!\u00a0<\/a><\/strong><\/li>\n<li><a href=\"http:\/\/www.agri.ee\/et\/emkf-2014-2020-toetuste-infopaevad-2016\" target=\"_blank\">Harjumaal tutvustatakse rannapiirkondadesse ja kalandussektorisse suunatavaid toetusi.<\/a>\u00a07.juunil toimub Nelij\u00e4rve Puhkekeskuses infop\u00e4ev, kus tutvustatakse <a href=\"http:\/\/www.agri.ee\/et\/eesmargid-tegevused\/euroopa-merendus-ja-kalandusfond-emkf-2014-2020\">Euroopa Merendus- ja Kalandusfondi\u00a0<\/a> 2014-2020 Eesti rakenduskava rannapiirkondadesse ning kalandussektorisse suunatavaid toetusi.\u00a0Infop\u00e4eval tehakse \u00fclevaade fondi toetusv\u00f5imalustest, l\u00e4hiajal avatavatest meetmetest ja toetustingimustest ning Harjumaa kalanduspiirkonna plaanidest toetuste kasutamisel.\u00a0Kalandustoetuste infop\u00e4evad saavad aval\u00f6\u00f6gi 25. mail Haapsalus ja toimuvad k\u00f5igis Eesti kaheksas kalanduspiirkonnas.<\/li>\n<li><strong><a href=\"https:\/\/muraste.ee\/vana\/?p=1138\" target=\"_blank\">Osale\u00a0<\/a><a href=\"https:\/\/muraste.ee\/vana\/?p=1169\" target=\"_blank\">Muraste kooli logokonkusril<\/a>!<\/strong> Konkursi t\u00e4htaeg on 4. juuni.<\/li>\n<li>J\u00e4tkuvalt <strong>kutsub Muraste k\u00fclaseltsi juhatus abilisi<\/strong> kogukonnale suunatud erinevate tegevuste ettevalmistamiseks ja l\u00e4biviimiseks. Ole hea, astu sulle sobival ajal kogukonnakeskusest l\u00e4bi kas oma ideega v\u00f5i leia meie tegevus- ja ideedekavast omale meelep\u00e4rane \u00fcritus, mille kordaminekule saad olla toeks. Koos teeme rohkem ja paremini! Palun, k\u00f5ik abik\u00e4ed on teretulnud! Suur t\u00e4nu k\u00f5igile, kes on juba oma soovidest ja v\u00f5imalustest teada andnud!<\/li>\n<\/ul>\n<p>&nbsp;<\/p>\n<p><a href=\"https:\/\/muraste.ee\/vana\/wp-content\/uploads\/2016\/05\/Liikumisklubi-kuulutus-30.05.16-3-s%C3%BCnnip%C3%A4ev.jpg\" rel=\"attachment wp-att-1849\"><img decoding=\"async\" loading=\"lazy\" class=\"alignnone wp-image-1849\" src=\"https:\/\/muraste.ee\/vana\/wp-content\/uploads\/2016\/05\/Liikumisklubi-kuulutus-30.05.16-3-s%C3%BCnnip%C3%A4ev-208x300.jpg\" sizes=\"(max-width: 208px) 100vw, 208px\" srcset=\"https:\/\/muraste.ee\/vana\/wp-content\/uploads\/2016\/05\/Liikumisklubi-kuulutus-30.05.16-3-s\u00fcnnip\u00e4ev-208x300.jpg 208w, https:\/\/muraste.ee\/vana\/wp-content\/uploads\/2016\/05\/Liikumisklubi-kuulutus-30.05.16-3-s\u00fcnnip\u00e4ev-709x1024.jpg 709w, https:\/\/muraste.ee\/vana\/wp-content\/uploads\/2016\/05\/Liikumisklubi-kuulutus-30.05.16-3-s\u00fcnnip\u00e4ev-624x901.jpg 624w\" alt=\"Liikumisklubi kuulutus 30.05.16 3 s\u00fcnnip\u00e4ev\" width=\"208\" height=\"300\" \/><\/a>\u00a0\u00a0<a href=\"https:\/\/muraste.ee\/vana\/wp-content\/uploads\/2016\/03\/viti.jpg\" rel=\"attachment wp-att-1707\"><img decoding=\"async\" loading=\"lazy\" class=\"alignnone size-medium wp-image-1707\" src=\"https:\/\/muraste.ee\/vana\/wp-content\/uploads\/2016\/03\/viti-226x300.jpg\" alt=\"viti\" width=\"226\" height=\"300\" srcset=\"https:\/\/muraste.ee\/vana\/wp-content\/uploads\/2016\/03\/viti-226x300.jpg 226w, https:\/\/muraste.ee\/vana\/wp-content\/uploads\/2016\/03\/viti-624x830.jpg 624w, https:\/\/muraste.ee\/vana\/wp-content\/uploads\/2016\/03\/viti.jpg 740w\" sizes=\"(max-width: 226px) 100vw, 226px\" \/><\/a><\/p>\n<p><strong>Teadmiseks:<\/strong> Muraste igan\u00e4dalase e-infokirjaga liitumiseks saada sellekohane teade muraste@muraste.ee<\/p>\n<p><strong>T\u00e4psustused ja info:<\/strong> kogukonnakeskus@muraste.ee; 5253128 (Aule Kikas) v\u00f5i flaieritel olevatel kontaktidel.<\/p>\n<p>Kogukonnakeskus avatud E-N 10-18, R 10-16; \u00f5htustel aegadel ja n\u00e4dalavahetustel vt ajaplaani<\/p>\n","protected":false},"excerpt":{"rendered":"<p>N\u00c4DAL 21 MURASTES 23. mai\u00a0\u2013 29. mai 2016 ehk tegevused Muraste koolimajas, kogukonnakeskuses, spordihoones, (SP spordisaal, KO kogukonnakeskuse ruum, AT aatrium, KL klassiruum) Esmasp\u00e4ev, 23.\u00a0mai kl 14-17 SP, Judoklubi AITADO kl 17-18 SP, K\u00e4sipalliklubi HC Tallinn (tel 5510440) kl 16.30 KL, Beebikool (Kristi Baumann, 5658959) kl 16-17.30 KO\/KL, Klaveritunnid lastele, juhendab Katrin J\u00e4rvlepp (katrinjarvlepp362@gmail.com)\u00a0(grupp komplekteeritud).<a class=\"moretag\" href=\"https:\/\/muraste.ee\/vana\/?page_id=1875\"><br \/>&#8230;Loe edasi<\/a><\/p>\n","protected":false},"author":2,"featured_media":0,"parent":0,"menu_order":0,"comment_status":"closed","ping_status":"closed","template":"nadalakava.php","meta":{"_bbp_topic_count":0,"_bbp_reply_count":0,"_bbp_total_topic_count":0,"_bbp_total_reply_count":0,"_bbp_voice_count":0,"_bbp_anonymous_reply_count":0,"_bbp_topic_count_hidden":0,"_bbp_reply_count_hidden":0,"_bbp_forum_subforum_count":0,"_mc_calendar":[]},"_links":{"self":[{"href":"https:\/\/muraste.ee\/vana\/index.php?rest_route=\/wp\/v2\/pages\/1875"}],"collection":[{"href":"https:\/\/muraste.ee\/vana\/index.php?rest_route=\/wp\/v2\/pages"}],"about":[{"href":"https:\/\/muraste.ee\/vana\/index.php?rest_route=\/wp\/v2\/types\/page"}],"author":[{"embeddable":true,"href":"https:\/\/muraste.ee\/vana\/index.php?rest_route=\/wp\/v2\/users\/2"}],"replies":[{"embeddable":true,"href":"https:\/\/muraste.ee\/vana\/index.php?rest_route=%2Fwp%2Fv2%2Fcomments&post=1875"}],"version-history":[{"count":1,"href":"https:\/\/muraste.ee\/vana\/index.php?rest_route=\/wp\/v2\/pages\/1875\/revisions"}],"predecessor-version":[{"id":1877,"href":"https:\/\/muraste.ee\/vana\/index.php?rest_route=\/wp\/v2\/pages\/1875\/revisions\/1877"}],"wp:attachment":[{"href":"https:\/\/muraste.ee\/vana\/index.php?rest_route=%2Fwp%2Fv2%2Fmedia&parent=1875"}],"curies":[{"name":"wp","href":"https:\/\/api.w.org\/{rel}","templated":true}]}}