{"id":1887,"date":"2016-06-06T08:48:51","date_gmt":"2016-06-06T05:48:51","guid":{"rendered":"https:\/\/muraste.ee\/vana\/?page_id=1887"},"modified":"2016-06-06T08:48:51","modified_gmt":"2016-06-06T05:48:51","slug":"nadal-22","status":"publish","type":"page","link":"https:\/\/muraste.ee\/vana\/?page_id=1887","title":{"rendered":"N\u00e4dal 22"},"content":{"rendered":"<div id=\"main\" class=\"wrapper\">\n<div id=\"primary\" class=\"site-content\">\n<div id=\"content\">\n<article id=\"post-945\" class=\"post-945 page type-page status-publish hentry\">\n<div class=\"entry-content\">\n<p><strong>N\u00c4DAL 22 MURASTES<br \/>\n<\/strong>30. mai\u00a0\u2013 5. juuni\u00a0\u00a02016<strong><br \/>\nehk tegevused Muraste koolimajas, kogukonnakeskuses, spordihoones,<br \/>\n<\/strong>(SP spordisaal, KO kogukonnakeskuse ruum, AT aatrium, KL klassiruum)<\/p>\n<p><strong><a href=\"https:\/\/muraste.ee\/vana\/wp-content\/uploads\/2016\/03\/koolisein.jpg\" rel=\"attachment wp-att-1879\"><img decoding=\"async\" loading=\"lazy\" class=\"size-medium wp-image-1879 alignright\" src=\"https:\/\/muraste.ee\/vana\/wp-content\/uploads\/2016\/03\/koolisein-300x169.jpg\" sizes=\"(max-width: 300px) 100vw, 300px\" srcset=\"https:\/\/muraste.ee\/vana\/wp-content\/uploads\/2016\/03\/koolisein-300x169.jpg 300w, https:\/\/muraste.ee\/vana\/wp-content\/uploads\/2016\/03\/koolisein-768x432.jpg 768w, https:\/\/muraste.ee\/vana\/wp-content\/uploads\/2016\/03\/koolisein-624x351.jpg 624w, https:\/\/muraste.ee\/vana\/wp-content\/uploads\/2016\/03\/koolisein-128x72.jpg 128w, https:\/\/muraste.ee\/vana\/wp-content\/uploads\/2016\/03\/koolisein.jpg 960w\" alt=\"koolisein\" width=\"300\" height=\"169\" \/><\/a><\/strong><\/p>\n<p><strong>Esmasp\u00e4ev, 30.\u00a0mai<\/strong><br \/>\nkl 14-17 SP, Judoklubi AITADO<br \/>\nkl 17-18 SP, K\u00e4sipalliklubi HC Tallinn (tel 5510440)<br \/>\nkl 19 <a href=\"https:\/\/muraste.ee\/vana\/?p=1848\" target=\"_blank\"><strong>Muraste Liikumisklubi \u201cLihtsalt liikuma\u201d\u00a0<\/strong> <\/a><strong><a href=\"https:\/\/muraste.ee\/vana\/?p=1848\" target=\"_blank\">3. s\u00fcnnip\u00e4evale p\u00fchendatud \u00fchisliikumine.<\/a>\u00a0<\/strong><\/p>\n<p><strong>Teisip\u00e4ev,\u00a031. mai<\/strong><br \/>\nkl 14.30 KO, Fa Stuudio (fl\u00f6\u00f6diring lastele)<br \/>\nkl 18 KL, Inglise keele vestlusring, juhendab James Gill. K\u00f5ik keelehuvilised on oodatud!<br \/>\nkl 18 KL, Inglise keele kursus uuesti alustajatele<br \/>\nkl 18.30-19.45 AT,\u00a017. mai \u2013 14. juuni \u2013 Seltskonnatantsu algajate intensiivkursus.<br \/>\nkl 19.45 AT, Seltskonnatantsude harjutustund -v\u00f5imalus \u00f5pitut kinnistada ja toredas seltskonnas jalga keerutada. Osalus 5 \u20ac\/in<strong><br \/>\n<\/strong>kl 19 SP, V\u00f5rkpall mehed\/naised.<\/p>\n<p><strong>Kolmap\u00e4ev, 1. juuni<\/strong><br \/>\nkl 18\u00a0AT, \u00a0<strong>\u00a0Muraste Kooli \u00f5pilaste kevadkontsert-etendus<\/strong><br \/>\nkl 19 SP, Korvpall meestele (NB! ruumi jagub ikka uutele m\u00e4ngijatele!)<\/p>\n<p><strong>Reede, 3. juuni<br \/>\n<\/strong>3. juunil kell 11<strong> Talendijaht 2016 V\u00e4\u00e4na-Viti Kodus <\/strong>(AS Hoolekandeteenused kodudevaheline konkurss). K\u00f5ik on oodatud kaasa elama!<\/p>\n<p><strong>L\u00e4hme k\u00fclla!<\/strong>\u00a0kl 11 k\u00fcpsetame pannkooke Tabasalu \u00dchisg\u00fcmnaasiumi koolil\u00f5pu peol <strong><a href=\"https:\/\/www.facebook.com\/events\/1074535619284890\/\" target=\"_blank\">\u201cEnam ei \u00f5pi!\u201d<\/a>\u00a0<\/strong><\/p>\n<p><strong>Laup\u00e4eval, 4. juuni<\/strong><br \/>\n<strong>L\u00e4hme k\u00fclla!<\/strong> kl 13 <strong><a href=\"https:\/\/www.facebook.com\/events\/1027653173938186\/\" target=\"_blank\">Keila-Joa rippsildade kontsert<\/a>.<\/strong><\/p>\n<p><strong>Tulekul edaspidi:<\/strong><\/p>\n<p>11. juunil kell 15 <strong>Harku valla k\u00fclade p\u00e4evad<\/strong> V\u00e4\u00e4na-J\u00f5esuus (korraldajateks Suurupi Selts ja V\u00e4\u00e4na-J\u00f5esuu k\u00fclaselts)<br \/>\n18. juunil <strong>Mummi trahteri 13. s\u00fcnnip\u00e4ev<\/strong>. Tantsuks V\u00e4ike Mees (Meie Mehe v\u00e4ike vend;)! Lisainfo Mummi Trahterist!<br \/>\n23. juunil <strong>Jaanituli<\/strong>\u00a0<strong>\u201cR\u00e4nnak ajast aega\u201d<\/strong> Muraste paeplatsil. Tantsuks MelodyMix. Lisainfo tulekul!<\/p>\n<p><strong>NB! Vajame\u00a0vabatahtlikke:<\/strong><br \/>\n* \u2026\u00a0<strong>11. juunil<\/strong> toimuvale Harku valla k\u00fcladep\u00e4evale \u2013\u00a0r\u00f5\u00f5msad murastelased, ootame teid liituma: teeme taas koos k\u00fcla n\u00e4htavaks;<br \/>\n*<strong>\u00a0\u2026 23. juunil<\/strong> toimuvale jaanitulele (regilaulude lauljaid, m\u00e4ngude vedajaid).<\/p>\n<p><strong>H\u00f5iked!<\/strong><\/p>\n<ul>\n<li><strong><a href=\"https:\/\/muraste.ee\/vana\/?p=1863\" target=\"_blank\">Alanud on konkurss \u201cHarku valla kaunis kodu\u201d!\u00a0<\/a><\/strong><\/li>\n<li><a href=\"http:\/\/www.agri.ee\/et\/emkf-2014-2020-toetuste-infopaevad-2016\" target=\"_blank\">Harjumaal tutvustatakse rannapiirkondadesse ja kalandussektorisse suunatavaid toetusi.<\/a>\u00a07.juunil toimub Nelij\u00e4rve Puhkekeskuses infop\u00e4ev, kus tutvustatakse <a href=\"http:\/\/www.agri.ee\/et\/eesmargid-tegevused\/euroopa-merendus-ja-kalandusfond-emkf-2014-2020\">Euroopa Merendus- ja Kalandusfondi\u00a0<\/a> 2014-2020 Eesti rakenduskava rannapiirkondadesse ning kalandussektorisse suunatavaid toetusi.\u00a0Infop\u00e4eval tehakse \u00fclevaade fondi toetusv\u00f5imalustest, l\u00e4hiajal avatavatest meetmetest ja toetustingimustest ning Harjumaa kalanduspiirkonna plaanidest toetuste kasutamisel.\u00a0Kalandustoetuste infop\u00e4evad saavad aval\u00f6\u00f6gi 25. mail Haapsalus ja toimuvad k\u00f5igis Eesti kaheksas kalanduspiirkonnas.<\/li>\n<li><strong><a href=\"https:\/\/muraste.ee\/vana\/?p=1138\" target=\"_blank\">Osale\u00a0<\/a><a href=\"https:\/\/muraste.ee\/vana\/?p=1169\" target=\"_blank\">Muraste kooli logokonkusril<\/a>!<\/strong> Konkursi t\u00e4htaeg on 4. juuni.<\/li>\n<li>J\u00e4tkuvalt <strong>kutsub Muraste k\u00fclaseltsi juhatus abilisi<\/strong> kogukonnale suunatud erinevate tegevuste ettevalmistamiseks ja l\u00e4biviimiseks. Ole hea, astu sulle sobival ajal kogukonnakeskusest l\u00e4bi kas oma ideega v\u00f5i leia meie tegevus- ja ideedekavast omale meelep\u00e4rane \u00fcritus, mille kordaminekule saad olla toeks. Koos teeme rohkem ja paremini! Palun, k\u00f5ik abik\u00e4ed on teretulnud! Suur t\u00e4nu k\u00f5igile, kes on juba oma soovidest ja v\u00f5imalustest teada andnud!<\/li>\n<\/ul>\n<p>&nbsp;<\/p>\n<p><a href=\"https:\/\/muraste.ee\/vana\/wp-content\/uploads\/2016\/05\/Liikumisklubi-kuulutus-30.05.16-3-s%C3%BCnnip%C3%A4ev.jpg\" rel=\"attachment wp-att-1849\"><img decoding=\"async\" loading=\"lazy\" class=\"alignnone wp-image-1849\" src=\"https:\/\/muraste.ee\/vana\/wp-content\/uploads\/2016\/05\/Liikumisklubi-kuulutus-30.05.16-3-s%C3%BCnnip%C3%A4ev-208x300.jpg\" sizes=\"(max-width: 208px) 100vw, 208px\" srcset=\"https:\/\/muraste.ee\/vana\/wp-content\/uploads\/2016\/05\/Liikumisklubi-kuulutus-30.05.16-3-s\u00fcnnip\u00e4ev-208x300.jpg 208w, https:\/\/muraste.ee\/vana\/wp-content\/uploads\/2016\/05\/Liikumisklubi-kuulutus-30.05.16-3-s\u00fcnnip\u00e4ev-709x1024.jpg 709w, https:\/\/muraste.ee\/vana\/wp-content\/uploads\/2016\/05\/Liikumisklubi-kuulutus-30.05.16-3-s\u00fcnnip\u00e4ev-624x901.jpg 624w\" alt=\"Liikumisklubi kuulutus 30.05.16 3 s\u00fcnnip\u00e4ev\" width=\"208\" height=\"300\" \/><\/a>\u00a0\u00a0<a href=\"https:\/\/muraste.ee\/vana\/wp-content\/uploads\/2016\/03\/viti.jpg\" rel=\"attachment wp-att-1707\"><img decoding=\"async\" loading=\"lazy\" class=\"alignnone size-medium wp-image-1707\" src=\"https:\/\/muraste.ee\/vana\/wp-content\/uploads\/2016\/03\/viti-226x300.jpg\" alt=\"viti\" width=\"226\" height=\"300\" srcset=\"https:\/\/muraste.ee\/vana\/wp-content\/uploads\/2016\/03\/viti-226x300.jpg 226w, https:\/\/muraste.ee\/vana\/wp-content\/uploads\/2016\/03\/viti-624x830.jpg 624w, https:\/\/muraste.ee\/vana\/wp-content\/uploads\/2016\/03\/viti.jpg 740w\" sizes=\"(max-width: 226px) 100vw, 226px\" \/><\/a><\/p>\n<p><strong>Teadmiseks:<\/strong> Muraste igan\u00e4dalase e-infokirjaga liitumiseks saada sellekohane teade muraste@muraste.ee<\/p>\n<p><strong>T\u00e4psustused ja info:<\/strong> kogukonnakeskus@muraste.ee; 5253128 (Aule Kikas) v\u00f5i flaieritel olevatel kontaktidel.<\/p>\n<p>Kogukonnakeskus avatud E-N 10-18, R 10-16; \u00f5htustel aegadel ja n\u00e4dalavahetustel vt ajaplaan<\/p>\n<\/div>\n<\/article>\n<\/div>\n<\/div>\n<\/div>\n","protected":false},"excerpt":{"rendered":"<p>N\u00c4DAL 22 MURASTES 30. mai\u00a0\u2013 5. juuni\u00a0\u00a02016 ehk tegevused Muraste koolimajas, kogukonnakeskuses, spordihoones, (SP spordisaal, KO kogukonnakeskuse ruum, AT aatrium, KL klassiruum) Esmasp\u00e4ev, 30.\u00a0mai kl 14-17 SP, Judoklubi AITADO kl 17-18 SP, K\u00e4sipalliklubi HC Tallinn (tel 5510440) kl 19 Muraste Liikumisklubi \u201cLihtsalt liikuma\u201d\u00a0 3. s\u00fcnnip\u00e4evale p\u00fchendatud \u00fchisliikumine.\u00a0 Teisip\u00e4ev,\u00a031. mai kl 14.30 KO, Fa Stuudio (fl\u00f6\u00f6diring<a class=\"moretag\" href=\"https:\/\/muraste.ee\/vana\/?page_id=1887\"><br \/>&#8230;Loe edasi<\/a><\/p>\n","protected":false},"author":2,"featured_media":0,"parent":0,"menu_order":0,"comment_status":"closed","ping_status":"closed","template":"nadalakava.php","meta":{"_bbp_topic_count":0,"_bbp_reply_count":0,"_bbp_total_topic_count":0,"_bbp_total_reply_count":0,"_bbp_voice_count":0,"_bbp_anonymous_reply_count":0,"_bbp_topic_count_hidden":0,"_bbp_reply_count_hidden":0,"_bbp_forum_subforum_count":0,"_mc_calendar":[]},"_links":{"self":[{"href":"https:\/\/muraste.ee\/vana\/index.php?rest_route=\/wp\/v2\/pages\/1887"}],"collection":[{"href":"https:\/\/muraste.ee\/vana\/index.php?rest_route=\/wp\/v2\/pages"}],"about":[{"href":"https:\/\/muraste.ee\/vana\/index.php?rest_route=\/wp\/v2\/types\/page"}],"author":[{"embeddable":true,"href":"https:\/\/muraste.ee\/vana\/index.php?rest_route=\/wp\/v2\/users\/2"}],"replies":[{"embeddable":true,"href":"https:\/\/muraste.ee\/vana\/index.php?rest_route=%2Fwp%2Fv2%2Fcomments&post=1887"}],"version-history":[{"count":1,"href":"https:\/\/muraste.ee\/vana\/index.php?rest_route=\/wp\/v2\/pages\/1887\/revisions"}],"predecessor-version":[{"id":1889,"href":"https:\/\/muraste.ee\/vana\/index.php?rest_route=\/wp\/v2\/pages\/1887\/revisions\/1889"}],"wp:attachment":[{"href":"https:\/\/muraste.ee\/vana\/index.php?rest_route=%2Fwp%2Fv2%2Fmedia&parent=1887"}],"curies":[{"name":"wp","href":"https:\/\/api.w.org\/{rel}","templated":true}]}}