{"id":1921,"date":"2016-06-13T09:03:12","date_gmt":"2016-06-13T06:03:12","guid":{"rendered":"https:\/\/muraste.ee\/vana\/?page_id=1921"},"modified":"2016-06-13T09:03:12","modified_gmt":"2016-06-13T06:03:12","slug":"nadal-23","status":"publish","type":"page","link":"https:\/\/muraste.ee\/vana\/?page_id=1921","title":{"rendered":"N\u00e4dal 23"},"content":{"rendered":"<div id=\"main\" class=\"wrapper\">\n<div id=\"primary\" class=\"site-content\">\n<div id=\"content\">\n<article id=\"post-945\" class=\"post-945 page type-page status-publish hentry\">\n<div class=\"entry-content\">\n<p><strong>N\u00c4DAL 23 MURASTES<br \/>\n<\/strong>6. mai\u00a0\u2013 12. juuni\u00a0\u00a02016<strong><br \/>\nehk tegevused Muraste koolimajas, kogukonnakeskuses, spordihoones,<br \/>\n<\/strong>(SP spordisaal, KO kogukonnakeskuse ruum, AT aatrium, KL klassiruum)<\/p>\n<p><a href=\"https:\/\/muraste.ee\/vana\/wp-content\/uploads\/2016\/03\/lavendel.jpg\" rel=\"attachment wp-att-1895\"><img decoding=\"async\" loading=\"lazy\" class=\"size-medium wp-image-1895 alignright\" src=\"https:\/\/muraste.ee\/vana\/wp-content\/uploads\/2016\/03\/lavendel-300x200.jpg\" sizes=\"(max-width: 300px) 100vw, 300px\" srcset=\"https:\/\/muraste.ee\/vana\/wp-content\/uploads\/2016\/03\/lavendel-300x200.jpg 300w, https:\/\/muraste.ee\/vana\/wp-content\/uploads\/2016\/03\/lavendel-768x512.jpg 768w, https:\/\/muraste.ee\/vana\/wp-content\/uploads\/2016\/03\/lavendel-624x416.jpg 624w, https:\/\/muraste.ee\/vana\/wp-content\/uploads\/2016\/03\/lavendel.jpg 960w\" alt=\"lavendel\" width=\"300\" height=\"200\" \/><\/a><\/p>\n<p><strong>Esmasp\u00e4ev, 6. juuni<\/strong><br \/>\nkl 12 KO, Fa Stuudio\u00a0\u00a0(salvestaminine)<br \/>\nkl 17.30, AT kandleansambel LiULi proov<br \/>\nkl 19 KO, kohtumine V\u00e4\u00e4na-J\u00f5esuu k\u00fclaseltsi juhatusega<\/p>\n<p><strong>Teisip\u00e4ev,\u00a07. juuni<\/strong><br \/>\nkl 18 KL, Inglise keele kursus uuesti alustajatele<br \/>\nkl 18 KO, Naiskodukaitse infotund (rohkem infot\u00a0Helen Allas,\u00a0<a href=\"mailto:helen@naiskodukaitse.ee\">helen@naiskodukaitse.ee<\/a>, tel\u00a050 62 220).\u00a0R\u00e4\u00e4gime, mis on Naiskodukaitse, mis siin teha saab ja millised \u00f5igused ja kohustused\u00a0liikmetel on. Kui soovid rohkem teada saada ning tunned huvi\u00a0\u00a0Naiskodukaitse tegemiste vastu, tule Sinagi! Osalemiseks, pane oma nimi kirja: <a href=\"http:\/\/doodle.com\/poll\/qqt4qfrrm8vdhyb8\">http:\/\/doodle.com\/poll\/qqt4qfrrm8vdhyb8<\/a><\/p>\n<p>kl 18.30 \u2013 19.45 AT,\u00a017. mai \u2013 14. juuni \u2013 Seltskonnatantsu algajate intensiivkursus.<br \/>\nkl 19.45 AT, Seltskonnatantsude harjutustund \u2013 v\u00f5imalus \u00f5pitut kinnistada ja toredas seltskonnas jalga keerutada. Osalus 5 \u20ac\/in<strong><br \/>\n<\/strong>kl 19 SP, V\u00f5rkpall mehed\/naised.<\/p>\n<p><strong>Kolmap\u00e4ev, 8. juuni<\/strong><br \/>\nkl 19 KO, Muraste k\u00fclaseltsi juhatuse koosolek<br \/>\nkl 20 KO, <a href=\"http:\/\/www.suurupi.ee\/EE\/suurupi-selts\/harku-valla-kulade-paev-2016\" target=\"_blank\">k\u00fclade p\u00e4evaks (11. juuni) valmistumine<\/a>. K\u00f5ik r\u00f5\u00f5msameelsed, kes on valmis panustama vahva p\u00e4eva ettevalmistusse ning osalemas k\u00fclade p\u00e4eval Muraste alal, on oodatud!<\/p>\n<p><strong>Laup\u00e4eval, 11. juuni<\/strong><br \/>\n<strong>L\u00e4hme k\u00f5ik!<\/strong>\u00a0kl 15 <b><a href=\"http:\/\/www.suurupi.ee\/EE\/suurupi-selts\/harku-valla-kulade-paev-2016\" target=\"_blank\">Harku valla k\u00fclade p\u00e4ev V\u00e4\u00e4na-J\u00f5esuus!<\/a><\/b><\/p>\n<p><strong>Tulekul edaspidi:<\/strong><\/p>\n<p><strong><a href=\"https:\/\/muraste.ee\/vana\/wp-content\/uploads\/2016\/03\/mummi_trahter-1.jpg\" rel=\"attachment wp-att-1898\"><img decoding=\"async\" loading=\"lazy\" class=\"size-medium wp-image-1898 alignright\" src=\"https:\/\/muraste.ee\/vana\/wp-content\/uploads\/2016\/03\/mummi_trahter-1-212x300.jpg\" sizes=\"(max-width: 212px) 100vw, 212px\" srcset=\"https:\/\/muraste.ee\/vana\/wp-content\/uploads\/2016\/03\/mummi_trahter-1-212x300.jpg 212w, https:\/\/muraste.ee\/vana\/wp-content\/uploads\/2016\/03\/mummi_trahter-1-768x1086.jpg 768w, https:\/\/muraste.ee\/vana\/wp-content\/uploads\/2016\/03\/mummi_trahter-1-724x1024.jpg 724w, https:\/\/muraste.ee\/vana\/wp-content\/uploads\/2016\/03\/mummi_trahter-1-624x882.jpg 624w, https:\/\/muraste.ee\/vana\/wp-content\/uploads\/2016\/03\/mummi_trahter-1.jpg 800w\" alt=\"mummi_trahter (1)\" width=\"212\" height=\"300\" \/><\/a><\/strong><\/p>\n<p>18. juunil <strong>Mummi trahteri 13. s\u00fcnnip\u00e4ev<\/strong>. Tantsuks V\u00e4ike Mees (Meie Mehe v\u00e4ike vend;)! Lisainfo Mummi Trahterist!<br \/>\n23. juunil <strong>Jaanituli<\/strong>\u00a0<strong>\u201cR\u00e4nnak ajast aega\u201d<\/strong> Muraste paeplatsil. Tantsuks MelodyMix. Lisainfo tulekul!<\/p>\n<p><strong>NB! Vajame\u00a0vabatahtlikke:<\/strong><br \/>\n*<strong>\u00a0\u2026 23. juunil<\/strong> toimuvale jaanitulele (regilaulude lauljaid, m\u00e4ngude vedajaid jne).<\/p>\n<p><strong>ABIPALVE:<br \/>\n<\/strong>P\u00fchap\u00e4eva \u00f6\u00f6sel vastu esmasp\u00e4eva (5.-6.juuni) on keegi olnud v\u00e4ga pahas tujus ja unetu\u2026 Ajudeta niiuinii\u2026<\/p>\n<p>Kas keegi m\u00e4rkas\u00a0sel ajal Murastes Meret\u00e4he t\u00e4navas liikumist? \u00dches kodu\u00f5ues on ajavahemikus kl 23.30 \u2013 7 l\u00e4bi torgatud 9 (\u00fcheksa !!!) rehvi!\u00a0S\u00f5nadest j\u00e4\u00e4b puudu, et v\u00e4ljendada n\u00f6rdimust\u2026\u00a0Igasugune info on oodatud tel 5108490 (Jaanus)<\/p>\n<p>Samal ajal on pahalased k\u00e4inud laamendamas ka m\u00f5isa juures vanas tallihoones, kus korterite kuuride v\u00e4hemalt 3 ust on lahti muugitud ja asjad segi loobitud. Ei tea , kas need juhtumid on seotud v\u00f5i mitte, aga igasugune info \u00f6\u00f6sel m\u00f5isa kandis liikuvatest huligaanidest on samuti oodatud. (Info v\u00f5ib saata muraste@muraste.ee)<\/p>\n<p><strong>H\u00f5iked!<\/strong><\/p>\n<ul>\n<li><strong><a href=\"https:\/\/muraste.ee\/vana\/?p=1863\" target=\"_blank\">K\u00e4imas on konkurss \u201cHarku valla kaunis kodu\u201d!\u00a0<\/a><\/strong><\/li>\n<li>Muraste Kool ootab t\u00f6\u00f6le usinat, loovat, s\u00f5bralikku, abivalmis, hoolsat abikokka!<\/li>\n<li><a href=\"https:\/\/muraste.ee\/vana\/wp-content\/uploads\/2016\/03\/abikoka-kuulutus-page-0.jpg\" rel=\"attachment wp-att-1910\"><img decoding=\"async\" loading=\"lazy\" class=\"alignnone size-medium wp-image-1910\" src=\"https:\/\/muraste.ee\/vana\/wp-content\/uploads\/2016\/03\/abikoka-kuulutus-page-0-212x300.jpg\" sizes=\"(max-width: 212px) 100vw, 212px\" srcset=\"https:\/\/muraste.ee\/vana\/wp-content\/uploads\/2016\/03\/abikoka-kuulutus-page-0-212x300.jpg 212w, https:\/\/muraste.ee\/vana\/wp-content\/uploads\/2016\/03\/abikoka-kuulutus-page-0-768x1086.jpg 768w, https:\/\/muraste.ee\/vana\/wp-content\/uploads\/2016\/03\/abikoka-kuulutus-page-0-724x1024.jpg 724w, https:\/\/muraste.ee\/vana\/wp-content\/uploads\/2016\/03\/abikoka-kuulutus-page-0-624x882.jpg 624w\" alt=\"abikoka kuulutus-page-0\" width=\"212\" height=\"300\" \/><\/a><\/li>\n<li>Laulasmaa spaa- ja konverentsihotell ootab t\u00f6\u00f6le vastuv\u00f5tuadministraatorit!<\/li>\n<li><a href=\"https:\/\/muraste.ee\/vana\/wp-content\/uploads\/2016\/03\/adm2.jpg\" rel=\"attachment wp-att-1906\"><img decoding=\"async\" loading=\"lazy\" class=\"alignnone size-medium wp-image-1906\" src=\"https:\/\/muraste.ee\/vana\/wp-content\/uploads\/2016\/03\/adm2-212x300.jpg\" sizes=\"(max-width: 212px) 100vw, 212px\" srcset=\"https:\/\/muraste.ee\/vana\/wp-content\/uploads\/2016\/03\/adm2-212x300.jpg 212w, https:\/\/muraste.ee\/vana\/wp-content\/uploads\/2016\/03\/adm2-768x1086.jpg 768w, https:\/\/muraste.ee\/vana\/wp-content\/uploads\/2016\/03\/adm2-724x1024.jpg 724w, https:\/\/muraste.ee\/vana\/wp-content\/uploads\/2016\/03\/adm2-624x883.jpg 624w, https:\/\/muraste.ee\/vana\/wp-content\/uploads\/2016\/03\/adm2.jpg 1240w\" alt=\"adm2\" width=\"212\" height=\"300\" \/><\/a><\/li>\n<\/ul>\n<p><strong>Teadmiseks:<\/strong> Muraste igan\u00e4dalase e-infokirjaga liitumiseks saada sellekohane teade muraste@muraste.ee<\/p>\n<p><strong>T\u00e4psustused ja info:<\/strong> kogukonnakeskus@muraste.ee; 5253128 (Aule Kikas) v\u00f5i flaieritel olevatel kontaktidel.<\/p>\n<p>Kogukonnakeskus avatud E-N 10-18, R 10-16; \u00f5htustel aegadel ja n\u00e4dalavahetustel vt ajaplaani.<\/p>\n<\/div>\n<\/article>\n<\/div>\n<\/div>\n<div id=\"custom-sidebar\">\n<ul>\n<li id=\"nav_menu-5\">\n<div class=\"menu-nadalakava-container\">\n<ul id=\"menu-nadalakava\" class=\"menu\">\n<li id=\"menu-item-1890\" class=\"menu-item menu-item-type-post_type menu-item-object-page menu-item-1890\"><a href=\"https:\/\/muraste.ee\/vana\/?page_id=1887\">N\u00e4dal 22<\/a><\/li>\n<li id=\"menu-item-1878\" class=\"menu-item menu-item-type-post_type menu-item-object-page menu-item-1878\"><a href=\"https:\/\/muraste.ee\/vana\/?page_id=1875\">N\u00e4dal 21<\/a><\/li>\n<li id=\"menu-item-1832\" class=\"menu-item menu-item-type-post_type menu-item-object-page menu-item-1832\"><a href=\"https:\/\/muraste.ee\/vana\/?page_id=1829\">N\u00e4dal 20<\/a><\/li>\n<li id=\"menu-item-1792\" class=\"menu-item menu-item-type-post_type menu-item-object-page menu-item-1792\"><a href=\"https:\/\/muraste.ee\/vana\/?page_id=1789\">N\u00e4dal 19<\/a><\/li>\n<li id=\"menu-item-1692\" class=\"menu-item menu-item-type-post_type menu-item-object-page menu-item-1692\"><a href=\"https:\/\/muraste.ee\/vana\/?page_id=1689\">N\u00e4dal 18<\/a><\/li>\n<li id=\"menu-item-1499\" class=\"menu-item menu-item-type-post_type menu-item-object-page menu-item-1499\"><a href=\"https:\/\/muraste.ee\/vana\/?page_id=1495\">N\u00e4dal 17<\/a><\/li>\n<li id=\"menu-item-1432\" class=\"menu-item menu-item-type-post_type menu-item-object-page menu-item-1432\"><a href=\"https:\/\/muraste.ee\/vana\/?page_id=1429\">N\u00e4dal 16<\/a><\/li>\n<li id=\"menu-item-1421\" class=\"menu-item menu-item-type-post_type menu-item-object-page menu-item-1421\"><a href=\"https:\/\/muraste.ee\/vana\/?page_id=1418\">N\u00e4dal 15<\/a><\/li>\n<li id=\"menu-item-1352\" class=\"menu-item menu-item-type-post_type menu-item-object-page menu-item-1352\"><a href=\"https:\/\/muraste.ee\/vana\/?page_id=1349\">N\u00e4dal 14<\/a><\/li>\n<li id=\"menu-item-1216\" class=\"menu-item menu-item-type-post_type menu-item-object-page menu-item-1216\"><a href=\"https:\/\/muraste.ee\/vana\/?page_id=1191\">N\u00e4dal 13<\/a><\/li>\n<li id=\"menu-item-1215\" class=\"menu-item menu-item-type-post_type menu-item-object-page menu-item-1215\"><a href=\"https:\/\/muraste.ee\/vana\/?page_id=1206\">N\u00e4dal 12<\/a><\/li>\n<li id=\"menu-item-1222\" class=\"menu-item menu-item-type-post_type menu-item-object-page menu-item-1222\"><a href=\"https:\/\/muraste.ee\/vana\/?page_id=1217\">N\u00e4dal 11<\/a><\/li>\n<li id=\"menu-item-1227\" class=\"menu-item menu-item-type-post_type menu-item-object-page menu-item-1227\"><a href=\"https:\/\/muraste.ee\/vana\/?page_id=1223\">N\u00e4dal 10<\/a><\/li>\n<li id=\"menu-item-1251\" class=\"menu-item menu-item-type-post_type menu-item-object-page menu-item-1251\"><a href=\"https:\/\/muraste.ee\/vana\/?page_id=1247\">N\u00e4dal 9<\/a><\/li>\n<li id=\"menu-item-1256\" class=\"menu-item menu-item-type-post_type menu-item-object-page menu-item-1256\"><a href=\"https:\/\/muraste.ee\/vana\/?page_id=1252\">N\u00e4dal 8<\/a><\/li>\n<li id=\"menu-item-1262\" class=\"menu-item menu-item-type-post_type menu-item-object-page menu-item-1262\"><a href=\"https:\/\/muraste.ee\/vana\/?page_id=1257\">N\u00e4dal 7<\/a><\/li>\n<li id=\"menu-item-1267\" class=\"menu-item menu-item-type-post_type menu-item-object-page menu-item-1267\"><a href=\"https:\/\/muraste.ee\/vana\/?page_id=1264\">N\u00e4dal 6<\/a><\/li>\n<li id=\"menu-item-1272\" class=\"menu-item menu-item-type-post_type menu-item-object-page menu-item-1272\"><a href=\"https:\/\/muraste.ee\/vana\/?page_id=1269\">N\u00e4dal 5<\/a><\/li>\n<li id=\"menu-item-1276\" class=\"menu-item menu-item-type-post_type menu-item-object-page menu-item-1276\"><a href=\"https:\/\/muraste.ee\/vana\/?page_id=1273\">N\u00e4dal 4<\/a><\/li>\n<li id=\"menu-item-1280\" class=\"menu-item menu-item-type-post_type menu-item-object-page menu-item-1280\"><a href=\"https:\/\/muraste.ee\/vana\/?page_id=1277\">N\u00e4dal 3<\/a><\/li>\n<li id=\"menu-item-1286\" class=\"menu-item menu-item-type-post_type menu-item-object-page menu-item-1286\"><a href=\"https:\/\/muraste.ee\/vana\/?page_id=1283\">N\u00e4dal 2<\/a><\/li>\n<li id=\"menu-item-1290\" class=\"menu-item menu-item-type-post_type menu-item-object-page menu-item-1290\"><a href=\"https:\/\/muraste.ee\/vana\/?page_id=1287\">N\u00e4dal 1<\/a><\/li>\n<\/ul>\n<\/div>\n<\/li>\n<\/ul>\n<div><\/div>\n<\/div>\n<\/div>\n","protected":false},"excerpt":{"rendered":"<p>N\u00c4DAL 23 MURASTES 6. mai\u00a0\u2013 12. juuni\u00a0\u00a02016 ehk tegevused Muraste koolimajas, kogukonnakeskuses, spordihoones, (SP spordisaal, KO kogukonnakeskuse ruum, AT aatrium, KL klassiruum) Esmasp\u00e4ev, 6. juuni kl 12 KO, Fa Stuudio\u00a0\u00a0(salvestaminine) kl 17.30, AT kandleansambel LiULi proov kl 19 KO, kohtumine V\u00e4\u00e4na-J\u00f5esuu k\u00fclaseltsi juhatusega Teisip\u00e4ev,\u00a07. juuni kl 18 KL, Inglise keele kursus uuesti alustajatele kl 18<a class=\"moretag\" href=\"https:\/\/muraste.ee\/vana\/?page_id=1921\"><br \/>&#8230;Loe edasi<\/a><\/p>\n","protected":false},"author":2,"featured_media":0,"parent":0,"menu_order":0,"comment_status":"closed","ping_status":"closed","template":"","meta":{"_bbp_topic_count":0,"_bbp_reply_count":0,"_bbp_total_topic_count":0,"_bbp_total_reply_count":0,"_bbp_voice_count":0,"_bbp_anonymous_reply_count":0,"_bbp_topic_count_hidden":0,"_bbp_reply_count_hidden":0,"_bbp_forum_subforum_count":0,"_mc_calendar":[]},"_links":{"self":[{"href":"https:\/\/muraste.ee\/vana\/index.php?rest_route=\/wp\/v2\/pages\/1921"}],"collection":[{"href":"https:\/\/muraste.ee\/vana\/index.php?rest_route=\/wp\/v2\/pages"}],"about":[{"href":"https:\/\/muraste.ee\/vana\/index.php?rest_route=\/wp\/v2\/types\/page"}],"author":[{"embeddable":true,"href":"https:\/\/muraste.ee\/vana\/index.php?rest_route=\/wp\/v2\/users\/2"}],"replies":[{"embeddable":true,"href":"https:\/\/muraste.ee\/vana\/index.php?rest_route=%2Fwp%2Fv2%2Fcomments&post=1921"}],"version-history":[{"count":1,"href":"https:\/\/muraste.ee\/vana\/index.php?rest_route=\/wp\/v2\/pages\/1921\/revisions"}],"predecessor-version":[{"id":1923,"href":"https:\/\/muraste.ee\/vana\/index.php?rest_route=\/wp\/v2\/pages\/1921\/revisions\/1923"}],"wp:attachment":[{"href":"https:\/\/muraste.ee\/vana\/index.php?rest_route=%2Fwp%2Fv2%2Fmedia&parent=1921"}],"curies":[{"name":"wp","href":"https:\/\/api.w.org\/{rel}","templated":true}]}}