{"id":2081,"date":"2016-07-25T13:39:38","date_gmt":"2016-07-25T10:39:38","guid":{"rendered":"https:\/\/muraste.ee\/vana\/?page_id=2081"},"modified":"2016-07-25T13:39:38","modified_gmt":"2016-07-25T10:39:38","slug":"nadal-29","status":"publish","type":"page","link":"https:\/\/muraste.ee\/vana\/?page_id=2081","title":{"rendered":"N\u00e4dal 29"},"content":{"rendered":"<h2 style=\"text-align: center;\"><span style=\"color: #0000ff;\"><strong><span style=\"color: #ff6600;\">S U V I \u00a02 0 1 6 \u00a0 M U R A S T E S \u00a0 ehk n\u00e4dal\u00a029<\/span><br \/>\n<\/strong><\/span><\/h2>\n<p style=\"text-align: center;\"><a href=\"https:\/\/muraste.ee\/vana\/wp-content\/uploads\/2016\/03\/mammud.jpg\" rel=\"attachment wp-att-2069\"><img decoding=\"async\" loading=\"lazy\" class=\"alignnone size-medium wp-image-2069\" src=\"https:\/\/muraste.ee\/vana\/wp-content\/uploads\/2016\/03\/mammud-300x169.jpg\" alt=\"mammud\" width=\"300\" height=\"169\" srcset=\"https:\/\/muraste.ee\/vana\/wp-content\/uploads\/2016\/03\/mammud-300x169.jpg 300w, https:\/\/muraste.ee\/vana\/wp-content\/uploads\/2016\/03\/mammud-768x432.jpg 768w, https:\/\/muraste.ee\/vana\/wp-content\/uploads\/2016\/03\/mammud-624x351.jpg 624w, https:\/\/muraste.ee\/vana\/wp-content\/uploads\/2016\/03\/mammud-128x72.jpg 128w, https:\/\/muraste.ee\/vana\/wp-content\/uploads\/2016\/03\/mammud.jpg 960w\" sizes=\"(max-width: 300px) 100vw, 300px\" \/><\/a><\/p>\n<p><strong><span style=\"color: #ff6600;\">Teisip\u00e4ev, 19. juulil<br \/>\n<\/span><\/strong><span style=\"color: #000000;\">kl 18 inglise keele kursus (kursus komplekteeritud)<\/span><br \/>\n<span style=\"color: #000000;\">kl 19 m\u00e4ngime v\u00f5rkpalli!<\/span><\/p>\n<p><span style=\"color: #ff6600;\"><strong>Huviringide juhid, treenerid, juhendajad!<\/strong><\/span> Juba praegu on \u00f5ige aeg hakata tegema plaane s\u00fcgiseseks hooajaks Muraste koolimajas\/kogukonnakeskuses\/spordihoones. Oodatud on k\u00f5ik senised ja \u00a0ka uued algatused meie kandi vaba aja tegevustega sisustamiseks. Info kogukonnakeksusest.<\/p>\n<p><strong><span style=\"color: #ff6600;\">OLULINE TEADE!<\/span><\/strong><\/p>\n<p>Alates 1. juulist muutus Murastes Pankranniku piirkonnas <span style=\"color: #0000ff;\"><strong><span style=\"color: #ff6600;\"><a style=\"color: #ff6600;\" href=\"https:\/\/muraste.ee\/vana\/?p=1965\" target=\"_blank\">liikluskorraldus<\/a><\/span>\u00a0<\/strong><\/span><strong><span style=\"color: #0000ff;\">.<\/span> \u00a0<\/strong>Meie k\u00f5igi suurim soov on, et \u00a0keskkond, kus me elame ja \u00a0kasvavad meie lapsed, oleks s\u00f5bralik ja turvaline. Kindlasti olete m\u00e4rganud, et suvekuudel muutub Pankranniku m\u00e4nguv\u00e4ljak \u00a0armastatud m\u00e4ngukohaks \u00a0igas vanuses lastele ning ka sinna suunduvad t\u00e4navad on tulvil suver\u00f5\u00f5me nautivatest lastest. Paraku t\u00e4nane liikluskorraldus seda tegelikult ei luba, sest seaduse j\u00e4rgi on tegemist s\u00f5iduteedega, millele on k\u00fcll kehtestatud kiirusepiirang (30 km\/h),\u00a0kuid mis ei anna \u00f5igust lastel \u00a0ilma t\u00e4iskasvanud saatjateta liigelda\u00a0(liiklusseaduse\u00a0\u00a7 23; \u00a7 148 lg 1).<\/p>\n<p><a href=\"https:\/\/muraste.ee\/vana\/wp-content\/uploads\/2016\/06\/%C3%B5ueala.png\" rel=\"attachment wp-att-1966\"><img decoding=\"async\" loading=\"lazy\" class=\"size-medium wp-image-1966 alignright\" src=\"https:\/\/muraste.ee\/vana\/wp-content\/uploads\/2016\/06\/%C3%B5ueala-300x223.png\" sizes=\"(max-width: 300px) 100vw, 300px\" srcset=\"https:\/\/muraste.ee\/vana\/wp-content\/uploads\/2016\/06\/\u00f5ueala-300x223.png 300w, https:\/\/muraste.ee\/vana\/wp-content\/uploads\/2016\/06\/\u00f5ueala.png 538w\" alt=\"\u00f5ueala\" width=\"300\" height=\"223\" \/><\/a><\/p>\n<p>Selleks, et lapsed saaksid meie k\u00fclas vabalt liigelda ja autojuhid p\u00f6\u00f6raksid liiklejatele rohkem t\u00e4helepanu, muutus koost\u00f6\u00f6s\u00a0Harku vallavalitsusega\u00a0Muraste k\u00fcla \u00a0liikluskorraldust\u00a0alates 01.07.2016 \u2013 k\u00fcla Pankranniku piirkonnast sai \u00f5ueala liiklusseaduse t\u00e4henduses.\u00a0Seoses sellega paigaldati Kolmiku tee algusesse (kus l\u00f5peb kergliiklustee) ning N\u00f5lvaku ja Kivi t\u00e4nava vahele \u00f5ueala t\u00e4histavad m\u00e4rgid. Selline muudatus annab lastele \u00f5iguse teedel liigelda ning loob autojuhtidele kohustuse nii v\u00e4ikeste kui suurte liiklejatega arvestada ja oleks \u00fcheks katseks parandada liiklusohutust Kolmiku t\u00e4naval ja ristuvatel t\u00e4navatel.\u00a0Soovime, et meie k\u00fcla laste suvi oleks vaba, r\u00f5\u00f5mus ja ohutum.\u00a0Koos loome turvalisuse.<\/p>\n<p><span style=\"color: #ff6600;\"><strong>H\u00f5iked!<\/strong><\/span><\/p>\n<p><span style=\"color: #000000;\"><strong><span style=\"color: #ff6600;\">TELLI V\u00c4RSKE KAUP KOJU!<\/span><a style=\"color: #000000;\" href=\"https:\/\/muraste.ee\/vana\/wp-content\/uploads\/2016\/03\/original.jpg\" rel=\"attachment wp-att-1993\"><img decoding=\"async\" loading=\"lazy\" class=\"size-medium wp-image-1993 alignright\" src=\"https:\/\/muraste.ee\/vana\/wp-content\/uploads\/2016\/03\/original-300x189.jpg\" alt=\"original\" width=\"300\" height=\"189\" srcset=\"https:\/\/muraste.ee\/vana\/wp-content\/uploads\/2016\/03\/original-300x189.jpg 300w, https:\/\/muraste.ee\/vana\/wp-content\/uploads\/2016\/03\/original-624x393.jpg 624w, https:\/\/muraste.ee\/vana\/wp-content\/uploads\/2016\/03\/original.jpg 683w\" sizes=\"(max-width: 300px) 100vw, 300px\" \/><\/a><\/strong><\/span><\/p>\n<p><span style=\"color: #000000;\"><em>Tahaks tulla vahvale<\/em><\/span><br \/>\n<span style=\"color: #000000;\"><em>Muraste kandi rahvale<\/em><\/span><br \/>\n<span style=\"color: #000000;\"><em>pakkuma kraami, mis hea<\/em><\/span><br \/>\n<span style=\"color: #000000;\"><em>ja kasvanud Eestimaa peal.<\/em><\/span><\/p>\n<p><span style=\"color: #000000;\"><em><strong>ALATES 30. JUUNIST SUVEHOOAJA L\u00d5PUNI <span style=\"color: #ff9900;\">IGAL NELJAP\u00c4EVAL KELL 14 \u2013 19<\/span> \u00a0EESTI V\u00c4IKETOOTJATE V\u00c4RSKETE K\u00d6\u00d6GIVILJADE M\u00dc\u00dcK <span style=\"color: #ff9900;\">MURASTE KONSUMI<\/span> PARKLASSE SISSES\u00d5IDU JUURES. KAUBA KOJUTELLIMINE VASTAVALT SOOVIDELE, K\u00dcSIDA V\u00d5IB K\u00d5IKE.<\/strong><\/em><\/span><br \/>\n<span style=\"color: #000000;\"><em>Alanud on ka\u00a0<strong>saunavihtade<\/strong> tellimine (kask, valmistamisaeg 20.-30. juuni, k\u00e4ttetoimetamine juuli algul, hind 3 \u20ac \/paar).<strong>\u00a0 Info ja tellimine<\/strong><\/em><em>\u00a0 teetju@hot.ee,\u00a0TEET, tel. 51 971185<\/em><\/span><\/p>\n<p><span style=\"color: #99cc00;\"><a style=\"color: #99cc00;\" href=\"https:\/\/muraste.ee\/vana\/?p=1863\" target=\"_blank\"><span style=\"color: #000000;\">K\u00e4imas on konkurss<\/span><\/a><span style=\"color: #ff6600;\"><strong><a style=\"color: #ff6600;\" href=\"https:\/\/muraste.ee\/vana\/?p=1863\" target=\"_blank\"> &#8220;Harku valla kaunis kodu&#8221;!\u00a0<\/a><\/strong><\/span><\/span><\/p>\n<p><span style=\"color: #0000ff;\"><strong><span style=\"color: #ff6600;\">Teadmiseks:<\/span> <\/strong><\/span>Muraste igan\u00e4dalase e-infokirjaga liitumiseks saada sellekohane teade muraste@muraste.ee<\/p>\n<p style=\"text-align: left;\"><span style=\"color: #ff9900;\"><span style=\"color: #0000ff;\"><strong>Muraste kogukonnakeskus<\/strong><\/span> <span style=\"color: #000000;\">(<\/span><\/span>Lee tee 9, Muraste) avatud E-N 10-18, R 10-16; juulis \u00fcldjuhul puhkame, n\u00e4dala infokiri ilmub ikka ning \u00fckski vajalik tegevus tegemata ei j\u00e4\u00e4.\u00a0<span style=\"color: #000000;\">T\u00e4psustused ja info: kogukonnakeskus@muraste.ee; 5253128 (Aule Kikas).<\/span><\/p>\n","protected":false},"excerpt":{"rendered":"<p>S U V I \u00a02 0 1 6 \u00a0 M U R A S T E S \u00a0 ehk n\u00e4dal\u00a029 Teisip\u00e4ev, 19. juulil kl 18 inglise keele kursus (kursus komplekteeritud) kl 19 m\u00e4ngime v\u00f5rkpalli! Huviringide juhid, treenerid, juhendajad! Juba praegu on \u00f5ige aeg hakata tegema plaane s\u00fcgiseseks hooajaks Muraste koolimajas\/kogukonnakeskuses\/spordihoones. Oodatud on k\u00f5ik senised ja<a class=\"moretag\" href=\"https:\/\/muraste.ee\/vana\/?page_id=2081\"><br \/>&#8230;Loe edasi<\/a><\/p>\n","protected":false},"author":2,"featured_media":0,"parent":0,"menu_order":0,"comment_status":"closed","ping_status":"closed","template":"nadalakava.php","meta":{"_bbp_topic_count":0,"_bbp_reply_count":0,"_bbp_total_topic_count":0,"_bbp_total_reply_count":0,"_bbp_voice_count":0,"_bbp_anonymous_reply_count":0,"_bbp_topic_count_hidden":0,"_bbp_reply_count_hidden":0,"_bbp_forum_subforum_count":0,"_mc_calendar":[]},"_links":{"self":[{"href":"https:\/\/muraste.ee\/vana\/index.php?rest_route=\/wp\/v2\/pages\/2081"}],"collection":[{"href":"https:\/\/muraste.ee\/vana\/index.php?rest_route=\/wp\/v2\/pages"}],"about":[{"href":"https:\/\/muraste.ee\/vana\/index.php?rest_route=\/wp\/v2\/types\/page"}],"author":[{"embeddable":true,"href":"https:\/\/muraste.ee\/vana\/index.php?rest_route=\/wp\/v2\/users\/2"}],"replies":[{"embeddable":true,"href":"https:\/\/muraste.ee\/vana\/index.php?rest_route=%2Fwp%2Fv2%2Fcomments&post=2081"}],"version-history":[{"count":1,"href":"https:\/\/muraste.ee\/vana\/index.php?rest_route=\/wp\/v2\/pages\/2081\/revisions"}],"predecessor-version":[{"id":2083,"href":"https:\/\/muraste.ee\/vana\/index.php?rest_route=\/wp\/v2\/pages\/2081\/revisions\/2083"}],"wp:attachment":[{"href":"https:\/\/muraste.ee\/vana\/index.php?rest_route=%2Fwp%2Fv2%2Fmedia&parent=2081"}],"curies":[{"name":"wp","href":"https:\/\/api.w.org\/{rel}","templated":true}]}}