{"id":2092,"date":"2016-08-01T11:46:25","date_gmt":"2016-08-01T08:46:25","guid":{"rendered":"https:\/\/muraste.ee\/vana\/?page_id=2092"},"modified":"2016-08-01T11:46:25","modified_gmt":"2016-08-01T08:46:25","slug":"nadal-30","status":"publish","type":"page","link":"https:\/\/muraste.ee\/vana\/?page_id=2092","title":{"rendered":"N\u00e4dal 30"},"content":{"rendered":"<h2 style=\"text-align: center;\"><span style=\"color: #0000ff;\"><strong><span style=\"color: #3366ff;\">S U V I \u00a02 0 1 6 \u00a0 M U R A S T E S \u00a0 ehk n\u00e4dal\u00a030<\/span><br \/>\n<\/strong><\/span><\/h2>\n<p style=\"text-align: center;\"><a href=\"https:\/\/muraste.ee\/vana\/wp-content\/uploads\/2016\/03\/13843496_1242026052483017_1662542017_o.jpg\" rel=\"attachment wp-att-2086\"><img decoding=\"async\" loading=\"lazy\" class=\"alignnone size-medium wp-image-2086\" src=\"https:\/\/muraste.ee\/vana\/wp-content\/uploads\/2016\/03\/13843496_1242026052483017_1662542017_o-300x169.jpg\" alt=\"13843496_1242026052483017_1662542017_o\" width=\"300\" height=\"169\" srcset=\"https:\/\/muraste.ee\/vana\/wp-content\/uploads\/2016\/03\/13843496_1242026052483017_1662542017_o-300x169.jpg 300w, https:\/\/muraste.ee\/vana\/wp-content\/uploads\/2016\/03\/13843496_1242026052483017_1662542017_o-768x432.jpg 768w, https:\/\/muraste.ee\/vana\/wp-content\/uploads\/2016\/03\/13843496_1242026052483017_1662542017_o-1024x576.jpg 1024w, https:\/\/muraste.ee\/vana\/wp-content\/uploads\/2016\/03\/13843496_1242026052483017_1662542017_o-624x351.jpg 624w, https:\/\/muraste.ee\/vana\/wp-content\/uploads\/2016\/03\/13843496_1242026052483017_1662542017_o-128x72.jpg 128w, https:\/\/muraste.ee\/vana\/wp-content\/uploads\/2016\/03\/13843496_1242026052483017_1662542017_o.jpg 1280w\" sizes=\"(max-width: 300px) 100vw, 300px\" \/><\/a><\/p>\n<p><strong><span style=\"color: #ff6600;\"><span style=\"color: #3366ff;\">Teisip\u00e4ev, 26. juulil<\/span><br \/>\n<\/span><\/strong><span style=\"color: #000000;\">kl 18 inglise keele kursus (kursus komplekteeritud)<\/span><\/p>\n<p><span style=\"color: #3366ff;\"><strong>Huviringide juhid, treenerid, juhendajad!<\/strong><\/span> Juba praegu on \u00f5ige aeg hakata tegema plaane s\u00fcgiseseks hooajaks Muraste koolimajas\/kogukonnakeskuses\/spordihoones. Oodatud on k\u00f5ik senised ja \u00a0ka uued algatused meie kandi vaba aja tegevustega sisustamiseks. Info kogukonnakeskusest.<\/p>\n<p><span style=\"color: #3366ff;\"><strong>OLULINE TEADE!<\/strong><\/span><\/p>\n<p>Laup\u00e4eva hommik (23. juuli) t\u00f5i n\u00f6rdimapaneva teate: Muraste paeplatsil on maani maha p\u00f5lenud meie kogukonna poolt\/jaoks ehitatud katusealune ehk Paemehe onn. Palume k\u00f5iki, kes juhtusid \u00a0reede \u00f5htul-\u00f6\u00f6sel v\u00f5i laup\u00e4eva varahommikul n\u00e4gema liikumist paeplatsil, sellest meile teada anda muraste@muraste.ee. K\u00f5ige parem oleks, kui \u00f5nnetuse tekitaja ise annaks endast teada&#8230;<\/p>\n<p>Ja veel: \u00a0Muraste m\u00f5isa juures m\u00e4nguv\u00e4ljakul on toimetanud paharetid:\u00a0l\u00f5hutud \u00a0on v\u00f5rkkiik. \u00fchiskasutuseks m\u00f5eldud laste jalgratas ja kaalukiik, r\u00e4\u00e4kimata pudelitest ja prahist mis maha loobitud <img decoding=\"async\" class=\"_1ift _2560 img\" src=\"https:\/\/www.facebook.com\/images\/emoji.php\/v5\/z71\/1\/16\/1f614.png\" alt=\"????\" \/>\u00a0Jalgratast on ikka l\u00f5hutud j\u00f5uaga, mida suudavad suuremad&#8230; Kurb. M\u00f5isa piirkonna inimestele palve &#8211; hoidkem \u00fchiset laste m\u00e4ngukohal silm peal!<\/p>\n<p><a href=\"https:\/\/muraste.ee\/vana\/wp-content\/uploads\/2016\/03\/13647233_1242025795816376_642554176_o.jpg\" rel=\"attachment wp-att-2087\"><img decoding=\"async\" loading=\"lazy\" class=\"alignnone size-medium wp-image-2087\" src=\"https:\/\/muraste.ee\/vana\/wp-content\/uploads\/2016\/03\/13647233_1242025795816376_642554176_o-300x176.jpg\" alt=\"13647233_1242025795816376_642554176_o\" width=\"300\" height=\"176\" srcset=\"https:\/\/muraste.ee\/vana\/wp-content\/uploads\/2016\/03\/13647233_1242025795816376_642554176_o-300x176.jpg 300w, https:\/\/muraste.ee\/vana\/wp-content\/uploads\/2016\/03\/13647233_1242025795816376_642554176_o-768x450.jpg 768w, https:\/\/muraste.ee\/vana\/wp-content\/uploads\/2016\/03\/13647233_1242025795816376_642554176_o-1024x599.jpg 1024w, https:\/\/muraste.ee\/vana\/wp-content\/uploads\/2016\/03\/13647233_1242025795816376_642554176_o-624x365.jpg 624w, https:\/\/muraste.ee\/vana\/wp-content\/uploads\/2016\/03\/13647233_1242025795816376_642554176_o.jpg 1230w\" sizes=\"(max-width: 300px) 100vw, 300px\" \/><\/a><a href=\"https:\/\/muraste.ee\/vana\/wp-content\/uploads\/2016\/03\/13835525_1240499409302348_1838961721_o.jpg\" rel=\"attachment wp-att-2088\"><img decoding=\"async\" loading=\"lazy\" class=\"alignnone size-medium wp-image-2088\" src=\"https:\/\/muraste.ee\/vana\/wp-content\/uploads\/2016\/03\/13835525_1240499409302348_1838961721_o-300x169.jpg\" alt=\"13835525_1240499409302348_1838961721_o\" width=\"300\" height=\"169\" srcset=\"https:\/\/muraste.ee\/vana\/wp-content\/uploads\/2016\/03\/13835525_1240499409302348_1838961721_o-300x169.jpg 300w, https:\/\/muraste.ee\/vana\/wp-content\/uploads\/2016\/03\/13835525_1240499409302348_1838961721_o-768x432.jpg 768w, https:\/\/muraste.ee\/vana\/wp-content\/uploads\/2016\/03\/13835525_1240499409302348_1838961721_o-1024x576.jpg 1024w, https:\/\/muraste.ee\/vana\/wp-content\/uploads\/2016\/03\/13835525_1240499409302348_1838961721_o-624x351.jpg 624w, https:\/\/muraste.ee\/vana\/wp-content\/uploads\/2016\/03\/13835525_1240499409302348_1838961721_o-128x72.jpg 128w, https:\/\/muraste.ee\/vana\/wp-content\/uploads\/2016\/03\/13835525_1240499409302348_1838961721_o.jpg 2048w\" sizes=\"(max-width: 300px) 100vw, 300px\" \/><\/a><a href=\"https:\/\/muraste.ee\/vana\/wp-content\/uploads\/2016\/03\/13843399_1240499372635685_342577025_o.jpg\" rel=\"attachment wp-att-2089\"><img decoding=\"async\" loading=\"lazy\" class=\"alignnone size-medium wp-image-2089\" src=\"https:\/\/muraste.ee\/vana\/wp-content\/uploads\/2016\/03\/13843399_1240499372635685_342577025_o-300x169.jpg\" alt=\"13843399_1240499372635685_342577025_o\" width=\"300\" height=\"169\" srcset=\"https:\/\/muraste.ee\/vana\/wp-content\/uploads\/2016\/03\/13843399_1240499372635685_342577025_o-300x169.jpg 300w, https:\/\/muraste.ee\/vana\/wp-content\/uploads\/2016\/03\/13843399_1240499372635685_342577025_o-768x432.jpg 768w, https:\/\/muraste.ee\/vana\/wp-content\/uploads\/2016\/03\/13843399_1240499372635685_342577025_o-1024x576.jpg 1024w, https:\/\/muraste.ee\/vana\/wp-content\/uploads\/2016\/03\/13843399_1240499372635685_342577025_o-624x351.jpg 624w, https:\/\/muraste.ee\/vana\/wp-content\/uploads\/2016\/03\/13843399_1240499372635685_342577025_o-128x72.jpg 128w, https:\/\/muraste.ee\/vana\/wp-content\/uploads\/2016\/03\/13843399_1240499372635685_342577025_o.jpg 2048w\" sizes=\"(max-width: 300px) 100vw, 300px\" \/><\/a><\/p>\n<p><span style=\"color: #3366ff;\"><strong>H\u00f5iked!<\/strong><\/span><\/p>\n<p><span style=\"color: #000000;\"><strong><span style=\"color: #3366ff;\">TELLI V\u00c4RSKE KAUP KOJU!<\/span><a style=\"color: #000000;\" href=\"https:\/\/muraste.ee\/vana\/wp-content\/uploads\/2016\/03\/original.jpg\" rel=\"attachment wp-att-1993\"><img decoding=\"async\" loading=\"lazy\" class=\"size-medium wp-image-1993 alignright\" src=\"https:\/\/muraste.ee\/vana\/wp-content\/uploads\/2016\/03\/original-300x189.jpg\" alt=\"original\" width=\"300\" height=\"189\" srcset=\"https:\/\/muraste.ee\/vana\/wp-content\/uploads\/2016\/03\/original-300x189.jpg 300w, https:\/\/muraste.ee\/vana\/wp-content\/uploads\/2016\/03\/original-624x393.jpg 624w, https:\/\/muraste.ee\/vana\/wp-content\/uploads\/2016\/03\/original.jpg 683w\" sizes=\"(max-width: 300px) 100vw, 300px\" \/><\/a><\/strong><\/span><\/p>\n<p><span style=\"color: #000000;\"><em>Tahaks tulla vahvale<\/em><\/span><br \/>\n<span style=\"color: #000000;\"><em>Muraste kandi rahvale<\/em><\/span><br \/>\n<span style=\"color: #000000;\"><em>pakkuma kraami, mis hea<\/em><\/span><br \/>\n<span style=\"color: #000000;\"><em>ja kasvanud Eestimaa peal.<\/em><\/span><\/p>\n<p><span style=\"color: #000000;\"><em><strong>ALATES 30. JUUNIST SUVEHOOAJA L\u00d5PUNI <span style=\"color: #ff9900;\">IGAL NELJAP\u00c4EVAL KELL 14 \u2013 19<\/span> \u00a0EESTI V\u00c4IKETOOTJATE V\u00c4RSKETE K\u00d6\u00d6GIVILJADE M\u00dc\u00dcK <span style=\"color: #ff9900;\">MURASTE KONSUMI<\/span> PARKLASSE SISSES\u00d5IDU JUURES. KAUBA KOJUTELLIMINE VASTAVALT SOOVIDELE, K\u00dcSIDA V\u00d5IB K\u00d5IKE.<\/strong><\/em><\/span><br \/>\n<span style=\"color: #000000;\"><em>Alanud on ka\u00a0<strong>saunavihtade<\/strong> tellimine (kask, valmistamisaeg 20.-30. juuni, k\u00e4ttetoimetamine juuli algul, hind 3 \u20ac \/paar).<strong>\u00a0 Info ja tellimine<\/strong><\/em><em>\u00a0 teetju@hot.ee,\u00a0TEET, tel. 51 971185<\/em><\/span><\/p>\n<p><span style=\"color: #0000ff;\"><strong><span style=\"color: #ff6600;\">Teadmiseks:<\/span> <\/strong><\/span>Muraste igan\u00e4dalase e-infokirjaga liitumiseks saada sellekohane teade muraste@muraste.ee<\/p>\n<p style=\"text-align: left;\"><span style=\"color: #ff9900;\"><span style=\"color: #0000ff;\"><strong>Muraste kogukonnakeskus<\/strong><\/span> <span style=\"color: #000000;\">(<\/span><\/span>Lee tee 9, Muraste) avatud E-N 10-18, R 10-16; juulis \u00fcldjuhul puhkame, n\u00e4dala infokiri ilmub ikka ning \u00fckski vajalik tegevus tegemata ei j\u00e4\u00e4.\u00a0<span style=\"color: #000000;\">T\u00e4psustused ja info: kogukonnakeskus@muraste.ee; 5253128 (Aule Kikas).<\/span><\/p>\n","protected":false},"excerpt":{"rendered":"<p>S U V I \u00a02 0 1 6 \u00a0 M U R A S T E S \u00a0 ehk n\u00e4dal\u00a030 Teisip\u00e4ev, 26. juulil kl 18 inglise keele kursus (kursus komplekteeritud) Huviringide juhid, treenerid, juhendajad! Juba praegu on \u00f5ige aeg hakata tegema plaane s\u00fcgiseseks hooajaks Muraste koolimajas\/kogukonnakeskuses\/spordihoones. Oodatud on k\u00f5ik senised ja \u00a0ka uued algatused meie<a class=\"moretag\" href=\"https:\/\/muraste.ee\/vana\/?page_id=2092\"><br \/>&#8230;Loe edasi<\/a><\/p>\n","protected":false},"author":2,"featured_media":0,"parent":0,"menu_order":0,"comment_status":"closed","ping_status":"closed","template":"nadalakava.php","meta":{"_bbp_topic_count":0,"_bbp_reply_count":0,"_bbp_total_topic_count":0,"_bbp_total_reply_count":0,"_bbp_voice_count":0,"_bbp_anonymous_reply_count":0,"_bbp_topic_count_hidden":0,"_bbp_reply_count_hidden":0,"_bbp_forum_subforum_count":0,"_mc_calendar":[]},"_links":{"self":[{"href":"https:\/\/muraste.ee\/vana\/index.php?rest_route=\/wp\/v2\/pages\/2092"}],"collection":[{"href":"https:\/\/muraste.ee\/vana\/index.php?rest_route=\/wp\/v2\/pages"}],"about":[{"href":"https:\/\/muraste.ee\/vana\/index.php?rest_route=\/wp\/v2\/types\/page"}],"author":[{"embeddable":true,"href":"https:\/\/muraste.ee\/vana\/index.php?rest_route=\/wp\/v2\/users\/2"}],"replies":[{"embeddable":true,"href":"https:\/\/muraste.ee\/vana\/index.php?rest_route=%2Fwp%2Fv2%2Fcomments&post=2092"}],"version-history":[{"count":1,"href":"https:\/\/muraste.ee\/vana\/index.php?rest_route=\/wp\/v2\/pages\/2092\/revisions"}],"predecessor-version":[{"id":2094,"href":"https:\/\/muraste.ee\/vana\/index.php?rest_route=\/wp\/v2\/pages\/2092\/revisions\/2094"}],"wp:attachment":[{"href":"https:\/\/muraste.ee\/vana\/index.php?rest_route=%2Fwp%2Fv2%2Fmedia&parent=2092"}],"curies":[{"name":"wp","href":"https:\/\/api.w.org\/{rel}","templated":true}]}}