{"id":2106,"date":"2016-08-08T09:49:53","date_gmt":"2016-08-08T06:49:53","guid":{"rendered":"https:\/\/muraste.ee\/vana\/?page_id=2106"},"modified":"2016-08-08T09:49:53","modified_gmt":"2016-08-08T06:49:53","slug":"nadal-31","status":"publish","type":"page","link":"https:\/\/muraste.ee\/vana\/?page_id=2106","title":{"rendered":"N\u00e4dal 31"},"content":{"rendered":"<h2 style=\"text-align: center;\"><span style=\"color: #0000ff;\"><strong><span style=\"color: #808000;\">S U V I \u00a02 0 1 6 \u00a0 M U R A S T E S \u00a0 ehk n\u00e4dal\u00a031<\/span><br \/>\n<\/strong><\/span><\/h2>\n<p style=\"text-align: center;\"><a href=\"https:\/\/muraste.ee\/vana\/wp-content\/uploads\/2016\/03\/13898261_1246754078676881_126440959_o.jpg\" rel=\"attachment wp-att-2096\"><img decoding=\"async\" loading=\"lazy\" class=\"alignnone size-medium wp-image-2096\" src=\"https:\/\/muraste.ee\/vana\/wp-content\/uploads\/2016\/03\/13898261_1246754078676881_126440959_o-300x169.jpg\" alt=\"13898261_1246754078676881_126440959_o\" width=\"300\" height=\"169\" srcset=\"https:\/\/muraste.ee\/vana\/wp-content\/uploads\/2016\/03\/13898261_1246754078676881_126440959_o-300x169.jpg 300w, https:\/\/muraste.ee\/vana\/wp-content\/uploads\/2016\/03\/13898261_1246754078676881_126440959_o-768x432.jpg 768w, https:\/\/muraste.ee\/vana\/wp-content\/uploads\/2016\/03\/13898261_1246754078676881_126440959_o-1024x576.jpg 1024w, https:\/\/muraste.ee\/vana\/wp-content\/uploads\/2016\/03\/13898261_1246754078676881_126440959_o-624x351.jpg 624w, https:\/\/muraste.ee\/vana\/wp-content\/uploads\/2016\/03\/13898261_1246754078676881_126440959_o-128x72.jpg 128w, https:\/\/muraste.ee\/vana\/wp-content\/uploads\/2016\/03\/13898261_1246754078676881_126440959_o.jpg 1280w\" sizes=\"(max-width: 300px) 100vw, 300px\" \/><\/a><\/p>\n<p><strong><span style=\"color: #ff6600;\"><span style=\"color: #808000;\">Teisip\u00e4ev,\u00a02. august<\/span><br \/>\n<\/span><\/strong><span style=\"color: #000000;\">kl 18 inglise keele kursus (kursus komplekteeritud)<\/span><\/p>\n<p><span style=\"color: #008000;\"><strong>TULEKUL:<\/strong>\u00a0<\/span><br \/>\n<strong><span style=\"color: #008000;\">Kolmap\u00e4eval, 10. augustil<\/span><\/strong>\u00a0kell 19 Muraste k\u00fclaselsti <strong>juhatuse koosolek<\/strong>.<br \/>\n<strong><span style=\"color: #008000;\">Teisip\u00e4eval, \u00a016. augustil<\/span><\/strong>\u00a0algusega kell 18.30 toimub <strong>Muraste tee 3, 5, 7 ja 7a kortermajade koosolek<\/strong> Muraste koolimaja aatriumis. Korraldab O\u00dc Strantum.<\/p>\n<p><span style=\"color: #808000;\"><strong>Huviringide juhid, treenerid, juhendajad!<\/strong><\/span> Juba\u00a0praegu on \u00f5ige aeg hakata tegema plaane s\u00fcgiseseks hooajaks Muraste koolimajas\/ kogukonnakeskuses\/ spordihoones. Et ruumide kasutamise ajaplaan saaks v\u00f5imalikult k\u00f5igi soove arvestavalt tehtud, siis oleks kena k\u00f5igist soovidest varakult teada anda. \u00a0Rohkem infot Muraste kogukonnakeskusest.<\/p>\n<p><strong><span style=\"color: #808000;\">Hangime talveks k\u00fcttepuid!<\/span><\/strong> Nagu m\u00f6\u00f6dunud aastal korstnap\u00fchkija teenusega, oleme sel aastal kavandamas k\u00fcttepuude soetamise hanget. Oleme v\u00f5tnud hinnapakkumisi ning rm hind s\u00f5ltub paljuski toodavast kogusest \/ transpordist. \u00a0Ettepanek: huvilised, saatke <strong>kiri<\/strong> pealkirjaga <strong>&#8220;K\u00fcttepuud&#8221;<\/strong> 15. augustiks kogukonnakeskus@muraste.ee ja m\u00e4rkige, millisest k\u00fcttepuust olete huvitatud (pikkus, liik). Samuti kirjutage, kas soovite puid alusel v\u00f5i lahtiselt. Kogume soovijate andmed kokku ja siis teeme koguse ja hinna kohta uue p\u00e4ringu. P\u00e4rast seda v\u00f5tame k\u00f5igi soovijatega uuesti \u00fchendust, et kinnitada tellimus. Hoiame teid meie kodulehe <a href=\"https:\/\/muraste.ee\/vana\/?page_id=945\" target=\"_blank\">N\u00e4dalainfo<\/a> vahendusel asjaga kursis.<\/p>\n<p><span style=\"color: #808000;\"><strong>Pisikestele spordis\u00f5pradele!\u00a0<\/strong><\/span>JK Tabasalu korraldab\u00a04 \u2013 7 aastastele poistele ja t\u00fcdrukutele mudilaste p\u00e4evalaagri <strong>&#8220;Suvel m\u00f6llame!&#8221;<\/strong>. Laagris \u00f5pitakse jalgpalli nautima ja tehakse muid lahedaid tegevusi. P\u00e4evad on lastel t\u00e4is tegevusi ja emadel isadel muretu elu. Laager toimub\u00a0Tabasalu kunstmurustaadionil, 11. -12. augustil, m\u00f5lemal p\u00e4eval kl 12-17.\u00a0Ei oma t\u00e4htsust, kas laps juba k\u00e4ib jalgpallitrennis v\u00f5i tahab esmatutvust teha. Oodatud on nii jalgpalliklubi Tabasalu lapsed kui ka teistes trennides k\u00e4ivad lapsed.\u00a0Lapsed saavad m\u00e4nguliste treenerite k\u00e4e all proovida erinevaid jalgpalliharjutusi ja m\u00e4ngida muid sportlikke m\u00e4nge. Energiapauside ajal r\u00e4\u00e4givad treenerid tervislikust ja kasulikust toitumisest.\u00a0Linnalaager on m\u00f5nus koht kus teha otsuseid liitumaks kooliaasta alguses jalgpallitreeningutega.\u00a0Kahep\u00e4evase linnalaagri maksumus on 25.- eurot lapse kohta. Loe rohkem infot<a href=\"http:\/\/JK Tabasalu korraldab mudilaste p\u00e4evalaagri \u2013 Suvel m\u00f6llame. \u00d5pime jalgpalli nautima ja teeme muid lahedaid tegevusi. P\u00e4ev t\u00e4is tegevusi ja emadel isadel muretu elu. Kuup\u00e4evad: 11-12 august Aeg m\u00f5lemal p\u00e4eval: 12-17 Koht: Tabasalu kunstmurustaadion Mudilaste jalgpallilaagrisse ootame 4 \u2013 7 aastaseid poisse ja t\u00fcdrukuid. Ei oma t\u00e4htsust, kas laps juba k\u00e4ib jalgpallitrennis v\u00f5i tahab esmatutvust teha. Oodatud on nii jalgpalliklubi Tabasalu lapsed kui ka teistes trennides k\u00e4ivad lapsed. Lapsed saavad m\u00e4nguliste treenerite k\u00e4e all proovida erinevaid jalgpalliharjutusi ja m\u00e4ngida muid sportlikke m\u00e4nge. Energiapauside ajal r\u00e4\u00e4givad treenerid tervislikust ja kasulikust toitumisest. Linnalaager on m\u00f5nus koht kus teha otsuseid liitumaks kooliaasta alguses jalgpallitreeningutega. Kahep\u00e4evase linnalaagri maksumus on 25.- eurot lapse kohta.\" target=\"_blank\"> JK Tabasalu kodulehelt<\/a>.<\/p>\n<p><span style=\"color: #808000;\"><strong><a href=\"https:\/\/muraste.ee\/vana\/wp-content\/uploads\/2016\/03\/kapenp.jpg\" rel=\"attachment wp-att-2097\"><img decoding=\"async\" loading=\"lazy\" class=\"size-medium wp-image-2097 alignright\" src=\"https:\/\/muraste.ee\/vana\/wp-content\/uploads\/2016\/03\/kapenp-229x300.jpg\" alt=\"kapenp\" width=\"229\" height=\"300\" srcset=\"https:\/\/muraste.ee\/vana\/wp-content\/uploads\/2016\/03\/kapenp-229x300.jpg 229w, https:\/\/muraste.ee\/vana\/wp-content\/uploads\/2016\/03\/kapenp.jpg 565w\" sizes=\"(max-width: 229px) 100vw, 229px\" \/><\/a>L\u00e4hme vaatama R\u00e4pina kuulsaid aedu ja parke!<\/strong> <\/span>Harku Valla Aiaseltsil on tore traditsioon k\u00e4ia k\u00fclas kaunite aedade rajajatel. N\u00fc\u00fcd on see v\u00f5imalus k\u00f5igil huvilistel &#8211; sedakorda viib tee R\u00e4pnasse vaatama seal loodud ilu koduaedades ja parkides. Kasutage vahvat v\u00f5imalust!<\/p>\n<p><span style=\"color: #808000;\"><strong>OLULINE TEADE!<\/strong><\/span><\/p>\n<p>Laup\u00e4eva hommik (23. juuli) t\u00f5i n\u00f6rdimapaneva teate: Muraste paeplatsil on maani maha p\u00f5lenud meie kogukonna poolt\/jaoks ehitatud katusealune ehk Paemehe onn. Palume k\u00f5iki, kes juhtusid \u00a0reede \u00f5htul-\u00f6\u00f6sel v\u00f5i laup\u00e4eva varahommikul n\u00e4gema liikumist paeplatsil, sellest meile teada anda muraste@muraste.ee. K\u00f5ige parem oleks, kui \u00f5nnetuse tekitaja ise annaks endast teada&#8230;<\/p>\n<p>Ja veel: \u00a0Muraste m\u00f5isa juures m\u00e4nguv\u00e4ljakul on toimetanud paharetid:\u00a0l\u00f5hutud \u00a0on v\u00f5rkkiik. \u00fchiskasutuseks m\u00f5eldud laste jalgratas ja kaalukiik, r\u00e4\u00e4kimata pudelitest ja prahist mis maha loobitud <img decoding=\"async\" class=\"_1ift _2560 img\" src=\"https:\/\/www.facebook.com\/images\/emoji.php\/v5\/z71\/1\/16\/1f614.png\" alt=\"????\" \/>\u00a0Jalgratast on ikka l\u00f5hutud j\u00f5uaga, mida suudavad suuremad&#8230; Kurb. M\u00f5isa piirkonna inimestele palve &#8211; hoidkem \u00fchiset laste m\u00e4ngukohal silm peal!<\/p>\n<p><a href=\"https:\/\/muraste.ee\/vana\/wp-content\/uploads\/2016\/03\/13647233_1242025795816376_642554176_o.jpg\" rel=\"attachment wp-att-2087\"><img decoding=\"async\" loading=\"lazy\" class=\"alignnone size-medium wp-image-2087\" src=\"https:\/\/muraste.ee\/vana\/wp-content\/uploads\/2016\/03\/13647233_1242025795816376_642554176_o-300x176.jpg\" alt=\"13647233_1242025795816376_642554176_o\" width=\"300\" height=\"176\" srcset=\"https:\/\/muraste.ee\/vana\/wp-content\/uploads\/2016\/03\/13647233_1242025795816376_642554176_o-300x176.jpg 300w, https:\/\/muraste.ee\/vana\/wp-content\/uploads\/2016\/03\/13647233_1242025795816376_642554176_o-768x450.jpg 768w, https:\/\/muraste.ee\/vana\/wp-content\/uploads\/2016\/03\/13647233_1242025795816376_642554176_o-1024x599.jpg 1024w, https:\/\/muraste.ee\/vana\/wp-content\/uploads\/2016\/03\/13647233_1242025795816376_642554176_o-624x365.jpg 624w, https:\/\/muraste.ee\/vana\/wp-content\/uploads\/2016\/03\/13647233_1242025795816376_642554176_o.jpg 1230w\" sizes=\"(max-width: 300px) 100vw, 300px\" \/><\/a><a href=\"https:\/\/muraste.ee\/vana\/wp-content\/uploads\/2016\/03\/13835525_1240499409302348_1838961721_o.jpg\" rel=\"attachment wp-att-2088\"><img decoding=\"async\" loading=\"lazy\" class=\"alignnone size-medium wp-image-2088\" src=\"https:\/\/muraste.ee\/vana\/wp-content\/uploads\/2016\/03\/13835525_1240499409302348_1838961721_o-300x169.jpg\" alt=\"13835525_1240499409302348_1838961721_o\" width=\"300\" height=\"169\" srcset=\"https:\/\/muraste.ee\/vana\/wp-content\/uploads\/2016\/03\/13835525_1240499409302348_1838961721_o-300x169.jpg 300w, https:\/\/muraste.ee\/vana\/wp-content\/uploads\/2016\/03\/13835525_1240499409302348_1838961721_o-768x432.jpg 768w, https:\/\/muraste.ee\/vana\/wp-content\/uploads\/2016\/03\/13835525_1240499409302348_1838961721_o-1024x576.jpg 1024w, https:\/\/muraste.ee\/vana\/wp-content\/uploads\/2016\/03\/13835525_1240499409302348_1838961721_o-624x351.jpg 624w, https:\/\/muraste.ee\/vana\/wp-content\/uploads\/2016\/03\/13835525_1240499409302348_1838961721_o-128x72.jpg 128w, https:\/\/muraste.ee\/vana\/wp-content\/uploads\/2016\/03\/13835525_1240499409302348_1838961721_o.jpg 2048w\" sizes=\"(max-width: 300px) 100vw, 300px\" \/><\/a><a href=\"https:\/\/muraste.ee\/vana\/wp-content\/uploads\/2016\/03\/13843399_1240499372635685_342577025_o.jpg\" rel=\"attachment wp-att-2089\"><img decoding=\"async\" loading=\"lazy\" class=\"alignnone size-medium wp-image-2089\" src=\"https:\/\/muraste.ee\/vana\/wp-content\/uploads\/2016\/03\/13843399_1240499372635685_342577025_o-300x169.jpg\" alt=\"13843399_1240499372635685_342577025_o\" width=\"300\" height=\"169\" srcset=\"https:\/\/muraste.ee\/vana\/wp-content\/uploads\/2016\/03\/13843399_1240499372635685_342577025_o-300x169.jpg 300w, https:\/\/muraste.ee\/vana\/wp-content\/uploads\/2016\/03\/13843399_1240499372635685_342577025_o-768x432.jpg 768w, https:\/\/muraste.ee\/vana\/wp-content\/uploads\/2016\/03\/13843399_1240499372635685_342577025_o-1024x576.jpg 1024w, https:\/\/muraste.ee\/vana\/wp-content\/uploads\/2016\/03\/13843399_1240499372635685_342577025_o-624x351.jpg 624w, https:\/\/muraste.ee\/vana\/wp-content\/uploads\/2016\/03\/13843399_1240499372635685_342577025_o-128x72.jpg 128w, https:\/\/muraste.ee\/vana\/wp-content\/uploads\/2016\/03\/13843399_1240499372635685_342577025_o.jpg 2048w\" sizes=\"(max-width: 300px) 100vw, 300px\" \/><\/a><\/p>\n<p><strong>H\u00f5iked!<a href=\"https:\/\/muraste.ee\/vana\/wp-content\/uploads\/2016\/03\/mate.png\" rel=\"attachment wp-att-2101\"><img decoding=\"async\" loading=\"lazy\" class=\"size-thumbnail wp-image-2101 alignright\" src=\"https:\/\/muraste.ee\/vana\/wp-content\/uploads\/2016\/03\/mate-150x150.png\" alt=\"mate\" width=\"150\" height=\"150\" \/><\/a><\/strong><\/p>\n<p><strong><span style=\"color: #800000;\">Matemaatikahuviline noormees (7 klass) otsib Muraste-Suurupi kandist \u00f5petajat, kellega t\u00e4iendavalt numbrimaailma saladusi avastada. Rohkem infot muraste@muraste.ee.<\/span><\/strong><\/p>\n<p><strong>TELLI V\u00c4RSKE KAUP KOJU!<\/strong><span style=\"color: #000000;\"><strong><a style=\"color: #000000;\" href=\"https:\/\/muraste.ee\/vana\/wp-content\/uploads\/2016\/03\/original.jpg\" rel=\"attachment wp-att-1993\"><img decoding=\"async\" loading=\"lazy\" class=\"size-medium wp-image-1993 alignright\" src=\"https:\/\/muraste.ee\/vana\/wp-content\/uploads\/2016\/03\/original-300x189.jpg\" alt=\"original\" width=\"300\" height=\"189\" srcset=\"https:\/\/muraste.ee\/vana\/wp-content\/uploads\/2016\/03\/original-300x189.jpg 300w, https:\/\/muraste.ee\/vana\/wp-content\/uploads\/2016\/03\/original-624x393.jpg 624w, https:\/\/muraste.ee\/vana\/wp-content\/uploads\/2016\/03\/original.jpg 683w\" sizes=\"(max-width: 300px) 100vw, 300px\" \/><\/a><\/strong><\/span><\/p>\n<p><span style=\"color: #000000;\"><em>Tahaks tulla vahvale<\/em><\/span><br \/>\n<span style=\"color: #000000;\"><em>Muraste kandi rahvale<\/em><\/span><br \/>\n<span style=\"color: #000000;\"><em>pakkuma kraami, mis hea<\/em><\/span><br \/>\n<span style=\"color: #000000;\"><em>ja kasvanud Eestimaa peal.<\/em><\/span><\/p>\n<p><span style=\"color: #000000;\"><em><strong>ALATES 30. JUUNIST SUVEHOOAJA L\u00d5PUNI <span style=\"color: #ff9900;\">IGAL NELJAP\u00c4EVAL KELL 14 \u2013 19<\/span> \u00a0EESTI V\u00c4IKETOOTJATE V\u00c4RSKETE K\u00d6\u00d6GIVILJADE M\u00dc\u00dcK <span style=\"color: #ff9900;\">MURASTE KONSUMI<\/span> PARKLASSE SISSES\u00d5IDU JUURES. KAUBA KOJUTELLIMINE VASTAVALT SOOVIDELE, K\u00dcSIDA V\u00d5IB K\u00d5IKE.<\/strong><\/em><\/span><br \/>\n<span style=\"color: #000000;\"><em>Alanud on ka\u00a0<strong>saunavihtade<\/strong> tellimine (kask, valmistamisaeg 20.-30. juuni, k\u00e4ttetoimetamine juuli algul, hind 3 \u20ac \/paar).<strong>\u00a0 Info ja tellimine<\/strong><\/em><em>\u00a0 teetju@hot.ee,\u00a0TEET, tel. 51 971185<\/em><\/span><\/p>\n<p><strong>Teadmiseks: <\/strong>Muraste igan\u00e4dalase e-infokirjaga liitumiseks saada sellekohane teade muraste@muraste.ee<\/p>\n<p style=\"text-align: left;\"><strong>Muraste kogukonnakeskus<\/strong><span style=\"color: #ff9900;\"> <span style=\"color: #000000;\">(<\/span><\/span>Lee tee 9, Muraste) avatud E-N 10-18, R 10-16.<br \/>\nT\u00e4psustused ja info: kogukonnakeskus@muraste.ee; 5253128 (Aule Kikas).<\/p>\n","protected":false},"excerpt":{"rendered":"<p>S U V I \u00a02 0 1 6 \u00a0 M U R A S T E S \u00a0 ehk n\u00e4dal\u00a031 Teisip\u00e4ev,\u00a02. august kl 18 inglise keele kursus (kursus komplekteeritud) TULEKUL:\u00a0 Kolmap\u00e4eval, 10. augustil\u00a0kell 19 Muraste k\u00fclaselsti juhatuse koosolek. Teisip\u00e4eval, \u00a016. augustil\u00a0algusega kell 18.30 toimub Muraste tee 3, 5, 7 ja 7a kortermajade koosolek Muraste koolimaja<a class=\"moretag\" href=\"https:\/\/muraste.ee\/vana\/?page_id=2106\"><br \/>&#8230;Loe edasi<\/a><\/p>\n","protected":false},"author":2,"featured_media":0,"parent":0,"menu_order":0,"comment_status":"closed","ping_status":"closed","template":"nadalakava.php","meta":{"_bbp_topic_count":0,"_bbp_reply_count":0,"_bbp_total_topic_count":0,"_bbp_total_reply_count":0,"_bbp_voice_count":0,"_bbp_anonymous_reply_count":0,"_bbp_topic_count_hidden":0,"_bbp_reply_count_hidden":0,"_bbp_forum_subforum_count":0,"_mc_calendar":[]},"_links":{"self":[{"href":"https:\/\/muraste.ee\/vana\/index.php?rest_route=\/wp\/v2\/pages\/2106"}],"collection":[{"href":"https:\/\/muraste.ee\/vana\/index.php?rest_route=\/wp\/v2\/pages"}],"about":[{"href":"https:\/\/muraste.ee\/vana\/index.php?rest_route=\/wp\/v2\/types\/page"}],"author":[{"embeddable":true,"href":"https:\/\/muraste.ee\/vana\/index.php?rest_route=\/wp\/v2\/users\/2"}],"replies":[{"embeddable":true,"href":"https:\/\/muraste.ee\/vana\/index.php?rest_route=%2Fwp%2Fv2%2Fcomments&post=2106"}],"version-history":[{"count":1,"href":"https:\/\/muraste.ee\/vana\/index.php?rest_route=\/wp\/v2\/pages\/2106\/revisions"}],"predecessor-version":[{"id":2108,"href":"https:\/\/muraste.ee\/vana\/index.php?rest_route=\/wp\/v2\/pages\/2106\/revisions\/2108"}],"wp:attachment":[{"href":"https:\/\/muraste.ee\/vana\/index.php?rest_route=%2Fwp%2Fv2%2Fmedia&parent=2106"}],"curies":[{"name":"wp","href":"https:\/\/api.w.org\/{rel}","templated":true}]}}