{"id":2135,"date":"2016-08-15T11:08:06","date_gmt":"2016-08-15T08:08:06","guid":{"rendered":"https:\/\/muraste.ee\/vana\/?page_id=2135"},"modified":"2016-08-15T11:08:06","modified_gmt":"2016-08-15T08:08:06","slug":"nadal-32","status":"publish","type":"page","link":"https:\/\/muraste.ee\/vana\/?page_id=2135","title":{"rendered":"N\u00e4dal 32"},"content":{"rendered":"<h2 style=\"text-align: center;\"><span style=\"color: #0000ff;\"><strong><span style=\"color: #ff6600;\">S U V I \u00a02 0 1 6 \u00a0 M U R A S T E S \u00a0 ehk n\u00e4dal\u00a032<\/span><br \/>\n<\/strong><\/span><\/h2>\n<p style=\"text-align: center;\"><a href=\"https:\/\/muraste.ee\/vana\/wp-content\/uploads\/2016\/03\/13942699_1252042838148005_1240683999_n.jpg\" rel=\"attachment wp-att-2111\"><img decoding=\"async\" loading=\"lazy\" class=\"alignnone size-thumbnail wp-image-2111\" src=\"https:\/\/muraste.ee\/vana\/wp-content\/uploads\/2016\/03\/13942699_1252042838148005_1240683999_n-150x150.jpg\" alt=\"13942699_1252042838148005_1240683999_n\" width=\"150\" height=\"150\" \/><\/a><\/p>\n<p><strong><span style=\"color: #ff6600;\">Kolmap\u00e4ev, 10. august<br \/>\n<\/span><\/strong><span style=\"color: #000000;\">kl 19\u00a0Muraste k\u00fclaseltsi juhatuse koosolek<\/span><\/p>\n<p><span style=\"color: #ff6600;\"><strong>Huviringide juhid, treenerid, juhendajad!<\/strong><\/span> Juba\u00a0praegu on \u00f5ige aeg hakata tegema plaane s\u00fcgiseseks hooajaks Muraste koolimajas\/ kogukonnakeskuses\/ spordihoones. Et ruumide kasutamise ajaplaan saaks v\u00f5imalikult k\u00f5igi soove arvestavalt tehtud, siis oleks kena k\u00f5igist soovidest varakult teada anda. \u00a0Rohkem infot Muraste kogukonnakeskusest.<\/p>\n<p><span style=\"color: #ff6600;\"><strong>TULEKUL:<\/strong><\/span><br \/>\n<span style=\"color: #ff6600;\"><strong>Teisip\u00e4eval, \u00a016. augustil<\/strong>\u00a0<\/span>algusega kell 18.30 toimub <strong>Muraste tee 3, 5, 7 ja 7a kortermajade koosolek<\/strong> Muraste koolimaja aatriumis. Korraldab O\u00dc Strantum.<\/p>\n<p><span style=\"color: #ff6600;\"><strong>Teisip\u00e4evad on Murastes taas tantsup\u00e4evad!<\/strong><\/span><br \/>\nkl 19.45-21.00 AT, alates 23.august <strong>Seltskonnatantsude harjutustund<\/strong> -v\u00f5imalus \u00f5pitut kinnistada ja toredas seltskonnas jalga keerutada. Osalus 5 \u20ac\/in<br \/>\nkl 18.30-19.45 AT,<strong> <span style=\"color: #ff0000;\">UUS!<\/span> <\/strong>6. september \u2013 25. oktoober \u2013 <strong>Seltskonnatantsu J\u00c4TKUkursus<\/strong> II tase. Vt lisatud kuulutust!<br \/>\nkl 18.30-19.45 AT, <strong><span style=\"color: #ff0000;\">UUS! <\/span><\/strong>1. november \u2013 20. detsember \u2013 <strong>Seltskonnatantsu ALGkursus<\/strong>, Vt lisatud kuulutust!<\/p>\n<p><a href=\"https:\/\/muraste.ee\/vana\/wp-content\/uploads\/2016\/03\/revalia_muraste_august2016_2.jpg\" rel=\"attachment wp-att-2116\"><img decoding=\"async\" loading=\"lazy\" class=\"alignnone size-large wp-image-2116\" src=\"https:\/\/muraste.ee\/vana\/wp-content\/uploads\/2016\/03\/revalia_muraste_august2016_2-482x1024.jpg\" alt=\"revalia_muraste_august2016_2\" width=\"482\" height=\"1024\" srcset=\"https:\/\/muraste.ee\/vana\/wp-content\/uploads\/2016\/03\/revalia_muraste_august2016_2-482x1024.jpg 482w, https:\/\/muraste.ee\/vana\/wp-content\/uploads\/2016\/03\/revalia_muraste_august2016_2-141x300.jpg 141w, https:\/\/muraste.ee\/vana\/wp-content\/uploads\/2016\/03\/revalia_muraste_august2016_2-624x1325.jpg 624w, https:\/\/muraste.ee\/vana\/wp-content\/uploads\/2016\/03\/revalia_muraste_august2016_2.jpg 701w\" sizes=\"(max-width: 482px) 100vw, 482px\" \/><\/a><\/p>\n<p><a href=\"https:\/\/muraste.ee\/vana\/wp-content\/uploads\/2016\/03\/revalia_muraste_august2016_1.jpg\" rel=\"attachment wp-att-2117\"><img decoding=\"async\" loading=\"lazy\" class=\"alignnone size-large wp-image-2117\" src=\"https:\/\/muraste.ee\/vana\/wp-content\/uploads\/2016\/03\/revalia_muraste_august2016_1-482x1024.jpg\" alt=\"revalia_muraste_august2016_1\" width=\"482\" height=\"1024\" srcset=\"https:\/\/muraste.ee\/vana\/wp-content\/uploads\/2016\/03\/revalia_muraste_august2016_1-482x1024.jpg 482w, https:\/\/muraste.ee\/vana\/wp-content\/uploads\/2016\/03\/revalia_muraste_august2016_1-141x300.jpg 141w, https:\/\/muraste.ee\/vana\/wp-content\/uploads\/2016\/03\/revalia_muraste_august2016_1-624x1325.jpg 624w, https:\/\/muraste.ee\/vana\/wp-content\/uploads\/2016\/03\/revalia_muraste_august2016_1.jpg 701w\" sizes=\"(max-width: 482px) 100vw, 482px\" \/><\/a><\/p>\n<p><span style=\"color: #ff6600;\"><strong>Hangime talveks k\u00fcttepuid!<\/strong><\/span> <a href=\"https:\/\/muraste.ee\/vana\/wp-content\/uploads\/2016\/03\/13898261_1246754078676881_126440959_o.jpg\" rel=\"attachment wp-att-2096\"><img decoding=\"async\" loading=\"lazy\" class=\"size-thumbnail wp-image-2096 alignright\" src=\"https:\/\/muraste.ee\/vana\/wp-content\/uploads\/2016\/03\/13898261_1246754078676881_126440959_o-150x150.jpg\" alt=\"13898261_1246754078676881_126440959_o\" width=\"150\" height=\"150\" \/><\/a>Nagu m\u00f6\u00f6dunud aastal korstnap\u00fchkija teenusega, oleme sel aastal kavandamas k\u00fcttepuude soetamise hanget. Oleme v\u00f5tnud hinnapakkumisi ning rm hind s\u00f5ltub paljuski toodavast kogusest \/ transpordist. \u00a0Ettepanek: huvilised, saatke <strong>kiri<\/strong> pealkirjaga <strong>&#8220;K\u00fcttepuud&#8221;<\/strong> 15. augustiks kogukonnakeskus@muraste.ee ja m\u00e4rkige, millisest k\u00fcttepuust olete huvitatud (pikkus, liik). Samuti kirjutage, kas soovite puid alusel v\u00f5i lahtiselt. Kogume soovijate andmed kokku ja siis teeme koguse ja hinna kohta uue p\u00e4ringu. P\u00e4rast seda v\u00f5tame k\u00f5igi soovijatega uuesti \u00fchendust, et kinnitada tellimus. Hoiame teid meie kodulehe <a href=\"https:\/\/muraste.ee\/vana\/?page_id=945\" target=\"_blank\">N\u00e4dalainfo<\/a> vahendusel asjaga kursis.<\/p>\n<p><span style=\"color: #ff6600;\"><strong>Pisikestele spordis\u00f5pradele!\u00a0<\/strong>J<\/span>K Tabasalu korraldab\u00a04 \u2013 7 aastastele poistele ja t\u00fcdrukutele mudilaste p\u00e4evalaagri <strong>&#8220;Suvel m\u00f6llame!&#8221;<\/strong>. Laagris \u00f5pitakse jalgpalli nautima ja tehakse muid lahedaid tegevusi. P\u00e4evad on lastel t\u00e4is tegevusi ja emadel isadel muretu elu. Laager toimub\u00a0Tabasalu kunstmurustaadionil, 11. -12. augustil, m\u00f5lemal p\u00e4eval kl 12-17.\u00a0Ei oma t\u00e4htsust, kas laps juba k\u00e4ib jalgpallitrennis v\u00f5i tahab esmatutvust teha. Oodatud on nii jalgpalliklubi Tabasalu lapsed kui ka teistes trennides k\u00e4ivad lapsed.\u00a0Lapsed saavad m\u00e4nguliste treenerite k\u00e4e all proovida erinevaid jalgpalliharjutusi ja m\u00e4ngida muid sportlikke m\u00e4nge. Energiapauside ajal r\u00e4\u00e4givad treenerid tervislikust ja kasulikust toitumisest.\u00a0Linnalaager on m\u00f5nus koht kus teha otsuseid liitumaks kooliaasta alguses jalgpallitreeningutega.\u00a0Kahep\u00e4evase linnalaagri maksumus on 25.- eurot lapse kohta. Loe rohkem infot<a href=\"http:\/\/JK Tabasalu korraldab mudilaste p\u00e4evalaagri \u2013 Suvel m\u00f6llame. \u00d5pime jalgpalli nautima ja teeme muid lahedaid tegevusi. P\u00e4ev t\u00e4is tegevusi ja emadel isadel muretu elu. Kuup\u00e4evad: 11-12 august Aeg m\u00f5lemal p\u00e4eval: 12-17 Koht: Tabasalu kunstmurustaadion Mudilaste jalgpallilaagrisse ootame 4 \u2013 7 aastaseid poisse ja t\u00fcdrukuid. Ei oma t\u00e4htsust, kas laps juba k\u00e4ib jalgpallitrennis v\u00f5i tahab esmatutvust teha. Oodatud on nii jalgpalliklubi Tabasalu lapsed kui ka teistes trennides k\u00e4ivad lapsed. Lapsed saavad m\u00e4nguliste treenerite k\u00e4e all proovida erinevaid jalgpalliharjutusi ja m\u00e4ngida muid sportlikke m\u00e4nge. Energiapauside ajal r\u00e4\u00e4givad treenerid tervislikust ja kasulikust toitumisest. Linnalaager on m\u00f5nus koht kus teha otsuseid liitumaks kooliaasta alguses jalgpallitreeningutega. Kahep\u00e4evase linnalaagri maksumus on 25.- eurot lapse kohta.\" target=\"_blank\"> JK Tabasalu kodulehelt<\/a>.<\/p>\n<p><span style=\"color: #808000;\"><strong><br \/>\n<\/strong><span style=\"color: #ff6600;\"><strong>H\u00f5iked!<\/strong><\/span><strong><br \/>\n<\/strong><\/span><\/p>\n<p><strong><a href=\"https:\/\/muraste.ee\/vana\/wp-content\/uploads\/2016\/03\/mate.png\" rel=\"attachment wp-att-2101\"><img decoding=\"async\" loading=\"lazy\" class=\"size-thumbnail wp-image-2101 alignright\" src=\"https:\/\/muraste.ee\/vana\/wp-content\/uploads\/2016\/03\/mate-150x150.png\" alt=\"mate\" width=\"150\" height=\"150\" \/><\/a><\/strong><\/p>\n<p><strong><span style=\"color: #800000;\">Matemaatikahuviline noormees (7 klass) otsib Muraste-Suurupi kandist \u00f5petajat, kellega t\u00e4iendavalt numbrimaailma saladusi avastada. Rohkem infot muraste@muraste.ee.<\/span><\/strong><\/p>\n<p><strong>TELLI V\u00c4RSKE KAUP KOJU!<\/strong><span style=\"color: #000000;\"><strong><a style=\"color: #000000;\" href=\"https:\/\/muraste.ee\/vana\/wp-content\/uploads\/2016\/03\/original.jpg\" rel=\"attachment wp-att-1993\"><img decoding=\"async\" loading=\"lazy\" class=\"size-medium wp-image-1993 alignright\" src=\"https:\/\/muraste.ee\/vana\/wp-content\/uploads\/2016\/03\/original-300x189.jpg\" alt=\"original\" width=\"300\" height=\"189\" srcset=\"https:\/\/muraste.ee\/vana\/wp-content\/uploads\/2016\/03\/original-300x189.jpg 300w, https:\/\/muraste.ee\/vana\/wp-content\/uploads\/2016\/03\/original-624x393.jpg 624w, https:\/\/muraste.ee\/vana\/wp-content\/uploads\/2016\/03\/original.jpg 683w\" sizes=\"(max-width: 300px) 100vw, 300px\" \/><\/a><\/strong><\/span><\/p>\n<p><span style=\"color: #000000;\"><em>Tahaks tulla vahvale<\/em><\/span><br \/>\n<span style=\"color: #000000;\"><em>Muraste kandi rahvale<\/em><\/span><br \/>\n<span style=\"color: #000000;\"><em>pakkuma kraami, mis hea<\/em><\/span><br \/>\n<span style=\"color: #000000;\"><em>ja kasvanud Eestimaa peal.<\/em><\/span><\/p>\n<p><span style=\"color: #000000;\"><em><strong>ALATES 30. JUUNIST SUVEHOOAJA L\u00d5PUNI <span style=\"color: #ff9900;\">IGAL NELJAP\u00c4EVAL KELL 14 \u2013 19<\/span> \u00a0EESTI V\u00c4IKETOOTJATE V\u00c4RSKETE K\u00d6\u00d6GIVILJADE M\u00dc\u00dcK <span style=\"color: #ff9900;\">MURASTE KONSUMI<\/span> PARKLASSE SISSES\u00d5IDU JUURES. KAUBA KOJUTELLIMINE VASTAVALT SOOVIDELE, K\u00dcSIDA V\u00d5IB K\u00d5IKE.<\/strong><\/em><\/span><br \/>\n<span style=\"color: #000000;\"><em>Alanud on ka\u00a0<strong>saunavihtade<\/strong> tellimine (kask, valmistamisaeg 20.-30. juuni, k\u00e4ttetoimetamine juuli algul, hind 3 \u20ac \/paar).<strong>\u00a0 Info ja tellimine<\/strong><\/em><em>\u00a0 teetju@hot.ee,\u00a0TEET, tel. 51 971185<\/em><\/span><\/p>\n<p><strong>Teadmiseks: <\/strong>Muraste igan\u00e4dalase e-infokirjaga liitumiseks saada sellekohane teade muraste@muraste.ee<\/p>\n<p style=\"text-align: left;\"><strong>Muraste kogukonnakeskus<\/strong><span style=\"color: #ff9900;\"> <span style=\"color: #000000;\">(<\/span><\/span>Lee tee 9, Muraste) avatud E-N 10-18, R 10-16.<br \/>\nT\u00e4psustused ja info: kogukonnakeskus@muraste.ee; 5253128 (Aule Kikas).<\/p>\n","protected":false},"excerpt":{"rendered":"<p>S U V I \u00a02 0 1 6 \u00a0 M U R A S T E S \u00a0 ehk n\u00e4dal\u00a032 Kolmap\u00e4ev, 10. august kl 19\u00a0Muraste k\u00fclaseltsi juhatuse koosolek Huviringide juhid, treenerid, juhendajad! Juba\u00a0praegu on \u00f5ige aeg hakata tegema plaane s\u00fcgiseseks hooajaks Muraste koolimajas\/ kogukonnakeskuses\/ spordihoones. Et ruumide kasutamise ajaplaan saaks v\u00f5imalikult k\u00f5igi soove arvestavalt tehtud,<a class=\"moretag\" href=\"https:\/\/muraste.ee\/vana\/?page_id=2135\"><br \/>&#8230;Loe edasi<\/a><\/p>\n","protected":false},"author":2,"featured_media":0,"parent":0,"menu_order":0,"comment_status":"closed","ping_status":"closed","template":"","meta":{"_bbp_topic_count":0,"_bbp_reply_count":0,"_bbp_total_topic_count":0,"_bbp_total_reply_count":0,"_bbp_voice_count":0,"_bbp_anonymous_reply_count":0,"_bbp_topic_count_hidden":0,"_bbp_reply_count_hidden":0,"_bbp_forum_subforum_count":0,"_mc_calendar":[]},"_links":{"self":[{"href":"https:\/\/muraste.ee\/vana\/index.php?rest_route=\/wp\/v2\/pages\/2135"}],"collection":[{"href":"https:\/\/muraste.ee\/vana\/index.php?rest_route=\/wp\/v2\/pages"}],"about":[{"href":"https:\/\/muraste.ee\/vana\/index.php?rest_route=\/wp\/v2\/types\/page"}],"author":[{"embeddable":true,"href":"https:\/\/muraste.ee\/vana\/index.php?rest_route=\/wp\/v2\/users\/2"}],"replies":[{"embeddable":true,"href":"https:\/\/muraste.ee\/vana\/index.php?rest_route=%2Fwp%2Fv2%2Fcomments&post=2135"}],"version-history":[{"count":1,"href":"https:\/\/muraste.ee\/vana\/index.php?rest_route=\/wp\/v2\/pages\/2135\/revisions"}],"predecessor-version":[{"id":2137,"href":"https:\/\/muraste.ee\/vana\/index.php?rest_route=\/wp\/v2\/pages\/2135\/revisions\/2137"}],"wp:attachment":[{"href":"https:\/\/muraste.ee\/vana\/index.php?rest_route=%2Fwp%2Fv2%2Fmedia&parent=2135"}],"curies":[{"name":"wp","href":"https:\/\/api.w.org\/{rel}","templated":true}]}}